{"id":94734,"date":"2017-11-07T02:30:13","date_gmt":"2017-11-07T01:30:13","guid":{"rendered":"https:\/\/shop.bjerring-sales.dk\/sv\/produkt\/trappa-scen-2\/"},"modified":"2026-04-10T17:42:54","modified_gmt":"2026-04-10T15:42:54","slug":"trappa-scen","status":"publish","type":"product","link":"https:\/\/shop.bjerring-sales.dk\/da\/vare\/trappa-scen\/","title":{"rendered":"Trappe til scene"},"content":{"rendered":"<p>Trappe til sammenklappelig scene med skridsikker m\u00e5tte. Perfekt til at g\u00f8re det nemmere at komme p\u00e5 scenen. Flytbar for at kunne tilpasse den bedst egnede placering i rummet.<\/p>\n<ul>\n<li>Gr\u00e5 filt t\u00e6ppe<\/li>\n<li>F\u00e5s i to varianter til sceneh\u00f8jder p\u00e5 41 cm og 61 cm<\/li>\n<li>Stel i hammerlakeret st\u00e5l<\/li>\n<li>Kan ogs\u00e5 specialbestilles i andre st\u00f8rrelser<\/li>\n<\/ul>","protected":false},"excerpt":{"rendered":"<p>Trappe til sammenklappelig scene med skridsikker m\u00e5tte. Perfekt til at g\u00f8re det nemmere at komme p\u00e5 scenen. Flytbar for at kunne tilpasse den bedst egnede placering i rummet.<\/p>","protected":false},"featured_media":100207,"template":"","meta":{"iawp_total_views":7},"product_brand":[],"product_cat":[5937],"product_tag":[6228,6229],"class_list":{"0":"post-94734","1":"product","2":"type-product","3":"status-publish","4":"has-post-thumbnail","6":"product_cat-fallbara-scener","7":"product_tag-trappa-till-scen","8":"product_tag-flyttbar-trappa","10":"first","11":"instock","12":"taxable","13":"shipping-taxable","14":"purchasable","15":"product-type-simple"},"yoast_head":"<!-- This site is optimized with the Yoast SEO plugin v27.0 - https:\/\/yoast.com\/product\/yoast-seo-wordpress\/ -->\n<title>Trappa till scen - Bjerring-Sales<\/title>\n<meta name=\"description\" content=\"Trappa till f\u00e4llbar scen med halkfri matta. Perfekt f\u00f6r att g\u00f6ra det l\u00e4ttare att kliva upp p\u00e5 scenen. Flyttbar f\u00f6r att kunna anpassa l\u00e4mpligaste placeringen i lokalen.\" \/>\n<meta name=\"robots\" content=\"index, follow, max-snippet:-1, max-image-preview:large, max-video-preview:-1\" \/>\n<link rel=\"canonical\" href=\"https:\/\/shop.bjerring-sales.dk\/da\/product\/trappa-scen\/\" \/>\n<meta property=\"og:locale\" content=\"da_DK\" \/>\n<meta property=\"og:type\" content=\"article\" \/>\n<meta property=\"og:title\" content=\"Trappa till scen - Bjerring-Sales\" \/>\n<meta property=\"og:description\" content=\"Trappa till f\u00e4llbar scen med halkfri matta. Perfekt f\u00f6r att g\u00f6ra det l\u00e4ttare att kliva upp p\u00e5 scenen. Flyttbar f\u00f6r att kunna anpassa l\u00e4mpligaste placeringen i lokalen.\" \/>\n<meta property=\"og:url\" content=\"https:\/\/shop.bjerring-sales.dk\/da\/product\/trappa-scen\/\" \/>\n<meta property=\"og:site_name\" content=\"Bjerring-Sales\" \/>\n<meta property=\"article:modified_time\" content=\"2026-04-10T15:42:54+00:00\" \/>\n<meta property=\"og:image\" content=\"https:\/\/shop.bjerring-sales.dk\/wp-content\/uploads\/2024\/10\/webb-trappascen.jpg\" \/>\n\t<meta property=\"og:image:width\" content=\"800\" \/>\n\t<meta property=\"og:image:height\" content=\"800\" \/>\n\t<meta property=\"og:image:type\" content=\"image\/jpeg\" \/>\n<meta name=\"twitter:card\" content=\"summary_large_image\" \/>\n<meta name=\"twitter:label1\" content=\"Estimeret l\u00e6setid\" \/>\n\t<meta name=\"twitter:data1\" content=\"1 minut\" \/>\n<script type=\"application\/ld+json\" class=\"yoast-schema-graph\">{\"@context\":\"https:\/\/schema.org\",\"@graph\":[{\"@type\":\"WebPage\",\"@id\":\"https:\/\/shop.bjerring-sales.dk\/product\/trappa-scen\/\",\"url\":\"https:\/\/shop.bjerring-sales.dk\/product\/trappa-scen\/\",\"name\":\"Trappa till scen - Bjerring-Sales\",\"isPartOf\":{\"@id\":\"https:\/\/shop.bjerring-sales.dk\/#website\"},\"primaryImageOfPage\":{\"@id\":\"https:\/\/shop.bjerring-sales.dk\/product\/trappa-scen\/#primaryimage\"},\"image\":{\"@id\":\"https:\/\/shop.bjerring-sales.dk\/product\/trappa-scen\/#primaryimage\"},\"thumbnailUrl\":\"https:\/\/shop.bjerring-sales.dk\/wp-content\/uploads\/2024\/10\/webb-trappascen.jpg\",\"datePublished\":\"2017-11-07T01:30:13+00:00\",\"dateModified\":\"2026-04-10T15:42:54+00:00\",\"description\":\"Trappa till f\u00e4llbar scen med halkfri matta. Perfekt f\u00f6r att g\u00f6ra det l\u00e4ttare att kliva upp p\u00e5 scenen. Flyttbar f\u00f6r att kunna anpassa l\u00e4mpligaste placeringen i lokalen.\",\"breadcrumb\":{\"@id\":\"https:\/\/shop.bjerring-sales.dk\/product\/trappa-scen\/#breadcrumb\"},\"inLanguage\":\"da-DK\",\"potentialAction\":[{\"@type\":\"ReadAction\",\"target\":[\"https:\/\/shop.bjerring-sales.dk\/product\/trappa-scen\/\"]}]},{\"@type\":\"ImageObject\",\"inLanguage\":\"da-DK\",\"@id\":\"https:\/\/shop.bjerring-sales.dk\/product\/trappa-scen\/#primaryimage\",\"url\":\"https:\/\/shop.bjerring-sales.dk\/wp-content\/uploads\/2024\/10\/webb-trappascen.jpg\",\"contentUrl\":\"https:\/\/shop.bjerring-sales.dk\/wp-content\/uploads\/2024\/10\/webb-trappascen.jpg\",\"width\":800,\"height\":800},{\"@type\":\"BreadcrumbList\",\"@id\":\"https:\/\/shop.bjerring-sales.dk\/product\/trappa-scen\/#breadcrumb\",\"itemListElement\":[{\"@type\":\"ListItem\",\"position\":1,\"name\":\"Hem\",\"item\":\"https:\/\/shop.bjerring-sales.dk\/\"},{\"@type\":\"ListItem\",\"position\":2,\"name\":\"Webbutik\",\"item\":\"https:\/\/shop.bjerring-sales.dk\/butik\/\"},{\"@type\":\"ListItem\",\"position\":3,\"name\":\"Trappa till scen\"}]},{\"@type\":\"WebSite\",\"@id\":\"https:\/\/shop.bjerring-sales.dk\/#website\",\"url\":\"https:\/\/shop.bjerring-sales.dk\/\",\"name\":\"Bjerring-Sales\",\"description\":\"M\u00f6bler f\u00f6r teatrar, skolor, kontor och k\u00f6pcentrum\",\"publisher\":{\"@id\":\"https:\/\/shop.bjerring-sales.dk\/#organization\"},\"potentialAction\":[{\"@type\":\"SearchAction\",\"target\":{\"@type\":\"EntryPoint\",\"urlTemplate\":\"https:\/\/shop.bjerring-sales.dk\/?s={search_term_string}\"},\"query-input\":{\"@type\":\"PropertyValueSpecification\",\"valueRequired\":true,\"valueName\":\"search_term_string\"}}],\"inLanguage\":\"da-DK\"},{\"@type\":\"Organization\",\"@id\":\"https:\/\/shop.bjerring-sales.dk\/#organization\",\"name\":\"Bjerring-Sales\",\"url\":\"https:\/\/shop.bjerring-sales.dk\/\",\"logo\":{\"@type\":\"ImageObject\",\"inLanguage\":\"da-DK\",\"@id\":\"https:\/\/shop.bjerring-sales.dk\/#\/schema\/logo\/image\/\",\"url\":\"https:\/\/shop.bjerring-sales.dk\/wp-content\/uploads\/2023\/01\/logo_sv.png\",\"contentUrl\":\"https:\/\/shop.bjerring-sales.dk\/wp-content\/uploads\/2023\/01\/logo_sv.png\",\"width\":195,\"height\":68,\"caption\":\"Bjerring-Sales\"},\"image\":{\"@id\":\"https:\/\/shop.bjerring-sales.dk\/#\/schema\/logo\/image\/\"}}]}<\/script>\n<!-- \/ Yoast SEO plugin. -->","yoast_head_json":{"title":"Trappa till scen - Bjerring-Sales","description":"Trappe til sammenklappelig scene med skridsikker m\u00e5tte. Perfekt til at g\u00f8re det nemmere at komme p\u00e5 scenen. Flytbar for at kunne tilpasse den bedst egnede placering i rummet.","robots":{"index":"index","follow":"follow","max-snippet":"max-snippet:-1","max-image-preview":"max-image-preview:large","max-video-preview":"max-video-preview:-1"},"canonical":"https:\/\/shop.bjerring-sales.dk\/da\/product\/trappa-scen\/","og_locale":"da_DK","og_type":"article","og_title":"Trappa till scen - Bjerring-Sales","og_description":"Trappa till f\u00e4llbar scen med halkfri matta. Perfekt f\u00f6r att g\u00f6ra det l\u00e4ttare att kliva upp p\u00e5 scenen. Flyttbar f\u00f6r att kunna anpassa l\u00e4mpligaste placeringen i lokalen.","og_url":"https:\/\/shop.bjerring-sales.dk\/da\/product\/trappa-scen\/","og_site_name":"Bjerring-Sales","article_modified_time":"2026-04-10T15:42:54+00:00","og_image":[{"width":800,"height":800,"url":"https:\/\/shop.bjerring-sales.dk\/wp-content\/uploads\/2024\/10\/webb-trappascen.jpg","type":"image\/jpeg"}],"twitter_card":"summary_large_image","twitter_misc":{"Estimeret l\u00e6setid":"1 minut"},"schema":{"@context":"https:\/\/schema.org","@graph":[{"@type":"WebPage","@id":"https:\/\/shop.bjerring-sales.dk\/product\/trappa-scen\/","url":"https:\/\/shop.bjerring-sales.dk\/product\/trappa-scen\/","name":"Trappa till scen - Bjerring-Sales","isPartOf":{"@id":"https:\/\/shop.bjerring-sales.dk\/#website"},"primaryImageOfPage":{"@id":"https:\/\/shop.bjerring-sales.dk\/product\/trappa-scen\/#primaryimage"},"image":{"@id":"https:\/\/shop.bjerring-sales.dk\/product\/trappa-scen\/#primaryimage"},"thumbnailUrl":"https:\/\/shop.bjerring-sales.dk\/wp-content\/uploads\/2024\/10\/webb-trappascen.jpg","datePublished":"2017-11-07T01:30:13+00:00","dateModified":"2026-04-10T15:42:54+00:00","description":"Trappe til sammenklappelig scene med skridsikker m\u00e5tte. Perfekt til at g\u00f8re det nemmere at komme p\u00e5 scenen. Flytbar for at kunne tilpasse den bedst egnede placering i rummet.","breadcrumb":{"@id":"https:\/\/shop.bjerring-sales.dk\/product\/trappa-scen\/#breadcrumb"},"inLanguage":"da-DK","potentialAction":[{"@type":"ReadAction","target":["https:\/\/shop.bjerring-sales.dk\/product\/trappa-scen\/"]}]},{"@type":"ImageObject","inLanguage":"da-DK","@id":"https:\/\/shop.bjerring-sales.dk\/product\/trappa-scen\/#primaryimage","url":"https:\/\/shop.bjerring-sales.dk\/wp-content\/uploads\/2024\/10\/webb-trappascen.jpg","contentUrl":"https:\/\/shop.bjerring-sales.dk\/wp-content\/uploads\/2024\/10\/webb-trappascen.jpg","width":800,"height":800},{"@type":"BreadcrumbList","@id":"https:\/\/shop.bjerring-sales.dk\/product\/trappa-scen\/#breadcrumb","itemListElement":[{"@type":"ListItem","position":1,"name":"Hem","item":"https:\/\/shop.bjerring-sales.dk\/"},{"@type":"ListItem","position":2,"name":"Webbutik","item":"https:\/\/shop.bjerring-sales.dk\/butik\/"},{"@type":"ListItem","position":3,"name":"Trappa till scen"}]},{"@type":"WebSite","@id":"https:\/\/shop.bjerring-sales.dk\/#website","url":"https:\/\/shop.bjerring-sales.dk\/","name":"Bjerring-Salg","description":"M\u00f8bler til teatre, skoler, kontorer og indk\u00f8bscentre","publisher":{"@id":"https:\/\/shop.bjerring-sales.dk\/#organization"},"potentialAction":[{"@type":"SearchAction","target":{"@type":"EntryPoint","urlTemplate":"https:\/\/shop.bjerring-sales.dk\/?s={search_term_string}"},"query-input":{"@type":"PropertyValueSpecification","valueRequired":true,"valueName":"search_term_string"}}],"inLanguage":"da-DK"},{"@type":"Organization","@id":"https:\/\/shop.bjerring-sales.dk\/#organization","name":"Bjerring-Salg","url":"https:\/\/shop.bjerring-sales.dk\/","logo":{"@type":"ImageObject","inLanguage":"da-DK","@id":"https:\/\/shop.bjerring-sales.dk\/#\/schema\/logo\/image\/","url":"https:\/\/shop.bjerring-sales.dk\/wp-content\/uploads\/2023\/01\/logo_sv.png","contentUrl":"https:\/\/shop.bjerring-sales.dk\/wp-content\/uploads\/2023\/01\/logo_sv.png","width":195,"height":68,"caption":"Bjerring-Sales"},"image":{"@id":"https:\/\/shop.bjerring-sales.dk\/#\/schema\/logo\/image\/"}}]}},"_links":{"self":[{"href":"https:\/\/shop.bjerring-sales.dk\/da\/wp-json\/wp\/v2\/product\/94734","targetHints":{"allow":["GET"]}}],"collection":[{"href":"https:\/\/shop.bjerring-sales.dk\/da\/wp-json\/wp\/v2\/product"}],"about":[{"href":"https:\/\/shop.bjerring-sales.dk\/da\/wp-json\/wp\/v2\/types\/product"}],"wp:featuredmedia":[{"embeddable":true,"href":"https:\/\/shop.bjerring-sales.dk\/da\/wp-json\/wp\/v2\/media\/100207"}],"wp:attachment":[{"href":"https:\/\/shop.bjerring-sales.dk\/da\/wp-json\/wp\/v2\/media?parent=94734"}],"wp:term":[{"taxonomy":"product_brand","embeddable":true,"href":"https:\/\/shop.bjerring-sales.dk\/da\/wp-json\/wp\/v2\/product_brand?post=94734"},{"taxonomy":"product_cat","embeddable":true,"href":"https:\/\/shop.bjerring-sales.dk\/da\/wp-json\/wp\/v2\/product_cat?post=94734"},{"taxonomy":"product_tag","embeddable":true,"href":"https:\/\/shop.bjerring-sales.dk\/da\/wp-json\/wp\/v2\/product_tag?post=94734"}],"curies":[{"name":"wp","href":"https:\/\/api.w.org\/{rel}","templated":true}]}}