{"id":93760,"date":"2023-10-26T09:25:25","date_gmt":"2023-10-26T07:25:25","guid":{"rendered":"https:\/\/shop.bjerring-sales.dk\/sv\/produkt\/studio-bord-90-cm-skiva\/"},"modified":"2026-04-16T15:51:27","modified_gmt":"2026-04-16T13:51:27","slug":"studio-bord-90-cm-skiva","status":"publish","type":"product","link":"https:\/\/shop.bjerring-sales.dk\/da\/vare\/studio-bord-90-cm-skiva\/","title":{"rendered":"Studio bord med \u00d890 cm plade"},"content":{"rendered":"<div class=\"wpb-content-wrapper\"><div class=\"vc_row wpb_row vc_row-fluid\"><div class=\"wpb_column vc_column_container vc_col-sm-12\"><div class=\"vc_column-inner\"><div class=\"wpb_wrapper\">\n\t<div class=\"wpb_text_column wpb_content_element\" >\n\t\t<div class=\"wpb_wrapper\">\n\t\t\t<p><span style=\"font-size: 24pt\">Studio bord med rund bordplade \u00d890 cm - F\u00e5s i 4 h\u00f8jder i 72 varianter<br \/>\n<\/span><\/p>\n<p>Studie bordet med en rund \u00d890 cm bordplade f\u00e5s med en r\u00e6kke muligheder. Studie bordet f\u00e5s i forskellige h\u00f8jder og med forskellige farvevalg. Stellet er lavet af h\u00f8jkvalitets pulverlakeret st\u00e5l, som garanterer holdbarhed og en stilfuld \u00e6stetik. For at im\u00f8dekomme dine behov for stabilitet har vi udstyret stellet med justerbare f\u00f8dder. Studie bordene kan ogs\u00e5 udvides med mulighed for at skabe fx konferenceborde, spiseborde og m\u00f8deborde.<\/p>\n\n\t\t<\/div>\n\t<\/div>\n<\/div><\/div><\/div><\/div><div class=\"vc_row wpb_row vc_row-fluid\"><div class=\"wpb_column vc_column_container vc_col-sm-4\"><div class=\"vc_column-inner\"><div class=\"wpb_wrapper\">\n\t<div  class=\"wpb_single_image wpb_content_element vc_align_center\">\n\t\t\n\t\t<figure class=\"wpb_wrapper vc_figure\">\n\t\t\t<div class=\"vc_single_image-wrapper vc_box_shadow_border  vc_box_border_grey\"><img loading=\"lazy\" decoding=\"async\" width=\"800\" height=\"550\" src=\"https:\/\/shop.bjerring-sales.dk\/wp-content\/uploads\/2023\/10\/x6.jpg.pagespeed.ic_.TKws6aaZn1.webp\" class=\"vc_single_image-img attachment-full\" alt=\"\" title=\"x6.jpg.pagespeed.ic.TKws6aaZn1\" srcset=\"https:\/\/shop.bjerring-sales.dk\/wp-content\/uploads\/2023\/10\/x6.jpg.pagespeed.ic_.TKws6aaZn1.webp 800w, https:\/\/shop.bjerring-sales.dk\/wp-content\/uploads\/2023\/10\/x6.jpg.pagespeed.ic_.TKws6aaZn1-150x103.webp 150w, https:\/\/shop.bjerring-sales.dk\/wp-content\/uploads\/2023\/10\/x6.jpg.pagespeed.ic_.TKws6aaZn1-600x413.webp 600w, https:\/\/shop.bjerring-sales.dk\/wp-content\/uploads\/2023\/10\/x6.jpg.pagespeed.ic_.TKws6aaZn1-300x206.webp 300w, https:\/\/shop.bjerring-sales.dk\/wp-content\/uploads\/2023\/10\/x6.jpg.pagespeed.ic_.TKws6aaZn1-768x528.webp 768w, https:\/\/shop.bjerring-sales.dk\/wp-content\/uploads\/2023\/10\/x6.jpg.pagespeed.ic_.TKws6aaZn1-18x12.webp 18w\" sizes=\"auto, (max-width: 800px) 100vw, 800px\" \/><\/div>\n\t\t<\/figure>\n\t<\/div>\n<\/div><\/div><\/div><div class=\"wpb_column vc_column_container vc_col-sm-4\"><div class=\"vc_column-inner\"><div class=\"wpb_wrapper\">\n\t<div  class=\"wpb_single_image wpb_content_element vc_align_center\">\n\t\t\n\t\t<figure class=\"wpb_wrapper vc_figure\">\n\t\t\t<div class=\"vc_single_image-wrapper vc_box_shadow_border  vc_box_border_grey\"><img loading=\"lazy\" decoding=\"async\" width=\"800\" height=\"550\" src=\"https:\/\/shop.bjerring-sales.dk\/wp-content\/uploads\/2023\/10\/x5.jpg.pagespeed.ic_.w_EKXarT02.webp\" class=\"vc_single_image-img attachment-full\" alt=\"\" title=\"x5.jpg.pagespeed.ic.w_EKXarT02\" srcset=\"https:\/\/shop.bjerring-sales.dk\/wp-content\/uploads\/2023\/10\/x5.jpg.pagespeed.ic_.w_EKXarT02.webp 800w, https:\/\/shop.bjerring-sales.dk\/wp-content\/uploads\/2023\/10\/x5.jpg.pagespeed.ic_.w_EKXarT02-150x103.webp 150w, https:\/\/shop.bjerring-sales.dk\/wp-content\/uploads\/2023\/10\/x5.jpg.pagespeed.ic_.w_EKXarT02-600x413.webp 600w, https:\/\/shop.bjerring-sales.dk\/wp-content\/uploads\/2023\/10\/x5.jpg.pagespeed.ic_.w_EKXarT02-300x206.webp 300w, https:\/\/shop.bjerring-sales.dk\/wp-content\/uploads\/2023\/10\/x5.jpg.pagespeed.ic_.w_EKXarT02-768x528.webp 768w, https:\/\/shop.bjerring-sales.dk\/wp-content\/uploads\/2023\/10\/x5.jpg.pagespeed.ic_.w_EKXarT02-18x12.webp 18w\" sizes=\"auto, (max-width: 800px) 100vw, 800px\" \/><\/div>\n\t\t<\/figure>\n\t<\/div>\n<\/div><\/div><\/div><div class=\"wpb_column vc_column_container vc_col-sm-4\"><div class=\"vc_column-inner\"><div class=\"wpb_wrapper\">\n\t<div  class=\"wpb_single_image wpb_content_element vc_align_center\">\n\t\t\n\t\t<figure class=\"wpb_wrapper vc_figure\">\n\t\t\t<div class=\"vc_single_image-wrapper vc_box_shadow_border  vc_box_border_grey\"><img loading=\"lazy\" decoding=\"async\" width=\"800\" height=\"550\" src=\"https:\/\/shop.bjerring-sales.dk\/wp-content\/uploads\/2023\/10\/x3.jpg.pagespeed.ic_.X0DrNLOBtI.webp\" class=\"vc_single_image-img attachment-full\" alt=\"\" title=\"x3.jpg.pagespeed.ic.X0DrNLOBtI\" srcset=\"https:\/\/shop.bjerring-sales.dk\/wp-content\/uploads\/2023\/10\/x3.jpg.pagespeed.ic_.X0DrNLOBtI.webp 800w, https:\/\/shop.bjerring-sales.dk\/wp-content\/uploads\/2023\/10\/x3.jpg.pagespeed.ic_.X0DrNLOBtI-150x103.webp 150w, https:\/\/shop.bjerring-sales.dk\/wp-content\/uploads\/2023\/10\/x3.jpg.pagespeed.ic_.X0DrNLOBtI-600x413.webp 600w, https:\/\/shop.bjerring-sales.dk\/wp-content\/uploads\/2023\/10\/x3.jpg.pagespeed.ic_.X0DrNLOBtI-300x206.webp 300w, https:\/\/shop.bjerring-sales.dk\/wp-content\/uploads\/2023\/10\/x3.jpg.pagespeed.ic_.X0DrNLOBtI-768x528.webp 768w, https:\/\/shop.bjerring-sales.dk\/wp-content\/uploads\/2023\/10\/x3.jpg.pagespeed.ic_.X0DrNLOBtI-18x12.webp 18w\" sizes=\"auto, (max-width: 800px) 100vw, 800px\" \/><\/div>\n\t\t<\/figure>\n\t<\/div>\n<\/div><\/div><\/div><\/div><div class=\"vc_row wpb_row vc_row-fluid\"><div class=\"wpb_column vc_column_container vc_col-sm-6\"><div class=\"vc_column-inner\"><div class=\"wpb_wrapper\">\n\t<div class=\"wpb_text_column wpb_content_element\" >\n\t\t<div class=\"wpb_wrapper\">\n\t\t\t<p><span style=\"font-size: 24pt\"><span style=\"font-size: 18pt\">Anvendelsesomr\u00e5de<br \/>\n<\/span><\/span>Uanset om du indretter et konference lokale, et kaffehj\u00f8rne eller en spiseplads, er Studio-serien den perfekte l\u00f8sning til at skabe et funktionelt og \u00e6stetisk tiltalende milj\u00f8. Udforsk vores forskellige muligheder og lav det bord, der passer til dine behov og stilpr\u00e6ferencer. Da Studio bordene f\u00e5s i 4 forskellige h\u00f8jder, passer de fra cafebords h\u00f8jde op til st\u00e5bords h\u00f8jde.<\/p>\n<p><span style=\"font-size: 18pt\">Farver<\/span><\/p>\n<ul>\n<li>S\u00f8jlestellet er lagerf\u00f8rt i sort, s\u00f8lvgr\u00e5 og poleret rustfrit st\u00e5l<\/li>\n<li>Bordpladerne er lagerf\u00f8rt i hvid, gr\u00e5 og urban eg<\/li>\n<\/ul>\n<p><span style=\"font-size: 18pt\">Specifikationer<\/span><\/p>\n<ul>\n<li>S\u00f8jlen til stellet er \u00d876 mm<\/li>\n<li>Bordpladen er fastgjort med 8 skruer<\/li>\n<li>Monteret stelf\u00f8dder under stellet<\/li>\n<li>Bordplader i 19 mm laminat<\/li>\n<\/ul>\n\n\t\t<\/div>\n\t<\/div>\n<\/div><\/div><\/div><div class=\"wpb_column vc_column_container vc_col-sm-6\"><div class=\"vc_column-inner\"><div class=\"wpb_wrapper\">\n\t<div class=\"wpb_text_column wpb_content_element\" >\n\t\t<div class=\"wpb_wrapper\">\n\t\t\t<p><span style=\"font-size: 18pt;color: #000000\">M\u00e5l\/V\u00e6gt - Studio bord med rund bund \u00d862 cm<br \/>\n<\/span><\/p>\n<ul>\n<li><span style=\"color: #000000\">Fod: \u00d862 cm | Bordplade: \u00d890 cm | H\u00f8jde: 50 cm | V\u00e6gt: 31,1 kg<\/span><\/li>\n<li><span style=\"color: #000000\">Fod: \u00d862 cm | Bordplade: \u00d890 cm | H\u00f8jde: 74 cm | V\u00e6gt: 31,1 kg<\/span><\/li>\n<li><span style=\"color: #000000\">Fod: \u00d862 cm | Bordplade: \u00d890 cm | H\u00f8jde: 90 cm | V\u00e6gt: 33 kg<\/span><\/li>\n<li><span style=\"color: #000000\">Fod: \u00d862 cm | Bordplade: \u00d890 cm | H\u00f8jde: 110 cm | V\u00e6gt: 34 kg<\/span><\/li>\n<\/ul>\n<p><span style=\"font-size: 18pt;color: #000000\">M\u00e5l\/V\u00e6gt - Studie bord med rund bund \u00d872 cm<br \/>\n<\/span><\/p>\n<ul>\n<li><span style=\"color: #000000\">Fod: \u00d872 cm | Bordplade: \u00d890 cm | H\u00f8jde: 50 cm | V\u00e6gt: 37,7 kg<\/span><\/li>\n<li><span style=\"color: #000000\">Fod: \u00d872 cm | Bordplade: \u00d890 cm | H\u00f8jde: 74 cm | V\u00e6gt: 37,7 kg<\/span><\/li>\n<li><span style=\"color: #000000\">Fod: \u00d872 cm | Bordplade: \u00d890 cm | H\u00f8jde: 90 cm | V\u00e6gt: 39,5 kg<\/span><\/li>\n<li><span style=\"color: #000000\">Fod: \u00d872 cm | Bordplade: \u00d890 cm | H\u00f8jde: 110 cm | V\u00e6gt: 40,5 kg<\/span><\/li>\n<\/ul>\n\n\t\t<\/div>\n\t<\/div>\n<\/div><\/div><\/div><\/div><div class=\"vc_row wpb_row vc_row-fluid\"><div class=\"wpb_column vc_column_container vc_col-sm-4\"><div class=\"vc_column-inner\"><div class=\"wpb_wrapper\">\n\t<div  class=\"wpb_single_image wpb_content_element vc_align_center\">\n\t\t\n\t\t<figure class=\"wpb_wrapper vc_figure\">\n\t\t\t<div class=\"vc_single_image-wrapper vc_box_shadow_border  vc_box_border_grey\"><img loading=\"lazy\" decoding=\"async\" width=\"800\" height=\"550\" src=\"https:\/\/shop.bjerring-sales.dk\/wp-content\/uploads\/2023\/10\/74.jpg\" class=\"vc_single_image-img attachment-full\" alt=\"\" title=\"74\" srcset=\"https:\/\/shop.bjerring-sales.dk\/wp-content\/uploads\/2023\/10\/74.jpg 800w, https:\/\/shop.bjerring-sales.dk\/wp-content\/uploads\/2023\/10\/74-150x103.jpg 150w, https:\/\/shop.bjerring-sales.dk\/wp-content\/uploads\/2023\/10\/74-600x413.jpg 600w, https:\/\/shop.bjerring-sales.dk\/wp-content\/uploads\/2023\/10\/74-300x206.jpg 300w, https:\/\/shop.bjerring-sales.dk\/wp-content\/uploads\/2023\/10\/74-768x528.jpg 768w, https:\/\/shop.bjerring-sales.dk\/wp-content\/uploads\/2023\/10\/74-18x12.jpg 18w\" sizes=\"auto, (max-width: 800px) 100vw, 800px\" \/><\/div>\n\t\t<\/figure>\n\t<\/div>\n<\/div><\/div><\/div><div class=\"wpb_column vc_column_container vc_col-sm-4\"><div class=\"vc_column-inner\"><div class=\"wpb_wrapper\">\n\t<div  class=\"wpb_single_image wpb_content_element vc_align_center\">\n\t\t\n\t\t<figure class=\"wpb_wrapper vc_figure\">\n\t\t\t<div class=\"vc_single_image-wrapper vc_box_shadow_border  vc_box_border_grey\"><img loading=\"lazy\" decoding=\"async\" width=\"800\" height=\"550\" src=\"https:\/\/shop.bjerring-sales.dk\/wp-content\/uploads\/2023\/10\/2.jpg\" class=\"vc_single_image-img attachment-full\" alt=\"\" title=\"2\" srcset=\"https:\/\/shop.bjerring-sales.dk\/wp-content\/uploads\/2023\/10\/2.jpg 800w, https:\/\/shop.bjerring-sales.dk\/wp-content\/uploads\/2023\/10\/2-150x103.jpg 150w, https:\/\/shop.bjerring-sales.dk\/wp-content\/uploads\/2023\/10\/2-600x413.jpg 600w, https:\/\/shop.bjerring-sales.dk\/wp-content\/uploads\/2023\/10\/2-300x206.jpg 300w, https:\/\/shop.bjerring-sales.dk\/wp-content\/uploads\/2023\/10\/2-768x528.jpg 768w, https:\/\/shop.bjerring-sales.dk\/wp-content\/uploads\/2023\/10\/2-18x12.jpg 18w\" sizes=\"auto, (max-width: 800px) 100vw, 800px\" \/><\/div>\n\t\t<\/figure>\n\t<\/div>\n<\/div><\/div><\/div><div class=\"wpb_column vc_column_container vc_col-sm-4\"><div class=\"vc_column-inner\"><div class=\"wpb_wrapper\">\n\t<div  class=\"wpb_single_image wpb_content_element vc_align_center\">\n\t\t\n\t\t<figure class=\"wpb_wrapper vc_figure\">\n\t\t\t<div class=\"vc_single_image-wrapper vc_box_shadow_border  vc_box_border_grey\"><img loading=\"lazy\" decoding=\"async\" width=\"800\" height=\"550\" src=\"https:\/\/shop.bjerring-sales.dk\/wp-content\/uploads\/2023\/10\/1.jpg\" class=\"vc_single_image-img attachment-full\" alt=\"\" title=\"1\" srcset=\"https:\/\/shop.bjerring-sales.dk\/wp-content\/uploads\/2023\/10\/1.jpg 800w, https:\/\/shop.bjerring-sales.dk\/wp-content\/uploads\/2023\/10\/1-150x103.jpg 150w, https:\/\/shop.bjerring-sales.dk\/wp-content\/uploads\/2023\/10\/1-600x413.jpg 600w, https:\/\/shop.bjerring-sales.dk\/wp-content\/uploads\/2023\/10\/1-300x206.jpg 300w, https:\/\/shop.bjerring-sales.dk\/wp-content\/uploads\/2023\/10\/1-768x528.jpg 768w, https:\/\/shop.bjerring-sales.dk\/wp-content\/uploads\/2023\/10\/1-18x12.jpg 18w\" sizes=\"auto, (max-width: 800px) 100vw, 800px\" \/><\/div>\n\t\t<\/figure>\n\t<\/div>\n<\/div><\/div><\/div><\/div>\n<\/div>","protected":false},"excerpt":{"rendered":"<p>Studie bordet med en rund \u00d890 cm bordplade f\u00e5s med en r\u00e6kke muligheder. S\u00f8jlestellet kan ogs\u00e5 udvides med mulighed for at skabe fx konferenceborde, spiseborde og m\u00f8deborde. Studie bordet f\u00e5s i forskellige h\u00f8jder og med forskellige farvevalg.<\/p>","protected":false},"featured_media":102147,"template":"","meta":{"iawp_total_views":6},"product_brand":[],"product_cat":[5787,5897,5911,6260],"product_tag":[6393,6008,6185,6390,6391],"class_list":{"0":"post-93760","1":"product","2":"type-product","3":"status-publish","4":"has-post-thumbnail","6":"product_cat-bord","7":"product_cat-barbord","8":"product_cat-cafebord","9":"product_cat-matbord","10":"product_tag-bord-med-o90-cm-skiva","11":"product_tag-barbord","12":"product_tag-runt-bord","13":"product_tag-studio-bord","14":"product_tag-bord-med-rund-fot","16":"first","17":"instock","18":"taxable","19":"shipping-taxable","20":"purchasable","21":"product-type-variable"},"yoast_head":"<!-- This site is optimized with the Yoast SEO plugin v27.0 - https:\/\/yoast.com\/product\/yoast-seo-wordpress\/ -->\n<title>Studio bord med \u00d890 cm skiva - Bjerring-Sales<\/title>\n<meta name=\"description\" content=\"Studio bordet med en rund \u00d890 cm bordsskiva finns med en rad olika valm\u00f6jligheter. Pelarstativet kan \u00e4ven byggas ut med m\u00f6jligheten att skapa exempelvis konferensbord, matbord och m\u00f6tesbord.\" \/>\n<meta name=\"robots\" content=\"index, follow, max-snippet:-1, max-image-preview:large, max-video-preview:-1\" \/>\n<link rel=\"canonical\" href=\"https:\/\/shop.bjerring-sales.dk\/da\/vare\/studio-bord-90-cm-skiva\/\" \/>\n<meta property=\"og:locale\" content=\"da_DK\" \/>\n<meta property=\"og:type\" content=\"article\" \/>\n<meta property=\"og:title\" content=\"Studio bord med rund bordsskiva \u00d890 cm\" \/>\n<meta property=\"og:description\" content=\"Studio bordet med en rund \u00d890 cm bordsskiva finns med en rad olika valm\u00f6jligheter. Pelarstativet kan \u00e4ven byggas ut med m\u00f6jligheten att skapa exempelvis konferensbord, matbord och m\u00f6tesbord.\" \/>\n<meta property=\"og:url\" content=\"https:\/\/shop.bjerring-sales.dk\/da\/vare\/studio-bord-90-cm-skiva\/\" \/>\n<meta property=\"og:site_name\" content=\"Bjerring-Sales\" \/>\n<meta property=\"article:modified_time\" content=\"2026-04-16T13:51:27+00:00\" \/>\n<meta property=\"og:image\" content=\"https:\/\/shop.bjerring-sales.dk\/wp-content\/uploads\/2023\/10\/x6.jpg.pagespeed.ic_.TKws6aaZn1.webp\" \/>\n\t<meta property=\"og:image:width\" content=\"800\" \/>\n\t<meta property=\"og:image:height\" content=\"550\" \/>\n\t<meta property=\"og:image:type\" content=\"image\/webp\" \/>\n<meta name=\"twitter:card\" content=\"summary_large_image\" \/>\n<meta name=\"twitter:title\" content=\"Studio bord med rund bordsskiva \u00d890 cm\" \/>\n<meta name=\"twitter:description\" content=\"Studio bordet med en rund \u00d890 cm bordsskiva finns med en rad olika valm\u00f6jligheter. Pelarstativet kan \u00e4ven byggas ut med m\u00f6jligheten att skapa exempelvis konferensbord, matbord och m\u00f6tesbord.\" \/>\n<meta name=\"twitter:image\" content=\"https:\/\/shop.bjerring-sales.dk\/wp-content\/uploads\/2023\/10\/x6.jpg.pagespeed.ic_.TKws6aaZn1.webp\" \/>\n<meta name=\"twitter:label1\" content=\"Estimeret l\u00e6setid\" \/>\n\t<meta name=\"twitter:data1\" content=\"4 minutter\" \/>\n<script type=\"application\/ld+json\" class=\"yoast-schema-graph\">{\"@context\":\"https:\/\/schema.org\",\"@graph\":[{\"@type\":\"WebPage\",\"@id\":\"https:\/\/shop.bjerring-sales.dk\/sv\/produkt\/studio-bord-90-cm-skiva\/\",\"url\":\"https:\/\/shop.bjerring-sales.dk\/sv\/produkt\/studio-bord-90-cm-skiva\/\",\"name\":\"Studio bord med \u00d890 cm skiva - Bjerring-Sales\",\"isPartOf\":{\"@id\":\"https:\/\/shop.bjerring-sales.dk\/#website\"},\"primaryImageOfPage\":{\"@id\":\"https:\/\/shop.bjerring-sales.dk\/sv\/produkt\/studio-bord-90-cm-skiva\/#primaryimage\"},\"image\":{\"@id\":\"https:\/\/shop.bjerring-sales.dk\/sv\/produkt\/studio-bord-90-cm-skiva\/#primaryimage\"},\"thumbnailUrl\":\"https:\/\/shop.bjerring-sales.dk\/wp-content\/uploads\/2026\/03\/72xH72_black_f450006.jpg\",\"datePublished\":\"2023-10-26T07:25:25+00:00\",\"dateModified\":\"2026-04-16T13:51:27+00:00\",\"description\":\"Studio bordet med en rund \u00d890 cm bordsskiva finns med en rad olika valm\u00f6jligheter. Pelarstativet kan \u00e4ven byggas ut med m\u00f6jligheten att skapa exempelvis konferensbord, matbord och m\u00f6tesbord.\",\"breadcrumb\":{\"@id\":\"https:\/\/shop.bjerring-sales.dk\/sv\/produkt\/studio-bord-90-cm-skiva\/#breadcrumb\"},\"inLanguage\":\"da-DK\",\"potentialAction\":[{\"@type\":\"ReadAction\",\"target\":[\"https:\/\/shop.bjerring-sales.dk\/sv\/produkt\/studio-bord-90-cm-skiva\/\"]}]},{\"@type\":\"ImageObject\",\"inLanguage\":\"da-DK\",\"@id\":\"https:\/\/shop.bjerring-sales.dk\/sv\/produkt\/studio-bord-90-cm-skiva\/#primaryimage\",\"url\":\"https:\/\/shop.bjerring-sales.dk\/wp-content\/uploads\/2026\/03\/72xH72_black_f450006.jpg\",\"contentUrl\":\"https:\/\/shop.bjerring-sales.dk\/wp-content\/uploads\/2026\/03\/72xH72_black_f450006.jpg\",\"width\":800,\"height\":800},{\"@type\":\"BreadcrumbList\",\"@id\":\"https:\/\/shop.bjerring-sales.dk\/sv\/produkt\/studio-bord-90-cm-skiva\/#breadcrumb\",\"itemListElement\":[{\"@type\":\"ListItem\",\"position\":1,\"name\":\"Hem\",\"item\":\"https:\/\/shop.bjerring-sales.dk\/\"},{\"@type\":\"ListItem\",\"position\":2,\"name\":\"Webbutik\",\"item\":\"https:\/\/shop.bjerring-sales.dk\/butik\/\"},{\"@type\":\"ListItem\",\"position\":3,\"name\":\"Studio bord med \u00d890 cm skiva\"}]},{\"@type\":\"WebSite\",\"@id\":\"https:\/\/shop.bjerring-sales.dk\/#website\",\"url\":\"https:\/\/shop.bjerring-sales.dk\/\",\"name\":\"Bjerring-Sales\",\"description\":\"M\u00f6bler f\u00f6r teatrar, skolor, kontor och k\u00f6pcentrum\",\"publisher\":{\"@id\":\"https:\/\/shop.bjerring-sales.dk\/#organization\"},\"potentialAction\":[{\"@type\":\"SearchAction\",\"target\":{\"@type\":\"EntryPoint\",\"urlTemplate\":\"https:\/\/shop.bjerring-sales.dk\/?s={search_term_string}\"},\"query-input\":{\"@type\":\"PropertyValueSpecification\",\"valueRequired\":true,\"valueName\":\"search_term_string\"}}],\"inLanguage\":\"da-DK\"},{\"@type\":\"Organization\",\"@id\":\"https:\/\/shop.bjerring-sales.dk\/#organization\",\"name\":\"Bjerring-Sales\",\"url\":\"https:\/\/shop.bjerring-sales.dk\/\",\"logo\":{\"@type\":\"ImageObject\",\"inLanguage\":\"da-DK\",\"@id\":\"https:\/\/shop.bjerring-sales.dk\/#\/schema\/logo\/image\/\",\"url\":\"https:\/\/shop.bjerring-sales.dk\/wp-content\/uploads\/2023\/01\/logo_sv.png\",\"contentUrl\":\"https:\/\/shop.bjerring-sales.dk\/wp-content\/uploads\/2023\/01\/logo_sv.png\",\"width\":195,\"height\":68,\"caption\":\"Bjerring-Sales\"},\"image\":{\"@id\":\"https:\/\/shop.bjerring-sales.dk\/#\/schema\/logo\/image\/\"}}]}<\/script>\n<!-- \/ Yoast SEO plugin. -->","yoast_head_json":{"title":"Studio bord med \u00d890 cm skiva - Bjerring-Sales","description":"Studio bordet med en rund \u00d890 cm bordsskiva finns med en rad olika valm\u00f6jligheter. Pelarstativet kan \u00e4ven byggas ut med m\u00f6jligheten att skapa exempelvis konferensbord, matbord och m\u00f6tesbord.","robots":{"index":"index","follow":"follow","max-snippet":"max-snippet:-1","max-image-preview":"max-image-preview:large","max-video-preview":"max-video-preview:-1"},"canonical":"https:\/\/shop.bjerring-sales.dk\/da\/vare\/studio-bord-90-cm-skiva\/","og_locale":"da_DK","og_type":"article","og_title":"Studio bord med rund bordsskiva \u00d890 cm","og_description":"Studio bordet med en rund \u00d890 cm bordsskiva finns med en rad olika valm\u00f6jligheter. Pelarstativet kan \u00e4ven byggas ut med m\u00f6jligheten att skapa exempelvis konferensbord, matbord och m\u00f6tesbord.","og_url":"https:\/\/shop.bjerring-sales.dk\/da\/vare\/studio-bord-90-cm-skiva\/","og_site_name":"Bjerring-Sales","article_modified_time":"2026-04-16T13:51:27+00:00","og_image":[{"width":800,"height":550,"url":"https:\/\/shop.bjerring-sales.dk\/wp-content\/uploads\/2023\/10\/x6.jpg.pagespeed.ic_.TKws6aaZn1.webp","type":"image\/webp"}],"twitter_card":"summary_large_image","twitter_title":"Studio bord med rund bordsskiva \u00d890 cm","twitter_description":"Studio bordet med en rund \u00d890 cm bordsskiva finns med en rad olika valm\u00f6jligheter. Pelarstativet kan \u00e4ven byggas ut med m\u00f6jligheten att skapa exempelvis konferensbord, matbord och m\u00f6tesbord.","twitter_image":"https:\/\/shop.bjerring-sales.dk\/wp-content\/uploads\/2023\/10\/x6.jpg.pagespeed.ic_.TKws6aaZn1.webp","twitter_misc":{"Estimeret l\u00e6setid":"4 minutter"},"schema":{"@context":"https:\/\/schema.org","@graph":[{"@type":"WebPage","@id":"https:\/\/shop.bjerring-sales.dk\/sv\/produkt\/studio-bord-90-cm-skiva\/","url":"https:\/\/shop.bjerring-sales.dk\/sv\/produkt\/studio-bord-90-cm-skiva\/","name":"Studio bord med \u00d890 cm skiva - Bjerring-Sales","isPartOf":{"@id":"https:\/\/shop.bjerring-sales.dk\/#website"},"primaryImageOfPage":{"@id":"https:\/\/shop.bjerring-sales.dk\/sv\/produkt\/studio-bord-90-cm-skiva\/#primaryimage"},"image":{"@id":"https:\/\/shop.bjerring-sales.dk\/sv\/produkt\/studio-bord-90-cm-skiva\/#primaryimage"},"thumbnailUrl":"https:\/\/shop.bjerring-sales.dk\/wp-content\/uploads\/2026\/03\/72xH72_black_f450006.jpg","datePublished":"2023-10-26T07:25:25+00:00","dateModified":"2026-04-16T13:51:27+00:00","description":"Studio bordet med en rund \u00d890 cm bordsskiva finns med en rad olika valm\u00f6jligheter. Pelarstativet kan \u00e4ven byggas ut med m\u00f6jligheten att skapa exempelvis konferensbord, matbord och m\u00f6tesbord.","breadcrumb":{"@id":"https:\/\/shop.bjerring-sales.dk\/sv\/produkt\/studio-bord-90-cm-skiva\/#breadcrumb"},"inLanguage":"da-DK","potentialAction":[{"@type":"ReadAction","target":["https:\/\/shop.bjerring-sales.dk\/sv\/produkt\/studio-bord-90-cm-skiva\/"]}]},{"@type":"ImageObject","inLanguage":"da-DK","@id":"https:\/\/shop.bjerring-sales.dk\/sv\/produkt\/studio-bord-90-cm-skiva\/#primaryimage","url":"https:\/\/shop.bjerring-sales.dk\/wp-content\/uploads\/2026\/03\/72xH72_black_f450006.jpg","contentUrl":"https:\/\/shop.bjerring-sales.dk\/wp-content\/uploads\/2026\/03\/72xH72_black_f450006.jpg","width":800,"height":800},{"@type":"BreadcrumbList","@id":"https:\/\/shop.bjerring-sales.dk\/sv\/produkt\/studio-bord-90-cm-skiva\/#breadcrumb","itemListElement":[{"@type":"ListItem","position":1,"name":"Hem","item":"https:\/\/shop.bjerring-sales.dk\/"},{"@type":"ListItem","position":2,"name":"Webbutik","item":"https:\/\/shop.bjerring-sales.dk\/butik\/"},{"@type":"ListItem","position":3,"name":"Studio bord med \u00d890 cm skiva"}]},{"@type":"WebSite","@id":"https:\/\/shop.bjerring-sales.dk\/#website","url":"https:\/\/shop.bjerring-sales.dk\/","name":"Bjerring-Salg","description":"M\u00f8bler til teatre, skoler, kontorer og indk\u00f8bscentre","publisher":{"@id":"https:\/\/shop.bjerring-sales.dk\/#organization"},"potentialAction":[{"@type":"SearchAction","target":{"@type":"EntryPoint","urlTemplate":"https:\/\/shop.bjerring-sales.dk\/?s={search_term_string}"},"query-input":{"@type":"PropertyValueSpecification","valueRequired":true,"valueName":"search_term_string"}}],"inLanguage":"da-DK"},{"@type":"Organization","@id":"https:\/\/shop.bjerring-sales.dk\/#organization","name":"Bjerring-Salg","url":"https:\/\/shop.bjerring-sales.dk\/","logo":{"@type":"ImageObject","inLanguage":"da-DK","@id":"https:\/\/shop.bjerring-sales.dk\/#\/schema\/logo\/image\/","url":"https:\/\/shop.bjerring-sales.dk\/wp-content\/uploads\/2023\/01\/logo_sv.png","contentUrl":"https:\/\/shop.bjerring-sales.dk\/wp-content\/uploads\/2023\/01\/logo_sv.png","width":195,"height":68,"caption":"Bjerring-Sales"},"image":{"@id":"https:\/\/shop.bjerring-sales.dk\/#\/schema\/logo\/image\/"}}]}},"_links":{"self":[{"href":"https:\/\/shop.bjerring-sales.dk\/da\/wp-json\/wp\/v2\/product\/93760","targetHints":{"allow":["GET"]}}],"collection":[{"href":"https:\/\/shop.bjerring-sales.dk\/da\/wp-json\/wp\/v2\/product"}],"about":[{"href":"https:\/\/shop.bjerring-sales.dk\/da\/wp-json\/wp\/v2\/types\/product"}],"wp:featuredmedia":[{"embeddable":true,"href":"https:\/\/shop.bjerring-sales.dk\/da\/wp-json\/wp\/v2\/media\/102147"}],"wp:attachment":[{"href":"https:\/\/shop.bjerring-sales.dk\/da\/wp-json\/wp\/v2\/media?parent=93760"}],"wp:term":[{"taxonomy":"product_brand","embeddable":true,"href":"https:\/\/shop.bjerring-sales.dk\/da\/wp-json\/wp\/v2\/product_brand?post=93760"},{"taxonomy":"product_cat","embeddable":true,"href":"https:\/\/shop.bjerring-sales.dk\/da\/wp-json\/wp\/v2\/product_cat?post=93760"},{"taxonomy":"product_tag","embeddable":true,"href":"https:\/\/shop.bjerring-sales.dk\/da\/wp-json\/wp\/v2\/product_tag?post=93760"}],"curies":[{"name":"wp","href":"https:\/\/api.w.org\/{rel}","templated":true}]}}