{"id":93366,"date":"2023-10-31T12:14:35","date_gmt":"2023-10-31T11:14:35","guid":{"rendered":"https:\/\/shop.bjerring-sales.dk\/sv\/produkt\/bella-stol\/"},"modified":"2024-04-26T15:00:21","modified_gmt":"2024-04-26T13:00:21","slug":"bella-stol","status":"publish","type":"product","link":"https:\/\/shop.bjerring-sales.dk\/da\/vare\/bella-stol\/","title":{"rendered":"Bella \u2013 En funktionel og alsidig stol"},"content":{"rendered":"<div class=\"wpb-content-wrapper\"><div class=\"vc_row wpb_row vc_row-fluid\"><div class=\"wpb_column vc_column_container vc_col-sm-12\"><div class=\"vc_column-inner\"><div class=\"wpb_wrapper\">\n\t<div class=\"wpb_text_column wpb_content_element\" >\n\t\t<div class=\"wpb_wrapper\">\n\t\t\t<p><span style=\"font-size: 24pt\">En stabelbar stol, der kombinerer funktionalitet med stil<br \/>\n<\/span>Oplev uendelige muligheder med vores Bella stole. Den stabelbare stol f\u00e5s i flere udgaver, der nemt komplementerer forskellige typer m\u00f8de- og samlingslokaler. Disse stole er designet til fleksibilitet og tilbyder flere konfigurationer, der passer til dine behov.<\/p>\n\n\t\t<\/div>\n\t<\/div>\n<\/div><\/div><\/div><\/div><div class=\"vc_row wpb_row vc_row-fluid\"><div class=\"wpb_column vc_column_container vc_col-sm-4\"><div class=\"vc_column-inner\"><div class=\"wpb_wrapper\">\n\t<div  class=\"wpb_single_image wpb_content_element vc_align_center\">\n\t\t\n\t\t<figure class=\"wpb_wrapper vc_figure\">\n\t\t\t<div class=\"vc_single_image-wrapper vc_box_shadow_border  vc_box_border_grey\"><img loading=\"lazy\" decoding=\"async\" width=\"800\" height=\"550\" src=\"https:\/\/shop.bjerring-sales.dk\/wp-content\/uploads\/2023\/10\/bella01.webp\" class=\"vc_single_image-img attachment-full\" alt=\"\" title=\"bella01\" srcset=\"https:\/\/shop.bjerring-sales.dk\/wp-content\/uploads\/2023\/10\/bella01.webp 800w, https:\/\/shop.bjerring-sales.dk\/wp-content\/uploads\/2023\/10\/bella01-150x103.webp 150w, https:\/\/shop.bjerring-sales.dk\/wp-content\/uploads\/2023\/10\/bella01-600x413.webp 600w, https:\/\/shop.bjerring-sales.dk\/wp-content\/uploads\/2023\/10\/bella01-300x206.webp 300w, https:\/\/shop.bjerring-sales.dk\/wp-content\/uploads\/2023\/10\/bella01-768x528.webp 768w, https:\/\/shop.bjerring-sales.dk\/wp-content\/uploads\/2023\/10\/bella01-18x12.webp 18w\" sizes=\"auto, (max-width: 800px) 100vw, 800px\" \/><\/div>\n\t\t<\/figure>\n\t<\/div>\n<\/div><\/div><\/div><div class=\"wpb_column vc_column_container vc_col-sm-4\"><div class=\"vc_column-inner\"><div class=\"wpb_wrapper\">\n\t<div  class=\"wpb_single_image wpb_content_element vc_align_center\">\n\t\t\n\t\t<figure class=\"wpb_wrapper vc_figure\">\n\t\t\t<div class=\"vc_single_image-wrapper vc_box_shadow_border  vc_box_border_grey\"><img loading=\"lazy\" decoding=\"async\" width=\"800\" height=\"550\" src=\"https:\/\/shop.bjerring-sales.dk\/wp-content\/uploads\/2023\/10\/bella02.webp\" class=\"vc_single_image-img attachment-full\" alt=\"\" title=\"bella02\" srcset=\"https:\/\/shop.bjerring-sales.dk\/wp-content\/uploads\/2023\/10\/bella02.webp 800w, https:\/\/shop.bjerring-sales.dk\/wp-content\/uploads\/2023\/10\/bella02-150x103.webp 150w, https:\/\/shop.bjerring-sales.dk\/wp-content\/uploads\/2023\/10\/bella02-600x413.webp 600w, https:\/\/shop.bjerring-sales.dk\/wp-content\/uploads\/2023\/10\/bella02-300x206.webp 300w, https:\/\/shop.bjerring-sales.dk\/wp-content\/uploads\/2023\/10\/bella02-768x528.webp 768w, https:\/\/shop.bjerring-sales.dk\/wp-content\/uploads\/2023\/10\/bella02-18x12.webp 18w\" sizes=\"auto, (max-width: 800px) 100vw, 800px\" \/><\/div>\n\t\t<\/figure>\n\t<\/div>\n<\/div><\/div><\/div><div class=\"wpb_column vc_column_container vc_col-sm-4\"><div class=\"vc_column-inner\"><div class=\"wpb_wrapper\">\n\t<div  class=\"wpb_single_image wpb_content_element vc_align_center\">\n\t\t\n\t\t<figure class=\"wpb_wrapper vc_figure\">\n\t\t\t<div class=\"vc_single_image-wrapper vc_box_shadow_border  vc_box_border_grey\"><img loading=\"lazy\" decoding=\"async\" width=\"800\" height=\"550\" src=\"https:\/\/shop.bjerring-sales.dk\/wp-content\/uploads\/2023\/10\/bella03.webp\" class=\"vc_single_image-img attachment-full\" alt=\"\" title=\"bella03\" srcset=\"https:\/\/shop.bjerring-sales.dk\/wp-content\/uploads\/2023\/10\/bella03.webp 800w, https:\/\/shop.bjerring-sales.dk\/wp-content\/uploads\/2023\/10\/bella03-150x103.webp 150w, https:\/\/shop.bjerring-sales.dk\/wp-content\/uploads\/2023\/10\/bella03-600x413.webp 600w, https:\/\/shop.bjerring-sales.dk\/wp-content\/uploads\/2023\/10\/bella03-300x206.webp 300w, https:\/\/shop.bjerring-sales.dk\/wp-content\/uploads\/2023\/10\/bella03-768x528.webp 768w, https:\/\/shop.bjerring-sales.dk\/wp-content\/uploads\/2023\/10\/bella03-18x12.webp 18w\" sizes=\"auto, (max-width: 800px) 100vw, 800px\" \/><\/div>\n\t\t<\/figure>\n\t<\/div>\n<\/div><\/div><\/div><\/div><div class=\"vc_row wpb_row vc_row-fluid\"><div class=\"wpb_column vc_column_container vc_col-sm-6\"><div class=\"vc_column-inner\"><div class=\"wpb_wrapper\">\n\t<div class=\"wpb_text_column wpb_content_element\" >\n\t\t<div class=\"wpb_wrapper\">\n\t\t\t<p><span style=\"font-size: 18pt\">Fordele<\/span><\/p>\n<ul>\n<li><strong>Effektiv organisation:<\/strong> Evnen til at forbinde Bella-stole i r\u00e6kker betyder, at du nemt kan organisere dit sidde layout til forskellige typer begivenheder. N\u00e5r de ikke er i brug, kan du stable dem for at spare plads og forblive organiseret.<\/li>\n<li><strong>Let og behagelig:<\/strong> Bella-stolene tilbyder en kombination af letv\u00e6gtskonstruktion og overlegen komfort, hvilket sikrer, at dine g\u00e6ster kan nyde deres sammenkomster uden ubehag. Deres ergonomiske design giver langvarig komfort, selv under l\u00e6ngere m\u00f8der.<\/li>\n<\/ul>\n\n\t\t<\/div>\n\t<\/div>\n<\/div><\/div><\/div><div class=\"wpb_column vc_column_container vc_col-sm-6\"><div class=\"vc_column-inner\"><div class=\"wpb_wrapper\">\n\t<div class=\"wpb_text_column wpb_content_element\" >\n\t\t<div class=\"wpb_wrapper\">\n\t\t\t<p><span style=\"font-size: 18pt\">Anvendelsesomr\u00e5de<br \/>\n<\/span>Uanset om du skal lave s\u00e6der\u00e6kker, stable dem p\u00e6nt til opbevaring eller nemt flytte rundt p\u00e5 dem, er vores Bella stole din l\u00f8sning til at udnytte b\u00e5de plads og tid.<\/p>\n<p>Med vores Bella stole kan du forvandle dit arbejdsmilj\u00f8 til et sted, der ikke kun er funktionelt, men ogs\u00e5 stilfuldt og im\u00f8dekommende. Udforsk de mange muligheder og konfigurationer, der giver store muligheder for at opfylde dine unikke behov.<\/p>\n\n\t\t<\/div>\n\t<\/div>\n<\/div><\/div><\/div><\/div><div class=\"vc_row wpb_row vc_row-fluid\"><div class=\"wpb_column vc_column_container vc_col-sm-4\"><div class=\"vc_column-inner\"><div class=\"wpb_wrapper\">\n\t<div  class=\"wpb_single_image wpb_content_element vc_align_center\">\n\t\t\n\t\t<figure class=\"wpb_wrapper vc_figure\">\n\t\t\t<div class=\"vc_single_image-wrapper vc_box_shadow_border  vc_box_border_grey\"><img loading=\"lazy\" decoding=\"async\" width=\"800\" height=\"550\" src=\"https:\/\/shop.bjerring-sales.dk\/wp-content\/uploads\/2023\/10\/bella04.webp\" class=\"vc_single_image-img attachment-full\" alt=\"\" title=\"bella04\" srcset=\"https:\/\/shop.bjerring-sales.dk\/wp-content\/uploads\/2023\/10\/bella04.webp 800w, https:\/\/shop.bjerring-sales.dk\/wp-content\/uploads\/2023\/10\/bella04-150x103.webp 150w, https:\/\/shop.bjerring-sales.dk\/wp-content\/uploads\/2023\/10\/bella04-600x413.webp 600w, https:\/\/shop.bjerring-sales.dk\/wp-content\/uploads\/2023\/10\/bella04-300x206.webp 300w, https:\/\/shop.bjerring-sales.dk\/wp-content\/uploads\/2023\/10\/bella04-768x528.webp 768w, https:\/\/shop.bjerring-sales.dk\/wp-content\/uploads\/2023\/10\/bella04-18x12.webp 18w\" sizes=\"auto, (max-width: 800px) 100vw, 800px\" \/><\/div>\n\t\t<\/figure>\n\t<\/div>\n<\/div><\/div><\/div><div class=\"wpb_column vc_column_container vc_col-sm-4\"><div class=\"vc_column-inner\"><div class=\"wpb_wrapper\">\n\t<div  class=\"wpb_single_image wpb_content_element vc_align_center\">\n\t\t\n\t\t<figure class=\"wpb_wrapper vc_figure\">\n\t\t\t<div class=\"vc_single_image-wrapper vc_box_shadow_border  vc_box_border_grey\"><img loading=\"lazy\" decoding=\"async\" width=\"800\" height=\"550\" src=\"https:\/\/shop.bjerring-sales.dk\/wp-content\/uploads\/2023\/10\/bella05.webp\" class=\"vc_single_image-img attachment-full\" alt=\"\" title=\"bella05\" srcset=\"https:\/\/shop.bjerring-sales.dk\/wp-content\/uploads\/2023\/10\/bella05.webp 800w, https:\/\/shop.bjerring-sales.dk\/wp-content\/uploads\/2023\/10\/bella05-150x103.webp 150w, https:\/\/shop.bjerring-sales.dk\/wp-content\/uploads\/2023\/10\/bella05-600x413.webp 600w, https:\/\/shop.bjerring-sales.dk\/wp-content\/uploads\/2023\/10\/bella05-300x206.webp 300w, https:\/\/shop.bjerring-sales.dk\/wp-content\/uploads\/2023\/10\/bella05-768x528.webp 768w, https:\/\/shop.bjerring-sales.dk\/wp-content\/uploads\/2023\/10\/bella05-18x12.webp 18w\" sizes=\"auto, (max-width: 800px) 100vw, 800px\" \/><\/div>\n\t\t<\/figure>\n\t<\/div>\n<\/div><\/div><\/div><div class=\"wpb_column vc_column_container vc_col-sm-4\"><div class=\"vc_column-inner\"><div class=\"wpb_wrapper\">\n\t<div  class=\"wpb_single_image wpb_content_element vc_align_center\">\n\t\t\n\t\t<figure class=\"wpb_wrapper vc_figure\">\n\t\t\t<div class=\"vc_single_image-wrapper vc_box_shadow_border  vc_box_border_grey\"><img loading=\"lazy\" decoding=\"async\" width=\"800\" height=\"550\" src=\"https:\/\/shop.bjerring-sales.dk\/wp-content\/uploads\/2023\/10\/bella06.webp\" class=\"vc_single_image-img attachment-full\" alt=\"\" title=\"bella06\" srcset=\"https:\/\/shop.bjerring-sales.dk\/wp-content\/uploads\/2023\/10\/bella06.webp 800w, https:\/\/shop.bjerring-sales.dk\/wp-content\/uploads\/2023\/10\/bella06-150x103.webp 150w, https:\/\/shop.bjerring-sales.dk\/wp-content\/uploads\/2023\/10\/bella06-600x413.webp 600w, https:\/\/shop.bjerring-sales.dk\/wp-content\/uploads\/2023\/10\/bella06-300x206.webp 300w, https:\/\/shop.bjerring-sales.dk\/wp-content\/uploads\/2023\/10\/bella06-768x528.webp 768w, https:\/\/shop.bjerring-sales.dk\/wp-content\/uploads\/2023\/10\/bella06-18x12.webp 18w\" sizes=\"auto, (max-width: 800px) 100vw, 800px\" \/><\/div>\n\t\t<\/figure>\n\t<\/div>\n<\/div><\/div><\/div><\/div><div class=\"vc_row wpb_row vc_row-fluid\"><div class=\"wpb_column vc_column_container vc_col-sm-6\"><div class=\"vc_column-inner\"><div class=\"wpb_wrapper\">\n\t<div class=\"wpb_text_column wpb_content_element\" >\n\t\t<div class=\"wpb_wrapper\">\n\t\t\t<p><span style=\"font-size: 18pt\">Specifikationer<\/span><\/p>\n<ul>\n<li>Stoffet er 100% polyester (270g\/m2)<\/li>\n<li>90.000 martindales<\/li>\n<li>Pulverlakeret firbenet stel<\/li>\n<li>19 mm r\u00f8r (stolestel)<\/li>\n<li>RAL sort stel: 9005 alt. krom stel<\/li>\n<li>Stolevogn: VG160021A passer til denne stol<\/li>\n<li>Koblingsbeslag: KBK-SMA passer til denne stol<\/li>\n<li>Stabler 15 lige op (total h\u00f8jde: 200 cm)<\/li>\n<li>N\u00e5r den er stablet, bygger stolen 8,5 cm\/stol i h\u00f8jden<\/li>\n<li>MOQ: 4 stk<\/li>\n<\/ul>\n\n\t\t<\/div>\n\t<\/div>\n<\/div><\/div><\/div><div class=\"wpb_column vc_column_container vc_col-sm-6\"><div class=\"vc_column-inner\"><div class=\"wpb_wrapper\">\n\t<div class=\"wpb_text_column wpb_content_element\" >\n\t\t<div class=\"wpb_wrapper\">\n\t\t\t<p><span style=\"font-size: 18pt\">Dimensioner\/v\u00e6gt<\/span><\/p>\n<ul>\n<li>Samlet h\u00f8jde: 770 mm<\/li>\n<li>Total bredde: 495 mm<\/li>\n<li>Samlet dybde: 520 mm<\/li>\n<li>S\u00e6deh\u00f8jde: 450 mm (stofs\u00e6de: 460 mm)<\/li>\n<li>S\u00e6debredde: 410 mm<\/li>\n<li>S\u00e6dedybde: 400 mm<\/li>\n<li>M\u00e5l for- og bagben: 486 mm<\/li>\n<li>V\u00e6gtstol med plastskal: 3,2 kg<\/li>\n<li>V\u00e6gtstol med stofs\u00e6de: 3,7 kg<\/li>\n<\/ul>\n\n\t\t<\/div>\n\t<\/div>\n<\/div><\/div><\/div><\/div>\n<\/div>","protected":false},"excerpt":{"rendered":"<p>Uanset om du skal lave s\u00e6der\u00e6kker, stable dem p\u00e6nt til opbevaring eller nemt flytte rundt p\u00e5 dem, er vores Bella stole din l\u00f8sning til at udnytte b\u00e5de plads og tid.<\/p>","protected":false},"featured_media":94610,"template":"","meta":{"iawp_total_views":19},"product_brand":[],"product_cat":[5791,5825,5848,5853],"product_tag":[6380,5849,5850,6043,6177],"class_list":{"0":"post-93366","1":"product","2":"type-product","3":"status-publish","4":"has-post-thumbnail","6":"product_cat-stolar","7":"product_cat-stapelbara-stolar","8":"product_cat-kladda-stolar","9":"product_cat-konferensstolar","10":"product_tag-kopplingsbar-stol","11":"product_tag-konferensstol","12":"product_tag-stapelbar-stol","13":"product_tag-tygkladd-stol","14":"product_tag-plaststol","16":"first","17":"instock","18":"taxable","19":"shipping-taxable","20":"purchasable","21":"product-type-variable"},"yoast_head":"<!-- This site is optimized with the Yoast SEO plugin v27.0 - https:\/\/yoast.com\/product\/yoast-seo-wordpress\/ -->\n<title>Bella - En funktionell och m\u00e5ngsidig stol - Bjerring-Sales<\/title>\n<meta name=\"description\" content=\"Uppt\u00e4ck o\u00e4ndliga m\u00f6jligheter med v\u00e5ra Bella stolar. Den stapelbara stolen \u00e4r tillg\u00e4nglig i flera versioner som smidigt kompletterar olika typer av m\u00f6tes- och sammankomstrum.\" \/>\n<meta name=\"robots\" content=\"index, follow, max-snippet:-1, max-image-preview:large, max-video-preview:-1\" \/>\n<link rel=\"canonical\" href=\"https:\/\/shop.bjerring-sales.dk\/da\/vare\/bella-stol\/\" \/>\n<meta property=\"og:locale\" content=\"da_DK\" \/>\n<meta property=\"og:type\" content=\"article\" \/>\n<meta property=\"og:title\" content=\"En stapelbar stol som kombinerar funktionalitet med stilfullhet\" \/>\n<meta property=\"og:description\" content=\"Uppt\u00e4ck o\u00e4ndliga m\u00f6jligheter med v\u00e5ra Bella stolar. Den stapelbara stolen \u00e4r tillg\u00e4nglig i flera versioner som smidigt kompletterar olika typer av m\u00f6tes- och sammankomstrum.\" \/>\n<meta property=\"og:url\" content=\"https:\/\/shop.bjerring-sales.dk\/da\/vare\/bella-stol\/\" \/>\n<meta property=\"og:site_name\" content=\"Bjerring-Sales\" \/>\n<meta property=\"article:modified_time\" content=\"2024-04-26T13:00:21+00:00\" \/>\n<meta property=\"og:image\" content=\"https:\/\/shop.bjerring-sales.dk\/wp-content\/uploads\/2023\/10\/bella01.webp\" \/>\n\t<meta property=\"og:image:width\" content=\"800\" \/>\n\t<meta property=\"og:image:height\" content=\"550\" \/>\n\t<meta property=\"og:image:type\" content=\"image\/webp\" \/>\n<meta name=\"twitter:card\" content=\"summary_large_image\" \/>\n<meta name=\"twitter:title\" content=\"En stapelbar stol som kombinerar funktionalitet med stilfullhet\" \/>\n<meta name=\"twitter:description\" content=\"Uppt\u00e4ck o\u00e4ndliga m\u00f6jligheter med v\u00e5ra Bella stolar. Den stapelbara stolen \u00e4r tillg\u00e4nglig i flera versioner som smidigt kompletterar olika typer av m\u00f6tes- och sammankomstrum.\" \/>\n<meta name=\"twitter:image\" content=\"https:\/\/shop.bjerring-sales.dk\/wp-content\/uploads\/2023\/10\/bella01.webp\" \/>\n<meta name=\"twitter:label1\" content=\"Estimeret l\u00e6setid\" \/>\n\t<meta name=\"twitter:data1\" content=\"2 minutter\" \/>\n<script type=\"application\/ld+json\" class=\"yoast-schema-graph\">{\"@context\":\"https:\/\/schema.org\",\"@graph\":[{\"@type\":\"WebPage\",\"@id\":\"https:\/\/shop.bjerring-sales.dk\/sv\/produkt\/bella-stol\/\",\"url\":\"https:\/\/shop.bjerring-sales.dk\/sv\/produkt\/bella-stol\/\",\"name\":\"Bella - En funktionell och m\u00e5ngsidig stol - Bjerring-Sales\",\"isPartOf\":{\"@id\":\"https:\/\/shop.bjerring-sales.dk\/#website\"},\"primaryImageOfPage\":{\"@id\":\"https:\/\/shop.bjerring-sales.dk\/sv\/produkt\/bella-stol\/#primaryimage\"},\"image\":{\"@id\":\"https:\/\/shop.bjerring-sales.dk\/sv\/produkt\/bella-stol\/#primaryimage\"},\"thumbnailUrl\":\"https:\/\/shop.bjerring-sales.dk\/wp-content\/uploads\/2023\/11\/BETA_1_blackframe_blackseat-1.jpg\",\"datePublished\":\"2023-10-31T11:14:35+00:00\",\"dateModified\":\"2024-04-26T13:00:21+00:00\",\"description\":\"Uppt\u00e4ck o\u00e4ndliga m\u00f6jligheter med v\u00e5ra Bella stolar. Den stapelbara stolen \u00e4r tillg\u00e4nglig i flera versioner som smidigt kompletterar olika typer av m\u00f6tes- och sammankomstrum.\",\"breadcrumb\":{\"@id\":\"https:\/\/shop.bjerring-sales.dk\/sv\/produkt\/bella-stol\/#breadcrumb\"},\"inLanguage\":\"da-DK\",\"potentialAction\":[{\"@type\":\"ReadAction\",\"target\":[\"https:\/\/shop.bjerring-sales.dk\/sv\/produkt\/bella-stol\/\"]}]},{\"@type\":\"ImageObject\",\"inLanguage\":\"da-DK\",\"@id\":\"https:\/\/shop.bjerring-sales.dk\/sv\/produkt\/bella-stol\/#primaryimage\",\"url\":\"https:\/\/shop.bjerring-sales.dk\/wp-content\/uploads\/2023\/11\/BETA_1_blackframe_blackseat-1.jpg\",\"contentUrl\":\"https:\/\/shop.bjerring-sales.dk\/wp-content\/uploads\/2023\/11\/BETA_1_blackframe_blackseat-1.jpg\",\"width\":800,\"height\":800},{\"@type\":\"BreadcrumbList\",\"@id\":\"https:\/\/shop.bjerring-sales.dk\/sv\/produkt\/bella-stol\/#breadcrumb\",\"itemListElement\":[{\"@type\":\"ListItem\",\"position\":1,\"name\":\"Hem\",\"item\":\"https:\/\/shop.bjerring-sales.dk\/\"},{\"@type\":\"ListItem\",\"position\":2,\"name\":\"Webbutik\",\"item\":\"https:\/\/shop.bjerring-sales.dk\/butik\/\"},{\"@type\":\"ListItem\",\"position\":3,\"name\":\"Bella &#8211; En funktionell och m\u00e5ngsidig stol\"}]},{\"@type\":\"WebSite\",\"@id\":\"https:\/\/shop.bjerring-sales.dk\/#website\",\"url\":\"https:\/\/shop.bjerring-sales.dk\/\",\"name\":\"Bjerring-Sales\",\"description\":\"M\u00f6bler f\u00f6r teatrar, skolor, kontor och k\u00f6pcentrum\",\"publisher\":{\"@id\":\"https:\/\/shop.bjerring-sales.dk\/#organization\"},\"potentialAction\":[{\"@type\":\"SearchAction\",\"target\":{\"@type\":\"EntryPoint\",\"urlTemplate\":\"https:\/\/shop.bjerring-sales.dk\/?s={search_term_string}\"},\"query-input\":{\"@type\":\"PropertyValueSpecification\",\"valueRequired\":true,\"valueName\":\"search_term_string\"}}],\"inLanguage\":\"da-DK\"},{\"@type\":\"Organization\",\"@id\":\"https:\/\/shop.bjerring-sales.dk\/#organization\",\"name\":\"Bjerring-Sales\",\"url\":\"https:\/\/shop.bjerring-sales.dk\/\",\"logo\":{\"@type\":\"ImageObject\",\"inLanguage\":\"da-DK\",\"@id\":\"https:\/\/shop.bjerring-sales.dk\/#\/schema\/logo\/image\/\",\"url\":\"https:\/\/shop.bjerring-sales.dk\/wp-content\/uploads\/2023\/01\/logo_sv.png\",\"contentUrl\":\"https:\/\/shop.bjerring-sales.dk\/wp-content\/uploads\/2023\/01\/logo_sv.png\",\"width\":195,\"height\":68,\"caption\":\"Bjerring-Sales\"},\"image\":{\"@id\":\"https:\/\/shop.bjerring-sales.dk\/#\/schema\/logo\/image\/\"}}]}<\/script>\n<!-- \/ Yoast SEO plugin. -->","yoast_head_json":{"title":"Bella - En funktionell och m\u00e5ngsidig stol - Bjerring-Sales","description":"Uppt\u00e4ck o\u00e4ndliga m\u00f6jligheter med v\u00e5ra Bella stolar. Den stapelbara stolen \u00e4r tillg\u00e4nglig i flera versioner som smidigt kompletterar olika typer av m\u00f6tes- och sammankomstrum.","robots":{"index":"index","follow":"follow","max-snippet":"max-snippet:-1","max-image-preview":"max-image-preview:large","max-video-preview":"max-video-preview:-1"},"canonical":"https:\/\/shop.bjerring-sales.dk\/da\/vare\/bella-stol\/","og_locale":"da_DK","og_type":"article","og_title":"En stapelbar stol som kombinerar funktionalitet med stilfullhet","og_description":"Uppt\u00e4ck o\u00e4ndliga m\u00f6jligheter med v\u00e5ra Bella stolar. Den stapelbara stolen \u00e4r tillg\u00e4nglig i flera versioner som smidigt kompletterar olika typer av m\u00f6tes- och sammankomstrum.","og_url":"https:\/\/shop.bjerring-sales.dk\/da\/vare\/bella-stol\/","og_site_name":"Bjerring-Sales","article_modified_time":"2024-04-26T13:00:21+00:00","og_image":[{"width":800,"height":550,"url":"https:\/\/shop.bjerring-sales.dk\/wp-content\/uploads\/2023\/10\/bella01.webp","type":"image\/webp"}],"twitter_card":"summary_large_image","twitter_title":"En stapelbar stol som kombinerar funktionalitet med stilfullhet","twitter_description":"Uppt\u00e4ck o\u00e4ndliga m\u00f6jligheter med v\u00e5ra Bella stolar. Den stapelbara stolen \u00e4r tillg\u00e4nglig i flera versioner som smidigt kompletterar olika typer av m\u00f6tes- och sammankomstrum.","twitter_image":"https:\/\/shop.bjerring-sales.dk\/wp-content\/uploads\/2023\/10\/bella01.webp","twitter_misc":{"Estimeret l\u00e6setid":"2 minutter"},"schema":{"@context":"https:\/\/schema.org","@graph":[{"@type":"WebPage","@id":"https:\/\/shop.bjerring-sales.dk\/sv\/produkt\/bella-stol\/","url":"https:\/\/shop.bjerring-sales.dk\/sv\/produkt\/bella-stol\/","name":"Bella - En funktionell och m\u00e5ngsidig stol - Bjerring-Sales","isPartOf":{"@id":"https:\/\/shop.bjerring-sales.dk\/#website"},"primaryImageOfPage":{"@id":"https:\/\/shop.bjerring-sales.dk\/sv\/produkt\/bella-stol\/#primaryimage"},"image":{"@id":"https:\/\/shop.bjerring-sales.dk\/sv\/produkt\/bella-stol\/#primaryimage"},"thumbnailUrl":"https:\/\/shop.bjerring-sales.dk\/wp-content\/uploads\/2023\/11\/BETA_1_blackframe_blackseat-1.jpg","datePublished":"2023-10-31T11:14:35+00:00","dateModified":"2024-04-26T13:00:21+00:00","description":"Uppt\u00e4ck o\u00e4ndliga m\u00f6jligheter med v\u00e5ra Bella stolar. Den stapelbara stolen \u00e4r tillg\u00e4nglig i flera versioner som smidigt kompletterar olika typer av m\u00f6tes- och sammankomstrum.","breadcrumb":{"@id":"https:\/\/shop.bjerring-sales.dk\/sv\/produkt\/bella-stol\/#breadcrumb"},"inLanguage":"da-DK","potentialAction":[{"@type":"ReadAction","target":["https:\/\/shop.bjerring-sales.dk\/sv\/produkt\/bella-stol\/"]}]},{"@type":"ImageObject","inLanguage":"da-DK","@id":"https:\/\/shop.bjerring-sales.dk\/sv\/produkt\/bella-stol\/#primaryimage","url":"https:\/\/shop.bjerring-sales.dk\/wp-content\/uploads\/2023\/11\/BETA_1_blackframe_blackseat-1.jpg","contentUrl":"https:\/\/shop.bjerring-sales.dk\/wp-content\/uploads\/2023\/11\/BETA_1_blackframe_blackseat-1.jpg","width":800,"height":800},{"@type":"BreadcrumbList","@id":"https:\/\/shop.bjerring-sales.dk\/sv\/produkt\/bella-stol\/#breadcrumb","itemListElement":[{"@type":"ListItem","position":1,"name":"Hem","item":"https:\/\/shop.bjerring-sales.dk\/"},{"@type":"ListItem","position":2,"name":"Webbutik","item":"https:\/\/shop.bjerring-sales.dk\/butik\/"},{"@type":"ListItem","position":3,"name":"Bella &#8211; En funktionell och m\u00e5ngsidig stol"}]},{"@type":"WebSite","@id":"https:\/\/shop.bjerring-sales.dk\/#website","url":"https:\/\/shop.bjerring-sales.dk\/","name":"Bjerring-Salg","description":"M\u00f8bler til teatre, skoler, kontorer og indk\u00f8bscentre","publisher":{"@id":"https:\/\/shop.bjerring-sales.dk\/#organization"},"potentialAction":[{"@type":"SearchAction","target":{"@type":"EntryPoint","urlTemplate":"https:\/\/shop.bjerring-sales.dk\/?s={search_term_string}"},"query-input":{"@type":"PropertyValueSpecification","valueRequired":true,"valueName":"search_term_string"}}],"inLanguage":"da-DK"},{"@type":"Organization","@id":"https:\/\/shop.bjerring-sales.dk\/#organization","name":"Bjerring-Salg","url":"https:\/\/shop.bjerring-sales.dk\/","logo":{"@type":"ImageObject","inLanguage":"da-DK","@id":"https:\/\/shop.bjerring-sales.dk\/#\/schema\/logo\/image\/","url":"https:\/\/shop.bjerring-sales.dk\/wp-content\/uploads\/2023\/01\/logo_sv.png","contentUrl":"https:\/\/shop.bjerring-sales.dk\/wp-content\/uploads\/2023\/01\/logo_sv.png","width":195,"height":68,"caption":"Bjerring-Sales"},"image":{"@id":"https:\/\/shop.bjerring-sales.dk\/#\/schema\/logo\/image\/"}}]}},"_links":{"self":[{"href":"https:\/\/shop.bjerring-sales.dk\/da\/wp-json\/wp\/v2\/product\/93366","targetHints":{"allow":["GET"]}}],"collection":[{"href":"https:\/\/shop.bjerring-sales.dk\/da\/wp-json\/wp\/v2\/product"}],"about":[{"href":"https:\/\/shop.bjerring-sales.dk\/da\/wp-json\/wp\/v2\/types\/product"}],"wp:featuredmedia":[{"embeddable":true,"href":"https:\/\/shop.bjerring-sales.dk\/da\/wp-json\/wp\/v2\/media\/94610"}],"wp:attachment":[{"href":"https:\/\/shop.bjerring-sales.dk\/da\/wp-json\/wp\/v2\/media?parent=93366"}],"wp:term":[{"taxonomy":"product_brand","embeddable":true,"href":"https:\/\/shop.bjerring-sales.dk\/da\/wp-json\/wp\/v2\/product_brand?post=93366"},{"taxonomy":"product_cat","embeddable":true,"href":"https:\/\/shop.bjerring-sales.dk\/da\/wp-json\/wp\/v2\/product_cat?post=93366"},{"taxonomy":"product_tag","embeddable":true,"href":"https:\/\/shop.bjerring-sales.dk\/da\/wp-json\/wp\/v2\/product_tag?post=93366"}],"curies":[{"name":"wp","href":"https:\/\/api.w.org\/{rel}","templated":true}]}}