{"id":92457,"date":"2023-04-18T15:15:09","date_gmt":"2023-04-18T13:15:09","guid":{"rendered":"https:\/\/shop.bjerring-sales.dk\/produkt\/pelarstativ-72-cm\/"},"modified":"2026-04-16T20:35:53","modified_gmt":"2026-04-16T18:35:53","slug":"pelarstativ-72-cm","status":"publish","type":"product","link":"https:\/\/shop.bjerring-sales.dk\/da\/vare\/pelarstativ-72-cm\/","title":{"rendered":"S\u00f8jlesstel \u00d872 cm \u2013 4 forskellige h\u00f8jder"},"content":{"rendered":"<div class=\"wpb-content-wrapper\"><div class=\"vc_row wpb_row vc_row-fluid wd-rs-644307f7be0da\"><div class=\"wpb_column vc_column_container vc_col-sm-12\"><div class=\"vc_column-inner\"><div class=\"wpb_wrapper\">\n\t<div class=\"wpb_text_column wpb_content_element\" >\n\t\t<div class=\"wpb_wrapper\">\n\t\t\t<p><span style=\"font-size: 24pt\">S\u00f8jlestel med rund bund \u00d872 cm - F\u00e5s i 4 forskellige h\u00f8jder<br \/>\n<\/span>S\u00f8jlestellet fra Studio-serien er et bordstel med rund bund, der kan bruges til de fleste typer bordplader. S\u00f8jlestellet kan udvides med mulighed for at skabe fx konferenceborde, spiseborde og m\u00f8deborde. B\u00e5de fod og s\u00f8jle er pulverlakerede st\u00e5lkonstruktioner. Stellet har justerbare f\u00f8dder, som g\u00f8r det nemt og bekvemt at stabilisere bordstellet, n\u00e5r det er n\u00f8dvendigt. Stellet er beregnet til indend\u00f8rs brug.<\/p>\n\n\t\t<\/div>\n\t<\/div>\n<\/div><\/div><\/div><\/div><div class=\"vc_row wpb_row vc_row-fluid wd-rs-644307f7be0da\"><div class=\"wpb_column vc_column_container vc_col-sm-12\"><div class=\"vc_column-inner\"><div class=\"wpb_wrapper\"><div class=\"vc_separator wpb_content_element vc_separator_align_center vc_sep_width_100 vc_sep_pos_align_center vc_separator_no_text vc_sep_color_grey\" ><span class=\"vc_sep_holder vc_sep_holder_l\"><span class=\"vc_sep_line\"><\/span><\/span><span class=\"vc_sep_holder vc_sep_holder_r\"><span class=\"vc_sep_line\"><\/span><\/span>\n<\/div><\/div><\/div><\/div><\/div><div class=\"vc_row wpb_row vc_row-fluid vc_custom_1524649438036\"><div class=\"wpb_column vc_column_container vc_col-sm-6\"><div class=\"vc_column-inner\"><div class=\"wpb_wrapper\">\n\t<div class=\"wpb_text_column wpb_content_element\" >\n\t\t<div class=\"wpb_wrapper\">\n\t\t\t<p><span style=\"font-size: 18pt\">\u00d872\u00d748 cm<\/span><\/p>\n<ul>\n<li>1 stel passer til st\u00f8rrelserne:<\/li>\n<li>2 stel passer til st\u00f8rrelserne:<\/li>\n<\/ul>\n<p><span style=\"font-size: 18pt\">\u00d872\u00d772 cm<\/span><\/p>\n<ul>\n<li>1 stel passer til st\u00f8rrelserne: \u00d890-130cm, 80x80cm, 90x90cm, 100x100cm<\/li>\n<li>2 stel passer til st\u00f8rrelserne: 160x80cm, 160x90cm, 160x100cm, 160x120cm, 180x80cm, 180x90cm, 180x100cm, 180x120cm, 200x80cm, 020x,020cm, 020x, 020cm 220x80cm, 220x90cm, 220x100cm, 220x120cm, 240x120cm<\/li>\n<\/ul>\n<p><span style=\"font-size: 18pt\">\u00d872\u00d788 cm<\/span><\/p>\n<ul>\n<li>1 stel passer til st\u00f8rrelserne:<\/li>\n<li>2 stel passer til st\u00f8rrelserne:<\/li>\n<\/ul>\n<p><span style=\"font-size: 18pt\">\u00d872\u00d7108 cm<\/span><\/p>\n<ul>\n<li>1 stel passer til st\u00f8rrelserne:<\/li>\n<li>2 stel passer til st\u00f8rrelserne:<\/li>\n<\/ul>\n\n\t\t<\/div>\n\t<\/div>\n<\/div><\/div><\/div><div class=\"wpb_column vc_column_container vc_col-sm-6\"><div class=\"vc_column-inner\"><div class=\"wpb_wrapper\">\n\t<div class=\"wpb_text_column wpb_content_element\" >\n\t\t<div class=\"wpb_wrapper\">\n\t\t\t<p><span style=\"font-size: 18pt\">Farver<br \/>\n<\/span>S\u00f8jlestellet f\u00e5s i sort, s\u00f8lvgr\u00e5 og poleret rustfrit st\u00e5l.<\/p>\n<p><span style=\"font-size: 18pt\">M\u00e5l<\/span><\/p>\n<ul>\n<li>\u00d872\u00d748 cm<\/li>\n<li>\u00d872\u00d772 cm<\/li>\n<li>\u00d872\u00d788 cm<\/li>\n<li>\u00d872\u00d7108 cm<\/li>\n<\/ul>\n<p><span style=\"font-size: 18pt\">V\u00e6gt<\/span><\/p>\n<ul>\n<li>\u00d872\u00d748 cm \u2013 29,5 kg<\/li>\n<li>\u00d872\u00d772 cm \u2013 30,5 kg<\/li>\n<li>\u00d872\u00d788 cm \u2013 31,5 kg<\/li>\n<li>\u00d872\u00d7108 cm \u2013 32,5 kg<\/li>\n<\/ul>\n<p><span style=\"font-size: 18pt\">Garanti<br \/>\n<\/span>2 \u00e5r<\/p>\n\n\t\t<\/div>\n\t<\/div>\n<\/div><\/div><\/div><\/div>\n<\/div>","protected":false},"excerpt":{"rendered":"<p>S\u00f8jlestel med rund bund \u00d872 cm i 4 forskellige h\u00f8jder. S\u00f8jlestel fra Studio-serien er et bordstel med rund bund, der kan bruges til de fleste typer bordplader. S\u00f8jlestellet kan bygges sammen med flere stel for at kunne b\u00e6re st\u00f8rre bordplader.<\/p>","protected":false},"featured_media":102375,"template":"","meta":{"iawp_total_views":3},"product_brand":[],"product_cat":[6363,5819],"product_tag":[6039],"class_list":{"0":"post-92457","1":"product","2":"type-product","3":"status-publish","4":"has-post-thumbnail","6":"product_cat-studio","7":"product_cat-bordsstativ","8":"product_tag-pelarstativ","10":"first","11":"instock","12":"taxable","13":"shipping-taxable","14":"purchasable","15":"product-type-variable"},"yoast_head":"<!-- This site is optimized with the Yoast SEO plugin v27.0 - https:\/\/yoast.com\/product\/yoast-seo-wordpress\/ -->\n<title>Pelarstativ \u00d872 cm - 4 olika h\u00f6jder - Bjerring-Sales<\/title>\n<meta name=\"description\" content=\"Pelarstativet fr\u00e5n Studio serien \u00e4r ett bordsstativ med rund fot som kan anv\u00e4ndas f\u00f6r dom flesta typer av bordsskivor. Pelarstativet kan byggas ut med m\u00f6jligheten att skapa exempelvis konferensbord, matbord och m\u00f6tesbord.\" \/>\n<meta name=\"robots\" content=\"index, follow, max-snippet:-1, max-image-preview:large, max-video-preview:-1\" \/>\n<link rel=\"canonical\" href=\"https:\/\/shop.bjerring-sales.dk\/da\/vare\/pelarstativ-72-cm\/\" \/>\n<meta property=\"og:locale\" content=\"da_DK\" \/>\n<meta property=\"og:type\" content=\"article\" \/>\n<meta property=\"og:title\" content=\"Pelarstativ med rund fot \u00d872 cm - Finns i 4 olika h\u00f6jder\" \/>\n<meta property=\"og:description\" content=\"Pelarstativet fr\u00e5n Studio serien \u00e4r ett bordsstativ med rund fot som kan anv\u00e4ndas f\u00f6r dom flesta typer av bordsskivor. Pelarstativet kan byggas ut med m\u00f6jligheten att skapa exempelvis konferensbord, matbord och m\u00f6tesbord.\" \/>\n<meta property=\"og:url\" content=\"https:\/\/shop.bjerring-sales.dk\/da\/vare\/pelarstativ-72-cm\/\" \/>\n<meta property=\"og:site_name\" content=\"Bjerring-Sales\" \/>\n<meta property=\"article:modified_time\" content=\"2026-04-16T18:35:53+00:00\" \/>\n<meta property=\"og:image\" content=\"https:\/\/shop.bjerring-sales.dk\/wp-content\/uploads\/2023\/04\/72_gray.jpg\" \/>\n\t<meta property=\"og:image:width\" content=\"800\" \/>\n\t<meta property=\"og:image:height\" content=\"800\" \/>\n\t<meta property=\"og:image:type\" content=\"image\/jpeg\" \/>\n<meta name=\"twitter:card\" content=\"summary_large_image\" \/>\n<meta name=\"twitter:title\" content=\"Pelarstativ med rund fot \u00d872 cm - Finns i 4 olika h\u00f6jder\" \/>\n<meta name=\"twitter:description\" content=\"Pelarstativet fr\u00e5n Studio serien \u00e4r ett bordsstativ med rund fot som kan anv\u00e4ndas f\u00f6r dom flesta typer av bordsskivor. Pelarstativet kan byggas ut med m\u00f6jligheten att skapa exempelvis konferensbord, matbord och m\u00f6tesbord.\" \/>\n<meta name=\"twitter:image\" content=\"https:\/\/shop.bjerring-sales.dk\/wp-content\/uploads\/2023\/04\/72_gray.jpg\" \/>\n<meta name=\"twitter:label1\" content=\"Estimeret l\u00e6setid\" \/>\n\t<meta name=\"twitter:data1\" content=\"2 minutter\" \/>\n<script type=\"application\/ld+json\" class=\"yoast-schema-graph\">{\"@context\":\"https:\/\/schema.org\",\"@graph\":[{\"@type\":\"WebPage\",\"@id\":\"https:\/\/shop.bjerring-sales.dk\/sv\/produkt\/pelarstativ-72-cm\/\",\"url\":\"https:\/\/shop.bjerring-sales.dk\/sv\/produkt\/pelarstativ-72-cm\/\",\"name\":\"Pelarstativ \u00d872 cm - 4 olika h\u00f6jder - Bjerring-Sales\",\"isPartOf\":{\"@id\":\"https:\/\/shop.bjerring-sales.dk\/#website\"},\"primaryImageOfPage\":{\"@id\":\"https:\/\/shop.bjerring-sales.dk\/sv\/produkt\/pelarstativ-72-cm\/#primaryimage\"},\"image\":{\"@id\":\"https:\/\/shop.bjerring-sales.dk\/sv\/produkt\/pelarstativ-72-cm\/#primaryimage\"},\"thumbnailUrl\":\"https:\/\/shop.bjerring-sales.dk\/wp-content\/uploads\/2026\/03\/72xH_all_sizes_variation_mtl_frames.jpg\",\"datePublished\":\"2023-04-18T13:15:09+00:00\",\"dateModified\":\"2026-04-16T18:35:53+00:00\",\"description\":\"Pelarstativet fr\u00e5n Studio serien \u00e4r ett bordsstativ med rund fot som kan anv\u00e4ndas f\u00f6r dom flesta typer av bordsskivor. Pelarstativet kan byggas ut med m\u00f6jligheten att skapa exempelvis konferensbord, matbord och m\u00f6tesbord.\",\"breadcrumb\":{\"@id\":\"https:\/\/shop.bjerring-sales.dk\/sv\/produkt\/pelarstativ-72-cm\/#breadcrumb\"},\"inLanguage\":\"da-DK\",\"potentialAction\":[{\"@type\":\"ReadAction\",\"target\":[\"https:\/\/shop.bjerring-sales.dk\/sv\/produkt\/pelarstativ-72-cm\/\"]}]},{\"@type\":\"ImageObject\",\"inLanguage\":\"da-DK\",\"@id\":\"https:\/\/shop.bjerring-sales.dk\/sv\/produkt\/pelarstativ-72-cm\/#primaryimage\",\"url\":\"https:\/\/shop.bjerring-sales.dk\/wp-content\/uploads\/2026\/03\/72xH_all_sizes_variation_mtl_frames.jpg\",\"contentUrl\":\"https:\/\/shop.bjerring-sales.dk\/wp-content\/uploads\/2026\/03\/72xH_all_sizes_variation_mtl_frames.jpg\",\"width\":800,\"height\":800},{\"@type\":\"BreadcrumbList\",\"@id\":\"https:\/\/shop.bjerring-sales.dk\/sv\/produkt\/pelarstativ-72-cm\/#breadcrumb\",\"itemListElement\":[{\"@type\":\"ListItem\",\"position\":1,\"name\":\"Hem\",\"item\":\"https:\/\/shop.bjerring-sales.dk\/\"},{\"@type\":\"ListItem\",\"position\":2,\"name\":\"Webbutik\",\"item\":\"https:\/\/shop.bjerring-sales.dk\/butik\/\"},{\"@type\":\"ListItem\",\"position\":3,\"name\":\"Pelarstativ \u00d872 cm &#8211; 4 olika h\u00f6jder\"}]},{\"@type\":\"WebSite\",\"@id\":\"https:\/\/shop.bjerring-sales.dk\/#website\",\"url\":\"https:\/\/shop.bjerring-sales.dk\/\",\"name\":\"Bjerring-Sales\",\"description\":\"M\u00f6bler f\u00f6r teatrar, skolor, kontor och k\u00f6pcentrum\",\"publisher\":{\"@id\":\"https:\/\/shop.bjerring-sales.dk\/#organization\"},\"potentialAction\":[{\"@type\":\"SearchAction\",\"target\":{\"@type\":\"EntryPoint\",\"urlTemplate\":\"https:\/\/shop.bjerring-sales.dk\/?s={search_term_string}\"},\"query-input\":{\"@type\":\"PropertyValueSpecification\",\"valueRequired\":true,\"valueName\":\"search_term_string\"}}],\"inLanguage\":\"da-DK\"},{\"@type\":\"Organization\",\"@id\":\"https:\/\/shop.bjerring-sales.dk\/#organization\",\"name\":\"Bjerring-Sales\",\"url\":\"https:\/\/shop.bjerring-sales.dk\/\",\"logo\":{\"@type\":\"ImageObject\",\"inLanguage\":\"da-DK\",\"@id\":\"https:\/\/shop.bjerring-sales.dk\/#\/schema\/logo\/image\/\",\"url\":\"https:\/\/shop.bjerring-sales.dk\/wp-content\/uploads\/2023\/01\/logo_sv.png\",\"contentUrl\":\"https:\/\/shop.bjerring-sales.dk\/wp-content\/uploads\/2023\/01\/logo_sv.png\",\"width\":195,\"height\":68,\"caption\":\"Bjerring-Sales\"},\"image\":{\"@id\":\"https:\/\/shop.bjerring-sales.dk\/#\/schema\/logo\/image\/\"}}]}<\/script>\n<!-- \/ Yoast SEO plugin. -->","yoast_head_json":{"title":"Pelarstativ \u00d872 cm - 4 olika h\u00f6jder - Bjerring-Sales","description":"Pelarstativet fr\u00e5n Studio serien \u00e4r ett bordsstativ med rund fot som kan anv\u00e4ndas f\u00f6r dom flesta typer av bordsskivor. Pelarstativet kan byggas ut med m\u00f6jligheten att skapa exempelvis konferensbord, matbord och m\u00f6tesbord.","robots":{"index":"index","follow":"follow","max-snippet":"max-snippet:-1","max-image-preview":"max-image-preview:large","max-video-preview":"max-video-preview:-1"},"canonical":"https:\/\/shop.bjerring-sales.dk\/da\/vare\/pelarstativ-72-cm\/","og_locale":"da_DK","og_type":"article","og_title":"Pelarstativ med rund fot \u00d872 cm - Finns i 4 olika h\u00f6jder","og_description":"Pelarstativet fr\u00e5n Studio serien \u00e4r ett bordsstativ med rund fot som kan anv\u00e4ndas f\u00f6r dom flesta typer av bordsskivor. Pelarstativet kan byggas ut med m\u00f6jligheten att skapa exempelvis konferensbord, matbord och m\u00f6tesbord.","og_url":"https:\/\/shop.bjerring-sales.dk\/da\/vare\/pelarstativ-72-cm\/","og_site_name":"Bjerring-Sales","article_modified_time":"2026-04-16T18:35:53+00:00","og_image":[{"width":800,"height":800,"url":"https:\/\/shop.bjerring-sales.dk\/wp-content\/uploads\/2023\/04\/72_gray.jpg","type":"image\/jpeg"}],"twitter_card":"summary_large_image","twitter_title":"Pelarstativ med rund fot \u00d872 cm - Finns i 4 olika h\u00f6jder","twitter_description":"Pelarstativet fr\u00e5n Studio serien \u00e4r ett bordsstativ med rund fot som kan anv\u00e4ndas f\u00f6r dom flesta typer av bordsskivor. Pelarstativet kan byggas ut med m\u00f6jligheten att skapa exempelvis konferensbord, matbord och m\u00f6tesbord.","twitter_image":"https:\/\/shop.bjerring-sales.dk\/wp-content\/uploads\/2023\/04\/72_gray.jpg","twitter_misc":{"Estimeret l\u00e6setid":"2 minutter"},"schema":{"@context":"https:\/\/schema.org","@graph":[{"@type":"WebPage","@id":"https:\/\/shop.bjerring-sales.dk\/sv\/produkt\/pelarstativ-72-cm\/","url":"https:\/\/shop.bjerring-sales.dk\/sv\/produkt\/pelarstativ-72-cm\/","name":"Pelarstativ \u00d872 cm - 4 olika h\u00f6jder - Bjerring-Sales","isPartOf":{"@id":"https:\/\/shop.bjerring-sales.dk\/#website"},"primaryImageOfPage":{"@id":"https:\/\/shop.bjerring-sales.dk\/sv\/produkt\/pelarstativ-72-cm\/#primaryimage"},"image":{"@id":"https:\/\/shop.bjerring-sales.dk\/sv\/produkt\/pelarstativ-72-cm\/#primaryimage"},"thumbnailUrl":"https:\/\/shop.bjerring-sales.dk\/wp-content\/uploads\/2026\/03\/72xH_all_sizes_variation_mtl_frames.jpg","datePublished":"2023-04-18T13:15:09+00:00","dateModified":"2026-04-16T18:35:53+00:00","description":"Pelarstativet fr\u00e5n Studio serien \u00e4r ett bordsstativ med rund fot som kan anv\u00e4ndas f\u00f6r dom flesta typer av bordsskivor. Pelarstativet kan byggas ut med m\u00f6jligheten att skapa exempelvis konferensbord, matbord och m\u00f6tesbord.","breadcrumb":{"@id":"https:\/\/shop.bjerring-sales.dk\/sv\/produkt\/pelarstativ-72-cm\/#breadcrumb"},"inLanguage":"da-DK","potentialAction":[{"@type":"ReadAction","target":["https:\/\/shop.bjerring-sales.dk\/sv\/produkt\/pelarstativ-72-cm\/"]}]},{"@type":"ImageObject","inLanguage":"da-DK","@id":"https:\/\/shop.bjerring-sales.dk\/sv\/produkt\/pelarstativ-72-cm\/#primaryimage","url":"https:\/\/shop.bjerring-sales.dk\/wp-content\/uploads\/2026\/03\/72xH_all_sizes_variation_mtl_frames.jpg","contentUrl":"https:\/\/shop.bjerring-sales.dk\/wp-content\/uploads\/2026\/03\/72xH_all_sizes_variation_mtl_frames.jpg","width":800,"height":800},{"@type":"BreadcrumbList","@id":"https:\/\/shop.bjerring-sales.dk\/sv\/produkt\/pelarstativ-72-cm\/#breadcrumb","itemListElement":[{"@type":"ListItem","position":1,"name":"Hem","item":"https:\/\/shop.bjerring-sales.dk\/"},{"@type":"ListItem","position":2,"name":"Webbutik","item":"https:\/\/shop.bjerring-sales.dk\/butik\/"},{"@type":"ListItem","position":3,"name":"Pelarstativ \u00d872 cm &#8211; 4 olika h\u00f6jder"}]},{"@type":"WebSite","@id":"https:\/\/shop.bjerring-sales.dk\/#website","url":"https:\/\/shop.bjerring-sales.dk\/","name":"Bjerring-Salg","description":"M\u00f8bler til teatre, skoler, kontorer og indk\u00f8bscentre","publisher":{"@id":"https:\/\/shop.bjerring-sales.dk\/#organization"},"potentialAction":[{"@type":"SearchAction","target":{"@type":"EntryPoint","urlTemplate":"https:\/\/shop.bjerring-sales.dk\/?s={search_term_string}"},"query-input":{"@type":"PropertyValueSpecification","valueRequired":true,"valueName":"search_term_string"}}],"inLanguage":"da-DK"},{"@type":"Organization","@id":"https:\/\/shop.bjerring-sales.dk\/#organization","name":"Bjerring-Salg","url":"https:\/\/shop.bjerring-sales.dk\/","logo":{"@type":"ImageObject","inLanguage":"da-DK","@id":"https:\/\/shop.bjerring-sales.dk\/#\/schema\/logo\/image\/","url":"https:\/\/shop.bjerring-sales.dk\/wp-content\/uploads\/2023\/01\/logo_sv.png","contentUrl":"https:\/\/shop.bjerring-sales.dk\/wp-content\/uploads\/2023\/01\/logo_sv.png","width":195,"height":68,"caption":"Bjerring-Sales"},"image":{"@id":"https:\/\/shop.bjerring-sales.dk\/#\/schema\/logo\/image\/"}}]}},"_links":{"self":[{"href":"https:\/\/shop.bjerring-sales.dk\/da\/wp-json\/wp\/v2\/product\/92457","targetHints":{"allow":["GET"]}}],"collection":[{"href":"https:\/\/shop.bjerring-sales.dk\/da\/wp-json\/wp\/v2\/product"}],"about":[{"href":"https:\/\/shop.bjerring-sales.dk\/da\/wp-json\/wp\/v2\/types\/product"}],"wp:featuredmedia":[{"embeddable":true,"href":"https:\/\/shop.bjerring-sales.dk\/da\/wp-json\/wp\/v2\/media\/102375"}],"wp:attachment":[{"href":"https:\/\/shop.bjerring-sales.dk\/da\/wp-json\/wp\/v2\/media?parent=92457"}],"wp:term":[{"taxonomy":"product_brand","embeddable":true,"href":"https:\/\/shop.bjerring-sales.dk\/da\/wp-json\/wp\/v2\/product_brand?post=92457"},{"taxonomy":"product_cat","embeddable":true,"href":"https:\/\/shop.bjerring-sales.dk\/da\/wp-json\/wp\/v2\/product_cat?post=92457"},{"taxonomy":"product_tag","embeddable":true,"href":"https:\/\/shop.bjerring-sales.dk\/da\/wp-json\/wp\/v2\/product_tag?post=92457"}],"curies":[{"name":"wp","href":"https:\/\/api.w.org\/{rel}","templated":true}]}}