{"id":91978,"date":"2023-03-27T15:22:33","date_gmt":"2023-03-27T13:22:33","guid":{"rendered":"https:\/\/shop.bjerring-sales.dk\/produkt\/tellus-basic-bord\/"},"modified":"2026-05-04T07:18:12","modified_gmt":"2026-05-04T05:18:12","slug":"tellus-basic-bord","status":"publish","type":"product","link":"https:\/\/shop.bjerring-sales.dk\/da\/vare\/tellus-basic-bord\/","title":{"rendered":"Tellus Basic bord"},"content":{"rendered":"<div class=\"wpb-content-wrapper\"><div class=\"vc_row wpb_row vc_row-fluid\"><div class=\"wpb_column vc_column_container vc_col-sm-12\"><div class=\"vc_column-inner\"><div class=\"wpb_wrapper\">\n\t<div class=\"wpb_text_column wpb_content_element\" >\n\t\t<div class=\"wpb_wrapper\">\n\t\t\t<p><span style=\"font-size: 24pt\">Tellus Basic \u2013 Et robust og prisvenligt bord med faste ben<br \/>\n<\/span>Tellus Basic er et h\u00f8jkvalitets og prisvenligt bord med faste ben, der er perfekt til kunder, der leder efter et slidst\u00e6rkt bord, der kan bruges til forskellige form\u00e5l. Tellus Basic har et moderne og stilrent design, der g\u00f8r den perfekt til hjemmemilj\u00f8er og kontorer. De faste ben giver stabilitet og holdbarhed, desuden er bordet lavet af materialer af h\u00f8j kvalitet for at sikre langtidsbrug.<\/p>\n\n\t\t<\/div>\n\t<\/div>\n<\/div><\/div><\/div><\/div><div class=\"vc_row wpb_row vc_row-fluid\"><div class=\"wpb_column vc_column_container vc_col-sm-4\"><div class=\"vc_column-inner\"><div class=\"wpb_wrapper\">\n\t<div  class=\"wpb_single_image wpb_content_element vc_align_center\">\n\t\t\n\t\t<figure class=\"wpb_wrapper vc_figure\">\n\t\t\t<div class=\"vc_single_image-wrapper vc_box_shadow_border  vc_box_border_grey\"><img loading=\"lazy\" decoding=\"async\" width=\"800\" height=\"550\" src=\"https:\/\/shop.bjerring-sales.dk\/wp-content\/uploads\/2023\/03\/tellus-small-01.jpg\" class=\"vc_single_image-img attachment-full\" alt=\"\" title=\"tellus-small-01\" srcset=\"https:\/\/shop.bjerring-sales.dk\/wp-content\/uploads\/2023\/03\/tellus-small-01.jpg 800w, https:\/\/shop.bjerring-sales.dk\/wp-content\/uploads\/2023\/03\/tellus-small-01-150x103.jpg 150w, https:\/\/shop.bjerring-sales.dk\/wp-content\/uploads\/2023\/03\/tellus-small-01-600x413.jpg 600w, https:\/\/shop.bjerring-sales.dk\/wp-content\/uploads\/2023\/03\/tellus-small-01-300x206.jpg 300w, https:\/\/shop.bjerring-sales.dk\/wp-content\/uploads\/2023\/03\/tellus-small-01-768x528.jpg 768w\" sizes=\"auto, (max-width: 800px) 100vw, 800px\" \/><\/div>\n\t\t<\/figure>\n\t<\/div>\n<\/div><\/div><\/div><div class=\"wpb_column vc_column_container vc_col-sm-4\"><div class=\"vc_column-inner\"><div class=\"wpb_wrapper\">\n\t<div  class=\"wpb_single_image wpb_content_element vc_align_center\">\n\t\t\n\t\t<figure class=\"wpb_wrapper vc_figure\">\n\t\t\t<div class=\"vc_single_image-wrapper vc_box_shadow_border  vc_box_border_grey\"><img loading=\"lazy\" decoding=\"async\" width=\"800\" height=\"550\" src=\"https:\/\/shop.bjerring-sales.dk\/wp-content\/uploads\/2023\/03\/tellus-small-02.jpg\" class=\"vc_single_image-img attachment-full\" alt=\"\" title=\"tellus-small-02\" srcset=\"https:\/\/shop.bjerring-sales.dk\/wp-content\/uploads\/2023\/03\/tellus-small-02.jpg 800w, https:\/\/shop.bjerring-sales.dk\/wp-content\/uploads\/2023\/03\/tellus-small-02-150x103.jpg 150w, https:\/\/shop.bjerring-sales.dk\/wp-content\/uploads\/2023\/03\/tellus-small-02-600x413.jpg 600w, https:\/\/shop.bjerring-sales.dk\/wp-content\/uploads\/2023\/03\/tellus-small-02-300x206.jpg 300w, https:\/\/shop.bjerring-sales.dk\/wp-content\/uploads\/2023\/03\/tellus-small-02-768x528.jpg 768w\" sizes=\"auto, (max-width: 800px) 100vw, 800px\" \/><\/div>\n\t\t<\/figure>\n\t<\/div>\n<\/div><\/div><\/div><div class=\"wpb_column vc_column_container vc_col-sm-4\"><div class=\"vc_column-inner\"><div class=\"wpb_wrapper\">\n\t<div  class=\"wpb_single_image wpb_content_element vc_align_center\">\n\t\t\n\t\t<figure class=\"wpb_wrapper vc_figure\">\n\t\t\t<div class=\"vc_single_image-wrapper vc_box_shadow_border  vc_box_border_grey\"><img loading=\"lazy\" decoding=\"async\" width=\"800\" height=\"550\" src=\"https:\/\/shop.bjerring-sales.dk\/wp-content\/uploads\/2023\/03\/tellus-small-04.jpg\" class=\"vc_single_image-img attachment-full\" alt=\"\" title=\"tellus-small-04\" srcset=\"https:\/\/shop.bjerring-sales.dk\/wp-content\/uploads\/2023\/03\/tellus-small-04.jpg 800w, https:\/\/shop.bjerring-sales.dk\/wp-content\/uploads\/2023\/03\/tellus-small-04-150x103.jpg 150w, https:\/\/shop.bjerring-sales.dk\/wp-content\/uploads\/2023\/03\/tellus-small-04-600x413.jpg 600w, https:\/\/shop.bjerring-sales.dk\/wp-content\/uploads\/2023\/03\/tellus-small-04-300x206.jpg 300w, https:\/\/shop.bjerring-sales.dk\/wp-content\/uploads\/2023\/03\/tellus-small-04-768x528.jpg 768w\" sizes=\"auto, (max-width: 800px) 100vw, 800px\" \/><\/div>\n\t\t<\/figure>\n\t<\/div>\n<\/div><\/div><\/div><\/div><div class=\"vc_row wpb_row vc_row-fluid\"><div class=\"wpb_column vc_column_container vc_col-sm-6\"><div class=\"vc_column-inner\"><div class=\"wpb_wrapper\">\n\t<div class=\"wpb_text_column wpb_content_element\" >\n\t\t<div class=\"wpb_wrapper\">\n\t\t\t<p><span style=\"font-size: 24pt\"><span style=\"font-size: 18pt\">Anvendelsesomr\u00e5de<br \/>\n<\/span><\/span>Tellus Basic-bordet er perfekt til mange forskellige form\u00e5l, fra spisebord til skrivebord eller som konferencebord. Det er ogs\u00e5 nemt at reng\u00f8re og vedligeholde, hvilket g\u00f8r det til en praktisk og bekvem l\u00f8sning for kunder, der leder efter et bord, der er b\u00e5de stilfuldt og funktionelt. Bordet f\u00e5s i mange forskellige st\u00f8rrelser, standard farver og forskellige bordplader, hvilket g\u00f8r det nemt at tilpasse til forskellige kundebehov. Bordet kan bruges som en enkel og stilfuld l\u00f8sning eller kombineres med andre m\u00f8bler for at skabe et komplet interi\u00f8r.<\/p>\n<p><span style=\"font-size: 24pt\"><span style=\"font-size: 18pt\">Stel<\/span><\/span><\/p>\n<ul>\n<li>L\u00e6ngde (justerbar): 104,8-148,8 cm<\/li>\n<li>Bredde: 65 cm<\/li>\n<li>H\u00f8jde: 73,5 cm<\/li>\n<li>R\u00f8rm\u00e5l ben: 75x45x1,5 mm<\/li>\n<li>R\u00f8rm\u00e5l fod: 650\u00d780 mm<\/li>\n<li>R\u00f8ret i rammen er 40\u00d720 mm (indvendigt r\u00f8r 30\u00d715 mm, teleskopisk)<\/li>\n<li>Mulighed for indstilling p\u00e5 h\u00f8jden (+10 mm)<\/li>\n<\/ul>\n<p><span style=\"font-size: 24pt\"><span style=\"font-size: 18pt\">Farver<\/span><\/span><\/p>\n<ul>\n<li>Bordplader f\u00e5s i b\u00f8g, birk, eg, hvid, sort, gr\u00e5 og urban eg<\/li>\n<li>Stellet f\u00e5s i sort, hvid og s\u00f8lvgr\u00e5<\/li>\n<\/ul>\n\n\t\t<\/div>\n\t<\/div>\n<\/div><\/div><\/div><div class=\"wpb_column vc_column_container vc_col-sm-6\"><div class=\"vc_column-inner\"><div class=\"wpb_wrapper\">\n\t<div class=\"wpb_text_column wpb_content_element\" >\n\t\t<div class=\"wpb_wrapper\">\n\t\t\t<p><span style=\"font-size: 24pt\"><span style=\"font-size: 18pt\">V\u00e6gte og m\u00e5l<br \/>\n<\/span><\/span><\/p>\n<ul>\n<li>120\u00d760 cm \u2013 22,5 kg<\/li>\n<li>120\u00d770 cm - 23,5 kg<\/li>\n<li>120\u00d780 cm \u2013 25,5 kg<\/li>\n<li>140\u00d760 cm \u2013 24,5 kg<\/li>\n<li>140\u00d770 cm - 26 kg<\/li>\n<li>140\u00d780 cm \u2013 27,5 kg<\/li>\n<li>160\u00d770 cm - 28 kg<\/li>\n<li>160\u00d780 cm \u2013 29,5 kg<\/li>\n<li>180\u00d770 cm - 29,5 kg<\/li>\n<li>180\u00d780 cm \u2013 31,5 kg<\/li>\n<\/ul>\n<p><span style=\"font-size: 18pt\">Garanti<br \/>\n<\/span>2 \u00e5rs garanti<\/p>\n<p><span style=\"font-size: 24pt\"><span style=\"font-size: 18pt\">Montering<br \/>\n<\/span><\/span><img loading=\"lazy\" decoding=\"async\" class=\"alignnone size-full wp-image-72653\" src=\"https:\/\/shop.bjerring-sales.dk\/wp-content\/uploads\/2021\/03\/PDF-doc-16.png\" alt=\"\" width=\"16\" height=\"16\" \/>\u00a0<a href=\"https:\/\/elj.se\/wp-content\/uploads\/2023\/03\/Tellus_Basic_manual-2.pdf\" target=\"_blank\" rel=\"noopener\">Monteringsvejledning<\/a><\/p>\n\n\t\t<\/div>\n\t<\/div>\n<\/div><\/div><\/div><\/div>\n<\/div>","protected":false},"excerpt":{"rendered":"<p>Tellus Basic er et h\u00f8jkvalitets og prisvenligt bord med faste ben, der er perfekt til kunder, der leder efter et slidst\u00e6rkt bord, der kan bruges til forskellige form\u00e5l. Bordet har et moderne og stilrent design, der g\u00f8r det perfekt til hjemmemilj\u00f8er og kontorer.<\/p>","protected":false},"featured_media":100413,"template":"","meta":{"iawp_total_views":12},"product_brand":[],"product_cat":[5786,5787,5785,5821,5820,6260],"product_tag":[5992,5993,6058,6059,6371,5781],"class_list":{"0":"post-91978","1":"product","2":"type-product","3":"status-publish","4":"has-post-thumbnail","6":"product_cat-skrivbord","7":"product_cat-bord","8":"product_cat-hemmakontor","9":"product_cat-utbildningsbord","10":"product_cat-konferensbord","11":"product_cat-matbord","12":"product_tag-konferensbord","13":"product_tag-matbord","14":"product_tag-bord-med-fasta-ben","15":"product_tag-arbetsbord","16":"product_tag-tellus-basic","17":"product_tag-skrivbord","19":"first","20":"instock","21":"taxable","22":"shipping-taxable","23":"purchasable","24":"product-type-variable"},"yoast_head":"<!-- This site is optimized with the Yoast SEO plugin v27.0 - https:\/\/yoast.com\/product\/yoast-seo-wordpress\/ -->\n<title>Tellus Basic bord - Bjerring-Sales<\/title>\n<meta name=\"description\" content=\"Tellus Basic \u00e4r ett kvalitativt och prisv\u00e4rt bord med fasta ben som passar perfekt f\u00f6r kunder som s\u00f6ker ett h\u00e5llbart bord som kan anv\u00e4ndas f\u00f6r olika \u00e4ndam\u00e5l.\" \/>\n<meta name=\"robots\" content=\"index, follow, max-snippet:-1, max-image-preview:large, max-video-preview:-1\" \/>\n<link rel=\"canonical\" href=\"https:\/\/shop.bjerring-sales.dk\/da\/vare\/tellus-basic-bord\/\" \/>\n<meta property=\"og:locale\" content=\"da_DK\" \/>\n<meta property=\"og:type\" content=\"article\" \/>\n<meta property=\"og:title\" content=\"Tellus Basic \u2013 Ett stadigt och prisv\u00e4rt bord med fasta ben\" \/>\n<meta property=\"og:description\" content=\"Tellus Basic \u00e4r ett kvalitativt och prisv\u00e4rt bord med fasta ben som passar perfekt f\u00f6r kunder som s\u00f6ker ett h\u00e5llbart bord som kan anv\u00e4ndas f\u00f6r olika \u00e4ndam\u00e5l.\" \/>\n<meta property=\"og:url\" content=\"https:\/\/shop.bjerring-sales.dk\/da\/vare\/tellus-basic-bord\/\" \/>\n<meta property=\"og:site_name\" content=\"Bjerring-Sales\" \/>\n<meta property=\"article:modified_time\" content=\"2026-05-04T05:18:12+00:00\" \/>\n<meta property=\"og:image\" content=\"https:\/\/shop.bjerring-sales.dk\/wp-content\/uploads\/2023\/03\/tellus-small-01.jpg\" \/>\n\t<meta property=\"og:image:width\" content=\"800\" \/>\n\t<meta property=\"og:image:height\" content=\"550\" \/>\n\t<meta property=\"og:image:type\" content=\"image\/jpeg\" \/>\n<meta name=\"twitter:card\" content=\"summary_large_image\" \/>\n<meta name=\"twitter:title\" content=\"Tellus Basic \u2013 Ett stadigt och prisv\u00e4rt bord med fasta ben\" \/>\n<meta name=\"twitter:description\" content=\"Tellus Basic \u00e4r ett kvalitativt och prisv\u00e4rt bord med fasta ben som passar perfekt f\u00f6r kunder som s\u00f6ker ett h\u00e5llbart bord som kan anv\u00e4ndas f\u00f6r olika \u00e4ndam\u00e5l.\" \/>\n<meta name=\"twitter:image\" content=\"https:\/\/shop.bjerring-sales.dk\/wp-content\/uploads\/2023\/03\/tellus-small-01.jpg\" \/>\n<meta name=\"twitter:label1\" content=\"Estimeret l\u00e6setid\" \/>\n\t<meta name=\"twitter:data1\" content=\"2 minutter\" \/>\n<script type=\"application\/ld+json\" class=\"yoast-schema-graph\">{\"@context\":\"https:\/\/schema.org\",\"@graph\":[{\"@type\":\"WebPage\",\"@id\":\"https:\/\/shop.bjerring-sales.dk\/sv\/produkt\/tellus-basic-bord\/\",\"url\":\"https:\/\/shop.bjerring-sales.dk\/sv\/produkt\/tellus-basic-bord\/\",\"name\":\"Tellus Basic bord - Bjerring-Sales\",\"isPartOf\":{\"@id\":\"https:\/\/shop.bjerring-sales.dk\/#website\"},\"primaryImageOfPage\":{\"@id\":\"https:\/\/shop.bjerring-sales.dk\/sv\/produkt\/tellus-basic-bord\/#primaryimage\"},\"image\":{\"@id\":\"https:\/\/shop.bjerring-sales.dk\/sv\/produkt\/tellus-basic-bord\/#primaryimage\"},\"thumbnailUrl\":\"https:\/\/shop.bjerring-sales.dk\/wp-content\/uploads\/2025\/02\/180x70-white-w4.jpg\",\"datePublished\":\"2023-03-27T13:22:33+00:00\",\"dateModified\":\"2026-05-04T05:18:12+00:00\",\"description\":\"Tellus Basic \u00e4r ett kvalitativt och prisv\u00e4rt bord med fasta ben som passar perfekt f\u00f6r kunder som s\u00f6ker ett h\u00e5llbart bord som kan anv\u00e4ndas f\u00f6r olika \u00e4ndam\u00e5l.\",\"breadcrumb\":{\"@id\":\"https:\/\/shop.bjerring-sales.dk\/sv\/produkt\/tellus-basic-bord\/#breadcrumb\"},\"inLanguage\":\"da-DK\",\"potentialAction\":[{\"@type\":\"ReadAction\",\"target\":[\"https:\/\/shop.bjerring-sales.dk\/sv\/produkt\/tellus-basic-bord\/\"]}]},{\"@type\":\"ImageObject\",\"inLanguage\":\"da-DK\",\"@id\":\"https:\/\/shop.bjerring-sales.dk\/sv\/produkt\/tellus-basic-bord\/#primaryimage\",\"url\":\"https:\/\/shop.bjerring-sales.dk\/wp-content\/uploads\/2025\/02\/180x70-white-w4.jpg\",\"contentUrl\":\"https:\/\/shop.bjerring-sales.dk\/wp-content\/uploads\/2025\/02\/180x70-white-w4.jpg\",\"width\":800,\"height\":800},{\"@type\":\"BreadcrumbList\",\"@id\":\"https:\/\/shop.bjerring-sales.dk\/sv\/produkt\/tellus-basic-bord\/#breadcrumb\",\"itemListElement\":[{\"@type\":\"ListItem\",\"position\":1,\"name\":\"Hem\",\"item\":\"https:\/\/shop.bjerring-sales.dk\/\"},{\"@type\":\"ListItem\",\"position\":2,\"name\":\"Webbutik\",\"item\":\"https:\/\/shop.bjerring-sales.dk\/butik\/\"},{\"@type\":\"ListItem\",\"position\":3,\"name\":\"Tellus Basic bord\"}]},{\"@type\":\"WebSite\",\"@id\":\"https:\/\/shop.bjerring-sales.dk\/#website\",\"url\":\"https:\/\/shop.bjerring-sales.dk\/\",\"name\":\"Bjerring-Sales\",\"description\":\"M\u00f6bler f\u00f6r teatrar, skolor, kontor och k\u00f6pcentrum\",\"publisher\":{\"@id\":\"https:\/\/shop.bjerring-sales.dk\/#organization\"},\"potentialAction\":[{\"@type\":\"SearchAction\",\"target\":{\"@type\":\"EntryPoint\",\"urlTemplate\":\"https:\/\/shop.bjerring-sales.dk\/?s={search_term_string}\"},\"query-input\":{\"@type\":\"PropertyValueSpecification\",\"valueRequired\":true,\"valueName\":\"search_term_string\"}}],\"inLanguage\":\"da-DK\"},{\"@type\":\"Organization\",\"@id\":\"https:\/\/shop.bjerring-sales.dk\/#organization\",\"name\":\"Bjerring-Sales\",\"url\":\"https:\/\/shop.bjerring-sales.dk\/\",\"logo\":{\"@type\":\"ImageObject\",\"inLanguage\":\"da-DK\",\"@id\":\"https:\/\/shop.bjerring-sales.dk\/#\/schema\/logo\/image\/\",\"url\":\"https:\/\/shop.bjerring-sales.dk\/wp-content\/uploads\/2023\/01\/logo_sv.png\",\"contentUrl\":\"https:\/\/shop.bjerring-sales.dk\/wp-content\/uploads\/2023\/01\/logo_sv.png\",\"width\":195,\"height\":68,\"caption\":\"Bjerring-Sales\"},\"image\":{\"@id\":\"https:\/\/shop.bjerring-sales.dk\/#\/schema\/logo\/image\/\"}}]}<\/script>\n<!-- \/ Yoast SEO plugin. -->","yoast_head_json":{"title":"Tellus Basic bord - Bjerring-Sales","description":"Tellus Basic \u00e4r ett kvalitativt och prisv\u00e4rt bord med fasta ben som passar perfekt f\u00f6r kunder som s\u00f6ker ett h\u00e5llbart bord som kan anv\u00e4ndas f\u00f6r olika \u00e4ndam\u00e5l.","robots":{"index":"index","follow":"follow","max-snippet":"max-snippet:-1","max-image-preview":"max-image-preview:large","max-video-preview":"max-video-preview:-1"},"canonical":"https:\/\/shop.bjerring-sales.dk\/da\/vare\/tellus-basic-bord\/","og_locale":"da_DK","og_type":"article","og_title":"Tellus Basic \u2013 Ett stadigt och prisv\u00e4rt bord med fasta ben","og_description":"Tellus Basic \u00e4r ett kvalitativt och prisv\u00e4rt bord med fasta ben som passar perfekt f\u00f6r kunder som s\u00f6ker ett h\u00e5llbart bord som kan anv\u00e4ndas f\u00f6r olika \u00e4ndam\u00e5l.","og_url":"https:\/\/shop.bjerring-sales.dk\/da\/vare\/tellus-basic-bord\/","og_site_name":"Bjerring-Sales","article_modified_time":"2026-05-04T05:18:12+00:00","og_image":[{"width":800,"height":550,"url":"https:\/\/shop.bjerring-sales.dk\/wp-content\/uploads\/2023\/03\/tellus-small-01.jpg","type":"image\/jpeg"}],"twitter_card":"summary_large_image","twitter_title":"Tellus Basic \u2013 Ett stadigt och prisv\u00e4rt bord med fasta ben","twitter_description":"Tellus Basic \u00e4r ett kvalitativt och prisv\u00e4rt bord med fasta ben som passar perfekt f\u00f6r kunder som s\u00f6ker ett h\u00e5llbart bord som kan anv\u00e4ndas f\u00f6r olika \u00e4ndam\u00e5l.","twitter_image":"https:\/\/shop.bjerring-sales.dk\/wp-content\/uploads\/2023\/03\/tellus-small-01.jpg","twitter_misc":{"Estimeret l\u00e6setid":"2 minutter"},"schema":{"@context":"https:\/\/schema.org","@graph":[{"@type":"WebPage","@id":"https:\/\/shop.bjerring-sales.dk\/sv\/produkt\/tellus-basic-bord\/","url":"https:\/\/shop.bjerring-sales.dk\/sv\/produkt\/tellus-basic-bord\/","name":"Tellus Basic bord - Bjerring-Sales","isPartOf":{"@id":"https:\/\/shop.bjerring-sales.dk\/#website"},"primaryImageOfPage":{"@id":"https:\/\/shop.bjerring-sales.dk\/sv\/produkt\/tellus-basic-bord\/#primaryimage"},"image":{"@id":"https:\/\/shop.bjerring-sales.dk\/sv\/produkt\/tellus-basic-bord\/#primaryimage"},"thumbnailUrl":"https:\/\/shop.bjerring-sales.dk\/wp-content\/uploads\/2025\/02\/180x70-white-w4.jpg","datePublished":"2023-03-27T13:22:33+00:00","dateModified":"2026-05-04T05:18:12+00:00","description":"Tellus Basic \u00e4r ett kvalitativt och prisv\u00e4rt bord med fasta ben som passar perfekt f\u00f6r kunder som s\u00f6ker ett h\u00e5llbart bord som kan anv\u00e4ndas f\u00f6r olika \u00e4ndam\u00e5l.","breadcrumb":{"@id":"https:\/\/shop.bjerring-sales.dk\/sv\/produkt\/tellus-basic-bord\/#breadcrumb"},"inLanguage":"da-DK","potentialAction":[{"@type":"ReadAction","target":["https:\/\/shop.bjerring-sales.dk\/sv\/produkt\/tellus-basic-bord\/"]}]},{"@type":"ImageObject","inLanguage":"da-DK","@id":"https:\/\/shop.bjerring-sales.dk\/sv\/produkt\/tellus-basic-bord\/#primaryimage","url":"https:\/\/shop.bjerring-sales.dk\/wp-content\/uploads\/2025\/02\/180x70-white-w4.jpg","contentUrl":"https:\/\/shop.bjerring-sales.dk\/wp-content\/uploads\/2025\/02\/180x70-white-w4.jpg","width":800,"height":800},{"@type":"BreadcrumbList","@id":"https:\/\/shop.bjerring-sales.dk\/sv\/produkt\/tellus-basic-bord\/#breadcrumb","itemListElement":[{"@type":"ListItem","position":1,"name":"Hem","item":"https:\/\/shop.bjerring-sales.dk\/"},{"@type":"ListItem","position":2,"name":"Webbutik","item":"https:\/\/shop.bjerring-sales.dk\/butik\/"},{"@type":"ListItem","position":3,"name":"Tellus Basic bord"}]},{"@type":"WebSite","@id":"https:\/\/shop.bjerring-sales.dk\/#website","url":"https:\/\/shop.bjerring-sales.dk\/","name":"Bjerring-Salg","description":"M\u00f8bler til teatre, skoler, kontorer og indk\u00f8bscentre","publisher":{"@id":"https:\/\/shop.bjerring-sales.dk\/#organization"},"potentialAction":[{"@type":"SearchAction","target":{"@type":"EntryPoint","urlTemplate":"https:\/\/shop.bjerring-sales.dk\/?s={search_term_string}"},"query-input":{"@type":"PropertyValueSpecification","valueRequired":true,"valueName":"search_term_string"}}],"inLanguage":"da-DK"},{"@type":"Organization","@id":"https:\/\/shop.bjerring-sales.dk\/#organization","name":"Bjerring-Salg","url":"https:\/\/shop.bjerring-sales.dk\/","logo":{"@type":"ImageObject","inLanguage":"da-DK","@id":"https:\/\/shop.bjerring-sales.dk\/#\/schema\/logo\/image\/","url":"https:\/\/shop.bjerring-sales.dk\/wp-content\/uploads\/2023\/01\/logo_sv.png","contentUrl":"https:\/\/shop.bjerring-sales.dk\/wp-content\/uploads\/2023\/01\/logo_sv.png","width":195,"height":68,"caption":"Bjerring-Sales"},"image":{"@id":"https:\/\/shop.bjerring-sales.dk\/#\/schema\/logo\/image\/"}}]}},"_links":{"self":[{"href":"https:\/\/shop.bjerring-sales.dk\/da\/wp-json\/wp\/v2\/product\/91978","targetHints":{"allow":["GET"]}}],"collection":[{"href":"https:\/\/shop.bjerring-sales.dk\/da\/wp-json\/wp\/v2\/product"}],"about":[{"href":"https:\/\/shop.bjerring-sales.dk\/da\/wp-json\/wp\/v2\/types\/product"}],"wp:featuredmedia":[{"embeddable":true,"href":"https:\/\/shop.bjerring-sales.dk\/da\/wp-json\/wp\/v2\/media\/100413"}],"wp:attachment":[{"href":"https:\/\/shop.bjerring-sales.dk\/da\/wp-json\/wp\/v2\/media?parent=91978"}],"wp:term":[{"taxonomy":"product_brand","embeddable":true,"href":"https:\/\/shop.bjerring-sales.dk\/da\/wp-json\/wp\/v2\/product_brand?post=91978"},{"taxonomy":"product_cat","embeddable":true,"href":"https:\/\/shop.bjerring-sales.dk\/da\/wp-json\/wp\/v2\/product_cat?post=91978"},{"taxonomy":"product_tag","embeddable":true,"href":"https:\/\/shop.bjerring-sales.dk\/da\/wp-json\/wp\/v2\/product_tag?post=91978"}],"curies":[{"name":"wp","href":"https:\/\/api.w.org\/{rel}","templated":true}]}}