{"id":91923,"date":"2023-03-13T16:30:37","date_gmt":"2023-03-13T15:30:37","guid":{"rendered":"https:\/\/shop.bjerring-sales.dk\/produkt\/tellus-basic-bordsstativ\/"},"modified":"2026-02-24T16:39:21","modified_gmt":"2026-02-24T15:39:21","slug":"tellus-basic-bordsstativ","status":"publish","type":"product","link":"https:\/\/shop.bjerring-sales.dk\/da\/vare\/tellus-basic-bordsstativ\/","title":{"rendered":"Tellus Basic \u2013 Bordstel med faste ben og justerbar l\u00e6ngde"},"content":{"rendered":"<div class=\"wpb-content-wrapper\"><div class=\"vc_row wpb_row vc_row-fluid\"><div class=\"wpb_column vc_column_container vc_col-sm-12\"><div class=\"vc_column-inner\"><div class=\"wpb_wrapper\">\n\t<div class=\"wpb_text_column wpb_content_element\" >\n\t\t<div class=\"wpb_wrapper\">\n\t\t\t<p><span style=\"font-size: 24pt\">Et robust bordstel med justerbar l\u00e6ngde og faste ben<br \/>\n<\/span>Tellus Basic-stellet er et prisvenligt bordstel, der f\u00e5s i sort, hvid og s\u00f8lvgr\u00e5 og lagerf\u00f8res b\u00e5de som stel og som et komplet bord. Det T-formede bordstel er et kvalitets Basic-produkt, der tilbyder en p\u00e5lidelig og holdbar l\u00f8sning til en overkommelig pris. Det er et perfekt basisprodukt til forhandlere, der \u00f8nsker at tilbyde kvalitets- og holdbare m\u00f8bel- og interi\u00f8rl\u00f8sninger til deres kunder til en konkurrencedygtig pris. Selvom det er et Basic produkt, er der ikke g\u00e5et p\u00e5 kompromis med kvalitet eller holdbarhed. Bordstellet er lavet af pulverlakerede metalr\u00f8r, der giver et stabilt fundament til din bordflade.<\/p>\n\n\t\t<\/div>\n\t<\/div>\n<\/div><\/div><\/div><\/div><div class=\"vc_row wpb_row vc_row-fluid\"><div class=\"wpb_column vc_column_container vc_col-sm-4\"><div class=\"vc_column-inner\"><div class=\"wpb_wrapper\">\n\t<div  class=\"wpb_single_image wpb_content_element vc_align_center\">\n\t\t\n\t\t<figure class=\"wpb_wrapper vc_figure\">\n\t\t\t<div class=\"vc_single_image-wrapper vc_box_shadow_border  vc_box_border_grey\"><img loading=\"lazy\" decoding=\"async\" width=\"800\" height=\"550\" src=\"https:\/\/shop.bjerring-sales.dk\/wp-content\/uploads\/2023\/03\/tellus-stativ-01.jpg\" class=\"vc_single_image-img attachment-full\" alt=\"\" title=\"tellus-stand-01\" srcset=\"https:\/\/shop.bjerring-sales.dk\/wp-content\/uploads\/2023\/03\/tellus-stativ-01.jpg 800w, https:\/\/shop.bjerring-sales.dk\/wp-content\/uploads\/2023\/03\/tellus-stativ-01-150x103.jpg 150w, https:\/\/shop.bjerring-sales.dk\/wp-content\/uploads\/2023\/03\/tellus-stativ-01-600x413.jpg 600w, https:\/\/shop.bjerring-sales.dk\/wp-content\/uploads\/2023\/03\/tellus-stativ-01-300x206.jpg 300w, https:\/\/shop.bjerring-sales.dk\/wp-content\/uploads\/2023\/03\/tellus-stativ-01-768x528.jpg 768w\" sizes=\"auto, (max-width: 800px) 100vw, 800px\" \/><\/div>\n\t\t<\/figure>\n\t<\/div>\n<\/div><\/div><\/div><div class=\"wpb_column vc_column_container vc_col-sm-4\"><div class=\"vc_column-inner\"><div class=\"wpb_wrapper\">\n\t<div  class=\"wpb_single_image wpb_content_element vc_align_center\">\n\t\t\n\t\t<figure class=\"wpb_wrapper vc_figure\">\n\t\t\t<div class=\"vc_single_image-wrapper vc_box_shadow_border  vc_box_border_grey\"><img loading=\"lazy\" decoding=\"async\" width=\"800\" height=\"550\" src=\"https:\/\/shop.bjerring-sales.dk\/wp-content\/uploads\/2023\/03\/tellus-stativ-02.jpg\" class=\"vc_single_image-img attachment-full\" alt=\"\" title=\"tellus-stand-02\" srcset=\"https:\/\/shop.bjerring-sales.dk\/wp-content\/uploads\/2023\/03\/tellus-stativ-02.jpg 800w, https:\/\/shop.bjerring-sales.dk\/wp-content\/uploads\/2023\/03\/tellus-stativ-02-150x103.jpg 150w, https:\/\/shop.bjerring-sales.dk\/wp-content\/uploads\/2023\/03\/tellus-stativ-02-600x413.jpg 600w, https:\/\/shop.bjerring-sales.dk\/wp-content\/uploads\/2023\/03\/tellus-stativ-02-300x206.jpg 300w, https:\/\/shop.bjerring-sales.dk\/wp-content\/uploads\/2023\/03\/tellus-stativ-02-768x528.jpg 768w\" sizes=\"auto, (max-width: 800px) 100vw, 800px\" \/><\/div>\n\t\t<\/figure>\n\t<\/div>\n<\/div><\/div><\/div><div class=\"wpb_column vc_column_container vc_col-sm-4\"><div class=\"vc_column-inner\"><div class=\"wpb_wrapper\">\n\t<div  class=\"wpb_single_image wpb_content_element vc_align_center\">\n\t\t\n\t\t<figure class=\"wpb_wrapper vc_figure\">\n\t\t\t<div class=\"vc_single_image-wrapper vc_box_shadow_border  vc_box_border_grey\"><img loading=\"lazy\" decoding=\"async\" width=\"800\" height=\"550\" src=\"https:\/\/shop.bjerring-sales.dk\/wp-content\/uploads\/2023\/03\/tellus-stativ-03.jpg\" class=\"vc_single_image-img attachment-full\" alt=\"\" title=\"tellus-stand-03\" srcset=\"https:\/\/shop.bjerring-sales.dk\/wp-content\/uploads\/2023\/03\/tellus-stativ-03.jpg 800w, https:\/\/shop.bjerring-sales.dk\/wp-content\/uploads\/2023\/03\/tellus-stativ-03-150x103.jpg 150w, https:\/\/shop.bjerring-sales.dk\/wp-content\/uploads\/2023\/03\/tellus-stativ-03-600x413.jpg 600w, https:\/\/shop.bjerring-sales.dk\/wp-content\/uploads\/2023\/03\/tellus-stativ-03-300x206.jpg 300w, https:\/\/shop.bjerring-sales.dk\/wp-content\/uploads\/2023\/03\/tellus-stativ-03-768x528.jpg 768w\" sizes=\"auto, (max-width: 800px) 100vw, 800px\" \/><\/div>\n\t\t<\/figure>\n\t<\/div>\n<\/div><\/div><\/div><\/div><div class=\"vc_row wpb_row vc_row-fluid\"><div class=\"wpb_column vc_column_container vc_col-sm-6\"><div class=\"vc_column-inner\"><div class=\"wpb_wrapper\">\n\t<div class=\"wpb_text_column wpb_content_element\" >\n\t\t<div class=\"wpb_wrapper\">\n\t\t\t<p><span style=\"font-size: 18pt\">M\u00e5l<\/span><\/p>\n<ul>\n<li>L\u00e6ngde (justerbar): 104,8-148,8 cm<\/li>\n<li>Bredde: 65 cm<\/li>\n<li>H\u00f8jde: 73,5 cm<\/li>\n<li>R\u00f8rm\u00e5l ben: 75x45x1,5 mm<\/li>\n<li>R\u00f8rm\u00e5l fod: 650\u00d780 mm<\/li>\n<li>R\u00f8ret i rammen er 40\u00d720 mm (indvendigt r\u00f8r 30\u00d715 mm, teleskopisk)<\/li>\n<\/ul>\n<p><span style=\"font-size: 18pt\">V\u00e6gt<\/span><\/p>\n<ul>\n<li>V\u00e6gt stel uden bordplade: 13,2 kg<\/li>\n<li>Rec. max. belastning: 70 kg<\/li>\n<\/ul>\n\n\t\t<\/div>\n\t<\/div>\n<\/div><\/div><\/div><div class=\"wpb_column vc_column_container vc_col-sm-6\"><div class=\"vc_column-inner\"><div class=\"wpb_wrapper\">\n\t<div class=\"wpb_text_column wpb_content_element\" >\n\t\t<div class=\"wpb_wrapper\">\n\t\t\t<p><span style=\"font-size: 18pt\">Specifikationer<\/span><\/p>\n<ul>\n<li>Tellus Basic stellet passer til bordplader med dimensioner 110-180 cm (l\u00e6ngde) 50-90 cm (bredde)<\/li>\n<li>Stellet er lagerf\u00f8rt i sort, hvid og s\u00f8lvgr\u00e5<\/li>\n<li>Alle stellene opfylder kravene i LST EN 527-3 standarden<\/li>\n<li>Mulighed for indstilling p\u00e5 h\u00f8jden (+10 mm)<\/li>\n<\/ul>\n<p><span style=\"font-size: 18pt\">Garanti<br \/>\n<\/span>2 \u00e5r<\/p>\n<p><span style=\"font-size: 18pt\">Montering<br \/>\n<\/span><img loading=\"lazy\" decoding=\"async\" class=\"alignnone size-full wp-image-72653\" src=\"https:\/\/shop.bjerring-sales.dk\/wp-content\/uploads\/2021\/03\/PDF-doc-16.png\" alt=\"\" width=\"16\" height=\"16\" \/>\u00a0<a href=\"https:\/\/elj.se\/wp-content\/uploads\/2023\/03\/Tellus_Basic_manual-2.pdf\" target=\"_blank\" rel=\"noopener\">Monteringsvejledning<\/a><\/p>\n\n\t\t<\/div>\n\t<\/div>\n<\/div><\/div><\/div><\/div>\n<\/div>","protected":false},"excerpt":{"rendered":"<p>Tellus Basic er et bordstel med justerbar l\u00e6ngde og faste ben. Tellus Basic-stellet f\u00e5s i sort, hvid og s\u00f8lvgr\u00e5 og lagerf\u00f8res b\u00e5de som stel og som et komplet bord.<\/p>","protected":false},"featured_media":100353,"template":"","meta":{"iawp_total_views":3},"product_brand":[],"product_cat":[5819],"product_tag":[6036,6057,6371,6372],"class_list":{"0":"post-91923","1":"product","2":"type-product","3":"status-publish","4":"has-post-thumbnail","6":"product_cat-bordsstativ","7":"product_tag-tellus","8":"product_tag-bordsstativ-med-fasta-ben","9":"product_tag-tellus-basic","10":"product_tag-bordsstativ-justerbar-langd","12":"first","13":"instock","14":"taxable","15":"shipping-taxable","16":"purchasable","17":"product-type-variable"},"yoast_head":"<!-- This site is optimized with the Yoast SEO plugin v27.0 - https:\/\/yoast.com\/product\/yoast-seo-wordpress\/ -->\n<title>Tellus Basic - Bordsstativ med fasta ben och justerbar l\u00e4ngd - Bjerring-Sales<\/title>\n<meta name=\"description\" content=\"Tellus Basic stativet \u00e4r ett prisv\u00e4rt bordsstativ som finns i svart, vit och silvergr\u00e5 kul\u00f6r och lagerh\u00e5lls b\u00e5de som stativ och kompletta bord.\" \/>\n<meta name=\"robots\" content=\"index, follow, max-snippet:-1, max-image-preview:large, max-video-preview:-1\" \/>\n<link rel=\"canonical\" href=\"https:\/\/shop.bjerring-sales.dk\/da\/vare\/tellus-basic-bordsstativ\/\" \/>\n<meta property=\"og:locale\" content=\"da_DK\" \/>\n<meta property=\"og:type\" content=\"article\" \/>\n<meta property=\"og:title\" content=\"Ett robust bordsstativ med justerbar l\u00e4ngd och fasta ben\" \/>\n<meta property=\"og:description\" content=\"Tellus Basic stativet \u00e4r ett prisv\u00e4rt bordsstativ som finns i svart, vit och silvergr\u00e5 kul\u00f6r och lagerh\u00e5lls b\u00e5de som stativ och kompletta bord.\" \/>\n<meta property=\"og:url\" content=\"https:\/\/shop.bjerring-sales.dk\/da\/vare\/tellus-basic-bordsstativ\/\" \/>\n<meta property=\"og:site_name\" content=\"Bjerring-Sales\" \/>\n<meta property=\"article:modified_time\" content=\"2026-02-24T15:39:21+00:00\" \/>\n<meta property=\"og:image\" content=\"https:\/\/shop.bjerring-sales.dk\/wp-content\/uploads\/2023\/03\/tellus-stativ-01.jpg\" \/>\n\t<meta property=\"og:image:width\" content=\"800\" \/>\n\t<meta property=\"og:image:height\" content=\"550\" \/>\n\t<meta property=\"og:image:type\" content=\"image\/jpeg\" \/>\n<meta name=\"twitter:card\" content=\"summary_large_image\" \/>\n<meta name=\"twitter:title\" content=\"Ett robust bordsstativ med justerbar l\u00e4ngd och fasta ben\" \/>\n<meta name=\"twitter:description\" content=\"Tellus Basic stativet \u00e4r ett prisv\u00e4rt bordsstativ som finns i svart, vit och silvergr\u00e5 kul\u00f6r och lagerh\u00e5lls b\u00e5de som stativ och kompletta bord.\" \/>\n<meta name=\"twitter:image\" content=\"https:\/\/shop.bjerring-sales.dk\/wp-content\/uploads\/2023\/03\/tellus-stativ-01.jpg\" \/>\n<meta name=\"twitter:label1\" content=\"Estimeret l\u00e6setid\" \/>\n\t<meta name=\"twitter:data1\" content=\"2 minutter\" \/>\n<script type=\"application\/ld+json\" class=\"yoast-schema-graph\">{\"@context\":\"https:\/\/schema.org\",\"@graph\":[{\"@type\":\"WebPage\",\"@id\":\"https:\/\/shop.bjerring-sales.dk\/sv\/produkt\/tellus-basic-bordsstativ\/\",\"url\":\"https:\/\/shop.bjerring-sales.dk\/sv\/produkt\/tellus-basic-bordsstativ\/\",\"name\":\"Tellus Basic - Bordsstativ med fasta ben och justerbar l\u00e4ngd - Bjerring-Sales\",\"isPartOf\":{\"@id\":\"https:\/\/shop.bjerring-sales.dk\/#website\"},\"primaryImageOfPage\":{\"@id\":\"https:\/\/shop.bjerring-sales.dk\/sv\/produkt\/tellus-basic-bordsstativ\/#primaryimage\"},\"image\":{\"@id\":\"https:\/\/shop.bjerring-sales.dk\/sv\/produkt\/tellus-basic-bordsstativ\/#primaryimage\"},\"thumbnailUrl\":\"https:\/\/shop.bjerring-sales.dk\/wp-content\/uploads\/2025\/01\/Tellus_stativ_vit_1.jpg\",\"datePublished\":\"2023-03-13T15:30:37+00:00\",\"dateModified\":\"2026-02-24T15:39:21+00:00\",\"description\":\"Tellus Basic stativet \u00e4r ett prisv\u00e4rt bordsstativ som finns i svart, vit och silvergr\u00e5 kul\u00f6r och lagerh\u00e5lls b\u00e5de som stativ och kompletta bord.\",\"breadcrumb\":{\"@id\":\"https:\/\/shop.bjerring-sales.dk\/sv\/produkt\/tellus-basic-bordsstativ\/#breadcrumb\"},\"inLanguage\":\"da-DK\",\"potentialAction\":[{\"@type\":\"ReadAction\",\"target\":[\"https:\/\/shop.bjerring-sales.dk\/sv\/produkt\/tellus-basic-bordsstativ\/\"]}]},{\"@type\":\"ImageObject\",\"inLanguage\":\"da-DK\",\"@id\":\"https:\/\/shop.bjerring-sales.dk\/sv\/produkt\/tellus-basic-bordsstativ\/#primaryimage\",\"url\":\"https:\/\/shop.bjerring-sales.dk\/wp-content\/uploads\/2025\/01\/Tellus_stativ_vit_1.jpg\",\"contentUrl\":\"https:\/\/shop.bjerring-sales.dk\/wp-content\/uploads\/2025\/01\/Tellus_stativ_vit_1.jpg\",\"width\":800,\"height\":800},{\"@type\":\"BreadcrumbList\",\"@id\":\"https:\/\/shop.bjerring-sales.dk\/sv\/produkt\/tellus-basic-bordsstativ\/#breadcrumb\",\"itemListElement\":[{\"@type\":\"ListItem\",\"position\":1,\"name\":\"Hem\",\"item\":\"https:\/\/shop.bjerring-sales.dk\/\"},{\"@type\":\"ListItem\",\"position\":2,\"name\":\"Webbutik\",\"item\":\"https:\/\/shop.bjerring-sales.dk\/butik\/\"},{\"@type\":\"ListItem\",\"position\":3,\"name\":\"Tellus Basic &#8211; Bordsstativ med fasta ben och justerbar l\u00e4ngd\"}]},{\"@type\":\"WebSite\",\"@id\":\"https:\/\/shop.bjerring-sales.dk\/#website\",\"url\":\"https:\/\/shop.bjerring-sales.dk\/\",\"name\":\"Bjerring-Sales\",\"description\":\"M\u00f6bler f\u00f6r teatrar, skolor, kontor och k\u00f6pcentrum\",\"publisher\":{\"@id\":\"https:\/\/shop.bjerring-sales.dk\/#organization\"},\"potentialAction\":[{\"@type\":\"SearchAction\",\"target\":{\"@type\":\"EntryPoint\",\"urlTemplate\":\"https:\/\/shop.bjerring-sales.dk\/?s={search_term_string}\"},\"query-input\":{\"@type\":\"PropertyValueSpecification\",\"valueRequired\":true,\"valueName\":\"search_term_string\"}}],\"inLanguage\":\"da-DK\"},{\"@type\":\"Organization\",\"@id\":\"https:\/\/shop.bjerring-sales.dk\/#organization\",\"name\":\"Bjerring-Sales\",\"url\":\"https:\/\/shop.bjerring-sales.dk\/\",\"logo\":{\"@type\":\"ImageObject\",\"inLanguage\":\"da-DK\",\"@id\":\"https:\/\/shop.bjerring-sales.dk\/#\/schema\/logo\/image\/\",\"url\":\"https:\/\/shop.bjerring-sales.dk\/wp-content\/uploads\/2023\/01\/logo_sv.png\",\"contentUrl\":\"https:\/\/shop.bjerring-sales.dk\/wp-content\/uploads\/2023\/01\/logo_sv.png\",\"width\":195,\"height\":68,\"caption\":\"Bjerring-Sales\"},\"image\":{\"@id\":\"https:\/\/shop.bjerring-sales.dk\/#\/schema\/logo\/image\/\"}}]}<\/script>\n<!-- \/ Yoast SEO plugin. -->","yoast_head_json":{"title":"Tellus Basic - Bordsstativ med fasta ben och justerbar l\u00e4ngd - Bjerring-Sales","description":"Tellus Basic stativet \u00e4r ett prisv\u00e4rt bordsstativ som finns i svart, vit och silvergr\u00e5 kul\u00f6r och lagerh\u00e5lls b\u00e5de som stativ och kompletta bord.","robots":{"index":"index","follow":"follow","max-snippet":"max-snippet:-1","max-image-preview":"max-image-preview:large","max-video-preview":"max-video-preview:-1"},"canonical":"https:\/\/shop.bjerring-sales.dk\/da\/vare\/tellus-basic-bordsstativ\/","og_locale":"da_DK","og_type":"article","og_title":"Ett robust bordsstativ med justerbar l\u00e4ngd och fasta ben","og_description":"Tellus Basic stativet \u00e4r ett prisv\u00e4rt bordsstativ som finns i svart, vit och silvergr\u00e5 kul\u00f6r och lagerh\u00e5lls b\u00e5de som stativ och kompletta bord.","og_url":"https:\/\/shop.bjerring-sales.dk\/da\/vare\/tellus-basic-bordsstativ\/","og_site_name":"Bjerring-Sales","article_modified_time":"2026-02-24T15:39:21+00:00","og_image":[{"width":800,"height":550,"url":"https:\/\/shop.bjerring-sales.dk\/wp-content\/uploads\/2023\/03\/tellus-stativ-01.jpg","type":"image\/jpeg"}],"twitter_card":"summary_large_image","twitter_title":"Ett robust bordsstativ med justerbar l\u00e4ngd och fasta ben","twitter_description":"Tellus Basic stativet \u00e4r ett prisv\u00e4rt bordsstativ som finns i svart, vit och silvergr\u00e5 kul\u00f6r och lagerh\u00e5lls b\u00e5de som stativ och kompletta bord.","twitter_image":"https:\/\/shop.bjerring-sales.dk\/wp-content\/uploads\/2023\/03\/tellus-stativ-01.jpg","twitter_misc":{"Estimeret l\u00e6setid":"2 minutter"},"schema":{"@context":"https:\/\/schema.org","@graph":[{"@type":"WebPage","@id":"https:\/\/shop.bjerring-sales.dk\/sv\/produkt\/tellus-basic-bordsstativ\/","url":"https:\/\/shop.bjerring-sales.dk\/sv\/produkt\/tellus-basic-bordsstativ\/","name":"Tellus Basic - Bordsstativ med fasta ben och justerbar l\u00e4ngd - Bjerring-Sales","isPartOf":{"@id":"https:\/\/shop.bjerring-sales.dk\/#website"},"primaryImageOfPage":{"@id":"https:\/\/shop.bjerring-sales.dk\/sv\/produkt\/tellus-basic-bordsstativ\/#primaryimage"},"image":{"@id":"https:\/\/shop.bjerring-sales.dk\/sv\/produkt\/tellus-basic-bordsstativ\/#primaryimage"},"thumbnailUrl":"https:\/\/shop.bjerring-sales.dk\/wp-content\/uploads\/2025\/01\/Tellus_stativ_vit_1.jpg","datePublished":"2023-03-13T15:30:37+00:00","dateModified":"2026-02-24T15:39:21+00:00","description":"Tellus Basic stativet \u00e4r ett prisv\u00e4rt bordsstativ som finns i svart, vit och silvergr\u00e5 kul\u00f6r och lagerh\u00e5lls b\u00e5de som stativ och kompletta bord.","breadcrumb":{"@id":"https:\/\/shop.bjerring-sales.dk\/sv\/produkt\/tellus-basic-bordsstativ\/#breadcrumb"},"inLanguage":"da-DK","potentialAction":[{"@type":"ReadAction","target":["https:\/\/shop.bjerring-sales.dk\/sv\/produkt\/tellus-basic-bordsstativ\/"]}]},{"@type":"ImageObject","inLanguage":"da-DK","@id":"https:\/\/shop.bjerring-sales.dk\/sv\/produkt\/tellus-basic-bordsstativ\/#primaryimage","url":"https:\/\/shop.bjerring-sales.dk\/wp-content\/uploads\/2025\/01\/Tellus_stativ_vit_1.jpg","contentUrl":"https:\/\/shop.bjerring-sales.dk\/wp-content\/uploads\/2025\/01\/Tellus_stativ_vit_1.jpg","width":800,"height":800},{"@type":"BreadcrumbList","@id":"https:\/\/shop.bjerring-sales.dk\/sv\/produkt\/tellus-basic-bordsstativ\/#breadcrumb","itemListElement":[{"@type":"ListItem","position":1,"name":"Hem","item":"https:\/\/shop.bjerring-sales.dk\/"},{"@type":"ListItem","position":2,"name":"Webbutik","item":"https:\/\/shop.bjerring-sales.dk\/butik\/"},{"@type":"ListItem","position":3,"name":"Tellus Basic &#8211; Bordsstativ med fasta ben och justerbar l\u00e4ngd"}]},{"@type":"WebSite","@id":"https:\/\/shop.bjerring-sales.dk\/#website","url":"https:\/\/shop.bjerring-sales.dk\/","name":"Bjerring-Salg","description":"M\u00f8bler til teatre, skoler, kontorer og indk\u00f8bscentre","publisher":{"@id":"https:\/\/shop.bjerring-sales.dk\/#organization"},"potentialAction":[{"@type":"SearchAction","target":{"@type":"EntryPoint","urlTemplate":"https:\/\/shop.bjerring-sales.dk\/?s={search_term_string}"},"query-input":{"@type":"PropertyValueSpecification","valueRequired":true,"valueName":"search_term_string"}}],"inLanguage":"da-DK"},{"@type":"Organization","@id":"https:\/\/shop.bjerring-sales.dk\/#organization","name":"Bjerring-Salg","url":"https:\/\/shop.bjerring-sales.dk\/","logo":{"@type":"ImageObject","inLanguage":"da-DK","@id":"https:\/\/shop.bjerring-sales.dk\/#\/schema\/logo\/image\/","url":"https:\/\/shop.bjerring-sales.dk\/wp-content\/uploads\/2023\/01\/logo_sv.png","contentUrl":"https:\/\/shop.bjerring-sales.dk\/wp-content\/uploads\/2023\/01\/logo_sv.png","width":195,"height":68,"caption":"Bjerring-Sales"},"image":{"@id":"https:\/\/shop.bjerring-sales.dk\/#\/schema\/logo\/image\/"}}]}},"_links":{"self":[{"href":"https:\/\/shop.bjerring-sales.dk\/da\/wp-json\/wp\/v2\/product\/91923","targetHints":{"allow":["GET"]}}],"collection":[{"href":"https:\/\/shop.bjerring-sales.dk\/da\/wp-json\/wp\/v2\/product"}],"about":[{"href":"https:\/\/shop.bjerring-sales.dk\/da\/wp-json\/wp\/v2\/types\/product"}],"wp:featuredmedia":[{"embeddable":true,"href":"https:\/\/shop.bjerring-sales.dk\/da\/wp-json\/wp\/v2\/media\/100353"}],"wp:attachment":[{"href":"https:\/\/shop.bjerring-sales.dk\/da\/wp-json\/wp\/v2\/media?parent=91923"}],"wp:term":[{"taxonomy":"product_brand","embeddable":true,"href":"https:\/\/shop.bjerring-sales.dk\/da\/wp-json\/wp\/v2\/product_brand?post=91923"},{"taxonomy":"product_cat","embeddable":true,"href":"https:\/\/shop.bjerring-sales.dk\/da\/wp-json\/wp\/v2\/product_cat?post=91923"},{"taxonomy":"product_tag","embeddable":true,"href":"https:\/\/shop.bjerring-sales.dk\/da\/wp-json\/wp\/v2\/product_tag?post=91923"}],"curies":[{"name":"wp","href":"https:\/\/api.w.org\/{rel}","templated":true}]}}