{"id":91737,"date":"2022-07-01T11:00:05","date_gmt":"2022-07-01T09:00:05","guid":{"rendered":"https:\/\/shop.bjerring-sales.dk\/produkt\/hoj-sankbart-skrivbord-eco\/"},"modified":"2026-04-15T14:21:22","modified_gmt":"2026-04-15T12:21:22","slug":"hoj-sankbart-skrivbord-eco","status":"publish","type":"product","link":"https:\/\/shop.bjerring-sales.dk\/da\/vare\/hoj-sankbart-skrivbord-eco\/","title":{"rendered":"ECO \u2013 H\u00e6ve- og s\u00e6nkebord med h\u00e5ndsving"},"content":{"rendered":"<div class=\"wpb-content-wrapper\"><div class=\"vc_row wpb_row vc_row-fluid wd-rs-644307f7be0da\"><div class=\"wpb_column vc_column_container vc_col-sm-12\"><div class=\"vc_column-inner\"><div class=\"wpb_wrapper\">\n\t<div class=\"wpb_text_column wpb_content_element\" >\n\t\t<div class=\"wpb_wrapper\">\n\t\t\t<p><span style=\"font-size: 24pt;\">Up &amp; Down ECO \u2013 Et h\u00f8jdejusterbart skrivebord med h\u00e5ndsving<br \/>\n<\/span>Up &amp; Down ECO er et stilfuldt og prisvenligt skrivebord med h\u00e5ndsving, et smart alternativ til elektriske skriveborde, men med de samme fordele. ECO er et h\u00f8jdejusterbart skrivebord, der betjenes manuelt med h\u00e5ndsving, s\u00e5 brugeren b\u00e5de kan arbejde i siddende og st\u00e5ende stilling. Med sine forskellige st\u00f8rrelser er Up &amp; Down ECO tilpasset til kontoret s\u00e5vel som hjemmekontoret. Bordet er nemt at samle og f\u00e5s i flere farver til b\u00e5de stel og bordplade.<\/p>\n\n\t\t<\/div>\n\t<\/div>\n<\/div><\/div><\/div><\/div><div class=\"vc_row wpb_row vc_row-fluid wd-rs-644307f7be0da\"><div class=\"wpb_column vc_column_container vc_col-sm-12\"><div class=\"vc_column-inner\"><div class=\"wpb_wrapper\"><div class=\"vc_separator wpb_content_element vc_separator_align_center vc_sep_width_100 vc_sep_pos_align_center vc_separator_no_text vc_sep_color_grey\" ><span class=\"vc_sep_holder vc_sep_holder_l\"><span class=\"vc_sep_line\"><\/span><\/span><span class=\"vc_sep_holder vc_sep_holder_r\"><span class=\"vc_sep_line\"><\/span><\/span>\n<\/div><\/div><\/div><\/div><\/div><div class=\"vc_row wpb_row vc_row-fluid wd-rs-65bf7fe7e71e6\"><div class=\"wpb_column vc_column_container vc_col-sm-6\"><div class=\"vc_column-inner\"><div class=\"wpb_wrapper\">\n\t<div class=\"wpb_text_column wpb_content_element\" >\n\t\t<div class=\"wpb_wrapper\">\n\t\t\t<p><span style=\"font-size: 18pt;\">Anvendelsesomr\u00e5de<br \/>\n<\/span>Up &amp; Down ECO skrivebordet er en del af Up &amp; Down-serien, hvor vi ogs\u00e5 lagerf\u00f8rer Zero med h\u00e5ndsving, En med 1 motor og To med dobbeltmotorer. Up &amp; Down er en komplet m\u00f8belserie skabt af ELJ Furniture med h\u00f8jdejusterbare skriveborde. M\u00e5let med Up &amp; Down-serien er, at alle skal kunne have den perfekte arbejdsplads, uanset om det er derhjemme, p\u00e5 kontoret eller i et \u00e5bent kontormilj\u00f8.<\/p>\n<p><span style=\"font-size: 18pt;\">St\u00e5 med h\u00e5ndsving<br \/>\n<\/span>Stellet har et moderne design med lige linjer, hvilket betyder, at skrivebordet passer ind i alle typer kontorlokaler. Bordstellet er bygget med 2-delte rektangul\u00e6re ben, der er blevet pulverlakeret. L\u00f8ftekapaciteten er 70 kg, hvilket betyder, at brugeren nemt kan f\u00e5 plads til 2-3 sk\u00e6rme, dockingstationer, dokumenter mv. Stellet f\u00e5s i farverne hvid, sort og s\u00f8lvgr\u00e5.<\/p>\n<p><span style=\"font-size: 18pt;\">Bordplader<br \/>\n<\/span>Vi har forskellige modeller af bordplader i Up &amp; Down serien. Rektangul\u00e6re 19 mm laminatplader i hvid, sort, gr\u00e5, b\u00f8g, birk, eg og urban eg. Vi lagerf\u00f8rer ogs\u00e5 22 mm laminatplader i hvid med maveudsk\u00e6ring. Vi kan ogs\u00e5 specialfremstille bordplader i forskellige st\u00f8rrelser &amp; materialer, som ikke er inkluderet i vores standardsortiment. Kontakt os for mere information.<\/p>\n<p><span style=\"font-size: 18pt;\">M\u00e5l<\/span><\/p>\n<ul>\n<li>100\u00d760 cm<\/li>\n<li>100\u00d770 cm<\/li>\n<li>120\u00d760 cm<\/li>\n<li>120\u00d770 cm<\/li>\n<li>120\u00d780 cm<\/li>\n<li>140\u00d760 cm<\/li>\n<li>140\u00d770 cm<\/li>\n<li>140\u00d780 cm<\/li>\n<li>160\u00d770 cm<\/li>\n<li>160\u00d780 cm<\/li>\n<\/ul>\n\n\t\t<\/div>\n\t<\/div>\n<\/div><\/div><\/div><div class=\"wpb_column vc_column_container vc_col-sm-6\"><div class=\"vc_column-inner\"><div class=\"wpb_wrapper\">\n\t<div class=\"wpb_text_column wpb_content_element\" >\n\t\t<div class=\"wpb_wrapper\">\n\t\t\t<p><span style=\"font-size: 18pt;\">Specifikationer<\/span><\/p>\n<ul>\n<li>Bordet har en h\u00e6ve\/s\u00e6nkehastighed p\u00e5 6 mm\/omdr.<\/li>\n<li>R\u00f8rm\u00e5l 80\u00d750 mm<\/li>\n<li>H\u00f8jde med bordplade: 730-1230 mm<\/li>\n<li>L\u00e6ngde: 850-1290 mm<\/li>\n<li>Bredde: 600 mm<\/li>\n<li>Fodbredde: 600 mm<\/li>\n<li>Standard l\u00e6ngde: 500 mm<\/li>\n<li>Maksimal belastning: 70 kg<\/li>\n<li>Samlingen tager cirka 15 minutter<\/li>\n<\/ul>\n<p><span style=\"font-size: 18pt;\">V\u00e6gt bord med plade<\/span><\/p>\n<ul>\n<li>100\u00d760 cm = 25 kg<\/li>\n<li>100\u00d770 cm = 26,5 kg<\/li>\n<li>120\u00d760 cm = 26,5 kg<\/li>\n<li>120\u00d770 cm = 27,5 kg<\/li>\n<li>120\u00d780 cm = 29 kg<\/li>\n<li>140\u00d760 cm = 28,5 kg<\/li>\n<li>140\u00d770 cm = 30 kg<\/li>\n<li>140\u00d780 cm = 31,5 kg<\/li>\n<li>160\u00d770 cm = 32 kg<\/li>\n<li>160\u00d780 cm = 33,5 kg<\/li>\n<\/ul>\n<p><span style=\"font-size: 18pt;\">Garanti<\/span><\/p>\n<ul>\n<li>5 \u00e5rs garanti p\u00e5 hele Up &amp; Down serien.<\/li>\n<\/ul>\n<p><span style=\"font-size: 18pt;\">brugervejledning<\/span><br \/>\n<a href=\"https:\/\/shop.bjerring-sales.dk\/wp-content\/uploads\/2021\/03\/PDF-doc-16.png\"><img loading=\"lazy\" decoding=\"async\" class=\"alignnone size-full wp-image-72653\" src=\"https:\/\/shop.bjerring-sales.dk\/wp-content\/uploads\/2021\/03\/PDF-doc-16.png\" alt=\"\" width=\"16\" height=\"16\" \/><\/a> <a href=\"https:\/\/elj.se\/wp-content\/uploads\/2021\/11\/Up-Down-ECO-manual.pdf\" target=\"_blank\" rel=\"noopener\">brugervejledning<\/a><\/p>\n\n\t\t<\/div>\n\t<\/div>\n<\/div><\/div><\/div><\/div>\n<\/div>","protected":false},"excerpt":{"rendered":"<p>Up &amp; Down ECO er efter vores mening det smarteste skrivebord p\u00e5 markedet. Ikke alle \u00f8nsker et elektrisk justerbart skrivebord. Derfor har vi ogs\u00e5 opfyldt det behov ved at tilbyde vores kunder et h\u00f8jdejusterbart skrivebord, der betjenes manuelt med h\u00e5ndsving.<\/p>","protected":false},"featured_media":99727,"template":"","meta":{"iawp_total_views":9},"product_brand":[],"product_cat":[5786,5787,5785,5788,6352,5629],"product_tag":[5778,5779,5780,5781,5782,5805,5806],"class_list":{"0":"post-91737","1":"product","2":"type-product","3":"status-publish","4":"has-post-thumbnail","6":"product_cat-skrivbord","7":"product_cat-bord","8":"product_cat-hemmakontor","9":"product_cat-hoj-sankbara-bord","10":"product_cat-up-down-eco","11":"product_cat-kontorsmobler","12":"product_tag-hoj-och-sankbara-bord","13":"product_tag-hoj-sankbart","14":"product_tag-up-down","15":"product_tag-skrivbord","16":"product_tag-elj-furniture","17":"product_tag-bord-med-vev","18":"product_tag-eco","20":"first","21":"instock","22":"taxable","23":"shipping-taxable","24":"purchasable","25":"product-type-variable"},"yoast_head":"<!-- This site is optimized with the Yoast SEO plugin v27.0 - https:\/\/yoast.com\/product\/yoast-seo-wordpress\/ -->\n<title>ECO - H\u00f6j &amp; s\u00e4nkbart skrivbord med vev - Bjerring-Sales<\/title>\n<meta name=\"description\" content=\"Up &amp; Down ECO \u00e4r ett snyggt och prisv\u00e4rt skrivbord med vev, ett smart alternativ till elbord men med samma f\u00f6rdelar.\" \/>\n<meta name=\"robots\" content=\"index, follow, max-snippet:-1, max-image-preview:large, max-video-preview:-1\" \/>\n<link rel=\"canonical\" href=\"https:\/\/shop.bjerring-sales.dk\/da\/product\/hoj-sankbart-skrivbord-eco\/\" \/>\n<meta property=\"og:locale\" content=\"da_DK\" \/>\n<meta property=\"og:type\" content=\"article\" \/>\n<meta property=\"og:title\" content=\"ECO - H\u00f6j &amp; s\u00e4nkbart skrivbord med vev - Bjerring-Sales\" \/>\n<meta property=\"og:description\" content=\"Up &amp; Down ECO \u00e4r ett snyggt och prisv\u00e4rt skrivbord med vev, ett smart alternativ till elbord men med samma f\u00f6rdelar.\" \/>\n<meta property=\"og:url\" content=\"https:\/\/shop.bjerring-sales.dk\/da\/product\/hoj-sankbart-skrivbord-eco\/\" \/>\n<meta property=\"og:site_name\" content=\"Bjerring-Sales\" \/>\n<meta property=\"article:modified_time\" content=\"2026-04-15T12:21:22+00:00\" \/>\n<meta property=\"og:image\" content=\"https:\/\/shop.bjerring-sales.dk\/wp-content\/uploads\/2024\/10\/ECO_160x70_WhiteLegs_WhiteTop.jpg\" \/>\n\t<meta property=\"og:image:width\" content=\"800\" \/>\n\t<meta property=\"og:image:height\" content=\"800\" \/>\n\t<meta property=\"og:image:type\" content=\"image\/jpeg\" \/>\n<meta name=\"twitter:card\" content=\"summary_large_image\" \/>\n<meta name=\"twitter:label1\" content=\"Estimeret l\u00e6setid\" \/>\n\t<meta name=\"twitter:data1\" content=\"3 minutter\" \/>\n<script type=\"application\/ld+json\" class=\"yoast-schema-graph\">{\"@context\":\"https:\/\/schema.org\",\"@graph\":[{\"@type\":\"WebPage\",\"@id\":\"https:\/\/shop.bjerring-sales.dk\/product\/hoj-sankbart-skrivbord-eco\/\",\"url\":\"https:\/\/shop.bjerring-sales.dk\/product\/hoj-sankbart-skrivbord-eco\/\",\"name\":\"ECO - H\u00f6j &amp; s\u00e4nkbart skrivbord med vev - Bjerring-Sales\",\"isPartOf\":{\"@id\":\"https:\/\/shop.bjerring-sales.dk\/#website\"},\"primaryImageOfPage\":{\"@id\":\"https:\/\/shop.bjerring-sales.dk\/product\/hoj-sankbart-skrivbord-eco\/#primaryimage\"},\"image\":{\"@id\":\"https:\/\/shop.bjerring-sales.dk\/product\/hoj-sankbart-skrivbord-eco\/#primaryimage\"},\"thumbnailUrl\":\"https:\/\/shop.bjerring-sales.dk\/wp-content\/uploads\/2024\/10\/ECO_160x70_WhiteLegs_WhiteTop.jpg\",\"datePublished\":\"2022-07-01T09:00:05+00:00\",\"dateModified\":\"2026-04-15T12:21:22+00:00\",\"description\":\"Up & Down ECO \u00e4r ett snyggt och prisv\u00e4rt skrivbord med vev, ett smart alternativ till elbord men med samma f\u00f6rdelar.\",\"breadcrumb\":{\"@id\":\"https:\/\/shop.bjerring-sales.dk\/product\/hoj-sankbart-skrivbord-eco\/#breadcrumb\"},\"inLanguage\":\"da-DK\",\"potentialAction\":[{\"@type\":\"ReadAction\",\"target\":[\"https:\/\/shop.bjerring-sales.dk\/product\/hoj-sankbart-skrivbord-eco\/\"]}]},{\"@type\":\"ImageObject\",\"inLanguage\":\"da-DK\",\"@id\":\"https:\/\/shop.bjerring-sales.dk\/product\/hoj-sankbart-skrivbord-eco\/#primaryimage\",\"url\":\"https:\/\/shop.bjerring-sales.dk\/wp-content\/uploads\/2024\/10\/ECO_160x70_WhiteLegs_WhiteTop.jpg\",\"contentUrl\":\"https:\/\/shop.bjerring-sales.dk\/wp-content\/uploads\/2024\/10\/ECO_160x70_WhiteLegs_WhiteTop.jpg\",\"width\":800,\"height\":800},{\"@type\":\"BreadcrumbList\",\"@id\":\"https:\/\/shop.bjerring-sales.dk\/product\/hoj-sankbart-skrivbord-eco\/#breadcrumb\",\"itemListElement\":[{\"@type\":\"ListItem\",\"position\":1,\"name\":\"Hem\",\"item\":\"https:\/\/shop.bjerring-sales.dk\/\"},{\"@type\":\"ListItem\",\"position\":2,\"name\":\"Webbutik\",\"item\":\"https:\/\/shop.bjerring-sales.dk\/butik\/\"},{\"@type\":\"ListItem\",\"position\":3,\"name\":\"ECO &#8211; H\u00f6j &amp; s\u00e4nkbart skrivbord med vev\"}]},{\"@type\":\"WebSite\",\"@id\":\"https:\/\/shop.bjerring-sales.dk\/#website\",\"url\":\"https:\/\/shop.bjerring-sales.dk\/\",\"name\":\"Bjerring-Sales\",\"description\":\"M\u00f6bler f\u00f6r teatrar, skolor, kontor och k\u00f6pcentrum\",\"publisher\":{\"@id\":\"https:\/\/shop.bjerring-sales.dk\/#organization\"},\"potentialAction\":[{\"@type\":\"SearchAction\",\"target\":{\"@type\":\"EntryPoint\",\"urlTemplate\":\"https:\/\/shop.bjerring-sales.dk\/?s={search_term_string}\"},\"query-input\":{\"@type\":\"PropertyValueSpecification\",\"valueRequired\":true,\"valueName\":\"search_term_string\"}}],\"inLanguage\":\"da-DK\"},{\"@type\":\"Organization\",\"@id\":\"https:\/\/shop.bjerring-sales.dk\/#organization\",\"name\":\"Bjerring-Sales\",\"url\":\"https:\/\/shop.bjerring-sales.dk\/\",\"logo\":{\"@type\":\"ImageObject\",\"inLanguage\":\"da-DK\",\"@id\":\"https:\/\/shop.bjerring-sales.dk\/#\/schema\/logo\/image\/\",\"url\":\"https:\/\/shop.bjerring-sales.dk\/wp-content\/uploads\/2023\/01\/logo_sv.png\",\"contentUrl\":\"https:\/\/shop.bjerring-sales.dk\/wp-content\/uploads\/2023\/01\/logo_sv.png\",\"width\":195,\"height\":68,\"caption\":\"Bjerring-Sales\"},\"image\":{\"@id\":\"https:\/\/shop.bjerring-sales.dk\/#\/schema\/logo\/image\/\"}}]}<\/script>\n<!-- \/ Yoast SEO plugin. -->","yoast_head_json":{"title":"ECO - H\u00f6j &amp; s\u00e4nkbart skrivbord med vev - Bjerring-Sales","description":"Up & Down ECO \u00e4r ett snyggt och prisv\u00e4rt skrivbord med vev, ett smart alternativ till elbord men med samma f\u00f6rdelar.","robots":{"index":"index","follow":"follow","max-snippet":"max-snippet:-1","max-image-preview":"max-image-preview:large","max-video-preview":"max-video-preview:-1"},"canonical":"https:\/\/shop.bjerring-sales.dk\/da\/product\/hoj-sankbart-skrivbord-eco\/","og_locale":"da_DK","og_type":"article","og_title":"ECO - H\u00f6j &amp; s\u00e4nkbart skrivbord med vev - Bjerring-Sales","og_description":"Up & Down ECO \u00e4r ett snyggt och prisv\u00e4rt skrivbord med vev, ett smart alternativ till elbord men med samma f\u00f6rdelar.","og_url":"https:\/\/shop.bjerring-sales.dk\/da\/product\/hoj-sankbart-skrivbord-eco\/","og_site_name":"Bjerring-Sales","article_modified_time":"2026-04-15T12:21:22+00:00","og_image":[{"width":800,"height":800,"url":"https:\/\/shop.bjerring-sales.dk\/wp-content\/uploads\/2024\/10\/ECO_160x70_WhiteLegs_WhiteTop.jpg","type":"image\/jpeg"}],"twitter_card":"summary_large_image","twitter_misc":{"Estimeret l\u00e6setid":"3 minutter"},"schema":{"@context":"https:\/\/schema.org","@graph":[{"@type":"WebPage","@id":"https:\/\/shop.bjerring-sales.dk\/product\/hoj-sankbart-skrivbord-eco\/","url":"https:\/\/shop.bjerring-sales.dk\/product\/hoj-sankbart-skrivbord-eco\/","name":"ECO - H\u00f6j &amp; s\u00e4nkbart skrivbord med vev - Bjerring-Sales","isPartOf":{"@id":"https:\/\/shop.bjerring-sales.dk\/#website"},"primaryImageOfPage":{"@id":"https:\/\/shop.bjerring-sales.dk\/product\/hoj-sankbart-skrivbord-eco\/#primaryimage"},"image":{"@id":"https:\/\/shop.bjerring-sales.dk\/product\/hoj-sankbart-skrivbord-eco\/#primaryimage"},"thumbnailUrl":"https:\/\/shop.bjerring-sales.dk\/wp-content\/uploads\/2024\/10\/ECO_160x70_WhiteLegs_WhiteTop.jpg","datePublished":"2022-07-01T09:00:05+00:00","dateModified":"2026-04-15T12:21:22+00:00","description":"Up & Down ECO \u00e4r ett snyggt och prisv\u00e4rt skrivbord med vev, ett smart alternativ till elbord men med samma f\u00f6rdelar.","breadcrumb":{"@id":"https:\/\/shop.bjerring-sales.dk\/product\/hoj-sankbart-skrivbord-eco\/#breadcrumb"},"inLanguage":"da-DK","potentialAction":[{"@type":"ReadAction","target":["https:\/\/shop.bjerring-sales.dk\/product\/hoj-sankbart-skrivbord-eco\/"]}]},{"@type":"ImageObject","inLanguage":"da-DK","@id":"https:\/\/shop.bjerring-sales.dk\/product\/hoj-sankbart-skrivbord-eco\/#primaryimage","url":"https:\/\/shop.bjerring-sales.dk\/wp-content\/uploads\/2024\/10\/ECO_160x70_WhiteLegs_WhiteTop.jpg","contentUrl":"https:\/\/shop.bjerring-sales.dk\/wp-content\/uploads\/2024\/10\/ECO_160x70_WhiteLegs_WhiteTop.jpg","width":800,"height":800},{"@type":"BreadcrumbList","@id":"https:\/\/shop.bjerring-sales.dk\/product\/hoj-sankbart-skrivbord-eco\/#breadcrumb","itemListElement":[{"@type":"ListItem","position":1,"name":"Hem","item":"https:\/\/shop.bjerring-sales.dk\/"},{"@type":"ListItem","position":2,"name":"Webbutik","item":"https:\/\/shop.bjerring-sales.dk\/butik\/"},{"@type":"ListItem","position":3,"name":"ECO &#8211; H\u00f6j &amp; s\u00e4nkbart skrivbord med vev"}]},{"@type":"WebSite","@id":"https:\/\/shop.bjerring-sales.dk\/#website","url":"https:\/\/shop.bjerring-sales.dk\/","name":"Bjerring-Salg","description":"M\u00f8bler til teatre, skoler, kontorer og indk\u00f8bscentre","publisher":{"@id":"https:\/\/shop.bjerring-sales.dk\/#organization"},"potentialAction":[{"@type":"SearchAction","target":{"@type":"EntryPoint","urlTemplate":"https:\/\/shop.bjerring-sales.dk\/?s={search_term_string}"},"query-input":{"@type":"PropertyValueSpecification","valueRequired":true,"valueName":"search_term_string"}}],"inLanguage":"da-DK"},{"@type":"Organization","@id":"https:\/\/shop.bjerring-sales.dk\/#organization","name":"Bjerring-Salg","url":"https:\/\/shop.bjerring-sales.dk\/","logo":{"@type":"ImageObject","inLanguage":"da-DK","@id":"https:\/\/shop.bjerring-sales.dk\/#\/schema\/logo\/image\/","url":"https:\/\/shop.bjerring-sales.dk\/wp-content\/uploads\/2023\/01\/logo_sv.png","contentUrl":"https:\/\/shop.bjerring-sales.dk\/wp-content\/uploads\/2023\/01\/logo_sv.png","width":195,"height":68,"caption":"Bjerring-Sales"},"image":{"@id":"https:\/\/shop.bjerring-sales.dk\/#\/schema\/logo\/image\/"}}]}},"_links":{"self":[{"href":"https:\/\/shop.bjerring-sales.dk\/da\/wp-json\/wp\/v2\/product\/91737","targetHints":{"allow":["GET"]}}],"collection":[{"href":"https:\/\/shop.bjerring-sales.dk\/da\/wp-json\/wp\/v2\/product"}],"about":[{"href":"https:\/\/shop.bjerring-sales.dk\/da\/wp-json\/wp\/v2\/types\/product"}],"wp:featuredmedia":[{"embeddable":true,"href":"https:\/\/shop.bjerring-sales.dk\/da\/wp-json\/wp\/v2\/media\/99727"}],"wp:attachment":[{"href":"https:\/\/shop.bjerring-sales.dk\/da\/wp-json\/wp\/v2\/media?parent=91737"}],"wp:term":[{"taxonomy":"product_brand","embeddable":true,"href":"https:\/\/shop.bjerring-sales.dk\/da\/wp-json\/wp\/v2\/product_brand?post=91737"},{"taxonomy":"product_cat","embeddable":true,"href":"https:\/\/shop.bjerring-sales.dk\/da\/wp-json\/wp\/v2\/product_cat?post=91737"},{"taxonomy":"product_tag","embeddable":true,"href":"https:\/\/shop.bjerring-sales.dk\/da\/wp-json\/wp\/v2\/product_tag?post=91737"}],"curies":[{"name":"wp","href":"https:\/\/api.w.org\/{rel}","templated":true}]}}