{"id":91467,"date":"2023-01-12T15:40:32","date_gmt":"2023-01-12T14:40:32","guid":{"rendered":"https:\/\/pule.se\/produkt\/forvaringslada-easy\/"},"modified":"2026-03-16T17:59:52","modified_gmt":"2026-03-16T16:59:52","slug":"forvaringslada-easy","status":"publish","type":"product","link":"https:\/\/shop.bjerring-sales.dk\/da\/vare\/forvaringslada-easy\/","title":{"rendered":"Opbevaringsboks Easy"},"content":{"rendered":"<div class=\"wpb-content-wrapper\"><div class=\"vc_row wpb_row vc_row-fluid\"><div class=\"wpb_column vc_column_container vc_col-sm-12\"><div class=\"vc_column-inner\"><div class=\"wpb_wrapper\">\n\t<div class=\"wpb_text_column wpb_content_element\" >\n\t\t<div class=\"wpb_wrapper\">\n\t\t\t<p><span style=\"font-size: 24pt\">Hold dit skrivebord organiseret med opbevaringsboksen Easy<br \/>\n<\/span>Med den praktiske opbevaringsboks Easy kan du holde styr p\u00e5 de ting, du ofte bruger i l\u00f8bet af arbejdsdagen og gerne vil have lige ved h\u00e5nden, men som ofte skaber uorden p\u00e5 skrivebordet, hvis de st\u00e5r foran dig. Skuffen er monteret p\u00e5 skrivebordet under bordpladen og giver dig mulighed for hurtigt og nemt at dreje det ud, du skal bruge, takket v\u00e6re det ekstremt smarte og pladsbesparende design.<\/p>\n\n\t\t<\/div>\n\t<\/div>\n<\/div><\/div><\/div><\/div><div class=\"vc_row wpb_row vc_row-fluid\"><div class=\"wpb_column vc_column_container vc_col-sm-4\"><div class=\"vc_column-inner\"><div class=\"wpb_wrapper\">\n\t<div  class=\"wpb_single_image wpb_content_element vc_align_center\">\n\t\t\n\t\t<figure class=\"wpb_wrapper vc_figure\">\n\t\t\t<div class=\"vc_single_image-wrapper vc_box_shadow_border  vc_box_border_grey\"><img loading=\"lazy\" decoding=\"async\" width=\"800\" height=\"550\" src=\"https:\/\/shop.bjerring-sales.dk\/wp-content\/uploads\/2023\/01\/Silver_3_800x550.jpg\" class=\"vc_single_image-img attachment-full\" alt=\"\" title=\"S\u00f8lv_3_800x550\" srcset=\"https:\/\/shop.bjerring-sales.dk\/wp-content\/uploads\/2023\/01\/Silver_3_800x550.jpg 800w, https:\/\/shop.bjerring-sales.dk\/wp-content\/uploads\/2023\/01\/Silver_3_800x550-150x103.jpg 150w, https:\/\/shop.bjerring-sales.dk\/wp-content\/uploads\/2023\/01\/Silver_3_800x550-600x413.jpg 600w, https:\/\/shop.bjerring-sales.dk\/wp-content\/uploads\/2023\/01\/Silver_3_800x550-300x206.jpg 300w, https:\/\/shop.bjerring-sales.dk\/wp-content\/uploads\/2023\/01\/Silver_3_800x550-768x528.jpg 768w\" sizes=\"auto, (max-width: 800px) 100vw, 800px\" \/><\/div>\n\t\t<\/figure>\n\t<\/div>\n<\/div><\/div><\/div><div class=\"wpb_column vc_column_container vc_col-sm-4\"><div class=\"vc_column-inner\"><div class=\"wpb_wrapper\">\n\t<div  class=\"wpb_single_image wpb_content_element vc_align_center\">\n\t\t\n\t\t<figure class=\"wpb_wrapper vc_figure\">\n\t\t\t<div class=\"vc_single_image-wrapper vc_box_shadow_border  vc_box_border_grey\"><img loading=\"lazy\" decoding=\"async\" width=\"800\" height=\"550\" src=\"https:\/\/shop.bjerring-sales.dk\/wp-content\/uploads\/2023\/01\/ladavit01.jpg\" class=\"vc_single_image-img attachment-full\" alt=\"\" title=\"stald hvid01\" srcset=\"https:\/\/shop.bjerring-sales.dk\/wp-content\/uploads\/2023\/01\/ladavit01.jpg 800w, https:\/\/shop.bjerring-sales.dk\/wp-content\/uploads\/2023\/01\/ladavit01-150x103.jpg 150w, https:\/\/shop.bjerring-sales.dk\/wp-content\/uploads\/2023\/01\/ladavit01-600x413.jpg 600w, https:\/\/shop.bjerring-sales.dk\/wp-content\/uploads\/2023\/01\/ladavit01-300x206.jpg 300w, https:\/\/shop.bjerring-sales.dk\/wp-content\/uploads\/2023\/01\/ladavit01-768x528.jpg 768w\" sizes=\"auto, (max-width: 800px) 100vw, 800px\" \/><\/div>\n\t\t<\/figure>\n\t<\/div>\n<\/div><\/div><\/div><div class=\"wpb_column vc_column_container vc_col-sm-4\"><div class=\"vc_column-inner\"><div class=\"wpb_wrapper\">\n\t<div  class=\"wpb_single_image wpb_content_element vc_align_center\">\n\t\t\n\t\t<figure class=\"wpb_wrapper vc_figure\">\n\t\t\t<div class=\"vc_single_image-wrapper vc_box_shadow_border  vc_box_border_grey\"><img loading=\"lazy\" decoding=\"async\" width=\"800\" height=\"550\" src=\"https:\/\/shop.bjerring-sales.dk\/wp-content\/uploads\/2023\/01\/ladasvart01.jpg\" class=\"vc_single_image-img attachment-full\" alt=\"\" title=\"stald sort01\" srcset=\"https:\/\/shop.bjerring-sales.dk\/wp-content\/uploads\/2023\/01\/ladasvart01.jpg 800w, https:\/\/shop.bjerring-sales.dk\/wp-content\/uploads\/2023\/01\/ladasvart01-150x103.jpg 150w, https:\/\/shop.bjerring-sales.dk\/wp-content\/uploads\/2023\/01\/ladasvart01-600x413.jpg 600w, https:\/\/shop.bjerring-sales.dk\/wp-content\/uploads\/2023\/01\/ladasvart01-300x206.jpg 300w, https:\/\/shop.bjerring-sales.dk\/wp-content\/uploads\/2023\/01\/ladasvart01-768x528.jpg 768w\" sizes=\"auto, (max-width: 800px) 100vw, 800px\" \/><\/div>\n\t\t<\/figure>\n\t<\/div>\n<\/div><\/div><\/div><\/div><div class=\"vc_row wpb_row vc_row-fluid\"><div class=\"wpb_column vc_column_container vc_col-sm-6\"><div class=\"vc_column-inner\"><div class=\"wpb_wrapper\">\n\t<div class=\"wpb_text_column wpb_content_element\" >\n\t\t<div class=\"wpb_wrapper\">\n\t\t\t<p><span style=\"font-size: 18pt\">Anvendelsesomr\u00e5de<br \/>\n<\/span>Easy opbevaringsboksen har flere sm\u00e5 rum, der skaber orden og g\u00f8r det nemt at finde det, du leder efter. Perfekt til opbevaring af blyanter, viskel\u00e6dere, papirclips og meget mere. Et af rummene i skrivebordsskuffen er desuden udstyret med en smart og praktisk metalkant, der bruges til at rive tape af.<\/p>\n<p><span style=\"font-size: 18pt\">Specifikationer<\/span><\/p>\n<ul>\n<li>Lagerf\u00f8res i sort, hvid og s\u00f8lv<\/li>\n<li>Drejbar 360\u00b0<\/li>\n<li>Indbygget l\u00e5sebremse i lukket position<\/li>\n<li>Stabil gang ved rotation<\/li>\n<li>Monteres nemt med de medf\u00f8lgende skruer<\/li>\n<li>Fremstillet af milj\u00f8venlig polyethylen<\/li>\n<\/ul>\n\n\t\t<\/div>\n\t<\/div>\n<\/div><\/div><\/div><div class=\"wpb_column vc_column_container vc_col-sm-6\"><div class=\"vc_column-inner\"><div class=\"wpb_wrapper\">\n\t<div class=\"wpb_text_column wpb_content_element\" >\n\t\t<div class=\"wpb_wrapper\">\n\t\t\t<p><span style=\"font-size: 18pt\">M\u00e5l<\/span><\/p>\n<ul>\n<li>Bredde: 342 mm<\/li>\n<li>Dybde: 207 mm<\/li>\n<li>H\u00f8jde: 32 mm<\/li>\n<\/ul>\n<p><span style=\"font-size: 18pt\">V\u00e6gt<br \/>\n<\/span>0,2 kg<\/p>\n\n\t\t<\/div>\n\t<\/div>\n<\/div><\/div><\/div><\/div>\n<\/div>","protected":false},"excerpt":{"rendered":"<p><span style=\"color: #ff0000\">Dette er en for\u00e6ldet artikel.<\/span> Easy opbevaringskassen har flere sm\u00e5 rum, der skaber orden og g\u00f8r det nemt at finde det, du leder efter. Perfekt til opbevaring af penne, viskel\u00e6der, papirclips og meget mere. F\u00e5s i hvid og s\u00f8lv.<\/p>","protected":false},"featured_media":100870,"template":"","meta":{"iawp_total_views":7},"product_brand":[],"product_cat":[6353,5798,5804],"product_tag":[6340,6341,6342,5807],"class_list":{"0":"post-91467","1":"product","2":"type-product","3":"status-publish","4":"has-post-thumbnail","6":"product_cat-up-down-easy","7":"product_cat-kontorsprodukter","8":"product_cat-tillbehor-bord","9":"product_tag-forvaringslada-easy","10":"product_tag-forvaring-under-skrivbord","11":"product_tag-bordsforvaring","12":"product_tag-forvaring","14":"first","15":"instock","16":"taxable","17":"shipping-taxable","18":"purchasable","19":"product-type-variable"},"yoast_head":"<!-- This site is optimized with the Yoast SEO plugin v27.0 - https:\/\/yoast.com\/product\/yoast-seo-wordpress\/ -->\n<title>F\u00f6rvaringsl\u00e5da Easy - Bjerring-Sales<\/title>\n<meta name=\"description\" content=\"F\u00f6rvaringsl\u00e5dan Easy har flera sm\u00e5fack som skapar ordning och g\u00f6r att du enkelt hittar det du s\u00f6ker efter. Passar perfekt f\u00f6r f\u00f6rvaring av pennor, sudd, gem\" \/>\n<meta name=\"robots\" content=\"index, follow, max-snippet:-1, max-image-preview:large, max-video-preview:-1\" \/>\n<link rel=\"canonical\" href=\"https:\/\/shop.bjerring-sales.dk\/da\/vare\/forvaringslada-easy\/\" \/>\n<meta property=\"og:locale\" content=\"da_DK\" \/>\n<meta property=\"og:type\" content=\"article\" \/>\n<meta property=\"og:title\" content=\"H\u00e5ll ordning i skrivbordet med f\u00f6rvaringsl\u00e5dan Easy\" \/>\n<meta property=\"og:description\" content=\"F\u00f6rvaringsl\u00e5dan Easy har flera sm\u00e5fack som skapar ordning och g\u00f6r att du enkelt hittar det du s\u00f6ker efter. Passar perfekt f\u00f6r f\u00f6rvaring av pennor, sudd, gem\" \/>\n<meta property=\"og:url\" content=\"https:\/\/shop.bjerring-sales.dk\/da\/vare\/forvaringslada-easy\/\" \/>\n<meta property=\"og:site_name\" content=\"Bjerring-Sales\" \/>\n<meta property=\"article:modified_time\" content=\"2026-03-16T16:59:52+00:00\" \/>\n<meta property=\"og:image\" content=\"https:\/\/shop.bjerring-sales.dk\/wp-content\/uploads\/2023\/01\/ladavit01.jpg\" \/>\n\t<meta property=\"og:image:width\" content=\"800\" \/>\n\t<meta property=\"og:image:height\" content=\"550\" \/>\n\t<meta property=\"og:image:type\" content=\"image\/jpeg\" \/>\n<meta name=\"twitter:card\" content=\"summary_large_image\" \/>\n<meta name=\"twitter:title\" content=\"H\u00e5ll ordning i skrivbordet med f\u00f6rvaringsl\u00e5dan Easy\" \/>\n<meta name=\"twitter:description\" content=\"F\u00f6rvaringsl\u00e5dan Easy har flera sm\u00e5fack som skapar ordning och g\u00f6r att du enkelt hittar det du s\u00f6ker efter. Passar perfekt f\u00f6r f\u00f6rvaring av pennor, sudd, gem\" \/>\n<meta name=\"twitter:image\" content=\"https:\/\/shop.bjerring-sales.dk\/wp-content\/uploads\/2023\/01\/ladavit01.jpg\" \/>\n<meta name=\"twitter:label1\" content=\"Estimeret l\u00e6setid\" \/>\n\t<meta name=\"twitter:data1\" content=\"1 minut\" \/>\n<script type=\"application\/ld+json\" class=\"yoast-schema-graph\">{\"@context\":\"https:\/\/schema.org\",\"@graph\":[{\"@type\":\"WebPage\",\"@id\":\"https:\/\/shop.bjerring-sales.dk\/sv\/produkt\/forvaringslada-easy\/\",\"url\":\"https:\/\/shop.bjerring-sales.dk\/sv\/produkt\/forvaringslada-easy\/\",\"name\":\"F\u00f6rvaringsl\u00e5da Easy - Bjerring-Sales\",\"isPartOf\":{\"@id\":\"https:\/\/shop.bjerring-sales.dk\/#website\"},\"primaryImageOfPage\":{\"@id\":\"https:\/\/shop.bjerring-sales.dk\/sv\/produkt\/forvaringslada-easy\/#primaryimage\"},\"image\":{\"@id\":\"https:\/\/shop.bjerring-sales.dk\/sv\/produkt\/forvaringslada-easy\/#primaryimage\"},\"thumbnailUrl\":\"https:\/\/shop.bjerring-sales.dk\/wp-content\/uploads\/2025\/06\/Vit_2.jpg\",\"datePublished\":\"2023-01-12T14:40:32+00:00\",\"dateModified\":\"2026-03-16T16:59:52+00:00\",\"description\":\"F\u00f6rvaringsl\u00e5dan Easy har flera sm\u00e5fack som skapar ordning och g\u00f6r att du enkelt hittar det du s\u00f6ker efter. Passar perfekt f\u00f6r f\u00f6rvaring av pennor, sudd, gem\",\"breadcrumb\":{\"@id\":\"https:\/\/shop.bjerring-sales.dk\/sv\/produkt\/forvaringslada-easy\/#breadcrumb\"},\"inLanguage\":\"da-DK\",\"potentialAction\":[{\"@type\":\"ReadAction\",\"target\":[\"https:\/\/shop.bjerring-sales.dk\/sv\/produkt\/forvaringslada-easy\/\"]}]},{\"@type\":\"ImageObject\",\"inLanguage\":\"da-DK\",\"@id\":\"https:\/\/shop.bjerring-sales.dk\/sv\/produkt\/forvaringslada-easy\/#primaryimage\",\"url\":\"https:\/\/shop.bjerring-sales.dk\/wp-content\/uploads\/2025\/06\/Vit_2.jpg\",\"contentUrl\":\"https:\/\/shop.bjerring-sales.dk\/wp-content\/uploads\/2025\/06\/Vit_2.jpg\",\"width\":800,\"height\":800},{\"@type\":\"BreadcrumbList\",\"@id\":\"https:\/\/shop.bjerring-sales.dk\/sv\/produkt\/forvaringslada-easy\/#breadcrumb\",\"itemListElement\":[{\"@type\":\"ListItem\",\"position\":1,\"name\":\"Hem\",\"item\":\"https:\/\/shop.bjerring-sales.dk\/\"},{\"@type\":\"ListItem\",\"position\":2,\"name\":\"Webbutik\",\"item\":\"https:\/\/shop.bjerring-sales.dk\/butik\/\"},{\"@type\":\"ListItem\",\"position\":3,\"name\":\"F\u00f6rvaringsl\u00e5da Easy\"}]},{\"@type\":\"WebSite\",\"@id\":\"https:\/\/shop.bjerring-sales.dk\/#website\",\"url\":\"https:\/\/shop.bjerring-sales.dk\/\",\"name\":\"Bjerring-Sales\",\"description\":\"M\u00f6bler f\u00f6r teatrar, skolor, kontor och k\u00f6pcentrum\",\"publisher\":{\"@id\":\"https:\/\/shop.bjerring-sales.dk\/#organization\"},\"potentialAction\":[{\"@type\":\"SearchAction\",\"target\":{\"@type\":\"EntryPoint\",\"urlTemplate\":\"https:\/\/shop.bjerring-sales.dk\/?s={search_term_string}\"},\"query-input\":{\"@type\":\"PropertyValueSpecification\",\"valueRequired\":true,\"valueName\":\"search_term_string\"}}],\"inLanguage\":\"da-DK\"},{\"@type\":\"Organization\",\"@id\":\"https:\/\/shop.bjerring-sales.dk\/#organization\",\"name\":\"Bjerring-Sales\",\"url\":\"https:\/\/shop.bjerring-sales.dk\/\",\"logo\":{\"@type\":\"ImageObject\",\"inLanguage\":\"da-DK\",\"@id\":\"https:\/\/shop.bjerring-sales.dk\/#\/schema\/logo\/image\/\",\"url\":\"https:\/\/shop.bjerring-sales.dk\/wp-content\/uploads\/2023\/01\/logo_sv.png\",\"contentUrl\":\"https:\/\/shop.bjerring-sales.dk\/wp-content\/uploads\/2023\/01\/logo_sv.png\",\"width\":195,\"height\":68,\"caption\":\"Bjerring-Sales\"},\"image\":{\"@id\":\"https:\/\/shop.bjerring-sales.dk\/#\/schema\/logo\/image\/\"}}]}<\/script>\n<!-- \/ Yoast SEO plugin. -->","yoast_head_json":{"title":"F\u00f6rvaringsl\u00e5da Easy - Bjerring-Sales","description":"F\u00f6rvaringsl\u00e5dan Easy har flera sm\u00e5fack som skapar ordning och g\u00f6r att du enkelt hittar det du s\u00f6ker efter. Passar perfekt f\u00f6r f\u00f6rvaring av pennor, sudd, gem","robots":{"index":"index","follow":"follow","max-snippet":"max-snippet:-1","max-image-preview":"max-image-preview:large","max-video-preview":"max-video-preview:-1"},"canonical":"https:\/\/shop.bjerring-sales.dk\/da\/vare\/forvaringslada-easy\/","og_locale":"da_DK","og_type":"article","og_title":"H\u00e5ll ordning i skrivbordet med f\u00f6rvaringsl\u00e5dan Easy","og_description":"F\u00f6rvaringsl\u00e5dan Easy har flera sm\u00e5fack som skapar ordning och g\u00f6r att du enkelt hittar det du s\u00f6ker efter. Passar perfekt f\u00f6r f\u00f6rvaring av pennor, sudd, gem","og_url":"https:\/\/shop.bjerring-sales.dk\/da\/vare\/forvaringslada-easy\/","og_site_name":"Bjerring-Sales","article_modified_time":"2026-03-16T16:59:52+00:00","og_image":[{"width":800,"height":550,"url":"https:\/\/shop.bjerring-sales.dk\/wp-content\/uploads\/2023\/01\/ladavit01.jpg","type":"image\/jpeg"}],"twitter_card":"summary_large_image","twitter_title":"H\u00e5ll ordning i skrivbordet med f\u00f6rvaringsl\u00e5dan Easy","twitter_description":"F\u00f6rvaringsl\u00e5dan Easy har flera sm\u00e5fack som skapar ordning och g\u00f6r att du enkelt hittar det du s\u00f6ker efter. Passar perfekt f\u00f6r f\u00f6rvaring av pennor, sudd, gem","twitter_image":"https:\/\/shop.bjerring-sales.dk\/wp-content\/uploads\/2023\/01\/ladavit01.jpg","twitter_misc":{"Estimeret l\u00e6setid":"1 minut"},"schema":{"@context":"https:\/\/schema.org","@graph":[{"@type":"WebPage","@id":"https:\/\/shop.bjerring-sales.dk\/sv\/produkt\/forvaringslada-easy\/","url":"https:\/\/shop.bjerring-sales.dk\/sv\/produkt\/forvaringslada-easy\/","name":"F\u00f6rvaringsl\u00e5da Easy - Bjerring-Sales","isPartOf":{"@id":"https:\/\/shop.bjerring-sales.dk\/#website"},"primaryImageOfPage":{"@id":"https:\/\/shop.bjerring-sales.dk\/sv\/produkt\/forvaringslada-easy\/#primaryimage"},"image":{"@id":"https:\/\/shop.bjerring-sales.dk\/sv\/produkt\/forvaringslada-easy\/#primaryimage"},"thumbnailUrl":"https:\/\/shop.bjerring-sales.dk\/wp-content\/uploads\/2025\/06\/Vit_2.jpg","datePublished":"2023-01-12T14:40:32+00:00","dateModified":"2026-03-16T16:59:52+00:00","description":"F\u00f6rvaringsl\u00e5dan Easy har flera sm\u00e5fack som skapar ordning och g\u00f6r att du enkelt hittar det du s\u00f6ker efter. Passar perfekt f\u00f6r f\u00f6rvaring av pennor, sudd, gem","breadcrumb":{"@id":"https:\/\/shop.bjerring-sales.dk\/sv\/produkt\/forvaringslada-easy\/#breadcrumb"},"inLanguage":"da-DK","potentialAction":[{"@type":"ReadAction","target":["https:\/\/shop.bjerring-sales.dk\/sv\/produkt\/forvaringslada-easy\/"]}]},{"@type":"ImageObject","inLanguage":"da-DK","@id":"https:\/\/shop.bjerring-sales.dk\/sv\/produkt\/forvaringslada-easy\/#primaryimage","url":"https:\/\/shop.bjerring-sales.dk\/wp-content\/uploads\/2025\/06\/Vit_2.jpg","contentUrl":"https:\/\/shop.bjerring-sales.dk\/wp-content\/uploads\/2025\/06\/Vit_2.jpg","width":800,"height":800},{"@type":"BreadcrumbList","@id":"https:\/\/shop.bjerring-sales.dk\/sv\/produkt\/forvaringslada-easy\/#breadcrumb","itemListElement":[{"@type":"ListItem","position":1,"name":"Hem","item":"https:\/\/shop.bjerring-sales.dk\/"},{"@type":"ListItem","position":2,"name":"Webbutik","item":"https:\/\/shop.bjerring-sales.dk\/butik\/"},{"@type":"ListItem","position":3,"name":"F\u00f6rvaringsl\u00e5da Easy"}]},{"@type":"WebSite","@id":"https:\/\/shop.bjerring-sales.dk\/#website","url":"https:\/\/shop.bjerring-sales.dk\/","name":"Bjerring-Salg","description":"M\u00f8bler til teatre, skoler, kontorer og indk\u00f8bscentre","publisher":{"@id":"https:\/\/shop.bjerring-sales.dk\/#organization"},"potentialAction":[{"@type":"SearchAction","target":{"@type":"EntryPoint","urlTemplate":"https:\/\/shop.bjerring-sales.dk\/?s={search_term_string}"},"query-input":{"@type":"PropertyValueSpecification","valueRequired":true,"valueName":"search_term_string"}}],"inLanguage":"da-DK"},{"@type":"Organization","@id":"https:\/\/shop.bjerring-sales.dk\/#organization","name":"Bjerring-Salg","url":"https:\/\/shop.bjerring-sales.dk\/","logo":{"@type":"ImageObject","inLanguage":"da-DK","@id":"https:\/\/shop.bjerring-sales.dk\/#\/schema\/logo\/image\/","url":"https:\/\/shop.bjerring-sales.dk\/wp-content\/uploads\/2023\/01\/logo_sv.png","contentUrl":"https:\/\/shop.bjerring-sales.dk\/wp-content\/uploads\/2023\/01\/logo_sv.png","width":195,"height":68,"caption":"Bjerring-Sales"},"image":{"@id":"https:\/\/shop.bjerring-sales.dk\/#\/schema\/logo\/image\/"}}]}},"_links":{"self":[{"href":"https:\/\/shop.bjerring-sales.dk\/da\/wp-json\/wp\/v2\/product\/91467","targetHints":{"allow":["GET"]}}],"collection":[{"href":"https:\/\/shop.bjerring-sales.dk\/da\/wp-json\/wp\/v2\/product"}],"about":[{"href":"https:\/\/shop.bjerring-sales.dk\/da\/wp-json\/wp\/v2\/types\/product"}],"wp:featuredmedia":[{"embeddable":true,"href":"https:\/\/shop.bjerring-sales.dk\/da\/wp-json\/wp\/v2\/media\/100870"}],"wp:attachment":[{"href":"https:\/\/shop.bjerring-sales.dk\/da\/wp-json\/wp\/v2\/media?parent=91467"}],"wp:term":[{"taxonomy":"product_brand","embeddable":true,"href":"https:\/\/shop.bjerring-sales.dk\/da\/wp-json\/wp\/v2\/product_brand?post=91467"},{"taxonomy":"product_cat","embeddable":true,"href":"https:\/\/shop.bjerring-sales.dk\/da\/wp-json\/wp\/v2\/product_cat?post=91467"},{"taxonomy":"product_tag","embeddable":true,"href":"https:\/\/shop.bjerring-sales.dk\/da\/wp-json\/wp\/v2\/product_tag?post=91467"}],"curies":[{"name":"wp","href":"https:\/\/api.w.org\/{rel}","templated":true}]}}