{"id":91452,"date":"2023-01-11T12:12:36","date_gmt":"2023-01-11T11:12:36","guid":{"rendered":"https:\/\/pule.se\/produkt\/kabelgenomforing-60-mm\/"},"modified":"2023-01-21T23:33:04","modified_gmt":"2023-01-21T22:33:04","slug":"kabelgenomforing-60-mm","status":"publish","type":"product","link":"https:\/\/shop.bjerring-sales.dk\/da\/vare\/kabelgenomforing-60-mm\/","title":{"rendered":"Kabelindgang \u00d860 mm"},"content":{"rendered":"<div class=\"wpb-content-wrapper\"><div class=\"vc_row wpb_row vc_row-fluid\"><div class=\"wpb_column vc_column_container vc_col-sm-12\"><div class=\"vc_column-inner\"><div class=\"wpb_wrapper\">\n\t<div class=\"wpb_text_column wpb_content_element\" >\n\t\t<div class=\"wpb_wrapper\">\n\t\t\t<p><span style=\"font-size: 24pt;\">Kabelindgang til montering i skriveborde og konferenceborde - \u00d860 mm<br \/>\n<\/span>Kabelindgang kan monteres i fx skriveborde og konferenceborde, hvilket skaber en praktisk og stilfuld kabelinstallation. Monteret i huller med en diameter p\u00e5 60 mm. Kabelindgang i skriveborde er en vigtig funktion, der giver dig mulighed for at holde dit skrivebord organiseret og fri for kabler, der h\u00e6nger ned. Det g\u00f8r det ogs\u00e5 muligt at tilslutte enheder til skrivebordet, uden at kabler stikker ud og for\u00e5rsager fare.<\/p>\n\n\t\t<\/div>\n\t<\/div>\n<\/div><\/div><\/div><\/div><div class=\"vc_row wpb_row vc_row-fluid\"><div class=\"wpb_column vc_column_container vc_col-sm-12\"><div class=\"vc_column-inner\"><div class=\"wpb_wrapper\">\n\t<div  class=\"wpb_single_image wpb_content_element vc_align_center\">\n\t\t\n\t\t<figure class=\"wpb_wrapper vc_figure\">\n\t\t\t<div class=\"vc_single_image-wrapper   vc_box_border_grey\"><img loading=\"lazy\" decoding=\"async\" width=\"1221\" height=\"198\" src=\"https:\/\/shop.bjerring-sales.dk\/wp-content\/uploads\/2023\/01\/kabelgenomforing-4.jpg\" class=\"vc_single_image-img attachment-full\" alt=\"\" title=\"kabelforskruning-4\" srcset=\"https:\/\/shop.bjerring-sales.dk\/wp-content\/uploads\/2023\/01\/kabelgenomforing-4.jpg 1221w, https:\/\/shop.bjerring-sales.dk\/wp-content\/uploads\/2023\/01\/kabelgenomforing-4-150x24.jpg 150w, https:\/\/shop.bjerring-sales.dk\/wp-content\/uploads\/2023\/01\/kabelgenomforing-4-600x97.jpg 600w, https:\/\/shop.bjerring-sales.dk\/wp-content\/uploads\/2023\/01\/kabelgenomforing-4-300x49.jpg 300w, https:\/\/shop.bjerring-sales.dk\/wp-content\/uploads\/2023\/01\/kabelgenomforing-4-1024x166.jpg 1024w, https:\/\/shop.bjerring-sales.dk\/wp-content\/uploads\/2023\/01\/kabelgenomforing-4-768x125.jpg 768w\" sizes=\"auto, (max-width: 1221px) 100vw, 1221px\" \/><\/div>\n\t\t<\/figure>\n\t<\/div>\n<\/div><\/div><\/div><\/div><div class=\"vc_row wpb_row vc_row-fluid\"><div class=\"wpb_column vc_column_container vc_col-sm-6\"><div class=\"vc_column-inner\"><div class=\"wpb_wrapper\">\n\t<div class=\"wpb_text_column wpb_content_element\" >\n\t\t<div class=\"wpb_wrapper\">\n\t\t\t<p><span style=\"font-size: 18pt;\">Anvendelsesomr\u00e5de<\/span><\/p>\n<p>Der er flere forskellige m\u00e5der at f\u00f8re kabler gennem et skrivebord. En almindelig metode er at bruge kabelindgange eller kabelskabe. Disse er normalt lavet af plastik eller metal og er designet til at beskytte kablerne og holde dem organiseret, samtidig med at du kan tilslutte og frakoble enheder. Det er vigtigt at overveje kabelindgang, n\u00e5r du etablere et skrivebord, fordi det g\u00f8r det nemmere at holde skrivebordet organiseret og fri for sammenfiltrede kabler. Det g\u00f8r det ogs\u00e5 nemmere at tilslutte enheder uden at skulle k\u00e6mpe med at holde styr p\u00e5, hvilket kabel der g\u00e5r til hvad.<\/p>\n<p><span style=\"font-size: 18pt;\">M\u00e5l<br \/>\n<\/span>\u00f860\u00d721 mm<\/p>\n<p><span style=\"font-size: 18pt;\">V\u00e6gt<br \/>\n<\/span>0,1 kg<\/p>\n\n\t\t<\/div>\n\t<\/div>\n<\/div><\/div><\/div><div class=\"wpb_column vc_column_container vc_col-sm-6\"><div class=\"vc_column-inner\"><div class=\"wpb_wrapper\">\n\t<div class=\"wpb_text_column wpb_content_element\" >\n\t\t<div class=\"wpb_wrapper\">\n\t\t\t<p><span style=\"font-size: 18pt;\">Specifikationer<\/span><\/p>\n<ul>\n<li>F\u00e5s i sort, s\u00f8lv og hvid<\/li>\n<li>Fremstillet af slidst\u00e6rkt plastik<\/li>\n<li>Kabelindgang til skrivebordet<\/li>\n<li>Monteret i 60 mm hul<\/li>\n<li>Komplet med kabelindgang f\u00e5 endnu bedre orden<\/li>\n<\/ul>\n\n\t\t<\/div>\n\t<\/div>\n<\/div><\/div><\/div><\/div>\n<\/div>","protected":false},"excerpt":{"rendered":"<p>Kabelindgang kan monteres i fx skriveborde og konferenceborde, hvilket skaber en praktisk og stilfuld kabelinstallation. Monteret i huller med en diameter p\u00e5 60 mm. F\u00e5s i sort, s\u00f8lv og hvid.<\/p>","protected":false},"featured_media":91453,"template":"","meta":{"iawp_total_views":7},"product_brand":[],"product_cat":[5798,5804],"product_tag":[6336,6337],"class_list":{"0":"post-91452","1":"product","2":"type-product","3":"status-publish","4":"has-post-thumbnail","6":"product_cat-kontorsprodukter","7":"product_cat-tillbehor-bord","8":"product_tag-kabelgenomforing","9":"product_tag-kabelgenomforing-60-mm","11":"first","12":"instock","13":"taxable","14":"shipping-taxable","15":"purchasable","16":"product-type-variable"},"yoast_head":"<!-- This site is optimized with the Yoast SEO plugin v27.0 - https:\/\/yoast.com\/product\/yoast-seo-wordpress\/ -->\n<title>Kabelgenomf\u00f6ring \u00d860 mm - Bjerring-Sales<\/title>\n<meta name=\"description\" content=\"Kabelgenomf\u00f6ring kan monteras i exempelvis skrivbord och konferensbord vilket skapar en praktiskt och snygg kabelinstallation\" \/>\n<meta name=\"robots\" content=\"index, follow, max-snippet:-1, max-image-preview:large, max-video-preview:-1\" \/>\n<link rel=\"canonical\" href=\"https:\/\/shop.bjerring-sales.dk\/da\/vare\/kabelgenomforing-60-mm\/\" \/>\n<meta property=\"og:locale\" content=\"da_DK\" \/>\n<meta property=\"og:type\" content=\"article\" \/>\n<meta property=\"og:title\" content=\"Kabelgenomf\u00f6ring f\u00f6r montering i skrivbord och konferensbord - \u00d860 mm\" \/>\n<meta property=\"og:description\" content=\"Kabelgenomf\u00f6ring kan monteras i exempelvis skrivbord och konferensbord vilket skapar en praktiskt och snygg kabelinstallation\" \/>\n<meta property=\"og:url\" content=\"https:\/\/shop.bjerring-sales.dk\/da\/vare\/kabelgenomforing-60-mm\/\" \/>\n<meta property=\"og:site_name\" content=\"Bjerring-Sales\" \/>\n<meta property=\"article:modified_time\" content=\"2023-01-21T22:33:04+00:00\" \/>\n<meta property=\"og:image\" content=\"https:\/\/pule.se\/wp-content\/uploads\/2023\/01\/kabelgenomforing_80cm_svart_1.jpg\" \/>\n\t<meta property=\"og:image:width\" content=\"800\" \/>\n\t<meta property=\"og:image:height\" content=\"800\" \/>\n\t<meta property=\"og:image:type\" content=\"image\/jpeg\" \/>\n<meta name=\"twitter:card\" content=\"summary_large_image\" \/>\n<meta name=\"twitter:title\" content=\"Kabelgenomf\u00f6ring f\u00f6r montering i skrivbord och konferensbord - \u00d860 mm\" \/>\n<meta name=\"twitter:description\" content=\"Kabelgenomf\u00f6ring kan monteras i exempelvis skrivbord och konferensbord vilket skapar en praktiskt och snygg kabelinstallation\" \/>\n<meta name=\"twitter:image\" content=\"https:\/\/shop.bjerring-sales.dk\/wp-content\/uploads\/2023\/01\/kabelgenomforing_80cm_svart_1.jpg\" \/>\n<meta name=\"twitter:label1\" content=\"Estimeret l\u00e6setid\" \/>\n\t<meta name=\"twitter:data1\" content=\"1 minut\" \/>\n<script type=\"application\/ld+json\" class=\"yoast-schema-graph\">{\"@context\":\"https:\/\/schema.org\",\"@graph\":[{\"@type\":\"WebPage\",\"@id\":\"https:\/\/shop.bjerring-sales.dk\/sv\/produkt\/kabelgenomforing-60-mm\/\",\"url\":\"https:\/\/shop.bjerring-sales.dk\/sv\/produkt\/kabelgenomforing-60-mm\/\",\"name\":\"Kabelgenomf\u00f6ring \u00d860 mm - Bjerring-Sales\",\"isPartOf\":{\"@id\":\"https:\/\/shop.bjerring-sales.dk\/#website\"},\"primaryImageOfPage\":{\"@id\":\"https:\/\/shop.bjerring-sales.dk\/sv\/produkt\/kabelgenomforing-60-mm\/#primaryimage\"},\"image\":{\"@id\":\"https:\/\/shop.bjerring-sales.dk\/sv\/produkt\/kabelgenomforing-60-mm\/#primaryimage\"},\"thumbnailUrl\":\"https:\/\/shop.bjerring-sales.dk\/wp-content\/uploads\/2023\/01\/kabelgenomforing_60cm_svart_4.jpg\",\"datePublished\":\"2023-01-11T11:12:36+00:00\",\"dateModified\":\"2023-01-21T22:33:04+00:00\",\"description\":\"Kabelgenomf\u00f6ring kan monteras i exempelvis skrivbord och konferensbord vilket skapar en praktiskt och snygg kabelinstallation\",\"breadcrumb\":{\"@id\":\"https:\/\/shop.bjerring-sales.dk\/sv\/produkt\/kabelgenomforing-60-mm\/#breadcrumb\"},\"inLanguage\":\"da-DK\",\"potentialAction\":[{\"@type\":\"ReadAction\",\"target\":[\"https:\/\/shop.bjerring-sales.dk\/sv\/produkt\/kabelgenomforing-60-mm\/\"]}]},{\"@type\":\"ImageObject\",\"inLanguage\":\"da-DK\",\"@id\":\"https:\/\/shop.bjerring-sales.dk\/sv\/produkt\/kabelgenomforing-60-mm\/#primaryimage\",\"url\":\"https:\/\/shop.bjerring-sales.dk\/wp-content\/uploads\/2023\/01\/kabelgenomforing_60cm_svart_4.jpg\",\"contentUrl\":\"https:\/\/shop.bjerring-sales.dk\/wp-content\/uploads\/2023\/01\/kabelgenomforing_60cm_svart_4.jpg\",\"width\":800,\"height\":800},{\"@type\":\"BreadcrumbList\",\"@id\":\"https:\/\/shop.bjerring-sales.dk\/sv\/produkt\/kabelgenomforing-60-mm\/#breadcrumb\",\"itemListElement\":[{\"@type\":\"ListItem\",\"position\":1,\"name\":\"Hem\",\"item\":\"https:\/\/shop.bjerring-sales.dk\/\"},{\"@type\":\"ListItem\",\"position\":2,\"name\":\"Webbutik\",\"item\":\"https:\/\/shop.bjerring-sales.dk\/butik\/\"},{\"@type\":\"ListItem\",\"position\":3,\"name\":\"Kabelgenomf\u00f6ring \u00d860 mm\"}]},{\"@type\":\"WebSite\",\"@id\":\"https:\/\/shop.bjerring-sales.dk\/#website\",\"url\":\"https:\/\/shop.bjerring-sales.dk\/\",\"name\":\"Bjerring-Sales\",\"description\":\"M\u00f6bler f\u00f6r teatrar, skolor, kontor och k\u00f6pcentrum\",\"publisher\":{\"@id\":\"https:\/\/shop.bjerring-sales.dk\/#organization\"},\"potentialAction\":[{\"@type\":\"SearchAction\",\"target\":{\"@type\":\"EntryPoint\",\"urlTemplate\":\"https:\/\/shop.bjerring-sales.dk\/?s={search_term_string}\"},\"query-input\":{\"@type\":\"PropertyValueSpecification\",\"valueRequired\":true,\"valueName\":\"search_term_string\"}}],\"inLanguage\":\"da-DK\"},{\"@type\":\"Organization\",\"@id\":\"https:\/\/shop.bjerring-sales.dk\/#organization\",\"name\":\"Bjerring-Sales\",\"url\":\"https:\/\/shop.bjerring-sales.dk\/\",\"logo\":{\"@type\":\"ImageObject\",\"inLanguage\":\"da-DK\",\"@id\":\"https:\/\/shop.bjerring-sales.dk\/#\/schema\/logo\/image\/\",\"url\":\"https:\/\/shop.bjerring-sales.dk\/wp-content\/uploads\/2023\/01\/logo_sv.png\",\"contentUrl\":\"https:\/\/shop.bjerring-sales.dk\/wp-content\/uploads\/2023\/01\/logo_sv.png\",\"width\":195,\"height\":68,\"caption\":\"Bjerring-Sales\"},\"image\":{\"@id\":\"https:\/\/shop.bjerring-sales.dk\/#\/schema\/logo\/image\/\"}}]}<\/script>\n<!-- \/ Yoast SEO plugin. -->","yoast_head_json":{"title":"Kabelgenomf\u00f6ring \u00d860 mm - Bjerring-Sales","description":"Kabelgenomf\u00f6ring kan monteras i exempelvis skrivbord och konferensbord vilket skapar en praktiskt och snygg kabelinstallation","robots":{"index":"index","follow":"follow","max-snippet":"max-snippet:-1","max-image-preview":"max-image-preview:large","max-video-preview":"max-video-preview:-1"},"canonical":"https:\/\/shop.bjerring-sales.dk\/da\/vare\/kabelgenomforing-60-mm\/","og_locale":"da_DK","og_type":"article","og_title":"Kabelgenomf\u00f6ring f\u00f6r montering i skrivbord och konferensbord - \u00d860 mm","og_description":"Kabelgenomf\u00f6ring kan monteras i exempelvis skrivbord och konferensbord vilket skapar en praktiskt och snygg kabelinstallation","og_url":"https:\/\/shop.bjerring-sales.dk\/da\/vare\/kabelgenomforing-60-mm\/","og_site_name":"Bjerring-Sales","article_modified_time":"2023-01-21T22:33:04+00:00","og_image":[{"width":800,"height":800,"url":"https:\/\/pule.se\/wp-content\/uploads\/2023\/01\/kabelgenomforing_80cm_svart_1.jpg","type":"image\/jpeg"}],"twitter_card":"summary_large_image","twitter_title":"Kabelgenomf\u00f6ring f\u00f6r montering i skrivbord och konferensbord - \u00d860 mm","twitter_description":"Kabelgenomf\u00f6ring kan monteras i exempelvis skrivbord och konferensbord vilket skapar en praktiskt och snygg kabelinstallation","twitter_image":"https:\/\/shop.bjerring-sales.dk\/wp-content\/uploads\/2023\/01\/kabelgenomforing_80cm_svart_1.jpg","twitter_misc":{"Estimeret l\u00e6setid":"1 minut"},"schema":{"@context":"https:\/\/schema.org","@graph":[{"@type":"WebPage","@id":"https:\/\/shop.bjerring-sales.dk\/sv\/produkt\/kabelgenomforing-60-mm\/","url":"https:\/\/shop.bjerring-sales.dk\/sv\/produkt\/kabelgenomforing-60-mm\/","name":"Kabelgenomf\u00f6ring \u00d860 mm - Bjerring-Sales","isPartOf":{"@id":"https:\/\/shop.bjerring-sales.dk\/#website"},"primaryImageOfPage":{"@id":"https:\/\/shop.bjerring-sales.dk\/sv\/produkt\/kabelgenomforing-60-mm\/#primaryimage"},"image":{"@id":"https:\/\/shop.bjerring-sales.dk\/sv\/produkt\/kabelgenomforing-60-mm\/#primaryimage"},"thumbnailUrl":"https:\/\/shop.bjerring-sales.dk\/wp-content\/uploads\/2023\/01\/kabelgenomforing_60cm_svart_4.jpg","datePublished":"2023-01-11T11:12:36+00:00","dateModified":"2023-01-21T22:33:04+00:00","description":"Kabelgenomf\u00f6ring kan monteras i exempelvis skrivbord och konferensbord vilket skapar en praktiskt och snygg kabelinstallation","breadcrumb":{"@id":"https:\/\/shop.bjerring-sales.dk\/sv\/produkt\/kabelgenomforing-60-mm\/#breadcrumb"},"inLanguage":"da-DK","potentialAction":[{"@type":"ReadAction","target":["https:\/\/shop.bjerring-sales.dk\/sv\/produkt\/kabelgenomforing-60-mm\/"]}]},{"@type":"ImageObject","inLanguage":"da-DK","@id":"https:\/\/shop.bjerring-sales.dk\/sv\/produkt\/kabelgenomforing-60-mm\/#primaryimage","url":"https:\/\/shop.bjerring-sales.dk\/wp-content\/uploads\/2023\/01\/kabelgenomforing_60cm_svart_4.jpg","contentUrl":"https:\/\/shop.bjerring-sales.dk\/wp-content\/uploads\/2023\/01\/kabelgenomforing_60cm_svart_4.jpg","width":800,"height":800},{"@type":"BreadcrumbList","@id":"https:\/\/shop.bjerring-sales.dk\/sv\/produkt\/kabelgenomforing-60-mm\/#breadcrumb","itemListElement":[{"@type":"ListItem","position":1,"name":"Hem","item":"https:\/\/shop.bjerring-sales.dk\/"},{"@type":"ListItem","position":2,"name":"Webbutik","item":"https:\/\/shop.bjerring-sales.dk\/butik\/"},{"@type":"ListItem","position":3,"name":"Kabelgenomf\u00f6ring \u00d860 mm"}]},{"@type":"WebSite","@id":"https:\/\/shop.bjerring-sales.dk\/#website","url":"https:\/\/shop.bjerring-sales.dk\/","name":"Bjerring-Salg","description":"M\u00f8bler til teatre, skoler, kontorer og indk\u00f8bscentre","publisher":{"@id":"https:\/\/shop.bjerring-sales.dk\/#organization"},"potentialAction":[{"@type":"SearchAction","target":{"@type":"EntryPoint","urlTemplate":"https:\/\/shop.bjerring-sales.dk\/?s={search_term_string}"},"query-input":{"@type":"PropertyValueSpecification","valueRequired":true,"valueName":"search_term_string"}}],"inLanguage":"da-DK"},{"@type":"Organization","@id":"https:\/\/shop.bjerring-sales.dk\/#organization","name":"Bjerring-Salg","url":"https:\/\/shop.bjerring-sales.dk\/","logo":{"@type":"ImageObject","inLanguage":"da-DK","@id":"https:\/\/shop.bjerring-sales.dk\/#\/schema\/logo\/image\/","url":"https:\/\/shop.bjerring-sales.dk\/wp-content\/uploads\/2023\/01\/logo_sv.png","contentUrl":"https:\/\/shop.bjerring-sales.dk\/wp-content\/uploads\/2023\/01\/logo_sv.png","width":195,"height":68,"caption":"Bjerring-Sales"},"image":{"@id":"https:\/\/shop.bjerring-sales.dk\/#\/schema\/logo\/image\/"}}]}},"_links":{"self":[{"href":"https:\/\/shop.bjerring-sales.dk\/da\/wp-json\/wp\/v2\/product\/91452","targetHints":{"allow":["GET"]}}],"collection":[{"href":"https:\/\/shop.bjerring-sales.dk\/da\/wp-json\/wp\/v2\/product"}],"about":[{"href":"https:\/\/shop.bjerring-sales.dk\/da\/wp-json\/wp\/v2\/types\/product"}],"wp:featuredmedia":[{"embeddable":true,"href":"https:\/\/shop.bjerring-sales.dk\/da\/wp-json\/wp\/v2\/media\/91453"}],"wp:attachment":[{"href":"https:\/\/shop.bjerring-sales.dk\/da\/wp-json\/wp\/v2\/media?parent=91452"}],"wp:term":[{"taxonomy":"product_brand","embeddable":true,"href":"https:\/\/shop.bjerring-sales.dk\/da\/wp-json\/wp\/v2\/product_brand?post=91452"},{"taxonomy":"product_cat","embeddable":true,"href":"https:\/\/shop.bjerring-sales.dk\/da\/wp-json\/wp\/v2\/product_cat?post=91452"},{"taxonomy":"product_tag","embeddable":true,"href":"https:\/\/shop.bjerring-sales.dk\/da\/wp-json\/wp\/v2\/product_tag?post=91452"}],"curies":[{"name":"wp","href":"https:\/\/api.w.org\/{rel}","templated":true}]}}