{"id":91448,"date":"2023-01-10T14:48:04","date_gmt":"2023-01-10T13:48:04","guid":{"rendered":"https:\/\/pule.se\/produkt\/kabelranna-easy-720-mm\/"},"modified":"2025-11-03T11:30:22","modified_gmt":"2025-11-03T10:30:22","slug":"kabelranna-easy-720-mm","status":"publish","type":"product","link":"https:\/\/shop.bjerring-sales.dk\/da\/vare\/kabelranna-easy-720-mm\/","title":{"rendered":"Kabelbakke Easy 720 mm"},"content":{"rendered":"<div class=\"wpb-content-wrapper\"><div class=\"vc_row wpb_row vc_row-fluid\"><div class=\"wpb_column vc_column_container vc_col-sm-12\"><div class=\"vc_column-inner\"><div class=\"wpb_wrapper\">\n\t<div class=\"wpb_text_column wpb_content_element\" >\n\t\t<div class=\"wpb_wrapper\">\n\t\t\t<p><span style=\"font-size: 24pt\">Kabelbakke Nem 720 mm - For nem montering under bordet!<br \/>\n<\/span>Med en kabelbakke og supplerende tilbeh\u00f8r kan du nemt skabe et meget mere behageligt arbejdsmilj\u00f8 uden at forstyrreende kabeler, s\u00e5 giver en kabelbakke  et ryddeligt bord uden l\u00f8st h\u00e6ngende ledninger. Kabelbakken er beregnet til placering under bordpladen. Den er meget nem at samle og har plads til stikkontakter. Forberedt til jordforbindelse. Kabelbakken kan ogs\u00e5 klippes til i l\u00e6ngden til tilpasset pasform.<\/p>\n\n\t\t<\/div>\n\t<\/div>\n<\/div><\/div><\/div><\/div><div class=\"vc_row wpb_row vc_row-fluid\"><div class=\"wpb_column vc_column_container vc_col-sm-12\"><div class=\"vc_column-inner\"><div class=\"wpb_wrapper\">\n\t<div  class=\"wpb_single_image wpb_content_element vc_align_center\">\n\t\t\n\t\t<figure class=\"wpb_wrapper vc_figure\">\n\t\t\t<div class=\"vc_single_image-wrapper vc_box_shadow_border  vc_box_border_grey\"><img loading=\"lazy\" decoding=\"async\" width=\"1200\" height=\"401\" src=\"https:\/\/shop.bjerring-sales.dk\/wp-content\/uploads\/2023\/01\/ranna-easy720.jpg\" class=\"vc_single_image-img attachment-full\" alt=\"\" title=\"ranna-easy720\" srcset=\"https:\/\/shop.bjerring-sales.dk\/wp-content\/uploads\/2023\/01\/ranna-easy720.jpg 1200w, https:\/\/shop.bjerring-sales.dk\/wp-content\/uploads\/2023\/01\/ranna-easy720-150x50.jpg 150w, https:\/\/shop.bjerring-sales.dk\/wp-content\/uploads\/2023\/01\/ranna-easy720-600x201.jpg 600w, https:\/\/shop.bjerring-sales.dk\/wp-content\/uploads\/2023\/01\/ranna-easy720-300x100.jpg 300w, https:\/\/shop.bjerring-sales.dk\/wp-content\/uploads\/2023\/01\/ranna-easy720-1024x342.jpg 1024w, https:\/\/shop.bjerring-sales.dk\/wp-content\/uploads\/2023\/01\/ranna-easy720-768x257.jpg 768w\" sizes=\"auto, (max-width: 1200px) 100vw, 1200px\" \/><\/div>\n\t\t<\/figure>\n\t<\/div>\n<\/div><\/div><\/div><\/div><div class=\"vc_row wpb_row vc_row-fluid\"><div class=\"wpb_column vc_column_container vc_col-sm-6\"><div class=\"vc_column-inner\"><div class=\"wpb_wrapper\">\n\t<div class=\"wpb_text_column wpb_content_element\" >\n\t\t<div class=\"wpb_wrapper\">\n\t\t\t<p><span style=\"font-size: 18pt\">Specifikationer<\/span><\/p>\n<ul>\n<li>Plads til str\u00f8mskinne<\/li>\n<li>Skruer medf\u00f8lger for nem montering<\/li>\n<li>Kan nemt justeres<\/li>\n<\/ul>\n<p><span style=\"font-size: 18pt\">V\u00e6gt<br \/>\n<\/span>0,5 kg<\/p>\n\n\t\t<\/div>\n\t<\/div>\n<\/div><\/div><\/div><div class=\"wpb_column vc_column_container vc_col-sm-6\"><div class=\"vc_column-inner\"><div class=\"wpb_wrapper\">\n\t<div class=\"wpb_text_column wpb_content_element\" >\n\t\t<div class=\"wpb_wrapper\">\n\t\t\t<p><span style=\"font-size: 18pt\">M\u00e5l<\/span><\/p>\n<ul>\n<li>L\u00e6ngde: 720 mm<\/li>\n<li>Bredde\/Dybde: 150 mm<\/li>\n<li>H\u00f8jde: 110 mm<\/li>\n<\/ul>\n\n\t\t<\/div>\n\t<\/div>\n<\/div><\/div><\/div><\/div><div class=\"vc_row wpb_row vc_row-fluid\"><div class=\"wpb_column vc_column_container vc_col-sm-6\"><div class=\"vc_column-inner\"><div class=\"wpb_wrapper\">\n\t<div  class=\"wpb_single_image wpb_content_element vc_align_center\">\n\t\t\n\t\t<figure class=\"wpb_wrapper vc_figure\">\n\t\t\t<a href=\"https:\/\/shop.bjerring-sales.dk\/wp-content\/uploads\/2023\/01\/Skiss_550.jpg\" target=\"_self\" class=\"vc_single_image-wrapper vc_box_shadow_border  vc_box_border_grey\"><img loading=\"lazy\" decoding=\"async\" width=\"800\" height=\"550\" src=\"https:\/\/shop.bjerring-sales.dk\/wp-content\/uploads\/2023\/01\/Skiss_550.jpg\" class=\"vc_single_image-img attachment-full\" alt=\"\" title=\"Skitse_550\" srcset=\"https:\/\/shop.bjerring-sales.dk\/wp-content\/uploads\/2023\/01\/Skiss_550.jpg 800w, https:\/\/shop.bjerring-sales.dk\/wp-content\/uploads\/2023\/01\/Skiss_550-150x103.jpg 150w, https:\/\/shop.bjerring-sales.dk\/wp-content\/uploads\/2023\/01\/Skiss_550-600x413.jpg 600w, https:\/\/shop.bjerring-sales.dk\/wp-content\/uploads\/2023\/01\/Skiss_550-300x206.jpg 300w, https:\/\/shop.bjerring-sales.dk\/wp-content\/uploads\/2023\/01\/Skiss_550-768x528.jpg 768w\" sizes=\"auto, (max-width: 800px) 100vw, 800px\" \/><\/a>\n\t\t<\/figure>\n\t<\/div>\n<\/div><\/div><\/div><div class=\"wpb_column vc_column_container vc_col-sm-6\"><div class=\"vc_column-inner\"><div class=\"wpb_wrapper\">\n\t<div  class=\"wpb_single_image wpb_content_element vc_align_center\">\n\t\t\n\t\t<figure class=\"wpb_wrapper vc_figure\">\n\t\t\t<a href=\"https:\/\/shop.bjerring-sales.dk\/wp-content\/uploads\/2023\/01\/manual_550.jpg\" target=\"_self\" class=\"vc_single_image-wrapper vc_box_shadow_border  vc_box_border_grey\"><img loading=\"lazy\" decoding=\"async\" width=\"800\" height=\"550\" src=\"https:\/\/shop.bjerring-sales.dk\/wp-content\/uploads\/2023\/01\/manual_550.jpg\" class=\"vc_single_image-img attachment-full\" alt=\"\" title=\"manual_550\" srcset=\"https:\/\/shop.bjerring-sales.dk\/wp-content\/uploads\/2023\/01\/manual_550.jpg 800w, https:\/\/shop.bjerring-sales.dk\/wp-content\/uploads\/2023\/01\/manual_550-150x103.jpg 150w, https:\/\/shop.bjerring-sales.dk\/wp-content\/uploads\/2023\/01\/manual_550-600x413.jpg 600w, https:\/\/shop.bjerring-sales.dk\/wp-content\/uploads\/2023\/01\/manual_550-300x206.jpg 300w, https:\/\/shop.bjerring-sales.dk\/wp-content\/uploads\/2023\/01\/manual_550-768x528.jpg 768w\" sizes=\"auto, (max-width: 800px) 100vw, 800px\" \/><\/a>\n\t\t<\/figure>\n\t<\/div>\n<\/div><\/div><\/div><\/div>\n<\/div>","protected":false},"excerpt":{"rendered":"<p>Med en kabelbakke og supplerende tilbeh\u00f8r kan du nemt skabe et meget mere behageligt arbejdsmilj\u00f8 uden at kabelfiltre og andre l\u00f8st h\u00e6ngende ledninger forstyrrer. Kabelbakken er beregnet til placering under bordpladen.<\/p>","protected":false},"featured_media":99406,"template":"","meta":{"iawp_total_views":3},"product_brand":[],"product_cat":[6353,5798,5804],"product_tag":[5886,6333,6334,6335,6451],"class_list":{"0":"post-91448","1":"product","2":"type-product","3":"status-publish","4":"has-post-thumbnail","6":"product_cat-up-down-easy","7":"product_cat-kontorsprodukter","8":"product_cat-tillbehor-bord","9":"product_tag-kabelranna","10":"product_tag-kabeldike","11":"product_tag-kabelranna-easy-720-mm","12":"product_tag-vit-kabelranna","13":"product_tag-kabelhantering","15":"first","16":"instock","17":"taxable","18":"shipping-taxable","19":"purchasable","20":"product-type-simple"},"yoast_head":"<!-- This site is optimized with the Yoast SEO plugin v27.0 - https:\/\/yoast.com\/product\/yoast-seo-wordpress\/ -->\n<title>Kabelr\u00e4nna Easy 720 mm - Bjerring-Sales<\/title>\n<meta name=\"description\" content=\"Med en kabelr\u00e4nna och kompletterande tillbeh\u00f6r skapas du enkelt en mycket trevligare arbetsmilj\u00f6 utan st\u00f6riga kabelh\u00e4rvor och andra l\u00f6st h\u00e4ngande sladdar\" \/>\n<meta name=\"robots\" content=\"index, follow, max-snippet:-1, max-image-preview:large, max-video-preview:-1\" \/>\n<link rel=\"canonical\" href=\"https:\/\/shop.bjerring-sales.dk\/da\/vare\/kabelranna-easy-720-mm\/\" \/>\n<meta property=\"og:locale\" content=\"da_DK\" \/>\n<meta property=\"og:type\" content=\"article\" \/>\n<meta property=\"og:title\" content=\"Kabelr\u00e4nna Easy 720 mm - F\u00f6r enkel montering under bordet!\" \/>\n<meta property=\"og:description\" content=\"Med en kabelr\u00e4nna och kompletterande tillbeh\u00f6r skapas du enkelt en mycket trevligare arbetsmilj\u00f6 utan st\u00f6riga kabelh\u00e4rvor och andra l\u00f6st h\u00e4ngande sladdar\" \/>\n<meta property=\"og:url\" content=\"https:\/\/shop.bjerring-sales.dk\/da\/vare\/kabelranna-easy-720-mm\/\" \/>\n<meta property=\"og:site_name\" content=\"Bjerring-Sales\" \/>\n<meta property=\"article:modified_time\" content=\"2025-11-03T10:30:22+00:00\" \/>\n<meta property=\"og:image\" content=\"https:\/\/shop.bjerring-sales.dk\/wp-content\/uploads\/2023\/01\/ranna_miljo_800x800.jpg\" \/>\n\t<meta property=\"og:image:width\" content=\"800\" \/>\n\t<meta property=\"og:image:height\" content=\"800\" \/>\n\t<meta property=\"og:image:type\" content=\"image\/jpeg\" \/>\n<meta name=\"twitter:card\" content=\"summary_large_image\" \/>\n<meta name=\"twitter:title\" content=\"Kabelr\u00e4nna Easy 720 mm - F\u00f6r enkel montering under bordet!\" \/>\n<meta name=\"twitter:description\" content=\"Med en kabelr\u00e4nna och kompletterande tillbeh\u00f6r skapas du enkelt en mycket trevligare arbetsmilj\u00f6 utan st\u00f6riga kabelh\u00e4rvor och andra l\u00f6st h\u00e4ngande sladdar\" \/>\n<meta name=\"twitter:image\" content=\"https:\/\/shop.bjerring-sales.dk\/wp-content\/uploads\/2023\/01\/ranna_miljo_800x800.jpg\" \/>\n<meta name=\"twitter:label1\" content=\"Estimeret l\u00e6setid\" \/>\n\t<meta name=\"twitter:data1\" content=\"1 minut\" \/>\n<script type=\"application\/ld+json\" class=\"yoast-schema-graph\">{\"@context\":\"https:\/\/schema.org\",\"@graph\":[{\"@type\":\"WebPage\",\"@id\":\"https:\/\/shop.bjerring-sales.dk\/sv\/produkt\/kabelranna-easy-720-mm\/\",\"url\":\"https:\/\/shop.bjerring-sales.dk\/sv\/produkt\/kabelranna-easy-720-mm\/\",\"name\":\"Kabelr\u00e4nna Easy 720 mm - Bjerring-Sales\",\"isPartOf\":{\"@id\":\"https:\/\/shop.bjerring-sales.dk\/#website\"},\"primaryImageOfPage\":{\"@id\":\"https:\/\/shop.bjerring-sales.dk\/sv\/produkt\/kabelranna-easy-720-mm\/#primaryimage\"},\"image\":{\"@id\":\"https:\/\/shop.bjerring-sales.dk\/sv\/produkt\/kabelranna-easy-720-mm\/#primaryimage\"},\"thumbnailUrl\":\"https:\/\/shop.bjerring-sales.dk\/wp-content\/uploads\/2024\/10\/Kabelranna.jpg\",\"datePublished\":\"2023-01-10T13:48:04+00:00\",\"dateModified\":\"2025-11-03T10:30:22+00:00\",\"description\":\"Med en kabelr\u00e4nna och kompletterande tillbeh\u00f6r skapas du enkelt en mycket trevligare arbetsmilj\u00f6 utan st\u00f6riga kabelh\u00e4rvor och andra l\u00f6st h\u00e4ngande sladdar\",\"breadcrumb\":{\"@id\":\"https:\/\/shop.bjerring-sales.dk\/sv\/produkt\/kabelranna-easy-720-mm\/#breadcrumb\"},\"inLanguage\":\"da-DK\",\"potentialAction\":[{\"@type\":\"ReadAction\",\"target\":[\"https:\/\/shop.bjerring-sales.dk\/sv\/produkt\/kabelranna-easy-720-mm\/\"]}]},{\"@type\":\"ImageObject\",\"inLanguage\":\"da-DK\",\"@id\":\"https:\/\/shop.bjerring-sales.dk\/sv\/produkt\/kabelranna-easy-720-mm\/#primaryimage\",\"url\":\"https:\/\/shop.bjerring-sales.dk\/wp-content\/uploads\/2024\/10\/Kabelranna.jpg\",\"contentUrl\":\"https:\/\/shop.bjerring-sales.dk\/wp-content\/uploads\/2024\/10\/Kabelranna.jpg\",\"width\":800,\"height\":800},{\"@type\":\"BreadcrumbList\",\"@id\":\"https:\/\/shop.bjerring-sales.dk\/sv\/produkt\/kabelranna-easy-720-mm\/#breadcrumb\",\"itemListElement\":[{\"@type\":\"ListItem\",\"position\":1,\"name\":\"Hem\",\"item\":\"https:\/\/shop.bjerring-sales.dk\/\"},{\"@type\":\"ListItem\",\"position\":2,\"name\":\"Webbutik\",\"item\":\"https:\/\/shop.bjerring-sales.dk\/butik\/\"},{\"@type\":\"ListItem\",\"position\":3,\"name\":\"Kabelr\u00e4nna Easy 720 mm\"}]},{\"@type\":\"WebSite\",\"@id\":\"https:\/\/shop.bjerring-sales.dk\/#website\",\"url\":\"https:\/\/shop.bjerring-sales.dk\/\",\"name\":\"Bjerring-Sales\",\"description\":\"M\u00f6bler f\u00f6r teatrar, skolor, kontor och k\u00f6pcentrum\",\"publisher\":{\"@id\":\"https:\/\/shop.bjerring-sales.dk\/#organization\"},\"potentialAction\":[{\"@type\":\"SearchAction\",\"target\":{\"@type\":\"EntryPoint\",\"urlTemplate\":\"https:\/\/shop.bjerring-sales.dk\/?s={search_term_string}\"},\"query-input\":{\"@type\":\"PropertyValueSpecification\",\"valueRequired\":true,\"valueName\":\"search_term_string\"}}],\"inLanguage\":\"da-DK\"},{\"@type\":\"Organization\",\"@id\":\"https:\/\/shop.bjerring-sales.dk\/#organization\",\"name\":\"Bjerring-Sales\",\"url\":\"https:\/\/shop.bjerring-sales.dk\/\",\"logo\":{\"@type\":\"ImageObject\",\"inLanguage\":\"da-DK\",\"@id\":\"https:\/\/shop.bjerring-sales.dk\/#\/schema\/logo\/image\/\",\"url\":\"https:\/\/shop.bjerring-sales.dk\/wp-content\/uploads\/2023\/01\/logo_sv.png\",\"contentUrl\":\"https:\/\/shop.bjerring-sales.dk\/wp-content\/uploads\/2023\/01\/logo_sv.png\",\"width\":195,\"height\":68,\"caption\":\"Bjerring-Sales\"},\"image\":{\"@id\":\"https:\/\/shop.bjerring-sales.dk\/#\/schema\/logo\/image\/\"}}]}<\/script>\n<!-- \/ Yoast SEO plugin. -->","yoast_head_json":{"title":"Kabelr\u00e4nna Easy 720 mm - Bjerring-Sales","description":"Med en kabelr\u00e4nna och kompletterande tillbeh\u00f6r skapas du enkelt en mycket trevligare arbetsmilj\u00f6 utan st\u00f6riga kabelh\u00e4rvor och andra l\u00f6st h\u00e4ngande sladdar","robots":{"index":"index","follow":"follow","max-snippet":"max-snippet:-1","max-image-preview":"max-image-preview:large","max-video-preview":"max-video-preview:-1"},"canonical":"https:\/\/shop.bjerring-sales.dk\/da\/vare\/kabelranna-easy-720-mm\/","og_locale":"da_DK","og_type":"article","og_title":"Kabelr\u00e4nna Easy 720 mm - F\u00f6r enkel montering under bordet!","og_description":"Med en kabelr\u00e4nna och kompletterande tillbeh\u00f6r skapas du enkelt en mycket trevligare arbetsmilj\u00f6 utan st\u00f6riga kabelh\u00e4rvor och andra l\u00f6st h\u00e4ngande sladdar","og_url":"https:\/\/shop.bjerring-sales.dk\/da\/vare\/kabelranna-easy-720-mm\/","og_site_name":"Bjerring-Sales","article_modified_time":"2025-11-03T10:30:22+00:00","og_image":[{"width":800,"height":800,"url":"https:\/\/shop.bjerring-sales.dk\/wp-content\/uploads\/2023\/01\/ranna_miljo_800x800.jpg","type":"image\/jpeg"}],"twitter_card":"summary_large_image","twitter_title":"Kabelr\u00e4nna Easy 720 mm - F\u00f6r enkel montering under bordet!","twitter_description":"Med en kabelr\u00e4nna och kompletterande tillbeh\u00f6r skapas du enkelt en mycket trevligare arbetsmilj\u00f6 utan st\u00f6riga kabelh\u00e4rvor och andra l\u00f6st h\u00e4ngande sladdar","twitter_image":"https:\/\/shop.bjerring-sales.dk\/wp-content\/uploads\/2023\/01\/ranna_miljo_800x800.jpg","twitter_misc":{"Estimeret l\u00e6setid":"1 minut"},"schema":{"@context":"https:\/\/schema.org","@graph":[{"@type":"WebPage","@id":"https:\/\/shop.bjerring-sales.dk\/sv\/produkt\/kabelranna-easy-720-mm\/","url":"https:\/\/shop.bjerring-sales.dk\/sv\/produkt\/kabelranna-easy-720-mm\/","name":"Kabelr\u00e4nna Easy 720 mm - Bjerring-Sales","isPartOf":{"@id":"https:\/\/shop.bjerring-sales.dk\/#website"},"primaryImageOfPage":{"@id":"https:\/\/shop.bjerring-sales.dk\/sv\/produkt\/kabelranna-easy-720-mm\/#primaryimage"},"image":{"@id":"https:\/\/shop.bjerring-sales.dk\/sv\/produkt\/kabelranna-easy-720-mm\/#primaryimage"},"thumbnailUrl":"https:\/\/shop.bjerring-sales.dk\/wp-content\/uploads\/2024\/10\/Kabelranna.jpg","datePublished":"2023-01-10T13:48:04+00:00","dateModified":"2025-11-03T10:30:22+00:00","description":"Med en kabelr\u00e4nna och kompletterande tillbeh\u00f6r skapas du enkelt en mycket trevligare arbetsmilj\u00f6 utan st\u00f6riga kabelh\u00e4rvor och andra l\u00f6st h\u00e4ngande sladdar","breadcrumb":{"@id":"https:\/\/shop.bjerring-sales.dk\/sv\/produkt\/kabelranna-easy-720-mm\/#breadcrumb"},"inLanguage":"da-DK","potentialAction":[{"@type":"ReadAction","target":["https:\/\/shop.bjerring-sales.dk\/sv\/produkt\/kabelranna-easy-720-mm\/"]}]},{"@type":"ImageObject","inLanguage":"da-DK","@id":"https:\/\/shop.bjerring-sales.dk\/sv\/produkt\/kabelranna-easy-720-mm\/#primaryimage","url":"https:\/\/shop.bjerring-sales.dk\/wp-content\/uploads\/2024\/10\/Kabelranna.jpg","contentUrl":"https:\/\/shop.bjerring-sales.dk\/wp-content\/uploads\/2024\/10\/Kabelranna.jpg","width":800,"height":800},{"@type":"BreadcrumbList","@id":"https:\/\/shop.bjerring-sales.dk\/sv\/produkt\/kabelranna-easy-720-mm\/#breadcrumb","itemListElement":[{"@type":"ListItem","position":1,"name":"Hem","item":"https:\/\/shop.bjerring-sales.dk\/"},{"@type":"ListItem","position":2,"name":"Webbutik","item":"https:\/\/shop.bjerring-sales.dk\/butik\/"},{"@type":"ListItem","position":3,"name":"Kabelr\u00e4nna Easy 720 mm"}]},{"@type":"WebSite","@id":"https:\/\/shop.bjerring-sales.dk\/#website","url":"https:\/\/shop.bjerring-sales.dk\/","name":"Bjerring-Salg","description":"M\u00f8bler til teatre, skoler, kontorer og indk\u00f8bscentre","publisher":{"@id":"https:\/\/shop.bjerring-sales.dk\/#organization"},"potentialAction":[{"@type":"SearchAction","target":{"@type":"EntryPoint","urlTemplate":"https:\/\/shop.bjerring-sales.dk\/?s={search_term_string}"},"query-input":{"@type":"PropertyValueSpecification","valueRequired":true,"valueName":"search_term_string"}}],"inLanguage":"da-DK"},{"@type":"Organization","@id":"https:\/\/shop.bjerring-sales.dk\/#organization","name":"Bjerring-Salg","url":"https:\/\/shop.bjerring-sales.dk\/","logo":{"@type":"ImageObject","inLanguage":"da-DK","@id":"https:\/\/shop.bjerring-sales.dk\/#\/schema\/logo\/image\/","url":"https:\/\/shop.bjerring-sales.dk\/wp-content\/uploads\/2023\/01\/logo_sv.png","contentUrl":"https:\/\/shop.bjerring-sales.dk\/wp-content\/uploads\/2023\/01\/logo_sv.png","width":195,"height":68,"caption":"Bjerring-Sales"},"image":{"@id":"https:\/\/shop.bjerring-sales.dk\/#\/schema\/logo\/image\/"}}]}},"_links":{"self":[{"href":"https:\/\/shop.bjerring-sales.dk\/da\/wp-json\/wp\/v2\/product\/91448","targetHints":{"allow":["GET"]}}],"collection":[{"href":"https:\/\/shop.bjerring-sales.dk\/da\/wp-json\/wp\/v2\/product"}],"about":[{"href":"https:\/\/shop.bjerring-sales.dk\/da\/wp-json\/wp\/v2\/types\/product"}],"wp:featuredmedia":[{"embeddable":true,"href":"https:\/\/shop.bjerring-sales.dk\/da\/wp-json\/wp\/v2\/media\/99406"}],"wp:attachment":[{"href":"https:\/\/shop.bjerring-sales.dk\/da\/wp-json\/wp\/v2\/media?parent=91448"}],"wp:term":[{"taxonomy":"product_brand","embeddable":true,"href":"https:\/\/shop.bjerring-sales.dk\/da\/wp-json\/wp\/v2\/product_brand?post=91448"},{"taxonomy":"product_cat","embeddable":true,"href":"https:\/\/shop.bjerring-sales.dk\/da\/wp-json\/wp\/v2\/product_cat?post=91448"},{"taxonomy":"product_tag","embeddable":true,"href":"https:\/\/shop.bjerring-sales.dk\/da\/wp-json\/wp\/v2\/product_tag?post=91448"}],"curies":[{"name":"wp","href":"https:\/\/api.w.org\/{rel}","templated":true}]}}