{"id":91082,"date":"2022-12-16T10:31:00","date_gmt":"2022-12-16T09:31:00","guid":{"rendered":"https:\/\/pule.se\/produkt\/vagn-stapelbara-stolar-fallbara-bord\/"},"modified":"2023-01-21T20:22:19","modified_gmt":"2023-01-21T19:22:19","slug":"vagn-stapelbara-stolar-fallbara-bord","status":"publish","type":"product","link":"https:\/\/shop.bjerring-sales.dk\/da\/vare\/vagn-stapelbara-stolar-fallbara-bord\/","title":{"rendered":"Vogn til stabelbare stole og klapborde"},"content":{"rendered":"<div class=\"wpb-content-wrapper\"><div class=\"vc_row wpb_row vc_row-fluid\"><div class=\"wpb_column vc_column_container vc_col-sm-12\"><div class=\"vc_column-inner\"><div class=\"wpb_wrapper\">\n\t<div class=\"wpb_text_column wpb_content_element\" >\n\t\t<div class=\"wpb_wrapper\">\n\t\t\t<p><span style=\"font-size: 24pt;\">En st\u00f8rre vogn til stabelbare stole og klapborde<br \/>\n<\/span>Denne vogn er den samme som \"Vagn Style\", men st\u00f8rrelsen er st\u00f8rre. En god mulighed for opbevaring og flytning af b\u00e5de stabelbare stole og klapborde. Last pladen m\u00e5ler 109\u00d759 cm.<\/p>\n\n\t\t<\/div>\n\t<\/div>\n<\/div><\/div><\/div><\/div><div class=\"vc_row wpb_row vc_row-fluid\"><div class=\"wpb_column vc_column_container vc_col-sm-4\"><div class=\"vc_column-inner\"><div class=\"wpb_wrapper\">\n\t<div  class=\"wpb_single_image wpb_content_element vc_align_center\">\n\t\t\n\t\t<figure class=\"wpb_wrapper vc_figure\">\n\t\t\t<div class=\"vc_single_image-wrapper vc_box_shadow_border  vc_box_border_grey\"><img loading=\"lazy\" decoding=\"async\" width=\"300\" height=\"300\" src=\"https:\/\/shop.bjerring-sales.dk\/wp-content\/uploads\/2022\/12\/vagnbild03.jpg\" class=\"vc_single_image-img attachment-medium\" alt=\"\" title=\"vogn billede03\" srcset=\"https:\/\/shop.bjerring-sales.dk\/wp-content\/uploads\/2022\/12\/vagnbild03.jpg 300w, https:\/\/shop.bjerring-sales.dk\/wp-content\/uploads\/2022\/12\/vagnbild03-150x150.jpg 150w\" sizes=\"auto, (max-width: 300px) 100vw, 300px\" \/><\/div>\n\t\t<\/figure>\n\t<\/div>\n<\/div><\/div><\/div><div class=\"wpb_column vc_column_container vc_col-sm-4\"><div class=\"vc_column-inner\"><div class=\"wpb_wrapper\">\n\t<div  class=\"wpb_single_image wpb_content_element vc_align_center\">\n\t\t\n\t\t<figure class=\"wpb_wrapper vc_figure\">\n\t\t\t<div class=\"vc_single_image-wrapper vc_box_shadow_border  vc_box_border_grey\"><img loading=\"lazy\" decoding=\"async\" width=\"300\" height=\"300\" src=\"https:\/\/shop.bjerring-sales.dk\/wp-content\/uploads\/2022\/12\/vagnbild02-300x300.jpg\" class=\"vc_single_image-img attachment-medium\" alt=\"\" title=\"vogn billede02\" srcset=\"https:\/\/shop.bjerring-sales.dk\/wp-content\/uploads\/2022\/12\/vagnbild02-300x300.jpg 300w, https:\/\/shop.bjerring-sales.dk\/wp-content\/uploads\/2022\/12\/vagnbild02-150x150.jpg 150w, https:\/\/shop.bjerring-sales.dk\/wp-content\/uploads\/2022\/12\/vagnbild02.jpg 600w\" sizes=\"auto, (max-width: 300px) 100vw, 300px\" \/><\/div>\n\t\t<\/figure>\n\t<\/div>\n<\/div><\/div><\/div><div class=\"wpb_column vc_column_container vc_col-sm-4\"><div class=\"vc_column-inner\"><div class=\"wpb_wrapper\">\n\t<div  class=\"wpb_single_image wpb_content_element vc_align_center\">\n\t\t\n\t\t<figure class=\"wpb_wrapper vc_figure\">\n\t\t\t<div class=\"vc_single_image-wrapper vc_box_shadow_border  vc_box_border_grey\"><img loading=\"lazy\" decoding=\"async\" width=\"300\" height=\"300\" src=\"https:\/\/shop.bjerring-sales.dk\/wp-content\/uploads\/2022\/12\/vagnbild01.jpg\" class=\"vc_single_image-img attachment-medium\" alt=\"\" title=\"vogn billede01\" srcset=\"https:\/\/shop.bjerring-sales.dk\/wp-content\/uploads\/2022\/12\/vagnbild01.jpg 300w, https:\/\/shop.bjerring-sales.dk\/wp-content\/uploads\/2022\/12\/vagnbild01-150x150.jpg 150w\" sizes=\"auto, (max-width: 300px) 100vw, 300px\" \/><\/div>\n\t\t<\/figure>\n\t<\/div>\n<\/div><\/div><\/div><\/div><div class=\"vc_row wpb_row vc_row-fluid\"><div class=\"wpb_column vc_column_container vc_col-sm-6\"><div class=\"vc_column-inner\"><div class=\"wpb_wrapper\">\n\t<div class=\"wpb_text_column wpb_content_element\" >\n\t\t<div class=\"wpb_wrapper\">\n\t\t\t<p><span style=\"font-size: 18pt;\">Specifikationer<\/span><\/p>\n<ul>\n<li>Vogn til stabelbare stole og klapborde<\/li>\n<li>Galvaniseret st\u00e5l<\/li>\n<li>Stabler godt i h\u00f8jden<\/li>\n<\/ul>\n<p><span style=\"font-size: 18pt;\">Rummelighed<\/span><\/p>\n<ul>\n<li>Sofie stol: Ca. 20-30 stk<\/li>\n<li>Congress Style\/Dinner Style bord 120\u00d745-120\u00d780 cm: Ca. 10-15 stk.<\/li>\n<\/ul>\n<p><span style=\"font-size: 18pt;\">V\u00e6gt<\/span><\/p>\n<ul>\n<li>23,5 kg<\/li>\n<li>Max. belastning: 350 kg<\/li>\n<\/ul>\n\n\t\t<\/div>\n\t<\/div>\n<\/div><\/div><\/div><div class=\"wpb_column vc_column_container vc_col-sm-6\"><div class=\"vc_column-inner\"><div class=\"wpb_wrapper\">\n\t<div class=\"wpb_text_column wpb_content_element\" >\n\t\t<div class=\"wpb_wrapper\">\n\t\t\t<p><span style=\"font-size: 18pt;\">M\u00e5l<\/span><\/p>\n<ul>\n<li>L\u00e6ngde: 119 cm<\/li>\n<li>Bredde: 60 cm<\/li>\n<li>H\u00f8jde: 100 cm<\/li>\n<li>M\u00e5l p\u00e5 l\u00e6sseareal: 109\u00d759 cm<\/li>\n<\/ul>\n\n\t\t<\/div>\n\t<\/div>\n<\/div><\/div><\/div><\/div>\n<\/div>","protected":false},"excerpt":{"rendered":"<p>En god mulighed for opbevaring og flytning af b\u00e5de stabelbare stole og klapborde. Last pladen m\u00e5ler 109\u00d759 cm.<\/p>","protected":false},"featured_media":91083,"template":"","meta":{"iawp_total_views":23},"product_brand":[],"product_cat":[5941,5879],"product_tag":[6325,6326,6327,6328,6329],"class_list":{"0":"post-91082","1":"product","2":"type-product","3":"status-publish","4":"has-post-thumbnail","6":"product_cat-bordsvagnar","7":"product_cat-stolsvagnar","8":"product_tag-vagn-stolar-och-bord","9":"product_tag-vagn-stapelbara-stolar","10":"product_tag-vagn-fallbara-bord","11":"product_tag-vagn-sofie-stolen","12":"product_tag-vagn-style-stolen","14":"first","15":"instock","16":"taxable","17":"shipping-taxable","18":"purchasable","19":"product-type-simple"},"yoast_head":"<!-- This site is optimized with the Yoast SEO plugin v27.0 - https:\/\/yoast.com\/product\/yoast-seo-wordpress\/ -->\n<title>Vagn till stapelbara stolar och f\u00e4llbara bord - Bjerring-Sales<\/title>\n<meta name=\"description\" content=\"Denna vagn \u00e4r samma som &quot;Vagn Style&quot; men storleken st\u00f6rre. Ett bra alternativ f\u00f6r att f\u00f6rvara och f\u00f6rflytta b\u00e5de staplingsbara stolar och f\u00e4llbara bord.\" \/>\n<meta name=\"robots\" content=\"index, follow, max-snippet:-1, max-image-preview:large, max-video-preview:-1\" \/>\n<link rel=\"canonical\" href=\"https:\/\/shop.bjerring-sales.dk\/da\/vare\/vagn-stapelbara-stolar-fallbara-bord\/\" \/>\n<meta property=\"og:locale\" content=\"da_DK\" \/>\n<meta property=\"og:type\" content=\"article\" \/>\n<meta property=\"og:title\" content=\"Vagn till stapelbara stolar och f\u00e4llbara bord\" \/>\n<meta property=\"og:description\" content=\"Ett bra alternativ f\u00f6r att f\u00f6rvara och f\u00f6rflytta b\u00e5de staplingsbara stolar och f\u00e4llbara bord. Lastytan m\u00e4ter 109\u00d759 cm.\" \/>\n<meta property=\"og:url\" content=\"https:\/\/shop.bjerring-sales.dk\/da\/vare\/vagn-stapelbara-stolar-fallbara-bord\/\" \/>\n<meta property=\"og:site_name\" content=\"Bjerring-Sales\" \/>\n<meta property=\"article:modified_time\" content=\"2023-01-21T19:22:19+00:00\" \/>\n<meta property=\"og:image\" content=\"https:\/\/pule.se\/wp-content\/uploads\/2022\/12\/vagnbild02.jpg\" \/>\n\t<meta property=\"og:image:width\" content=\"600\" \/>\n\t<meta property=\"og:image:height\" content=\"600\" \/>\n\t<meta property=\"og:image:type\" content=\"image\/jpeg\" \/>\n<meta name=\"twitter:card\" content=\"summary_large_image\" \/>\n<meta name=\"twitter:title\" content=\"Vagn till stapelbara stolar och f\u00e4llbara bord\" \/>\n<meta name=\"twitter:description\" content=\"Ett bra alternativ f\u00f6r att f\u00f6rvara och f\u00f6rflytta b\u00e5de staplingsbara stolar och f\u00e4llbara bord. Lastytan m\u00e4ter 109\u00d759 cm.\" \/>\n<meta name=\"twitter:image\" content=\"https:\/\/shop.bjerring-sales.dk\/wp-content\/uploads\/2022\/12\/vagnbild02.jpg\" \/>\n<meta name=\"twitter:label1\" content=\"Estimeret l\u00e6setid\" \/>\n\t<meta name=\"twitter:data1\" content=\"1 minut\" \/>\n<script type=\"application\/ld+json\" class=\"yoast-schema-graph\">{\"@context\":\"https:\/\/schema.org\",\"@graph\":[{\"@type\":\"WebPage\",\"@id\":\"https:\/\/shop.bjerring-sales.dk\/sv\/produkt\/vagn-stapelbara-stolar-fallbara-bord\/\",\"url\":\"https:\/\/shop.bjerring-sales.dk\/sv\/produkt\/vagn-stapelbara-stolar-fallbara-bord\/\",\"name\":\"Vagn till stapelbara stolar och f\u00e4llbara bord - Bjerring-Sales\",\"isPartOf\":{\"@id\":\"https:\/\/shop.bjerring-sales.dk\/#website\"},\"primaryImageOfPage\":{\"@id\":\"https:\/\/shop.bjerring-sales.dk\/sv\/produkt\/vagn-stapelbara-stolar-fallbara-bord\/#primaryimage\"},\"image\":{\"@id\":\"https:\/\/shop.bjerring-sales.dk\/sv\/produkt\/vagn-stapelbara-stolar-fallbara-bord\/#primaryimage\"},\"thumbnailUrl\":\"https:\/\/shop.bjerring-sales.dk\/wp-content\/uploads\/2022\/12\/2022-11-03-11.40.jpg\",\"datePublished\":\"2022-12-16T09:31:00+00:00\",\"dateModified\":\"2023-01-21T19:22:19+00:00\",\"description\":\"Denna vagn \u00e4r samma som \\\"Vagn Style\\\" men storleken st\u00f6rre. Ett bra alternativ f\u00f6r att f\u00f6rvara och f\u00f6rflytta b\u00e5de staplingsbara stolar och f\u00e4llbara bord.\",\"breadcrumb\":{\"@id\":\"https:\/\/shop.bjerring-sales.dk\/sv\/produkt\/vagn-stapelbara-stolar-fallbara-bord\/#breadcrumb\"},\"inLanguage\":\"da-DK\",\"potentialAction\":[{\"@type\":\"ReadAction\",\"target\":[\"https:\/\/shop.bjerring-sales.dk\/sv\/produkt\/vagn-stapelbara-stolar-fallbara-bord\/\"]}]},{\"@type\":\"ImageObject\",\"inLanguage\":\"da-DK\",\"@id\":\"https:\/\/shop.bjerring-sales.dk\/sv\/produkt\/vagn-stapelbara-stolar-fallbara-bord\/#primaryimage\",\"url\":\"https:\/\/shop.bjerring-sales.dk\/wp-content\/uploads\/2022\/12\/2022-11-03-11.40.jpg\",\"contentUrl\":\"https:\/\/shop.bjerring-sales.dk\/wp-content\/uploads\/2022\/12\/2022-11-03-11.40.jpg\",\"width\":800,\"height\":800},{\"@type\":\"BreadcrumbList\",\"@id\":\"https:\/\/shop.bjerring-sales.dk\/sv\/produkt\/vagn-stapelbara-stolar-fallbara-bord\/#breadcrumb\",\"itemListElement\":[{\"@type\":\"ListItem\",\"position\":1,\"name\":\"Hem\",\"item\":\"https:\/\/shop.bjerring-sales.dk\/\"},{\"@type\":\"ListItem\",\"position\":2,\"name\":\"Webbutik\",\"item\":\"https:\/\/shop.bjerring-sales.dk\/butik\/\"},{\"@type\":\"ListItem\",\"position\":3,\"name\":\"Vagn till stapelbara stolar och f\u00e4llbara bord\"}]},{\"@type\":\"WebSite\",\"@id\":\"https:\/\/shop.bjerring-sales.dk\/#website\",\"url\":\"https:\/\/shop.bjerring-sales.dk\/\",\"name\":\"Bjerring-Sales\",\"description\":\"M\u00f6bler f\u00f6r teatrar, skolor, kontor och k\u00f6pcentrum\",\"publisher\":{\"@id\":\"https:\/\/shop.bjerring-sales.dk\/#organization\"},\"potentialAction\":[{\"@type\":\"SearchAction\",\"target\":{\"@type\":\"EntryPoint\",\"urlTemplate\":\"https:\/\/shop.bjerring-sales.dk\/?s={search_term_string}\"},\"query-input\":{\"@type\":\"PropertyValueSpecification\",\"valueRequired\":true,\"valueName\":\"search_term_string\"}}],\"inLanguage\":\"da-DK\"},{\"@type\":\"Organization\",\"@id\":\"https:\/\/shop.bjerring-sales.dk\/#organization\",\"name\":\"Bjerring-Sales\",\"url\":\"https:\/\/shop.bjerring-sales.dk\/\",\"logo\":{\"@type\":\"ImageObject\",\"inLanguage\":\"da-DK\",\"@id\":\"https:\/\/shop.bjerring-sales.dk\/#\/schema\/logo\/image\/\",\"url\":\"https:\/\/shop.bjerring-sales.dk\/wp-content\/uploads\/2023\/01\/logo_sv.png\",\"contentUrl\":\"https:\/\/shop.bjerring-sales.dk\/wp-content\/uploads\/2023\/01\/logo_sv.png\",\"width\":195,\"height\":68,\"caption\":\"Bjerring-Sales\"},\"image\":{\"@id\":\"https:\/\/shop.bjerring-sales.dk\/#\/schema\/logo\/image\/\"}}]}<\/script>\n<!-- \/ Yoast SEO plugin. -->","yoast_head_json":{"title":"Vagn till stapelbara stolar och f\u00e4llbara bord - Bjerring-Sales","description":"Denna vagn \u00e4r samma som \"Vagn Style\" men storleken st\u00f6rre. Ett bra alternativ f\u00f6r att f\u00f6rvara och f\u00f6rflytta b\u00e5de staplingsbara stolar och f\u00e4llbara bord.","robots":{"index":"index","follow":"follow","max-snippet":"max-snippet:-1","max-image-preview":"max-image-preview:large","max-video-preview":"max-video-preview:-1"},"canonical":"https:\/\/shop.bjerring-sales.dk\/da\/vare\/vagn-stapelbara-stolar-fallbara-bord\/","og_locale":"da_DK","og_type":"article","og_title":"Vagn till stapelbara stolar och f\u00e4llbara bord","og_description":"Ett bra alternativ f\u00f6r att f\u00f6rvara och f\u00f6rflytta b\u00e5de staplingsbara stolar och f\u00e4llbara bord. Lastytan m\u00e4ter 109\u00d759 cm.","og_url":"https:\/\/shop.bjerring-sales.dk\/da\/vare\/vagn-stapelbara-stolar-fallbara-bord\/","og_site_name":"Bjerring-Sales","article_modified_time":"2023-01-21T19:22:19+00:00","og_image":[{"width":600,"height":600,"url":"https:\/\/pule.se\/wp-content\/uploads\/2022\/12\/vagnbild02.jpg","type":"image\/jpeg"}],"twitter_card":"summary_large_image","twitter_title":"Vagn till stapelbara stolar och f\u00e4llbara bord","twitter_description":"Ett bra alternativ f\u00f6r att f\u00f6rvara och f\u00f6rflytta b\u00e5de staplingsbara stolar och f\u00e4llbara bord. Lastytan m\u00e4ter 109\u00d759 cm.","twitter_image":"https:\/\/shop.bjerring-sales.dk\/wp-content\/uploads\/2022\/12\/vagnbild02.jpg","twitter_misc":{"Estimeret l\u00e6setid":"1 minut"},"schema":{"@context":"https:\/\/schema.org","@graph":[{"@type":"WebPage","@id":"https:\/\/shop.bjerring-sales.dk\/sv\/produkt\/vagn-stapelbara-stolar-fallbara-bord\/","url":"https:\/\/shop.bjerring-sales.dk\/sv\/produkt\/vagn-stapelbara-stolar-fallbara-bord\/","name":"Vagn till stapelbara stolar och f\u00e4llbara bord - Bjerring-Sales","isPartOf":{"@id":"https:\/\/shop.bjerring-sales.dk\/#website"},"primaryImageOfPage":{"@id":"https:\/\/shop.bjerring-sales.dk\/sv\/produkt\/vagn-stapelbara-stolar-fallbara-bord\/#primaryimage"},"image":{"@id":"https:\/\/shop.bjerring-sales.dk\/sv\/produkt\/vagn-stapelbara-stolar-fallbara-bord\/#primaryimage"},"thumbnailUrl":"https:\/\/shop.bjerring-sales.dk\/wp-content\/uploads\/2022\/12\/2022-11-03-11.40.jpg","datePublished":"2022-12-16T09:31:00+00:00","dateModified":"2023-01-21T19:22:19+00:00","description":"Denna vagn \u00e4r samma som \"Vagn Style\" men storleken st\u00f6rre. Ett bra alternativ f\u00f6r att f\u00f6rvara och f\u00f6rflytta b\u00e5de staplingsbara stolar och f\u00e4llbara bord.","breadcrumb":{"@id":"https:\/\/shop.bjerring-sales.dk\/sv\/produkt\/vagn-stapelbara-stolar-fallbara-bord\/#breadcrumb"},"inLanguage":"da-DK","potentialAction":[{"@type":"ReadAction","target":["https:\/\/shop.bjerring-sales.dk\/sv\/produkt\/vagn-stapelbara-stolar-fallbara-bord\/"]}]},{"@type":"ImageObject","inLanguage":"da-DK","@id":"https:\/\/shop.bjerring-sales.dk\/sv\/produkt\/vagn-stapelbara-stolar-fallbara-bord\/#primaryimage","url":"https:\/\/shop.bjerring-sales.dk\/wp-content\/uploads\/2022\/12\/2022-11-03-11.40.jpg","contentUrl":"https:\/\/shop.bjerring-sales.dk\/wp-content\/uploads\/2022\/12\/2022-11-03-11.40.jpg","width":800,"height":800},{"@type":"BreadcrumbList","@id":"https:\/\/shop.bjerring-sales.dk\/sv\/produkt\/vagn-stapelbara-stolar-fallbara-bord\/#breadcrumb","itemListElement":[{"@type":"ListItem","position":1,"name":"Hem","item":"https:\/\/shop.bjerring-sales.dk\/"},{"@type":"ListItem","position":2,"name":"Webbutik","item":"https:\/\/shop.bjerring-sales.dk\/butik\/"},{"@type":"ListItem","position":3,"name":"Vagn till stapelbara stolar och f\u00e4llbara bord"}]},{"@type":"WebSite","@id":"https:\/\/shop.bjerring-sales.dk\/#website","url":"https:\/\/shop.bjerring-sales.dk\/","name":"Bjerring-Salg","description":"M\u00f8bler til teatre, skoler, kontorer og indk\u00f8bscentre","publisher":{"@id":"https:\/\/shop.bjerring-sales.dk\/#organization"},"potentialAction":[{"@type":"SearchAction","target":{"@type":"EntryPoint","urlTemplate":"https:\/\/shop.bjerring-sales.dk\/?s={search_term_string}"},"query-input":{"@type":"PropertyValueSpecification","valueRequired":true,"valueName":"search_term_string"}}],"inLanguage":"da-DK"},{"@type":"Organization","@id":"https:\/\/shop.bjerring-sales.dk\/#organization","name":"Bjerring-Salg","url":"https:\/\/shop.bjerring-sales.dk\/","logo":{"@type":"ImageObject","inLanguage":"da-DK","@id":"https:\/\/shop.bjerring-sales.dk\/#\/schema\/logo\/image\/","url":"https:\/\/shop.bjerring-sales.dk\/wp-content\/uploads\/2023\/01\/logo_sv.png","contentUrl":"https:\/\/shop.bjerring-sales.dk\/wp-content\/uploads\/2023\/01\/logo_sv.png","width":195,"height":68,"caption":"Bjerring-Sales"},"image":{"@id":"https:\/\/shop.bjerring-sales.dk\/#\/schema\/logo\/image\/"}}]}},"_links":{"self":[{"href":"https:\/\/shop.bjerring-sales.dk\/da\/wp-json\/wp\/v2\/product\/91082","targetHints":{"allow":["GET"]}}],"collection":[{"href":"https:\/\/shop.bjerring-sales.dk\/da\/wp-json\/wp\/v2\/product"}],"about":[{"href":"https:\/\/shop.bjerring-sales.dk\/da\/wp-json\/wp\/v2\/types\/product"}],"wp:featuredmedia":[{"embeddable":true,"href":"https:\/\/shop.bjerring-sales.dk\/da\/wp-json\/wp\/v2\/media\/91083"}],"wp:attachment":[{"href":"https:\/\/shop.bjerring-sales.dk\/da\/wp-json\/wp\/v2\/media?parent=91082"}],"wp:term":[{"taxonomy":"product_brand","embeddable":true,"href":"https:\/\/shop.bjerring-sales.dk\/da\/wp-json\/wp\/v2\/product_brand?post=91082"},{"taxonomy":"product_cat","embeddable":true,"href":"https:\/\/shop.bjerring-sales.dk\/da\/wp-json\/wp\/v2\/product_cat?post=91082"},{"taxonomy":"product_tag","embeddable":true,"href":"https:\/\/shop.bjerring-sales.dk\/da\/wp-json\/wp\/v2\/product_tag?post=91082"}],"curies":[{"name":"wp","href":"https:\/\/api.w.org\/{rel}","templated":true}]}}