{"id":78484,"date":"2022-09-06T17:12:06","date_gmt":"2022-09-06T15:12:06","guid":{"rendered":"https:\/\/pule.se\/?post_type=product&#038;p=78484"},"modified":"2024-03-20T12:35:31","modified_gmt":"2024-03-20T11:35:31","slug":"skjutdorrskap-80x40x72cm-gra-stomme-gra-dorrar","status":"publish","type":"product","link":"https:\/\/shop.bjerring-sales.dk\/da\/vare\/skjutdorrskap-80x40x72cm-gra-stomme-gra-dorrar\/","title":{"rendered":"Modify - Skyded\u00f8rsskab 80x40x72cm - Gr\u00e5 ramme\/gr\u00e5 l\u00e5ger"},"content":{"rendered":"<div class=\"wpb-content-wrapper\"><div class=\"vc_row wpb_row vc_row-fluid\"><div class=\"wpb_column vc_column_container vc_col-sm-12\"><div class=\"vc_column-inner\"><div class=\"wpb_wrapper\">\n\t<div class=\"wpb_text_column wpb_content_element\" >\n\t\t<div class=\"wpb_wrapper\">\n\t\t\t<p><span style=\"font-size: 24pt\">Skyded\u00f8rsskab 80x40x72 cm, ramme af egetr\u00e6 og hvide l\u00e5ger - Modify<br \/>\n<\/span>Skabe med skydel\u00e5ger i Modify-serien er designet til kunder, der \u00f8nsker mange muligheder. Vi tilbyder 4 forskellige st\u00f8rrelser skabe med skydel\u00e5ger samt 5 forskellige valg af st\u00e5lben eller hjul: du kan v\u00e6lge enten med eller uden st\u00e5l-\/plastben eller hjul. De forskellige valg af st\u00e5lben\/plastben og hjul f\u00e5s i forskellige farver. V\u00e6lg ogs\u00e5 farven p\u00e5 grebet for at skabe en r\u00e6kke muligheder.<\/p>\n\n\t\t<\/div>\n\t<\/div>\n<\/div><\/div><\/div><\/div><div class=\"vc_row wpb_row vc_row-fluid\"><div class=\"wpb_column vc_column_container vc_col-sm-12\"><div class=\"vc_column-inner\"><div class=\"wpb_wrapper\"><div class=\"vc_separator wpb_content_element vc_separator_align_center vc_sep_width_100 vc_sep_pos_align_center vc_separator_no_text vc_sep_color_grey\" ><span class=\"vc_sep_holder vc_sep_holder_l\"><span class=\"vc_sep_line\"><\/span><\/span><span class=\"vc_sep_holder vc_sep_holder_r\"><span class=\"vc_sep_line\"><\/span><\/span>\n<\/div><\/div><\/div><\/div><\/div><div class=\"vc_row wpb_row vc_row-fluid\"><div class=\"wpb_column vc_column_container vc_col-sm-7\"><div class=\"vc_column-inner\"><div class=\"wpb_wrapper\">\n\t<div class=\"wpb_text_column wpb_content_element\" >\n\t\t<div class=\"wpb_wrapper\">\n\t\t\t<p><span style=\"font-size: 18pt\">Farver<br \/>\n<\/span>Skab med skydel\u00e5ger f\u00e5s som lager i hvid, gr\u00e5 og urban eg med forskellige valgmuligheder og farver til st\u00e5lben, plastikben og greb. I \u00f8jeblikket kan vi arrangere specialbestillinger med andre farvekombinationer med 3-5 ugers leveringstid.<\/p>\n<p><span style=\"font-size: 18pt\"><img loading=\"lazy\" decoding=\"async\" class=\"alignnone size-full wp-image-88942\" src=\"https:\/\/shop.bjerring-sales.dk\/wp-content\/uploads\/2022\/09\/C2S080_GrayFrame_3_Post-1.jpg\" alt=\"\" width=\"800\" height=\"550\" srcset=\"https:\/\/shop.bjerring-sales.dk\/wp-content\/uploads\/2022\/09\/C2S080_GrayFrame_3_Post-1.jpg 800w, https:\/\/shop.bjerring-sales.dk\/wp-content\/uploads\/2022\/09\/C2S080_GrayFrame_3_Post-1-150x103.jpg 150w, https:\/\/shop.bjerring-sales.dk\/wp-content\/uploads\/2022\/09\/C2S080_GrayFrame_3_Post-1-600x413.jpg 600w, https:\/\/shop.bjerring-sales.dk\/wp-content\/uploads\/2022\/09\/C2S080_GrayFrame_3_Post-1-300x206.jpg 300w, https:\/\/shop.bjerring-sales.dk\/wp-content\/uploads\/2022\/09\/C2S080_GrayFrame_3_Post-1-768x528.jpg 768w\" sizes=\"auto, (max-width: 800px) 100vw, 800px\" \/><\/span><\/p>\n<p><span style=\"font-size: 18pt\">Anvendelsesomr\u00e5der<br \/>\n<\/span>Skabe med skydel\u00e5ger er et naturligt element p\u00e5 kontoret og i det \u00e5bne kontorlandskab. Skjul opladere, post-it sedler, dokumenter og personlige ting, s\u00e5 skrivebordet forbliver overskueligt og ryddeligt. Der er smarte muligheder for dokumenthylde, s\u00e5 strukturen og overblikket bliver endnu bedre.<\/p>\n<p><span style=\"font-size: 18pt\">Materiale \u2013 skab<br \/>\n<\/span><\/p>\n<ul>\n<li>Bagsiden af skyded\u00f8rsskabet er lavet af 18 mm melaminbelagt sp\u00e5nplade.<\/li>\n<li>V\u00e6gge, top\/bund, hylder og l\u00e5ger er udf\u00f8rt i 18 mm melaminbelagt sp\u00e5nplade med 1 mm ABS-kant.<\/li>\n<li>Skydel\u00e5gerne er udf\u00f8rt i 18 mm melaminbelagt sp\u00e5nplade med 1 mm ABS-kant med plastskinner.<\/li>\n<li>Hylderne har en b\u00e6reevne p\u00e5 25 kg.<\/li>\n<\/ul>\n\n\t\t<\/div>\n\t<\/div>\n<\/div><\/div><\/div><div class=\"wpb_column vc_column_container vc_col-sm-5\"><div class=\"vc_column-inner vc_custom_1524613512965\"><div class=\"wpb_wrapper\">\n\t<div class=\"wpb_text_column wpb_content_element\" >\n\t\t<div class=\"wpb_wrapper\">\n\t\t\t<p><span style=\"font-size: 18pt\">M\u00e5l<br \/>\n<\/span>Modify skab med skydel\u00e5ger 80x40x72 cm<\/p>\n<p><span style=\"font-size: 18pt\"><img loading=\"lazy\" decoding=\"async\" class=\"alignnone size-full wp-image-88943\" src=\"https:\/\/shop.bjerring-sales.dk\/wp-content\/uploads\/2022\/09\/grastommegradorrar01.jpg\" alt=\"\" width=\"994\" height=\"174\" srcset=\"https:\/\/shop.bjerring-sales.dk\/wp-content\/uploads\/2022\/09\/grastommegradorrar01.jpg 994w, https:\/\/shop.bjerring-sales.dk\/wp-content\/uploads\/2022\/09\/grastommegradorrar01-150x26.jpg 150w, https:\/\/shop.bjerring-sales.dk\/wp-content\/uploads\/2022\/09\/grastommegradorrar01-600x105.jpg 600w, https:\/\/shop.bjerring-sales.dk\/wp-content\/uploads\/2022\/09\/grastommegradorrar01-300x53.jpg 300w, https:\/\/shop.bjerring-sales.dk\/wp-content\/uploads\/2022\/09\/grastommegradorrar01-768x134.jpg 768w\" sizes=\"auto, (max-width: 994px) 100vw, 994px\" \/><\/span><\/p>\n<p><span style=\"font-size: 18pt\">Materialer \u2013 Greb og bund<\/span><\/p>\n<ul>\n<li>Skyded\u00f8rsskabet har fors\u00e6nkede greb (145x42x15 mm) som er lavet af aluminium og derefter pulverlakeret i hvid, s\u00f8lvgr\u00e5 eller sort.<\/li>\n<li>Metalbenene er 80 mm h\u00f8je og lavet med 20\u00d720 mm metalr\u00f8r. Metalbenene er pulverlakerede og har integrerede plastben med h\u00f8jdejustering +10 mm.<\/li>\n<li>Plastbenene er 17 mm h\u00f8je og kan justeres +10 mm i h\u00f8jden. F\u00e5s som standard i sort.<\/li>\n<li>Hjulene er \u00d880 mm og har en b\u00e6reevne p\u00e5 100 kg\/hjul. To ud af fire hjul har stop bremser.<\/li>\n<\/ul>\n<p><span style=\"font-size: 18pt\">Garanti<br \/>\n<\/span>5 \u00e5r<\/p>\n<p><img loading=\"lazy\" decoding=\"async\" class=\"alignnone size-full wp-image-88944\" src=\"https:\/\/shop.bjerring-sales.dk\/wp-content\/uploads\/2022\/09\/grastommegradorrar02.jpg\" alt=\"\" width=\"790\" height=\"379\" srcset=\"https:\/\/shop.bjerring-sales.dk\/wp-content\/uploads\/2022\/09\/grastommegradorrar02.jpg 790w, https:\/\/shop.bjerring-sales.dk\/wp-content\/uploads\/2022\/09\/grastommegradorrar02-150x72.jpg 150w, https:\/\/shop.bjerring-sales.dk\/wp-content\/uploads\/2022\/09\/grastommegradorrar02-600x288.jpg 600w, https:\/\/shop.bjerring-sales.dk\/wp-content\/uploads\/2022\/09\/grastommegradorrar02-300x144.jpg 300w, https:\/\/shop.bjerring-sales.dk\/wp-content\/uploads\/2022\/09\/grastommegradorrar02-768x368.jpg 768w\" sizes=\"auto, (max-width: 790px) 100vw, 790px\" \/><\/p>\n\n\t\t<\/div>\n\t<\/div>\n<\/div><\/div><\/div><\/div>\n<\/div>","protected":false},"excerpt":{"rendered":"<p>Skabe med skydel\u00e5ger i Modify-serien er designet til kunder, der \u00f8nsker mange muligheder. Vi tilbyder 4 forskellige st\u00f8rrelser skabe med skydel\u00e5ger samt 5 forskellige valg af st\u00e5lben eller hjul: du kan v\u00e6lge enten med eller uden st\u00e5l-\/plastben eller hjul. De forskellige valg af st\u00e5lben\/plastben og hjul f\u00e5s i forskellige farver. V\u00e6lg ogs\u00e5 farven p\u00e5 grebet for at skabe en r\u00e6kke muligheder.<\/p>","protected":false},"featured_media":97316,"template":"","meta":{"iawp_total_views":0},"product_brand":[],"product_cat":[5854,6358,5858],"product_tag":[5807,6048,6049,6050,6052,6314],"class_list":{"0":"post-78484","1":"product","2":"type-product","3":"status-publish","4":"has-post-thumbnail","6":"product_cat-skap-skjutdorrar","7":"product_cat-modify","8":"product_cat-skjutdorrskap-80x72-cm","9":"product_tag-forvaring","10":"product_tag-skjutdorrskap","11":"product_tag-modify-skap","12":"product_tag-skap-med-skjutdorrar","13":"product_tag-forvaringsskap","14":"product_tag-gratt-skap-med-graa-dorrar","16":"first","17":"instock","18":"taxable","19":"shipping-taxable","20":"purchasable","21":"product-type-variable"},"yoast_head":"<!-- This site is optimized with the Yoast SEO plugin v27.0 - https:\/\/yoast.com\/product\/yoast-seo-wordpress\/ -->\n<title>Skjutd\u00f6rrsk\u00e5p 80x40x72cm - Gr\u00e5 stomme\/gr\u00e5 d\u00f6rrar - Bjerring-Sales<\/title>\n<meta name=\"description\" content=\"Sk\u00e5p med skjutd\u00f6rrar \u00e4r ett naturligt element i kontoret och i det \u00f6ppna kontorslandskapet. G\u00f6m undan laddare och post-it lappar, dokument samt privata saker s\u00e5 att skrivbordet h\u00e5ller sig rent och fint.\" \/>\n<meta name=\"robots\" content=\"index, follow, max-snippet:-1, max-image-preview:large, max-video-preview:-1\" \/>\n<link rel=\"canonical\" href=\"https:\/\/shop.bjerring-sales.dk\/da\/vare\/skjutdorrskap-80x40x72cm-gra-stomme-gra-dorrar\/\" \/>\n<meta property=\"og:locale\" content=\"da_DK\" \/>\n<meta property=\"og:type\" content=\"article\" \/>\n<meta property=\"og:title\" content=\"Skjutd\u00f6rrsk\u00e5p 80x40x72cm - Gr\u00e5 stomme\/gr\u00e5 d\u00f6rrar\" \/>\n<meta property=\"og:description\" content=\"Sk\u00e5p med skjutd\u00f6rrar \u00e4r ett naturligt element i kontoret och i det \u00f6ppna kontorslandskapet. G\u00f6m undan laddare och post-it lappar, dokument samt privata saker s\u00e5 att skrivbordet h\u00e5ller sig rent och fint.\" \/>\n<meta property=\"og:url\" content=\"https:\/\/shop.bjerring-sales.dk\/da\/vare\/skjutdorrskap-80x40x72cm-gra-stomme-gra-dorrar\/\" \/>\n<meta property=\"og:site_name\" content=\"Bjerring-Sales\" \/>\n<meta property=\"article:modified_time\" content=\"2024-03-20T11:35:31+00:00\" \/>\n<meta property=\"og:image\" content=\"https:\/\/shop.bjerring-sales.dk\/wp-content\/uploads\/2022\/09\/C2S080_GrayFrame_3_Post-1.jpg\" \/>\n\t<meta property=\"og:image:width\" content=\"800\" \/>\n\t<meta property=\"og:image:height\" content=\"550\" \/>\n\t<meta property=\"og:image:type\" content=\"image\/jpeg\" \/>\n<meta name=\"twitter:card\" content=\"summary_large_image\" \/>\n<meta name=\"twitter:title\" content=\"Skjutd\u00f6rrsk\u00e5p 80x40x72cm - Gr\u00e5 stomme\/gr\u00e5 d\u00f6rrar\" \/>\n<meta name=\"twitter:description\" content=\"Sk\u00e5p med skjutd\u00f6rrar \u00e4r ett naturligt element i kontoret och i det \u00f6ppna kontorslandskapet. G\u00f6m undan laddare och post-it lappar, dokument samt privata saker s\u00e5 att skrivbordet h\u00e5ller sig rent och fint.\" \/>\n<meta name=\"twitter:image\" content=\"https:\/\/shop.bjerring-sales.dk\/wp-content\/uploads\/2022\/09\/C2S080_GrayFrame_3_Post-1.jpg\" \/>\n<meta name=\"twitter:label1\" content=\"Estimeret l\u00e6setid\" \/>\n\t<meta name=\"twitter:data1\" content=\"3 minutter\" \/>\n<script type=\"application\/ld+json\" class=\"yoast-schema-graph\">{\"@context\":\"https:\/\/schema.org\",\"@graph\":[{\"@type\":\"WebPage\",\"@id\":\"https:\/\/shop.bjerring-sales.dk\/sv\/produkt\/skjutdorrskap-80x40x72cm-gra-stomme-gra-dorrar\/\",\"url\":\"https:\/\/shop.bjerring-sales.dk\/sv\/produkt\/skjutdorrskap-80x40x72cm-gra-stomme-gra-dorrar\/\",\"name\":\"Skjutd\u00f6rrsk\u00e5p 80x40x72cm - Gr\u00e5 stomme\/gr\u00e5 d\u00f6rrar - Bjerring-Sales\",\"isPartOf\":{\"@id\":\"https:\/\/shop.bjerring-sales.dk\/#website\"},\"primaryImageOfPage\":{\"@id\":\"https:\/\/shop.bjerring-sales.dk\/sv\/produkt\/skjutdorrskap-80x40x72cm-gra-stomme-gra-dorrar\/#primaryimage\"},\"image\":{\"@id\":\"https:\/\/shop.bjerring-sales.dk\/sv\/produkt\/skjutdorrskap-80x40x72cm-gra-stomme-gra-dorrar\/#primaryimage\"},\"thumbnailUrl\":\"https:\/\/shop.bjerring-sales.dk\/wp-content\/uploads\/2024\/03\/C2S080-GrayMetal-GrayCorpus-GrayDoors-GrayHandles.jpg\",\"datePublished\":\"2022-09-06T15:12:06+00:00\",\"dateModified\":\"2024-03-20T11:35:31+00:00\",\"description\":\"Sk\u00e5p med skjutd\u00f6rrar \u00e4r ett naturligt element i kontoret och i det \u00f6ppna kontorslandskapet. G\u00f6m undan laddare och post-it lappar, dokument samt privata saker s\u00e5 att skrivbordet h\u00e5ller sig rent och fint.\",\"breadcrumb\":{\"@id\":\"https:\/\/shop.bjerring-sales.dk\/sv\/produkt\/skjutdorrskap-80x40x72cm-gra-stomme-gra-dorrar\/#breadcrumb\"},\"inLanguage\":\"da-DK\",\"potentialAction\":[{\"@type\":\"ReadAction\",\"target\":[\"https:\/\/shop.bjerring-sales.dk\/sv\/produkt\/skjutdorrskap-80x40x72cm-gra-stomme-gra-dorrar\/\"]}]},{\"@type\":\"ImageObject\",\"inLanguage\":\"da-DK\",\"@id\":\"https:\/\/shop.bjerring-sales.dk\/sv\/produkt\/skjutdorrskap-80x40x72cm-gra-stomme-gra-dorrar\/#primaryimage\",\"url\":\"https:\/\/shop.bjerring-sales.dk\/wp-content\/uploads\/2024\/03\/C2S080-GrayMetal-GrayCorpus-GrayDoors-GrayHandles.jpg\",\"contentUrl\":\"https:\/\/shop.bjerring-sales.dk\/wp-content\/uploads\/2024\/03\/C2S080-GrayMetal-GrayCorpus-GrayDoors-GrayHandles.jpg\",\"width\":800,\"height\":800},{\"@type\":\"BreadcrumbList\",\"@id\":\"https:\/\/shop.bjerring-sales.dk\/sv\/produkt\/skjutdorrskap-80x40x72cm-gra-stomme-gra-dorrar\/#breadcrumb\",\"itemListElement\":[{\"@type\":\"ListItem\",\"position\":1,\"name\":\"Hem\",\"item\":\"https:\/\/shop.bjerring-sales.dk\/\"},{\"@type\":\"ListItem\",\"position\":2,\"name\":\"Webbutik\",\"item\":\"https:\/\/shop.bjerring-sales.dk\/butik\/\"},{\"@type\":\"ListItem\",\"position\":3,\"name\":\"Skjutd\u00f6rrsk\u00e5p 80x40x72cm &#8211; Gr\u00e5 stomme\/gr\u00e5 d\u00f6rrar\"}]},{\"@type\":\"WebSite\",\"@id\":\"https:\/\/shop.bjerring-sales.dk\/#website\",\"url\":\"https:\/\/shop.bjerring-sales.dk\/\",\"name\":\"Bjerring-Sales\",\"description\":\"M\u00f6bler f\u00f6r teatrar, skolor, kontor och k\u00f6pcentrum\",\"publisher\":{\"@id\":\"https:\/\/shop.bjerring-sales.dk\/#organization\"},\"potentialAction\":[{\"@type\":\"SearchAction\",\"target\":{\"@type\":\"EntryPoint\",\"urlTemplate\":\"https:\/\/shop.bjerring-sales.dk\/?s={search_term_string}\"},\"query-input\":{\"@type\":\"PropertyValueSpecification\",\"valueRequired\":true,\"valueName\":\"search_term_string\"}}],\"inLanguage\":\"da-DK\"},{\"@type\":\"Organization\",\"@id\":\"https:\/\/shop.bjerring-sales.dk\/#organization\",\"name\":\"Bjerring-Sales\",\"url\":\"https:\/\/shop.bjerring-sales.dk\/\",\"logo\":{\"@type\":\"ImageObject\",\"inLanguage\":\"da-DK\",\"@id\":\"https:\/\/shop.bjerring-sales.dk\/#\/schema\/logo\/image\/\",\"url\":\"https:\/\/shop.bjerring-sales.dk\/wp-content\/uploads\/2023\/01\/logo_sv.png\",\"contentUrl\":\"https:\/\/shop.bjerring-sales.dk\/wp-content\/uploads\/2023\/01\/logo_sv.png\",\"width\":195,\"height\":68,\"caption\":\"Bjerring-Sales\"},\"image\":{\"@id\":\"https:\/\/shop.bjerring-sales.dk\/#\/schema\/logo\/image\/\"}}]}<\/script>\n<!-- \/ Yoast SEO plugin. -->","yoast_head_json":{"title":"Skjutd\u00f6rrsk\u00e5p 80x40x72cm - Gr\u00e5 stomme\/gr\u00e5 d\u00f6rrar - Bjerring-Sales","description":"Sk\u00e5p med skjutd\u00f6rrar \u00e4r ett naturligt element i kontoret och i det \u00f6ppna kontorslandskapet. G\u00f6m undan laddare och post-it lappar, dokument samt privata saker s\u00e5 att skrivbordet h\u00e5ller sig rent och fint.","robots":{"index":"index","follow":"follow","max-snippet":"max-snippet:-1","max-image-preview":"max-image-preview:large","max-video-preview":"max-video-preview:-1"},"canonical":"https:\/\/shop.bjerring-sales.dk\/da\/vare\/skjutdorrskap-80x40x72cm-gra-stomme-gra-dorrar\/","og_locale":"da_DK","og_type":"article","og_title":"Skjutd\u00f6rrsk\u00e5p 80x40x72cm - Gr\u00e5 stomme\/gr\u00e5 d\u00f6rrar","og_description":"Sk\u00e5p med skjutd\u00f6rrar \u00e4r ett naturligt element i kontoret och i det \u00f6ppna kontorslandskapet. G\u00f6m undan laddare och post-it lappar, dokument samt privata saker s\u00e5 att skrivbordet h\u00e5ller sig rent och fint.","og_url":"https:\/\/shop.bjerring-sales.dk\/da\/vare\/skjutdorrskap-80x40x72cm-gra-stomme-gra-dorrar\/","og_site_name":"Bjerring-Sales","article_modified_time":"2024-03-20T11:35:31+00:00","og_image":[{"width":800,"height":550,"url":"https:\/\/shop.bjerring-sales.dk\/wp-content\/uploads\/2022\/09\/C2S080_GrayFrame_3_Post-1.jpg","type":"image\/jpeg"}],"twitter_card":"summary_large_image","twitter_title":"Skjutd\u00f6rrsk\u00e5p 80x40x72cm - Gr\u00e5 stomme\/gr\u00e5 d\u00f6rrar","twitter_description":"Sk\u00e5p med skjutd\u00f6rrar \u00e4r ett naturligt element i kontoret och i det \u00f6ppna kontorslandskapet. G\u00f6m undan laddare och post-it lappar, dokument samt privata saker s\u00e5 att skrivbordet h\u00e5ller sig rent och fint.","twitter_image":"https:\/\/shop.bjerring-sales.dk\/wp-content\/uploads\/2022\/09\/C2S080_GrayFrame_3_Post-1.jpg","twitter_misc":{"Estimeret l\u00e6setid":"3 minutter"},"schema":{"@context":"https:\/\/schema.org","@graph":[{"@type":"WebPage","@id":"https:\/\/shop.bjerring-sales.dk\/sv\/produkt\/skjutdorrskap-80x40x72cm-gra-stomme-gra-dorrar\/","url":"https:\/\/shop.bjerring-sales.dk\/sv\/produkt\/skjutdorrskap-80x40x72cm-gra-stomme-gra-dorrar\/","name":"Skjutd\u00f6rrsk\u00e5p 80x40x72cm - Gr\u00e5 stomme\/gr\u00e5 d\u00f6rrar - Bjerring-Sales","isPartOf":{"@id":"https:\/\/shop.bjerring-sales.dk\/#website"},"primaryImageOfPage":{"@id":"https:\/\/shop.bjerring-sales.dk\/sv\/produkt\/skjutdorrskap-80x40x72cm-gra-stomme-gra-dorrar\/#primaryimage"},"image":{"@id":"https:\/\/shop.bjerring-sales.dk\/sv\/produkt\/skjutdorrskap-80x40x72cm-gra-stomme-gra-dorrar\/#primaryimage"},"thumbnailUrl":"https:\/\/shop.bjerring-sales.dk\/wp-content\/uploads\/2024\/03\/C2S080-GrayMetal-GrayCorpus-GrayDoors-GrayHandles.jpg","datePublished":"2022-09-06T15:12:06+00:00","dateModified":"2024-03-20T11:35:31+00:00","description":"Sk\u00e5p med skjutd\u00f6rrar \u00e4r ett naturligt element i kontoret och i det \u00f6ppna kontorslandskapet. G\u00f6m undan laddare och post-it lappar, dokument samt privata saker s\u00e5 att skrivbordet h\u00e5ller sig rent och fint.","breadcrumb":{"@id":"https:\/\/shop.bjerring-sales.dk\/sv\/produkt\/skjutdorrskap-80x40x72cm-gra-stomme-gra-dorrar\/#breadcrumb"},"inLanguage":"da-DK","potentialAction":[{"@type":"ReadAction","target":["https:\/\/shop.bjerring-sales.dk\/sv\/produkt\/skjutdorrskap-80x40x72cm-gra-stomme-gra-dorrar\/"]}]},{"@type":"ImageObject","inLanguage":"da-DK","@id":"https:\/\/shop.bjerring-sales.dk\/sv\/produkt\/skjutdorrskap-80x40x72cm-gra-stomme-gra-dorrar\/#primaryimage","url":"https:\/\/shop.bjerring-sales.dk\/wp-content\/uploads\/2024\/03\/C2S080-GrayMetal-GrayCorpus-GrayDoors-GrayHandles.jpg","contentUrl":"https:\/\/shop.bjerring-sales.dk\/wp-content\/uploads\/2024\/03\/C2S080-GrayMetal-GrayCorpus-GrayDoors-GrayHandles.jpg","width":800,"height":800},{"@type":"BreadcrumbList","@id":"https:\/\/shop.bjerring-sales.dk\/sv\/produkt\/skjutdorrskap-80x40x72cm-gra-stomme-gra-dorrar\/#breadcrumb","itemListElement":[{"@type":"ListItem","position":1,"name":"Hem","item":"https:\/\/shop.bjerring-sales.dk\/"},{"@type":"ListItem","position":2,"name":"Webbutik","item":"https:\/\/shop.bjerring-sales.dk\/butik\/"},{"@type":"ListItem","position":3,"name":"Skjutd\u00f6rrsk\u00e5p 80x40x72cm &#8211; Gr\u00e5 stomme\/gr\u00e5 d\u00f6rrar"}]},{"@type":"WebSite","@id":"https:\/\/shop.bjerring-sales.dk\/#website","url":"https:\/\/shop.bjerring-sales.dk\/","name":"Bjerring-Salg","description":"M\u00f8bler til teatre, skoler, kontorer og indk\u00f8bscentre","publisher":{"@id":"https:\/\/shop.bjerring-sales.dk\/#organization"},"potentialAction":[{"@type":"SearchAction","target":{"@type":"EntryPoint","urlTemplate":"https:\/\/shop.bjerring-sales.dk\/?s={search_term_string}"},"query-input":{"@type":"PropertyValueSpecification","valueRequired":true,"valueName":"search_term_string"}}],"inLanguage":"da-DK"},{"@type":"Organization","@id":"https:\/\/shop.bjerring-sales.dk\/#organization","name":"Bjerring-Salg","url":"https:\/\/shop.bjerring-sales.dk\/","logo":{"@type":"ImageObject","inLanguage":"da-DK","@id":"https:\/\/shop.bjerring-sales.dk\/#\/schema\/logo\/image\/","url":"https:\/\/shop.bjerring-sales.dk\/wp-content\/uploads\/2023\/01\/logo_sv.png","contentUrl":"https:\/\/shop.bjerring-sales.dk\/wp-content\/uploads\/2023\/01\/logo_sv.png","width":195,"height":68,"caption":"Bjerring-Sales"},"image":{"@id":"https:\/\/shop.bjerring-sales.dk\/#\/schema\/logo\/image\/"}}]}},"_links":{"self":[{"href":"https:\/\/shop.bjerring-sales.dk\/da\/wp-json\/wp\/v2\/product\/78484","targetHints":{"allow":["GET"]}}],"collection":[{"href":"https:\/\/shop.bjerring-sales.dk\/da\/wp-json\/wp\/v2\/product"}],"about":[{"href":"https:\/\/shop.bjerring-sales.dk\/da\/wp-json\/wp\/v2\/types\/product"}],"wp:featuredmedia":[{"embeddable":true,"href":"https:\/\/shop.bjerring-sales.dk\/da\/wp-json\/wp\/v2\/media\/97316"}],"wp:attachment":[{"href":"https:\/\/shop.bjerring-sales.dk\/da\/wp-json\/wp\/v2\/media?parent=78484"}],"wp:term":[{"taxonomy":"product_brand","embeddable":true,"href":"https:\/\/shop.bjerring-sales.dk\/da\/wp-json\/wp\/v2\/product_brand?post=78484"},{"taxonomy":"product_cat","embeddable":true,"href":"https:\/\/shop.bjerring-sales.dk\/da\/wp-json\/wp\/v2\/product_cat?post=78484"},{"taxonomy":"product_tag","embeddable":true,"href":"https:\/\/shop.bjerring-sales.dk\/da\/wp-json\/wp\/v2\/product_tag?post=78484"}],"curies":[{"name":"wp","href":"https:\/\/api.w.org\/{rel}","templated":true}]}}