{"id":76204,"date":"2022-08-24T11:58:32","date_gmt":"2022-08-24T09:58:32","guid":{"rendered":"https:\/\/pule.se\/?post_type=product&#038;p=76204"},"modified":"2026-03-26T08:09:23","modified_gmt":"2026-03-26T07:09:23","slug":"premium-stativ","status":"publish","type":"product","link":"https:\/\/shop.bjerring-sales.dk\/da\/vare\/premium-stativ\/","title":{"rendered":"Premium \u2013 h\u00f8jdejusterbare stativer med 2 motorer"},"content":{"rendered":"<div class=\"wpb-content-wrapper\"><div class=\"vc_row wpb_row vc_row-fluid\"><div class=\"wpb_column vc_column_container vc_col-sm-12\"><div class=\"vc_column-inner\"><div class=\"wpb_wrapper\">\n\t<div class=\"wpb_text_column wpb_content_element\" >\n\t\t<div class=\"wpb_wrapper\">\n\t\t\t<p><span style=\"font-size: 24pt\">Up &amp; Down Premium \u2013 H\u00e6v og s\u00e6nk stel med dobbelte motorer<br \/>\n<\/span>Up and down standeren Up &amp; Down Premium er et bordstel, der drives af 2 motorer. Stellet er en del af bordserien Up &amp; Down som best\u00e5r af bordene Eco og Zero med krank, One og Easy med 1 motor og Two og Premium som drives af dobbeltmotorer. Takket v\u00e6re dens dobbelte motorer h\u00e6ver stellet effektivt mellem lave og h\u00f8je positioner med 4 cm\/s. En ergonomisk og varieret arbejdsstilling er sund for b\u00e5de krop og sind.<\/p>\n\n\t\t<\/div>\n\t<\/div>\n<\/div><\/div><\/div><\/div><div class=\"vc_row wpb_row vc_row-fluid\"><div class=\"wpb_column vc_column_container vc_col-sm-4\"><div class=\"vc_column-inner\"><div class=\"wpb_wrapper\">\n\t<div  class=\"wpb_single_image wpb_content_element vc_align_center\">\n\t\t\n\t\t<figure class=\"wpb_wrapper vc_figure\">\n\t\t\t<div class=\"vc_single_image-wrapper vc_box_shadow_border  vc_box_border_grey\"><img loading=\"lazy\" decoding=\"async\" width=\"800\" height=\"550\" src=\"https:\/\/shop.bjerring-sales.dk\/wp-content\/uploads\/2022\/08\/x12.jpg.pagespeed.ic_.aphe8f71pa.webp\" class=\"vc_single_image-img attachment-full\" alt=\"\" title=\"x12.jpg.pagespeed.ic.aphe8f71pa\" srcset=\"https:\/\/shop.bjerring-sales.dk\/wp-content\/uploads\/2022\/08\/x12.jpg.pagespeed.ic_.aphe8f71pa.webp 800w, https:\/\/shop.bjerring-sales.dk\/wp-content\/uploads\/2022\/08\/x12.jpg.pagespeed.ic_.aphe8f71pa-300x206.webp 300w, https:\/\/shop.bjerring-sales.dk\/wp-content\/uploads\/2022\/08\/x12.jpg.pagespeed.ic_.aphe8f71pa-768x528.webp 768w, https:\/\/shop.bjerring-sales.dk\/wp-content\/uploads\/2022\/08\/x12.jpg.pagespeed.ic_.aphe8f71pa-18x12.webp 18w, https:\/\/shop.bjerring-sales.dk\/wp-content\/uploads\/2022\/08\/x12.jpg.pagespeed.ic_.aphe8f71pa-600x413.webp 600w, https:\/\/shop.bjerring-sales.dk\/wp-content\/uploads\/2022\/08\/x12.jpg.pagespeed.ic_.aphe8f71pa-150x103.webp 150w\" sizes=\"auto, (max-width: 800px) 100vw, 800px\" \/><\/div>\n\t\t<\/figure>\n\t<\/div>\n<\/div><\/div><\/div><div class=\"wpb_column vc_column_container vc_col-sm-4\"><div class=\"vc_column-inner\"><div class=\"wpb_wrapper\">\n\t<div  class=\"wpb_single_image wpb_content_element vc_align_center\">\n\t\t\n\t\t<figure class=\"wpb_wrapper vc_figure\">\n\t\t\t<div class=\"vc_single_image-wrapper vc_box_shadow_border  vc_box_border_grey\"><img loading=\"lazy\" decoding=\"async\" width=\"800\" height=\"550\" src=\"https:\/\/shop.bjerring-sales.dk\/wp-content\/uploads\/2022\/08\/x11.jpg.pagespeed.ic_.rUSGyDA5tc.webp\" class=\"vc_single_image-img attachment-full\" alt=\"\" title=\"x11.jpg.pagespeed.ic.rUSGyDA5tc\" srcset=\"https:\/\/shop.bjerring-sales.dk\/wp-content\/uploads\/2022\/08\/x11.jpg.pagespeed.ic_.rUSGyDA5tc.webp 800w, https:\/\/shop.bjerring-sales.dk\/wp-content\/uploads\/2022\/08\/x11.jpg.pagespeed.ic_.rUSGyDA5tc-300x206.webp 300w, https:\/\/shop.bjerring-sales.dk\/wp-content\/uploads\/2022\/08\/x11.jpg.pagespeed.ic_.rUSGyDA5tc-768x528.webp 768w, https:\/\/shop.bjerring-sales.dk\/wp-content\/uploads\/2022\/08\/x11.jpg.pagespeed.ic_.rUSGyDA5tc-18x12.webp 18w, https:\/\/shop.bjerring-sales.dk\/wp-content\/uploads\/2022\/08\/x11.jpg.pagespeed.ic_.rUSGyDA5tc-600x413.webp 600w, https:\/\/shop.bjerring-sales.dk\/wp-content\/uploads\/2022\/08\/x11.jpg.pagespeed.ic_.rUSGyDA5tc-150x103.webp 150w\" sizes=\"auto, (max-width: 800px) 100vw, 800px\" \/><\/div>\n\t\t<\/figure>\n\t<\/div>\n<\/div><\/div><\/div><div class=\"wpb_column vc_column_container vc_col-sm-4\"><div class=\"vc_column-inner\"><div class=\"wpb_wrapper\">\n\t<div  class=\"wpb_single_image wpb_content_element vc_align_center\">\n\t\t\n\t\t<figure class=\"wpb_wrapper vc_figure\">\n\t\t\t<div class=\"vc_single_image-wrapper vc_box_shadow_border  vc_box_border_grey\"><img loading=\"lazy\" decoding=\"async\" width=\"800\" height=\"550\" src=\"https:\/\/shop.bjerring-sales.dk\/wp-content\/uploads\/2022\/08\/x1.jpg.pagespeed.ic_.e1H5Z3qyVB.webp\" class=\"vc_single_image-img attachment-full\" alt=\"\" title=\"x1.jpg.pagespeed.ic.e1H5Z3qyVB\" srcset=\"https:\/\/shop.bjerring-sales.dk\/wp-content\/uploads\/2022\/08\/x1.jpg.pagespeed.ic_.e1H5Z3qyVB.webp 800w, https:\/\/shop.bjerring-sales.dk\/wp-content\/uploads\/2022\/08\/x1.jpg.pagespeed.ic_.e1H5Z3qyVB-300x206.webp 300w, https:\/\/shop.bjerring-sales.dk\/wp-content\/uploads\/2022\/08\/x1.jpg.pagespeed.ic_.e1H5Z3qyVB-768x528.webp 768w, https:\/\/shop.bjerring-sales.dk\/wp-content\/uploads\/2022\/08\/x1.jpg.pagespeed.ic_.e1H5Z3qyVB-18x12.webp 18w, https:\/\/shop.bjerring-sales.dk\/wp-content\/uploads\/2022\/08\/x1.jpg.pagespeed.ic_.e1H5Z3qyVB-600x413.webp 600w, https:\/\/shop.bjerring-sales.dk\/wp-content\/uploads\/2022\/08\/x1.jpg.pagespeed.ic_.e1H5Z3qyVB-150x103.webp 150w\" sizes=\"auto, (max-width: 800px) 100vw, 800px\" \/><\/div>\n\t\t<\/figure>\n\t<\/div>\n<\/div><\/div><\/div><\/div><div class=\"vc_row wpb_row vc_row-fluid\"><div class=\"wpb_column vc_column_container vc_col-sm-6\"><div class=\"vc_column-inner\"><div class=\"wpb_wrapper\">\n\t<div class=\"wpb_text_column wpb_content_element\" >\n\t\t<div class=\"wpb_wrapper\">\n\t\t\t<p><span style=\"font-size: 18pt\">Stel<br \/>\n<\/span>Stellet har en hastighed p\u00e5 4 cm\/s og en slagl\u00e6ngde p\u00e5 hele 65 cm (62,5-127,5 cm), hvilket giver brugeren stor frihed til at bestemme og programmere deres positioner ind i hukommelsen. Stellet kan ogs\u00e5 justeres i bredden, hvilket g\u00f8r det muligt at v\u00e6re fleksibel ved valg af bordplade. Det elektriske stel vejer 29 kg.<\/p>\n<p>Premium-stativet har et stilfuldt design med lige linjer, der g\u00f8r, at skrivebordet passer ind i alle typer kontorlokaler. Stativets ben er lavet af 3-delte finner\u00f8r. Stativet er derefter blevet pulverlakeret med den st\u00f8rste pr\u00e6cision. L\u00f8ftekapaciteten er 100 kg, hvilket betyder, at brugeren nemt kan montere flere sk\u00e6rme, en dockingstation, dokumenter osv. Slagl\u00e6ngden p\u00e5 et stativ angiver stativets h\u00f8jde og dybde. P\u00e5 vores elektriske stativ med to motorer er slagl\u00e6ngden 650 mm.<\/p>\n<p><span style=\"font-size: 18pt\">Tastatur<\/span><br \/>\nDet medf\u00f8lgende tastatur monteres nemt p\u00e5 bordpladen og s\u00e6ttes derefter i motoren. Ved at v\u00e6lge en passende arbejdsh\u00f8jde gemmer du positionen i hukommelsen. Du kan opbevare op til 3 forskellige positioner, hvilket letter dit arbejde mellem siddende og st\u00e5ende.<\/p>\n<p><span style=\"font-size: 18pt\">Farver<\/span><br \/>\nUp &amp; Down Premium stellet f\u00e5s i \u00f8jeblikket i 3 forskellige standardfarver: hvid, sort og s\u00f8lvgr\u00e5. Vi har forskellige modeller af bordplader i Up &amp; Down serien. Rektangul\u00e6re 19 mm laminatplader i b\u00f8g, birk, eg, hvid, gr\u00e5, sort, urban eg og hvide 22 mm laminatplader med maveindtag.<\/p>\n\n\t\t<\/div>\n\t<\/div>\n<\/div><\/div><\/div><div class=\"wpb_column vc_column_container vc_col-sm-6\"><div class=\"vc_column-inner\"><div class=\"wpb_wrapper\">\n\t<div class=\"wpb_text_column wpb_content_element\" >\n\t\t<div class=\"wpb_wrapper\">\n\t\t\t<p><span style=\"font-size: 18pt\">Specifikationer<\/span><\/p>\n<ul>\n<li>Stellet har en h\u00e6ve\/s\u00e6nkehastighed p\u00e5 4cm\/s<\/li>\n<li>Slagl\u00e6ngde: 65 cm (62,5-127,5 cm)<\/li>\n<li>R\u00f8rdimension: 70\u00d770 mm (firkantet r\u00f8r)<\/li>\n<li>Steltype: firkantr\u00f8r, 3 delt firkantr\u00f8r<\/li>\n<li>H\u00f8jde med standardplade: 650-1300 mm<\/li>\n<li>H\u00f8jde p\u00e5 stel: 630-1280 mm<\/li>\n<li>Stel l\u00e6ngde: 1100-1700 mm<\/li>\n<li>Bredde p\u00e5 stel: 600 mm<\/li>\n<li>Beslagsbredde ved skive: 580 mm<\/li>\n<li>Fodbredde: 680\u00d785 mm<\/li>\n<\/ul>\n<p><span style=\"font-size: 18pt\">V\u00e6gt<br \/>\n<\/span>29 kg<\/p>\n<p><span style=\"font-size: 18pt\">Manualer<br \/>\n<\/span><a href=\"https:\/\/shop.bjerring-sales.dk\/wp-content\/uploads\/2021\/03\/PDF-doc-16.png\"><img loading=\"lazy\" decoding=\"async\" class=\"alignnone size-full wp-image-72653\" src=\"https:\/\/shop.bjerring-sales.dk\/wp-content\/uploads\/2021\/03\/PDF-doc-16.png\" alt=\"\" width=\"16\" height=\"16\" \/><\/a>\u00a0<a href=\"https:\/\/elj.se\/wp-content\/uploads\/2024\/12\/Up-Down-Premium-control-panel-operation-instruction.pdf\" target=\"_blank\" rel=\"noopener\">Betjeningsvejledning til kontrolpanelet<\/a><br \/>\n<a href=\"https:\/\/shop.bjerring-sales.dk\/wp-content\/uploads\/2021\/03\/PDF-doc-16.png\"><img loading=\"lazy\" decoding=\"async\" class=\"alignnone size-full wp-image-72653\" src=\"https:\/\/shop.bjerring-sales.dk\/wp-content\/uploads\/2021\/03\/PDF-doc-16.png\" alt=\"\" width=\"16\" height=\"16\" \/><\/a>\u00a0<a href=\"https:\/\/elj.se\/wp-content\/uploads\/2024\/12\/Up-Down-Premium-Installation-manual.pdf\" target=\"_blank\" rel=\"noopener\">Installation<\/a><\/p>\n\n\t\t<\/div>\n\t<\/div>\n<\/div><\/div><\/div><\/div>\n<\/div>","protected":false},"excerpt":{"rendered":"<p>Premium stellet har et stilrent design med lige linjer, hvilket betyder, at skrivebordet passer ind i alle typer kontorlokaler. Stellets ben er lavet med 3-delte rektangul\u00e6re r\u00f8r. Stellet er derefter blevet pulverlakeret med h\u00f8jeste n\u00f8jagtighed. L\u00f8ftekapaciteten er 100 kg<\/p>","protected":false},"featured_media":98317,"template":"","meta":{"iawp_total_views":1},"product_brand":[],"product_cat":[6360,5819],"product_tag":[5985,6307,6308],"class_list":{"0":"post-76204","1":"product","2":"type-product","3":"status-publish","4":"has-post-thumbnail","6":"product_cat-up-down-premium","7":"product_cat-bordsstativ","8":"product_tag-hoj-och-sankbara-stativ","9":"product_tag-stativ-med-dubbla-motorer","10":"product_tag-bordsstativ-med-2-motorer","12":"first","13":"instock","14":"taxable","15":"shipping-taxable","16":"purchasable","17":"product-type-variable"},"yoast_head":"<!-- This site is optimized with the Yoast SEO plugin v27.0 - https:\/\/yoast.com\/product\/yoast-seo-wordpress\/ -->\n<title>Premium - h\u00f6j &amp; s\u00e4nkbara stativ med 2 motorer - Bjerring-Sales<\/title>\n<meta name=\"description\" content=\"Det h\u00f6j och s\u00e4nkbara stativet Up &amp; Down Premium \u00e4r ett bordsstativ som drivs med 2 motorer. Stativet ing\u00e5r i bordsserien Up &amp; Down som best\u00e5r av borden Eco och Zero med vev, One och Easy med 1 motor och Two och Premium som drivs av dubbla motorer.\" \/>\n<meta name=\"robots\" content=\"index, follow, max-snippet:-1, max-image-preview:large, max-video-preview:-1\" \/>\n<link rel=\"canonical\" href=\"https:\/\/shop.bjerring-sales.dk\/da\/vare\/premium-stativ\/\" \/>\n<meta property=\"og:locale\" content=\"da_DK\" \/>\n<meta property=\"og:type\" content=\"article\" \/>\n<meta property=\"og:title\" content=\"Up &amp; Down Premium \u2013 H\u00f6j &amp; s\u00e4nkbart stativ med dubbla motorer\" \/>\n<meta property=\"og:description\" content=\"Det h\u00f6j och s\u00e4nkbara stativet Up &amp; Down Premium \u00e4r ett bordsstativ som drivs med 2 motorer. Stativet ing\u00e5r i bordsserien Up &amp; Down som best\u00e5r av borden Eco och Zero med vev, One och Easy med 1 motor och Two och Premium som drivs av dubbla motorer.\" \/>\n<meta property=\"og:url\" content=\"https:\/\/shop.bjerring-sales.dk\/da\/vare\/premium-stativ\/\" \/>\n<meta property=\"og:site_name\" content=\"Bjerring-Sales\" \/>\n<meta property=\"article:modified_time\" content=\"2026-03-26T07:09:23+00:00\" \/>\n<meta property=\"og:image\" content=\"https:\/\/shop.bjerring-sales.dk\/wp-content\/uploads\/2022\/08\/x12.jpg.pagespeed.ic_.aphe8f71pa.webp\" \/>\n\t<meta property=\"og:image:width\" content=\"800\" \/>\n\t<meta property=\"og:image:height\" content=\"550\" \/>\n\t<meta property=\"og:image:type\" content=\"image\/webp\" \/>\n<meta name=\"twitter:card\" content=\"summary_large_image\" \/>\n<meta name=\"twitter:title\" content=\"Up &amp; Down Premium \u2013 H\u00f6j &amp; s\u00e4nkbart stativ med dubbla motorer\" \/>\n<meta name=\"twitter:description\" content=\"Det h\u00f6j och s\u00e4nkbara stativet Up &amp; Down Premium \u00e4r ett bordsstativ som drivs med 2 motorer. Stativet ing\u00e5r i bordsserien Up &amp; Down som best\u00e5r av borden Eco och Zero med vev, One och Easy med 1 motor och Two och Premium som drivs av dubbla motorer.\" \/>\n<meta name=\"twitter:image\" content=\"https:\/\/shop.bjerring-sales.dk\/wp-content\/uploads\/2022\/08\/x12.jpg.pagespeed.ic_.aphe8f71pa.webp\" \/>\n<meta name=\"twitter:label1\" content=\"Estimeret l\u00e6setid\" \/>\n\t<meta name=\"twitter:data1\" content=\"3 minutter\" \/>\n<script type=\"application\/ld+json\" class=\"yoast-schema-graph\">{\"@context\":\"https:\/\/schema.org\",\"@graph\":[{\"@type\":\"WebPage\",\"@id\":\"https:\/\/shop.bjerring-sales.dk\/sv\/produkt\/premium-stativ\/\",\"url\":\"https:\/\/shop.bjerring-sales.dk\/sv\/produkt\/premium-stativ\/\",\"name\":\"Premium - h\u00f6j &amp; s\u00e4nkbara stativ med 2 motorer - Bjerring-Sales\",\"isPartOf\":{\"@id\":\"https:\/\/shop.bjerring-sales.dk\/#website\"},\"primaryImageOfPage\":{\"@id\":\"https:\/\/shop.bjerring-sales.dk\/sv\/produkt\/premium-stativ\/#primaryimage\"},\"image\":{\"@id\":\"https:\/\/shop.bjerring-sales.dk\/sv\/produkt\/premium-stativ\/#primaryimage\"},\"thumbnailUrl\":\"https:\/\/shop.bjerring-sales.dk\/wp-content\/uploads\/2024\/09\/Premium_stativ_vit.jpg\",\"datePublished\":\"2022-08-24T09:58:32+00:00\",\"dateModified\":\"2026-03-26T07:09:23+00:00\",\"description\":\"Det h\u00f6j och s\u00e4nkbara stativet Up & Down Premium \u00e4r ett bordsstativ som drivs med 2 motorer. Stativet ing\u00e5r i bordsserien Up & Down som best\u00e5r av borden Eco och Zero med vev, One och Easy med 1 motor och Two och Premium som drivs av dubbla motorer.\",\"breadcrumb\":{\"@id\":\"https:\/\/shop.bjerring-sales.dk\/sv\/produkt\/premium-stativ\/#breadcrumb\"},\"inLanguage\":\"da-DK\",\"potentialAction\":[{\"@type\":\"ReadAction\",\"target\":[\"https:\/\/shop.bjerring-sales.dk\/sv\/produkt\/premium-stativ\/\"]}]},{\"@type\":\"ImageObject\",\"inLanguage\":\"da-DK\",\"@id\":\"https:\/\/shop.bjerring-sales.dk\/sv\/produkt\/premium-stativ\/#primaryimage\",\"url\":\"https:\/\/shop.bjerring-sales.dk\/wp-content\/uploads\/2024\/09\/Premium_stativ_vit.jpg\",\"contentUrl\":\"https:\/\/shop.bjerring-sales.dk\/wp-content\/uploads\/2024\/09\/Premium_stativ_vit.jpg\",\"width\":800,\"height\":800},{\"@type\":\"BreadcrumbList\",\"@id\":\"https:\/\/shop.bjerring-sales.dk\/sv\/produkt\/premium-stativ\/#breadcrumb\",\"itemListElement\":[{\"@type\":\"ListItem\",\"position\":1,\"name\":\"Hem\",\"item\":\"https:\/\/shop.bjerring-sales.dk\/\"},{\"@type\":\"ListItem\",\"position\":2,\"name\":\"Webbutik\",\"item\":\"https:\/\/shop.bjerring-sales.dk\/butik\/\"},{\"@type\":\"ListItem\",\"position\":3,\"name\":\"Premium &#8211; h\u00f6j &amp; s\u00e4nkbara stativ med 2 motorer\"}]},{\"@type\":\"WebSite\",\"@id\":\"https:\/\/shop.bjerring-sales.dk\/#website\",\"url\":\"https:\/\/shop.bjerring-sales.dk\/\",\"name\":\"Bjerring-Sales\",\"description\":\"M\u00f6bler f\u00f6r teatrar, skolor, kontor och k\u00f6pcentrum\",\"publisher\":{\"@id\":\"https:\/\/shop.bjerring-sales.dk\/#organization\"},\"potentialAction\":[{\"@type\":\"SearchAction\",\"target\":{\"@type\":\"EntryPoint\",\"urlTemplate\":\"https:\/\/shop.bjerring-sales.dk\/?s={search_term_string}\"},\"query-input\":{\"@type\":\"PropertyValueSpecification\",\"valueRequired\":true,\"valueName\":\"search_term_string\"}}],\"inLanguage\":\"da-DK\"},{\"@type\":\"Organization\",\"@id\":\"https:\/\/shop.bjerring-sales.dk\/#organization\",\"name\":\"Bjerring-Sales\",\"url\":\"https:\/\/shop.bjerring-sales.dk\/\",\"logo\":{\"@type\":\"ImageObject\",\"inLanguage\":\"da-DK\",\"@id\":\"https:\/\/shop.bjerring-sales.dk\/#\/schema\/logo\/image\/\",\"url\":\"https:\/\/shop.bjerring-sales.dk\/wp-content\/uploads\/2023\/01\/logo_sv.png\",\"contentUrl\":\"https:\/\/shop.bjerring-sales.dk\/wp-content\/uploads\/2023\/01\/logo_sv.png\",\"width\":195,\"height\":68,\"caption\":\"Bjerring-Sales\"},\"image\":{\"@id\":\"https:\/\/shop.bjerring-sales.dk\/#\/schema\/logo\/image\/\"}}]}<\/script>\n<!-- \/ Yoast SEO plugin. -->","yoast_head_json":{"title":"Premium - h\u00f6j &amp; s\u00e4nkbara stativ med 2 motorer - Bjerring-Sales","description":"Det h\u00f6j och s\u00e4nkbara stativet Up & Down Premium \u00e4r ett bordsstativ som drivs med 2 motorer. Stativet ing\u00e5r i bordsserien Up & Down som best\u00e5r av borden Eco och Zero med vev, One och Easy med 1 motor och Two och Premium som drivs av dubbla motorer.","robots":{"index":"index","follow":"follow","max-snippet":"max-snippet:-1","max-image-preview":"max-image-preview:large","max-video-preview":"max-video-preview:-1"},"canonical":"https:\/\/shop.bjerring-sales.dk\/da\/vare\/premium-stativ\/","og_locale":"da_DK","og_type":"article","og_title":"Up & Down Premium \u2013 H\u00f6j & s\u00e4nkbart stativ med dubbla motorer","og_description":"Det h\u00f6j och s\u00e4nkbara stativet Up & Down Premium \u00e4r ett bordsstativ som drivs med 2 motorer. Stativet ing\u00e5r i bordsserien Up & Down som best\u00e5r av borden Eco och Zero med vev, One och Easy med 1 motor och Two och Premium som drivs av dubbla motorer.","og_url":"https:\/\/shop.bjerring-sales.dk\/da\/vare\/premium-stativ\/","og_site_name":"Bjerring-Sales","article_modified_time":"2026-03-26T07:09:23+00:00","og_image":[{"width":800,"height":550,"url":"https:\/\/shop.bjerring-sales.dk\/wp-content\/uploads\/2022\/08\/x12.jpg.pagespeed.ic_.aphe8f71pa.webp","type":"image\/webp"}],"twitter_card":"summary_large_image","twitter_title":"Up & Down Premium \u2013 H\u00f6j & s\u00e4nkbart stativ med dubbla motorer","twitter_description":"Det h\u00f6j och s\u00e4nkbara stativet Up & Down Premium \u00e4r ett bordsstativ som drivs med 2 motorer. Stativet ing\u00e5r i bordsserien Up & Down som best\u00e5r av borden Eco och Zero med vev, One och Easy med 1 motor och Two och Premium som drivs av dubbla motorer.","twitter_image":"https:\/\/shop.bjerring-sales.dk\/wp-content\/uploads\/2022\/08\/x12.jpg.pagespeed.ic_.aphe8f71pa.webp","twitter_misc":{"Estimeret l\u00e6setid":"3 minutter"},"schema":{"@context":"https:\/\/schema.org","@graph":[{"@type":"WebPage","@id":"https:\/\/shop.bjerring-sales.dk\/sv\/produkt\/premium-stativ\/","url":"https:\/\/shop.bjerring-sales.dk\/sv\/produkt\/premium-stativ\/","name":"Premium - h\u00f6j &amp; s\u00e4nkbara stativ med 2 motorer - Bjerring-Sales","isPartOf":{"@id":"https:\/\/shop.bjerring-sales.dk\/#website"},"primaryImageOfPage":{"@id":"https:\/\/shop.bjerring-sales.dk\/sv\/produkt\/premium-stativ\/#primaryimage"},"image":{"@id":"https:\/\/shop.bjerring-sales.dk\/sv\/produkt\/premium-stativ\/#primaryimage"},"thumbnailUrl":"https:\/\/shop.bjerring-sales.dk\/wp-content\/uploads\/2024\/09\/Premium_stativ_vit.jpg","datePublished":"2022-08-24T09:58:32+00:00","dateModified":"2026-03-26T07:09:23+00:00","description":"Det h\u00f6j och s\u00e4nkbara stativet Up & Down Premium \u00e4r ett bordsstativ som drivs med 2 motorer. Stativet ing\u00e5r i bordsserien Up & Down som best\u00e5r av borden Eco och Zero med vev, One och Easy med 1 motor och Two och Premium som drivs av dubbla motorer.","breadcrumb":{"@id":"https:\/\/shop.bjerring-sales.dk\/sv\/produkt\/premium-stativ\/#breadcrumb"},"inLanguage":"da-DK","potentialAction":[{"@type":"ReadAction","target":["https:\/\/shop.bjerring-sales.dk\/sv\/produkt\/premium-stativ\/"]}]},{"@type":"ImageObject","inLanguage":"da-DK","@id":"https:\/\/shop.bjerring-sales.dk\/sv\/produkt\/premium-stativ\/#primaryimage","url":"https:\/\/shop.bjerring-sales.dk\/wp-content\/uploads\/2024\/09\/Premium_stativ_vit.jpg","contentUrl":"https:\/\/shop.bjerring-sales.dk\/wp-content\/uploads\/2024\/09\/Premium_stativ_vit.jpg","width":800,"height":800},{"@type":"BreadcrumbList","@id":"https:\/\/shop.bjerring-sales.dk\/sv\/produkt\/premium-stativ\/#breadcrumb","itemListElement":[{"@type":"ListItem","position":1,"name":"Hem","item":"https:\/\/shop.bjerring-sales.dk\/"},{"@type":"ListItem","position":2,"name":"Webbutik","item":"https:\/\/shop.bjerring-sales.dk\/butik\/"},{"@type":"ListItem","position":3,"name":"Premium &#8211; h\u00f6j &amp; s\u00e4nkbara stativ med 2 motorer"}]},{"@type":"WebSite","@id":"https:\/\/shop.bjerring-sales.dk\/#website","url":"https:\/\/shop.bjerring-sales.dk\/","name":"Bjerring-Salg","description":"M\u00f8bler til teatre, skoler, kontorer og indk\u00f8bscentre","publisher":{"@id":"https:\/\/shop.bjerring-sales.dk\/#organization"},"potentialAction":[{"@type":"SearchAction","target":{"@type":"EntryPoint","urlTemplate":"https:\/\/shop.bjerring-sales.dk\/?s={search_term_string}"},"query-input":{"@type":"PropertyValueSpecification","valueRequired":true,"valueName":"search_term_string"}}],"inLanguage":"da-DK"},{"@type":"Organization","@id":"https:\/\/shop.bjerring-sales.dk\/#organization","name":"Bjerring-Salg","url":"https:\/\/shop.bjerring-sales.dk\/","logo":{"@type":"ImageObject","inLanguage":"da-DK","@id":"https:\/\/shop.bjerring-sales.dk\/#\/schema\/logo\/image\/","url":"https:\/\/shop.bjerring-sales.dk\/wp-content\/uploads\/2023\/01\/logo_sv.png","contentUrl":"https:\/\/shop.bjerring-sales.dk\/wp-content\/uploads\/2023\/01\/logo_sv.png","width":195,"height":68,"caption":"Bjerring-Sales"},"image":{"@id":"https:\/\/shop.bjerring-sales.dk\/#\/schema\/logo\/image\/"}}]}},"_links":{"self":[{"href":"https:\/\/shop.bjerring-sales.dk\/da\/wp-json\/wp\/v2\/product\/76204","targetHints":{"allow":["GET"]}}],"collection":[{"href":"https:\/\/shop.bjerring-sales.dk\/da\/wp-json\/wp\/v2\/product"}],"about":[{"href":"https:\/\/shop.bjerring-sales.dk\/da\/wp-json\/wp\/v2\/types\/product"}],"wp:featuredmedia":[{"embeddable":true,"href":"https:\/\/shop.bjerring-sales.dk\/da\/wp-json\/wp\/v2\/media\/98317"}],"wp:attachment":[{"href":"https:\/\/shop.bjerring-sales.dk\/da\/wp-json\/wp\/v2\/media?parent=76204"}],"wp:term":[{"taxonomy":"product_brand","embeddable":true,"href":"https:\/\/shop.bjerring-sales.dk\/da\/wp-json\/wp\/v2\/product_brand?post=76204"},{"taxonomy":"product_cat","embeddable":true,"href":"https:\/\/shop.bjerring-sales.dk\/da\/wp-json\/wp\/v2\/product_cat?post=76204"},{"taxonomy":"product_tag","embeddable":true,"href":"https:\/\/shop.bjerring-sales.dk\/da\/wp-json\/wp\/v2\/product_tag?post=76204"}],"curies":[{"name":"wp","href":"https:\/\/api.w.org\/{rel}","templated":true}]}}