{"id":75871,"date":"2022-06-22T16:13:50","date_gmt":"2022-06-22T14:13:50","guid":{"rendered":"https:\/\/pule.se\/?post_type=product&#038;p=75871"},"modified":"2026-03-30T10:21:57","modified_gmt":"2026-03-30T08:21:57","slug":"premium-bord-med-2-motorer","status":"publish","type":"product","link":"https:\/\/shop.bjerring-sales.dk\/da\/vare\/premium-bord-med-2-motorer\/","title":{"rendered":"Premium \u2013 H\u00e6ve og s\u00e6nke borde med 2 motorer"},"content":{"rendered":"<div class=\"wpb-content-wrapper\"><div class=\"vc_row wpb_row vc_row-fluid\"><div class=\"wpb_column vc_column_container vc_col-sm-12\"><div class=\"vc_column-inner\"><div class=\"wpb_wrapper\">\n\t<div class=\"wpb_text_column wpb_content_element\" >\n\t\t<div class=\"wpb_wrapper\">\n\t\t\t<p><span style=\"font-size: 24pt;\">Up &amp; Down Premium \u2013 H\u00e6v og s\u00e6nk skrivebordet med to motorer<\/span><\/p>\n<p>Up &amp; Down Premium justerbar skrivebord er et skrivebord drevet af 2 motorer. Bordet er en del af vores popul\u00e6re bordserie Up &amp; Down som best\u00e5r af Up &amp; Down Eco med krank, Up &amp; Down Easy med 1 motor og Up &amp; Down Premium som drives af to motorer. Takket v\u00e6re dens dobbelte motorer hejser stellet effektivt mellem lave og h\u00f8je positioner med 4 cm\/s. En ergonomisk og varieret arbejdsstilling er sund for b\u00e5de krop og sind.<\/p>\n\n\t\t<\/div>\n\t<\/div>\n<\/div><\/div><\/div><\/div><div class=\"vc_row wpb_row vc_row-fluid\"><div class=\"wpb_column vc_column_container vc_col-sm-4\"><div class=\"vc_column-inner\"><div class=\"wpb_wrapper\">\n\t<div  class=\"wpb_single_image wpb_content_element vc_align_center\">\n\t\t\n\t\t<figure class=\"wpb_wrapper vc_figure\">\n\t\t\t<div class=\"vc_single_image-wrapper vc_box_shadow_border  vc_box_border_grey\"><img loading=\"lazy\" decoding=\"async\" width=\"800\" height=\"550\" src=\"https:\/\/shop.bjerring-sales.dk\/wp-content\/uploads\/2022\/06\/4.jpg\" class=\"vc_single_image-img attachment-full\" alt=\"\" title=\"4\" srcset=\"https:\/\/shop.bjerring-sales.dk\/wp-content\/uploads\/2022\/06\/4.jpg 800w, https:\/\/shop.bjerring-sales.dk\/wp-content\/uploads\/2022\/06\/4-150x103.jpg 150w, https:\/\/shop.bjerring-sales.dk\/wp-content\/uploads\/2022\/06\/4-600x413.jpg 600w, https:\/\/shop.bjerring-sales.dk\/wp-content\/uploads\/2022\/06\/4-300x206.jpg 300w, https:\/\/shop.bjerring-sales.dk\/wp-content\/uploads\/2022\/06\/4-768x528.jpg 768w, https:\/\/shop.bjerring-sales.dk\/wp-content\/uploads\/2022\/06\/4-18x12.jpg 18w\" sizes=\"auto, (max-width: 800px) 100vw, 800px\" \/><\/div>\n\t\t<\/figure>\n\t<\/div>\n<\/div><\/div><\/div><div class=\"wpb_column vc_column_container vc_col-sm-4\"><div class=\"vc_column-inner\"><div class=\"wpb_wrapper\">\n\t<div  class=\"wpb_single_image wpb_content_element vc_align_center\">\n\t\t\n\t\t<figure class=\"wpb_wrapper vc_figure\">\n\t\t\t<div class=\"vc_single_image-wrapper vc_box_shadow_border  vc_box_border_grey\"><img loading=\"lazy\" decoding=\"async\" width=\"800\" height=\"550\" src=\"https:\/\/shop.bjerring-sales.dk\/wp-content\/uploads\/2022\/06\/11.jpg\" class=\"vc_single_image-img attachment-full\" alt=\"\" title=\"11\" srcset=\"https:\/\/shop.bjerring-sales.dk\/wp-content\/uploads\/2022\/06\/11.jpg 800w, https:\/\/shop.bjerring-sales.dk\/wp-content\/uploads\/2022\/06\/11-150x103.jpg 150w, https:\/\/shop.bjerring-sales.dk\/wp-content\/uploads\/2022\/06\/11-600x413.jpg 600w, https:\/\/shop.bjerring-sales.dk\/wp-content\/uploads\/2022\/06\/11-300x206.jpg 300w, https:\/\/shop.bjerring-sales.dk\/wp-content\/uploads\/2022\/06\/11-768x528.jpg 768w, https:\/\/shop.bjerring-sales.dk\/wp-content\/uploads\/2022\/06\/11-18x12.jpg 18w\" sizes=\"auto, (max-width: 800px) 100vw, 800px\" \/><\/div>\n\t\t<\/figure>\n\t<\/div>\n<\/div><\/div><\/div><div class=\"wpb_column vc_column_container vc_col-sm-4\"><div class=\"vc_column-inner\"><div class=\"wpb_wrapper\">\n\t<div  class=\"wpb_single_image wpb_content_element vc_align_center\">\n\t\t\n\t\t<figure class=\"wpb_wrapper vc_figure\">\n\t\t\t<div class=\"vc_single_image-wrapper vc_box_shadow_border  vc_box_border_grey\"><img loading=\"lazy\" decoding=\"async\" width=\"800\" height=\"550\" src=\"https:\/\/shop.bjerring-sales.dk\/wp-content\/uploads\/2022\/06\/12.jpg\" class=\"vc_single_image-img attachment-full\" alt=\"\" title=\"12\" srcset=\"https:\/\/shop.bjerring-sales.dk\/wp-content\/uploads\/2022\/06\/12.jpg 800w, https:\/\/shop.bjerring-sales.dk\/wp-content\/uploads\/2022\/06\/12-150x103.jpg 150w, https:\/\/shop.bjerring-sales.dk\/wp-content\/uploads\/2022\/06\/12-600x413.jpg 600w, https:\/\/shop.bjerring-sales.dk\/wp-content\/uploads\/2022\/06\/12-300x206.jpg 300w, https:\/\/shop.bjerring-sales.dk\/wp-content\/uploads\/2022\/06\/12-768x528.jpg 768w, https:\/\/shop.bjerring-sales.dk\/wp-content\/uploads\/2022\/06\/12-18x12.jpg 18w\" sizes=\"auto, (max-width: 800px) 100vw, 800px\" \/><\/div>\n\t\t<\/figure>\n\t<\/div>\n<\/div><\/div><\/div><\/div><div class=\"vc_row wpb_row vc_row-fluid\"><div class=\"wpb_column vc_column_container vc_col-sm-6\"><div class=\"vc_column-inner\"><div class=\"wpb_wrapper\">\n\t<div class=\"wpb_text_column wpb_content_element\" >\n\t\t<div class=\"wpb_wrapper\">\n\t\t\t<p><span style=\"font-size: 18pt;\">Stel<\/span><\/p>\n<p>Stellet har en hastighed p\u00e5 4 cm\/s og en slagl\u00e6ngde p\u00e5 hele 65 cm (62,5-127,5 cm), hvilket giver brugeren stor frihed til at bestemme og programmere deres positioner ind i hukommelsen. Stellet kan ogs\u00e5 justeres i bredden, hvilket g\u00f8r det muligt at v\u00e6re fleksibel ved valg af bordplade. Stellet har et stilrent design med lige linjer, hvilket betyder, at skrivebordet passer ind i alle typer kontorlokaler. Stellets ben er lavet med 3-delte firkantr\u00f8r. Stellet er derefter blevet pulverlakeret i h\u00f8jeste kvalitet. L\u00f8ftekapaciteten er 100 kg, hvilket betyder, at brugeren har plads til flere sk\u00e6rme, dockingstation, dokumenter mv. Det elektriske stel vejer 29 kg<\/p>\n\n\t\t<\/div>\n\t<\/div>\n\n\t<div class=\"wpb_text_column wpb_content_element\" >\n\t\t<div class=\"wpb_wrapper\">\n\t\t\t<p><span style=\"font-size: 18pt;\">Tastatur<\/span><\/p>\n<p>Det medf\u00f8lgende tastatur monteres nemt p\u00e5 bordpladen og s\u00e6ttes derefter i motoren. Ved at v\u00e6lge en passende arbejdsh\u00f8jde gemmer du positionen i hukommelsen. Du kan opbevare op til 3 forskellige positioner, hvilket letter dit arbejde mellem siddende og st\u00e5ende.<\/p>\n\n\t\t<\/div>\n\t<\/div>\n\n\t<div class=\"wpb_text_column wpb_content_element\" >\n\t\t<div class=\"wpb_wrapper\">\n\t\t\t<p><span style=\"font-size: 18pt;\">Specifikationer<\/span><\/p>\n<ul style=\"list-style-type: circle;\">\n<li>Bordet har en h\u00e6ve\/s\u00e6nkehastighed p\u00e5 4cm\/s<\/li>\n<li>R\u00f8rdimension: 70\u00d770 mm (firkantet r\u00f8r)<\/li>\n<li>Steltype: firkantr\u00f8r, 3 delt firkantr\u00f8r<\/li>\n<\/ul>\n\n\t\t<\/div>\n\t<\/div>\n<\/div><\/div><\/div><div class=\"wpb_column vc_column_container vc_col-sm-6\"><div class=\"vc_column-inner\"><div class=\"wpb_wrapper\">\n\t<div class=\"wpb_text_column wpb_content_element\" >\n\t\t<div class=\"wpb_wrapper\">\n\t\t\t<p><span style=\"font-size: 18pt;\">M\u00e5l<\/span><\/p>\n<ul style=\"list-style-type: circle;\">\n<li>H\u00f8jde med standardplade: 650-1300 mm<\/li>\n<li>H\u00f8jde p\u00e5 stel: 630-1280 mm<\/li>\n<li>Stel l\u00e6ngde: 1100-1700 mm<\/li>\n<li>Bredde p\u00e5 stel: 600 mm<\/li>\n<li>Beslagsbredde ved skive: 580 mm<\/li>\n<li>Fodbredde: 680\u00d785 mm<\/li>\n<\/ul>\n\n\t\t<\/div>\n\t<\/div>\n\n\t<div class=\"wpb_text_column wpb_content_element\" >\n\t\t<div class=\"wpb_wrapper\">\n\t\t\t<p><span style=\"font-size: 18pt;\">Farver<\/span><\/p>\n<ul style=\"list-style-type: circle;\">\n<li>Stellene f\u00e5s lige nu i hvid, sort og s\u00f8lvgr\u00e5.<\/li>\n<li>Vi tilbyder forskellige farver og materialer til bordplader<\/li>\n<li>Rektangul\u00e6re 19 mm laminatplader i b\u00f8g, birk, eg, hvid, gr\u00e5, sort og urban eg<\/li>\n<li>Bordplader med maveindtag i laminat 22 mm lagerf\u00f8res i hvid<\/li>\n<\/ul>\n<p><span style=\"font-size: 18pt;\">Manualer<\/span><br \/>\n<a href=\"https:\/\/shop.bjerring-sales.dk\/wp-content\/uploads\/2021\/03\/PDF-doc-16.png\"><img loading=\"lazy\" decoding=\"async\" class=\"alignnone size-full wp-image-72653\" src=\"https:\/\/shop.bjerring-sales.dk\/wp-content\/uploads\/2021\/03\/PDF-doc-16.png\" alt=\"\" width=\"16\" height=\"16\" \/><\/a> <a href=\"https:\/\/elj.se\/wp-content\/uploads\/2024\/12\/Up-Down-Premium-Installation-manual.pdf\" target=\"_blank\" rel=\"noopener\">Installation<\/a><br \/>\n<a href=\"https:\/\/shop.bjerring-sales.dk\/wp-content\/uploads\/2021\/03\/PDF-doc-16.png\"><img loading=\"lazy\" decoding=\"async\" class=\"alignnone size-full wp-image-72653\" src=\"https:\/\/shop.bjerring-sales.dk\/wp-content\/uploads\/2021\/03\/PDF-doc-16.png\" alt=\"\" width=\"16\" height=\"16\" \/><\/a> <a href=\"https:\/\/elj.se\/wp-content\/uploads\/2024\/12\/Up-Down-Premium-control-panel-operation-instruction.pdf\" target=\"_blank\" rel=\"noopener\">Betjeningsvejledning til kontrolpanelet<\/a><\/p>\n\n\t\t<\/div>\n\t<\/div>\n<\/div><\/div><\/div><\/div><div class=\"vc_row wpb_row vc_row-fluid\"><div class=\"wpb_column vc_column_container vc_col-sm-4\"><div class=\"vc_column-inner\"><div class=\"wpb_wrapper\">\n\t<div  class=\"wpb_single_image wpb_content_element vc_align_center\">\n\t\t\n\t\t<figure class=\"wpb_wrapper vc_figure\">\n\t\t\t<div class=\"vc_single_image-wrapper vc_box_shadow_border  vc_box_border_grey\"><img loading=\"lazy\" decoding=\"async\" width=\"800\" height=\"550\" src=\"https:\/\/shop.bjerring-sales.dk\/wp-content\/uploads\/2022\/06\/8.jpg\" class=\"vc_single_image-img attachment-full\" alt=\"\" title=\"8\" srcset=\"https:\/\/shop.bjerring-sales.dk\/wp-content\/uploads\/2022\/06\/8.jpg 800w, https:\/\/shop.bjerring-sales.dk\/wp-content\/uploads\/2022\/06\/8-150x103.jpg 150w, https:\/\/shop.bjerring-sales.dk\/wp-content\/uploads\/2022\/06\/8-600x413.jpg 600w, https:\/\/shop.bjerring-sales.dk\/wp-content\/uploads\/2022\/06\/8-300x206.jpg 300w, https:\/\/shop.bjerring-sales.dk\/wp-content\/uploads\/2022\/06\/8-768x528.jpg 768w, https:\/\/shop.bjerring-sales.dk\/wp-content\/uploads\/2022\/06\/8-18x12.jpg 18w\" sizes=\"auto, (max-width: 800px) 100vw, 800px\" \/><\/div>\n\t\t<\/figure>\n\t<\/div>\n<\/div><\/div><\/div><div class=\"wpb_column vc_column_container vc_col-sm-4\"><div class=\"vc_column-inner\"><div class=\"wpb_wrapper\">\n\t<div  class=\"wpb_single_image wpb_content_element vc_align_center\">\n\t\t\n\t\t<figure class=\"wpb_wrapper vc_figure\">\n\t\t\t<div class=\"vc_single_image-wrapper vc_box_shadow_border  vc_box_border_grey\"><img loading=\"lazy\" decoding=\"async\" width=\"800\" height=\"550\" src=\"https:\/\/shop.bjerring-sales.dk\/wp-content\/uploads\/2022\/06\/9.jpg\" class=\"vc_single_image-img attachment-full\" alt=\"\" title=\"9\" srcset=\"https:\/\/shop.bjerring-sales.dk\/wp-content\/uploads\/2022\/06\/9.jpg 800w, https:\/\/shop.bjerring-sales.dk\/wp-content\/uploads\/2022\/06\/9-150x103.jpg 150w, https:\/\/shop.bjerring-sales.dk\/wp-content\/uploads\/2022\/06\/9-600x413.jpg 600w, https:\/\/shop.bjerring-sales.dk\/wp-content\/uploads\/2022\/06\/9-300x206.jpg 300w, https:\/\/shop.bjerring-sales.dk\/wp-content\/uploads\/2022\/06\/9-768x528.jpg 768w, https:\/\/shop.bjerring-sales.dk\/wp-content\/uploads\/2022\/06\/9-18x12.jpg 18w\" sizes=\"auto, (max-width: 800px) 100vw, 800px\" \/><\/div>\n\t\t<\/figure>\n\t<\/div>\n<\/div><\/div><\/div><div class=\"wpb_column vc_column_container vc_col-sm-4\"><div class=\"vc_column-inner\"><div class=\"wpb_wrapper\">\n\t<div  class=\"wpb_single_image wpb_content_element vc_align_center\">\n\t\t\n\t\t<figure class=\"wpb_wrapper vc_figure\">\n\t\t\t<div class=\"vc_single_image-wrapper vc_box_shadow_border  vc_box_border_grey\"><img loading=\"lazy\" decoding=\"async\" width=\"800\" height=\"550\" src=\"https:\/\/shop.bjerring-sales.dk\/wp-content\/uploads\/2022\/06\/10.jpg\" class=\"vc_single_image-img attachment-full\" alt=\"\" title=\"10\" srcset=\"https:\/\/shop.bjerring-sales.dk\/wp-content\/uploads\/2022\/06\/10.jpg 800w, https:\/\/shop.bjerring-sales.dk\/wp-content\/uploads\/2022\/06\/10-150x103.jpg 150w, https:\/\/shop.bjerring-sales.dk\/wp-content\/uploads\/2022\/06\/10-600x413.jpg 600w, https:\/\/shop.bjerring-sales.dk\/wp-content\/uploads\/2022\/06\/10-300x206.jpg 300w, https:\/\/shop.bjerring-sales.dk\/wp-content\/uploads\/2022\/06\/10-768x528.jpg 768w, https:\/\/shop.bjerring-sales.dk\/wp-content\/uploads\/2022\/06\/10-18x12.jpg 18w\" sizes=\"auto, (max-width: 800px) 100vw, 800px\" \/><\/div>\n\t\t<\/figure>\n\t<\/div>\n<\/div><\/div><\/div><\/div>\n<\/div>","protected":false},"excerpt":{"rendered":"<p>Up &amp; Down Premium justerbar skrivebord er et skrivebord drevet af 2 motorer. Stellet f\u00e5s i hvid, sort og s\u00f8lvgr\u00e5. Rektangul\u00e6re 19 mm laminatplader f\u00e5s i b\u00f8g, birk, eg, hvid, gr\u00e5, sort og urban eg.<\/p>","protected":false},"featured_media":98147,"template":"","meta":{"iawp_total_views":37},"product_brand":[],"product_cat":[5786,6360,5788],"product_tag":[5778,5954,5955,6090,6302],"class_list":{"0":"post-75871","1":"product","2":"type-product","3":"status-publish","4":"has-post-thumbnail","6":"product_cat-skrivbord","7":"product_cat-up-down-premium","8":"product_cat-hoj-sankbara-bord","9":"product_tag-hoj-och-sankbara-bord","10":"product_tag-elbord","11":"product_tag-elektriskt-skrivbord","12":"product_tag-hojdjusterbart-bord","13":"product_tag-up-down-premium","15":"first","16":"instock","17":"taxable","18":"shipping-taxable","19":"purchasable","20":"product-type-variable"},"yoast_head":"<!-- This site is optimized with the Yoast SEO plugin v27.0 - https:\/\/yoast.com\/product\/yoast-seo-wordpress\/ -->\n<title>Premium - H\u00f6j &amp; s\u00e4nkbara bord med 2 motorer - Bjerring-Sales<\/title>\n<meta name=\"description\" content=\"Det h\u00f6j och s\u00e4nkbara skrivbordet Up &amp; Down Premium \u00e4r ett skrivbord som drivs med 2 motorer. En ergonomisk och varierad arbetsst\u00e4llning \u00e4r h\u00e4lsosamt f\u00f6r b\u00e5de kropp &amp; knopp.\" \/>\n<meta name=\"robots\" content=\"index, follow, max-snippet:-1, max-image-preview:large, max-video-preview:-1\" \/>\n<link rel=\"canonical\" href=\"https:\/\/shop.bjerring-sales.dk\/da\/product\/premium-bord-med-2-motorer\/\" \/>\n<meta property=\"og:locale\" content=\"da_DK\" \/>\n<meta property=\"og:type\" content=\"article\" \/>\n<meta property=\"og:title\" content=\"Up &amp; Down Premium - H\u00f6j &amp; s\u00e4nkbart skrivbord med dubbla motorer\" \/>\n<meta property=\"og:description\" content=\"Det h\u00f6j och s\u00e4nkbara skrivbordet Up &amp; Down Premium \u00e4r ett skrivbord som drivs med 2 motorer. En ergonomisk och varierad arbetsst\u00e4llning \u00e4r h\u00e4lsosamt f\u00f6r b\u00e5de kropp &amp; knopp.\" \/>\n<meta property=\"og:url\" content=\"https:\/\/shop.bjerring-sales.dk\/da\/product\/premium-bord-med-2-motorer\/\" \/>\n<meta property=\"og:site_name\" content=\"Bjerring-Sales\" \/>\n<meta property=\"article:modified_time\" content=\"2026-03-30T08:21:57+00:00\" \/>\n<meta property=\"og:image\" content=\"https:\/\/shop.bjerring-sales.dk\/wp-content\/uploads\/2022\/06\/8.jpg\" \/>\n\t<meta property=\"og:image:width\" content=\"800\" \/>\n\t<meta property=\"og:image:height\" content=\"550\" \/>\n\t<meta property=\"og:image:type\" content=\"image\/jpeg\" \/>\n<meta name=\"twitter:card\" content=\"summary_large_image\" \/>\n<meta name=\"twitter:title\" content=\"Up &amp; Down Premium - H\u00f6j &amp; s\u00e4nkbart skrivbord med dubbla motorer\" \/>\n<meta name=\"twitter:description\" content=\"Det h\u00f6j och s\u00e4nkbara skrivbordet Up &amp; Down Premium \u00e4r ett skrivbord som drivs med 2 motorer. En ergonomisk och varierad arbetsst\u00e4llning \u00e4r h\u00e4lsosamt f\u00f6r b\u00e5de kropp &amp; knopp.\" \/>\n<meta name=\"twitter:image\" content=\"https:\/\/shop.bjerring-sales.dk\/wp-content\/uploads\/2022\/06\/8.jpg\" \/>\n<meta name=\"twitter:label1\" content=\"Estimeret l\u00e6setid\" \/>\n\t<meta name=\"twitter:data1\" content=\"3 minutter\" \/>\n<script type=\"application\/ld+json\" class=\"yoast-schema-graph\">{\"@context\":\"https:\/\/schema.org\",\"@graph\":[{\"@type\":\"WebPage\",\"@id\":\"https:\/\/shop.bjerring-sales.dk\/product\/premium-bord-med-2-motorer\/\",\"url\":\"https:\/\/shop.bjerring-sales.dk\/product\/premium-bord-med-2-motorer\/\",\"name\":\"Premium - H\u00f6j &amp; s\u00e4nkbara bord med 2 motorer - Bjerring-Sales\",\"isPartOf\":{\"@id\":\"https:\/\/shop.bjerring-sales.dk\/#website\"},\"primaryImageOfPage\":{\"@id\":\"https:\/\/shop.bjerring-sales.dk\/product\/premium-bord-med-2-motorer\/#primaryimage\"},\"image\":{\"@id\":\"https:\/\/shop.bjerring-sales.dk\/product\/premium-bord-med-2-motorer\/#primaryimage\"},\"thumbnailUrl\":\"https:\/\/shop.bjerring-sales.dk\/wp-content\/uploads\/2024\/09\/180x80_WhiteLegs_WoodTop1.jpg\",\"datePublished\":\"2022-06-22T14:13:50+00:00\",\"dateModified\":\"2026-03-30T08:21:57+00:00\",\"description\":\"Det h\u00f6j och s\u00e4nkbara skrivbordet Up & Down Premium \u00e4r ett skrivbord som drivs med 2 motorer. En ergonomisk och varierad arbetsst\u00e4llning \u00e4r h\u00e4lsosamt f\u00f6r b\u00e5de kropp & knopp.\",\"breadcrumb\":{\"@id\":\"https:\/\/shop.bjerring-sales.dk\/product\/premium-bord-med-2-motorer\/#breadcrumb\"},\"inLanguage\":\"da-DK\",\"potentialAction\":[{\"@type\":\"ReadAction\",\"target\":[\"https:\/\/shop.bjerring-sales.dk\/product\/premium-bord-med-2-motorer\/\"]}]},{\"@type\":\"ImageObject\",\"inLanguage\":\"da-DK\",\"@id\":\"https:\/\/shop.bjerring-sales.dk\/product\/premium-bord-med-2-motorer\/#primaryimage\",\"url\":\"https:\/\/shop.bjerring-sales.dk\/wp-content\/uploads\/2024\/09\/180x80_WhiteLegs_WoodTop1.jpg\",\"contentUrl\":\"https:\/\/shop.bjerring-sales.dk\/wp-content\/uploads\/2024\/09\/180x80_WhiteLegs_WoodTop1.jpg\",\"width\":800,\"height\":800},{\"@type\":\"BreadcrumbList\",\"@id\":\"https:\/\/shop.bjerring-sales.dk\/product\/premium-bord-med-2-motorer\/#breadcrumb\",\"itemListElement\":[{\"@type\":\"ListItem\",\"position\":1,\"name\":\"Hem\",\"item\":\"https:\/\/shop.bjerring-sales.dk\/\"},{\"@type\":\"ListItem\",\"position\":2,\"name\":\"Webbutik\",\"item\":\"https:\/\/shop.bjerring-sales.dk\/butik\/\"},{\"@type\":\"ListItem\",\"position\":3,\"name\":\"Premium &#8211; H\u00f6j &amp; s\u00e4nkbara bord med 2 motorer\"}]},{\"@type\":\"WebSite\",\"@id\":\"https:\/\/shop.bjerring-sales.dk\/#website\",\"url\":\"https:\/\/shop.bjerring-sales.dk\/\",\"name\":\"Bjerring-Sales\",\"description\":\"M\u00f6bler f\u00f6r teatrar, skolor, kontor och k\u00f6pcentrum\",\"publisher\":{\"@id\":\"https:\/\/shop.bjerring-sales.dk\/#organization\"},\"potentialAction\":[{\"@type\":\"SearchAction\",\"target\":{\"@type\":\"EntryPoint\",\"urlTemplate\":\"https:\/\/shop.bjerring-sales.dk\/?s={search_term_string}\"},\"query-input\":{\"@type\":\"PropertyValueSpecification\",\"valueRequired\":true,\"valueName\":\"search_term_string\"}}],\"inLanguage\":\"da-DK\"},{\"@type\":\"Organization\",\"@id\":\"https:\/\/shop.bjerring-sales.dk\/#organization\",\"name\":\"Bjerring-Sales\",\"url\":\"https:\/\/shop.bjerring-sales.dk\/\",\"logo\":{\"@type\":\"ImageObject\",\"inLanguage\":\"da-DK\",\"@id\":\"https:\/\/shop.bjerring-sales.dk\/#\/schema\/logo\/image\/\",\"url\":\"https:\/\/shop.bjerring-sales.dk\/wp-content\/uploads\/2023\/01\/logo_sv.png\",\"contentUrl\":\"https:\/\/shop.bjerring-sales.dk\/wp-content\/uploads\/2023\/01\/logo_sv.png\",\"width\":195,\"height\":68,\"caption\":\"Bjerring-Sales\"},\"image\":{\"@id\":\"https:\/\/shop.bjerring-sales.dk\/#\/schema\/logo\/image\/\"}}]}<\/script>\n<!-- \/ Yoast SEO plugin. -->","yoast_head_json":{"title":"Premium - H\u00f6j &amp; s\u00e4nkbara bord med 2 motorer - Bjerring-Sales","description":"Det h\u00f6j och s\u00e4nkbara skrivbordet Up & Down Premium \u00e4r ett skrivbord som drivs med 2 motorer. En ergonomisk och varierad arbetsst\u00e4llning \u00e4r h\u00e4lsosamt f\u00f6r b\u00e5de kropp & knopp.","robots":{"index":"index","follow":"follow","max-snippet":"max-snippet:-1","max-image-preview":"max-image-preview:large","max-video-preview":"max-video-preview:-1"},"canonical":"https:\/\/shop.bjerring-sales.dk\/da\/product\/premium-bord-med-2-motorer\/","og_locale":"da_DK","og_type":"article","og_title":"Up & Down Premium - H\u00f6j & s\u00e4nkbart skrivbord med dubbla motorer","og_description":"Det h\u00f6j och s\u00e4nkbara skrivbordet Up & Down Premium \u00e4r ett skrivbord som drivs med 2 motorer. En ergonomisk och varierad arbetsst\u00e4llning \u00e4r h\u00e4lsosamt f\u00f6r b\u00e5de kropp & knopp.","og_url":"https:\/\/shop.bjerring-sales.dk\/da\/product\/premium-bord-med-2-motorer\/","og_site_name":"Bjerring-Sales","article_modified_time":"2026-03-30T08:21:57+00:00","og_image":[{"width":800,"height":550,"url":"https:\/\/shop.bjerring-sales.dk\/wp-content\/uploads\/2022\/06\/8.jpg","type":"image\/jpeg"}],"twitter_card":"summary_large_image","twitter_title":"Up & Down Premium - H\u00f6j & s\u00e4nkbart skrivbord med dubbla motorer","twitter_description":"Det h\u00f6j och s\u00e4nkbara skrivbordet Up & Down Premium \u00e4r ett skrivbord som drivs med 2 motorer. En ergonomisk och varierad arbetsst\u00e4llning \u00e4r h\u00e4lsosamt f\u00f6r b\u00e5de kropp & knopp.","twitter_image":"https:\/\/shop.bjerring-sales.dk\/wp-content\/uploads\/2022\/06\/8.jpg","twitter_misc":{"Estimeret l\u00e6setid":"3 minutter"},"schema":{"@context":"https:\/\/schema.org","@graph":[{"@type":"WebPage","@id":"https:\/\/shop.bjerring-sales.dk\/product\/premium-bord-med-2-motorer\/","url":"https:\/\/shop.bjerring-sales.dk\/product\/premium-bord-med-2-motorer\/","name":"Premium - H\u00f6j &amp; s\u00e4nkbara bord med 2 motorer - Bjerring-Sales","isPartOf":{"@id":"https:\/\/shop.bjerring-sales.dk\/#website"},"primaryImageOfPage":{"@id":"https:\/\/shop.bjerring-sales.dk\/product\/premium-bord-med-2-motorer\/#primaryimage"},"image":{"@id":"https:\/\/shop.bjerring-sales.dk\/product\/premium-bord-med-2-motorer\/#primaryimage"},"thumbnailUrl":"https:\/\/shop.bjerring-sales.dk\/wp-content\/uploads\/2024\/09\/180x80_WhiteLegs_WoodTop1.jpg","datePublished":"2022-06-22T14:13:50+00:00","dateModified":"2026-03-30T08:21:57+00:00","description":"Det h\u00f6j och s\u00e4nkbara skrivbordet Up & Down Premium \u00e4r ett skrivbord som drivs med 2 motorer. En ergonomisk och varierad arbetsst\u00e4llning \u00e4r h\u00e4lsosamt f\u00f6r b\u00e5de kropp & knopp.","breadcrumb":{"@id":"https:\/\/shop.bjerring-sales.dk\/product\/premium-bord-med-2-motorer\/#breadcrumb"},"inLanguage":"da-DK","potentialAction":[{"@type":"ReadAction","target":["https:\/\/shop.bjerring-sales.dk\/product\/premium-bord-med-2-motorer\/"]}]},{"@type":"ImageObject","inLanguage":"da-DK","@id":"https:\/\/shop.bjerring-sales.dk\/product\/premium-bord-med-2-motorer\/#primaryimage","url":"https:\/\/shop.bjerring-sales.dk\/wp-content\/uploads\/2024\/09\/180x80_WhiteLegs_WoodTop1.jpg","contentUrl":"https:\/\/shop.bjerring-sales.dk\/wp-content\/uploads\/2024\/09\/180x80_WhiteLegs_WoodTop1.jpg","width":800,"height":800},{"@type":"BreadcrumbList","@id":"https:\/\/shop.bjerring-sales.dk\/product\/premium-bord-med-2-motorer\/#breadcrumb","itemListElement":[{"@type":"ListItem","position":1,"name":"Hem","item":"https:\/\/shop.bjerring-sales.dk\/"},{"@type":"ListItem","position":2,"name":"Webbutik","item":"https:\/\/shop.bjerring-sales.dk\/butik\/"},{"@type":"ListItem","position":3,"name":"Premium &#8211; H\u00f6j &amp; s\u00e4nkbara bord med 2 motorer"}]},{"@type":"WebSite","@id":"https:\/\/shop.bjerring-sales.dk\/#website","url":"https:\/\/shop.bjerring-sales.dk\/","name":"Bjerring-Salg","description":"M\u00f8bler til teatre, skoler, kontorer og indk\u00f8bscentre","publisher":{"@id":"https:\/\/shop.bjerring-sales.dk\/#organization"},"potentialAction":[{"@type":"SearchAction","target":{"@type":"EntryPoint","urlTemplate":"https:\/\/shop.bjerring-sales.dk\/?s={search_term_string}"},"query-input":{"@type":"PropertyValueSpecification","valueRequired":true,"valueName":"search_term_string"}}],"inLanguage":"da-DK"},{"@type":"Organization","@id":"https:\/\/shop.bjerring-sales.dk\/#organization","name":"Bjerring-Salg","url":"https:\/\/shop.bjerring-sales.dk\/","logo":{"@type":"ImageObject","inLanguage":"da-DK","@id":"https:\/\/shop.bjerring-sales.dk\/#\/schema\/logo\/image\/","url":"https:\/\/shop.bjerring-sales.dk\/wp-content\/uploads\/2023\/01\/logo_sv.png","contentUrl":"https:\/\/shop.bjerring-sales.dk\/wp-content\/uploads\/2023\/01\/logo_sv.png","width":195,"height":68,"caption":"Bjerring-Sales"},"image":{"@id":"https:\/\/shop.bjerring-sales.dk\/#\/schema\/logo\/image\/"}}]}},"_links":{"self":[{"href":"https:\/\/shop.bjerring-sales.dk\/da\/wp-json\/wp\/v2\/product\/75871","targetHints":{"allow":["GET"]}}],"collection":[{"href":"https:\/\/shop.bjerring-sales.dk\/da\/wp-json\/wp\/v2\/product"}],"about":[{"href":"https:\/\/shop.bjerring-sales.dk\/da\/wp-json\/wp\/v2\/types\/product"}],"wp:featuredmedia":[{"embeddable":true,"href":"https:\/\/shop.bjerring-sales.dk\/da\/wp-json\/wp\/v2\/media\/98147"}],"wp:attachment":[{"href":"https:\/\/shop.bjerring-sales.dk\/da\/wp-json\/wp\/v2\/media?parent=75871"}],"wp:term":[{"taxonomy":"product_brand","embeddable":true,"href":"https:\/\/shop.bjerring-sales.dk\/da\/wp-json\/wp\/v2\/product_brand?post=75871"},{"taxonomy":"product_cat","embeddable":true,"href":"https:\/\/shop.bjerring-sales.dk\/da\/wp-json\/wp\/v2\/product_cat?post=75871"},{"taxonomy":"product_tag","embeddable":true,"href":"https:\/\/shop.bjerring-sales.dk\/da\/wp-json\/wp\/v2\/product_tag?post=75871"}],"curies":[{"name":"wp","href":"https:\/\/api.w.org\/{rel}","templated":true}]}}