{"id":75717,"date":"2022-04-05T13:47:43","date_gmt":"2022-04-05T11:47:43","guid":{"rendered":"https:\/\/pule.se\/?post_type=product&#038;p=75717"},"modified":"2024-04-21T10:27:36","modified_gmt":"2024-04-21T08:27:36","slug":"lovisa-brollopsstol","status":"publish","type":"product","link":"https:\/\/shop.bjerring-sales.dk\/da\/vare\/lovisa-brollopsstol\/","title":{"rendered":"Lovisa \u2013 En klassisk bryllupsstol"},"content":{"rendered":"<div class=\"wpb-content-wrapper\"><div class=\"vc_row wpb_row vc_row-fluid\"><div class=\"wpb_column vc_column_container vc_col-sm-12\"><div class=\"vc_column-inner\"><div class=\"wpb_wrapper\">\n\t<div class=\"wpb_text_column wpb_content_element\" >\n\t\t<div class=\"wpb_wrapper\">\n\t\t\t<p><span style=\"font-size: 24pt\">Lovisa er en klassisk stol, der har f\u00e5et et moderne udtryk!<br \/>\n<\/span>I fremstillingsprocessen af den stabelbare Lovisa stol anvendes den nyeste teknologi med luftst\u00f8bning. Polypropylen forst\u00e6rket med glasfiber giver perfekt pr\u00e6cision og god stabilitet, hvilket er stolens kendetegn.<\/p>\n\n\t\t<\/div>\n\t<\/div>\n<\/div><\/div><\/div><\/div><div class=\"vc_row wpb_row vc_row-fluid\"><div class=\"wpb_column vc_column_container vc_col-sm-4\"><div class=\"vc_column-inner\"><div class=\"wpb_wrapper\">\n\t<div  class=\"wpb_single_image wpb_content_element vc_align_center\">\n\t\t\n\t\t<figure class=\"wpb_wrapper vc_figure\">\n\t\t\t<div class=\"vc_single_image-wrapper vc_box_shadow_border  vc_box_border_grey\"><img loading=\"lazy\" decoding=\"async\" width=\"800\" height=\"550\" src=\"https:\/\/shop.bjerring-sales.dk\/wp-content\/uploads\/2022\/04\/new_contract_gallery_503_josephine@2x.webp\" class=\"vc_single_image-img attachment-full\" alt=\"\" title=\"new_contract_gallery_503_josephine@2x\" srcset=\"https:\/\/shop.bjerring-sales.dk\/wp-content\/uploads\/2022\/04\/new_contract_gallery_503_josephine@2x.webp 800w, https:\/\/shop.bjerring-sales.dk\/wp-content\/uploads\/2022\/04\/new_contract_gallery_503_josephine@2x-150x103.webp 150w, https:\/\/shop.bjerring-sales.dk\/wp-content\/uploads\/2022\/04\/new_contract_gallery_503_josephine@2x-600x413.webp 600w, https:\/\/shop.bjerring-sales.dk\/wp-content\/uploads\/2022\/04\/new_contract_gallery_503_josephine@2x-300x206.webp 300w, https:\/\/shop.bjerring-sales.dk\/wp-content\/uploads\/2022\/04\/new_contract_gallery_503_josephine@2x-768x528.webp 768w\" sizes=\"auto, (max-width: 800px) 100vw, 800px\" \/><\/div>\n\t\t<\/figure>\n\t<\/div>\n<\/div><\/div><\/div><div class=\"wpb_column vc_column_container vc_col-sm-4\"><div class=\"vc_column-inner\"><div class=\"wpb_wrapper\">\n\t<div  class=\"wpb_single_image wpb_content_element vc_align_center\">\n\t\t\n\t\t<figure class=\"wpb_wrapper vc_figure\">\n\t\t\t<div class=\"vc_single_image-wrapper vc_box_shadow_border  vc_box_border_grey\"><img loading=\"lazy\" decoding=\"async\" width=\"800\" height=\"550\" src=\"https:\/\/shop.bjerring-sales.dk\/wp-content\/uploads\/2022\/04\/new_contract_gallery_504_josephine@2x.webp\" class=\"vc_single_image-img attachment-full\" alt=\"\" title=\"new_contract_gallery_504_josephine@2x\" srcset=\"https:\/\/shop.bjerring-sales.dk\/wp-content\/uploads\/2022\/04\/new_contract_gallery_504_josephine@2x.webp 800w, https:\/\/shop.bjerring-sales.dk\/wp-content\/uploads\/2022\/04\/new_contract_gallery_504_josephine@2x-150x103.webp 150w, https:\/\/shop.bjerring-sales.dk\/wp-content\/uploads\/2022\/04\/new_contract_gallery_504_josephine@2x-600x413.webp 600w, https:\/\/shop.bjerring-sales.dk\/wp-content\/uploads\/2022\/04\/new_contract_gallery_504_josephine@2x-300x206.webp 300w, https:\/\/shop.bjerring-sales.dk\/wp-content\/uploads\/2022\/04\/new_contract_gallery_504_josephine@2x-768x528.webp 768w\" sizes=\"auto, (max-width: 800px) 100vw, 800px\" \/><\/div>\n\t\t<\/figure>\n\t<\/div>\n<\/div><\/div><\/div><div class=\"wpb_column vc_column_container vc_col-sm-4\"><div class=\"vc_column-inner\"><div class=\"wpb_wrapper\">\n\t<div  class=\"wpb_single_image wpb_content_element vc_align_center\">\n\t\t\n\t\t<figure class=\"wpb_wrapper vc_figure\">\n\t\t\t<div class=\"vc_single_image-wrapper vc_box_shadow_border  vc_box_border_grey\"><img loading=\"lazy\" decoding=\"async\" width=\"800\" height=\"550\" src=\"https:\/\/shop.bjerring-sales.dk\/wp-content\/uploads\/2022\/04\/image-small-1544521803-7116.webp\" class=\"vc_single_image-img attachment-full\" alt=\"\" title=\"billede-lille-1544521803-7116\" srcset=\"https:\/\/shop.bjerring-sales.dk\/wp-content\/uploads\/2022\/04\/image-small-1544521803-7116.webp 800w, https:\/\/shop.bjerring-sales.dk\/wp-content\/uploads\/2022\/04\/image-small-1544521803-7116-150x103.webp 150w, https:\/\/shop.bjerring-sales.dk\/wp-content\/uploads\/2022\/04\/image-small-1544521803-7116-600x413.webp 600w, https:\/\/shop.bjerring-sales.dk\/wp-content\/uploads\/2022\/04\/image-small-1544521803-7116-300x206.webp 300w, https:\/\/shop.bjerring-sales.dk\/wp-content\/uploads\/2022\/04\/image-small-1544521803-7116-768x528.webp 768w\" sizes=\"auto, (max-width: 800px) 100vw, 800px\" \/><\/div>\n\t\t<\/figure>\n\t<\/div>\n<\/div><\/div><\/div><\/div><div class=\"vc_row wpb_row vc_row-fluid\"><div class=\"wpb_column vc_column_container vc_col-sm-6\"><div class=\"vc_column-inner\"><div class=\"wpb_wrapper\">\n\t<div class=\"wpb_text_column wpb_content_element\" >\n\t\t<div class=\"wpb_wrapper\">\n\t\t\t<p><span style=\"font-size: 18pt\">Design<br \/>\n<\/span>Da designerne skitserede designet af Lovisa-stolen, \u00f8nskede de at designe en stilfuld stabelbar stol, der ville passe ind ved flere forskellige lejligheder s\u00e5som bryllupper. Den er b\u00e5de klassisk og elegant. Lovisa stolen kan bruges b\u00e5de indend\u00f8rs og udend\u00f8rs.<\/p>\n<p><span style=\"font-size: 18pt\">Farver<br \/>\n<\/span>Lovisa lagerf\u00f8res i hvidt<\/p>\n<p><span style=\"font-size: 18pt\">Specifikationer<\/span><\/p>\n<ul>\n<li>Fremstillet af polypropylen forst\u00e6rket med glasfiber<\/li>\n<li>Stabelbar<\/li>\n<li>Velegnet til b\u00e5de indend\u00f8rs og udend\u00f8rs<\/li>\n<li>UV-bestandig og vandafvisende<\/li>\n<li>Fremstillet i Europa<\/li>\n<\/ul>\n\n\t\t<\/div>\n\t<\/div>\n<\/div><\/div><\/div><div class=\"wpb_column vc_column_container vc_col-sm-6\"><div class=\"vc_column-inner\"><div class=\"wpb_wrapper\">\n\t<div class=\"wpb_text_column wpb_content_element\" >\n\t\t<div class=\"wpb_wrapper\">\n\t\t\t<p><span style=\"font-size: 18pt\">M\u00e5l<\/span><\/p>\n<ul>\n<li>H\u00f8jde: 910 mm<\/li>\n<li>Bredde: 450 mm<\/li>\n<li>Dybde: 510 mm<\/li>\n<li>S\u00e6deh\u00f8jde: 450 mm<\/li>\n<\/ul>\n<p><span style=\"font-size: 18pt\">V\u00e6gt<\/span><\/p>\n<ul>\n<li>4,6 kg<\/li>\n<\/ul>\n<p><span style=\"font-size: 18pt\">Garanti<\/span><br \/>\n2 \u00e5rs garanti<\/p>\n\n\t\t<\/div>\n\t<\/div>\n<\/div><\/div><\/div><\/div>\n<\/div>","protected":false},"excerpt":{"rendered":"<p>Da designerne skitserede designet af Lovisa-stolen, \u00f8nskede de at designe en stilfuld stabelbar stol, der ville passe ind ved flere forskellige lejligheder s\u00e5som bryllupper. Den er b\u00e5de klassisk og elegant. Lovisa stolen kan bruges b\u00e5de indend\u00f8rs og udend\u00f8rs.<\/p>","protected":false},"featured_media":95930,"template":"","meta":{"iawp_total_views":4},"product_brand":[],"product_cat":[5791,6344,5825,6304],"product_tag":[5850,6164,6272],"class_list":{"0":"post-75717","1":"product","2":"type-product","3":"status-publish","4":"has-post-thumbnail","6":"product_cat-stolar","7":"product_cat-stolar-utomhus","8":"product_cat-stapelbara-stolar","9":"product_cat-utemobler","10":"product_tag-stapelbar-stol","11":"product_tag-event-stol","12":"product_tag-brollopsstol","14":"first","15":"instock","16":"taxable","17":"shipping-taxable","18":"purchasable","19":"product-type-simple"},"yoast_head":"<!-- This site is optimized with the Yoast SEO plugin v27.0 - https:\/\/yoast.com\/product\/yoast-seo-wordpress\/ -->\n<title>Lovisa - En klassisk br\u00f6llopsstol - Bjerring-Sales<\/title>\n<meta name=\"description\" content=\"N\u00e4r formgivarna skissade p\u00e5 designen av Lovisa stolen s\u00e5 ville dom designa en stilig stapelbar stol som skulle passa in vid flera olika tillf\u00e4llen s\u00e5som br\u00f6llop, klassiskt och elegant.\" \/>\n<meta name=\"robots\" content=\"index, follow, max-snippet:-1, max-image-preview:large, max-video-preview:-1\" \/>\n<link rel=\"canonical\" href=\"https:\/\/shop.bjerring-sales.dk\/da\/vare\/lovisa-brollopsstol\/\" \/>\n<meta property=\"og:locale\" content=\"da_DK\" \/>\n<meta property=\"og:type\" content=\"article\" \/>\n<meta property=\"og:title\" content=\"Lovisa \u00e4r en klassisk stol som f\u00e5tt ett modernt uttryck!\" \/>\n<meta property=\"og:description\" content=\"N\u00e4r formgivarna skissade p\u00e5 designen av Lovisa stolen s\u00e5 ville dom designa en stilig stapelbar stol som skulle passa in vid flera olika tillf\u00e4llen s\u00e5som br\u00f6llop, klassiskt och elegant.\" \/>\n<meta property=\"og:url\" content=\"https:\/\/shop.bjerring-sales.dk\/da\/vare\/lovisa-brollopsstol\/\" \/>\n<meta property=\"og:site_name\" content=\"Bjerring-Sales\" \/>\n<meta property=\"article:modified_time\" content=\"2024-04-21T08:27:36+00:00\" \/>\n<meta property=\"og:image\" content=\"https:\/\/shop.bjerring-sales.dk\/wp-content\/uploads\/2022\/04\/lovisasoc.jpg\" \/>\n\t<meta property=\"og:image:width\" content=\"800\" \/>\n\t<meta property=\"og:image:height\" content=\"550\" \/>\n\t<meta property=\"og:image:type\" content=\"image\/jpeg\" \/>\n<meta name=\"twitter:card\" content=\"summary_large_image\" \/>\n<meta name=\"twitter:title\" content=\"Lovisa \u00e4r en klassisk stol som f\u00e5tt ett modernt uttryck!\" \/>\n<meta name=\"twitter:description\" content=\"N\u00e4r formgivarna skissade p\u00e5 designen av Lovisa stolen s\u00e5 ville dom designa en stilig stapelbar stol som skulle passa in vid flera olika tillf\u00e4llen s\u00e5som br\u00f6llop, klassiskt och elegant.\" \/>\n<meta name=\"twitter:image\" content=\"https:\/\/shop.bjerring-sales.dk\/wp-content\/uploads\/2022\/04\/lovisasoc.jpg\" \/>\n<meta name=\"twitter:label1\" content=\"Estimeret l\u00e6setid\" \/>\n\t<meta name=\"twitter:data1\" content=\"1 minut\" \/>\n<script type=\"application\/ld+json\" class=\"yoast-schema-graph\">{\"@context\":\"https:\/\/schema.org\",\"@graph\":[{\"@type\":\"WebPage\",\"@id\":\"https:\/\/shop.bjerring-sales.dk\/sv\/produkt\/lovisa-brollopsstol\/\",\"url\":\"https:\/\/shop.bjerring-sales.dk\/sv\/produkt\/lovisa-brollopsstol\/\",\"name\":\"Lovisa - En klassisk br\u00f6llopsstol - Bjerring-Sales\",\"isPartOf\":{\"@id\":\"https:\/\/shop.bjerring-sales.dk\/#website\"},\"primaryImageOfPage\":{\"@id\":\"https:\/\/shop.bjerring-sales.dk\/sv\/produkt\/lovisa-brollopsstol\/#primaryimage\"},\"image\":{\"@id\":\"https:\/\/shop.bjerring-sales.dk\/sv\/produkt\/lovisa-brollopsstol\/#primaryimage\"},\"thumbnailUrl\":\"https:\/\/shop.bjerring-sales.dk\/wp-content\/uploads\/2024\/03\/Lovisa_vit_800x800px.jpg\",\"datePublished\":\"2022-04-05T11:47:43+00:00\",\"dateModified\":\"2024-04-21T08:27:36+00:00\",\"description\":\"N\u00e4r formgivarna skissade p\u00e5 designen av Lovisa stolen s\u00e5 ville dom designa en stilig stapelbar stol som skulle passa in vid flera olika tillf\u00e4llen s\u00e5som br\u00f6llop, klassiskt och elegant.\",\"breadcrumb\":{\"@id\":\"https:\/\/shop.bjerring-sales.dk\/sv\/produkt\/lovisa-brollopsstol\/#breadcrumb\"},\"inLanguage\":\"da-DK\",\"potentialAction\":[{\"@type\":\"ReadAction\",\"target\":[\"https:\/\/shop.bjerring-sales.dk\/sv\/produkt\/lovisa-brollopsstol\/\"]}]},{\"@type\":\"ImageObject\",\"inLanguage\":\"da-DK\",\"@id\":\"https:\/\/shop.bjerring-sales.dk\/sv\/produkt\/lovisa-brollopsstol\/#primaryimage\",\"url\":\"https:\/\/shop.bjerring-sales.dk\/wp-content\/uploads\/2024\/03\/Lovisa_vit_800x800px.jpg\",\"contentUrl\":\"https:\/\/shop.bjerring-sales.dk\/wp-content\/uploads\/2024\/03\/Lovisa_vit_800x800px.jpg\",\"width\":800,\"height\":800},{\"@type\":\"BreadcrumbList\",\"@id\":\"https:\/\/shop.bjerring-sales.dk\/sv\/produkt\/lovisa-brollopsstol\/#breadcrumb\",\"itemListElement\":[{\"@type\":\"ListItem\",\"position\":1,\"name\":\"Hem\",\"item\":\"https:\/\/shop.bjerring-sales.dk\/\"},{\"@type\":\"ListItem\",\"position\":2,\"name\":\"Webbutik\",\"item\":\"https:\/\/shop.bjerring-sales.dk\/butik\/\"},{\"@type\":\"ListItem\",\"position\":3,\"name\":\"Lovisa &#8211; En klassisk br\u00f6llopsstol\"}]},{\"@type\":\"WebSite\",\"@id\":\"https:\/\/shop.bjerring-sales.dk\/#website\",\"url\":\"https:\/\/shop.bjerring-sales.dk\/\",\"name\":\"Bjerring-Sales\",\"description\":\"M\u00f6bler f\u00f6r teatrar, skolor, kontor och k\u00f6pcentrum\",\"publisher\":{\"@id\":\"https:\/\/shop.bjerring-sales.dk\/#organization\"},\"potentialAction\":[{\"@type\":\"SearchAction\",\"target\":{\"@type\":\"EntryPoint\",\"urlTemplate\":\"https:\/\/shop.bjerring-sales.dk\/?s={search_term_string}\"},\"query-input\":{\"@type\":\"PropertyValueSpecification\",\"valueRequired\":true,\"valueName\":\"search_term_string\"}}],\"inLanguage\":\"da-DK\"},{\"@type\":\"Organization\",\"@id\":\"https:\/\/shop.bjerring-sales.dk\/#organization\",\"name\":\"Bjerring-Sales\",\"url\":\"https:\/\/shop.bjerring-sales.dk\/\",\"logo\":{\"@type\":\"ImageObject\",\"inLanguage\":\"da-DK\",\"@id\":\"https:\/\/shop.bjerring-sales.dk\/#\/schema\/logo\/image\/\",\"url\":\"https:\/\/shop.bjerring-sales.dk\/wp-content\/uploads\/2023\/01\/logo_sv.png\",\"contentUrl\":\"https:\/\/shop.bjerring-sales.dk\/wp-content\/uploads\/2023\/01\/logo_sv.png\",\"width\":195,\"height\":68,\"caption\":\"Bjerring-Sales\"},\"image\":{\"@id\":\"https:\/\/shop.bjerring-sales.dk\/#\/schema\/logo\/image\/\"}}]}<\/script>\n<!-- \/ Yoast SEO plugin. -->","yoast_head_json":{"title":"Lovisa - En klassisk br\u00f6llopsstol - Bjerring-Sales","description":"N\u00e4r formgivarna skissade p\u00e5 designen av Lovisa stolen s\u00e5 ville dom designa en stilig stapelbar stol som skulle passa in vid flera olika tillf\u00e4llen s\u00e5som br\u00f6llop, klassiskt och elegant.","robots":{"index":"index","follow":"follow","max-snippet":"max-snippet:-1","max-image-preview":"max-image-preview:large","max-video-preview":"max-video-preview:-1"},"canonical":"https:\/\/shop.bjerring-sales.dk\/da\/vare\/lovisa-brollopsstol\/","og_locale":"da_DK","og_type":"article","og_title":"Lovisa \u00e4r en klassisk stol som f\u00e5tt ett modernt uttryck!","og_description":"N\u00e4r formgivarna skissade p\u00e5 designen av Lovisa stolen s\u00e5 ville dom designa en stilig stapelbar stol som skulle passa in vid flera olika tillf\u00e4llen s\u00e5som br\u00f6llop, klassiskt och elegant.","og_url":"https:\/\/shop.bjerring-sales.dk\/da\/vare\/lovisa-brollopsstol\/","og_site_name":"Bjerring-Sales","article_modified_time":"2024-04-21T08:27:36+00:00","og_image":[{"width":800,"height":550,"url":"https:\/\/shop.bjerring-sales.dk\/wp-content\/uploads\/2022\/04\/lovisasoc.jpg","type":"image\/jpeg"}],"twitter_card":"summary_large_image","twitter_title":"Lovisa \u00e4r en klassisk stol som f\u00e5tt ett modernt uttryck!","twitter_description":"N\u00e4r formgivarna skissade p\u00e5 designen av Lovisa stolen s\u00e5 ville dom designa en stilig stapelbar stol som skulle passa in vid flera olika tillf\u00e4llen s\u00e5som br\u00f6llop, klassiskt och elegant.","twitter_image":"https:\/\/shop.bjerring-sales.dk\/wp-content\/uploads\/2022\/04\/lovisasoc.jpg","twitter_misc":{"Estimeret l\u00e6setid":"1 minut"},"schema":{"@context":"https:\/\/schema.org","@graph":[{"@type":"WebPage","@id":"https:\/\/shop.bjerring-sales.dk\/sv\/produkt\/lovisa-brollopsstol\/","url":"https:\/\/shop.bjerring-sales.dk\/sv\/produkt\/lovisa-brollopsstol\/","name":"Lovisa - En klassisk br\u00f6llopsstol - Bjerring-Sales","isPartOf":{"@id":"https:\/\/shop.bjerring-sales.dk\/#website"},"primaryImageOfPage":{"@id":"https:\/\/shop.bjerring-sales.dk\/sv\/produkt\/lovisa-brollopsstol\/#primaryimage"},"image":{"@id":"https:\/\/shop.bjerring-sales.dk\/sv\/produkt\/lovisa-brollopsstol\/#primaryimage"},"thumbnailUrl":"https:\/\/shop.bjerring-sales.dk\/wp-content\/uploads\/2024\/03\/Lovisa_vit_800x800px.jpg","datePublished":"2022-04-05T11:47:43+00:00","dateModified":"2024-04-21T08:27:36+00:00","description":"N\u00e4r formgivarna skissade p\u00e5 designen av Lovisa stolen s\u00e5 ville dom designa en stilig stapelbar stol som skulle passa in vid flera olika tillf\u00e4llen s\u00e5som br\u00f6llop, klassiskt och elegant.","breadcrumb":{"@id":"https:\/\/shop.bjerring-sales.dk\/sv\/produkt\/lovisa-brollopsstol\/#breadcrumb"},"inLanguage":"da-DK","potentialAction":[{"@type":"ReadAction","target":["https:\/\/shop.bjerring-sales.dk\/sv\/produkt\/lovisa-brollopsstol\/"]}]},{"@type":"ImageObject","inLanguage":"da-DK","@id":"https:\/\/shop.bjerring-sales.dk\/sv\/produkt\/lovisa-brollopsstol\/#primaryimage","url":"https:\/\/shop.bjerring-sales.dk\/wp-content\/uploads\/2024\/03\/Lovisa_vit_800x800px.jpg","contentUrl":"https:\/\/shop.bjerring-sales.dk\/wp-content\/uploads\/2024\/03\/Lovisa_vit_800x800px.jpg","width":800,"height":800},{"@type":"BreadcrumbList","@id":"https:\/\/shop.bjerring-sales.dk\/sv\/produkt\/lovisa-brollopsstol\/#breadcrumb","itemListElement":[{"@type":"ListItem","position":1,"name":"Hem","item":"https:\/\/shop.bjerring-sales.dk\/"},{"@type":"ListItem","position":2,"name":"Webbutik","item":"https:\/\/shop.bjerring-sales.dk\/butik\/"},{"@type":"ListItem","position":3,"name":"Lovisa &#8211; En klassisk br\u00f6llopsstol"}]},{"@type":"WebSite","@id":"https:\/\/shop.bjerring-sales.dk\/#website","url":"https:\/\/shop.bjerring-sales.dk\/","name":"Bjerring-Salg","description":"M\u00f8bler til teatre, skoler, kontorer og indk\u00f8bscentre","publisher":{"@id":"https:\/\/shop.bjerring-sales.dk\/#organization"},"potentialAction":[{"@type":"SearchAction","target":{"@type":"EntryPoint","urlTemplate":"https:\/\/shop.bjerring-sales.dk\/?s={search_term_string}"},"query-input":{"@type":"PropertyValueSpecification","valueRequired":true,"valueName":"search_term_string"}}],"inLanguage":"da-DK"},{"@type":"Organization","@id":"https:\/\/shop.bjerring-sales.dk\/#organization","name":"Bjerring-Salg","url":"https:\/\/shop.bjerring-sales.dk\/","logo":{"@type":"ImageObject","inLanguage":"da-DK","@id":"https:\/\/shop.bjerring-sales.dk\/#\/schema\/logo\/image\/","url":"https:\/\/shop.bjerring-sales.dk\/wp-content\/uploads\/2023\/01\/logo_sv.png","contentUrl":"https:\/\/shop.bjerring-sales.dk\/wp-content\/uploads\/2023\/01\/logo_sv.png","width":195,"height":68,"caption":"Bjerring-Sales"},"image":{"@id":"https:\/\/shop.bjerring-sales.dk\/#\/schema\/logo\/image\/"}}]}},"_links":{"self":[{"href":"https:\/\/shop.bjerring-sales.dk\/da\/wp-json\/wp\/v2\/product\/75717","targetHints":{"allow":["GET"]}}],"collection":[{"href":"https:\/\/shop.bjerring-sales.dk\/da\/wp-json\/wp\/v2\/product"}],"about":[{"href":"https:\/\/shop.bjerring-sales.dk\/da\/wp-json\/wp\/v2\/types\/product"}],"wp:featuredmedia":[{"embeddable":true,"href":"https:\/\/shop.bjerring-sales.dk\/da\/wp-json\/wp\/v2\/media\/95930"}],"wp:attachment":[{"href":"https:\/\/shop.bjerring-sales.dk\/da\/wp-json\/wp\/v2\/media?parent=75717"}],"wp:term":[{"taxonomy":"product_brand","embeddable":true,"href":"https:\/\/shop.bjerring-sales.dk\/da\/wp-json\/wp\/v2\/product_brand?post=75717"},{"taxonomy":"product_cat","embeddable":true,"href":"https:\/\/shop.bjerring-sales.dk\/da\/wp-json\/wp\/v2\/product_cat?post=75717"},{"taxonomy":"product_tag","embeddable":true,"href":"https:\/\/shop.bjerring-sales.dk\/da\/wp-json\/wp\/v2\/product_tag?post=75717"}],"curies":[{"name":"wp","href":"https:\/\/api.w.org\/{rel}","templated":true}]}}