{"id":75619,"date":"2022-03-23T15:13:07","date_gmt":"2022-03-23T14:13:07","guid":{"rendered":"https:\/\/pule.se\/?post_type=product&#038;p=75619"},"modified":"2026-04-16T17:02:55","modified_gmt":"2026-04-16T15:02:55","slug":"ares-140","status":"publish","type":"product","link":"https:\/\/shop.bjerring-sales.dk\/da\/vare\/ares-140\/","title":{"rendered":"Ares 140 \u2013 Et robust spisebord"},"content":{"rendered":"<div class=\"wpb-content-wrapper\"><div class=\"vc_row wpb_row vc_row-fluid\"><div class=\"wpb_column vc_column_container vc_col-sm-12\"><div class=\"vc_column-inner\"><div class=\"wpb_wrapper\">\n\t<div class=\"wpb_text_column wpb_content_element\" >\n\t\t<div class=\"wpb_wrapper\">\n\t\t\t<p><span style=\"font-size: 24pt\">Et stilfuldt og robust spisebord til b\u00e5de indend\u00f8rs og udend\u00f8rs brug<br \/>\n<\/span>Ares 140 er et enkelt, stilrent og robust rektangul\u00e6rt spisebord, der er perfekt til b\u00e5de indend\u00f8rs og udend\u00f8rs brug. Bordet har plads til 6 personer.<\/p>\n\n\t\t<\/div>\n\t<\/div>\n<\/div><\/div><\/div><\/div><div class=\"vc_row wpb_row vc_row-fluid\"><div class=\"wpb_column vc_column_container vc_col-sm-4\"><div class=\"vc_column-inner\"><div class=\"wpb_wrapper\">\n\t<div  class=\"wpb_single_image wpb_content_element vc_align_center\">\n\t\t\n\t\t<figure class=\"wpb_wrapper vc_figure\">\n\t\t\t<div class=\"vc_single_image-wrapper vc_box_shadow_border  vc_box_border_grey\"><img loading=\"lazy\" decoding=\"async\" width=\"800\" height=\"550\" src=\"https:\/\/shop.bjerring-sales.dk\/wp-content\/uploads\/2022\/03\/elj_ares_140_miljobild_10.jpg\" class=\"vc_single_image-img attachment-full\" alt=\"\" title=\"elj_ares_140_miljobild_10\" srcset=\"https:\/\/shop.bjerring-sales.dk\/wp-content\/uploads\/2022\/03\/elj_ares_140_miljobild_10.jpg 800w, https:\/\/shop.bjerring-sales.dk\/wp-content\/uploads\/2022\/03\/elj_ares_140_miljobild_10-150x103.jpg 150w, https:\/\/shop.bjerring-sales.dk\/wp-content\/uploads\/2022\/03\/elj_ares_140_miljobild_10-600x413.jpg 600w, https:\/\/shop.bjerring-sales.dk\/wp-content\/uploads\/2022\/03\/elj_ares_140_miljobild_10-300x206.jpg 300w, https:\/\/shop.bjerring-sales.dk\/wp-content\/uploads\/2022\/03\/elj_ares_140_miljobild_10-768x528.jpg 768w\" sizes=\"auto, (max-width: 800px) 100vw, 800px\" \/><\/div>\n\t\t<\/figure>\n\t<\/div>\n<\/div><\/div><\/div><div class=\"wpb_column vc_column_container vc_col-sm-4\"><div class=\"vc_column-inner\"><div class=\"wpb_wrapper\">\n\t<div  class=\"wpb_single_image wpb_content_element vc_align_center\">\n\t\t\n\t\t<figure class=\"wpb_wrapper vc_figure\">\n\t\t\t<div class=\"vc_single_image-wrapper vc_box_shadow_border  vc_box_border_grey\"><img loading=\"lazy\" decoding=\"async\" width=\"800\" height=\"550\" src=\"https:\/\/shop.bjerring-sales.dk\/wp-content\/uploads\/2022\/03\/elj_ares_140_miljobild_09.jpg\" class=\"vc_single_image-img attachment-full\" alt=\"\" title=\"elj_ares_140_miljobild_09\" srcset=\"https:\/\/shop.bjerring-sales.dk\/wp-content\/uploads\/2022\/03\/elj_ares_140_miljobild_09.jpg 800w, https:\/\/shop.bjerring-sales.dk\/wp-content\/uploads\/2022\/03\/elj_ares_140_miljobild_09-150x103.jpg 150w, https:\/\/shop.bjerring-sales.dk\/wp-content\/uploads\/2022\/03\/elj_ares_140_miljobild_09-600x413.jpg 600w, https:\/\/shop.bjerring-sales.dk\/wp-content\/uploads\/2022\/03\/elj_ares_140_miljobild_09-300x206.jpg 300w, https:\/\/shop.bjerring-sales.dk\/wp-content\/uploads\/2022\/03\/elj_ares_140_miljobild_09-768x528.jpg 768w\" sizes=\"auto, (max-width: 800px) 100vw, 800px\" \/><\/div>\n\t\t<\/figure>\n\t<\/div>\n<\/div><\/div><\/div><div class=\"wpb_column vc_column_container vc_col-sm-4\"><div class=\"vc_column-inner\"><div class=\"wpb_wrapper\">\n\t<div  class=\"wpb_single_image wpb_content_element vc_align_center\">\n\t\t\n\t\t<figure class=\"wpb_wrapper vc_figure\">\n\t\t\t<div class=\"vc_single_image-wrapper vc_box_shadow_border  vc_box_border_grey\"><img loading=\"lazy\" decoding=\"async\" width=\"800\" height=\"550\" src=\"https:\/\/shop.bjerring-sales.dk\/wp-content\/uploads\/2022\/03\/elj_ares_140_miljobild_08.jpg\" class=\"vc_single_image-img attachment-full\" alt=\"\" title=\"elj_ares_140_miljobild_08\" srcset=\"https:\/\/shop.bjerring-sales.dk\/wp-content\/uploads\/2022\/03\/elj_ares_140_miljobild_08.jpg 800w, https:\/\/shop.bjerring-sales.dk\/wp-content\/uploads\/2022\/03\/elj_ares_140_miljobild_08-150x103.jpg 150w, https:\/\/shop.bjerring-sales.dk\/wp-content\/uploads\/2022\/03\/elj_ares_140_miljobild_08-600x413.jpg 600w, https:\/\/shop.bjerring-sales.dk\/wp-content\/uploads\/2022\/03\/elj_ares_140_miljobild_08-300x206.jpg 300w, https:\/\/shop.bjerring-sales.dk\/wp-content\/uploads\/2022\/03\/elj_ares_140_miljobild_08-768x528.jpg 768w\" sizes=\"auto, (max-width: 800px) 100vw, 800px\" \/><\/div>\n\t\t<\/figure>\n\t<\/div>\n<\/div><\/div><\/div><\/div><div class=\"vc_row wpb_row vc_row-fluid\"><div class=\"wpb_column vc_column_container vc_col-sm-6\"><div class=\"vc_column-inner\"><div class=\"wpb_wrapper\">\n\t<div class=\"wpb_text_column wpb_content_element\" >\n\t\t<div class=\"wpb_wrapper\">\n\t\t\t<p><span style=\"font-size: 18pt\">Design<br \/>\n<\/span>P\u00e5 grund af sine rene linjer kan Ares 140-bordet integreres i n\u00e6sten ethvert milj\u00f8. Bordet egner sig b\u00e5de som spisebord i hjemmet samt til anretterbord, restauranter og cafeer. Ares 140 bordet er lavet af polypropylen, som er blevet forst\u00e6rket med glasfiber. Bordet er designet til at modst\u00e5 vejrets p\u00e5virkning og har aftagelige ben, som g\u00f8r det nemt at transportere og opbevare.<\/p>\n<p><span style=\"font-size: 18pt\">Farver<br \/>\n<\/span>Ares 140-bordet f\u00e5s i farver, der inkluderer lyse og neutrale toner. Bordet er lagerf\u00f8rt i sort, hvid, m\u00f8rkegr\u00e5 og taupe, men kan ved st\u00f8rre antal ogs\u00e5 bestilles i teak og brun.<\/p>\n<p><span style=\"font-size: 18pt\">Produktblad<\/span><br \/>\n<img loading=\"lazy\" decoding=\"async\" class=\"alignnone size-full wp-image-72653\" src=\"https:\/\/shop.bjerring-sales.dk\/wp-content\/uploads\/2021\/03\/PDF-doc-16.png\" alt=\"\" width=\"16\" height=\"16\" \/> <a href=\"https:\/\/elj.se\/wp-content\/uploads\/2022\/03\/Ares140_produktblad.pdf\" target=\"_blank\" rel=\"noopener\">\u00c5bn produktark<\/a><\/p>\n<p><span style=\"font-size: 18pt\">Monteringsvejledning<\/span><br \/>\n<img loading=\"lazy\" decoding=\"async\" class=\"alignnone size-full wp-image-72653\" src=\"https:\/\/shop.bjerring-sales.dk\/wp-content\/uploads\/2021\/03\/PDF-doc-16.png\" alt=\"\" width=\"16\" height=\"16\" \/> <a href=\"https:\/\/elj.se\/wp-content\/uploads\/2022\/03\/Ares140_monteringsanvisning.pdf\" target=\"_blank\" rel=\"noopener\">\u00c5bn monteringsvejledningen<\/a><\/p>\n\n\t\t<\/div>\n\t<\/div>\n<\/div><\/div><\/div><div class=\"wpb_column vc_column_container vc_col-sm-6\"><div class=\"vc_column-inner\"><div class=\"wpb_wrapper\">\n\t<div class=\"wpb_text_column wpb_content_element\" >\n\t\t<div class=\"wpb_wrapper\">\n\t\t\t<p><span style=\"font-size: 18pt\">Specifikationer<\/span><\/p>\n<ul>\n<li>Enkel og hurtig montering\/afmontering<\/li>\n<li>Plads til 6 personer<\/li>\n<li>Polypropylen forst\u00e6rket med glasfiber<\/li>\n<li>Robust<\/li>\n<li>Velegnet til b\u00e5de indend\u00f8rs og udend\u00f8rs<\/li>\n<li>UV-bestandig og vandafvisende<\/li>\n<li>Fremstillet i Europa<\/li>\n<\/ul>\n<p><img loading=\"lazy\" decoding=\"async\" class=\"alignnone size-full wp-image-75645\" src=\"https:\/\/shop.bjerring-sales.dk\/wp-content\/uploads\/2022\/03\/Ares80_kulorer.png\" alt=\"\" width=\"381\" height=\"66\" srcset=\"https:\/\/shop.bjerring-sales.dk\/wp-content\/uploads\/2022\/03\/Ares80_kulorer.png 381w, https:\/\/shop.bjerring-sales.dk\/wp-content\/uploads\/2022\/03\/Ares80_kulorer-150x26.png 150w, https:\/\/shop.bjerring-sales.dk\/wp-content\/uploads\/2022\/03\/Ares80_kulorer-300x52.png 300w\" sizes=\"auto, (max-width: 381px) 100vw, 381px\" \/><\/p>\n\n\t\t<\/div>\n\t<\/div>\n<\/div><\/div><\/div><\/div><div class=\"vc_row wpb_row vc_row-fluid\"><div class=\"wpb_column vc_column_container vc_col-sm-4\"><div class=\"vc_column-inner\"><div class=\"wpb_wrapper\">\n\t<div  class=\"wpb_single_image wpb_content_element vc_align_center\">\n\t\t\n\t\t<figure class=\"wpb_wrapper vc_figure\">\n\t\t\t<div class=\"vc_single_image-wrapper vc_box_shadow_border  vc_box_border_grey\"><img loading=\"lazy\" decoding=\"async\" width=\"800\" height=\"550\" src=\"https:\/\/shop.bjerring-sales.dk\/wp-content\/uploads\/2022\/03\/elj_ares_140_miljobild_07.jpg\" class=\"vc_single_image-img attachment-full\" alt=\"\" title=\"elj_ares_140_miljobild_07\" srcset=\"https:\/\/shop.bjerring-sales.dk\/wp-content\/uploads\/2022\/03\/elj_ares_140_miljobild_07.jpg 800w, https:\/\/shop.bjerring-sales.dk\/wp-content\/uploads\/2022\/03\/elj_ares_140_miljobild_07-150x103.jpg 150w, https:\/\/shop.bjerring-sales.dk\/wp-content\/uploads\/2022\/03\/elj_ares_140_miljobild_07-600x413.jpg 600w, https:\/\/shop.bjerring-sales.dk\/wp-content\/uploads\/2022\/03\/elj_ares_140_miljobild_07-300x206.jpg 300w, https:\/\/shop.bjerring-sales.dk\/wp-content\/uploads\/2022\/03\/elj_ares_140_miljobild_07-768x528.jpg 768w\" sizes=\"auto, (max-width: 800px) 100vw, 800px\" \/><\/div>\n\t\t<\/figure>\n\t<\/div>\n<\/div><\/div><\/div><div class=\"wpb_column vc_column_container vc_col-sm-4\"><div class=\"vc_column-inner\"><div class=\"wpb_wrapper\">\n\t<div  class=\"wpb_single_image wpb_content_element vc_align_center\">\n\t\t\n\t\t<figure class=\"wpb_wrapper vc_figure\">\n\t\t\t<div class=\"vc_single_image-wrapper vc_box_shadow_border  vc_box_border_grey\"><img loading=\"lazy\" decoding=\"async\" width=\"800\" height=\"550\" src=\"https:\/\/shop.bjerring-sales.dk\/wp-content\/uploads\/2022\/03\/elj_ares_140_miljobild_04.jpg\" class=\"vc_single_image-img attachment-full\" alt=\"\" title=\"elj_ares_140_miljobild_04\" srcset=\"https:\/\/shop.bjerring-sales.dk\/wp-content\/uploads\/2022\/03\/elj_ares_140_miljobild_04.jpg 800w, https:\/\/shop.bjerring-sales.dk\/wp-content\/uploads\/2022\/03\/elj_ares_140_miljobild_04-150x103.jpg 150w, https:\/\/shop.bjerring-sales.dk\/wp-content\/uploads\/2022\/03\/elj_ares_140_miljobild_04-600x413.jpg 600w, https:\/\/shop.bjerring-sales.dk\/wp-content\/uploads\/2022\/03\/elj_ares_140_miljobild_04-300x206.jpg 300w, https:\/\/shop.bjerring-sales.dk\/wp-content\/uploads\/2022\/03\/elj_ares_140_miljobild_04-768x528.jpg 768w\" sizes=\"auto, (max-width: 800px) 100vw, 800px\" \/><\/div>\n\t\t<\/figure>\n\t<\/div>\n<\/div><\/div><\/div><div class=\"wpb_column vc_column_container vc_col-sm-4\"><div class=\"vc_column-inner\"><div class=\"wpb_wrapper\">\n\t<div  class=\"wpb_single_image wpb_content_element vc_align_center\">\n\t\t\n\t\t<figure class=\"wpb_wrapper vc_figure\">\n\t\t\t<div class=\"vc_single_image-wrapper vc_box_shadow_border  vc_box_border_grey\"><img loading=\"lazy\" decoding=\"async\" width=\"800\" height=\"550\" src=\"https:\/\/shop.bjerring-sales.dk\/wp-content\/uploads\/2022\/03\/elj_ares_140_miljobild_03.jpg\" class=\"vc_single_image-img attachment-full\" alt=\"\" title=\"elj_ares_140_miljobild_03\" srcset=\"https:\/\/shop.bjerring-sales.dk\/wp-content\/uploads\/2022\/03\/elj_ares_140_miljobild_03.jpg 800w, https:\/\/shop.bjerring-sales.dk\/wp-content\/uploads\/2022\/03\/elj_ares_140_miljobild_03-150x103.jpg 150w, https:\/\/shop.bjerring-sales.dk\/wp-content\/uploads\/2022\/03\/elj_ares_140_miljobild_03-600x413.jpg 600w, https:\/\/shop.bjerring-sales.dk\/wp-content\/uploads\/2022\/03\/elj_ares_140_miljobild_03-300x206.jpg 300w, https:\/\/shop.bjerring-sales.dk\/wp-content\/uploads\/2022\/03\/elj_ares_140_miljobild_03-768x528.jpg 768w\" sizes=\"auto, (max-width: 800px) 100vw, 800px\" \/><\/div>\n\t\t<\/figure>\n\t<\/div>\n<\/div><\/div><\/div><\/div><div class=\"vc_row wpb_row vc_row-fluid\"><div class=\"wpb_column vc_column_container vc_col-sm-6\"><div class=\"vc_column-inner\"><div class=\"wpb_wrapper\">\n\t<div class=\"wpb_text_column wpb_content_element\" >\n\t\t<div class=\"wpb_wrapper\">\n\t\t\t<p><span style=\"font-size: 18pt\">M\u00e5l<\/span><\/p>\n<ul>\n<li>H\u00f8jde: 75 cm<\/li>\n<li>Bredde: 80 cm<\/li>\n<li>L\u00e6ngde: 140 cm<\/li>\n<\/ul>\n<p><span style=\"font-size: 18pt\">V\u00e6gt<\/span><\/p>\n<ul>\n<li>23 kg<\/li>\n<\/ul>\n<p><span style=\"font-size: 18pt\">MOQ<\/span><\/p>\n<ul>\n<li>1 stk ved bestilling af en farve, der er en del af vores standardsortiment<\/li>\n<li>10 stk\/farve ved bestilling af en farve, der ikke er en del af vores standardsortiment<\/li>\n<\/ul>\n\n\t\t<\/div>\n\t<\/div>\n<\/div><\/div><\/div><div class=\"wpb_column vc_column_container vc_col-sm-6\"><div class=\"vc_column-inner\"><div class=\"wpb_wrapper\">\n\t<div class=\"wpb_text_column wpb_content_element\" >\n\t\t<div class=\"wpb_wrapper\">\n\t\t\t<p><span style=\"font-size: 18pt\">Leverand\u00f8r\/M\u00e6rke<br \/>\n<\/span>ISILPLAST, som er ejer af SIESTA-m\u00e6rket, blev grundlagt i 1978 og har v\u00e6ret en f\u00f8rende akt\u00f8r i over 40 \u00e5r inden for plastspr\u00f8jtest\u00f8bningssegmentet. Kreativitet og teknologi, glamour og funktionalitet, kvalitet og innovation. Dette er det bem\u00e6rkelsesv\u00e6rdige og unikke s\u00e6t af faktorer, kombineret med en strategisk vision, der ikke kun fokuserer p\u00e5 produkter, men ogs\u00e5 p\u00e5 distribution, bag Siestas succes. Siesta er verdensomsp\u00e6ndende inden for brug af plastik og producerer kollektioner af stole og borde, alle designet til at v\u00e6re multifunktionelle, alsidige, brugervenlige og med et tidsl\u00f8st design.<\/p>\n\n\t\t<\/div>\n\t<\/div>\n<\/div><\/div><\/div><\/div>\n<\/div>","protected":false},"excerpt":{"rendered":"<p>P\u00e5 grund af sine rene linjer kan Ares 140-bordet integreres i n\u00e6sten ethvert milj\u00f8. Bordet egner sig b\u00e5de som spisebord i hjemmet samt til restauranter og cafeer. Ares 140 bordet er lavet af polypropylen, som er blevet forst\u00e6rket med glasfiber. Bordet er designet til at modst\u00e5 vejrets p\u00e5virkning og har aftagelige ben, som g\u00f8r det nemt at transportere og opbevare.<\/p>","protected":false},"featured_media":98065,"template":"","meta":{"iawp_total_views":38},"product_brand":[],"product_cat":[5787,6343,6357,6304,5911,6260],"product_tag":[5980,5993,6261,6263,6470],"class_list":{"0":"post-75619","1":"product","2":"type-product","3":"status-publish","4":"has-post-thumbnail","6":"product_cat-bord","7":"product_cat-bord-utomhus","8":"product_cat-siesta-exclusive","9":"product_cat-utemobler","10":"product_cat-cafebord","11":"product_cat-matbord","12":"product_tag-siesta-exclusive","13":"product_tag-matbord","14":"product_tag-matbord-6-pers","15":"product_tag-tradgardsbord","16":"product_tag-uteserveringsbord","18":"first","19":"instock","20":"taxable","21":"shipping-taxable","22":"purchasable","23":"product-type-variable"},"yoast_head":"<!-- This site is optimized with the Yoast SEO plugin v27.0 - https:\/\/yoast.com\/product\/yoast-seo-wordpress\/ -->\n<title>Ares 140 - Ett stadigt matbord - Bjerring-Sales<\/title>\n<meta name=\"description\" content=\"P\u00e5 grund av sina rena linjer kan bordet Ares 140 integreras i n\u00e4stintill alla olika milj\u00f6er. Bordet passar b\u00e5de som matbord i hemmet s\u00e5v\u00e4l som till restaurang och caf\u00e9.\" \/>\n<meta name=\"robots\" content=\"index, follow, max-snippet:-1, max-image-preview:large, max-video-preview:-1\" \/>\n<link rel=\"canonical\" href=\"https:\/\/shop.bjerring-sales.dk\/da\/vare\/ares-140\/\" \/>\n<meta property=\"og:locale\" content=\"da_DK\" \/>\n<meta property=\"og:type\" content=\"article\" \/>\n<meta property=\"og:title\" content=\"Ett snyggt och stadigt matbord f\u00f6r b\u00e5de inomhus och utomhusbruk\" \/>\n<meta property=\"og:description\" content=\"P\u00e5 grund av sina rena linjer kan bordet Ares 140 integreras i n\u00e4stintill alla olika milj\u00f6er. Bordet passar b\u00e5de som matbord i hemmet s\u00e5v\u00e4l som till restaurang och caf\u00e9.\" \/>\n<meta property=\"og:url\" content=\"https:\/\/shop.bjerring-sales.dk\/da\/vare\/ares-140\/\" \/>\n<meta property=\"og:site_name\" content=\"Bjerring-Sales\" \/>\n<meta property=\"article:modified_time\" content=\"2026-04-16T15:02:55+00:00\" \/>\n<meta property=\"og:image\" content=\"https:\/\/shop.bjerring-sales.dk\/wp-content\/uploads\/2022\/03\/elj_ares_140_miljobild_06_800x800.jpg\" \/>\n\t<meta property=\"og:image:width\" content=\"800\" \/>\n\t<meta property=\"og:image:height\" content=\"800\" \/>\n\t<meta property=\"og:image:type\" content=\"image\/jpeg\" \/>\n<meta name=\"twitter:card\" content=\"summary_large_image\" \/>\n<meta name=\"twitter:title\" content=\"Ett snyggt och stadigt matbord f\u00f6r b\u00e5de inomhus och utomhusbruk\" \/>\n<meta name=\"twitter:description\" content=\"P\u00e5 grund av sina rena linjer kan bordet Ares 140 integreras i n\u00e4stintill alla olika milj\u00f6er. Bordet passar b\u00e5de som matbord i hemmet s\u00e5v\u00e4l som till restaurang och caf\u00e9.\" \/>\n<meta name=\"twitter:image\" content=\"https:\/\/shop.bjerring-sales.dk\/wp-content\/uploads\/2022\/03\/elj_ares_140_miljobild_06_800x800.jpg\" \/>\n<meta name=\"twitter:label1\" content=\"Estimeret l\u00e6setid\" \/>\n\t<meta name=\"twitter:data1\" content=\"3 minutter\" \/>\n<script type=\"application\/ld+json\" class=\"yoast-schema-graph\">{\"@context\":\"https:\/\/schema.org\",\"@graph\":[{\"@type\":\"WebPage\",\"@id\":\"https:\/\/shop.bjerring-sales.dk\/sv\/produkt\/ares-140\/\",\"url\":\"https:\/\/shop.bjerring-sales.dk\/sv\/produkt\/ares-140\/\",\"name\":\"Ares 140 - Ett stadigt matbord - Bjerring-Sales\",\"isPartOf\":{\"@id\":\"https:\/\/shop.bjerring-sales.dk\/#website\"},\"primaryImageOfPage\":{\"@id\":\"https:\/\/shop.bjerring-sales.dk\/sv\/produkt\/ares-140\/#primaryimage\"},\"image\":{\"@id\":\"https:\/\/shop.bjerring-sales.dk\/sv\/produkt\/ares-140\/#primaryimage\"},\"thumbnailUrl\":\"https:\/\/shop.bjerring-sales.dk\/wp-content\/uploads\/2024\/07\/Ares140_morkgra_800x800.jpg\",\"datePublished\":\"2022-03-23T14:13:07+00:00\",\"dateModified\":\"2026-04-16T15:02:55+00:00\",\"description\":\"P\u00e5 grund av sina rena linjer kan bordet Ares 140 integreras i n\u00e4stintill alla olika milj\u00f6er. Bordet passar b\u00e5de som matbord i hemmet s\u00e5v\u00e4l som till restaurang och caf\u00e9.\",\"breadcrumb\":{\"@id\":\"https:\/\/shop.bjerring-sales.dk\/sv\/produkt\/ares-140\/#breadcrumb\"},\"inLanguage\":\"da-DK\",\"potentialAction\":[{\"@type\":\"ReadAction\",\"target\":[\"https:\/\/shop.bjerring-sales.dk\/sv\/produkt\/ares-140\/\"]}]},{\"@type\":\"ImageObject\",\"inLanguage\":\"da-DK\",\"@id\":\"https:\/\/shop.bjerring-sales.dk\/sv\/produkt\/ares-140\/#primaryimage\",\"url\":\"https:\/\/shop.bjerring-sales.dk\/wp-content\/uploads\/2024\/07\/Ares140_morkgra_800x800.jpg\",\"contentUrl\":\"https:\/\/shop.bjerring-sales.dk\/wp-content\/uploads\/2024\/07\/Ares140_morkgra_800x800.jpg\",\"width\":800,\"height\":800},{\"@type\":\"BreadcrumbList\",\"@id\":\"https:\/\/shop.bjerring-sales.dk\/sv\/produkt\/ares-140\/#breadcrumb\",\"itemListElement\":[{\"@type\":\"ListItem\",\"position\":1,\"name\":\"Hem\",\"item\":\"https:\/\/shop.bjerring-sales.dk\/\"},{\"@type\":\"ListItem\",\"position\":2,\"name\":\"Webbutik\",\"item\":\"https:\/\/shop.bjerring-sales.dk\/butik\/\"},{\"@type\":\"ListItem\",\"position\":3,\"name\":\"Ares 140 &#8211; Ett stadigt matbord\"}]},{\"@type\":\"WebSite\",\"@id\":\"https:\/\/shop.bjerring-sales.dk\/#website\",\"url\":\"https:\/\/shop.bjerring-sales.dk\/\",\"name\":\"Bjerring-Sales\",\"description\":\"M\u00f6bler f\u00f6r teatrar, skolor, kontor och k\u00f6pcentrum\",\"publisher\":{\"@id\":\"https:\/\/shop.bjerring-sales.dk\/#organization\"},\"potentialAction\":[{\"@type\":\"SearchAction\",\"target\":{\"@type\":\"EntryPoint\",\"urlTemplate\":\"https:\/\/shop.bjerring-sales.dk\/?s={search_term_string}\"},\"query-input\":{\"@type\":\"PropertyValueSpecification\",\"valueRequired\":true,\"valueName\":\"search_term_string\"}}],\"inLanguage\":\"da-DK\"},{\"@type\":\"Organization\",\"@id\":\"https:\/\/shop.bjerring-sales.dk\/#organization\",\"name\":\"Bjerring-Sales\",\"url\":\"https:\/\/shop.bjerring-sales.dk\/\",\"logo\":{\"@type\":\"ImageObject\",\"inLanguage\":\"da-DK\",\"@id\":\"https:\/\/shop.bjerring-sales.dk\/#\/schema\/logo\/image\/\",\"url\":\"https:\/\/shop.bjerring-sales.dk\/wp-content\/uploads\/2023\/01\/logo_sv.png\",\"contentUrl\":\"https:\/\/shop.bjerring-sales.dk\/wp-content\/uploads\/2023\/01\/logo_sv.png\",\"width\":195,\"height\":68,\"caption\":\"Bjerring-Sales\"},\"image\":{\"@id\":\"https:\/\/shop.bjerring-sales.dk\/#\/schema\/logo\/image\/\"}}]}<\/script>\n<!-- \/ Yoast SEO plugin. -->","yoast_head_json":{"title":"Ares 140 - Ett stadigt matbord - Bjerring-Sales","description":"P\u00e5 grund av sina rena linjer kan bordet Ares 140 integreras i n\u00e4stintill alla olika milj\u00f6er. Bordet passar b\u00e5de som matbord i hemmet s\u00e5v\u00e4l som till restaurang och caf\u00e9.","robots":{"index":"index","follow":"follow","max-snippet":"max-snippet:-1","max-image-preview":"max-image-preview:large","max-video-preview":"max-video-preview:-1"},"canonical":"https:\/\/shop.bjerring-sales.dk\/da\/vare\/ares-140\/","og_locale":"da_DK","og_type":"article","og_title":"Ett snyggt och stadigt matbord f\u00f6r b\u00e5de inomhus och utomhusbruk","og_description":"P\u00e5 grund av sina rena linjer kan bordet Ares 140 integreras i n\u00e4stintill alla olika milj\u00f6er. Bordet passar b\u00e5de som matbord i hemmet s\u00e5v\u00e4l som till restaurang och caf\u00e9.","og_url":"https:\/\/shop.bjerring-sales.dk\/da\/vare\/ares-140\/","og_site_name":"Bjerring-Sales","article_modified_time":"2026-04-16T15:02:55+00:00","og_image":[{"width":800,"height":800,"url":"https:\/\/shop.bjerring-sales.dk\/wp-content\/uploads\/2022\/03\/elj_ares_140_miljobild_06_800x800.jpg","type":"image\/jpeg"}],"twitter_card":"summary_large_image","twitter_title":"Ett snyggt och stadigt matbord f\u00f6r b\u00e5de inomhus och utomhusbruk","twitter_description":"P\u00e5 grund av sina rena linjer kan bordet Ares 140 integreras i n\u00e4stintill alla olika milj\u00f6er. Bordet passar b\u00e5de som matbord i hemmet s\u00e5v\u00e4l som till restaurang och caf\u00e9.","twitter_image":"https:\/\/shop.bjerring-sales.dk\/wp-content\/uploads\/2022\/03\/elj_ares_140_miljobild_06_800x800.jpg","twitter_misc":{"Estimeret l\u00e6setid":"3 minutter"},"schema":{"@context":"https:\/\/schema.org","@graph":[{"@type":"WebPage","@id":"https:\/\/shop.bjerring-sales.dk\/sv\/produkt\/ares-140\/","url":"https:\/\/shop.bjerring-sales.dk\/sv\/produkt\/ares-140\/","name":"Ares 140 - Ett stadigt matbord - Bjerring-Sales","isPartOf":{"@id":"https:\/\/shop.bjerring-sales.dk\/#website"},"primaryImageOfPage":{"@id":"https:\/\/shop.bjerring-sales.dk\/sv\/produkt\/ares-140\/#primaryimage"},"image":{"@id":"https:\/\/shop.bjerring-sales.dk\/sv\/produkt\/ares-140\/#primaryimage"},"thumbnailUrl":"https:\/\/shop.bjerring-sales.dk\/wp-content\/uploads\/2024\/07\/Ares140_morkgra_800x800.jpg","datePublished":"2022-03-23T14:13:07+00:00","dateModified":"2026-04-16T15:02:55+00:00","description":"P\u00e5 grund av sina rena linjer kan bordet Ares 140 integreras i n\u00e4stintill alla olika milj\u00f6er. Bordet passar b\u00e5de som matbord i hemmet s\u00e5v\u00e4l som till restaurang och caf\u00e9.","breadcrumb":{"@id":"https:\/\/shop.bjerring-sales.dk\/sv\/produkt\/ares-140\/#breadcrumb"},"inLanguage":"da-DK","potentialAction":[{"@type":"ReadAction","target":["https:\/\/shop.bjerring-sales.dk\/sv\/produkt\/ares-140\/"]}]},{"@type":"ImageObject","inLanguage":"da-DK","@id":"https:\/\/shop.bjerring-sales.dk\/sv\/produkt\/ares-140\/#primaryimage","url":"https:\/\/shop.bjerring-sales.dk\/wp-content\/uploads\/2024\/07\/Ares140_morkgra_800x800.jpg","contentUrl":"https:\/\/shop.bjerring-sales.dk\/wp-content\/uploads\/2024\/07\/Ares140_morkgra_800x800.jpg","width":800,"height":800},{"@type":"BreadcrumbList","@id":"https:\/\/shop.bjerring-sales.dk\/sv\/produkt\/ares-140\/#breadcrumb","itemListElement":[{"@type":"ListItem","position":1,"name":"Hem","item":"https:\/\/shop.bjerring-sales.dk\/"},{"@type":"ListItem","position":2,"name":"Webbutik","item":"https:\/\/shop.bjerring-sales.dk\/butik\/"},{"@type":"ListItem","position":3,"name":"Ares 140 &#8211; Ett stadigt matbord"}]},{"@type":"WebSite","@id":"https:\/\/shop.bjerring-sales.dk\/#website","url":"https:\/\/shop.bjerring-sales.dk\/","name":"Bjerring-Salg","description":"M\u00f8bler til teatre, skoler, kontorer og indk\u00f8bscentre","publisher":{"@id":"https:\/\/shop.bjerring-sales.dk\/#organization"},"potentialAction":[{"@type":"SearchAction","target":{"@type":"EntryPoint","urlTemplate":"https:\/\/shop.bjerring-sales.dk\/?s={search_term_string}"},"query-input":{"@type":"PropertyValueSpecification","valueRequired":true,"valueName":"search_term_string"}}],"inLanguage":"da-DK"},{"@type":"Organization","@id":"https:\/\/shop.bjerring-sales.dk\/#organization","name":"Bjerring-Salg","url":"https:\/\/shop.bjerring-sales.dk\/","logo":{"@type":"ImageObject","inLanguage":"da-DK","@id":"https:\/\/shop.bjerring-sales.dk\/#\/schema\/logo\/image\/","url":"https:\/\/shop.bjerring-sales.dk\/wp-content\/uploads\/2023\/01\/logo_sv.png","contentUrl":"https:\/\/shop.bjerring-sales.dk\/wp-content\/uploads\/2023\/01\/logo_sv.png","width":195,"height":68,"caption":"Bjerring-Sales"},"image":{"@id":"https:\/\/shop.bjerring-sales.dk\/#\/schema\/logo\/image\/"}}]}},"_links":{"self":[{"href":"https:\/\/shop.bjerring-sales.dk\/da\/wp-json\/wp\/v2\/product\/75619","targetHints":{"allow":["GET"]}}],"collection":[{"href":"https:\/\/shop.bjerring-sales.dk\/da\/wp-json\/wp\/v2\/product"}],"about":[{"href":"https:\/\/shop.bjerring-sales.dk\/da\/wp-json\/wp\/v2\/types\/product"}],"wp:featuredmedia":[{"embeddable":true,"href":"https:\/\/shop.bjerring-sales.dk\/da\/wp-json\/wp\/v2\/media\/98065"}],"wp:attachment":[{"href":"https:\/\/shop.bjerring-sales.dk\/da\/wp-json\/wp\/v2\/media?parent=75619"}],"wp:term":[{"taxonomy":"product_brand","embeddable":true,"href":"https:\/\/shop.bjerring-sales.dk\/da\/wp-json\/wp\/v2\/product_brand?post=75619"},{"taxonomy":"product_cat","embeddable":true,"href":"https:\/\/shop.bjerring-sales.dk\/da\/wp-json\/wp\/v2\/product_cat?post=75619"},{"taxonomy":"product_tag","embeddable":true,"href":"https:\/\/shop.bjerring-sales.dk\/da\/wp-json\/wp\/v2\/product_tag?post=75619"}],"curies":[{"name":"wp","href":"https:\/\/api.w.org\/{rel}","templated":true}]}}