{"id":75609,"date":"2022-03-22T18:27:56","date_gmt":"2022-03-22T17:27:56","guid":{"rendered":"https:\/\/pule.se\/?post_type=product&#038;p=75609"},"modified":"2026-04-16T17:20:33","modified_gmt":"2026-04-16T15:20:33","slug":"ares-80-ett-robust-matbord","status":"publish","type":"product","link":"https:\/\/shop.bjerring-sales.dk\/da\/vare\/ares-80-ett-robust-matbord\/","title":{"rendered":"Ares 80 \u2013 Et robust spisebord"},"content":{"rendered":"<div class=\"wpb-content-wrapper\"><div class=\"vc_row wpb_row vc_row-fluid\"><div class=\"wpb_column vc_column_container vc_col-sm-12\"><div class=\"vc_column-inner\"><div class=\"wpb_wrapper\">\n\t<div class=\"wpb_text_column wpb_content_element\" >\n\t\t<div class=\"wpb_wrapper\">\n\t\t\t<p><span style=\"font-size: 24pt\">Et robust og stilrent firkantet bord, der passer ind i alle milj\u00f8er!<\/span><br \/>\nAres 80 er et elegant, stilrent og robust firkantet spisebord, der er perfekt til b\u00e5de indend\u00f8rs og udend\u00f8rs brug. Bordet har plads til fire personer.<\/p>\n\n\t\t<\/div>\n\t<\/div>\n<\/div><\/div><\/div><\/div><div class=\"vc_row wpb_row vc_row-fluid\"><div class=\"wpb_column vc_column_container vc_col-sm-4\"><div class=\"vc_column-inner\"><div class=\"wpb_wrapper\">\n\t<div  class=\"wpb_single_image wpb_content_element vc_align_center\">\n\t\t\n\t\t<figure class=\"wpb_wrapper vc_figure\">\n\t\t\t<div class=\"vc_single_image-wrapper vc_box_shadow_border  vc_box_border_grey\"><img loading=\"lazy\" decoding=\"async\" width=\"800\" height=\"550\" src=\"https:\/\/shop.bjerring-sales.dk\/wp-content\/uploads\/2022\/03\/elj_ares_80_miljobild_18.jpg\" class=\"vc_single_image-img attachment-full\" alt=\"\" title=\"elj_ares_80_miljobild_18\" srcset=\"https:\/\/shop.bjerring-sales.dk\/wp-content\/uploads\/2022\/03\/elj_ares_80_miljobild_18.jpg 800w, https:\/\/shop.bjerring-sales.dk\/wp-content\/uploads\/2022\/03\/elj_ares_80_miljobild_18-150x103.jpg 150w, https:\/\/shop.bjerring-sales.dk\/wp-content\/uploads\/2022\/03\/elj_ares_80_miljobild_18-600x413.jpg 600w, https:\/\/shop.bjerring-sales.dk\/wp-content\/uploads\/2022\/03\/elj_ares_80_miljobild_18-300x206.jpg 300w, https:\/\/shop.bjerring-sales.dk\/wp-content\/uploads\/2022\/03\/elj_ares_80_miljobild_18-768x528.jpg 768w\" sizes=\"auto, (max-width: 800px) 100vw, 800px\" \/><\/div>\n\t\t<\/figure>\n\t<\/div>\n<\/div><\/div><\/div><div class=\"wpb_column vc_column_container vc_col-sm-4\"><div class=\"vc_column-inner\"><div class=\"wpb_wrapper\">\n\t<div  class=\"wpb_single_image wpb_content_element vc_align_center\">\n\t\t\n\t\t<figure class=\"wpb_wrapper vc_figure\">\n\t\t\t<div class=\"vc_single_image-wrapper vc_box_shadow_border  vc_box_border_grey\"><img loading=\"lazy\" decoding=\"async\" width=\"800\" height=\"550\" src=\"https:\/\/shop.bjerring-sales.dk\/wp-content\/uploads\/2022\/03\/elj_ares_80_miljobild_15.jpg\" class=\"vc_single_image-img attachment-full\" alt=\"\" title=\"elj_ares_80_miljobild_15\" srcset=\"https:\/\/shop.bjerring-sales.dk\/wp-content\/uploads\/2022\/03\/elj_ares_80_miljobild_15.jpg 800w, https:\/\/shop.bjerring-sales.dk\/wp-content\/uploads\/2022\/03\/elj_ares_80_miljobild_15-150x103.jpg 150w, https:\/\/shop.bjerring-sales.dk\/wp-content\/uploads\/2022\/03\/elj_ares_80_miljobild_15-600x413.jpg 600w, https:\/\/shop.bjerring-sales.dk\/wp-content\/uploads\/2022\/03\/elj_ares_80_miljobild_15-300x206.jpg 300w, https:\/\/shop.bjerring-sales.dk\/wp-content\/uploads\/2022\/03\/elj_ares_80_miljobild_15-768x528.jpg 768w\" sizes=\"auto, (max-width: 800px) 100vw, 800px\" \/><\/div>\n\t\t<\/figure>\n\t<\/div>\n<\/div><\/div><\/div><div class=\"wpb_column vc_column_container vc_col-sm-4\"><div class=\"vc_column-inner\"><div class=\"wpb_wrapper\">\n\t<div  class=\"wpb_single_image wpb_content_element vc_align_center\">\n\t\t\n\t\t<figure class=\"wpb_wrapper vc_figure\">\n\t\t\t<div class=\"vc_single_image-wrapper vc_box_shadow_border  vc_box_border_grey\"><img loading=\"lazy\" decoding=\"async\" width=\"800\" height=\"550\" src=\"https:\/\/shop.bjerring-sales.dk\/wp-content\/uploads\/2022\/03\/elj_ares_80_miljobild_11.jpg\" class=\"vc_single_image-img attachment-full\" alt=\"\" title=\"elj_ares_80_miljobild_11\" srcset=\"https:\/\/shop.bjerring-sales.dk\/wp-content\/uploads\/2022\/03\/elj_ares_80_miljobild_11.jpg 800w, https:\/\/shop.bjerring-sales.dk\/wp-content\/uploads\/2022\/03\/elj_ares_80_miljobild_11-150x103.jpg 150w, https:\/\/shop.bjerring-sales.dk\/wp-content\/uploads\/2022\/03\/elj_ares_80_miljobild_11-600x413.jpg 600w, https:\/\/shop.bjerring-sales.dk\/wp-content\/uploads\/2022\/03\/elj_ares_80_miljobild_11-300x206.jpg 300w, https:\/\/shop.bjerring-sales.dk\/wp-content\/uploads\/2022\/03\/elj_ares_80_miljobild_11-768x528.jpg 768w\" sizes=\"auto, (max-width: 800px) 100vw, 800px\" \/><\/div>\n\t\t<\/figure>\n\t<\/div>\n<\/div><\/div><\/div><\/div><div class=\"vc_row wpb_row vc_row-fluid\"><div class=\"wpb_column vc_column_container vc_col-sm-6\"><div class=\"vc_column-inner\"><div class=\"wpb_wrapper\">\n\t<div class=\"wpb_text_column wpb_content_element\" >\n\t\t<div class=\"wpb_wrapper\">\n\t\t\t<p><span style=\"font-size: 18pt\">Design<br \/>\n<\/span>P\u00e5 grund af dets enkelthed og rene linjer kan Ares 80-bordet integreres i n\u00e6sten ethvert milj\u00f8. Bordet egner sig b\u00e5de til den private terrasse samt til indk\u00f8b, restaurant og cafe. Ares 80 bordet er lavet af polypropylen, der er blevet forst\u00e6rket med glasfiber. Bordet er designet til at modst\u00e5 vejrets p\u00e5virkning og har aftagelige ben, som g\u00f8r det nemt at transportere og opbevare.<\/p>\n<p><span style=\"font-size: 18pt\">Farver<br \/>\n<\/span>Ares 80-bordet f\u00e5s i farver, der inkluderer lyse og neutrale toner. Bordet er lagerf\u00f8rt i sort, hvid, m\u00f8rkegr\u00e5 og taupe, men kan ved st\u00f8rre antal ogs\u00e5 bestilles i teak og brun.<\/p>\n<p><span style=\"font-size: 18pt\">Produktblad<\/span><br \/>\n<img loading=\"lazy\" decoding=\"async\" class=\"alignnone size-full wp-image-72653\" src=\"https:\/\/shop.bjerring-sales.dk\/wp-content\/uploads\/2021\/03\/PDF-doc-16.png\" alt=\"\" width=\"16\" height=\"16\" \/> <a href=\"https:\/\/elj.se\/wp-content\/uploads\/2022\/03\/Ares80_produktblad.pdf\" target=\"_blank\" rel=\"noopener\">\u00c5bn produktark<\/a><\/p>\n<p><span style=\"font-size: 18pt\">Monteringsvejledning<\/span><br \/>\n<img loading=\"lazy\" decoding=\"async\" class=\"alignnone size-full wp-image-72653\" src=\"https:\/\/shop.bjerring-sales.dk\/wp-content\/uploads\/2021\/03\/PDF-doc-16.png\" alt=\"\" width=\"16\" height=\"16\" \/> <a href=\"https:\/\/elj.se\/wp-content\/uploads\/2022\/03\/Ares80_monteringsanvisning.pdf\" target=\"_blank\" rel=\"noopener\">\u00c5bn monteringsvejledningen<\/a><\/p>\n\n\t\t<\/div>\n\t<\/div>\n<\/div><\/div><\/div><div class=\"wpb_column vc_column_container vc_col-sm-6\"><div class=\"vc_column-inner\"><div class=\"wpb_wrapper\">\n\t<div class=\"wpb_text_column wpb_content_element\" >\n\t\t<div class=\"wpb_wrapper\">\n\t\t\t<p><span style=\"font-size: 18pt\">Specifikationer<\/span><\/p>\n<ul>\n<li>Enkel og hurtig montering\/afmontering<\/li>\n<li>Polypropylen forst\u00e6rket med glasfiber<\/li>\n<li>Robust<\/li>\n<li>Velegnet til b\u00e5de indend\u00f8rs og udend\u00f8rs<\/li>\n<li>UV-bestandig og vandafvisende<\/li>\n<li>Fremstillet i Europa<\/li>\n<\/ul>\n<p><img loading=\"lazy\" decoding=\"async\" class=\"alignnone size-full wp-image-75645\" src=\"https:\/\/shop.bjerring-sales.dk\/wp-content\/uploads\/2022\/03\/Ares80_kulorer.png\" alt=\"\" width=\"381\" height=\"66\" srcset=\"https:\/\/shop.bjerring-sales.dk\/wp-content\/uploads\/2022\/03\/Ares80_kulorer.png 381w, https:\/\/shop.bjerring-sales.dk\/wp-content\/uploads\/2022\/03\/Ares80_kulorer-150x26.png 150w, https:\/\/shop.bjerring-sales.dk\/wp-content\/uploads\/2022\/03\/Ares80_kulorer-300x52.png 300w\" sizes=\"auto, (max-width: 381px) 100vw, 381px\" \/><\/p>\n\n\t\t<\/div>\n\t<\/div>\n<\/div><\/div><\/div><\/div><div class=\"vc_row wpb_row vc_row-fluid\"><div class=\"wpb_column vc_column_container vc_col-sm-4\"><div class=\"vc_column-inner\"><div class=\"wpb_wrapper\">\n\t<div  class=\"wpb_single_image wpb_content_element vc_align_center\">\n\t\t\n\t\t<figure class=\"wpb_wrapper vc_figure\">\n\t\t\t<div class=\"vc_single_image-wrapper vc_box_shadow_border  vc_box_border_grey\"><img loading=\"lazy\" decoding=\"async\" width=\"800\" height=\"550\" src=\"https:\/\/shop.bjerring-sales.dk\/wp-content\/uploads\/2022\/03\/elj_ares_80_miljobild_06.jpg\" class=\"vc_single_image-img attachment-full\" alt=\"\" title=\"elj_ares_80_miljobild_06\" srcset=\"https:\/\/shop.bjerring-sales.dk\/wp-content\/uploads\/2022\/03\/elj_ares_80_miljobild_06.jpg 800w, https:\/\/shop.bjerring-sales.dk\/wp-content\/uploads\/2022\/03\/elj_ares_80_miljobild_06-150x103.jpg 150w, https:\/\/shop.bjerring-sales.dk\/wp-content\/uploads\/2022\/03\/elj_ares_80_miljobild_06-600x413.jpg 600w, https:\/\/shop.bjerring-sales.dk\/wp-content\/uploads\/2022\/03\/elj_ares_80_miljobild_06-300x206.jpg 300w, https:\/\/shop.bjerring-sales.dk\/wp-content\/uploads\/2022\/03\/elj_ares_80_miljobild_06-768x528.jpg 768w\" sizes=\"auto, (max-width: 800px) 100vw, 800px\" \/><\/div>\n\t\t<\/figure>\n\t<\/div>\n<\/div><\/div><\/div><div class=\"wpb_column vc_column_container vc_col-sm-4\"><div class=\"vc_column-inner\"><div class=\"wpb_wrapper\">\n\t<div  class=\"wpb_single_image wpb_content_element vc_align_center\">\n\t\t\n\t\t<figure class=\"wpb_wrapper vc_figure\">\n\t\t\t<div class=\"vc_single_image-wrapper vc_box_shadow_border  vc_box_border_grey\"><img loading=\"lazy\" decoding=\"async\" width=\"800\" height=\"550\" src=\"https:\/\/shop.bjerring-sales.dk\/wp-content\/uploads\/2022\/03\/elj_ares_80_miljobild_03.jpg\" class=\"vc_single_image-img attachment-full\" alt=\"\" title=\"elj_ares_80_miljobild_03\" srcset=\"https:\/\/shop.bjerring-sales.dk\/wp-content\/uploads\/2022\/03\/elj_ares_80_miljobild_03.jpg 800w, https:\/\/shop.bjerring-sales.dk\/wp-content\/uploads\/2022\/03\/elj_ares_80_miljobild_03-150x103.jpg 150w, https:\/\/shop.bjerring-sales.dk\/wp-content\/uploads\/2022\/03\/elj_ares_80_miljobild_03-600x413.jpg 600w, https:\/\/shop.bjerring-sales.dk\/wp-content\/uploads\/2022\/03\/elj_ares_80_miljobild_03-300x206.jpg 300w, https:\/\/shop.bjerring-sales.dk\/wp-content\/uploads\/2022\/03\/elj_ares_80_miljobild_03-768x528.jpg 768w\" sizes=\"auto, (max-width: 800px) 100vw, 800px\" \/><\/div>\n\t\t<\/figure>\n\t<\/div>\n<\/div><\/div><\/div><div class=\"wpb_column vc_column_container vc_col-sm-4\"><div class=\"vc_column-inner\"><div class=\"wpb_wrapper\">\n\t<div  class=\"wpb_single_image wpb_content_element vc_align_center\">\n\t\t\n\t\t<figure class=\"wpb_wrapper vc_figure\">\n\t\t\t<div class=\"vc_single_image-wrapper vc_box_shadow_border  vc_box_border_grey\"><img loading=\"lazy\" decoding=\"async\" width=\"800\" height=\"550\" src=\"https:\/\/shop.bjerring-sales.dk\/wp-content\/uploads\/2022\/03\/elj_ares_80_miljobild_01.jpg\" class=\"vc_single_image-img attachment-full\" alt=\"\" title=\"elj_ares_80_miljobild_01\" srcset=\"https:\/\/shop.bjerring-sales.dk\/wp-content\/uploads\/2022\/03\/elj_ares_80_miljobild_01.jpg 800w, https:\/\/shop.bjerring-sales.dk\/wp-content\/uploads\/2022\/03\/elj_ares_80_miljobild_01-150x103.jpg 150w, https:\/\/shop.bjerring-sales.dk\/wp-content\/uploads\/2022\/03\/elj_ares_80_miljobild_01-600x413.jpg 600w, https:\/\/shop.bjerring-sales.dk\/wp-content\/uploads\/2022\/03\/elj_ares_80_miljobild_01-300x206.jpg 300w, https:\/\/shop.bjerring-sales.dk\/wp-content\/uploads\/2022\/03\/elj_ares_80_miljobild_01-768x528.jpg 768w\" sizes=\"auto, (max-width: 800px) 100vw, 800px\" \/><\/div>\n\t\t<\/figure>\n\t<\/div>\n<\/div><\/div><\/div><\/div><div class=\"vc_row wpb_row vc_row-fluid\"><div class=\"wpb_column vc_column_container vc_col-sm-6\"><div class=\"vc_column-inner\"><div class=\"wpb_wrapper\">\n\t<div class=\"wpb_text_column wpb_content_element\" >\n\t\t<div class=\"wpb_wrapper\">\n\t\t\t<p><span style=\"font-size: 18pt\">M\u00e5l<\/span><\/p>\n<ul>\n<li>H\u00f8jde: 75 cm<\/li>\n<li>Bredde: 80 cm<\/li>\n<li>Dybde: 80 cm<\/li>\n<\/ul>\n<p><span style=\"font-size: 18pt\">V\u00e6gt<\/span><\/p>\n<ul>\n<li>14 kg<\/li>\n<\/ul>\n<p><span style=\"font-size: 18pt\">MOQ<\/span><\/p>\n<ul>\n<li>1 stk ved bestilling af en farve, der er en del af vores standardsortiment<\/li>\n<li>10 stk\/farve ved bestilling af en farve, der ikke er en del af vores standardsortiment<\/li>\n<\/ul>\n\n\t\t<\/div>\n\t<\/div>\n<\/div><\/div><\/div><div class=\"wpb_column vc_column_container vc_col-sm-6\"><div class=\"vc_column-inner\"><div class=\"wpb_wrapper\">\n\t<div class=\"wpb_text_column wpb_content_element\" >\n\t\t<div class=\"wpb_wrapper\">\n\t\t\t<p><span style=\"font-size: 18pt\">Leverand\u00f8r\/M\u00e6rke<br \/>\n<\/span>ISILPLAST, som er ejer af SIESTA-m\u00e6rket, blev grundlagt i 1978 og har v\u00e6ret en f\u00f8rende akt\u00f8r i over 40 \u00e5r inden for plastspr\u00f8jtest\u00f8bningssegmentet. Kreativitet og teknologi, glamour og funktionalitet, kvalitet og innovation. Dette er det bem\u00e6rkelsesv\u00e6rdige og unikke s\u00e6t af faktorer, kombineret med en strategisk vision, der ikke kun fokuserer p\u00e5 produkter, men ogs\u00e5 p\u00e5 distribution, bag Siestas succes. Siesta er verdensomsp\u00e6ndende inden for brug af plastik og producerer kollektioner af stole og borde, alle designet til at v\u00e6re multifunktionelle, alsidige, brugervenlige og med et tidsl\u00f8st design.<\/p>\n\n\t\t<\/div>\n\t<\/div>\n<\/div><\/div><\/div><\/div>\n<\/div>","protected":false},"excerpt":{"rendered":"<p>Ares 80 bordet er lavet af polypropylen, der er blevet forst\u00e6rket med glasfiber. Bordet er designet til at modst\u00e5 vejrets p\u00e5virkning og har aftagelige ben, som g\u00f8r det nemt at transportere og opbevare.<\/p>","protected":false},"featured_media":98070,"template":"","meta":{"iawp_total_views":11},"product_brand":[],"product_cat":[5787,6343,6357,6304,5911,6260],"product_tag":[5980,5993,6256,6470],"class_list":{"0":"post-75609","1":"product","2":"type-product","3":"status-publish","4":"has-post-thumbnail","6":"product_cat-bord","7":"product_cat-bord-utomhus","8":"product_cat-siesta-exclusive","9":"product_cat-utemobler","10":"product_cat-cafebord","11":"product_cat-matbord","12":"product_tag-siesta-exclusive","13":"product_tag-matbord","14":"product_tag-fyrkantigt-bord","15":"product_tag-uteserveringsbord","17":"first","18":"instock","19":"taxable","20":"shipping-taxable","21":"purchasable","22":"product-type-variable"},"yoast_head":"<!-- This site is optimized with the Yoast SEO plugin v27.0 - https:\/\/yoast.com\/product\/yoast-seo-wordpress\/ -->\n<title>Ares 80 - Ett robust matbord - Bjerring-Sales<\/title>\n<meta name=\"description\" content=\"Ares 80 bordet \u00e4r tillverkat av Polypropen som har f\u00f6rst\u00e4rkts med glasfiber. Bordet \u00e4r designad f\u00f6r att motst\u00e5 v\u00e4derp\u00e5verkan och har avtagbara ben vilket g\u00f6r det smidigt att transportera och f\u00f6rvara.\" \/>\n<meta name=\"robots\" content=\"index, follow, max-snippet:-1, max-image-preview:large, max-video-preview:-1\" \/>\n<link rel=\"canonical\" href=\"https:\/\/shop.bjerring-sales.dk\/da\/vare\/ares-80-ett-robust-matbord\/\" \/>\n<meta property=\"og:locale\" content=\"da_DK\" \/>\n<meta property=\"og:type\" content=\"article\" \/>\n<meta property=\"og:title\" content=\"Ares 80 - Ett stilrent fyrkantigt bord som passar in i alla milj\u00f6er!\" \/>\n<meta property=\"og:description\" content=\"Ares 80 bordet \u00e4r tillverkat av Polypropen som har f\u00f6rst\u00e4rkts med glasfiber. Bordet \u00e4r designad f\u00f6r att motst\u00e5 v\u00e4derp\u00e5verkan och har avtagbara ben vilket g\u00f6r det smidigt att transportera och f\u00f6rvara.\" \/>\n<meta property=\"og:url\" content=\"https:\/\/shop.bjerring-sales.dk\/da\/vare\/ares-80-ett-robust-matbord\/\" \/>\n<meta property=\"og:site_name\" content=\"Bjerring-Sales\" \/>\n<meta property=\"article:modified_time\" content=\"2026-04-16T15:20:33+00:00\" \/>\n<meta property=\"og:image\" content=\"https:\/\/shop.bjerring-sales.dk\/wp-content\/uploads\/2022\/03\/elj_ares_80_miljobild_800x800.jpg\" \/>\n\t<meta property=\"og:image:width\" content=\"800\" \/>\n\t<meta property=\"og:image:height\" content=\"800\" \/>\n\t<meta property=\"og:image:type\" content=\"image\/jpeg\" \/>\n<meta name=\"twitter:card\" content=\"summary_large_image\" \/>\n<meta name=\"twitter:title\" content=\"Ares 80 - Ett stilrent fyrkantigt bord som passar in i alla milj\u00f6er!\" \/>\n<meta name=\"twitter:description\" content=\"Ares 80 bordet \u00e4r tillverkat av Polypropen som har f\u00f6rst\u00e4rkts med glasfiber. Bordet \u00e4r designad f\u00f6r att motst\u00e5 v\u00e4derp\u00e5verkan och har avtagbara ben vilket g\u00f6r det smidigt att transportera och f\u00f6rvara.\" \/>\n<meta name=\"twitter:image\" content=\"https:\/\/shop.bjerring-sales.dk\/wp-content\/uploads\/2022\/03\/elj_ares_80_miljobild_800x800.jpg\" \/>\n<meta name=\"twitter:label1\" content=\"Estimeret l\u00e6setid\" \/>\n\t<meta name=\"twitter:data1\" content=\"3 minutter\" \/>\n<script type=\"application\/ld+json\" class=\"yoast-schema-graph\">{\"@context\":\"https:\/\/schema.org\",\"@graph\":[{\"@type\":\"WebPage\",\"@id\":\"https:\/\/shop.bjerring-sales.dk\/sv\/produkt\/ares-80-ett-robust-matbord\/\",\"url\":\"https:\/\/shop.bjerring-sales.dk\/sv\/produkt\/ares-80-ett-robust-matbord\/\",\"name\":\"Ares 80 - Ett robust matbord - Bjerring-Sales\",\"isPartOf\":{\"@id\":\"https:\/\/shop.bjerring-sales.dk\/#website\"},\"primaryImageOfPage\":{\"@id\":\"https:\/\/shop.bjerring-sales.dk\/sv\/produkt\/ares-80-ett-robust-matbord\/#primaryimage\"},\"image\":{\"@id\":\"https:\/\/shop.bjerring-sales.dk\/sv\/produkt\/ares-80-ett-robust-matbord\/#primaryimage\"},\"thumbnailUrl\":\"https:\/\/shop.bjerring-sales.dk\/wp-content\/uploads\/2024\/07\/Ares80_taupe_800x800.jpg\",\"datePublished\":\"2022-03-22T17:27:56+00:00\",\"dateModified\":\"2026-04-16T15:20:33+00:00\",\"description\":\"Ares 80 bordet \u00e4r tillverkat av Polypropen som har f\u00f6rst\u00e4rkts med glasfiber. Bordet \u00e4r designad f\u00f6r att motst\u00e5 v\u00e4derp\u00e5verkan och har avtagbara ben vilket g\u00f6r det smidigt att transportera och f\u00f6rvara.\",\"breadcrumb\":{\"@id\":\"https:\/\/shop.bjerring-sales.dk\/sv\/produkt\/ares-80-ett-robust-matbord\/#breadcrumb\"},\"inLanguage\":\"da-DK\",\"potentialAction\":[{\"@type\":\"ReadAction\",\"target\":[\"https:\/\/shop.bjerring-sales.dk\/sv\/produkt\/ares-80-ett-robust-matbord\/\"]}]},{\"@type\":\"ImageObject\",\"inLanguage\":\"da-DK\",\"@id\":\"https:\/\/shop.bjerring-sales.dk\/sv\/produkt\/ares-80-ett-robust-matbord\/#primaryimage\",\"url\":\"https:\/\/shop.bjerring-sales.dk\/wp-content\/uploads\/2024\/07\/Ares80_taupe_800x800.jpg\",\"contentUrl\":\"https:\/\/shop.bjerring-sales.dk\/wp-content\/uploads\/2024\/07\/Ares80_taupe_800x800.jpg\",\"width\":800,\"height\":800},{\"@type\":\"BreadcrumbList\",\"@id\":\"https:\/\/shop.bjerring-sales.dk\/sv\/produkt\/ares-80-ett-robust-matbord\/#breadcrumb\",\"itemListElement\":[{\"@type\":\"ListItem\",\"position\":1,\"name\":\"Hem\",\"item\":\"https:\/\/shop.bjerring-sales.dk\/\"},{\"@type\":\"ListItem\",\"position\":2,\"name\":\"Webbutik\",\"item\":\"https:\/\/shop.bjerring-sales.dk\/butik\/\"},{\"@type\":\"ListItem\",\"position\":3,\"name\":\"Ares 80 &#8211; Ett robust matbord\"}]},{\"@type\":\"WebSite\",\"@id\":\"https:\/\/shop.bjerring-sales.dk\/#website\",\"url\":\"https:\/\/shop.bjerring-sales.dk\/\",\"name\":\"Bjerring-Sales\",\"description\":\"M\u00f6bler f\u00f6r teatrar, skolor, kontor och k\u00f6pcentrum\",\"publisher\":{\"@id\":\"https:\/\/shop.bjerring-sales.dk\/#organization\"},\"potentialAction\":[{\"@type\":\"SearchAction\",\"target\":{\"@type\":\"EntryPoint\",\"urlTemplate\":\"https:\/\/shop.bjerring-sales.dk\/?s={search_term_string}\"},\"query-input\":{\"@type\":\"PropertyValueSpecification\",\"valueRequired\":true,\"valueName\":\"search_term_string\"}}],\"inLanguage\":\"da-DK\"},{\"@type\":\"Organization\",\"@id\":\"https:\/\/shop.bjerring-sales.dk\/#organization\",\"name\":\"Bjerring-Sales\",\"url\":\"https:\/\/shop.bjerring-sales.dk\/\",\"logo\":{\"@type\":\"ImageObject\",\"inLanguage\":\"da-DK\",\"@id\":\"https:\/\/shop.bjerring-sales.dk\/#\/schema\/logo\/image\/\",\"url\":\"https:\/\/shop.bjerring-sales.dk\/wp-content\/uploads\/2023\/01\/logo_sv.png\",\"contentUrl\":\"https:\/\/shop.bjerring-sales.dk\/wp-content\/uploads\/2023\/01\/logo_sv.png\",\"width\":195,\"height\":68,\"caption\":\"Bjerring-Sales\"},\"image\":{\"@id\":\"https:\/\/shop.bjerring-sales.dk\/#\/schema\/logo\/image\/\"}}]}<\/script>\n<!-- \/ Yoast SEO plugin. -->","yoast_head_json":{"title":"Ares 80 - Ett robust matbord - Bjerring-Sales","description":"Ares 80 bordet er lavet af polypropylen, der er blevet forst\u00e6rket med glasfiber. Bordet er designet til at modst\u00e5 vejrets p\u00e5virkning og har aftagelige ben, som g\u00f8r det nemt at transportere og opbevare.","robots":{"index":"index","follow":"follow","max-snippet":"max-snippet:-1","max-image-preview":"max-image-preview:large","max-video-preview":"max-video-preview:-1"},"canonical":"https:\/\/shop.bjerring-sales.dk\/da\/vare\/ares-80-ett-robust-matbord\/","og_locale":"da_DK","og_type":"article","og_title":"Ares 80 - Ett stilrent fyrkantigt bord som passar in i alla milj\u00f6er!","og_description":"Ares 80 bordet \u00e4r tillverkat av Polypropen som har f\u00f6rst\u00e4rkts med glasfiber. Bordet \u00e4r designad f\u00f6r att motst\u00e5 v\u00e4derp\u00e5verkan och har avtagbara ben vilket g\u00f6r det smidigt att transportera och f\u00f6rvara.","og_url":"https:\/\/shop.bjerring-sales.dk\/da\/vare\/ares-80-ett-robust-matbord\/","og_site_name":"Bjerring-Sales","article_modified_time":"2026-04-16T15:20:33+00:00","og_image":[{"width":800,"height":800,"url":"https:\/\/shop.bjerring-sales.dk\/wp-content\/uploads\/2022\/03\/elj_ares_80_miljobild_800x800.jpg","type":"image\/jpeg"}],"twitter_card":"summary_large_image","twitter_title":"Ares 80 - Ett stilrent fyrkantigt bord som passar in i alla milj\u00f6er!","twitter_description":"Ares 80 bordet \u00e4r tillverkat av Polypropen som har f\u00f6rst\u00e4rkts med glasfiber. Bordet \u00e4r designad f\u00f6r att motst\u00e5 v\u00e4derp\u00e5verkan och har avtagbara ben vilket g\u00f6r det smidigt att transportera och f\u00f6rvara.","twitter_image":"https:\/\/shop.bjerring-sales.dk\/wp-content\/uploads\/2022\/03\/elj_ares_80_miljobild_800x800.jpg","twitter_misc":{"Estimeret l\u00e6setid":"3 minutter"},"schema":{"@context":"https:\/\/schema.org","@graph":[{"@type":"WebPage","@id":"https:\/\/shop.bjerring-sales.dk\/sv\/produkt\/ares-80-ett-robust-matbord\/","url":"https:\/\/shop.bjerring-sales.dk\/sv\/produkt\/ares-80-ett-robust-matbord\/","name":"Ares 80 - Ett robust matbord - Bjerring-Sales","isPartOf":{"@id":"https:\/\/shop.bjerring-sales.dk\/#website"},"primaryImageOfPage":{"@id":"https:\/\/shop.bjerring-sales.dk\/sv\/produkt\/ares-80-ett-robust-matbord\/#primaryimage"},"image":{"@id":"https:\/\/shop.bjerring-sales.dk\/sv\/produkt\/ares-80-ett-robust-matbord\/#primaryimage"},"thumbnailUrl":"https:\/\/shop.bjerring-sales.dk\/wp-content\/uploads\/2024\/07\/Ares80_taupe_800x800.jpg","datePublished":"2022-03-22T17:27:56+00:00","dateModified":"2026-04-16T15:20:33+00:00","description":"Ares 80 bordet er lavet af polypropylen, der er blevet forst\u00e6rket med glasfiber. Bordet er designet til at modst\u00e5 vejrets p\u00e5virkning og har aftagelige ben, som g\u00f8r det nemt at transportere og opbevare.","breadcrumb":{"@id":"https:\/\/shop.bjerring-sales.dk\/sv\/produkt\/ares-80-ett-robust-matbord\/#breadcrumb"},"inLanguage":"da-DK","potentialAction":[{"@type":"ReadAction","target":["https:\/\/shop.bjerring-sales.dk\/sv\/produkt\/ares-80-ett-robust-matbord\/"]}]},{"@type":"ImageObject","inLanguage":"da-DK","@id":"https:\/\/shop.bjerring-sales.dk\/sv\/produkt\/ares-80-ett-robust-matbord\/#primaryimage","url":"https:\/\/shop.bjerring-sales.dk\/wp-content\/uploads\/2024\/07\/Ares80_taupe_800x800.jpg","contentUrl":"https:\/\/shop.bjerring-sales.dk\/wp-content\/uploads\/2024\/07\/Ares80_taupe_800x800.jpg","width":800,"height":800},{"@type":"BreadcrumbList","@id":"https:\/\/shop.bjerring-sales.dk\/sv\/produkt\/ares-80-ett-robust-matbord\/#breadcrumb","itemListElement":[{"@type":"ListItem","position":1,"name":"Hem","item":"https:\/\/shop.bjerring-sales.dk\/"},{"@type":"ListItem","position":2,"name":"Webbutik","item":"https:\/\/shop.bjerring-sales.dk\/butik\/"},{"@type":"ListItem","position":3,"name":"Ares 80 &#8211; Ett robust matbord"}]},{"@type":"WebSite","@id":"https:\/\/shop.bjerring-sales.dk\/#website","url":"https:\/\/shop.bjerring-sales.dk\/","name":"Bjerring-Salg","description":"M\u00f8bler til teatre, skoler, kontorer og indk\u00f8bscentre","publisher":{"@id":"https:\/\/shop.bjerring-sales.dk\/#organization"},"potentialAction":[{"@type":"SearchAction","target":{"@type":"EntryPoint","urlTemplate":"https:\/\/shop.bjerring-sales.dk\/?s={search_term_string}"},"query-input":{"@type":"PropertyValueSpecification","valueRequired":true,"valueName":"search_term_string"}}],"inLanguage":"da-DK"},{"@type":"Organization","@id":"https:\/\/shop.bjerring-sales.dk\/#organization","name":"Bjerring-Salg","url":"https:\/\/shop.bjerring-sales.dk\/","logo":{"@type":"ImageObject","inLanguage":"da-DK","@id":"https:\/\/shop.bjerring-sales.dk\/#\/schema\/logo\/image\/","url":"https:\/\/shop.bjerring-sales.dk\/wp-content\/uploads\/2023\/01\/logo_sv.png","contentUrl":"https:\/\/shop.bjerring-sales.dk\/wp-content\/uploads\/2023\/01\/logo_sv.png","width":195,"height":68,"caption":"Bjerring-Sales"},"image":{"@id":"https:\/\/shop.bjerring-sales.dk\/#\/schema\/logo\/image\/"}}]}},"_links":{"self":[{"href":"https:\/\/shop.bjerring-sales.dk\/da\/wp-json\/wp\/v2\/product\/75609","targetHints":{"allow":["GET"]}}],"collection":[{"href":"https:\/\/shop.bjerring-sales.dk\/da\/wp-json\/wp\/v2\/product"}],"about":[{"href":"https:\/\/shop.bjerring-sales.dk\/da\/wp-json\/wp\/v2\/types\/product"}],"wp:featuredmedia":[{"embeddable":true,"href":"https:\/\/shop.bjerring-sales.dk\/da\/wp-json\/wp\/v2\/media\/98070"}],"wp:attachment":[{"href":"https:\/\/shop.bjerring-sales.dk\/da\/wp-json\/wp\/v2\/media?parent=75609"}],"wp:term":[{"taxonomy":"product_brand","embeddable":true,"href":"https:\/\/shop.bjerring-sales.dk\/da\/wp-json\/wp\/v2\/product_brand?post=75609"},{"taxonomy":"product_cat","embeddable":true,"href":"https:\/\/shop.bjerring-sales.dk\/da\/wp-json\/wp\/v2\/product_cat?post=75609"},{"taxonomy":"product_tag","embeddable":true,"href":"https:\/\/shop.bjerring-sales.dk\/da\/wp-json\/wp\/v2\/product_tag?post=75609"}],"curies":[{"name":"wp","href":"https:\/\/api.w.org\/{rel}","templated":true}]}}