{"id":75588,"date":"2022-03-21T16:00:00","date_gmt":"2022-03-21T15:00:00","guid":{"rendered":"https:\/\/pule.se\/?post_type=product&#038;p=75588"},"modified":"2023-01-18T14:26:15","modified_gmt":"2023-01-18T13:26:15","slug":"stamatta-easy","status":"publish","type":"product","link":"https:\/\/shop.bjerring-sales.dk\/da\/vare\/stamatta-easy\/","title":{"rendered":"Gulvm\u00e5tte EASY, St\u00e5m\u00e5tte"},"content":{"rendered":"<div class=\"wpb-content-wrapper\"><div class=\"vc_row wpb_row vc_row-fluid\"><div class=\"wpb_column vc_column_container vc_col-sm-12\"><div class=\"vc_column-inner\"><div class=\"wpb_wrapper\">\n\t<div class=\"wpb_text_column wpb_content_element\" >\n\t\t<div class=\"wpb_wrapper\">\n\t\t\t<p><span style=\"font-size: 24pt\">Perfekt til brug med justerbare skriveborde!<br \/>\n<\/span>St\u00e5m\u00e5tte EASY er den bl\u00f8deste tekstil st\u00e5m\u00e5tte til arbejdsstationer p\u00e5 markedet. Den ergonomiske st\u00e5m\u00e5tte er perfekt til brug med justerbare skriveborde samt lignende st\u00e5ende arbejdsstationer.<\/p>\n\n\t\t<\/div>\n\t<\/div>\n<\/div><\/div><\/div><\/div><div class=\"vc_row wpb_row vc_row-fluid\"><div class=\"wpb_column vc_column_container vc_col-sm-4\"><div class=\"vc_column-inner\"><div class=\"wpb_wrapper\">\n\t<div  class=\"wpb_single_image wpb_content_element vc_align_center\">\n\t\t\n\t\t<figure class=\"wpb_wrapper vc_figure\">\n\t\t\t<div class=\"vc_single_image-wrapper vc_box_shadow_border  vc_box_border_grey\"><img loading=\"lazy\" decoding=\"async\" width=\"800\" height=\"550\" src=\"https:\/\/shop.bjerring-sales.dk\/wp-content\/uploads\/2022\/03\/223201_3.jpg\" class=\"vc_single_image-img attachment-full\" alt=\"\" title=\"223201_3\" srcset=\"https:\/\/shop.bjerring-sales.dk\/wp-content\/uploads\/2022\/03\/223201_3.jpg 800w, https:\/\/shop.bjerring-sales.dk\/wp-content\/uploads\/2022\/03\/223201_3-150x103.jpg 150w, https:\/\/shop.bjerring-sales.dk\/wp-content\/uploads\/2022\/03\/223201_3-600x413.jpg 600w, https:\/\/shop.bjerring-sales.dk\/wp-content\/uploads\/2022\/03\/223201_3-300x206.jpg 300w, https:\/\/shop.bjerring-sales.dk\/wp-content\/uploads\/2022\/03\/223201_3-768x528.jpg 768w\" sizes=\"auto, (max-width: 800px) 100vw, 800px\" \/><\/div>\n\t\t<\/figure>\n\t<\/div>\n<\/div><\/div><\/div><div class=\"wpb_column vc_column_container vc_col-sm-4\"><div class=\"vc_column-inner\"><div class=\"wpb_wrapper\">\n\t<div  class=\"wpb_single_image wpb_content_element vc_align_center\">\n\t\t\n\t\t<figure class=\"wpb_wrapper vc_figure\">\n\t\t\t<div class=\"vc_single_image-wrapper vc_box_shadow_border  vc_box_border_grey\"><img loading=\"lazy\" decoding=\"async\" width=\"800\" height=\"550\" src=\"https:\/\/shop.bjerring-sales.dk\/wp-content\/uploads\/2022\/03\/stoo_super_soft__koukku_.jpg\" class=\"vc_single_image-img attachment-full\" alt=\"\" title=\"stoo_super_soft__koukku_\" srcset=\"https:\/\/shop.bjerring-sales.dk\/wp-content\/uploads\/2022\/03\/stoo_super_soft__koukku_.jpg 800w, https:\/\/shop.bjerring-sales.dk\/wp-content\/uploads\/2022\/03\/stoo_super_soft__koukku_-150x103.jpg 150w, https:\/\/shop.bjerring-sales.dk\/wp-content\/uploads\/2022\/03\/stoo_super_soft__koukku_-600x413.jpg 600w, https:\/\/shop.bjerring-sales.dk\/wp-content\/uploads\/2022\/03\/stoo_super_soft__koukku_-300x206.jpg 300w, https:\/\/shop.bjerring-sales.dk\/wp-content\/uploads\/2022\/03\/stoo_super_soft__koukku_-768x528.jpg 768w\" sizes=\"auto, (max-width: 800px) 100vw, 800px\" \/><\/div>\n\t\t<\/figure>\n\t<\/div>\n<\/div><\/div><\/div><div class=\"wpb_column vc_column_container vc_col-sm-4\"><div class=\"vc_column-inner\"><div class=\"wpb_wrapper\">\n\t<div  class=\"wpb_single_image wpb_content_element vc_align_center\">\n\t\t\n\t\t<figure class=\"wpb_wrapper vc_figure\">\n\t\t\t<div class=\"vc_single_image-wrapper vc_box_shadow_border  vc_box_border_grey\"><img loading=\"lazy\" decoding=\"async\" width=\"800\" height=\"550\" src=\"https:\/\/shop.bjerring-sales.dk\/wp-content\/uploads\/2022\/03\/223200_223001_4.jpg\" class=\"vc_single_image-img attachment-full\" alt=\"\" title=\"223200_223001_4\" srcset=\"https:\/\/shop.bjerring-sales.dk\/wp-content\/uploads\/2022\/03\/223200_223001_4.jpg 800w, https:\/\/shop.bjerring-sales.dk\/wp-content\/uploads\/2022\/03\/223200_223001_4-150x103.jpg 150w, https:\/\/shop.bjerring-sales.dk\/wp-content\/uploads\/2022\/03\/223200_223001_4-600x413.jpg 600w, https:\/\/shop.bjerring-sales.dk\/wp-content\/uploads\/2022\/03\/223200_223001_4-300x206.jpg 300w, https:\/\/shop.bjerring-sales.dk\/wp-content\/uploads\/2022\/03\/223200_223001_4-768x528.jpg 768w\" sizes=\"auto, (max-width: 800px) 100vw, 800px\" \/><\/div>\n\t\t<\/figure>\n\t<\/div>\n<\/div><\/div><\/div><\/div><div class=\"vc_row wpb_row vc_row-fluid\"><div class=\"wpb_column vc_column_container vc_col-sm-6\"><div class=\"vc_column-inner\"><div class=\"wpb_wrapper\">\n\t<div class=\"wpb_text_column wpb_content_element\" >\n\t\t<div class=\"wpb_wrapper\">\n\t\t\t<p><span style=\"font-size: 18pt\">Anvendelsesomr\u00e5de<\/span><br \/>\nGulvm\u00e5tte EASY er velegnet til brug p\u00e5 kontorer, hjemmekontorer og passer ogs\u00e5 godt i butikker. St\u00e5m\u00e5tte EASY er meget enkel og behagelig at have med sig. M\u00e5tten er nem at h\u00e6nge p\u00e5 kanten af bordet med den medf\u00f8lgende krog. Det er ogs\u00e5 muligt at bruge m\u00e5tten med eller uden sko, belastningen fordeles mellem dine ben og f\u00f8dder.<\/p>\n<p><span style=\"font-size: 18pt\">Design<\/span><br \/>\nDa de udviklede St\u00e5m\u00e5tten EASY, \u00f8nskede de at give det et design, der ville passe ind i de fleste kontormilj\u00f8er. Den ergonomiske m\u00e5tte har en flot struktureret og meget slidst\u00e6rk polyesteroverflade. Gulvm\u00e5ttens overflade og cellestruktur garanterer den bedst mulige brugeroplevelse. S\u00e5lens greb er fremragende, og de affasede kanter eliminerer risikoen for at snuble.<\/p>\n<p><span style=\"font-size: 18pt\">M\u00e5l<\/span><\/p>\n<ul>\n<li>760 x 520 x 28 mm<\/li>\n<\/ul>\n<p><span style=\"font-size: 18pt\">V\u00e6gt<\/span><\/p>\n<ul>\n<li>1,3 kg<\/li>\n<\/ul>\n\n\t\t<\/div>\n\t<\/div>\n<\/div><\/div><\/div><div class=\"wpb_column vc_column_container vc_col-sm-6\"><div class=\"vc_column-inner\"><div class=\"wpb_wrapper\">\n\t<div class=\"wpb_text_column wpb_content_element\" >\n\t\t<div class=\"wpb_wrapper\">\n\t\t\t<p><span style=\"font-size: 18pt\">Specifikationer<\/span><\/p>\n<ul>\n<li>Indeholder ikke PVC<\/li>\n<li>Lys gr\u00e5 farve<\/li>\n<li>Inkluderer h\u00e6ngekrog<\/li>\n<li>Overflade 100 % polyester (PSF)<\/li>\n<li>Indvendig PU (PVC-fri)<\/li>\n<\/ul>\n<p><span style=\"font-size: 18pt\">Garanti<\/span><\/p>\n<ul>\n<li>5 \u00e5rs garanti<\/li>\n<\/ul>\n\n\t\t<\/div>\n\t<\/div>\n<\/div><\/div><\/div><\/div>\n<\/div>","protected":false},"excerpt":{"rendered":"<p>Gulvm\u00e5tte EASY er velegnet til brug p\u00e5 kontorer, hjemmekontorer og passer ogs\u00e5 godt i butikker. St\u00e5m\u00e5tte EASY er meget enkel og behagelig at have med sig. M\u00e5tten er nem at h\u00e6nge p\u00e5 kanten af bordet med den medf\u00f8lgende krog. Det er ogs\u00e5 muligt at bruge m\u00e5tten med eller uden sko, belastningen fordeles mellem dine ben og f\u00f8dder.<\/p>","protected":false},"featured_media":75589,"template":"","meta":{"iawp_total_views":3},"product_brand":[],"product_cat":[5785,6353,5798,6025],"product_tag":[5793,6248,6250,6251,6252],"class_list":{"0":"post-75588","1":"product","2":"type-product","3":"status-publish","4":"has-post-thumbnail","6":"product_cat-hemmakontor","7":"product_cat-up-down-easy","8":"product_cat-kontorsprodukter","9":"product_cat-ergonomiskt-sittande","10":"product_tag-ergonomi","11":"product_tag-aktivt-staende","12":"product_tag-aktivt-arbete","13":"product_tag-stamatta-easy","14":"product_tag-ergonomisk-matta","16":"first","17":"instock","18":"taxable","19":"shipping-taxable","20":"purchasable","21":"product-type-simple"},"yoast_head":"<!-- This site is optimized with the Yoast SEO plugin v27.0 - https:\/\/yoast.com\/product\/yoast-seo-wordpress\/ -->\n<title>St\u00e5matta EASY - Bjerring-Sales<\/title>\n<meta name=\"description\" content=\"St\u00e5matta EASY \u00e4r l\u00e4mplig f\u00f6r anv\u00e4ndning i kontor, hemmakontor och passar \u00e4ven bra i butiker. St\u00e5matta EASY \u00e4r mycket enkel och bekv\u00e4m att b\u00e4ra med sig.\" \/>\n<meta name=\"robots\" content=\"index, follow, max-snippet:-1, max-image-preview:large, max-video-preview:-1\" \/>\n<link rel=\"canonical\" href=\"https:\/\/shop.bjerring-sales.dk\/da\/vare\/stamatta-easy\/\" \/>\n<meta property=\"og:locale\" content=\"da_DK\" \/>\n<meta property=\"og:type\" content=\"article\" \/>\n<meta property=\"og:title\" content=\"Perfekt st\u00e5matta f\u00f6r anv\u00e4ndning tillsammans med h\u00f6j och s\u00e4nkbara skrivbord!\" \/>\n<meta property=\"og:description\" content=\"St\u00e5matta EASY \u00e4r l\u00e4mplig f\u00f6r anv\u00e4ndning i kontor, hemmakontor och passar \u00e4ven bra i butiker. St\u00e5matta EASY \u00e4r mycket enkel och bekv\u00e4m att b\u00e4ra med sig.\" \/>\n<meta property=\"og:url\" content=\"https:\/\/shop.bjerring-sales.dk\/da\/vare\/stamatta-easy\/\" \/>\n<meta property=\"og:site_name\" content=\"Bjerring-Sales\" \/>\n<meta property=\"article:modified_time\" content=\"2023-01-18T13:26:15+00:00\" \/>\n<meta property=\"og:image\" content=\"https:\/\/pule.se\/wp-content\/uploads\/2022\/03\/223200_223001_4.jpg\" \/>\n\t<meta property=\"og:image:width\" content=\"800\" \/>\n\t<meta property=\"og:image:height\" content=\"550\" \/>\n\t<meta property=\"og:image:type\" content=\"image\/jpeg\" \/>\n<meta name=\"twitter:card\" content=\"summary_large_image\" \/>\n<meta name=\"twitter:title\" content=\"Perfekt st\u00e5matta f\u00f6r anv\u00e4ndning tillsammans med h\u00f6j och s\u00e4nkbara skrivbord!\" \/>\n<meta name=\"twitter:description\" content=\"St\u00e5matta EASY \u00e4r l\u00e4mplig f\u00f6r anv\u00e4ndning i kontor, hemmakontor och passar \u00e4ven bra i butiker. St\u00e5matta EASY \u00e4r mycket enkel och bekv\u00e4m att b\u00e4ra med sig.\" \/>\n<meta name=\"twitter:image\" content=\"https:\/\/shop.bjerring-sales.dk\/wp-content\/uploads\/2022\/03\/223200_223001_4.jpg\" \/>\n<meta name=\"twitter:label1\" content=\"Estimeret l\u00e6setid\" \/>\n\t<meta name=\"twitter:data1\" content=\"2 minutter\" \/>\n<script type=\"application\/ld+json\" class=\"yoast-schema-graph\">{\"@context\":\"https:\/\/schema.org\",\"@graph\":[{\"@type\":\"WebPage\",\"@id\":\"https:\/\/shop.bjerring-sales.dk\/sv\/produkt\/stamatta-easy\/\",\"url\":\"https:\/\/shop.bjerring-sales.dk\/sv\/produkt\/stamatta-easy\/\",\"name\":\"St\u00e5matta EASY - Bjerring-Sales\",\"isPartOf\":{\"@id\":\"https:\/\/shop.bjerring-sales.dk\/#website\"},\"primaryImageOfPage\":{\"@id\":\"https:\/\/shop.bjerring-sales.dk\/sv\/produkt\/stamatta-easy\/#primaryimage\"},\"image\":{\"@id\":\"https:\/\/shop.bjerring-sales.dk\/sv\/produkt\/stamatta-easy\/#primaryimage\"},\"thumbnailUrl\":\"https:\/\/shop.bjerring-sales.dk\/wp-content\/uploads\/2022\/03\/223201.jpg\",\"datePublished\":\"2022-03-21T15:00:00+00:00\",\"dateModified\":\"2023-01-18T13:26:15+00:00\",\"description\":\"St\u00e5matta EASY \u00e4r l\u00e4mplig f\u00f6r anv\u00e4ndning i kontor, hemmakontor och passar \u00e4ven bra i butiker. St\u00e5matta EASY \u00e4r mycket enkel och bekv\u00e4m att b\u00e4ra med sig.\",\"breadcrumb\":{\"@id\":\"https:\/\/shop.bjerring-sales.dk\/sv\/produkt\/stamatta-easy\/#breadcrumb\"},\"inLanguage\":\"da-DK\",\"potentialAction\":[{\"@type\":\"ReadAction\",\"target\":[\"https:\/\/shop.bjerring-sales.dk\/sv\/produkt\/stamatta-easy\/\"]}]},{\"@type\":\"ImageObject\",\"inLanguage\":\"da-DK\",\"@id\":\"https:\/\/shop.bjerring-sales.dk\/sv\/produkt\/stamatta-easy\/#primaryimage\",\"url\":\"https:\/\/shop.bjerring-sales.dk\/wp-content\/uploads\/2022\/03\/223201.jpg\",\"contentUrl\":\"https:\/\/shop.bjerring-sales.dk\/wp-content\/uploads\/2022\/03\/223201.jpg\",\"width\":800,\"height\":800},{\"@type\":\"BreadcrumbList\",\"@id\":\"https:\/\/shop.bjerring-sales.dk\/sv\/produkt\/stamatta-easy\/#breadcrumb\",\"itemListElement\":[{\"@type\":\"ListItem\",\"position\":1,\"name\":\"Hem\",\"item\":\"https:\/\/shop.bjerring-sales.dk\/\"},{\"@type\":\"ListItem\",\"position\":2,\"name\":\"Webbutik\",\"item\":\"https:\/\/shop.bjerring-sales.dk\/butik\/\"},{\"@type\":\"ListItem\",\"position\":3,\"name\":\"St\u00e5matta EASY\"}]},{\"@type\":\"WebSite\",\"@id\":\"https:\/\/shop.bjerring-sales.dk\/#website\",\"url\":\"https:\/\/shop.bjerring-sales.dk\/\",\"name\":\"Bjerring-Sales\",\"description\":\"M\u00f6bler f\u00f6r teatrar, skolor, kontor och k\u00f6pcentrum\",\"publisher\":{\"@id\":\"https:\/\/shop.bjerring-sales.dk\/#organization\"},\"potentialAction\":[{\"@type\":\"SearchAction\",\"target\":{\"@type\":\"EntryPoint\",\"urlTemplate\":\"https:\/\/shop.bjerring-sales.dk\/?s={search_term_string}\"},\"query-input\":{\"@type\":\"PropertyValueSpecification\",\"valueRequired\":true,\"valueName\":\"search_term_string\"}}],\"inLanguage\":\"da-DK\"},{\"@type\":\"Organization\",\"@id\":\"https:\/\/shop.bjerring-sales.dk\/#organization\",\"name\":\"Bjerring-Sales\",\"url\":\"https:\/\/shop.bjerring-sales.dk\/\",\"logo\":{\"@type\":\"ImageObject\",\"inLanguage\":\"da-DK\",\"@id\":\"https:\/\/shop.bjerring-sales.dk\/#\/schema\/logo\/image\/\",\"url\":\"https:\/\/shop.bjerring-sales.dk\/wp-content\/uploads\/2023\/01\/logo_sv.png\",\"contentUrl\":\"https:\/\/shop.bjerring-sales.dk\/wp-content\/uploads\/2023\/01\/logo_sv.png\",\"width\":195,\"height\":68,\"caption\":\"Bjerring-Sales\"},\"image\":{\"@id\":\"https:\/\/shop.bjerring-sales.dk\/#\/schema\/logo\/image\/\"}}]}<\/script>\n<!-- \/ Yoast SEO plugin. -->","yoast_head_json":{"title":"St\u00e5matta EASY - Bjerring-Sales","description":"St\u00e5matta EASY \u00e4r l\u00e4mplig f\u00f6r anv\u00e4ndning i kontor, hemmakontor och passar \u00e4ven bra i butiker. St\u00e5matta EASY \u00e4r mycket enkel och bekv\u00e4m att b\u00e4ra med sig.","robots":{"index":"index","follow":"follow","max-snippet":"max-snippet:-1","max-image-preview":"max-image-preview:large","max-video-preview":"max-video-preview:-1"},"canonical":"https:\/\/shop.bjerring-sales.dk\/da\/vare\/stamatta-easy\/","og_locale":"da_DK","og_type":"article","og_title":"Perfekt st\u00e5matta f\u00f6r anv\u00e4ndning tillsammans med h\u00f6j och s\u00e4nkbara skrivbord!","og_description":"St\u00e5matta EASY \u00e4r l\u00e4mplig f\u00f6r anv\u00e4ndning i kontor, hemmakontor och passar \u00e4ven bra i butiker. St\u00e5matta EASY \u00e4r mycket enkel och bekv\u00e4m att b\u00e4ra med sig.","og_url":"https:\/\/shop.bjerring-sales.dk\/da\/vare\/stamatta-easy\/","og_site_name":"Bjerring-Sales","article_modified_time":"2023-01-18T13:26:15+00:00","og_image":[{"width":800,"height":550,"url":"https:\/\/pule.se\/wp-content\/uploads\/2022\/03\/223200_223001_4.jpg","type":"image\/jpeg"}],"twitter_card":"summary_large_image","twitter_title":"Perfekt st\u00e5matta f\u00f6r anv\u00e4ndning tillsammans med h\u00f6j och s\u00e4nkbara skrivbord!","twitter_description":"St\u00e5matta EASY \u00e4r l\u00e4mplig f\u00f6r anv\u00e4ndning i kontor, hemmakontor och passar \u00e4ven bra i butiker. St\u00e5matta EASY \u00e4r mycket enkel och bekv\u00e4m att b\u00e4ra med sig.","twitter_image":"https:\/\/shop.bjerring-sales.dk\/wp-content\/uploads\/2022\/03\/223200_223001_4.jpg","twitter_misc":{"Estimeret l\u00e6setid":"2 minutter"},"schema":{"@context":"https:\/\/schema.org","@graph":[{"@type":"WebPage","@id":"https:\/\/shop.bjerring-sales.dk\/sv\/produkt\/stamatta-easy\/","url":"https:\/\/shop.bjerring-sales.dk\/sv\/produkt\/stamatta-easy\/","name":"St\u00e5matta EASY - Bjerring-Sales","isPartOf":{"@id":"https:\/\/shop.bjerring-sales.dk\/#website"},"primaryImageOfPage":{"@id":"https:\/\/shop.bjerring-sales.dk\/sv\/produkt\/stamatta-easy\/#primaryimage"},"image":{"@id":"https:\/\/shop.bjerring-sales.dk\/sv\/produkt\/stamatta-easy\/#primaryimage"},"thumbnailUrl":"https:\/\/shop.bjerring-sales.dk\/wp-content\/uploads\/2022\/03\/223201.jpg","datePublished":"2022-03-21T15:00:00+00:00","dateModified":"2023-01-18T13:26:15+00:00","description":"St\u00e5matta EASY \u00e4r l\u00e4mplig f\u00f6r anv\u00e4ndning i kontor, hemmakontor och passar \u00e4ven bra i butiker. St\u00e5matta EASY \u00e4r mycket enkel och bekv\u00e4m att b\u00e4ra med sig.","breadcrumb":{"@id":"https:\/\/shop.bjerring-sales.dk\/sv\/produkt\/stamatta-easy\/#breadcrumb"},"inLanguage":"da-DK","potentialAction":[{"@type":"ReadAction","target":["https:\/\/shop.bjerring-sales.dk\/sv\/produkt\/stamatta-easy\/"]}]},{"@type":"ImageObject","inLanguage":"da-DK","@id":"https:\/\/shop.bjerring-sales.dk\/sv\/produkt\/stamatta-easy\/#primaryimage","url":"https:\/\/shop.bjerring-sales.dk\/wp-content\/uploads\/2022\/03\/223201.jpg","contentUrl":"https:\/\/shop.bjerring-sales.dk\/wp-content\/uploads\/2022\/03\/223201.jpg","width":800,"height":800},{"@type":"BreadcrumbList","@id":"https:\/\/shop.bjerring-sales.dk\/sv\/produkt\/stamatta-easy\/#breadcrumb","itemListElement":[{"@type":"ListItem","position":1,"name":"Hem","item":"https:\/\/shop.bjerring-sales.dk\/"},{"@type":"ListItem","position":2,"name":"Webbutik","item":"https:\/\/shop.bjerring-sales.dk\/butik\/"},{"@type":"ListItem","position":3,"name":"St\u00e5matta EASY"}]},{"@type":"WebSite","@id":"https:\/\/shop.bjerring-sales.dk\/#website","url":"https:\/\/shop.bjerring-sales.dk\/","name":"Bjerring-Salg","description":"M\u00f8bler til teatre, skoler, kontorer og indk\u00f8bscentre","publisher":{"@id":"https:\/\/shop.bjerring-sales.dk\/#organization"},"potentialAction":[{"@type":"SearchAction","target":{"@type":"EntryPoint","urlTemplate":"https:\/\/shop.bjerring-sales.dk\/?s={search_term_string}"},"query-input":{"@type":"PropertyValueSpecification","valueRequired":true,"valueName":"search_term_string"}}],"inLanguage":"da-DK"},{"@type":"Organization","@id":"https:\/\/shop.bjerring-sales.dk\/#organization","name":"Bjerring-Salg","url":"https:\/\/shop.bjerring-sales.dk\/","logo":{"@type":"ImageObject","inLanguage":"da-DK","@id":"https:\/\/shop.bjerring-sales.dk\/#\/schema\/logo\/image\/","url":"https:\/\/shop.bjerring-sales.dk\/wp-content\/uploads\/2023\/01\/logo_sv.png","contentUrl":"https:\/\/shop.bjerring-sales.dk\/wp-content\/uploads\/2023\/01\/logo_sv.png","width":195,"height":68,"caption":"Bjerring-Sales"},"image":{"@id":"https:\/\/shop.bjerring-sales.dk\/#\/schema\/logo\/image\/"}}]}},"_links":{"self":[{"href":"https:\/\/shop.bjerring-sales.dk\/da\/wp-json\/wp\/v2\/product\/75588","targetHints":{"allow":["GET"]}}],"collection":[{"href":"https:\/\/shop.bjerring-sales.dk\/da\/wp-json\/wp\/v2\/product"}],"about":[{"href":"https:\/\/shop.bjerring-sales.dk\/da\/wp-json\/wp\/v2\/types\/product"}],"wp:featuredmedia":[{"embeddable":true,"href":"https:\/\/shop.bjerring-sales.dk\/da\/wp-json\/wp\/v2\/media\/75589"}],"wp:attachment":[{"href":"https:\/\/shop.bjerring-sales.dk\/da\/wp-json\/wp\/v2\/media?parent=75588"}],"wp:term":[{"taxonomy":"product_brand","embeddable":true,"href":"https:\/\/shop.bjerring-sales.dk\/da\/wp-json\/wp\/v2\/product_brand?post=75588"},{"taxonomy":"product_cat","embeddable":true,"href":"https:\/\/shop.bjerring-sales.dk\/da\/wp-json\/wp\/v2\/product_cat?post=75588"},{"taxonomy":"product_tag","embeddable":true,"href":"https:\/\/shop.bjerring-sales.dk\/da\/wp-json\/wp\/v2\/product_tag?post=75588"}],"curies":[{"name":"wp","href":"https:\/\/api.w.org\/{rel}","templated":true}]}}