{"id":75584,"date":"2022-03-17T16:39:34","date_gmt":"2022-03-17T15:39:34","guid":{"rendered":"https:\/\/pule.se\/?post_type=product&#038;p=75584"},"modified":"2023-01-18T14:25:46","modified_gmt":"2023-01-18T13:25:46","slug":"balansbrada-easy","status":"publish","type":"product","link":"https:\/\/shop.bjerring-sales.dk\/da\/vare\/balansbrada-easy\/","title":{"rendered":"Balancebr\u00e6t EASY"},"content":{"rendered":"<div class=\"wpb-content-wrapper\"><div class=\"vc_row wpb_row vc_row-fluid\"><div class=\"wpb_column vc_column_container vc_col-sm-12\"><div class=\"vc_column-inner\"><div class=\"wpb_wrapper\">\n\t<div class=\"wpb_text_column wpb_content_element\" >\n\t\t<div class=\"wpb_wrapper\">\n\t\t\t<p><span style=\"font-size: 24pt\">Balancebr\u00e6t EASY holder dig i bev\u00e6gelse i arbejdstiden!<br \/>\n<\/span>Med et balancebr\u00e6t ved dit skrivebord har du mulighed for at arbejde st\u00e5ende i l\u00e6ngere perioder, fordi kroppen holdes i bev\u00e6gelse, hvilket mindsker sp\u00e6ndinger i muskler, led, hoved og nakke.<\/p>\n\n\t\t<\/div>\n\t<\/div>\n<\/div><\/div><\/div><\/div><div class=\"vc_row wpb_row vc_row-fluid\"><div class=\"wpb_column vc_column_container vc_col-sm-4\"><div class=\"vc_column-inner\"><div class=\"wpb_wrapper\">\n\t<div  class=\"wpb_single_image wpb_content_element vc_align_center\">\n\t\t\n\t\t<figure class=\"wpb_wrapper vc_figure\">\n\t\t\t<div class=\"vc_single_image-wrapper vc_box_shadow_border  vc_box_border_grey\"><img loading=\"lazy\" decoding=\"async\" width=\"800\" height=\"550\" src=\"https:\/\/shop.bjerring-sales.dk\/wp-content\/uploads\/2022\/03\/Stoo_active_board_massage_ball.jpg\" class=\"vc_single_image-img attachment-full\" alt=\"\" title=\"Stoo_active_board_massage_ball\" srcset=\"https:\/\/shop.bjerring-sales.dk\/wp-content\/uploads\/2022\/03\/Stoo_active_board_massage_ball.jpg 800w, https:\/\/shop.bjerring-sales.dk\/wp-content\/uploads\/2022\/03\/Stoo_active_board_massage_ball-150x103.jpg 150w, https:\/\/shop.bjerring-sales.dk\/wp-content\/uploads\/2022\/03\/Stoo_active_board_massage_ball-600x413.jpg 600w, https:\/\/shop.bjerring-sales.dk\/wp-content\/uploads\/2022\/03\/Stoo_active_board_massage_ball-300x206.jpg 300w, https:\/\/shop.bjerring-sales.dk\/wp-content\/uploads\/2022\/03\/Stoo_active_board_massage_ball-768x528.jpg 768w\" sizes=\"auto, (max-width: 800px) 100vw, 800px\" \/><\/div>\n\t\t<\/figure>\n\t<\/div>\n<\/div><\/div><\/div><div class=\"wpb_column vc_column_container vc_col-sm-4\"><div class=\"vc_column-inner\"><div class=\"wpb_wrapper\">\n\t<div  class=\"wpb_single_image wpb_content_element vc_align_center\">\n\t\t\n\t\t<figure class=\"wpb_wrapper vc_figure\">\n\t\t\t<div class=\"vc_single_image-wrapper vc_box_shadow_border  vc_box_border_grey\"><img loading=\"lazy\" decoding=\"async\" width=\"800\" height=\"550\" src=\"https:\/\/shop.bjerring-sales.dk\/wp-content\/uploads\/2022\/03\/Stoo_active_board_office_2_550.jpg\" class=\"vc_single_image-img attachment-full\" alt=\"\" title=\"Stoo_active_board_office_2_550\" srcset=\"https:\/\/shop.bjerring-sales.dk\/wp-content\/uploads\/2022\/03\/Stoo_active_board_office_2_550.jpg 800w, https:\/\/shop.bjerring-sales.dk\/wp-content\/uploads\/2022\/03\/Stoo_active_board_office_2_550-150x103.jpg 150w, https:\/\/shop.bjerring-sales.dk\/wp-content\/uploads\/2022\/03\/Stoo_active_board_office_2_550-600x413.jpg 600w, https:\/\/shop.bjerring-sales.dk\/wp-content\/uploads\/2022\/03\/Stoo_active_board_office_2_550-300x206.jpg 300w, https:\/\/shop.bjerring-sales.dk\/wp-content\/uploads\/2022\/03\/Stoo_active_board_office_2_550-768x528.jpg 768w\" sizes=\"auto, (max-width: 800px) 100vw, 800px\" \/><\/div>\n\t\t<\/figure>\n\t<\/div>\n<\/div><\/div><\/div><div class=\"wpb_column vc_column_container vc_col-sm-4\"><div class=\"vc_column-inner\"><div class=\"wpb_wrapper\">\n\t<div  class=\"wpb_single_image wpb_content_element vc_align_center\">\n\t\t\n\t\t<figure class=\"wpb_wrapper vc_figure\">\n\t\t\t<div class=\"vc_single_image-wrapper vc_box_shadow_border  vc_box_border_grey\"><img loading=\"lazy\" decoding=\"async\" width=\"800\" height=\"550\" src=\"https:\/\/shop.bjerring-sales.dk\/wp-content\/uploads\/2022\/03\/DSF1731-Top-Cousins.jpg\" class=\"vc_single_image-img attachment-full\" alt=\"\" title=\"DSF1731-Top-f\u00e6tre\" srcset=\"https:\/\/shop.bjerring-sales.dk\/wp-content\/uploads\/2022\/03\/DSF1731-Top-Cousins.jpg 800w, https:\/\/shop.bjerring-sales.dk\/wp-content\/uploads\/2022\/03\/DSF1731-Top-Cousins-150x103.jpg 150w, https:\/\/shop.bjerring-sales.dk\/wp-content\/uploads\/2022\/03\/DSF1731-Top-Cousins-600x413.jpg 600w, https:\/\/shop.bjerring-sales.dk\/wp-content\/uploads\/2022\/03\/DSF1731-Top-Cousins-300x206.jpg 300w, https:\/\/shop.bjerring-sales.dk\/wp-content\/uploads\/2022\/03\/DSF1731-Top-Cousins-768x528.jpg 768w\" sizes=\"auto, (max-width: 800px) 100vw, 800px\" \/><\/div>\n\t\t<\/figure>\n\t<\/div>\n<\/div><\/div><\/div><\/div><div class=\"vc_row wpb_row vc_row-fluid\"><div class=\"wpb_column vc_column_container vc_col-sm-6\"><div class=\"vc_column-inner\"><div class=\"wpb_wrapper\">\n\t<div class=\"wpb_text_column wpb_content_element\" >\n\t\t<div class=\"wpb_wrapper\">\n\t\t\t<p><span style=\"font-size: 18pt\">Anvendelsesomr\u00e5de<br \/>\n<\/span>N\u00e5r du st\u00e5r p\u00e5 Balance Board EASY, vugger du komfortabelt og kontrolleret til siderne og frem og tilbage. Balancebr\u00e6ttet er blevet et naturligt hj\u00e6lpemiddel p\u00e5 de fleste moderne arbejdspladser, da det fremmer et aktivt arbejdsmilj\u00f8. Ved at variere din stilling mellem siddende og st\u00e5ende skaber du de bedste foruds\u00e6tninger for god kondition og sundhed. Brug af Balancebr\u00e6ttet EASY er enkelt, ergonomisk og effektivt!<\/p>\n<p><span style=\"font-size: 18pt\">Design<br \/>\n<\/span>Takket v\u00e6re designet af Balancebr\u00e6t EASY aktivere den, led og muskler i ankler, f\u00f8dder, kn\u00e6, hofter og ryg. Den aktive plade stimulerer blodcirkulationen, is\u00e6r i l\u00e6ggene, og forebygger skader i ankler, kn\u00e6 og hofter. Balancebr\u00e6t EASY flade overflade g\u00f8r det muligt for brugeren at st\u00e5 i en smal eller bred position uden at tvinge brugeren ind i en bestemt position. Kuglen der er placeret i midten af det aktive Balancebr\u00e6t EASY giver brugeren mulighed for at bev\u00e6ge f\u00f8dderne i fods\u00e5len.<\/p>\n\n\t\t<\/div>\n\t<\/div>\n<\/div><\/div><\/div><div class=\"wpb_column vc_column_container vc_col-sm-6\"><div class=\"vc_column-inner\"><div class=\"wpb_wrapper\">\n\t<div class=\"wpb_text_column wpb_content_element\" >\n\t\t<div class=\"wpb_wrapper\">\n\t\t\t<p><span style=\"font-size: 18pt\">Specifikationer<\/span><\/p>\n<ul>\n<li>Ergonomi<\/li>\n<li>Max. belastning: 300 kg<\/li>\n<li>Massagebold<\/li>\n<li>PVC fri<\/li>\n<li>B\u00e6reh\u00e5ndtag for nem bev\u00e6gelse og oph\u00e6ngning<\/li>\n<li>V\u00e6gt: 2,7 kg<\/li>\n<li>M\u00e5l: 55\u00d740 cm<\/li>\n<\/ul>\n\n\t\t<\/div>\n\t<\/div>\n<\/div><\/div><\/div><\/div><div class=\"vc_row wpb_row vc_row-fluid\"><div class=\"wpb_column vc_column_container vc_col-sm-4\"><div class=\"vc_column-inner\"><div class=\"wpb_wrapper\">\n\t<div  class=\"wpb_single_image wpb_content_element vc_align_center\">\n\t\t\n\t\t<figure class=\"wpb_wrapper vc_figure\">\n\t\t\t<div class=\"vc_single_image-wrapper vc_box_shadow_border  vc_box_border_grey\"><img loading=\"lazy\" decoding=\"async\" width=\"800\" height=\"550\" src=\"https:\/\/shop.bjerring-sales.dk\/wp-content\/uploads\/2022\/03\/223100_2__CGD_award.jpg\" class=\"vc_single_image-img attachment-full\" alt=\"\" title=\"223100_2__CGD_award\" srcset=\"https:\/\/shop.bjerring-sales.dk\/wp-content\/uploads\/2022\/03\/223100_2__CGD_award.jpg 800w, https:\/\/shop.bjerring-sales.dk\/wp-content\/uploads\/2022\/03\/223100_2__CGD_award-150x103.jpg 150w, https:\/\/shop.bjerring-sales.dk\/wp-content\/uploads\/2022\/03\/223100_2__CGD_award-600x413.jpg 600w, https:\/\/shop.bjerring-sales.dk\/wp-content\/uploads\/2022\/03\/223100_2__CGD_award-300x206.jpg 300w, https:\/\/shop.bjerring-sales.dk\/wp-content\/uploads\/2022\/03\/223100_2__CGD_award-768x528.jpg 768w\" sizes=\"auto, (max-width: 800px) 100vw, 800px\" \/><\/div>\n\t\t<\/figure>\n\t<\/div>\n<\/div><\/div><\/div><div class=\"wpb_column vc_column_container vc_col-sm-4\"><div class=\"vc_column-inner\"><div class=\"wpb_wrapper\">\n\t<div  class=\"wpb_single_image wpb_content_element vc_align_center\">\n\t\t\n\t\t<figure class=\"wpb_wrapper vc_figure\">\n\t\t\t<div class=\"vc_single_image-wrapper vc_box_shadow_border  vc_box_border_grey\"><img loading=\"lazy\" decoding=\"async\" width=\"800\" height=\"550\" src=\"https:\/\/shop.bjerring-sales.dk\/wp-content\/uploads\/2022\/03\/Stoo_active_board_office.jpg\" class=\"vc_single_image-img attachment-full\" alt=\"\" title=\"Stoo_active_board_office\" srcset=\"https:\/\/shop.bjerring-sales.dk\/wp-content\/uploads\/2022\/03\/Stoo_active_board_office.jpg 800w, https:\/\/shop.bjerring-sales.dk\/wp-content\/uploads\/2022\/03\/Stoo_active_board_office-150x103.jpg 150w, https:\/\/shop.bjerring-sales.dk\/wp-content\/uploads\/2022\/03\/Stoo_active_board_office-600x413.jpg 600w, https:\/\/shop.bjerring-sales.dk\/wp-content\/uploads\/2022\/03\/Stoo_active_board_office-300x206.jpg 300w, https:\/\/shop.bjerring-sales.dk\/wp-content\/uploads\/2022\/03\/Stoo_active_board_office-768x528.jpg 768w\" sizes=\"auto, (max-width: 800px) 100vw, 800px\" \/><\/div>\n\t\t<\/figure>\n\t<\/div>\n<\/div><\/div><\/div><div class=\"wpb_column vc_column_container vc_col-sm-4\"><div class=\"vc_column-inner\"><div class=\"wpb_wrapper\">\n\t<div  class=\"wpb_single_image wpb_content_element vc_align_center\">\n\t\t\n\t\t<figure class=\"wpb_wrapper vc_figure\">\n\t\t\t<div class=\"vc_single_image-wrapper vc_box_shadow_border  vc_box_border_grey\"><img loading=\"lazy\" decoding=\"async\" width=\"800\" height=\"550\" src=\"https:\/\/shop.bjerring-sales.dk\/wp-content\/uploads\/2022\/03\/DSF1734-Top-Cousins.jpg\" class=\"vc_single_image-img attachment-full\" alt=\"\" title=\"DSF1734-Top-f\u00e6tre\" srcset=\"https:\/\/shop.bjerring-sales.dk\/wp-content\/uploads\/2022\/03\/DSF1734-Top-Cousins.jpg 800w, https:\/\/shop.bjerring-sales.dk\/wp-content\/uploads\/2022\/03\/DSF1734-Top-Cousins-150x103.jpg 150w, https:\/\/shop.bjerring-sales.dk\/wp-content\/uploads\/2022\/03\/DSF1734-Top-Cousins-600x413.jpg 600w, https:\/\/shop.bjerring-sales.dk\/wp-content\/uploads\/2022\/03\/DSF1734-Top-Cousins-300x206.jpg 300w, https:\/\/shop.bjerring-sales.dk\/wp-content\/uploads\/2022\/03\/DSF1734-Top-Cousins-768x528.jpg 768w\" sizes=\"auto, (max-width: 800px) 100vw, 800px\" \/><\/div>\n\t\t<\/figure>\n\t<\/div>\n<\/div><\/div><\/div><\/div>\n<\/div>","protected":false},"excerpt":{"rendered":"<p>N\u00e5r du st\u00e5r p\u00e5 Balancebr\u00e6t EASY, vugger du komfortabelt og kontrolleret til siderne og frem og tilbage. Balancebr\u00e6ttet er blevet et naturligt hj\u00e6lpemiddel p\u00e5 de fleste moderne arbejdspladser, da det fremmer et aktivt arbejdsmilj\u00f8.<\/p>","protected":false},"featured_media":75585,"template":"","meta":{"iawp_total_views":2},"product_brand":[],"product_cat":[5785,6353,5798,6025],"product_tag":[5793,6248,6249,6250],"class_list":{"0":"post-75584","1":"product","2":"type-product","3":"status-publish","4":"has-post-thumbnail","6":"product_cat-hemmakontor","7":"product_cat-up-down-easy","8":"product_cat-kontorsprodukter","9":"product_cat-ergonomiskt-sittande","10":"product_tag-ergonomi","11":"product_tag-aktivt-staende","12":"product_tag-balansbrada-easy","13":"product_tag-aktivt-arbete","15":"first","16":"instock","17":"taxable","18":"shipping-taxable","19":"purchasable","20":"product-type-simple"},"yoast_head":"<!-- This site is optimized with the Yoast SEO plugin v27.0 - https:\/\/yoast.com\/product\/yoast-seo-wordpress\/ -->\n<title>Balansbr\u00e4da EASY - Bjerring-Sales<\/title>\n<meta name=\"description\" content=\"N\u00e4r du st\u00e5r p\u00e5 Balansbr\u00e4da EASY gungar du bekv\u00e4mt och kontrollerat \u00e5t sidorna samt fram och tillbaks. Balansbr\u00e4dan har blivit ett naturligt hj\u00e4lpmedel p\u00e5 dom flesta moderna arbetsplatser d\u00e5 det fr\u00e4mjar en aktiv arbetsmilj\u00f6.\" \/>\n<meta name=\"robots\" content=\"index, follow, max-snippet:-1, max-image-preview:large, max-video-preview:-1\" \/>\n<link rel=\"canonical\" href=\"https:\/\/shop.bjerring-sales.dk\/da\/vare\/balansbrada-easy\/\" \/>\n<meta property=\"og:locale\" content=\"da_DK\" \/>\n<meta property=\"og:type\" content=\"article\" \/>\n<meta property=\"og:title\" content=\"Balansbr\u00e4da EASY h\u00e5ller dig i r\u00f6relse under arbetstid!\" \/>\n<meta property=\"og:description\" content=\"N\u00e4r du st\u00e5r p\u00e5 Balansbr\u00e4da EASY gungar du bekv\u00e4mt och kontrollerat \u00e5t sidorna samt fram och tillbaks. Balansbr\u00e4dan har blivit ett naturligt hj\u00e4lpmedel p\u00e5 dom flesta moderna arbetsplatser d\u00e5 det fr\u00e4mjar en aktiv arbetsmilj\u00f6.\" \/>\n<meta property=\"og:url\" content=\"https:\/\/shop.bjerring-sales.dk\/da\/vare\/balansbrada-easy\/\" \/>\n<meta property=\"og:site_name\" content=\"Bjerring-Sales\" \/>\n<meta property=\"article:modified_time\" content=\"2023-01-18T13:25:46+00:00\" \/>\n<meta property=\"og:image\" content=\"https:\/\/pule.se\/wp-content\/uploads\/2022\/03\/DSF9890_2.jpg\" \/>\n\t<meta property=\"og:image:width\" content=\"800\" \/>\n\t<meta property=\"og:image:height\" content=\"800\" \/>\n\t<meta property=\"og:image:type\" content=\"image\/jpeg\" \/>\n<meta name=\"twitter:card\" content=\"summary_large_image\" \/>\n<meta name=\"twitter:title\" content=\"Balansbr\u00e4da EASY h\u00e5ller dig i r\u00f6relse under arbetstid!\" \/>\n<meta name=\"twitter:description\" content=\"N\u00e4r du st\u00e5r p\u00e5 Balansbr\u00e4da EASY gungar du bekv\u00e4mt och kontrollerat \u00e5t sidorna samt fram och tillbaks. Balansbr\u00e4dan har blivit ett naturligt hj\u00e4lpmedel p\u00e5 dom flesta moderna arbetsplatser d\u00e5 det fr\u00e4mjar en aktiv arbetsmilj\u00f6.\" \/>\n<meta name=\"twitter:image\" content=\"https:\/\/shop.bjerring-sales.dk\/wp-content\/uploads\/2022\/03\/DSF9890_2.jpg\" \/>\n<meta name=\"twitter:label1\" content=\"Estimeret l\u00e6setid\" \/>\n\t<meta name=\"twitter:data1\" content=\"2 minutter\" \/>\n<script type=\"application\/ld+json\" class=\"yoast-schema-graph\">{\"@context\":\"https:\/\/schema.org\",\"@graph\":[{\"@type\":\"WebPage\",\"@id\":\"https:\/\/shop.bjerring-sales.dk\/sv\/produkt\/balansbrada-easy\/\",\"url\":\"https:\/\/shop.bjerring-sales.dk\/sv\/produkt\/balansbrada-easy\/\",\"name\":\"Balansbr\u00e4da EASY - Bjerring-Sales\",\"isPartOf\":{\"@id\":\"https:\/\/shop.bjerring-sales.dk\/#website\"},\"primaryImageOfPage\":{\"@id\":\"https:\/\/shop.bjerring-sales.dk\/sv\/produkt\/balansbrada-easy\/#primaryimage\"},\"image\":{\"@id\":\"https:\/\/shop.bjerring-sales.dk\/sv\/produkt\/balansbrada-easy\/#primaryimage\"},\"thumbnailUrl\":\"https:\/\/shop.bjerring-sales.dk\/wp-content\/uploads\/2022\/03\/223100_2__CGD_award_800.jpg\",\"datePublished\":\"2022-03-17T15:39:34+00:00\",\"dateModified\":\"2023-01-18T13:25:46+00:00\",\"description\":\"N\u00e4r du st\u00e5r p\u00e5 Balansbr\u00e4da EASY gungar du bekv\u00e4mt och kontrollerat \u00e5t sidorna samt fram och tillbaks. Balansbr\u00e4dan har blivit ett naturligt hj\u00e4lpmedel p\u00e5 dom flesta moderna arbetsplatser d\u00e5 det fr\u00e4mjar en aktiv arbetsmilj\u00f6.\",\"breadcrumb\":{\"@id\":\"https:\/\/shop.bjerring-sales.dk\/sv\/produkt\/balansbrada-easy\/#breadcrumb\"},\"inLanguage\":\"da-DK\",\"potentialAction\":[{\"@type\":\"ReadAction\",\"target\":[\"https:\/\/shop.bjerring-sales.dk\/sv\/produkt\/balansbrada-easy\/\"]}]},{\"@type\":\"ImageObject\",\"inLanguage\":\"da-DK\",\"@id\":\"https:\/\/shop.bjerring-sales.dk\/sv\/produkt\/balansbrada-easy\/#primaryimage\",\"url\":\"https:\/\/shop.bjerring-sales.dk\/wp-content\/uploads\/2022\/03\/223100_2__CGD_award_800.jpg\",\"contentUrl\":\"https:\/\/shop.bjerring-sales.dk\/wp-content\/uploads\/2022\/03\/223100_2__CGD_award_800.jpg\",\"width\":800,\"height\":800},{\"@type\":\"BreadcrumbList\",\"@id\":\"https:\/\/shop.bjerring-sales.dk\/sv\/produkt\/balansbrada-easy\/#breadcrumb\",\"itemListElement\":[{\"@type\":\"ListItem\",\"position\":1,\"name\":\"Hem\",\"item\":\"https:\/\/shop.bjerring-sales.dk\/\"},{\"@type\":\"ListItem\",\"position\":2,\"name\":\"Webbutik\",\"item\":\"https:\/\/shop.bjerring-sales.dk\/butik\/\"},{\"@type\":\"ListItem\",\"position\":3,\"name\":\"Balansbr\u00e4da EASY\"}]},{\"@type\":\"WebSite\",\"@id\":\"https:\/\/shop.bjerring-sales.dk\/#website\",\"url\":\"https:\/\/shop.bjerring-sales.dk\/\",\"name\":\"Bjerring-Sales\",\"description\":\"M\u00f6bler f\u00f6r teatrar, skolor, kontor och k\u00f6pcentrum\",\"publisher\":{\"@id\":\"https:\/\/shop.bjerring-sales.dk\/#organization\"},\"potentialAction\":[{\"@type\":\"SearchAction\",\"target\":{\"@type\":\"EntryPoint\",\"urlTemplate\":\"https:\/\/shop.bjerring-sales.dk\/?s={search_term_string}\"},\"query-input\":{\"@type\":\"PropertyValueSpecification\",\"valueRequired\":true,\"valueName\":\"search_term_string\"}}],\"inLanguage\":\"da-DK\"},{\"@type\":\"Organization\",\"@id\":\"https:\/\/shop.bjerring-sales.dk\/#organization\",\"name\":\"Bjerring-Sales\",\"url\":\"https:\/\/shop.bjerring-sales.dk\/\",\"logo\":{\"@type\":\"ImageObject\",\"inLanguage\":\"da-DK\",\"@id\":\"https:\/\/shop.bjerring-sales.dk\/#\/schema\/logo\/image\/\",\"url\":\"https:\/\/shop.bjerring-sales.dk\/wp-content\/uploads\/2023\/01\/logo_sv.png\",\"contentUrl\":\"https:\/\/shop.bjerring-sales.dk\/wp-content\/uploads\/2023\/01\/logo_sv.png\",\"width\":195,\"height\":68,\"caption\":\"Bjerring-Sales\"},\"image\":{\"@id\":\"https:\/\/shop.bjerring-sales.dk\/#\/schema\/logo\/image\/\"}}]}<\/script>\n<!-- \/ Yoast SEO plugin. -->","yoast_head_json":{"title":"Balansbr\u00e4da EASY - Bjerring-Sales","description":"N\u00e5r du st\u00e5r p\u00e5 Balancebr\u00e6t EASY, vugger du komfortabelt og kontrolleret til siderne og frem og tilbage. Balancebr\u00e6ttet er blevet et naturligt hj\u00e6lpemiddel p\u00e5 de fleste moderne arbejdspladser, da det fremmer et aktivt arbejdsmilj\u00f8.","robots":{"index":"index","follow":"follow","max-snippet":"max-snippet:-1","max-image-preview":"max-image-preview:large","max-video-preview":"max-video-preview:-1"},"canonical":"https:\/\/shop.bjerring-sales.dk\/da\/vare\/balansbrada-easy\/","og_locale":"da_DK","og_type":"article","og_title":"Balansbr\u00e4da EASY h\u00e5ller dig i r\u00f6relse under arbetstid!","og_description":"N\u00e4r du st\u00e5r p\u00e5 Balansbr\u00e4da EASY gungar du bekv\u00e4mt och kontrollerat \u00e5t sidorna samt fram och tillbaks. Balansbr\u00e4dan har blivit ett naturligt hj\u00e4lpmedel p\u00e5 dom flesta moderna arbetsplatser d\u00e5 det fr\u00e4mjar en aktiv arbetsmilj\u00f6.","og_url":"https:\/\/shop.bjerring-sales.dk\/da\/vare\/balansbrada-easy\/","og_site_name":"Bjerring-Sales","article_modified_time":"2023-01-18T13:25:46+00:00","og_image":[{"width":800,"height":800,"url":"https:\/\/pule.se\/wp-content\/uploads\/2022\/03\/DSF9890_2.jpg","type":"image\/jpeg"}],"twitter_card":"summary_large_image","twitter_title":"Balansbr\u00e4da EASY h\u00e5ller dig i r\u00f6relse under arbetstid!","twitter_description":"N\u00e4r du st\u00e5r p\u00e5 Balansbr\u00e4da EASY gungar du bekv\u00e4mt och kontrollerat \u00e5t sidorna samt fram och tillbaks. Balansbr\u00e4dan har blivit ett naturligt hj\u00e4lpmedel p\u00e5 dom flesta moderna arbetsplatser d\u00e5 det fr\u00e4mjar en aktiv arbetsmilj\u00f6.","twitter_image":"https:\/\/shop.bjerring-sales.dk\/wp-content\/uploads\/2022\/03\/DSF9890_2.jpg","twitter_misc":{"Estimeret l\u00e6setid":"2 minutter"},"schema":{"@context":"https:\/\/schema.org","@graph":[{"@type":"WebPage","@id":"https:\/\/shop.bjerring-sales.dk\/sv\/produkt\/balansbrada-easy\/","url":"https:\/\/shop.bjerring-sales.dk\/sv\/produkt\/balansbrada-easy\/","name":"Balansbr\u00e4da EASY - Bjerring-Sales","isPartOf":{"@id":"https:\/\/shop.bjerring-sales.dk\/#website"},"primaryImageOfPage":{"@id":"https:\/\/shop.bjerring-sales.dk\/sv\/produkt\/balansbrada-easy\/#primaryimage"},"image":{"@id":"https:\/\/shop.bjerring-sales.dk\/sv\/produkt\/balansbrada-easy\/#primaryimage"},"thumbnailUrl":"https:\/\/shop.bjerring-sales.dk\/wp-content\/uploads\/2022\/03\/223100_2__CGD_award_800.jpg","datePublished":"2022-03-17T15:39:34+00:00","dateModified":"2023-01-18T13:25:46+00:00","description":"N\u00e5r du st\u00e5r p\u00e5 Balancebr\u00e6t EASY, vugger du komfortabelt og kontrolleret til siderne og frem og tilbage. Balancebr\u00e6ttet er blevet et naturligt hj\u00e6lpemiddel p\u00e5 de fleste moderne arbejdspladser, da det fremmer et aktivt arbejdsmilj\u00f8.","breadcrumb":{"@id":"https:\/\/shop.bjerring-sales.dk\/sv\/produkt\/balansbrada-easy\/#breadcrumb"},"inLanguage":"da-DK","potentialAction":[{"@type":"ReadAction","target":["https:\/\/shop.bjerring-sales.dk\/sv\/produkt\/balansbrada-easy\/"]}]},{"@type":"ImageObject","inLanguage":"da-DK","@id":"https:\/\/shop.bjerring-sales.dk\/sv\/produkt\/balansbrada-easy\/#primaryimage","url":"https:\/\/shop.bjerring-sales.dk\/wp-content\/uploads\/2022\/03\/223100_2__CGD_award_800.jpg","contentUrl":"https:\/\/shop.bjerring-sales.dk\/wp-content\/uploads\/2022\/03\/223100_2__CGD_award_800.jpg","width":800,"height":800},{"@type":"BreadcrumbList","@id":"https:\/\/shop.bjerring-sales.dk\/sv\/produkt\/balansbrada-easy\/#breadcrumb","itemListElement":[{"@type":"ListItem","position":1,"name":"Hem","item":"https:\/\/shop.bjerring-sales.dk\/"},{"@type":"ListItem","position":2,"name":"Webbutik","item":"https:\/\/shop.bjerring-sales.dk\/butik\/"},{"@type":"ListItem","position":3,"name":"Balansbr\u00e4da EASY"}]},{"@type":"WebSite","@id":"https:\/\/shop.bjerring-sales.dk\/#website","url":"https:\/\/shop.bjerring-sales.dk\/","name":"Bjerring-Salg","description":"M\u00f8bler til teatre, skoler, kontorer og indk\u00f8bscentre","publisher":{"@id":"https:\/\/shop.bjerring-sales.dk\/#organization"},"potentialAction":[{"@type":"SearchAction","target":{"@type":"EntryPoint","urlTemplate":"https:\/\/shop.bjerring-sales.dk\/?s={search_term_string}"},"query-input":{"@type":"PropertyValueSpecification","valueRequired":true,"valueName":"search_term_string"}}],"inLanguage":"da-DK"},{"@type":"Organization","@id":"https:\/\/shop.bjerring-sales.dk\/#organization","name":"Bjerring-Salg","url":"https:\/\/shop.bjerring-sales.dk\/","logo":{"@type":"ImageObject","inLanguage":"da-DK","@id":"https:\/\/shop.bjerring-sales.dk\/#\/schema\/logo\/image\/","url":"https:\/\/shop.bjerring-sales.dk\/wp-content\/uploads\/2023\/01\/logo_sv.png","contentUrl":"https:\/\/shop.bjerring-sales.dk\/wp-content\/uploads\/2023\/01\/logo_sv.png","width":195,"height":68,"caption":"Bjerring-Sales"},"image":{"@id":"https:\/\/shop.bjerring-sales.dk\/#\/schema\/logo\/image\/"}}]}},"_links":{"self":[{"href":"https:\/\/shop.bjerring-sales.dk\/da\/wp-json\/wp\/v2\/product\/75584","targetHints":{"allow":["GET"]}}],"collection":[{"href":"https:\/\/shop.bjerring-sales.dk\/da\/wp-json\/wp\/v2\/product"}],"about":[{"href":"https:\/\/shop.bjerring-sales.dk\/da\/wp-json\/wp\/v2\/types\/product"}],"wp:featuredmedia":[{"embeddable":true,"href":"https:\/\/shop.bjerring-sales.dk\/da\/wp-json\/wp\/v2\/media\/75585"}],"wp:attachment":[{"href":"https:\/\/shop.bjerring-sales.dk\/da\/wp-json\/wp\/v2\/media?parent=75584"}],"wp:term":[{"taxonomy":"product_brand","embeddable":true,"href":"https:\/\/shop.bjerring-sales.dk\/da\/wp-json\/wp\/v2\/product_brand?post=75584"},{"taxonomy":"product_cat","embeddable":true,"href":"https:\/\/shop.bjerring-sales.dk\/da\/wp-json\/wp\/v2\/product_cat?post=75584"},{"taxonomy":"product_tag","embeddable":true,"href":"https:\/\/shop.bjerring-sales.dk\/da\/wp-json\/wp\/v2\/product_tag?post=75584"}],"curies":[{"name":"wp","href":"https:\/\/api.w.org\/{rel}","templated":true}]}}