{"id":73689,"date":"2022-03-10T15:37:36","date_gmt":"2022-03-10T14:37:36","guid":{"rendered":"https:\/\/pule.se\/?post_type=product&#038;p=73689"},"modified":"2025-06-27T15:07:48","modified_gmt":"2025-06-27T13:07:48","slug":"sittpuff-easy","status":"publish","type":"product","link":"https:\/\/shop.bjerring-sales.dk\/da\/vare\/sittpuff-easy\/","title":{"rendered":"Puf EASY"},"content":{"rendered":"<div class=\"wpb-content-wrapper\"><div class=\"vc_row wpb_row vc_row-fluid\"><div class=\"wpb_column vc_column_container vc_col-sm-12\"><div class=\"vc_column-inner\"><div class=\"wpb_wrapper\">\n\t<div class=\"wpb_text_column wpb_content_element\" >\n\t\t<div class=\"wpb_wrapper\">\n\t\t\t<p><span style=\"font-size: 24pt\">Puf EASY er et stilrent m\u00f8bel, der aktiverer kroppen!<\/span><br \/>\nPuf EASY er et aktivt m\u00f8bel, der passer ind i de fleste milj\u00f8er. Det er popul\u00e6rt som lobbym\u00f8bler, i skoler og b\u00f8rnehaver samt i b\u00f8rnehaver og i hjemmet. Puf EASY s\u00f8rger ogs\u00e5 for, at kroppen aktiveres allerede n\u00e5r du s\u00e6tter dig ned og l\u00f8fter dine ben for at stabilisere dem mod gulvet. De ergonomiske siddem\u00f8bler har et stilrent design med bl\u00f8de linjer, der g\u00f8r, at de bliver taget godt imod, hvor end de ender.<\/p>\n\n\t\t<\/div>\n\t<\/div>\n<\/div><\/div><\/div><\/div><div class=\"vc_row wpb_row vc_row-fluid\"><div class=\"wpb_column vc_column_container vc_col-sm-6\"><div class=\"vc_column-inner\"><div class=\"wpb_wrapper\">\n\t<div  class=\"wpb_single_image wpb_content_element vc_align_center\">\n\t\t\n\t\t<figure class=\"wpb_wrapper vc_figure\">\n\t\t\t<div class=\"vc_single_image-wrapper vc_box_shadow_border  vc_box_border_grey\"><img loading=\"lazy\" decoding=\"async\" width=\"800\" height=\"550\" src=\"https:\/\/shop.bjerring-sales.dk\/wp-content\/uploads\/2022\/03\/DSF9921.jpg\" class=\"vc_single_image-img attachment-full\" alt=\"\" title=\"DSF9921\" srcset=\"https:\/\/shop.bjerring-sales.dk\/wp-content\/uploads\/2022\/03\/DSF9921.jpg 800w, https:\/\/shop.bjerring-sales.dk\/wp-content\/uploads\/2022\/03\/DSF9921-150x103.jpg 150w, https:\/\/shop.bjerring-sales.dk\/wp-content\/uploads\/2022\/03\/DSF9921-600x413.jpg 600w, https:\/\/shop.bjerring-sales.dk\/wp-content\/uploads\/2022\/03\/DSF9921-300x206.jpg 300w, https:\/\/shop.bjerring-sales.dk\/wp-content\/uploads\/2022\/03\/DSF9921-768x528.jpg 768w\" sizes=\"auto, (max-width: 800px) 100vw, 800px\" \/><\/div>\n\t\t<\/figure>\n\t<\/div>\n<\/div><\/div><\/div><div class=\"wpb_column vc_column_container vc_col-sm-6\"><div class=\"vc_column-inner\"><div class=\"wpb_wrapper\">\n\t<div  class=\"wpb_single_image wpb_content_element vc_align_center\">\n\t\t\n\t\t<figure class=\"wpb_wrapper vc_figure\">\n\t\t\t<div class=\"vc_single_image-wrapper   vc_box_border_grey\"><img loading=\"lazy\" decoding=\"async\" width=\"800\" height=\"550\" src=\"https:\/\/shop.bjerring-sales.dk\/wp-content\/uploads\/2022\/03\/Sittpuff_easy_550.jpg\" class=\"vc_single_image-img attachment-full\" alt=\"\" title=\"B\u00f8nnepose_easy_550\" srcset=\"https:\/\/shop.bjerring-sales.dk\/wp-content\/uploads\/2022\/03\/Sittpuff_easy_550.jpg 800w, https:\/\/shop.bjerring-sales.dk\/wp-content\/uploads\/2022\/03\/Sittpuff_easy_550-150x103.jpg 150w, https:\/\/shop.bjerring-sales.dk\/wp-content\/uploads\/2022\/03\/Sittpuff_easy_550-600x413.jpg 600w, https:\/\/shop.bjerring-sales.dk\/wp-content\/uploads\/2022\/03\/Sittpuff_easy_550-300x206.jpg 300w, https:\/\/shop.bjerring-sales.dk\/wp-content\/uploads\/2022\/03\/Sittpuff_easy_550-768x528.jpg 768w\" sizes=\"auto, (max-width: 800px) 100vw, 800px\" \/><\/div>\n\t\t<\/figure>\n\t<\/div>\n<\/div><\/div><\/div><\/div><div class=\"vc_row wpb_row vc_row-fluid\"><div class=\"wpb_column vc_column_container vc_col-sm-12\"><div class=\"vc_column-inner\"><div class=\"wpb_wrapper\">\n\t<div class=\"wpb_text_column wpb_content_element\" >\n\t\t<div class=\"wpb_wrapper\">\n\t\t\t<p><span style=\"font-size: 18pt\">Anvendelsesomr\u00e5de<\/span><br \/>\nPuf EASY har en rund base, der hj\u00e6lper med at aktivere flere muskler inklusive benene. Det betyder, at selvom du sidder i kort tid, er det gavnligt. Ergonomien er tydelig, n\u00e5r du laver sm\u00e5 bev\u00e6gelser, hvilket opleves behageligt. Du kan nemt justere siddevinklen med din egen kropsv\u00e6gt. Puf EASY er betrukket med et l\u00e6kkert slidst\u00e6rkt stof med et tilpas bl\u00f8dt s\u00e6de. Puffen arrangeres med fordel i sm\u00e5 grupper, hvilket skaber et p\u00e6nere helhedsudtryk til fx lobbyer eller kontorlokaler.<\/p>\n<p><span style=\"font-size: 18pt\">Specifikationer<\/span><\/p>\n<ul>\n<li>Stofbetrukket 100% polyester<\/li>\n<li>Rundt s\u00e6de<\/li>\n<li>Smart h\u00e5ndtag s\u00e5 den nemt kan flyttes<\/li>\n<li>Ergonomisk stole<\/li>\n<li>Fast rammestruktur uden mulighed for h\u00f8jdejustering<\/li>\n<\/ul>\n\n\t\t<\/div>\n\t<\/div>\n<\/div><\/div><\/div><\/div>\n<\/div>","protected":false},"excerpt":{"rendered":"<p><span style=\"color: #ff0000\">Denne vare er udsolgt.<\/span> Puf EASY er et aktivt m\u00f8bel, der passer ind i de fleste milj\u00f8er. Det er popul\u00e6rt som lobbym\u00f8bler, i skoler og b\u00f8rnehaver samt i b\u00f8rnehaver og i hjemmet. Puf EASY s\u00f8rger ogs\u00e5 for, at kroppen aktiveres allerede n\u00e5r du s\u00e6tter dig ned og l\u00f8fter dine ben for at stabilisere dem mod gulvet.<\/p>","protected":false},"featured_media":100873,"template":"","meta":{"iawp_total_views":12},"product_brand":[],"product_cat":[5826,6353,5827,5848,6025],"product_tag":[5793,6024,6031,6033,6034],"class_list":{"0":"post-73689","1":"product","2":"type-product","3":"status-publish","4":"has-post-thumbnail","6":"product_cat-skrivbordsstolar","7":"product_cat-up-down-easy","8":"product_cat-kontorsstolar","9":"product_cat-kladda-stolar","10":"product_cat-ergonomiskt-sittande","11":"product_tag-ergonomi","12":"product_tag-aktivt-sittande","13":"product_tag-ergonomiskt-sittande","14":"product_tag-sittpuff","15":"product_tag-lounge-mobel","17":"first","18":"instock","19":"taxable","20":"shipping-taxable","21":"purchasable","22":"product-type-simple"},"yoast_head":"<!-- This site is optimized with the Yoast SEO plugin v27.0 - https:\/\/yoast.com\/product\/yoast-seo-wordpress\/ -->\n<title>Sittpuff EASY - Bjerring-Sales<\/title>\n<meta name=\"description\" content=\"Sittpuff EASY \u00e4r en aktiv sittm\u00f6bel som passar in i dom flesta milj\u00f6er. Den \u00e4r popul\u00e4r som lobbym\u00f6bel, i skolor och f\u00f6rskolor s\u00e5v\u00e4l som till dagis och i hemmet.\" \/>\n<meta name=\"robots\" content=\"index, follow, max-snippet:-1, max-image-preview:large, max-video-preview:-1\" \/>\n<link rel=\"canonical\" href=\"https:\/\/shop.bjerring-sales.dk\/da\/vare\/sittpuff-easy\/\" \/>\n<meta property=\"og:locale\" content=\"da_DK\" \/>\n<meta property=\"og:type\" content=\"article\" \/>\n<meta property=\"og:title\" content=\"Sittpuff EASY \u00e4r en snygg m\u00f6bel som aktiverar kroppen!\" \/>\n<meta property=\"og:description\" content=\"Sittpuff EASY \u00e4r en aktiv sittm\u00f6bel som passar in i dom flesta milj\u00f6er. Den \u00e4r popul\u00e4r som lobbym\u00f6bel, i skolor och f\u00f6rskolor s\u00e5v\u00e4l som till dagis och i hemmet.\" \/>\n<meta property=\"og:url\" content=\"https:\/\/shop.bjerring-sales.dk\/da\/vare\/sittpuff-easy\/\" \/>\n<meta property=\"og:site_name\" content=\"Bjerring-Sales\" \/>\n<meta property=\"article:modified_time\" content=\"2025-06-27T13:07:48+00:00\" \/>\n<meta property=\"og:image\" content=\"https:\/\/shop.bjerring-sales.dk\/wp-content\/uploads\/2022\/03\/DSF9921.jpg\" \/>\n\t<meta property=\"og:image:width\" content=\"800\" \/>\n\t<meta property=\"og:image:height\" content=\"550\" \/>\n\t<meta property=\"og:image:type\" content=\"image\/jpeg\" \/>\n<meta name=\"twitter:card\" content=\"summary_large_image\" \/>\n<meta name=\"twitter:title\" content=\"Sittpuff EASY \u00e4r en snygg m\u00f6bel som aktiverar kroppen!\" \/>\n<meta name=\"twitter:description\" content=\"Sittpuff EASY \u00e4r en aktiv sittm\u00f6bel som passar in i dom flesta milj\u00f6er. Den \u00e4r popul\u00e4r som lobbym\u00f6bel, i skolor och f\u00f6rskolor s\u00e5v\u00e4l som till dagis och i hemmet.\" \/>\n<meta name=\"twitter:image\" content=\"https:\/\/shop.bjerring-sales.dk\/wp-content\/uploads\/2022\/03\/DSF9921.jpg\" \/>\n<meta name=\"twitter:label1\" content=\"Estimeret l\u00e6setid\" \/>\n\t<meta name=\"twitter:data1\" content=\"1 minut\" \/>\n<script type=\"application\/ld+json\" class=\"yoast-schema-graph\">{\"@context\":\"https:\/\/schema.org\",\"@graph\":[{\"@type\":\"WebPage\",\"@id\":\"https:\/\/shop.bjerring-sales.dk\/sv\/produkt\/sittpuff-easy\/\",\"url\":\"https:\/\/shop.bjerring-sales.dk\/sv\/produkt\/sittpuff-easy\/\",\"name\":\"Sittpuff EASY - Bjerring-Sales\",\"isPartOf\":{\"@id\":\"https:\/\/shop.bjerring-sales.dk\/#website\"},\"primaryImageOfPage\":{\"@id\":\"https:\/\/shop.bjerring-sales.dk\/sv\/produkt\/sittpuff-easy\/#primaryimage\"},\"image\":{\"@id\":\"https:\/\/shop.bjerring-sales.dk\/sv\/produkt\/sittpuff-easy\/#primaryimage\"},\"thumbnailUrl\":\"https:\/\/shop.bjerring-sales.dk\/wp-content\/uploads\/2025\/06\/071.jpg\",\"datePublished\":\"2022-03-10T14:37:36+00:00\",\"dateModified\":\"2025-06-27T13:07:48+00:00\",\"description\":\"Sittpuff EASY \u00e4r en aktiv sittm\u00f6bel som passar in i dom flesta milj\u00f6er. Den \u00e4r popul\u00e4r som lobbym\u00f6bel, i skolor och f\u00f6rskolor s\u00e5v\u00e4l som till dagis och i hemmet.\",\"breadcrumb\":{\"@id\":\"https:\/\/shop.bjerring-sales.dk\/sv\/produkt\/sittpuff-easy\/#breadcrumb\"},\"inLanguage\":\"da-DK\",\"potentialAction\":[{\"@type\":\"ReadAction\",\"target\":[\"https:\/\/shop.bjerring-sales.dk\/sv\/produkt\/sittpuff-easy\/\"]}]},{\"@type\":\"ImageObject\",\"inLanguage\":\"da-DK\",\"@id\":\"https:\/\/shop.bjerring-sales.dk\/sv\/produkt\/sittpuff-easy\/#primaryimage\",\"url\":\"https:\/\/shop.bjerring-sales.dk\/wp-content\/uploads\/2025\/06\/071.jpg\",\"contentUrl\":\"https:\/\/shop.bjerring-sales.dk\/wp-content\/uploads\/2025\/06\/071.jpg\",\"width\":800,\"height\":800},{\"@type\":\"BreadcrumbList\",\"@id\":\"https:\/\/shop.bjerring-sales.dk\/sv\/produkt\/sittpuff-easy\/#breadcrumb\",\"itemListElement\":[{\"@type\":\"ListItem\",\"position\":1,\"name\":\"Hem\",\"item\":\"https:\/\/shop.bjerring-sales.dk\/\"},{\"@type\":\"ListItem\",\"position\":2,\"name\":\"Webbutik\",\"item\":\"https:\/\/shop.bjerring-sales.dk\/butik\/\"},{\"@type\":\"ListItem\",\"position\":3,\"name\":\"Sittpuff EASY\"}]},{\"@type\":\"WebSite\",\"@id\":\"https:\/\/shop.bjerring-sales.dk\/#website\",\"url\":\"https:\/\/shop.bjerring-sales.dk\/\",\"name\":\"Bjerring-Sales\",\"description\":\"M\u00f6bler f\u00f6r teatrar, skolor, kontor och k\u00f6pcentrum\",\"publisher\":{\"@id\":\"https:\/\/shop.bjerring-sales.dk\/#organization\"},\"potentialAction\":[{\"@type\":\"SearchAction\",\"target\":{\"@type\":\"EntryPoint\",\"urlTemplate\":\"https:\/\/shop.bjerring-sales.dk\/?s={search_term_string}\"},\"query-input\":{\"@type\":\"PropertyValueSpecification\",\"valueRequired\":true,\"valueName\":\"search_term_string\"}}],\"inLanguage\":\"da-DK\"},{\"@type\":\"Organization\",\"@id\":\"https:\/\/shop.bjerring-sales.dk\/#organization\",\"name\":\"Bjerring-Sales\",\"url\":\"https:\/\/shop.bjerring-sales.dk\/\",\"logo\":{\"@type\":\"ImageObject\",\"inLanguage\":\"da-DK\",\"@id\":\"https:\/\/shop.bjerring-sales.dk\/#\/schema\/logo\/image\/\",\"url\":\"https:\/\/shop.bjerring-sales.dk\/wp-content\/uploads\/2023\/01\/logo_sv.png\",\"contentUrl\":\"https:\/\/shop.bjerring-sales.dk\/wp-content\/uploads\/2023\/01\/logo_sv.png\",\"width\":195,\"height\":68,\"caption\":\"Bjerring-Sales\"},\"image\":{\"@id\":\"https:\/\/shop.bjerring-sales.dk\/#\/schema\/logo\/image\/\"}}]}<\/script>\n<!-- \/ Yoast SEO plugin. -->","yoast_head_json":{"title":"Sittpuff EASY - Bjerring-Sales","description":"Sittpuff EASY \u00e4r en aktiv sittm\u00f6bel som passar in i dom flesta milj\u00f6er. Den \u00e4r popul\u00e4r som lobbym\u00f6bel, i skolor och f\u00f6rskolor s\u00e5v\u00e4l som till dagis och i hemmet.","robots":{"index":"index","follow":"follow","max-snippet":"max-snippet:-1","max-image-preview":"max-image-preview:large","max-video-preview":"max-video-preview:-1"},"canonical":"https:\/\/shop.bjerring-sales.dk\/da\/vare\/sittpuff-easy\/","og_locale":"da_DK","og_type":"article","og_title":"Sittpuff EASY \u00e4r en snygg m\u00f6bel som aktiverar kroppen!","og_description":"Sittpuff EASY \u00e4r en aktiv sittm\u00f6bel som passar in i dom flesta milj\u00f6er. Den \u00e4r popul\u00e4r som lobbym\u00f6bel, i skolor och f\u00f6rskolor s\u00e5v\u00e4l som till dagis och i hemmet.","og_url":"https:\/\/shop.bjerring-sales.dk\/da\/vare\/sittpuff-easy\/","og_site_name":"Bjerring-Sales","article_modified_time":"2025-06-27T13:07:48+00:00","og_image":[{"width":800,"height":550,"url":"https:\/\/shop.bjerring-sales.dk\/wp-content\/uploads\/2022\/03\/DSF9921.jpg","type":"image\/jpeg"}],"twitter_card":"summary_large_image","twitter_title":"Sittpuff EASY \u00e4r en snygg m\u00f6bel som aktiverar kroppen!","twitter_description":"Sittpuff EASY \u00e4r en aktiv sittm\u00f6bel som passar in i dom flesta milj\u00f6er. Den \u00e4r popul\u00e4r som lobbym\u00f6bel, i skolor och f\u00f6rskolor s\u00e5v\u00e4l som till dagis och i hemmet.","twitter_image":"https:\/\/shop.bjerring-sales.dk\/wp-content\/uploads\/2022\/03\/DSF9921.jpg","twitter_misc":{"Estimeret l\u00e6setid":"1 minut"},"schema":{"@context":"https:\/\/schema.org","@graph":[{"@type":"WebPage","@id":"https:\/\/shop.bjerring-sales.dk\/sv\/produkt\/sittpuff-easy\/","url":"https:\/\/shop.bjerring-sales.dk\/sv\/produkt\/sittpuff-easy\/","name":"Sittpuff EASY - Bjerring-Sales","isPartOf":{"@id":"https:\/\/shop.bjerring-sales.dk\/#website"},"primaryImageOfPage":{"@id":"https:\/\/shop.bjerring-sales.dk\/sv\/produkt\/sittpuff-easy\/#primaryimage"},"image":{"@id":"https:\/\/shop.bjerring-sales.dk\/sv\/produkt\/sittpuff-easy\/#primaryimage"},"thumbnailUrl":"https:\/\/shop.bjerring-sales.dk\/wp-content\/uploads\/2025\/06\/071.jpg","datePublished":"2022-03-10T14:37:36+00:00","dateModified":"2025-06-27T13:07:48+00:00","description":"Sittpuff EASY \u00e4r en aktiv sittm\u00f6bel som passar in i dom flesta milj\u00f6er. Den \u00e4r popul\u00e4r som lobbym\u00f6bel, i skolor och f\u00f6rskolor s\u00e5v\u00e4l som till dagis och i hemmet.","breadcrumb":{"@id":"https:\/\/shop.bjerring-sales.dk\/sv\/produkt\/sittpuff-easy\/#breadcrumb"},"inLanguage":"da-DK","potentialAction":[{"@type":"ReadAction","target":["https:\/\/shop.bjerring-sales.dk\/sv\/produkt\/sittpuff-easy\/"]}]},{"@type":"ImageObject","inLanguage":"da-DK","@id":"https:\/\/shop.bjerring-sales.dk\/sv\/produkt\/sittpuff-easy\/#primaryimage","url":"https:\/\/shop.bjerring-sales.dk\/wp-content\/uploads\/2025\/06\/071.jpg","contentUrl":"https:\/\/shop.bjerring-sales.dk\/wp-content\/uploads\/2025\/06\/071.jpg","width":800,"height":800},{"@type":"BreadcrumbList","@id":"https:\/\/shop.bjerring-sales.dk\/sv\/produkt\/sittpuff-easy\/#breadcrumb","itemListElement":[{"@type":"ListItem","position":1,"name":"Hem","item":"https:\/\/shop.bjerring-sales.dk\/"},{"@type":"ListItem","position":2,"name":"Webbutik","item":"https:\/\/shop.bjerring-sales.dk\/butik\/"},{"@type":"ListItem","position":3,"name":"Sittpuff EASY"}]},{"@type":"WebSite","@id":"https:\/\/shop.bjerring-sales.dk\/#website","url":"https:\/\/shop.bjerring-sales.dk\/","name":"Bjerring-Salg","description":"M\u00f8bler til teatre, skoler, kontorer og indk\u00f8bscentre","publisher":{"@id":"https:\/\/shop.bjerring-sales.dk\/#organization"},"potentialAction":[{"@type":"SearchAction","target":{"@type":"EntryPoint","urlTemplate":"https:\/\/shop.bjerring-sales.dk\/?s={search_term_string}"},"query-input":{"@type":"PropertyValueSpecification","valueRequired":true,"valueName":"search_term_string"}}],"inLanguage":"da-DK"},{"@type":"Organization","@id":"https:\/\/shop.bjerring-sales.dk\/#organization","name":"Bjerring-Salg","url":"https:\/\/shop.bjerring-sales.dk\/","logo":{"@type":"ImageObject","inLanguage":"da-DK","@id":"https:\/\/shop.bjerring-sales.dk\/#\/schema\/logo\/image\/","url":"https:\/\/shop.bjerring-sales.dk\/wp-content\/uploads\/2023\/01\/logo_sv.png","contentUrl":"https:\/\/shop.bjerring-sales.dk\/wp-content\/uploads\/2023\/01\/logo_sv.png","width":195,"height":68,"caption":"Bjerring-Sales"},"image":{"@id":"https:\/\/shop.bjerring-sales.dk\/#\/schema\/logo\/image\/"}}]}},"_links":{"self":[{"href":"https:\/\/shop.bjerring-sales.dk\/da\/wp-json\/wp\/v2\/product\/73689","targetHints":{"allow":["GET"]}}],"collection":[{"href":"https:\/\/shop.bjerring-sales.dk\/da\/wp-json\/wp\/v2\/product"}],"about":[{"href":"https:\/\/shop.bjerring-sales.dk\/da\/wp-json\/wp\/v2\/types\/product"}],"wp:featuredmedia":[{"embeddable":true,"href":"https:\/\/shop.bjerring-sales.dk\/da\/wp-json\/wp\/v2\/media\/100873"}],"wp:attachment":[{"href":"https:\/\/shop.bjerring-sales.dk\/da\/wp-json\/wp\/v2\/media?parent=73689"}],"wp:term":[{"taxonomy":"product_brand","embeddable":true,"href":"https:\/\/shop.bjerring-sales.dk\/da\/wp-json\/wp\/v2\/product_brand?post=73689"},{"taxonomy":"product_cat","embeddable":true,"href":"https:\/\/shop.bjerring-sales.dk\/da\/wp-json\/wp\/v2\/product_cat?post=73689"},{"taxonomy":"product_tag","embeddable":true,"href":"https:\/\/shop.bjerring-sales.dk\/da\/wp-json\/wp\/v2\/product_tag?post=73689"}],"curies":[{"name":"wp","href":"https:\/\/api.w.org\/{rel}","templated":true}]}}