{"id":73685,"date":"2022-03-09T15:04:15","date_gmt":"2022-03-09T14:04:15","guid":{"rendered":"https:\/\/pule.se\/?post_type=product&#038;p=73685"},"modified":"2023-01-18T14:27:12","modified_gmt":"2023-01-18T13:27:12","slug":"balanspall-triangel-easy","status":"publish","type":"product","link":"https:\/\/shop.bjerring-sales.dk\/da\/vare\/balanspall-triangel-easy\/","title":{"rendered":"Balance skammel Triangle Easy"},"content":{"rendered":"<div class=\"wpb-content-wrapper\"><div class=\"vc_row wpb_row vc_row-fluid\"><div class=\"wpb_column vc_column_container vc_col-sm-12\"><div class=\"vc_column-inner\"><div class=\"wpb_wrapper\">\n\t<div class=\"wpb_text_column wpb_content_element\" >\n\t\t<div class=\"wpb_wrapper\">\n\t\t\t<p><span style=\"font-size: 24pt\">En ergonomisk balancetaburet, der holder dig i bev\u00e6gelse!<\/span><br \/>\nTriangle Easy er en balancetaburet, der aktiverer kroppens muskler og holder dig i bev\u00e6gelse. Med et gennemt\u00e6nkt design og et velkonstrueret konvekst ben sidder kroppen fast og sikkert p\u00e5 det ergonomiske s\u00e6de. Under balanceskamlen er der en robust gummis\u00e5l, der giver et godt greb og sikrer, at stolen ikke glider rundt p\u00e5 gulvet. Gasfjederen p\u00e5 Triangle Easy er ikke-roterende, hvilket if\u00f8lge producenten skulle sikre, at den f\u00f8les stabil i brug.<\/p>\n\n\t\t<\/div>\n\t<\/div>\n<\/div><\/div><\/div><\/div><div class=\"vc_row wpb_row vc_row-fluid\"><div class=\"wpb_column vc_column_container vc_col-sm-3\"><div class=\"vc_column-inner\"><div class=\"wpb_wrapper\">\n\t<div  class=\"wpb_single_image wpb_content_element vc_align_center\">\n\t\t\n\t\t<figure class=\"wpb_wrapper vc_figure\">\n\t\t\t<div class=\"vc_single_image-wrapper vc_box_shadow_border  vc_box_border_grey\"><img loading=\"lazy\" decoding=\"async\" width=\"800\" height=\"800\" src=\"https:\/\/shop.bjerring-sales.dk\/wp-content\/uploads\/2022\/03\/DSF9868-4.jpg\" class=\"vc_single_image-img attachment-full\" alt=\"\" title=\"DSF9868-4\" srcset=\"https:\/\/shop.bjerring-sales.dk\/wp-content\/uploads\/2022\/03\/DSF9868-4.jpg 800w, https:\/\/shop.bjerring-sales.dk\/wp-content\/uploads\/2022\/03\/DSF9868-4-300x300.jpg 300w, https:\/\/shop.bjerring-sales.dk\/wp-content\/uploads\/2022\/03\/DSF9868-4-150x150.jpg 150w, https:\/\/shop.bjerring-sales.dk\/wp-content\/uploads\/2022\/03\/DSF9868-4-600x600.jpg 600w, https:\/\/shop.bjerring-sales.dk\/wp-content\/uploads\/2022\/03\/DSF9868-4-768x768.jpg 768w\" sizes=\"auto, (max-width: 800px) 100vw, 800px\" \/><\/div>\n\t\t<\/figure>\n\t<\/div>\n<\/div><\/div><\/div><div class=\"wpb_column vc_column_container vc_col-sm-3\"><div class=\"vc_column-inner\"><div class=\"wpb_wrapper\">\n\t<div  class=\"wpb_single_image wpb_content_element vc_align_center\">\n\t\t\n\t\t<figure class=\"wpb_wrapper vc_figure\">\n\t\t\t<div class=\"vc_single_image-wrapper vc_box_shadow_border  vc_box_border_grey\"><img loading=\"lazy\" decoding=\"async\" width=\"800\" height=\"800\" src=\"https:\/\/shop.bjerring-sales.dk\/wp-content\/uploads\/2022\/03\/DSF2653_print.jpg\" class=\"vc_single_image-img attachment-full\" alt=\"\" title=\"DSF2653_print\" srcset=\"https:\/\/shop.bjerring-sales.dk\/wp-content\/uploads\/2022\/03\/DSF2653_print.jpg 800w, https:\/\/shop.bjerring-sales.dk\/wp-content\/uploads\/2022\/03\/DSF2653_print-300x300.jpg 300w, https:\/\/shop.bjerring-sales.dk\/wp-content\/uploads\/2022\/03\/DSF2653_print-150x150.jpg 150w, https:\/\/shop.bjerring-sales.dk\/wp-content\/uploads\/2022\/03\/DSF2653_print-600x600.jpg 600w, https:\/\/shop.bjerring-sales.dk\/wp-content\/uploads\/2022\/03\/DSF2653_print-768x768.jpg 768w\" sizes=\"auto, (max-width: 800px) 100vw, 800px\" \/><\/div>\n\t\t<\/figure>\n\t<\/div>\n<\/div><\/div><\/div><div class=\"wpb_column vc_column_container vc_col-sm-3\"><div class=\"vc_column-inner\"><div class=\"wpb_wrapper\">\n\t<div  class=\"wpb_single_image wpb_content_element vc_align_center\">\n\t\t\n\t\t<figure class=\"wpb_wrapper vc_figure\">\n\t\t\t<div class=\"vc_single_image-wrapper vc_box_shadow_border  vc_box_border_grey\"><img loading=\"lazy\" decoding=\"async\" width=\"800\" height=\"800\" src=\"https:\/\/shop.bjerring-sales.dk\/wp-content\/uploads\/2022\/03\/Stoo-Triangle-active-chair-details.jpg\" class=\"vc_single_image-img attachment-full\" alt=\"\" title=\"Stoo-Triangle-active-chair-detaljer\" srcset=\"https:\/\/shop.bjerring-sales.dk\/wp-content\/uploads\/2022\/03\/Stoo-Triangle-active-chair-details.jpg 800w, https:\/\/shop.bjerring-sales.dk\/wp-content\/uploads\/2022\/03\/Stoo-Triangle-active-chair-details-300x300.jpg 300w, https:\/\/shop.bjerring-sales.dk\/wp-content\/uploads\/2022\/03\/Stoo-Triangle-active-chair-details-150x150.jpg 150w, https:\/\/shop.bjerring-sales.dk\/wp-content\/uploads\/2022\/03\/Stoo-Triangle-active-chair-details-600x600.jpg 600w, https:\/\/shop.bjerring-sales.dk\/wp-content\/uploads\/2022\/03\/Stoo-Triangle-active-chair-details-768x768.jpg 768w\" sizes=\"auto, (max-width: 800px) 100vw, 800px\" \/><\/div>\n\t\t<\/figure>\n\t<\/div>\n<\/div><\/div><\/div><div class=\"wpb_column vc_column_container vc_col-sm-3\"><div class=\"vc_column-inner\"><div class=\"wpb_wrapper\">\n\t<div  class=\"wpb_single_image wpb_content_element vc_align_center\">\n\t\t\n\t\t<figure class=\"wpb_wrapper vc_figure\">\n\t\t\t<div class=\"vc_single_image-wrapper vc_box_shadow_border  vc_box_border_grey\"><img loading=\"lazy\" decoding=\"async\" width=\"800\" height=\"800\" src=\"https:\/\/shop.bjerring-sales.dk\/wp-content\/uploads\/2022\/03\/DSF9668_2-1.jpg\" class=\"vc_single_image-img attachment-full\" alt=\"\" title=\"DSF9668_2\" srcset=\"https:\/\/shop.bjerring-sales.dk\/wp-content\/uploads\/2022\/03\/DSF9668_2-1.jpg 800w, https:\/\/shop.bjerring-sales.dk\/wp-content\/uploads\/2022\/03\/DSF9668_2-1-300x300.jpg 300w, https:\/\/shop.bjerring-sales.dk\/wp-content\/uploads\/2022\/03\/DSF9668_2-1-150x150.jpg 150w, https:\/\/shop.bjerring-sales.dk\/wp-content\/uploads\/2022\/03\/DSF9668_2-1-600x600.jpg 600w, https:\/\/shop.bjerring-sales.dk\/wp-content\/uploads\/2022\/03\/DSF9668_2-1-768x768.jpg 768w\" sizes=\"auto, (max-width: 800px) 100vw, 800px\" \/><\/div>\n\t\t<\/figure>\n\t<\/div>\n<\/div><\/div><\/div><\/div><div class=\"vc_row wpb_row vc_row-fluid\"><div class=\"wpb_column vc_column_container vc_col-sm-6\"><div class=\"vc_column-inner\"><div class=\"wpb_wrapper\">\n\t<div class=\"wpb_text_column wpb_content_element\" >\n\t\t<div class=\"wpb_wrapper\">\n\t\t\t<p><span style=\"font-size: 18pt\">Anvendelsesomr\u00e5de<\/span><br \/>\nS\u00e6det har afrundede hj\u00f8rner foran, hvilket g\u00f8r det mere behageligt og naturligt at sidde, n\u00e5r benene m\u00f8der jorden. Balancetaburetten fremmer kropsholdningen og er virkelig behagelig i kombination med et justerbart skrivebord. Den er ogs\u00e5 god at have som supplement til en almindelig kontorstol, hvis du foretr\u00e6kker at variere din siddestilling.<\/p>\n<p><span style=\"font-size: 18pt\">Specifikationer<\/span><\/p>\n<ul>\n<li>Trekantet s\u00e6de<\/li>\n<li>Stofbetr\u00e6k p\u00e5 s\u00e6de<\/li>\n<li>Ergonomisk stole<\/li>\n<li>Gummis\u00e5l p\u00e5 undersiden<\/li>\n<\/ul>\n\n\t\t<\/div>\n\t<\/div>\n<\/div><\/div><\/div><div class=\"wpb_column vc_column_container vc_col-sm-6\"><div class=\"vc_column-inner\"><div class=\"wpb_wrapper\">\n\t<div class=\"wpb_text_column wpb_content_element\" >\n\t\t<div class=\"wpb_wrapper\">\n\t\t\t<p><span style=\"font-size: 18pt\">M\u00e5l<\/span><\/p>\n<p>S\u00e6deh\u00f8jdejustering: 57-86 cm<br \/>\nS\u00e6dediameter: 39 cm<\/p>\n<p><span style=\"font-size: 18pt\">V\u00e6gt<\/span><\/p>\n<p>7,5 kg<\/p>\n<p><span style=\"font-size: 18pt\">Garanti<\/span><\/p>\n<p>3 \u00e5rs garanti<\/p>\n\n\t\t<\/div>\n\t<\/div>\n<\/div><\/div><\/div><\/div>\n<\/div>","protected":false},"excerpt":{"rendered":"<p>Triangle Easy er en balancetaburet, der aktiverer kroppens muskler og holder dig i bev\u00e6gelse. Med et gennemt\u00e6nkt design og et velkonstrueret ben sidder fast og sikkert p\u00e5 det ergonomiske s\u00e6de. Under balanceskamlen er der en robust gummis\u00e5l, der giver et godt greb og sikrer, at stolen ikke glider rundt p\u00e5 gulvet.<\/p>","protected":false},"featured_media":73688,"template":"","meta":{"iawp_total_views":5},"product_brand":[],"product_cat":[5826,6353,5827,6025,5896],"product_tag":[5875,5950,6024,6031,6032],"class_list":{"0":"post-73685","1":"product","2":"type-product","3":"status-publish","4":"has-post-thumbnail","6":"product_cat-skrivbordsstolar","7":"product_cat-up-down-easy","8":"product_cat-kontorsstolar","9":"product_cat-ergonomiskt-sittande","10":"product_cat-barstolar","11":"product_tag-kontorsstol","12":"product_tag-balanspall","13":"product_tag-aktivt-sittande","14":"product_tag-ergonomiskt-sittande","15":"product_tag-skrivbordsstol","17":"first","18":"instock","19":"taxable","20":"shipping-taxable","21":"purchasable","22":"product-type-simple"},"yoast_head":"<!-- This site is optimized with the Yoast SEO plugin v27.0 - https:\/\/yoast.com\/product\/yoast-seo-wordpress\/ -->\n<title>Balanspall Triangel Easy - Bjerring-Sales<\/title>\n<meta name=\"description\" content=\"Triangle Easy \u00e4r en balanspall som aktiverar kroppens muskler och h\u00e5ller dig i r\u00f6relse. Med en genomt\u00e4nkt design och ett v\u00e4l konstruerat konvext ben sitter kroppen stadigt och tryggt p\u00e5 den ergonomiska sitsen.\" \/>\n<meta name=\"robots\" content=\"index, follow, max-snippet:-1, max-image-preview:large, max-video-preview:-1\" \/>\n<link rel=\"canonical\" href=\"https:\/\/shop.bjerring-sales.dk\/da\/vare\/balanspall-triangel-easy\/\" \/>\n<meta property=\"og:locale\" content=\"da_DK\" \/>\n<meta property=\"og:type\" content=\"article\" \/>\n<meta property=\"og:title\" content=\"En ergonomisk balanspall som h\u00e5ller dig i r\u00f6relse!\" \/>\n<meta property=\"og:description\" content=\"Triangle Easy \u00e4r en balanspall som aktiverar kroppens muskler och h\u00e5ller dig i r\u00f6relse. Med en genomt\u00e4nkt design och ett v\u00e4l konstruerat konvext ben sitter kroppen stadigt och tryggt p\u00e5 den ergonomiska sitsen.\" \/>\n<meta property=\"og:url\" content=\"https:\/\/shop.bjerring-sales.dk\/da\/vare\/balanspall-triangel-easy\/\" \/>\n<meta property=\"og:site_name\" content=\"Bjerring-Sales\" \/>\n<meta property=\"article:modified_time\" content=\"2023-01-18T13:27:12+00:00\" \/>\n<meta property=\"og:image\" content=\"https:\/\/pule.se\/wp-content\/uploads\/2022\/03\/DSF9868-4.jpg\" \/>\n\t<meta property=\"og:image:width\" content=\"800\" \/>\n\t<meta property=\"og:image:height\" content=\"800\" \/>\n\t<meta property=\"og:image:type\" content=\"image\/jpeg\" \/>\n<meta name=\"twitter:card\" content=\"summary_large_image\" \/>\n<meta name=\"twitter:title\" content=\"En ergonomisk balanspall som h\u00e5ller dig i r\u00f6relse!\" \/>\n<meta name=\"twitter:description\" content=\"Triangle Easy \u00e4r en balanspall som aktiverar kroppens muskler och h\u00e5ller dig i r\u00f6relse. Med en genomt\u00e4nkt design och ett v\u00e4l konstruerat konvext ben sitter kroppen stadigt och tryggt p\u00e5 den ergonomiska sitsen.\" \/>\n<meta name=\"twitter:image\" content=\"https:\/\/shop.bjerring-sales.dk\/wp-content\/uploads\/2022\/03\/DSF9868-4.jpg\" \/>\n<meta name=\"twitter:label1\" content=\"Estimeret l\u00e6setid\" \/>\n\t<meta name=\"twitter:data1\" content=\"2 minutter\" \/>\n<script type=\"application\/ld+json\" class=\"yoast-schema-graph\">{\"@context\":\"https:\/\/schema.org\",\"@graph\":[{\"@type\":\"WebPage\",\"@id\":\"https:\/\/shop.bjerring-sales.dk\/sv\/produkt\/balanspall-triangel-easy\/\",\"url\":\"https:\/\/shop.bjerring-sales.dk\/sv\/produkt\/balanspall-triangel-easy\/\",\"name\":\"Balanspall Triangel Easy - Bjerring-Sales\",\"isPartOf\":{\"@id\":\"https:\/\/shop.bjerring-sales.dk\/#website\"},\"primaryImageOfPage\":{\"@id\":\"https:\/\/shop.bjerring-sales.dk\/sv\/produkt\/balanspall-triangel-easy\/#primaryimage\"},\"image\":{\"@id\":\"https:\/\/shop.bjerring-sales.dk\/sv\/produkt\/balanspall-triangel-easy\/#primaryimage\"},\"thumbnailUrl\":\"https:\/\/shop.bjerring-sales.dk\/wp-content\/uploads\/2022\/03\/190010_064_liike_3.jpg\",\"datePublished\":\"2022-03-09T14:04:15+00:00\",\"dateModified\":\"2023-01-18T13:27:12+00:00\",\"description\":\"Triangle Easy \u00e4r en balanspall som aktiverar kroppens muskler och h\u00e5ller dig i r\u00f6relse. Med en genomt\u00e4nkt design och ett v\u00e4l konstruerat konvext ben sitter kroppen stadigt och tryggt p\u00e5 den ergonomiska sitsen.\",\"breadcrumb\":{\"@id\":\"https:\/\/shop.bjerring-sales.dk\/sv\/produkt\/balanspall-triangel-easy\/#breadcrumb\"},\"inLanguage\":\"da-DK\",\"potentialAction\":[{\"@type\":\"ReadAction\",\"target\":[\"https:\/\/shop.bjerring-sales.dk\/sv\/produkt\/balanspall-triangel-easy\/\"]}]},{\"@type\":\"ImageObject\",\"inLanguage\":\"da-DK\",\"@id\":\"https:\/\/shop.bjerring-sales.dk\/sv\/produkt\/balanspall-triangel-easy\/#primaryimage\",\"url\":\"https:\/\/shop.bjerring-sales.dk\/wp-content\/uploads\/2022\/03\/190010_064_liike_3.jpg\",\"contentUrl\":\"https:\/\/shop.bjerring-sales.dk\/wp-content\/uploads\/2022\/03\/190010_064_liike_3.jpg\",\"width\":800,\"height\":800},{\"@type\":\"BreadcrumbList\",\"@id\":\"https:\/\/shop.bjerring-sales.dk\/sv\/produkt\/balanspall-triangel-easy\/#breadcrumb\",\"itemListElement\":[{\"@type\":\"ListItem\",\"position\":1,\"name\":\"Hem\",\"item\":\"https:\/\/shop.bjerring-sales.dk\/\"},{\"@type\":\"ListItem\",\"position\":2,\"name\":\"Webbutik\",\"item\":\"https:\/\/shop.bjerring-sales.dk\/butik\/\"},{\"@type\":\"ListItem\",\"position\":3,\"name\":\"Balanspall Triangel Easy\"}]},{\"@type\":\"WebSite\",\"@id\":\"https:\/\/shop.bjerring-sales.dk\/#website\",\"url\":\"https:\/\/shop.bjerring-sales.dk\/\",\"name\":\"Bjerring-Sales\",\"description\":\"M\u00f6bler f\u00f6r teatrar, skolor, kontor och k\u00f6pcentrum\",\"publisher\":{\"@id\":\"https:\/\/shop.bjerring-sales.dk\/#organization\"},\"potentialAction\":[{\"@type\":\"SearchAction\",\"target\":{\"@type\":\"EntryPoint\",\"urlTemplate\":\"https:\/\/shop.bjerring-sales.dk\/?s={search_term_string}\"},\"query-input\":{\"@type\":\"PropertyValueSpecification\",\"valueRequired\":true,\"valueName\":\"search_term_string\"}}],\"inLanguage\":\"da-DK\"},{\"@type\":\"Organization\",\"@id\":\"https:\/\/shop.bjerring-sales.dk\/#organization\",\"name\":\"Bjerring-Sales\",\"url\":\"https:\/\/shop.bjerring-sales.dk\/\",\"logo\":{\"@type\":\"ImageObject\",\"inLanguage\":\"da-DK\",\"@id\":\"https:\/\/shop.bjerring-sales.dk\/#\/schema\/logo\/image\/\",\"url\":\"https:\/\/shop.bjerring-sales.dk\/wp-content\/uploads\/2023\/01\/logo_sv.png\",\"contentUrl\":\"https:\/\/shop.bjerring-sales.dk\/wp-content\/uploads\/2023\/01\/logo_sv.png\",\"width\":195,\"height\":68,\"caption\":\"Bjerring-Sales\"},\"image\":{\"@id\":\"https:\/\/shop.bjerring-sales.dk\/#\/schema\/logo\/image\/\"}}]}<\/script>\n<!-- \/ Yoast SEO plugin. -->","yoast_head_json":{"title":"Balanspall Triangel Easy - Bjerring-Sales","description":"Triangle Easy \u00e4r en balanspall som aktiverar kroppens muskler och h\u00e5ller dig i r\u00f6relse. Med en genomt\u00e4nkt design och ett v\u00e4l konstruerat konvext ben sitter kroppen stadigt och tryggt p\u00e5 den ergonomiska sitsen.","robots":{"index":"index","follow":"follow","max-snippet":"max-snippet:-1","max-image-preview":"max-image-preview:large","max-video-preview":"max-video-preview:-1"},"canonical":"https:\/\/shop.bjerring-sales.dk\/da\/vare\/balanspall-triangel-easy\/","og_locale":"da_DK","og_type":"article","og_title":"En ergonomisk balanspall som h\u00e5ller dig i r\u00f6relse!","og_description":"Triangle Easy \u00e4r en balanspall som aktiverar kroppens muskler och h\u00e5ller dig i r\u00f6relse. Med en genomt\u00e4nkt design och ett v\u00e4l konstruerat konvext ben sitter kroppen stadigt och tryggt p\u00e5 den ergonomiska sitsen.","og_url":"https:\/\/shop.bjerring-sales.dk\/da\/vare\/balanspall-triangel-easy\/","og_site_name":"Bjerring-Sales","article_modified_time":"2023-01-18T13:27:12+00:00","og_image":[{"width":800,"height":800,"url":"https:\/\/pule.se\/wp-content\/uploads\/2022\/03\/DSF9868-4.jpg","type":"image\/jpeg"}],"twitter_card":"summary_large_image","twitter_title":"En ergonomisk balanspall som h\u00e5ller dig i r\u00f6relse!","twitter_description":"Triangle Easy \u00e4r en balanspall som aktiverar kroppens muskler och h\u00e5ller dig i r\u00f6relse. Med en genomt\u00e4nkt design och ett v\u00e4l konstruerat konvext ben sitter kroppen stadigt och tryggt p\u00e5 den ergonomiska sitsen.","twitter_image":"https:\/\/shop.bjerring-sales.dk\/wp-content\/uploads\/2022\/03\/DSF9868-4.jpg","twitter_misc":{"Estimeret l\u00e6setid":"2 minutter"},"schema":{"@context":"https:\/\/schema.org","@graph":[{"@type":"WebPage","@id":"https:\/\/shop.bjerring-sales.dk\/sv\/produkt\/balanspall-triangel-easy\/","url":"https:\/\/shop.bjerring-sales.dk\/sv\/produkt\/balanspall-triangel-easy\/","name":"Balanspall Triangel Easy - Bjerring-Sales","isPartOf":{"@id":"https:\/\/shop.bjerring-sales.dk\/#website"},"primaryImageOfPage":{"@id":"https:\/\/shop.bjerring-sales.dk\/sv\/produkt\/balanspall-triangel-easy\/#primaryimage"},"image":{"@id":"https:\/\/shop.bjerring-sales.dk\/sv\/produkt\/balanspall-triangel-easy\/#primaryimage"},"thumbnailUrl":"https:\/\/shop.bjerring-sales.dk\/wp-content\/uploads\/2022\/03\/190010_064_liike_3.jpg","datePublished":"2022-03-09T14:04:15+00:00","dateModified":"2023-01-18T13:27:12+00:00","description":"Triangle Easy \u00e4r en balanspall som aktiverar kroppens muskler och h\u00e5ller dig i r\u00f6relse. Med en genomt\u00e4nkt design och ett v\u00e4l konstruerat konvext ben sitter kroppen stadigt och tryggt p\u00e5 den ergonomiska sitsen.","breadcrumb":{"@id":"https:\/\/shop.bjerring-sales.dk\/sv\/produkt\/balanspall-triangel-easy\/#breadcrumb"},"inLanguage":"da-DK","potentialAction":[{"@type":"ReadAction","target":["https:\/\/shop.bjerring-sales.dk\/sv\/produkt\/balanspall-triangel-easy\/"]}]},{"@type":"ImageObject","inLanguage":"da-DK","@id":"https:\/\/shop.bjerring-sales.dk\/sv\/produkt\/balanspall-triangel-easy\/#primaryimage","url":"https:\/\/shop.bjerring-sales.dk\/wp-content\/uploads\/2022\/03\/190010_064_liike_3.jpg","contentUrl":"https:\/\/shop.bjerring-sales.dk\/wp-content\/uploads\/2022\/03\/190010_064_liike_3.jpg","width":800,"height":800},{"@type":"BreadcrumbList","@id":"https:\/\/shop.bjerring-sales.dk\/sv\/produkt\/balanspall-triangel-easy\/#breadcrumb","itemListElement":[{"@type":"ListItem","position":1,"name":"Hem","item":"https:\/\/shop.bjerring-sales.dk\/"},{"@type":"ListItem","position":2,"name":"Webbutik","item":"https:\/\/shop.bjerring-sales.dk\/butik\/"},{"@type":"ListItem","position":3,"name":"Balanspall Triangel Easy"}]},{"@type":"WebSite","@id":"https:\/\/shop.bjerring-sales.dk\/#website","url":"https:\/\/shop.bjerring-sales.dk\/","name":"Bjerring-Salg","description":"M\u00f8bler til teatre, skoler, kontorer og indk\u00f8bscentre","publisher":{"@id":"https:\/\/shop.bjerring-sales.dk\/#organization"},"potentialAction":[{"@type":"SearchAction","target":{"@type":"EntryPoint","urlTemplate":"https:\/\/shop.bjerring-sales.dk\/?s={search_term_string}"},"query-input":{"@type":"PropertyValueSpecification","valueRequired":true,"valueName":"search_term_string"}}],"inLanguage":"da-DK"},{"@type":"Organization","@id":"https:\/\/shop.bjerring-sales.dk\/#organization","name":"Bjerring-Salg","url":"https:\/\/shop.bjerring-sales.dk\/","logo":{"@type":"ImageObject","inLanguage":"da-DK","@id":"https:\/\/shop.bjerring-sales.dk\/#\/schema\/logo\/image\/","url":"https:\/\/shop.bjerring-sales.dk\/wp-content\/uploads\/2023\/01\/logo_sv.png","contentUrl":"https:\/\/shop.bjerring-sales.dk\/wp-content\/uploads\/2023\/01\/logo_sv.png","width":195,"height":68,"caption":"Bjerring-Sales"},"image":{"@id":"https:\/\/shop.bjerring-sales.dk\/#\/schema\/logo\/image\/"}}]}},"_links":{"self":[{"href":"https:\/\/shop.bjerring-sales.dk\/da\/wp-json\/wp\/v2\/product\/73685","targetHints":{"allow":["GET"]}}],"collection":[{"href":"https:\/\/shop.bjerring-sales.dk\/da\/wp-json\/wp\/v2\/product"}],"about":[{"href":"https:\/\/shop.bjerring-sales.dk\/da\/wp-json\/wp\/v2\/types\/product"}],"wp:featuredmedia":[{"embeddable":true,"href":"https:\/\/shop.bjerring-sales.dk\/da\/wp-json\/wp\/v2\/media\/73688"}],"wp:attachment":[{"href":"https:\/\/shop.bjerring-sales.dk\/da\/wp-json\/wp\/v2\/media?parent=73685"}],"wp:term":[{"taxonomy":"product_brand","embeddable":true,"href":"https:\/\/shop.bjerring-sales.dk\/da\/wp-json\/wp\/v2\/product_brand?post=73685"},{"taxonomy":"product_cat","embeddable":true,"href":"https:\/\/shop.bjerring-sales.dk\/da\/wp-json\/wp\/v2\/product_cat?post=73685"},{"taxonomy":"product_tag","embeddable":true,"href":"https:\/\/shop.bjerring-sales.dk\/da\/wp-json\/wp\/v2\/product_tag?post=73685"}],"curies":[{"name":"wp","href":"https:\/\/api.w.org\/{rel}","templated":true}]}}