{"id":72690,"date":"2022-03-23T17:00:04","date_gmt":"2022-03-23T16:00:04","guid":{"rendered":"https:\/\/pule.se\/?post_type=product&#038;p=72690"},"modified":"2026-04-23T11:56:26","modified_gmt":"2026-04-23T09:56:26","slug":"sky-barbord-vikbar-bordsskiva","status":"publish","type":"product","link":"https:\/\/shop.bjerring-sales.dk\/da\/vare\/sky-barbord-vikbar-bordsskiva\/","title":{"rendered":"Sky \u2013 St\u00e5bord med sammenklappelig bordplade"},"content":{"rendered":"<div class=\"wpb-content-wrapper\"><div class=\"vc_row wpb_row vc_row-fluid\"><div class=\"wpb_column vc_column_container vc_col-sm-12\"><div class=\"vc_column-inner\"><div class=\"wpb_wrapper\">\n\t<div class=\"wpb_text_column wpb_content_element\" >\n\t\t<div class=\"wpb_wrapper\">\n\t\t\t<p><span style=\"font-size: 24pt\">Sky \u2013 Et fleksibelt st\u00e5bord med vippefunktion p\u00e5 bordpladen<br \/>\n<\/span>I fremstillingsprocessen af det foldbare Sky-bord er der brugt holdbar vejrbestandig harpiks. Metal stellet er af god kvalitet og ruster ikke. Sky er UV-beskyttet hvilket sikrer at farverne ikke falmer. Bordet kan skilles ad og er velegnet til b\u00e5de indend\u00f8rs og udend\u00f8rs brug.<\/p>\n\n\t\t<\/div>\n\t<\/div>\n<\/div><\/div><\/div><\/div><div class=\"vc_row wpb_row vc_row-fluid\"><div class=\"wpb_column vc_column_container vc_col-sm-4\"><div class=\"vc_column-inner\"><div class=\"wpb_wrapper\">\n\t<div  class=\"wpb_single_image wpb_content_element vc_align_center\">\n\t\t\n\t\t<figure class=\"wpb_wrapper vc_figure\">\n\t\t\t<div class=\"vc_single_image-wrapper vc_box_shadow_border  vc_box_border_grey\"><img loading=\"lazy\" decoding=\"async\" width=\"800\" height=\"550\" src=\"https:\/\/shop.bjerring-sales.dk\/wp-content\/uploads\/2022\/02\/image-small-1630481210-2673.jpg\" class=\"vc_single_image-img attachment-full\" alt=\"\" title=\"billede-lille-1630481210-2673\" srcset=\"https:\/\/shop.bjerring-sales.dk\/wp-content\/uploads\/2022\/02\/image-small-1630481210-2673.jpg 800w, https:\/\/shop.bjerring-sales.dk\/wp-content\/uploads\/2022\/02\/image-small-1630481210-2673-150x103.jpg 150w, https:\/\/shop.bjerring-sales.dk\/wp-content\/uploads\/2022\/02\/image-small-1630481210-2673-600x413.jpg 600w, https:\/\/shop.bjerring-sales.dk\/wp-content\/uploads\/2022\/02\/image-small-1630481210-2673-300x206.jpg 300w, https:\/\/shop.bjerring-sales.dk\/wp-content\/uploads\/2022\/02\/image-small-1630481210-2673-768x528.jpg 768w\" sizes=\"auto, (max-width: 800px) 100vw, 800px\" \/><\/div>\n\t\t<\/figure>\n\t<\/div>\n<\/div><\/div><\/div><div class=\"wpb_column vc_column_container vc_col-sm-4\"><div class=\"vc_column-inner\"><div class=\"wpb_wrapper\">\n\t<div  class=\"wpb_single_image wpb_content_element vc_align_center\">\n\t\t\n\t\t<figure class=\"wpb_wrapper vc_figure\">\n\t\t\t<div class=\"vc_single_image-wrapper vc_box_shadow_border  vc_box_border_grey\"><img loading=\"lazy\" decoding=\"async\" width=\"800\" height=\"550\" src=\"https:\/\/shop.bjerring-sales.dk\/wp-content\/uploads\/2022\/02\/image-small-1630481174-9736.jpg\" class=\"vc_single_image-img attachment-full\" alt=\"\" title=\"billede-lille-1630481174-9736\" srcset=\"https:\/\/shop.bjerring-sales.dk\/wp-content\/uploads\/2022\/02\/image-small-1630481174-9736.jpg 800w, https:\/\/shop.bjerring-sales.dk\/wp-content\/uploads\/2022\/02\/image-small-1630481174-9736-150x103.jpg 150w, https:\/\/shop.bjerring-sales.dk\/wp-content\/uploads\/2022\/02\/image-small-1630481174-9736-600x413.jpg 600w, https:\/\/shop.bjerring-sales.dk\/wp-content\/uploads\/2022\/02\/image-small-1630481174-9736-300x206.jpg 300w, https:\/\/shop.bjerring-sales.dk\/wp-content\/uploads\/2022\/02\/image-small-1630481174-9736-768x528.jpg 768w\" sizes=\"auto, (max-width: 800px) 100vw, 800px\" \/><\/div>\n\t\t<\/figure>\n\t<\/div>\n<\/div><\/div><\/div><div class=\"wpb_column vc_column_container vc_col-sm-4\"><div class=\"vc_column-inner\"><div class=\"wpb_wrapper\">\n\t<div  class=\"wpb_single_image wpb_content_element vc_align_center\">\n\t\t\n\t\t<figure class=\"wpb_wrapper vc_figure\">\n\t\t\t<div class=\"vc_single_image-wrapper vc_box_shadow_border  vc_box_border_grey\"><img loading=\"lazy\" decoding=\"async\" width=\"800\" height=\"550\" src=\"https:\/\/shop.bjerring-sales.dk\/wp-content\/uploads\/2022\/02\/image-small-550.jpg\" class=\"vc_single_image-img attachment-full\" alt=\"\" title=\"billede-lille-550\" srcset=\"https:\/\/shop.bjerring-sales.dk\/wp-content\/uploads\/2022\/02\/image-small-550.jpg 800w, https:\/\/shop.bjerring-sales.dk\/wp-content\/uploads\/2022\/02\/image-small-550-150x103.jpg 150w, https:\/\/shop.bjerring-sales.dk\/wp-content\/uploads\/2022\/02\/image-small-550-600x413.jpg 600w, https:\/\/shop.bjerring-sales.dk\/wp-content\/uploads\/2022\/02\/image-small-550-300x206.jpg 300w, https:\/\/shop.bjerring-sales.dk\/wp-content\/uploads\/2022\/02\/image-small-550-768x528.jpg 768w\" sizes=\"auto, (max-width: 800px) 100vw, 800px\" \/><\/div>\n\t\t<\/figure>\n\t<\/div>\n<\/div><\/div><\/div><\/div><div class=\"vc_row wpb_row vc_row-fluid\"><div class=\"wpb_column vc_column_container vc_col-sm-6\"><div class=\"vc_column-inner\"><div class=\"wpb_wrapper\">\n\t<div class=\"wpb_text_column wpb_content_element\" >\n\t\t<div class=\"wpb_wrapper\">\n\t\t\t<p><span style=\"font-size: 24pt\"><span style=\"font-size: 18pt\">Design<br \/>\n<\/span><\/span>Sky-bordet er lavet af spr\u00f8jtest\u00f8bt genanvendt polypropylen, der er blevet forbedret med UV-h\u00e6mmende for at modst\u00e5 falmning, n\u00e5r det bruges udend\u00f8rs. Den stilfulde mesh-konstruktion p\u00e5 bordpladen lader regnen falde lige igennem for hurtig t\u00f8rring. Sky st\u00e5bordet passer rigtig godt sammen med Maya Bar 75 barstolen.<\/p>\n<p><span style=\"font-size: 18pt\"><img loading=\"lazy\" decoding=\"async\" class=\"alignnone size-full wp-image-72719\" src=\"https:\/\/shop.bjerring-sales.dk\/wp-content\/uploads\/2022\/02\/skyfarger.jpg\" alt=\"\" width=\"1427\" height=\"256\" srcset=\"https:\/\/shop.bjerring-sales.dk\/wp-content\/uploads\/2022\/02\/skyfarger.jpg 1427w, https:\/\/shop.bjerring-sales.dk\/wp-content\/uploads\/2022\/02\/skyfarger-150x27.jpg 150w, https:\/\/shop.bjerring-sales.dk\/wp-content\/uploads\/2022\/02\/skyfarger-600x108.jpg 600w, https:\/\/shop.bjerring-sales.dk\/wp-content\/uploads\/2022\/02\/skyfarger-300x54.jpg 300w, https:\/\/shop.bjerring-sales.dk\/wp-content\/uploads\/2022\/02\/skyfarger-1024x184.jpg 1024w, https:\/\/shop.bjerring-sales.dk\/wp-content\/uploads\/2022\/02\/skyfarger-768x138.jpg 768w\" sizes=\"auto, (max-width: 1427px) 100vw, 1427px\" \/><\/span><\/p>\n<p><span style=\"font-size: 18pt\">Farver<br \/>\n<\/span>Sky st\u00e5borde f\u00e5s i farver, der inkluderer lyse og neutrale toner. Bordet er lagerf\u00f8rt i sort, hvid, m\u00f8rkegr\u00e5, olivengr\u00f8n og taupe.<\/p>\n<p><span style=\"font-size: 18pt\"><img loading=\"lazy\" decoding=\"async\" class=\"alignnone size-full wp-image-72717\" src=\"https:\/\/shop.bjerring-sales.dk\/wp-content\/uploads\/2022\/02\/Siesta-Exclusive-CROSS-colors.png\" alt=\"\" width=\"327\" height=\"81\" srcset=\"https:\/\/shop.bjerring-sales.dk\/wp-content\/uploads\/2022\/02\/Siesta-Exclusive-CROSS-colors.png 327w, https:\/\/shop.bjerring-sales.dk\/wp-content\/uploads\/2022\/02\/Siesta-Exclusive-CROSS-colors-150x37.png 150w, https:\/\/shop.bjerring-sales.dk\/wp-content\/uploads\/2022\/02\/Siesta-Exclusive-CROSS-colors-300x74.png 300w\" sizes=\"auto, (max-width: 327px) 100vw, 327px\" \/><\/span><\/p>\n<p><span style=\"font-size: 18pt\">Specifikationer<\/span><\/p>\n<ul>\n<li>Enkel og hurtig montering\/afmontering<\/li>\n<li>Best\u00e5r af en st\u00e5lkonstruktion d\u00e6kket med modstandsdygtig harpiks<\/li>\n<li>Bordplade med vippefunktion<\/li>\n<li>Robust<\/li>\n<li>Velegnet til b\u00e5de indend\u00f8rs og udend\u00f8rs<\/li>\n<li>UV-bestandig og vandafvisende<\/li>\n<li>Certificeret og testet af CATAS. Italiensk institut for certificering, forskning og test i m\u00f8belsektoren. Ekspertcenter for forskning og industriel analyse<\/li>\n<li>Fremstillet i Europa<\/li>\n<\/ul>\n\n\t\t<\/div>\n\t<\/div>\n<\/div><\/div><\/div><div class=\"wpb_column vc_column_container vc_col-sm-6\"><div class=\"vc_column-inner\"><div class=\"wpb_wrapper\">\n\t<div class=\"wpb_text_column wpb_content_element\" >\n\t\t<div class=\"wpb_wrapper\">\n\t\t\t<p><span style=\"font-size: 18pt\"><img loading=\"lazy\" decoding=\"async\" class=\"size-full wp-image-72718 alignright\" src=\"https:\/\/shop.bjerring-sales.dk\/wp-content\/uploads\/2022\/02\/Sky_barbord_matt_800x550-300x206-1.jpg\" alt=\"\" width=\"300\" height=\"206\" srcset=\"https:\/\/shop.bjerring-sales.dk\/wp-content\/uploads\/2022\/02\/Sky_barbord_matt_800x550-300x206-1.jpg 300w, https:\/\/shop.bjerring-sales.dk\/wp-content\/uploads\/2022\/02\/Sky_barbord_matt_800x550-300x206-1-150x103.jpg 150w\" sizes=\"auto, (max-width: 300px) 100vw, 300px\" \/>M\u00e5l<\/span><\/p>\n<ul>\n<li>H\u00f8jde: 108 cm<\/li>\n<li>Bredde (bordplade): 60 cm<\/li>\n<li>Dybde: 60 cm<\/li>\n<\/ul>\n<p><span style=\"font-size: 18pt\">V\u00e6gt<\/span><\/p>\n<ul>\n<li>7,5 kg<\/li>\n<\/ul>\n<p><span style=\"font-size: 18pt\">MOQ<\/span><\/p>\n<ul>\n<li>2 stk. ved bestilling af en farve, der er en del af vores standardsortiment<\/li>\n<\/ul>\n<p><span style=\"font-size: 18pt\">Monteringsvejledning<br \/>\n<\/span><img loading=\"lazy\" decoding=\"async\" class=\"alignnone size-full wp-image-73327\" src=\"https:\/\/eljkoncept.se\/wp-content\/uploads\/2021\/03\/PDF-doc-16.png\" alt=\"\" width=\"16\" height=\"16\" \/> <a href=\"https:\/\/elj.se\/wp-content\/uploads\/2022\/02\/Sky_vikbart_barbord_-montering.pdf\" target=\"_blank\" rel=\"noopener\">Download monteringsvejledning<\/a><\/p>\n<p><span style=\"font-size: 18pt\">Produktblad<br \/>\n<\/span><img loading=\"lazy\" decoding=\"async\" class=\"alignnone size-full wp-image-73327\" src=\"https:\/\/eljkoncept.se\/wp-content\/uploads\/2021\/03\/PDF-doc-16.png\" alt=\"\" width=\"16\" height=\"16\" \/> <a href=\"https:\/\/elj.se\/wp-content\/uploads\/2022\/02\/Sky_vikbart_barbord_produktblad.pdf\" target=\"_blank\" rel=\"noopener\">Download produktblad<\/a><\/p>\n<p><span style=\"font-size: 18pt\">Leverand\u00f8r\/M\u00e6rke<br \/>\n<\/span>ISILPLAST, som er ejer af SIESTA-m\u00e6rket, blev grundlagt i 1978 og har v\u00e6ret en f\u00f8rende akt\u00f8r i over 40 \u00e5r inden for plastspr\u00f8jtest\u00f8bningssegmentet. Kreativitet og teknologi, glamour og funktionalitet, kvalitet og innovation. Dette er det bem\u00e6rkelsesv\u00e6rdige og unikke s\u00e6t af faktorer, kombineret med en strategisk vision, der ikke kun fokuserer p\u00e5 produkter, men ogs\u00e5 p\u00e5 distribution, bag Siestas succes. Siesta er verdensomsp\u00e6ndende inden for brug af plastik og producerer kollektioner af stole og borde, alle designet til at v\u00e6re multifunktionelle, alsidige, brugervenlige og med et tidsl\u00f8st design.<\/p>\n\n\t\t<\/div>\n\t<\/div>\n<\/div><\/div><\/div><\/div>\n<\/div>","protected":false},"excerpt":{"rendered":"<p>Sky-bordet er lavet af spr\u00f8jtest\u00f8bt genanvendt polypropylen, der er blevet forbedret med UV-h\u00e6mmende for at modst\u00e5 falmning, n\u00e5r det bruges udend\u00f8rs. Den stilfulde mesh-konstruktion p\u00e5 bordpladen lader regnen falde lige igennem for hurtig t\u00f8rring<\/p>","protected":false},"featured_media":100622,"template":"","meta":{"iawp_total_views":10},"product_brand":[],"product_cat":[5787,5863,6343,6357,5897,6304],"product_tag":[5980,6008,6009,6010,6013],"class_list":{"0":"post-72690","1":"product","2":"type-product","3":"status-publish","4":"has-post-thumbnail","6":"product_cat-bord","7":"product_cat-fallbara-bord","8":"product_cat-bord-utomhus","9":"product_cat-siesta-exclusive","10":"product_cat-barbord","11":"product_cat-utemobler","12":"product_tag-siesta-exclusive","13":"product_tag-barbord","14":"product_tag-barbord-med-vikbar-skiva","15":"product_tag-60-cm-bordsskiva","16":"product_tag-stabord","18":"first","19":"instock","20":"taxable","21":"shipping-taxable","22":"purchasable","23":"product-type-variable"},"yoast_head":"<!-- This site is optimized with the Yoast SEO plugin v27.0 - https:\/\/yoast.com\/product\/yoast-seo-wordpress\/ -->\n<title>Sky - Barbord med vikbar bordsskiva - Bjerring-Sales<\/title>\n<meta name=\"description\" content=\"Sky bordet \u00e4r tillverkat av formsprutad \u00e5tervunnen polypropen som har f\u00f6rb\u00e4ttrats med UV-h\u00e4mmare f\u00f6r att motst\u00e5 blekning vid utomhusbruk.\" \/>\n<meta name=\"robots\" content=\"index, follow, max-snippet:-1, max-image-preview:large, max-video-preview:-1\" \/>\n<link rel=\"canonical\" href=\"https:\/\/shop.bjerring-sales.dk\/da\/vare\/sky-barbord-vikbar-bordsskiva\/\" \/>\n<meta property=\"og:locale\" content=\"da_DK\" \/>\n<meta property=\"og:type\" content=\"article\" \/>\n<meta property=\"og:title\" content=\"Sky \u2013 Ett smidigt barbord med tilt-funktion p\u00e5 bordsskivan\" \/>\n<meta property=\"og:description\" content=\"Sky bordet \u00e4r tillverkat av formsprutad \u00e5tervunnen polypropen som har f\u00f6rb\u00e4ttrats med UV-h\u00e4mmare f\u00f6r att motst\u00e5 blekning vid utomhusbruk.\" \/>\n<meta property=\"og:url\" content=\"https:\/\/shop.bjerring-sales.dk\/da\/vare\/sky-barbord-vikbar-bordsskiva\/\" \/>\n<meta property=\"og:site_name\" content=\"Bjerring-Sales\" \/>\n<meta property=\"article:modified_time\" content=\"2026-04-23T09:56:26+00:00\" \/>\n<meta property=\"og:image\" content=\"https:\/\/shop.bjerring-sales.dk\/wp-content\/uploads\/2022\/02\/image-small-1630481174-9736.jpg\" \/>\n\t<meta property=\"og:image:width\" content=\"800\" \/>\n\t<meta property=\"og:image:height\" content=\"550\" \/>\n\t<meta property=\"og:image:type\" content=\"image\/jpeg\" \/>\n<meta name=\"twitter:card\" content=\"summary_large_image\" \/>\n<meta name=\"twitter:title\" content=\"Sky \u2013 Ett smidigt barbord med tilt-funktion p\u00e5 bordsskivan\" \/>\n<meta name=\"twitter:description\" content=\"Sky bordet \u00e4r tillverkat av formsprutad \u00e5tervunnen polypropen som har f\u00f6rb\u00e4ttrats med UV-h\u00e4mmare f\u00f6r att motst\u00e5 blekning vid utomhusbruk.\" \/>\n<meta name=\"twitter:image\" content=\"https:\/\/shop.bjerring-sales.dk\/wp-content\/uploads\/2022\/02\/image-small-1630481174-9736.jpg\" \/>\n<meta name=\"twitter:label1\" content=\"Estimeret l\u00e6setid\" \/>\n\t<meta name=\"twitter:data1\" content=\"2 minutter\" \/>\n<script type=\"application\/ld+json\" class=\"yoast-schema-graph\">{\"@context\":\"https:\/\/schema.org\",\"@graph\":[{\"@type\":\"WebPage\",\"@id\":\"https:\/\/shop.bjerring-sales.dk\/sv\/produkt\/sky-barbord-vikbar-bordsskiva\/\",\"url\":\"https:\/\/shop.bjerring-sales.dk\/sv\/produkt\/sky-barbord-vikbar-bordsskiva\/\",\"name\":\"Sky - Barbord med vikbar bordsskiva - Bjerring-Sales\",\"isPartOf\":{\"@id\":\"https:\/\/shop.bjerring-sales.dk\/#website\"},\"primaryImageOfPage\":{\"@id\":\"https:\/\/shop.bjerring-sales.dk\/sv\/produkt\/sky-barbord-vikbar-bordsskiva\/#primaryimage\"},\"image\":{\"@id\":\"https:\/\/shop.bjerring-sales.dk\/sv\/produkt\/sky-barbord-vikbar-bordsskiva\/#primaryimage\"},\"thumbnailUrl\":\"https:\/\/shop.bjerring-sales.dk\/wp-content\/uploads\/2025\/02\/Sky-morkgra-1_1-800x800px.jpg\",\"datePublished\":\"2022-03-23T16:00:04+00:00\",\"dateModified\":\"2026-04-23T09:56:26+00:00\",\"description\":\"Sky bordet \u00e4r tillverkat av formsprutad \u00e5tervunnen polypropen som har f\u00f6rb\u00e4ttrats med UV-h\u00e4mmare f\u00f6r att motst\u00e5 blekning vid utomhusbruk.\",\"breadcrumb\":{\"@id\":\"https:\/\/shop.bjerring-sales.dk\/sv\/produkt\/sky-barbord-vikbar-bordsskiva\/#breadcrumb\"},\"inLanguage\":\"da-DK\",\"potentialAction\":[{\"@type\":\"ReadAction\",\"target\":[\"https:\/\/shop.bjerring-sales.dk\/sv\/produkt\/sky-barbord-vikbar-bordsskiva\/\"]}]},{\"@type\":\"ImageObject\",\"inLanguage\":\"da-DK\",\"@id\":\"https:\/\/shop.bjerring-sales.dk\/sv\/produkt\/sky-barbord-vikbar-bordsskiva\/#primaryimage\",\"url\":\"https:\/\/shop.bjerring-sales.dk\/wp-content\/uploads\/2025\/02\/Sky-morkgra-1_1-800x800px.jpg\",\"contentUrl\":\"https:\/\/shop.bjerring-sales.dk\/wp-content\/uploads\/2025\/02\/Sky-morkgra-1_1-800x800px.jpg\",\"width\":1080,\"height\":1080},{\"@type\":\"BreadcrumbList\",\"@id\":\"https:\/\/shop.bjerring-sales.dk\/sv\/produkt\/sky-barbord-vikbar-bordsskiva\/#breadcrumb\",\"itemListElement\":[{\"@type\":\"ListItem\",\"position\":1,\"name\":\"Hem\",\"item\":\"https:\/\/shop.bjerring-sales.dk\/\"},{\"@type\":\"ListItem\",\"position\":2,\"name\":\"Webbutik\",\"item\":\"https:\/\/shop.bjerring-sales.dk\/butik\/\"},{\"@type\":\"ListItem\",\"position\":3,\"name\":\"Sky &#8211; Barbord med vikbar bordsskiva\"}]},{\"@type\":\"WebSite\",\"@id\":\"https:\/\/shop.bjerring-sales.dk\/#website\",\"url\":\"https:\/\/shop.bjerring-sales.dk\/\",\"name\":\"Bjerring-Sales\",\"description\":\"M\u00f6bler f\u00f6r teatrar, skolor, kontor och k\u00f6pcentrum\",\"publisher\":{\"@id\":\"https:\/\/shop.bjerring-sales.dk\/#organization\"},\"potentialAction\":[{\"@type\":\"SearchAction\",\"target\":{\"@type\":\"EntryPoint\",\"urlTemplate\":\"https:\/\/shop.bjerring-sales.dk\/?s={search_term_string}\"},\"query-input\":{\"@type\":\"PropertyValueSpecification\",\"valueRequired\":true,\"valueName\":\"search_term_string\"}}],\"inLanguage\":\"da-DK\"},{\"@type\":\"Organization\",\"@id\":\"https:\/\/shop.bjerring-sales.dk\/#organization\",\"name\":\"Bjerring-Sales\",\"url\":\"https:\/\/shop.bjerring-sales.dk\/\",\"logo\":{\"@type\":\"ImageObject\",\"inLanguage\":\"da-DK\",\"@id\":\"https:\/\/shop.bjerring-sales.dk\/#\/schema\/logo\/image\/\",\"url\":\"https:\/\/shop.bjerring-sales.dk\/wp-content\/uploads\/2023\/01\/logo_sv.png\",\"contentUrl\":\"https:\/\/shop.bjerring-sales.dk\/wp-content\/uploads\/2023\/01\/logo_sv.png\",\"width\":195,\"height\":68,\"caption\":\"Bjerring-Sales\"},\"image\":{\"@id\":\"https:\/\/shop.bjerring-sales.dk\/#\/schema\/logo\/image\/\"}}]}<\/script>\n<!-- \/ Yoast SEO plugin. -->","yoast_head_json":{"title":"Sky - Barbord med vikbar bordsskiva - Bjerring-Sales","description":"Sky bordet \u00e4r tillverkat av formsprutad \u00e5tervunnen polypropen som har f\u00f6rb\u00e4ttrats med UV-h\u00e4mmare f\u00f6r att motst\u00e5 blekning vid utomhusbruk.","robots":{"index":"index","follow":"follow","max-snippet":"max-snippet:-1","max-image-preview":"max-image-preview:large","max-video-preview":"max-video-preview:-1"},"canonical":"https:\/\/shop.bjerring-sales.dk\/da\/vare\/sky-barbord-vikbar-bordsskiva\/","og_locale":"da_DK","og_type":"article","og_title":"Sky \u2013 Ett smidigt barbord med tilt-funktion p\u00e5 bordsskivan","og_description":"Sky bordet \u00e4r tillverkat av formsprutad \u00e5tervunnen polypropen som har f\u00f6rb\u00e4ttrats med UV-h\u00e4mmare f\u00f6r att motst\u00e5 blekning vid utomhusbruk.","og_url":"https:\/\/shop.bjerring-sales.dk\/da\/vare\/sky-barbord-vikbar-bordsskiva\/","og_site_name":"Bjerring-Sales","article_modified_time":"2026-04-23T09:56:26+00:00","og_image":[{"width":800,"height":550,"url":"https:\/\/shop.bjerring-sales.dk\/wp-content\/uploads\/2022\/02\/image-small-1630481174-9736.jpg","type":"image\/jpeg"}],"twitter_card":"summary_large_image","twitter_title":"Sky \u2013 Ett smidigt barbord med tilt-funktion p\u00e5 bordsskivan","twitter_description":"Sky bordet \u00e4r tillverkat av formsprutad \u00e5tervunnen polypropen som har f\u00f6rb\u00e4ttrats med UV-h\u00e4mmare f\u00f6r att motst\u00e5 blekning vid utomhusbruk.","twitter_image":"https:\/\/shop.bjerring-sales.dk\/wp-content\/uploads\/2022\/02\/image-small-1630481174-9736.jpg","twitter_misc":{"Estimeret l\u00e6setid":"2 minutter"},"schema":{"@context":"https:\/\/schema.org","@graph":[{"@type":"WebPage","@id":"https:\/\/shop.bjerring-sales.dk\/sv\/produkt\/sky-barbord-vikbar-bordsskiva\/","url":"https:\/\/shop.bjerring-sales.dk\/sv\/produkt\/sky-barbord-vikbar-bordsskiva\/","name":"Sky - Barbord med vikbar bordsskiva - Bjerring-Sales","isPartOf":{"@id":"https:\/\/shop.bjerring-sales.dk\/#website"},"primaryImageOfPage":{"@id":"https:\/\/shop.bjerring-sales.dk\/sv\/produkt\/sky-barbord-vikbar-bordsskiva\/#primaryimage"},"image":{"@id":"https:\/\/shop.bjerring-sales.dk\/sv\/produkt\/sky-barbord-vikbar-bordsskiva\/#primaryimage"},"thumbnailUrl":"https:\/\/shop.bjerring-sales.dk\/wp-content\/uploads\/2025\/02\/Sky-morkgra-1_1-800x800px.jpg","datePublished":"2022-03-23T16:00:04+00:00","dateModified":"2026-04-23T09:56:26+00:00","description":"Sky bordet \u00e4r tillverkat av formsprutad \u00e5tervunnen polypropen som har f\u00f6rb\u00e4ttrats med UV-h\u00e4mmare f\u00f6r att motst\u00e5 blekning vid utomhusbruk.","breadcrumb":{"@id":"https:\/\/shop.bjerring-sales.dk\/sv\/produkt\/sky-barbord-vikbar-bordsskiva\/#breadcrumb"},"inLanguage":"da-DK","potentialAction":[{"@type":"ReadAction","target":["https:\/\/shop.bjerring-sales.dk\/sv\/produkt\/sky-barbord-vikbar-bordsskiva\/"]}]},{"@type":"ImageObject","inLanguage":"da-DK","@id":"https:\/\/shop.bjerring-sales.dk\/sv\/produkt\/sky-barbord-vikbar-bordsskiva\/#primaryimage","url":"https:\/\/shop.bjerring-sales.dk\/wp-content\/uploads\/2025\/02\/Sky-morkgra-1_1-800x800px.jpg","contentUrl":"https:\/\/shop.bjerring-sales.dk\/wp-content\/uploads\/2025\/02\/Sky-morkgra-1_1-800x800px.jpg","width":1080,"height":1080},{"@type":"BreadcrumbList","@id":"https:\/\/shop.bjerring-sales.dk\/sv\/produkt\/sky-barbord-vikbar-bordsskiva\/#breadcrumb","itemListElement":[{"@type":"ListItem","position":1,"name":"Hem","item":"https:\/\/shop.bjerring-sales.dk\/"},{"@type":"ListItem","position":2,"name":"Webbutik","item":"https:\/\/shop.bjerring-sales.dk\/butik\/"},{"@type":"ListItem","position":3,"name":"Sky &#8211; Barbord med vikbar bordsskiva"}]},{"@type":"WebSite","@id":"https:\/\/shop.bjerring-sales.dk\/#website","url":"https:\/\/shop.bjerring-sales.dk\/","name":"Bjerring-Salg","description":"M\u00f8bler til teatre, skoler, kontorer og indk\u00f8bscentre","publisher":{"@id":"https:\/\/shop.bjerring-sales.dk\/#organization"},"potentialAction":[{"@type":"SearchAction","target":{"@type":"EntryPoint","urlTemplate":"https:\/\/shop.bjerring-sales.dk\/?s={search_term_string}"},"query-input":{"@type":"PropertyValueSpecification","valueRequired":true,"valueName":"search_term_string"}}],"inLanguage":"da-DK"},{"@type":"Organization","@id":"https:\/\/shop.bjerring-sales.dk\/#organization","name":"Bjerring-Salg","url":"https:\/\/shop.bjerring-sales.dk\/","logo":{"@type":"ImageObject","inLanguage":"da-DK","@id":"https:\/\/shop.bjerring-sales.dk\/#\/schema\/logo\/image\/","url":"https:\/\/shop.bjerring-sales.dk\/wp-content\/uploads\/2023\/01\/logo_sv.png","contentUrl":"https:\/\/shop.bjerring-sales.dk\/wp-content\/uploads\/2023\/01\/logo_sv.png","width":195,"height":68,"caption":"Bjerring-Sales"},"image":{"@id":"https:\/\/shop.bjerring-sales.dk\/#\/schema\/logo\/image\/"}}]}},"_links":{"self":[{"href":"https:\/\/shop.bjerring-sales.dk\/da\/wp-json\/wp\/v2\/product\/72690","targetHints":{"allow":["GET"]}}],"collection":[{"href":"https:\/\/shop.bjerring-sales.dk\/da\/wp-json\/wp\/v2\/product"}],"about":[{"href":"https:\/\/shop.bjerring-sales.dk\/da\/wp-json\/wp\/v2\/types\/product"}],"wp:featuredmedia":[{"embeddable":true,"href":"https:\/\/shop.bjerring-sales.dk\/da\/wp-json\/wp\/v2\/media\/100622"}],"wp:attachment":[{"href":"https:\/\/shop.bjerring-sales.dk\/da\/wp-json\/wp\/v2\/media?parent=72690"}],"wp:term":[{"taxonomy":"product_brand","embeddable":true,"href":"https:\/\/shop.bjerring-sales.dk\/da\/wp-json\/wp\/v2\/product_brand?post=72690"},{"taxonomy":"product_cat","embeddable":true,"href":"https:\/\/shop.bjerring-sales.dk\/da\/wp-json\/wp\/v2\/product_cat?post=72690"},{"taxonomy":"product_tag","embeddable":true,"href":"https:\/\/shop.bjerring-sales.dk\/da\/wp-json\/wp\/v2\/product_tag?post=72690"}],"curies":[{"name":"wp","href":"https:\/\/api.w.org\/{rel}","templated":true}]}}