{"id":71458,"date":"2021-12-14T14:42:02","date_gmt":"2021-12-14T13:42:02","guid":{"rendered":"https:\/\/pule.se\/produkt\/konferensbord-style-small\/"},"modified":"2022-03-11T12:42:58","modified_gmt":"2022-03-11T11:42:58","slug":"konferensbord-style-small","status":"publish","type":"product","link":"https:\/\/shop.bjerring-sales.dk\/da\/vare\/konferensbord-style-small\/","title":{"rendered":"Kongress Style \u2013 Small"},"content":{"rendered":"<div class=\"wpb-content-wrapper\"><div class=\"vc_row wpb_row vc_row-fluid\"><div class=\"wpb_column vc_column_container vc_col-sm-12\"><div class=\"vc_column-inner\"><div class=\"wpb_wrapper\">\n\t<div class=\"wpb_text_column wpb_content_element\" >\n\t\t<div class=\"wpb_wrapper\">\n\t\t\t<p><span style=\"font-size: 24pt\">Kongress Style Small<br \/>\n<\/span>Kongress Style i Small versionen best\u00e5r af 2 foldbare Kongress Style borde sammen med 2 gavl. Kongress Style er nemt at samle og f\u00e5s i flere forskellige farver p\u00e5 b\u00e5de stel og bordplade. Bordet passer lige s\u00e5 godt i spisestuen som i konference lokalet.<\/p>\n\n\t\t<\/div>\n\t<\/div>\n<\/div><\/div><\/div><\/div><div class=\"vc_row wpb_row vc_row-fluid\"><div class=\"wpb_column vc_column_container vc_col-sm-12\"><div class=\"vc_column-inner\"><div class=\"wpb_wrapper\"><div class=\"vc_separator wpb_content_element vc_separator_align_center vc_sep_width_100 vc_sep_pos_align_center vc_separator_no_text vc_sep_color_grey\" ><span class=\"vc_sep_holder vc_sep_holder_l\"><span class=\"vc_sep_line\"><\/span><\/span><span class=\"vc_sep_holder vc_sep_holder_r\"><span class=\"vc_sep_line\"><\/span><\/span>\n<\/div><\/div><\/div><\/div><\/div><div class=\"vc_row wpb_row vc_row-fluid\"><div class=\"wpb_column vc_column_container vc_col-sm-6\"><div class=\"vc_column-inner\"><div class=\"wpb_wrapper\">\n\t<div class=\"wpb_text_column wpb_content_element\" >\n\t\t<div class=\"wpb_wrapper\">\n\t\t\t<p><span style=\"font-size: 18pt\">Stel<br \/>\n<\/span>Kongress Style har et L-formet stel, det samme som Kongress Style bordet. Stellet f\u00e5s i pulverlakeret eller kromfinish. Stellet er nemt at folde ud og fylder lidt, n\u00e5r det er foldet sammen.<\/p>\n<ul>\n<li>Chrom<\/li>\n<li>S\u00f8lvgr\u00e5<\/li>\n<li>Sort<\/li>\n<li>Hvid<\/li>\n<\/ul>\n<p><span style=\"font-size: 18pt\">Bordplader<br \/>\n<\/span>Kongress Style er lagerf\u00f8rt med 6 forskellige farver\/farver p\u00e5 laminatbordplader. Vi laver ogs\u00e5 speciall\u00f8sninger til andre bordplader og dimensioner.<\/p>\n<ul>\n<li>Hvid<\/li>\n<li>Sort<\/li>\n<li>Gr\u00e5<\/li>\n<li>B\u00f8g<\/li>\n<li>Egetr\u00e6<\/li>\n<li>Birk<\/li>\n<\/ul>\n<p><span style=\"font-size: 18pt\">Garanti<br \/>\n<\/span>2 \u00e5r<\/p>\n\n\t\t<\/div>\n\t<\/div>\n<\/div><\/div><\/div><div class=\"wpb_column vc_column_container vc_col-sm-6\"><div class=\"vc_column-inner\"><div class=\"wpb_wrapper\">\n\t<div class=\"wpb_text_column wpb_content_element\" >\n\t\t<div class=\"wpb_wrapper\">\n\t\t\t<p><img loading=\"lazy\" decoding=\"async\" class=\"size-full wp-image-71460 aligncenter\" src=\"https:\/\/shop.bjerring-sales.dk\/wp-content\/uploads\/2021\/12\/inspiration03.jpg\" alt=\"\" width=\"800\" height=\"800\" srcset=\"https:\/\/shop.bjerring-sales.dk\/wp-content\/uploads\/2021\/12\/inspiration03.jpg 800w, https:\/\/shop.bjerring-sales.dk\/wp-content\/uploads\/2021\/12\/inspiration03-300x300.jpg 300w, https:\/\/shop.bjerring-sales.dk\/wp-content\/uploads\/2021\/12\/inspiration03-150x150.jpg 150w, https:\/\/shop.bjerring-sales.dk\/wp-content\/uploads\/2021\/12\/inspiration03-600x600.jpg 600w, https:\/\/shop.bjerring-sales.dk\/wp-content\/uploads\/2021\/12\/inspiration03-768x768.jpg 768w\" sizes=\"auto, (max-width: 800px) 100vw, 800px\" \/><\/p>\n\n\t\t<\/div>\n\t<\/div>\n<\/div><\/div><\/div><\/div>\n<\/div>","protected":false},"excerpt":{"rendered":"<p>Kongress Style i Small versionen best\u00e5r af 2 foldbare Kongress Style borde sammen med 2 gavl. Kongress Style er nemt at samle og f\u00e5s i flere forskellige farver p\u00e5 b\u00e5de stel og bordplade. Bordet passer lige s\u00e5 godt i spisestuen som i konference lokalet.<\/p>","protected":false},"featured_media":73781,"template":"","meta":{"iawp_total_views":9},"product_brand":[],"product_cat":[5787,5820],"product_tag":[5992,5993],"class_list":{"0":"post-71458","1":"product","2":"type-product","3":"status-publish","4":"has-post-thumbnail","6":"product_cat-bord","7":"product_cat-konferensbord","8":"product_tag-konferensbord","9":"product_tag-matbord","11":"first","12":"instock","13":"taxable","14":"shipping-taxable","15":"purchasable","16":"product-type-variable"},"yoast_head":"<!-- This site is optimized with the Yoast SEO plugin v27.0 - https:\/\/yoast.com\/product\/yoast-seo-wordpress\/ -->\n<title>Konferensbord Style - Small - Bjerring-Sales<\/title>\n<meta name=\"description\" content=\"Konferensbordet Style i utf\u00f6randet Small \u00e4r uppbyggt av 2 st f\u00e4llbara Kongress Style bord ihop med 2 st \u00e4ndskivor. Konferensbordet \u00e4r enkelt att montera och finns i flera olika f\u00e4rger.\" \/>\n<meta name=\"robots\" content=\"index, follow, max-snippet:-1, max-image-preview:large, max-video-preview:-1\" \/>\n<link rel=\"canonical\" href=\"https:\/\/shop.bjerring-sales.dk\/da\/vare\/konferensbord-style-small\/\" \/>\n<meta property=\"og:locale\" content=\"da_DK\" \/>\n<meta property=\"og:type\" content=\"article\" \/>\n<meta property=\"og:title\" content=\"Konferensbord Style - Small - Bjerring-Sales\" \/>\n<meta property=\"og:description\" content=\"Konferensbordet Style i utf\u00f6randet Small \u00e4r uppbyggt av 2 st f\u00e4llbara Kongress Style bord ihop med 2 st \u00e4ndskivor. Konferensbordet \u00e4r enkelt att montera och finns i flera olika f\u00e4rger.\" \/>\n<meta property=\"og:url\" content=\"https:\/\/shop.bjerring-sales.dk\/da\/vare\/konferensbord-style-small\/\" \/>\n<meta property=\"og:site_name\" content=\"Bjerring-Sales\" \/>\n<meta property=\"article:modified_time\" content=\"2022-03-11T11:42:58+00:00\" \/>\n<meta property=\"og:image\" content=\"https:\/\/pule.se\/wp-content\/uploads\/2021\/12\/240x120_WhiteLegs_WoodTopBirch-1.jpg\" \/>\n\t<meta property=\"og:image:width\" content=\"800\" \/>\n\t<meta property=\"og:image:height\" content=\"800\" \/>\n\t<meta property=\"og:image:type\" content=\"image\/jpeg\" \/>\n<meta name=\"twitter:card\" content=\"summary_large_image\" \/>\n<meta name=\"twitter:label1\" content=\"Estimeret l\u00e6setid\" \/>\n\t<meta name=\"twitter:data1\" content=\"1 minut\" \/>\n<script type=\"application\/ld+json\" class=\"yoast-schema-graph\">{\"@context\":\"https:\/\/schema.org\",\"@graph\":[{\"@type\":\"WebPage\",\"@id\":\"https:\/\/shop.bjerring-sales.dk\/sv\/produkt\/konferensbord-style-small\/\",\"url\":\"https:\/\/shop.bjerring-sales.dk\/sv\/produkt\/konferensbord-style-small\/\",\"name\":\"Konferensbord Style - Small - Bjerring-Sales\",\"isPartOf\":{\"@id\":\"https:\/\/shop.bjerring-sales.dk\/#website\"},\"primaryImageOfPage\":{\"@id\":\"https:\/\/shop.bjerring-sales.dk\/sv\/produkt\/konferensbord-style-small\/#primaryimage\"},\"image\":{\"@id\":\"https:\/\/shop.bjerring-sales.dk\/sv\/produkt\/konferensbord-style-small\/#primaryimage\"},\"thumbnailUrl\":\"https:\/\/shop.bjerring-sales.dk\/wp-content\/uploads\/2021\/12\/240x120_WhiteLegs_WoodTopBirch-1.jpg\",\"datePublished\":\"2021-12-14T13:42:02+00:00\",\"dateModified\":\"2022-03-11T11:42:58+00:00\",\"description\":\"Konferensbordet Style i utf\u00f6randet Small \u00e4r uppbyggt av 2 st f\u00e4llbara Kongress Style bord ihop med 2 st \u00e4ndskivor. Konferensbordet \u00e4r enkelt att montera och finns i flera olika f\u00e4rger.\",\"breadcrumb\":{\"@id\":\"https:\/\/shop.bjerring-sales.dk\/sv\/produkt\/konferensbord-style-small\/#breadcrumb\"},\"inLanguage\":\"da-DK\",\"potentialAction\":[{\"@type\":\"ReadAction\",\"target\":[\"https:\/\/shop.bjerring-sales.dk\/sv\/produkt\/konferensbord-style-small\/\"]}]},{\"@type\":\"ImageObject\",\"inLanguage\":\"da-DK\",\"@id\":\"https:\/\/shop.bjerring-sales.dk\/sv\/produkt\/konferensbord-style-small\/#primaryimage\",\"url\":\"https:\/\/shop.bjerring-sales.dk\/wp-content\/uploads\/2021\/12\/240x120_WhiteLegs_WoodTopBirch-1.jpg\",\"contentUrl\":\"https:\/\/shop.bjerring-sales.dk\/wp-content\/uploads\/2021\/12\/240x120_WhiteLegs_WoodTopBirch-1.jpg\",\"width\":800,\"height\":800},{\"@type\":\"BreadcrumbList\",\"@id\":\"https:\/\/shop.bjerring-sales.dk\/sv\/produkt\/konferensbord-style-small\/#breadcrumb\",\"itemListElement\":[{\"@type\":\"ListItem\",\"position\":1,\"name\":\"Hem\",\"item\":\"https:\/\/shop.bjerring-sales.dk\/\"},{\"@type\":\"ListItem\",\"position\":2,\"name\":\"Webbutik\",\"item\":\"https:\/\/shop.bjerring-sales.dk\/butik\/\"},{\"@type\":\"ListItem\",\"position\":3,\"name\":\"Konferensbord Style &#8211; Small\"}]},{\"@type\":\"WebSite\",\"@id\":\"https:\/\/shop.bjerring-sales.dk\/#website\",\"url\":\"https:\/\/shop.bjerring-sales.dk\/\",\"name\":\"Bjerring-Sales\",\"description\":\"M\u00f6bler f\u00f6r teatrar, skolor, kontor och k\u00f6pcentrum\",\"publisher\":{\"@id\":\"https:\/\/shop.bjerring-sales.dk\/#organization\"},\"potentialAction\":[{\"@type\":\"SearchAction\",\"target\":{\"@type\":\"EntryPoint\",\"urlTemplate\":\"https:\/\/shop.bjerring-sales.dk\/?s={search_term_string}\"},\"query-input\":{\"@type\":\"PropertyValueSpecification\",\"valueRequired\":true,\"valueName\":\"search_term_string\"}}],\"inLanguage\":\"da-DK\"},{\"@type\":\"Organization\",\"@id\":\"https:\/\/shop.bjerring-sales.dk\/#organization\",\"name\":\"Bjerring-Sales\",\"url\":\"https:\/\/shop.bjerring-sales.dk\/\",\"logo\":{\"@type\":\"ImageObject\",\"inLanguage\":\"da-DK\",\"@id\":\"https:\/\/shop.bjerring-sales.dk\/#\/schema\/logo\/image\/\",\"url\":\"https:\/\/shop.bjerring-sales.dk\/wp-content\/uploads\/2023\/01\/logo_sv.png\",\"contentUrl\":\"https:\/\/shop.bjerring-sales.dk\/wp-content\/uploads\/2023\/01\/logo_sv.png\",\"width\":195,\"height\":68,\"caption\":\"Bjerring-Sales\"},\"image\":{\"@id\":\"https:\/\/shop.bjerring-sales.dk\/#\/schema\/logo\/image\/\"}}]}<\/script>\n<!-- \/ Yoast SEO plugin. -->","yoast_head_json":{"title":"Konferensbord Style - Small - Bjerring-Sales","description":"Konferensbordet Style i utf\u00f6randet Small \u00e4r uppbyggt av 2 st f\u00e4llbara Kongress Style bord ihop med 2 st \u00e4ndskivor. Konferensbordet \u00e4r enkelt att montera och finns i flera olika f\u00e4rger.","robots":{"index":"index","follow":"follow","max-snippet":"max-snippet:-1","max-image-preview":"max-image-preview:large","max-video-preview":"max-video-preview:-1"},"canonical":"https:\/\/shop.bjerring-sales.dk\/da\/vare\/konferensbord-style-small\/","og_locale":"da_DK","og_type":"article","og_title":"Konferensbord Style - Small - Bjerring-Sales","og_description":"Konferensbordet Style i utf\u00f6randet Small \u00e4r uppbyggt av 2 st f\u00e4llbara Kongress Style bord ihop med 2 st \u00e4ndskivor. Konferensbordet \u00e4r enkelt att montera och finns i flera olika f\u00e4rger.","og_url":"https:\/\/shop.bjerring-sales.dk\/da\/vare\/konferensbord-style-small\/","og_site_name":"Bjerring-Sales","article_modified_time":"2022-03-11T11:42:58+00:00","og_image":[{"width":800,"height":800,"url":"https:\/\/pule.se\/wp-content\/uploads\/2021\/12\/240x120_WhiteLegs_WoodTopBirch-1.jpg","type":"image\/jpeg"}],"twitter_card":"summary_large_image","twitter_misc":{"Estimeret l\u00e6setid":"1 minut"},"schema":{"@context":"https:\/\/schema.org","@graph":[{"@type":"WebPage","@id":"https:\/\/shop.bjerring-sales.dk\/sv\/produkt\/konferensbord-style-small\/","url":"https:\/\/shop.bjerring-sales.dk\/sv\/produkt\/konferensbord-style-small\/","name":"Konferensbord Style - Small - Bjerring-Sales","isPartOf":{"@id":"https:\/\/shop.bjerring-sales.dk\/#website"},"primaryImageOfPage":{"@id":"https:\/\/shop.bjerring-sales.dk\/sv\/produkt\/konferensbord-style-small\/#primaryimage"},"image":{"@id":"https:\/\/shop.bjerring-sales.dk\/sv\/produkt\/konferensbord-style-small\/#primaryimage"},"thumbnailUrl":"https:\/\/shop.bjerring-sales.dk\/wp-content\/uploads\/2021\/12\/240x120_WhiteLegs_WoodTopBirch-1.jpg","datePublished":"2021-12-14T13:42:02+00:00","dateModified":"2022-03-11T11:42:58+00:00","description":"Konferensbordet Style i utf\u00f6randet Small \u00e4r uppbyggt av 2 st f\u00e4llbara Kongress Style bord ihop med 2 st \u00e4ndskivor. Konferensbordet \u00e4r enkelt att montera och finns i flera olika f\u00e4rger.","breadcrumb":{"@id":"https:\/\/shop.bjerring-sales.dk\/sv\/produkt\/konferensbord-style-small\/#breadcrumb"},"inLanguage":"da-DK","potentialAction":[{"@type":"ReadAction","target":["https:\/\/shop.bjerring-sales.dk\/sv\/produkt\/konferensbord-style-small\/"]}]},{"@type":"ImageObject","inLanguage":"da-DK","@id":"https:\/\/shop.bjerring-sales.dk\/sv\/produkt\/konferensbord-style-small\/#primaryimage","url":"https:\/\/shop.bjerring-sales.dk\/wp-content\/uploads\/2021\/12\/240x120_WhiteLegs_WoodTopBirch-1.jpg","contentUrl":"https:\/\/shop.bjerring-sales.dk\/wp-content\/uploads\/2021\/12\/240x120_WhiteLegs_WoodTopBirch-1.jpg","width":800,"height":800},{"@type":"BreadcrumbList","@id":"https:\/\/shop.bjerring-sales.dk\/sv\/produkt\/konferensbord-style-small\/#breadcrumb","itemListElement":[{"@type":"ListItem","position":1,"name":"Hem","item":"https:\/\/shop.bjerring-sales.dk\/"},{"@type":"ListItem","position":2,"name":"Webbutik","item":"https:\/\/shop.bjerring-sales.dk\/butik\/"},{"@type":"ListItem","position":3,"name":"Konferensbord Style &#8211; Small"}]},{"@type":"WebSite","@id":"https:\/\/shop.bjerring-sales.dk\/#website","url":"https:\/\/shop.bjerring-sales.dk\/","name":"Bjerring-Salg","description":"M\u00f8bler til teatre, skoler, kontorer og indk\u00f8bscentre","publisher":{"@id":"https:\/\/shop.bjerring-sales.dk\/#organization"},"potentialAction":[{"@type":"SearchAction","target":{"@type":"EntryPoint","urlTemplate":"https:\/\/shop.bjerring-sales.dk\/?s={search_term_string}"},"query-input":{"@type":"PropertyValueSpecification","valueRequired":true,"valueName":"search_term_string"}}],"inLanguage":"da-DK"},{"@type":"Organization","@id":"https:\/\/shop.bjerring-sales.dk\/#organization","name":"Bjerring-Salg","url":"https:\/\/shop.bjerring-sales.dk\/","logo":{"@type":"ImageObject","inLanguage":"da-DK","@id":"https:\/\/shop.bjerring-sales.dk\/#\/schema\/logo\/image\/","url":"https:\/\/shop.bjerring-sales.dk\/wp-content\/uploads\/2023\/01\/logo_sv.png","contentUrl":"https:\/\/shop.bjerring-sales.dk\/wp-content\/uploads\/2023\/01\/logo_sv.png","width":195,"height":68,"caption":"Bjerring-Sales"},"image":{"@id":"https:\/\/shop.bjerring-sales.dk\/#\/schema\/logo\/image\/"}}]}},"_links":{"self":[{"href":"https:\/\/shop.bjerring-sales.dk\/da\/wp-json\/wp\/v2\/product\/71458","targetHints":{"allow":["GET"]}}],"collection":[{"href":"https:\/\/shop.bjerring-sales.dk\/da\/wp-json\/wp\/v2\/product"}],"about":[{"href":"https:\/\/shop.bjerring-sales.dk\/da\/wp-json\/wp\/v2\/types\/product"}],"wp:featuredmedia":[{"embeddable":true,"href":"https:\/\/shop.bjerring-sales.dk\/da\/wp-json\/wp\/v2\/media\/73781"}],"wp:attachment":[{"href":"https:\/\/shop.bjerring-sales.dk\/da\/wp-json\/wp\/v2\/media?parent=71458"}],"wp:term":[{"taxonomy":"product_brand","embeddable":true,"href":"https:\/\/shop.bjerring-sales.dk\/da\/wp-json\/wp\/v2\/product_brand?post=71458"},{"taxonomy":"product_cat","embeddable":true,"href":"https:\/\/shop.bjerring-sales.dk\/da\/wp-json\/wp\/v2\/product_cat?post=71458"},{"taxonomy":"product_tag","embeddable":true,"href":"https:\/\/shop.bjerring-sales.dk\/da\/wp-json\/wp\/v2\/product_tag?post=71458"}],"curies":[{"name":"wp","href":"https:\/\/api.w.org\/{rel}","templated":true}]}}