{"id":69009,"date":"2021-11-24T15:45:13","date_gmt":"2021-11-24T14:45:13","guid":{"rendered":"https:\/\/pule.se\/?post_type=product&#038;p=69009"},"modified":"2026-04-02T11:00:56","modified_gmt":"2026-04-02T09:00:56","slug":"eco-hoj-sankbara-stativ-med-vev","status":"publish","type":"product","link":"https:\/\/shop.bjerring-sales.dk\/da\/vare\/eco-hoj-sankbara-stativ-med-vev\/","title":{"rendered":"Eco \u2013 h\u00f8jdejusterbare stativer med h\u00e5ndsving"},"content":{"rendered":"<div class=\"wpb-content-wrapper\"><div class=\"vc_row wpb_row vc_row-fluid\"><div class=\"wpb_column vc_column_container vc_col-sm-12\"><div class=\"vc_column-inner\"><div class=\"wpb_wrapper\">\n\t<div class=\"wpb_text_column wpb_content_element\" >\n\t\t<div class=\"wpb_wrapper\">\n\t\t\t<p><span style=\"font-size: 24pt\">Up &amp; Down Eco \u2013 Et stel, der kan h\u00e6ves og s\u00e6nkes med et h\u00e5ndsving<br \/>\n<\/span>Up &amp; Down Eco er et stilfuldt og prisvenligt h\u00f8jdejusterbart bordstel med h\u00e5ndsving. P\u00e5 Eco stellet \u00e6ndres positionen nemt ved hj\u00e6lp af h\u00e5ndsvinget, s\u00e5 brugeren kan arbejde i b\u00e5de siddende og st\u00e5ende stilling. Up &amp; Down Eco er lige s\u00e5 velegnet til kontoret som til hjemmekontoret. Bordstellet er nemt at samle og lagerf\u00f8res i tre forskellige farver.<\/p>\n\n\t\t<\/div>\n\t<\/div>\n<\/div><\/div><\/div><\/div><div class=\"vc_row wpb_row vc_row-fluid\"><div class=\"wpb_column vc_column_container vc_col-sm-4\"><div class=\"vc_column-inner\"><div class=\"wpb_wrapper\">\n\t<div  class=\"wpb_single_image wpb_content_element vc_align_center\">\n\t\t\n\t\t<figure class=\"wpb_wrapper vc_figure\">\n\t\t\t<div class=\"vc_single_image-wrapper vc_box_shadow_border  vc_box_border_grey\"><img loading=\"lazy\" decoding=\"async\" width=\"800\" height=\"550\" src=\"https:\/\/shop.bjerring-sales.dk\/wp-content\/uploads\/2021\/11\/Render-3-1_Post.jpg\" class=\"vc_single_image-img attachment-full\" alt=\"\" title=\"Render-3-1_Post\" srcset=\"https:\/\/shop.bjerring-sales.dk\/wp-content\/uploads\/2021\/11\/Render-3-1_Post.jpg 800w, https:\/\/shop.bjerring-sales.dk\/wp-content\/uploads\/2021\/11\/Render-3-1_Post-150x103.jpg 150w, https:\/\/shop.bjerring-sales.dk\/wp-content\/uploads\/2021\/11\/Render-3-1_Post-600x413.jpg 600w, https:\/\/shop.bjerring-sales.dk\/wp-content\/uploads\/2021\/11\/Render-3-1_Post-300x206.jpg 300w, https:\/\/shop.bjerring-sales.dk\/wp-content\/uploads\/2021\/11\/Render-3-1_Post-768x528.jpg 768w\" sizes=\"auto, (max-width: 800px) 100vw, 800px\" \/><\/div>\n\t\t<\/figure>\n\t<\/div>\n<\/div><\/div><\/div><div class=\"wpb_column vc_column_container vc_col-sm-4\"><div class=\"vc_column-inner\"><div class=\"wpb_wrapper\">\n\t<div  class=\"wpb_single_image wpb_content_element vc_align_center\">\n\t\t\n\t\t<figure class=\"wpb_wrapper vc_figure\">\n\t\t\t<div class=\"vc_single_image-wrapper vc_box_shadow_border  vc_box_border_grey\"><img loading=\"lazy\" decoding=\"async\" width=\"800\" height=\"550\" src=\"https:\/\/shop.bjerring-sales.dk\/wp-content\/uploads\/2021\/11\/Render-2-1_Post.jpg\" class=\"vc_single_image-img attachment-full\" alt=\"\" title=\"Render-2-1_Post\" srcset=\"https:\/\/shop.bjerring-sales.dk\/wp-content\/uploads\/2021\/11\/Render-2-1_Post.jpg 800w, https:\/\/shop.bjerring-sales.dk\/wp-content\/uploads\/2021\/11\/Render-2-1_Post-150x103.jpg 150w, https:\/\/shop.bjerring-sales.dk\/wp-content\/uploads\/2021\/11\/Render-2-1_Post-600x413.jpg 600w, https:\/\/shop.bjerring-sales.dk\/wp-content\/uploads\/2021\/11\/Render-2-1_Post-300x206.jpg 300w, https:\/\/shop.bjerring-sales.dk\/wp-content\/uploads\/2021\/11\/Render-2-1_Post-768x528.jpg 768w\" sizes=\"auto, (max-width: 800px) 100vw, 800px\" \/><\/div>\n\t\t<\/figure>\n\t<\/div>\n<\/div><\/div><\/div><div class=\"wpb_column vc_column_container vc_col-sm-4\"><div class=\"vc_column-inner\"><div class=\"wpb_wrapper\">\n\t<div  class=\"wpb_single_image wpb_content_element vc_align_center\">\n\t\t\n\t\t<figure class=\"wpb_wrapper vc_figure\">\n\t\t\t<div class=\"vc_single_image-wrapper vc_box_shadow_border  vc_box_border_grey\"><img loading=\"lazy\" decoding=\"async\" width=\"800\" height=\"550\" src=\"https:\/\/shop.bjerring-sales.dk\/wp-content\/uploads\/2021\/11\/Render-1_Post.jpg\" class=\"vc_single_image-img attachment-full\" alt=\"\" title=\"Render-1_Post\" srcset=\"https:\/\/shop.bjerring-sales.dk\/wp-content\/uploads\/2021\/11\/Render-1_Post.jpg 800w, https:\/\/shop.bjerring-sales.dk\/wp-content\/uploads\/2021\/11\/Render-1_Post-150x103.jpg 150w, https:\/\/shop.bjerring-sales.dk\/wp-content\/uploads\/2021\/11\/Render-1_Post-600x413.jpg 600w, https:\/\/shop.bjerring-sales.dk\/wp-content\/uploads\/2021\/11\/Render-1_Post-300x206.jpg 300w, https:\/\/shop.bjerring-sales.dk\/wp-content\/uploads\/2021\/11\/Render-1_Post-768x528.jpg 768w\" sizes=\"auto, (max-width: 800px) 100vw, 800px\" \/><\/div>\n\t\t<\/figure>\n\t<\/div>\n<\/div><\/div><\/div><\/div><div class=\"vc_row wpb_row vc_row-fluid\"><div class=\"wpb_column vc_column_container vc_col-sm-6\"><div class=\"vc_column-inner\"><div class=\"wpb_wrapper\">\n\t<div class=\"wpb_text_column wpb_content_element\" >\n\t\t<div class=\"wpb_wrapper\">\n\t\t\t<p><span style=\"font-size: 18pt\">Design<br \/>\n<\/span>Det h\u00f8jdejusterbare stel har et moderne design med lige linjer, hvilket betyder, at det passer ind i alle typer kontorlokaler. Eco stel er bygget med 2-delte rektangul\u00e6re ben, der er blevet pulverlakeret. L\u00f8ftekapaciteten er 70 kg, hvilket betyder, at brugeren nemt kan f\u00e5 plads til 2-3 sk\u00e6rme, dockingstationer, dokumenter mv. Stellet f\u00e5s i farverne hvid, sort og s\u00f8lvgr\u00e5.<\/p>\n<p><span style=\"font-size: 18pt\">Bordplader<br \/>\n<\/span>Vi har forskellige modeller af bordplader, der passer til Eco stel. Rektangul\u00e6re 19 mm laminatplader lagerf\u00f8res i sort, hvid, gr\u00e5, b\u00f8g, birk og eg. Vi lagerf\u00f8rer ogs\u00e5 22 mm laminatplader i hvid farve med maveudtag. Vi specialfremstiller ogs\u00e5 bordplader i forskellige st\u00f8rrelser og materialer, som ikke er en del af vores standardsortiment. Kontakt os gerne med en foresp\u00f8rgsel. Se vores udvalg af bordplader, der holdes p\u00e5 lager via dette link.<\/p>\n<ul>\n<li>Rec. bredde p\u00e5 bordplade: 900-1600 mm<\/li>\n<li>Rec. dybde af bordplade: 600-800 mm<\/li>\n<\/ul>\n<p><span style=\"font-size: 18pt\">Specifikationer<\/span><\/p>\n<ul>\n<li>H\u00e6ve og s\u00e6nke hastighed: 6 mm\/omdr<\/li>\n<li>R\u00f8rm\u00e5l 80\u00d750 mm<\/li>\n<li>Standard l\u00e6ngde: 500 mm<\/li>\n<li>Montering: ca 15 min<\/li>\n<li>Maksimal belastning: 70 kg<\/li>\n<\/ul>\n<p><span style=\"font-size: 18pt\">Garanti<\/span><\/p>\n<p>5 \u00e5r<\/p>\n<p><span style=\"font-size: 18pt\">M\u00e5l<\/span><\/p>\n<ul>\n<li>H\u00f8jde: 710-1210 mm<\/li>\n<li>Bredde: 850-1290 mm<\/li>\n<li>Dybde\/fodsbredde: 600 mm<\/li>\n<\/ul>\n<p><span style=\"font-size: 18pt\">V\u00e6gt<\/span><br \/>\n17,5 kg<\/p>\n\n\t\t<\/div>\n\t<\/div>\n<\/div><\/div><\/div><div class=\"wpb_column vc_column_container vc_col-sm-6\"><div class=\"vc_column-inner\"><div class=\"wpb_wrapper\">\n\t<div class=\"wpb_text_column wpb_content_element\" >\n\t\t<div class=\"wpb_wrapper\">\n\t\t\t<p><img loading=\"lazy\" decoding=\"async\" class=\"alignnone wp-image-70717 size-full\" src=\"https:\/\/shop.bjerring-sales.dk\/wp-content\/uploads\/2021\/11\/Eco_ritning-300x247-1.png\" alt=\"\" width=\"300\" height=\"247\" srcset=\"https:\/\/shop.bjerring-sales.dk\/wp-content\/uploads\/2021\/11\/Eco_ritning-300x247-1.png 300w, https:\/\/shop.bjerring-sales.dk\/wp-content\/uploads\/2021\/11\/Eco_ritning-300x247-1-150x124.png 150w\" sizes=\"auto, (max-width: 300px) 100vw, 300px\" \/><\/p>\n<p><span style=\"font-size: 18pt\">Liste over udf\u00f8rte test og certifikater<\/span><\/p>\n<ul>\n<li>UL<\/li>\n<li>CE-EMC<\/li>\n<li>CE-LVD<\/li>\n<li>RCM<\/li>\n<li>ROHS<\/li>\n<li>FCC<\/li>\n<li>PSE<\/li>\n<li>KC<\/li>\n<\/ul>\n<p><span style=\"font-size: 18pt\">brugervejledning<\/span><br \/>\n<a href=\"https:\/\/elj.se\/wp-content\/uploads\/2021\/11\/Up-Down-ECO-manual.pdf\" target=\"_blank\" rel=\"noopener\"><img loading=\"lazy\" decoding=\"async\" class=\"alignnone wp-image-70721 size-full\" src=\"https:\/\/shop.bjerring-sales.dk\/wp-content\/uploads\/2021\/11\/Up-Down-ECO-manual-1-150x216-1.jpg\" alt=\"\" width=\"150\" height=\"216\" \/><\/a><\/p>\n\n\t\t<\/div>\n\t<\/div>\n<\/div><\/div><\/div><\/div>\n<\/div>","protected":false},"excerpt":{"rendered":"<p>Up &amp; Down Eco er et stilfuldt og prisvenligt h\u00f8jdejusterbart bordstel med h\u00e5ndsving. P\u00e5 Eco stellet \u00e6ndres positionen nemt ved hj\u00e6lp af h\u00e5ndsvinget, s\u00e5 brugeren kan arbejde i b\u00e5de siddende og st\u00e5ende stilling. Up &amp; Down Eco er lige s\u00e5 velegnet til kontoret som til hjemmekontoret. Bordstellet er nemt at samle og lagerf\u00f8res i tre forskellige farver.<\/p>","protected":false},"featured_media":99909,"template":"","meta":{"iawp_total_views":1},"product_brand":[],"product_cat":[6352,5819],"product_tag":[5780,5987,5988,5989,5990],"class_list":{"0":"post-69009","1":"product","2":"type-product","3":"status-publish","4":"has-post-thumbnail","6":"product_cat-up-down-eco","7":"product_cat-bordsstativ","8":"product_tag-up-down","9":"product_tag-bordsstativ-med-vev","10":"product_tag-vevstativ","11":"product_tag-hoj-och-sankbart-stativ-med-vev","12":"product_tag-miljovanligt-stativ","14":"first","15":"instock","16":"taxable","17":"shipping-taxable","18":"purchasable","19":"product-type-variable"},"yoast_head":"<!-- This site is optimized with the Yoast SEO plugin v27.0 - https:\/\/yoast.com\/product\/yoast-seo-wordpress\/ -->\n<title>Eco - h\u00f6j &amp; s\u00e4nkbara stativ med vev - Bjerring-Sales<\/title>\n<meta name=\"description\" content=\"Up &amp; Down Eco \u00e4r ett stilrent och prisv\u00e4rt h\u00f6jdjusterbart bordsstativ med vev. P\u00e5 Eco stativet \u00e4ndras positionen enkelt med hj\u00e4lp av veven s\u00e5 att anv\u00e4ndaren kan arbeta i b\u00e5de sittande och st\u00e5ende st\u00e4llning.\" \/>\n<meta name=\"robots\" content=\"index, follow, max-snippet:-1, max-image-preview:large, max-video-preview:-1\" \/>\n<link rel=\"canonical\" href=\"https:\/\/shop.bjerring-sales.dk\/da\/vare\/eco-hoj-sankbara-stativ-med-vev\/\" \/>\n<meta property=\"og:locale\" content=\"da_DK\" \/>\n<meta property=\"og:type\" content=\"article\" \/>\n<meta property=\"og:title\" content=\"Eco - h\u00f6j &amp; s\u00e4nkbara stativ med vev - Bjerring-Sales\" \/>\n<meta property=\"og:description\" content=\"Up &amp; Down Eco \u00e4r ett stilrent och prisv\u00e4rt h\u00f6jdjusterbart bordsstativ med vev. P\u00e5 Eco stativet \u00e4ndras positionen enkelt med hj\u00e4lp av veven s\u00e5 att anv\u00e4ndaren kan arbeta i b\u00e5de sittande och st\u00e5ende st\u00e4llning.\" \/>\n<meta property=\"og:url\" content=\"https:\/\/shop.bjerring-sales.dk\/da\/vare\/eco-hoj-sankbara-stativ-med-vev\/\" \/>\n<meta property=\"og:site_name\" content=\"Bjerring-Sales\" \/>\n<meta property=\"article:modified_time\" content=\"2026-04-02T09:00:56+00:00\" \/>\n<meta property=\"og:image\" content=\"https:\/\/shop.bjerring-sales.dk\/wp-content\/uploads\/2024\/10\/ECO_White_frame.jpg\" \/>\n\t<meta property=\"og:image:width\" content=\"800\" \/>\n\t<meta property=\"og:image:height\" content=\"800\" \/>\n\t<meta property=\"og:image:type\" content=\"image\/jpeg\" \/>\n<meta name=\"twitter:card\" content=\"summary_large_image\" \/>\n<meta name=\"twitter:label1\" content=\"Estimeret l\u00e6setid\" \/>\n\t<meta name=\"twitter:data1\" content=\"2 minutter\" \/>\n<script type=\"application\/ld+json\" class=\"yoast-schema-graph\">{\"@context\":\"https:\/\/schema.org\",\"@graph\":[{\"@type\":\"WebPage\",\"@id\":\"https:\/\/shop.bjerring-sales.dk\/sv\/produkt\/eco-hoj-sankbara-stativ-med-vev\/\",\"url\":\"https:\/\/shop.bjerring-sales.dk\/sv\/produkt\/eco-hoj-sankbara-stativ-med-vev\/\",\"name\":\"Eco - h\u00f6j &amp; s\u00e4nkbara stativ med vev - Bjerring-Sales\",\"isPartOf\":{\"@id\":\"https:\/\/shop.bjerring-sales.dk\/#website\"},\"primaryImageOfPage\":{\"@id\":\"https:\/\/shop.bjerring-sales.dk\/sv\/produkt\/eco-hoj-sankbara-stativ-med-vev\/#primaryimage\"},\"image\":{\"@id\":\"https:\/\/shop.bjerring-sales.dk\/sv\/produkt\/eco-hoj-sankbara-stativ-med-vev\/#primaryimage\"},\"thumbnailUrl\":\"https:\/\/shop.bjerring-sales.dk\/wp-content\/uploads\/2024\/10\/ECO_White_frame.jpg\",\"datePublished\":\"2021-11-24T14:45:13+00:00\",\"dateModified\":\"2026-04-02T09:00:56+00:00\",\"description\":\"Up & Down Eco \u00e4r ett stilrent och prisv\u00e4rt h\u00f6jdjusterbart bordsstativ med vev. P\u00e5 Eco stativet \u00e4ndras positionen enkelt med hj\u00e4lp av veven s\u00e5 att anv\u00e4ndaren kan arbeta i b\u00e5de sittande och st\u00e5ende st\u00e4llning.\",\"breadcrumb\":{\"@id\":\"https:\/\/shop.bjerring-sales.dk\/sv\/produkt\/eco-hoj-sankbara-stativ-med-vev\/#breadcrumb\"},\"inLanguage\":\"da-DK\",\"potentialAction\":[{\"@type\":\"ReadAction\",\"target\":[\"https:\/\/shop.bjerring-sales.dk\/sv\/produkt\/eco-hoj-sankbara-stativ-med-vev\/\"]}]},{\"@type\":\"ImageObject\",\"inLanguage\":\"da-DK\",\"@id\":\"https:\/\/shop.bjerring-sales.dk\/sv\/produkt\/eco-hoj-sankbara-stativ-med-vev\/#primaryimage\",\"url\":\"https:\/\/shop.bjerring-sales.dk\/wp-content\/uploads\/2024\/10\/ECO_White_frame.jpg\",\"contentUrl\":\"https:\/\/shop.bjerring-sales.dk\/wp-content\/uploads\/2024\/10\/ECO_White_frame.jpg\",\"width\":800,\"height\":800},{\"@type\":\"BreadcrumbList\",\"@id\":\"https:\/\/shop.bjerring-sales.dk\/sv\/produkt\/eco-hoj-sankbara-stativ-med-vev\/#breadcrumb\",\"itemListElement\":[{\"@type\":\"ListItem\",\"position\":1,\"name\":\"Hem\",\"item\":\"https:\/\/shop.bjerring-sales.dk\/\"},{\"@type\":\"ListItem\",\"position\":2,\"name\":\"Webbutik\",\"item\":\"https:\/\/shop.bjerring-sales.dk\/butik\/\"},{\"@type\":\"ListItem\",\"position\":3,\"name\":\"Eco &#8211; h\u00f6j &amp; s\u00e4nkbara stativ med vev\"}]},{\"@type\":\"WebSite\",\"@id\":\"https:\/\/shop.bjerring-sales.dk\/#website\",\"url\":\"https:\/\/shop.bjerring-sales.dk\/\",\"name\":\"Bjerring-Sales\",\"description\":\"M\u00f6bler f\u00f6r teatrar, skolor, kontor och k\u00f6pcentrum\",\"publisher\":{\"@id\":\"https:\/\/shop.bjerring-sales.dk\/#organization\"},\"potentialAction\":[{\"@type\":\"SearchAction\",\"target\":{\"@type\":\"EntryPoint\",\"urlTemplate\":\"https:\/\/shop.bjerring-sales.dk\/?s={search_term_string}\"},\"query-input\":{\"@type\":\"PropertyValueSpecification\",\"valueRequired\":true,\"valueName\":\"search_term_string\"}}],\"inLanguage\":\"da-DK\"},{\"@type\":\"Organization\",\"@id\":\"https:\/\/shop.bjerring-sales.dk\/#organization\",\"name\":\"Bjerring-Sales\",\"url\":\"https:\/\/shop.bjerring-sales.dk\/\",\"logo\":{\"@type\":\"ImageObject\",\"inLanguage\":\"da-DK\",\"@id\":\"https:\/\/shop.bjerring-sales.dk\/#\/schema\/logo\/image\/\",\"url\":\"https:\/\/shop.bjerring-sales.dk\/wp-content\/uploads\/2023\/01\/logo_sv.png\",\"contentUrl\":\"https:\/\/shop.bjerring-sales.dk\/wp-content\/uploads\/2023\/01\/logo_sv.png\",\"width\":195,\"height\":68,\"caption\":\"Bjerring-Sales\"},\"image\":{\"@id\":\"https:\/\/shop.bjerring-sales.dk\/#\/schema\/logo\/image\/\"}}]}<\/script>\n<!-- \/ Yoast SEO plugin. -->","yoast_head_json":{"title":"Eco - h\u00f6j &amp; s\u00e4nkbara stativ med vev - Bjerring-Sales","description":"Up & Down Eco \u00e4r ett stilrent och prisv\u00e4rt h\u00f6jdjusterbart bordsstativ med vev. P\u00e5 Eco stativet \u00e4ndras positionen enkelt med hj\u00e4lp av veven s\u00e5 att anv\u00e4ndaren kan arbeta i b\u00e5de sittande och st\u00e5ende st\u00e4llning.","robots":{"index":"index","follow":"follow","max-snippet":"max-snippet:-1","max-image-preview":"max-image-preview:large","max-video-preview":"max-video-preview:-1"},"canonical":"https:\/\/shop.bjerring-sales.dk\/da\/vare\/eco-hoj-sankbara-stativ-med-vev\/","og_locale":"da_DK","og_type":"article","og_title":"Eco - h\u00f6j &amp; s\u00e4nkbara stativ med vev - Bjerring-Sales","og_description":"Up & Down Eco \u00e4r ett stilrent och prisv\u00e4rt h\u00f6jdjusterbart bordsstativ med vev. P\u00e5 Eco stativet \u00e4ndras positionen enkelt med hj\u00e4lp av veven s\u00e5 att anv\u00e4ndaren kan arbeta i b\u00e5de sittande och st\u00e5ende st\u00e4llning.","og_url":"https:\/\/shop.bjerring-sales.dk\/da\/vare\/eco-hoj-sankbara-stativ-med-vev\/","og_site_name":"Bjerring-Sales","article_modified_time":"2026-04-02T09:00:56+00:00","og_image":[{"width":800,"height":800,"url":"https:\/\/shop.bjerring-sales.dk\/wp-content\/uploads\/2024\/10\/ECO_White_frame.jpg","type":"image\/jpeg"}],"twitter_card":"summary_large_image","twitter_misc":{"Estimeret l\u00e6setid":"2 minutter"},"schema":{"@context":"https:\/\/schema.org","@graph":[{"@type":"WebPage","@id":"https:\/\/shop.bjerring-sales.dk\/sv\/produkt\/eco-hoj-sankbara-stativ-med-vev\/","url":"https:\/\/shop.bjerring-sales.dk\/sv\/produkt\/eco-hoj-sankbara-stativ-med-vev\/","name":"Eco - h\u00f6j &amp; s\u00e4nkbara stativ med vev - Bjerring-Sales","isPartOf":{"@id":"https:\/\/shop.bjerring-sales.dk\/#website"},"primaryImageOfPage":{"@id":"https:\/\/shop.bjerring-sales.dk\/sv\/produkt\/eco-hoj-sankbara-stativ-med-vev\/#primaryimage"},"image":{"@id":"https:\/\/shop.bjerring-sales.dk\/sv\/produkt\/eco-hoj-sankbara-stativ-med-vev\/#primaryimage"},"thumbnailUrl":"https:\/\/shop.bjerring-sales.dk\/wp-content\/uploads\/2024\/10\/ECO_White_frame.jpg","datePublished":"2021-11-24T14:45:13+00:00","dateModified":"2026-04-02T09:00:56+00:00","description":"Up & Down Eco \u00e4r ett stilrent och prisv\u00e4rt h\u00f6jdjusterbart bordsstativ med vev. P\u00e5 Eco stativet \u00e4ndras positionen enkelt med hj\u00e4lp av veven s\u00e5 att anv\u00e4ndaren kan arbeta i b\u00e5de sittande och st\u00e5ende st\u00e4llning.","breadcrumb":{"@id":"https:\/\/shop.bjerring-sales.dk\/sv\/produkt\/eco-hoj-sankbara-stativ-med-vev\/#breadcrumb"},"inLanguage":"da-DK","potentialAction":[{"@type":"ReadAction","target":["https:\/\/shop.bjerring-sales.dk\/sv\/produkt\/eco-hoj-sankbara-stativ-med-vev\/"]}]},{"@type":"ImageObject","inLanguage":"da-DK","@id":"https:\/\/shop.bjerring-sales.dk\/sv\/produkt\/eco-hoj-sankbara-stativ-med-vev\/#primaryimage","url":"https:\/\/shop.bjerring-sales.dk\/wp-content\/uploads\/2024\/10\/ECO_White_frame.jpg","contentUrl":"https:\/\/shop.bjerring-sales.dk\/wp-content\/uploads\/2024\/10\/ECO_White_frame.jpg","width":800,"height":800},{"@type":"BreadcrumbList","@id":"https:\/\/shop.bjerring-sales.dk\/sv\/produkt\/eco-hoj-sankbara-stativ-med-vev\/#breadcrumb","itemListElement":[{"@type":"ListItem","position":1,"name":"Hem","item":"https:\/\/shop.bjerring-sales.dk\/"},{"@type":"ListItem","position":2,"name":"Webbutik","item":"https:\/\/shop.bjerring-sales.dk\/butik\/"},{"@type":"ListItem","position":3,"name":"Eco &#8211; h\u00f6j &amp; s\u00e4nkbara stativ med vev"}]},{"@type":"WebSite","@id":"https:\/\/shop.bjerring-sales.dk\/#website","url":"https:\/\/shop.bjerring-sales.dk\/","name":"Bjerring-Salg","description":"M\u00f8bler til teatre, skoler, kontorer og indk\u00f8bscentre","publisher":{"@id":"https:\/\/shop.bjerring-sales.dk\/#organization"},"potentialAction":[{"@type":"SearchAction","target":{"@type":"EntryPoint","urlTemplate":"https:\/\/shop.bjerring-sales.dk\/?s={search_term_string}"},"query-input":{"@type":"PropertyValueSpecification","valueRequired":true,"valueName":"search_term_string"}}],"inLanguage":"da-DK"},{"@type":"Organization","@id":"https:\/\/shop.bjerring-sales.dk\/#organization","name":"Bjerring-Salg","url":"https:\/\/shop.bjerring-sales.dk\/","logo":{"@type":"ImageObject","inLanguage":"da-DK","@id":"https:\/\/shop.bjerring-sales.dk\/#\/schema\/logo\/image\/","url":"https:\/\/shop.bjerring-sales.dk\/wp-content\/uploads\/2023\/01\/logo_sv.png","contentUrl":"https:\/\/shop.bjerring-sales.dk\/wp-content\/uploads\/2023\/01\/logo_sv.png","width":195,"height":68,"caption":"Bjerring-Sales"},"image":{"@id":"https:\/\/shop.bjerring-sales.dk\/#\/schema\/logo\/image\/"}}]}},"_links":{"self":[{"href":"https:\/\/shop.bjerring-sales.dk\/da\/wp-json\/wp\/v2\/product\/69009","targetHints":{"allow":["GET"]}}],"collection":[{"href":"https:\/\/shop.bjerring-sales.dk\/da\/wp-json\/wp\/v2\/product"}],"about":[{"href":"https:\/\/shop.bjerring-sales.dk\/da\/wp-json\/wp\/v2\/types\/product"}],"wp:featuredmedia":[{"embeddable":true,"href":"https:\/\/shop.bjerring-sales.dk\/da\/wp-json\/wp\/v2\/media\/99909"}],"wp:attachment":[{"href":"https:\/\/shop.bjerring-sales.dk\/da\/wp-json\/wp\/v2\/media?parent=69009"}],"wp:term":[{"taxonomy":"product_brand","embeddable":true,"href":"https:\/\/shop.bjerring-sales.dk\/da\/wp-json\/wp\/v2\/product_brand?post=69009"},{"taxonomy":"product_cat","embeddable":true,"href":"https:\/\/shop.bjerring-sales.dk\/da\/wp-json\/wp\/v2\/product_cat?post=69009"},{"taxonomy":"product_tag","embeddable":true,"href":"https:\/\/shop.bjerring-sales.dk\/da\/wp-json\/wp\/v2\/product_tag?post=69009"}],"curies":[{"name":"wp","href":"https:\/\/api.w.org\/{rel}","templated":true}]}}