{"id":66763,"date":"2021-08-25T15:40:27","date_gmt":"2021-08-25T13:40:27","guid":{"rendered":"https:\/\/pule.se\/produkt\/monitorarm-easy-basic-for-1-skarm-svart-2\/"},"modified":"2026-01-30T11:11:18","modified_gmt":"2026-01-30T10:11:18","slug":"monitorarm-easy-basic-for-1-skarm-svart","status":"publish","type":"product","link":"https:\/\/shop.bjerring-sales.dk\/da\/vare\/monitorarm-easy-basic-for-1-skarm-svart\/","title":{"rendered":"Monitor arm EASY Basic til 1 sk\u00e6rm - sort"},"content":{"rendered":"<div class=\"wpb-content-wrapper\"><div class=\"vc_row wpb_row vc_row-fluid\"><div class=\"wpb_column vc_column_container vc_col-sm-12\"><div class=\"vc_column-inner\"><div class=\"wpb_wrapper\">\n\t<div class=\"wpb_text_column wpb_content_element\" >\n\t\t<div class=\"wpb_wrapper\">\n\t\t\t<p style=\"text-align: left;\"><span style=\"font-size: 24pt;\">EASY Basic \u2013 Sort sk\u00e6rmarm med 360\u00b0 rotation \u2013 1 sk\u00e6rm<br \/>\n<\/span>En sk\u00e6rmarm til at b\u00e6re 1 sk\u00e6rm med en samlet maksimal belastning p\u00e5 12 kg. Sk\u00e6rmholderen fungerer godt til sk\u00e6rme p\u00e5 17-36 tommer, hvilket normalt er den mest almindelige st\u00f8rrelse til et typisk kontor. En forholdsvis moderne sk\u00e6rm p\u00e5 32 tommer vejer lige under 4 kg. Du kan nemt fastg\u00f8re sk\u00e6rmen til sk\u00e6rmarmen med VESA-beslaget.<\/p>\n\n\t\t<\/div>\n\t<\/div>\n<\/div><\/div><\/div><\/div><div class=\"vc_row wpb_row vc_row-fluid\"><div class=\"wpb_column vc_column_container vc_col-sm-4\"><div class=\"vc_column-inner\"><div class=\"wpb_wrapper\">\n\t<div  class=\"wpb_single_image wpb_content_element vc_align_center\">\n\t\t\n\t\t<figure class=\"wpb_wrapper vc_figure\">\n\t\t\t<div class=\"vc_single_image-wrapper vc_box_shadow_border  vc_box_border_grey\"><img loading=\"lazy\" decoding=\"async\" width=\"800\" height=\"550\" src=\"https:\/\/shop.bjerring-sales.dk\/wp-content\/uploads\/2021\/08\/monitorarm_easy_svart-3-1.jpg\" class=\"vc_single_image-img attachment-full\" alt=\"\" title=\"monitorarm_easy_black-3\" srcset=\"https:\/\/shop.bjerring-sales.dk\/wp-content\/uploads\/2021\/08\/monitorarm_easy_svart-3-1.jpg 800w, https:\/\/shop.bjerring-sales.dk\/wp-content\/uploads\/2021\/08\/monitorarm_easy_svart-3-1-150x103.jpg 150w, https:\/\/shop.bjerring-sales.dk\/wp-content\/uploads\/2021\/08\/monitorarm_easy_svart-3-1-600x413.jpg 600w, https:\/\/shop.bjerring-sales.dk\/wp-content\/uploads\/2021\/08\/monitorarm_easy_svart-3-1-300x206.jpg 300w, https:\/\/shop.bjerring-sales.dk\/wp-content\/uploads\/2021\/08\/monitorarm_easy_svart-3-1-768x528.jpg 768w, https:\/\/shop.bjerring-sales.dk\/wp-content\/uploads\/2021\/08\/monitorarm_easy_svart-3-1-18x12.jpg 18w\" sizes=\"auto, (max-width: 800px) 100vw, 800px\" \/><\/div>\n\t\t<\/figure>\n\t<\/div>\n<\/div><\/div><\/div><div class=\"wpb_column vc_column_container vc_col-sm-4\"><div class=\"vc_column-inner\"><div class=\"wpb_wrapper\">\n\t<div  class=\"wpb_single_image wpb_content_element vc_align_center\">\n\t\t\n\t\t<figure class=\"wpb_wrapper vc_figure\">\n\t\t\t<div class=\"vc_single_image-wrapper vc_box_shadow_border  vc_box_border_grey\"><img loading=\"lazy\" decoding=\"async\" width=\"800\" height=\"550\" src=\"https:\/\/shop.bjerring-sales.dk\/wp-content\/uploads\/2021\/08\/monitorarm_easy_svart-2-1.jpg\" class=\"vc_single_image-img attachment-full\" alt=\"\" title=\"monitorarm_easy_black-2\" srcset=\"https:\/\/shop.bjerring-sales.dk\/wp-content\/uploads\/2021\/08\/monitorarm_easy_svart-2-1.jpg 800w, https:\/\/shop.bjerring-sales.dk\/wp-content\/uploads\/2021\/08\/monitorarm_easy_svart-2-1-150x103.jpg 150w, https:\/\/shop.bjerring-sales.dk\/wp-content\/uploads\/2021\/08\/monitorarm_easy_svart-2-1-600x413.jpg 600w, https:\/\/shop.bjerring-sales.dk\/wp-content\/uploads\/2021\/08\/monitorarm_easy_svart-2-1-300x206.jpg 300w, https:\/\/shop.bjerring-sales.dk\/wp-content\/uploads\/2021\/08\/monitorarm_easy_svart-2-1-768x528.jpg 768w, https:\/\/shop.bjerring-sales.dk\/wp-content\/uploads\/2021\/08\/monitorarm_easy_svart-2-1-18x12.jpg 18w\" sizes=\"auto, (max-width: 800px) 100vw, 800px\" \/><\/div>\n\t\t<\/figure>\n\t<\/div>\n<\/div><\/div><\/div><div class=\"wpb_column vc_column_container vc_col-sm-4\"><div class=\"vc_column-inner\"><div class=\"wpb_wrapper\">\n\t<div  class=\"wpb_single_image wpb_content_element vc_align_center\">\n\t\t\n\t\t<figure class=\"wpb_wrapper vc_figure\">\n\t\t\t<div class=\"vc_single_image-wrapper vc_box_shadow_border  vc_box_border_grey\"><img loading=\"lazy\" decoding=\"async\" width=\"800\" height=\"550\" src=\"https:\/\/shop.bjerring-sales.dk\/wp-content\/uploads\/2021\/08\/monitorarm_easy_svart-1-1.jpg\" class=\"vc_single_image-img attachment-full\" alt=\"\" title=\"monitorarm_easy_black-1\" srcset=\"https:\/\/shop.bjerring-sales.dk\/wp-content\/uploads\/2021\/08\/monitorarm_easy_svart-1-1.jpg 800w, https:\/\/shop.bjerring-sales.dk\/wp-content\/uploads\/2021\/08\/monitorarm_easy_svart-1-1-150x103.jpg 150w, https:\/\/shop.bjerring-sales.dk\/wp-content\/uploads\/2021\/08\/monitorarm_easy_svart-1-1-600x413.jpg 600w, https:\/\/shop.bjerring-sales.dk\/wp-content\/uploads\/2021\/08\/monitorarm_easy_svart-1-1-300x206.jpg 300w, https:\/\/shop.bjerring-sales.dk\/wp-content\/uploads\/2021\/08\/monitorarm_easy_svart-1-1-768x528.jpg 768w, https:\/\/shop.bjerring-sales.dk\/wp-content\/uploads\/2021\/08\/monitorarm_easy_svart-1-1-18x12.jpg 18w\" sizes=\"auto, (max-width: 800px) 100vw, 800px\" \/><\/div>\n\t\t<\/figure>\n\t<\/div>\n<\/div><\/div><\/div><\/div><div class=\"vc_row wpb_row vc_row-fluid\"><div class=\"wpb_column vc_column_container vc_col-sm-12\"><div class=\"vc_column-inner\"><div class=\"wpb_wrapper\">\n\t<div class=\"wpb_text_column wpb_content_element vc_custom_1631139868961\" >\n\t\t<div class=\"wpb_wrapper\">\n\t\t\t<p style=\"text-align: left;\"><span style=\"font-size: 18pt;\">Specifikationer<\/span><\/p>\n\n\t\t<\/div>\n\t<\/div>\n<div class=\"vc_separator wpb_content_element vc_separator_align_center vc_sep_width_100 vc_sep_pos_align_center vc_separator_no_text vc_sep_color_grey\" ><span class=\"vc_sep_holder vc_sep_holder_l\"><span class=\"vc_sep_line\"><\/span><\/span><span class=\"vc_sep_holder vc_sep_holder_r\"><span class=\"vc_sep_line\"><\/span><\/span>\n<\/div><\/div><\/div><\/div><\/div><div class=\"vc_row wpb_row vc_row-fluid\"><div class=\"wpb_column vc_column_container vc_col-sm-6\"><div class=\"vc_column-inner\"><div class=\"wpb_wrapper\">\n\t<div class=\"wpb_text_column wpb_content_element\" >\n\t\t<div class=\"wpb_wrapper\">\n\t\t\t<ul>\n<li>Enkeltsk\u00e6rm Quick Release VESA-beslag<\/li>\n<li>VESA: 100x100MM, 75x75MM<\/li>\n<li>Fastg\u00f8res til disk med max. tykkelse 95 mm<\/li>\n<li>Rotation: 360\u00b0<\/li>\n<li>Sk\u00e6rmst\u00f8rrelse: 17&quot;-36&quot;<\/li>\n<li>Maks. belastning: 3-12 kg<\/li>\n<\/ul>\n\n\t\t<\/div>\n\t<\/div>\n<\/div><\/div><\/div><div class=\"wpb_column vc_column_container vc_col-sm-6\"><div class=\"vc_column-inner\"><div class=\"wpb_wrapper\">\n\t<div class=\"wpb_text_column wpb_content_element\" >\n\t\t<div class=\"wpb_wrapper\">\n\t\t\t<ul>\n<li>Tilt: 90\u00b0 op, 15\u00b0 ned<\/li>\n<li>Materiale: aluminium<\/li>\n<li>Kabelstyring<\/li>\n<li>Klemme og \u00e6rme<\/li>\n<li>Gasfjedersystem<\/li>\n<\/ul>\n\n\t\t<\/div>\n\t<\/div>\n<\/div><\/div><\/div><\/div>\n<\/div>","protected":false},"excerpt":{"rendered":"<p>EASY Basic monitor arm med 360\u00b0 rotation kan rumme 1 sk\u00e6rm med en maksimal belastning p\u00e5 12 kg. Sk\u00e6rmholderen fungerer godt til sk\u00e6rme, der er 17-36 tommer, hvilket normalt er det mest almindelige st\u00f8rrelsesomr\u00e5de for et almindeligt kontor.<\/p>","protected":false},"featured_media":100171,"template":"","meta":{"iawp_total_views":2},"product_brand":[],"product_cat":[5629,5798,5870],"product_tag":[5793,5794,5795,5796,5797],"class_list":{"0":"post-66763","1":"product","2":"type-product","3":"status-publish","4":"has-post-thumbnail","6":"product_cat-kontorsmobler","7":"product_cat-kontorsprodukter","8":"product_cat-monitorarmar","9":"product_tag-ergonomi","10":"product_tag-displayhallare-1-skarm","11":"product_tag-skarmhallare","12":"product_tag-easy-basic","13":"product_tag-monitorarm","15":"first","16":"instock","17":"taxable","18":"shipping-taxable","19":"purchasable","20":"product-type-simple"},"yoast_head":"<!-- This site is optimized with the Yoast SEO plugin v27.0 - https:\/\/yoast.com\/product\/yoast-seo-wordpress\/ -->\n<title>Monitorarm EASY Basic f\u00f6r 1 sk\u00e4rm - svart - Bjerring-Sales<\/title>\n<meta name=\"description\" content=\"EASY Basic monitorarm med 360\u00b0 rotation kan h\u00e5lla 1 displaysk\u00e4rm med en maximal belastning p\u00e5 12 kg. Displayh\u00e5llaren fungerar bra till sk\u00e4rmar som \u00e4r 17-36 tum, vilket oftast \u00e4r det vanligaste storleksspannet f\u00f6r ett ett vanligt kontor.\" \/>\n<meta name=\"robots\" content=\"index, follow, max-snippet:-1, max-image-preview:large, max-video-preview:-1\" \/>\n<link rel=\"canonical\" href=\"https:\/\/shop.bjerring-sales.dk\/da\/product\/monitorarm-easy-basic-for-1-skarm-svart\/\" \/>\n<meta property=\"og:locale\" content=\"da_DK\" \/>\n<meta property=\"og:type\" content=\"article\" \/>\n<meta property=\"og:title\" content=\"Monitorarm EASY Basic f\u00f6r 1 sk\u00e4rm \u2013 svart\" \/>\n<meta property=\"og:description\" content=\"EASY Basic monitorarm med 360\u00b0 rotation kan h\u00e5lla 1 displaysk\u00e4rm med en maximal belastning p\u00e5 12 kg. Displayh\u00e5llaren fungerar bra till sk\u00e4rmar som \u00e4r 17-36 tum, vilket oftast \u00e4r det vanligaste storleksspannet f\u00f6r ett ett vanligt kontor.\" \/>\n<meta property=\"og:url\" content=\"https:\/\/shop.bjerring-sales.dk\/da\/product\/monitorarm-easy-basic-for-1-skarm-svart\/\" \/>\n<meta property=\"og:site_name\" content=\"Bjerring-Sales\" \/>\n<meta property=\"article:modified_time\" content=\"2026-01-30T10:11:18+00:00\" \/>\n<meta property=\"og:image\" content=\"https:\/\/shop.bjerring-sales.dk\/wp-content\/uploads\/2021\/08\/monitorarm_easy_svart-2-1.jpg\" \/>\n\t<meta property=\"og:image:width\" content=\"800\" \/>\n\t<meta property=\"og:image:height\" content=\"550\" \/>\n\t<meta property=\"og:image:type\" content=\"image\/jpeg\" \/>\n<meta name=\"twitter:card\" content=\"summary_large_image\" \/>\n<meta name=\"twitter:title\" content=\"Monitorarm EASY Basic f\u00f6r 1 sk\u00e4rm \u2013 svart\" \/>\n<meta name=\"twitter:description\" content=\"EASY Basic monitorarm med 360\u00b0 rotation kan h\u00e5lla 1 displaysk\u00e4rm med en maximal belastning p\u00e5 12 kg. Displayh\u00e5llaren fungerar bra till sk\u00e4rmar som \u00e4r 17-36 tum, vilket oftast \u00e4r det vanligaste storleksspannet f\u00f6r ett ett vanligt kontor.\" \/>\n<meta name=\"twitter:image\" content=\"https:\/\/shop.bjerring-sales.dk\/wp-content\/uploads\/2021\/08\/monitorarm_easy_svart-2-1.jpg\" \/>\n<meta name=\"twitter:label1\" content=\"Estimeret l\u00e6setid\" \/>\n\t<meta name=\"twitter:data1\" content=\"2 minutter\" \/>\n<script type=\"application\/ld+json\" class=\"yoast-schema-graph\">{\"@context\":\"https:\/\/schema.org\",\"@graph\":[{\"@type\":\"WebPage\",\"@id\":\"https:\/\/shop.bjerring-sales.dk\/product\/monitorarm-easy-basic-for-1-skarm-svart\/\",\"url\":\"https:\/\/shop.bjerring-sales.dk\/product\/monitorarm-easy-basic-for-1-skarm-svart\/\",\"name\":\"Monitorarm EASY Basic f\u00f6r 1 sk\u00e4rm - svart - Bjerring-Sales\",\"isPartOf\":{\"@id\":\"https:\/\/shop.bjerring-sales.dk\/#website\"},\"primaryImageOfPage\":{\"@id\":\"https:\/\/shop.bjerring-sales.dk\/product\/monitorarm-easy-basic-for-1-skarm-svart\/#primaryimage\"},\"image\":{\"@id\":\"https:\/\/shop.bjerring-sales.dk\/product\/monitorarm-easy-basic-for-1-skarm-svart\/#primaryimage\"},\"thumbnailUrl\":\"https:\/\/shop.bjerring-sales.dk\/wp-content\/uploads\/2024\/10\/monitorarm_easy_svart-14.jpg\",\"datePublished\":\"2021-08-25T13:40:27+00:00\",\"dateModified\":\"2026-01-30T10:11:18+00:00\",\"description\":\"EASY Basic monitorarm med 360\u00b0 rotation kan h\u00e5lla 1 displaysk\u00e4rm med en maximal belastning p\u00e5 12 kg. Displayh\u00e5llaren fungerar bra till sk\u00e4rmar som \u00e4r 17-36 tum, vilket oftast \u00e4r det vanligaste storleksspannet f\u00f6r ett ett vanligt kontor.\",\"breadcrumb\":{\"@id\":\"https:\/\/shop.bjerring-sales.dk\/product\/monitorarm-easy-basic-for-1-skarm-svart\/#breadcrumb\"},\"inLanguage\":\"da-DK\",\"potentialAction\":[{\"@type\":\"ReadAction\",\"target\":[\"https:\/\/shop.bjerring-sales.dk\/product\/monitorarm-easy-basic-for-1-skarm-svart\/\"]}]},{\"@type\":\"ImageObject\",\"inLanguage\":\"da-DK\",\"@id\":\"https:\/\/shop.bjerring-sales.dk\/product\/monitorarm-easy-basic-for-1-skarm-svart\/#primaryimage\",\"url\":\"https:\/\/shop.bjerring-sales.dk\/wp-content\/uploads\/2024\/10\/monitorarm_easy_svart-14.jpg\",\"contentUrl\":\"https:\/\/shop.bjerring-sales.dk\/wp-content\/uploads\/2024\/10\/monitorarm_easy_svart-14.jpg\",\"width\":800,\"height\":800},{\"@type\":\"BreadcrumbList\",\"@id\":\"https:\/\/shop.bjerring-sales.dk\/product\/monitorarm-easy-basic-for-1-skarm-svart\/#breadcrumb\",\"itemListElement\":[{\"@type\":\"ListItem\",\"position\":1,\"name\":\"Hem\",\"item\":\"https:\/\/shop.bjerring-sales.dk\/\"},{\"@type\":\"ListItem\",\"position\":2,\"name\":\"Webbutik\",\"item\":\"https:\/\/shop.bjerring-sales.dk\/butik\/\"},{\"@type\":\"ListItem\",\"position\":3,\"name\":\"Monitorarm EASY Basic f\u00f6r 1 sk\u00e4rm &#8211; svart\"}]},{\"@type\":\"WebSite\",\"@id\":\"https:\/\/shop.bjerring-sales.dk\/#website\",\"url\":\"https:\/\/shop.bjerring-sales.dk\/\",\"name\":\"Bjerring-Sales\",\"description\":\"M\u00f6bler f\u00f6r teatrar, skolor, kontor och k\u00f6pcentrum\",\"publisher\":{\"@id\":\"https:\/\/shop.bjerring-sales.dk\/#organization\"},\"potentialAction\":[{\"@type\":\"SearchAction\",\"target\":{\"@type\":\"EntryPoint\",\"urlTemplate\":\"https:\/\/shop.bjerring-sales.dk\/?s={search_term_string}\"},\"query-input\":{\"@type\":\"PropertyValueSpecification\",\"valueRequired\":true,\"valueName\":\"search_term_string\"}}],\"inLanguage\":\"da-DK\"},{\"@type\":\"Organization\",\"@id\":\"https:\/\/shop.bjerring-sales.dk\/#organization\",\"name\":\"Bjerring-Sales\",\"url\":\"https:\/\/shop.bjerring-sales.dk\/\",\"logo\":{\"@type\":\"ImageObject\",\"inLanguage\":\"da-DK\",\"@id\":\"https:\/\/shop.bjerring-sales.dk\/#\/schema\/logo\/image\/\",\"url\":\"https:\/\/shop.bjerring-sales.dk\/wp-content\/uploads\/2023\/01\/logo_sv.png\",\"contentUrl\":\"https:\/\/shop.bjerring-sales.dk\/wp-content\/uploads\/2023\/01\/logo_sv.png\",\"width\":195,\"height\":68,\"caption\":\"Bjerring-Sales\"},\"image\":{\"@id\":\"https:\/\/shop.bjerring-sales.dk\/#\/schema\/logo\/image\/\"}}]}<\/script>\n<!-- \/ Yoast SEO plugin. -->","yoast_head_json":{"title":"Monitorarm EASY Basic f\u00f6r 1 sk\u00e4rm - svart - Bjerring-Sales","description":"EASY Basic monitor arm med 360\u00b0 rotation kan rumme 1 sk\u00e6rm med en maksimal belastning p\u00e5 12 kg. Sk\u00e6rmholderen fungerer godt til sk\u00e6rme, der er 17-36 tommer, hvilket normalt er det mest almindelige st\u00f8rrelsesomr\u00e5de for et almindeligt kontor.","robots":{"index":"index","follow":"follow","max-snippet":"max-snippet:-1","max-image-preview":"max-image-preview:large","max-video-preview":"max-video-preview:-1"},"canonical":"https:\/\/shop.bjerring-sales.dk\/da\/product\/monitorarm-easy-basic-for-1-skarm-svart\/","og_locale":"da_DK","og_type":"article","og_title":"Monitorarm EASY Basic f\u00f6r 1 sk\u00e4rm \u2013 svart","og_description":"EASY Basic monitorarm med 360\u00b0 rotation kan h\u00e5lla 1 displaysk\u00e4rm med en maximal belastning p\u00e5 12 kg. Displayh\u00e5llaren fungerar bra till sk\u00e4rmar som \u00e4r 17-36 tum, vilket oftast \u00e4r det vanligaste storleksspannet f\u00f6r ett ett vanligt kontor.","og_url":"https:\/\/shop.bjerring-sales.dk\/da\/product\/monitorarm-easy-basic-for-1-skarm-svart\/","og_site_name":"Bjerring-Sales","article_modified_time":"2026-01-30T10:11:18+00:00","og_image":[{"width":800,"height":550,"url":"https:\/\/shop.bjerring-sales.dk\/wp-content\/uploads\/2021\/08\/monitorarm_easy_svart-2-1.jpg","type":"image\/jpeg"}],"twitter_card":"summary_large_image","twitter_title":"Monitorarm EASY Basic f\u00f6r 1 sk\u00e4rm \u2013 svart","twitter_description":"EASY Basic monitorarm med 360\u00b0 rotation kan h\u00e5lla 1 displaysk\u00e4rm med en maximal belastning p\u00e5 12 kg. Displayh\u00e5llaren fungerar bra till sk\u00e4rmar som \u00e4r 17-36 tum, vilket oftast \u00e4r det vanligaste storleksspannet f\u00f6r ett ett vanligt kontor.","twitter_image":"https:\/\/shop.bjerring-sales.dk\/wp-content\/uploads\/2021\/08\/monitorarm_easy_svart-2-1.jpg","twitter_misc":{"Estimeret l\u00e6setid":"2 minutter"},"schema":{"@context":"https:\/\/schema.org","@graph":[{"@type":"WebPage","@id":"https:\/\/shop.bjerring-sales.dk\/product\/monitorarm-easy-basic-for-1-skarm-svart\/","url":"https:\/\/shop.bjerring-sales.dk\/product\/monitorarm-easy-basic-for-1-skarm-svart\/","name":"Monitorarm EASY Basic f\u00f6r 1 sk\u00e4rm - svart - Bjerring-Sales","isPartOf":{"@id":"https:\/\/shop.bjerring-sales.dk\/#website"},"primaryImageOfPage":{"@id":"https:\/\/shop.bjerring-sales.dk\/product\/monitorarm-easy-basic-for-1-skarm-svart\/#primaryimage"},"image":{"@id":"https:\/\/shop.bjerring-sales.dk\/product\/monitorarm-easy-basic-for-1-skarm-svart\/#primaryimage"},"thumbnailUrl":"https:\/\/shop.bjerring-sales.dk\/wp-content\/uploads\/2024\/10\/monitorarm_easy_svart-14.jpg","datePublished":"2021-08-25T13:40:27+00:00","dateModified":"2026-01-30T10:11:18+00:00","description":"EASY Basic monitor arm med 360\u00b0 rotation kan rumme 1 sk\u00e6rm med en maksimal belastning p\u00e5 12 kg. Sk\u00e6rmholderen fungerer godt til sk\u00e6rme, der er 17-36 tommer, hvilket normalt er det mest almindelige st\u00f8rrelsesomr\u00e5de for et almindeligt kontor.","breadcrumb":{"@id":"https:\/\/shop.bjerring-sales.dk\/product\/monitorarm-easy-basic-for-1-skarm-svart\/#breadcrumb"},"inLanguage":"da-DK","potentialAction":[{"@type":"ReadAction","target":["https:\/\/shop.bjerring-sales.dk\/product\/monitorarm-easy-basic-for-1-skarm-svart\/"]}]},{"@type":"ImageObject","inLanguage":"da-DK","@id":"https:\/\/shop.bjerring-sales.dk\/product\/monitorarm-easy-basic-for-1-skarm-svart\/#primaryimage","url":"https:\/\/shop.bjerring-sales.dk\/wp-content\/uploads\/2024\/10\/monitorarm_easy_svart-14.jpg","contentUrl":"https:\/\/shop.bjerring-sales.dk\/wp-content\/uploads\/2024\/10\/monitorarm_easy_svart-14.jpg","width":800,"height":800},{"@type":"BreadcrumbList","@id":"https:\/\/shop.bjerring-sales.dk\/product\/monitorarm-easy-basic-for-1-skarm-svart\/#breadcrumb","itemListElement":[{"@type":"ListItem","position":1,"name":"Hem","item":"https:\/\/shop.bjerring-sales.dk\/"},{"@type":"ListItem","position":2,"name":"Webbutik","item":"https:\/\/shop.bjerring-sales.dk\/butik\/"},{"@type":"ListItem","position":3,"name":"Monitorarm EASY Basic f\u00f6r 1 sk\u00e4rm &#8211; svart"}]},{"@type":"WebSite","@id":"https:\/\/shop.bjerring-sales.dk\/#website","url":"https:\/\/shop.bjerring-sales.dk\/","name":"Bjerring-Salg","description":"M\u00f8bler til teatre, skoler, kontorer og indk\u00f8bscentre","publisher":{"@id":"https:\/\/shop.bjerring-sales.dk\/#organization"},"potentialAction":[{"@type":"SearchAction","target":{"@type":"EntryPoint","urlTemplate":"https:\/\/shop.bjerring-sales.dk\/?s={search_term_string}"},"query-input":{"@type":"PropertyValueSpecification","valueRequired":true,"valueName":"search_term_string"}}],"inLanguage":"da-DK"},{"@type":"Organization","@id":"https:\/\/shop.bjerring-sales.dk\/#organization","name":"Bjerring-Salg","url":"https:\/\/shop.bjerring-sales.dk\/","logo":{"@type":"ImageObject","inLanguage":"da-DK","@id":"https:\/\/shop.bjerring-sales.dk\/#\/schema\/logo\/image\/","url":"https:\/\/shop.bjerring-sales.dk\/wp-content\/uploads\/2023\/01\/logo_sv.png","contentUrl":"https:\/\/shop.bjerring-sales.dk\/wp-content\/uploads\/2023\/01\/logo_sv.png","width":195,"height":68,"caption":"Bjerring-Sales"},"image":{"@id":"https:\/\/shop.bjerring-sales.dk\/#\/schema\/logo\/image\/"}}]}},"_links":{"self":[{"href":"https:\/\/shop.bjerring-sales.dk\/da\/wp-json\/wp\/v2\/product\/66763","targetHints":{"allow":["GET"]}}],"collection":[{"href":"https:\/\/shop.bjerring-sales.dk\/da\/wp-json\/wp\/v2\/product"}],"about":[{"href":"https:\/\/shop.bjerring-sales.dk\/da\/wp-json\/wp\/v2\/types\/product"}],"wp:featuredmedia":[{"embeddable":true,"href":"https:\/\/shop.bjerring-sales.dk\/da\/wp-json\/wp\/v2\/media\/100171"}],"wp:attachment":[{"href":"https:\/\/shop.bjerring-sales.dk\/da\/wp-json\/wp\/v2\/media?parent=66763"}],"wp:term":[{"taxonomy":"product_brand","embeddable":true,"href":"https:\/\/shop.bjerring-sales.dk\/da\/wp-json\/wp\/v2\/product_brand?post=66763"},{"taxonomy":"product_cat","embeddable":true,"href":"https:\/\/shop.bjerring-sales.dk\/da\/wp-json\/wp\/v2\/product_cat?post=66763"},{"taxonomy":"product_tag","embeddable":true,"href":"https:\/\/shop.bjerring-sales.dk\/da\/wp-json\/wp\/v2\/product_tag?post=66763"}],"curies":[{"name":"wp","href":"https:\/\/api.w.org\/{rel}","templated":true}]}}