{"id":65472,"date":"2019-09-16T10:38:29","date_gmt":"2019-09-16T08:38:29","guid":{"rendered":"https:\/\/pule.se\/produkt\/stativ-med-vev\/"},"modified":"2024-03-15T16:19:07","modified_gmt":"2024-03-15T15:19:07","slug":"stativ-med-vev","status":"publish","type":"product","link":"https:\/\/shop.bjerring-sales.dk\/da\/vare\/stativ-med-vev\/","title":{"rendered":"Zero \u2013 H\u00e6v og s\u00e6nk stel med h\u00e5ndsving"},"content":{"rendered":"<div class=\"wpb-content-wrapper\"><div class=\"vc_row wpb_row vc_row-fluid\"><div class=\"wpb_column vc_column_container vc_col-sm-12\"><div class=\"vc_column-inner\"><div class=\"wpb_wrapper\">\n\t<div class=\"wpb_text_column wpb_content_element\" >\n\t\t<div class=\"wpb_wrapper\">\n\t\t\t<p><span style=\"font-size: 24pt\">Manuelt og nemt<\/span><br \/>\nH\u00e6vede og s\u00e6nkbare stel med h\u00e5ndsving er vores mest milj\u00f8venlige og prisvenlige muligheder inden for Up &amp; Down-serien. At have et skrivebord med h\u00e5ndsving til kontoret er, som det lyder, b\u00e5de nemt og ukompliceret. Der er selvf\u00f8lgelig andre fordele ved h\u00e6ve og s\u00e6nkbare borde udover prisen, at s\u00e6nke systemet aktiverer brugeren, der ellers ofte sidder stille. Du slipper for ledninger og andet \"rod\", hvis du bare vil holde det enkelt. Borde med h\u00e5ndsving er meget fleksible i en r\u00e6kke forskellige milj\u00f8er, is\u00e6r kontorer. Eksempelvis som udstillingsbord i t\u00f8jbutikker, hvor du nemt kan \u00e6ndre h\u00f8jden, alt efter hvilke bes\u00f8gende du vil tiltr\u00e6kke. Hvorfor ikke som spisebord i h\u00f8j h\u00f8jde, som du senere nemt forvandler til et serveringsbord eller et fleksibelt buffetbord?<\/p>\n<p>H\u00f8jden justeres ved manuelt at h\u00e6ve bordet op\/ned til den \u00f8nskede position. H\u00e6ve og s\u00e6nke stellet er lagerf\u00f8rt i 3 forskellige farver, hvid, sort og s\u00f8lvgr\u00e5. Stellet har en justerbar hastighed p\u00e5 8 mm\/omdrejninger. Slagl\u00e6ngden af et stellet angiver den afstand, der kan h\u00e6ves og s\u00e6nkes. P\u00e5 vores stel med h\u00e5ndsving er slagl\u00e6ngden 450 mm. Formen p\u00e5 stellet er konstrueret med 2 delte rektangul\u00e6re r\u00f8r. Vores h\u00e6ve s\u00e6nke stel passer til de fleste typer bordplader, de kan ogs\u00e5 justeres i bredden, hvilket betyder, at du kan v\u00e6re ekstra fleksibel, n\u00e5r du skal v\u00e6lge bordplade.<\/p>\n<p>Vi anbefaler stel til bordplader med m\u00e5l 120\u00d770 cm op til 200\u00d7100 cm. Stellet med h\u00e5ndsving vejer 32 kg og har en anbefalet maksimal belastning p\u00e5 90 kg.<\/p>\n<p>Up &amp; Down er en serie, der best\u00e5r af alle vores justerbare stel og borde.<\/p>\n\n\t\t<\/div>\n\t<\/div>\n<\/div><\/div><\/div><\/div><div class=\"vc_row wpb_row vc_row-fluid\"><div class=\"wpb_column vc_column_container vc_col-sm-4\"><div class=\"vc_column-inner\"><div class=\"wpb_wrapper\">\n\t<div  class=\"wpb_single_image wpb_content_element vc_align_center\">\n\t\t\n\t\t<figure class=\"wpb_wrapper vc_figure\">\n\t\t\t<div class=\"vc_single_image-wrapper vc_box_shadow_border  vc_box_border_grey\"><img loading=\"lazy\" decoding=\"async\" width=\"800\" height=\"550\" src=\"https:\/\/shop.bjerring-sales.dk\/wp-content\/uploads\/2019\/09\/Zero_silver_800x550-1.jpg\" class=\"vc_single_image-img attachment-full\" alt=\"\" title=\"Zero_silver_800x550\" srcset=\"https:\/\/shop.bjerring-sales.dk\/wp-content\/uploads\/2019\/09\/Zero_silver_800x550-1.jpg 800w, https:\/\/shop.bjerring-sales.dk\/wp-content\/uploads\/2019\/09\/Zero_silver_800x550-1-150x103.jpg 150w, https:\/\/shop.bjerring-sales.dk\/wp-content\/uploads\/2019\/09\/Zero_silver_800x550-1-600x413.jpg 600w, https:\/\/shop.bjerring-sales.dk\/wp-content\/uploads\/2019\/09\/Zero_silver_800x550-1-300x206.jpg 300w, https:\/\/shop.bjerring-sales.dk\/wp-content\/uploads\/2019\/09\/Zero_silver_800x550-1-768x528.jpg 768w\" sizes=\"auto, (max-width: 800px) 100vw, 800px\" \/><\/div>\n\t\t<\/figure>\n\t<\/div>\n<\/div><\/div><\/div><div class=\"wpb_column vc_column_container vc_col-sm-4\"><div class=\"vc_column-inner\"><div class=\"wpb_wrapper\">\n\t<div  class=\"wpb_single_image wpb_content_element vc_align_center\">\n\t\t\n\t\t<figure class=\"wpb_wrapper vc_figure\">\n\t\t\t<div class=\"vc_single_image-wrapper vc_box_shadow_border  vc_box_border_grey\"><img loading=\"lazy\" decoding=\"async\" width=\"800\" height=\"550\" src=\"https:\/\/shop.bjerring-sales.dk\/wp-content\/uploads\/2019\/09\/PUREis3_Black_miljo_800x550.jpg\" class=\"vc_single_image-img attachment-full\" alt=\"\" title=\"PUREis3_Black_environment_800x550\" srcset=\"https:\/\/shop.bjerring-sales.dk\/wp-content\/uploads\/2019\/09\/PUREis3_Black_miljo_800x550.jpg 800w, https:\/\/shop.bjerring-sales.dk\/wp-content\/uploads\/2019\/09\/PUREis3_Black_miljo_800x550-150x103.jpg 150w, https:\/\/shop.bjerring-sales.dk\/wp-content\/uploads\/2019\/09\/PUREis3_Black_miljo_800x550-600x413.jpg 600w, https:\/\/shop.bjerring-sales.dk\/wp-content\/uploads\/2019\/09\/PUREis3_Black_miljo_800x550-300x206.jpg 300w, https:\/\/shop.bjerring-sales.dk\/wp-content\/uploads\/2019\/09\/PUREis3_Black_miljo_800x550-768x528.jpg 768w\" sizes=\"auto, (max-width: 800px) 100vw, 800px\" \/><\/div>\n\t\t<\/figure>\n\t<\/div>\n<\/div><\/div><\/div><div class=\"wpb_column vc_column_container vc_col-sm-4\"><div class=\"vc_column-inner\"><div class=\"wpb_wrapper\">\n\t<div  class=\"wpb_single_image wpb_content_element vc_align_center\">\n\t\t\n\t\t<figure class=\"wpb_wrapper vc_figure\">\n\t\t\t<div class=\"vc_single_image-wrapper vc_box_shadow_border  vc_box_border_grey\"><img loading=\"lazy\" decoding=\"async\" width=\"800\" height=\"550\" src=\"https:\/\/shop.bjerring-sales.dk\/wp-content\/uploads\/2019\/12\/Two_vit_pure_miljo_800x550.jpg\" class=\"vc_single_image-img attachment-full\" alt=\"\" title=\"Two_vit_pure_environment_800x550\" srcset=\"https:\/\/shop.bjerring-sales.dk\/wp-content\/uploads\/2019\/12\/Two_vit_pure_miljo_800x550.jpg 800w, https:\/\/shop.bjerring-sales.dk\/wp-content\/uploads\/2019\/12\/Two_vit_pure_miljo_800x550-150x103.jpg 150w, https:\/\/shop.bjerring-sales.dk\/wp-content\/uploads\/2019\/12\/Two_vit_pure_miljo_800x550-600x413.jpg 600w, https:\/\/shop.bjerring-sales.dk\/wp-content\/uploads\/2019\/12\/Two_vit_pure_miljo_800x550-300x206.jpg 300w, https:\/\/shop.bjerring-sales.dk\/wp-content\/uploads\/2019\/12\/Two_vit_pure_miljo_800x550-768x528.jpg 768w\" sizes=\"auto, (max-width: 800px) 100vw, 800px\" \/><\/div>\n\t\t<\/figure>\n\t<\/div>\n<\/div><\/div><\/div><\/div><div class=\"vc_row wpb_row vc_row-fluid\"><div class=\"wpb_column vc_column_container vc_col-sm-6\"><div class=\"vc_column-inner\"><div class=\"wpb_wrapper\">\n\t<div class=\"wpb_text_column wpb_content_element vc_custom_1632877461930\" >\n\t\t<div class=\"wpb_wrapper\">\n\t\t\t<p><span style=\"font-size: 18pt\">M\u00e5l<br \/>\n<\/span>H\u00f8jde: 680-1130 mm<br \/>\nSlagl\u00e6ngde: 450 mm<br \/>\nL\u00e6ngde: 1150-1800 mm<br \/>\nBredde: 600 mm<br \/>\nFodbredde: 700 mm<\/p>\n<p>Bentype: Rektangul\u00e6rt r\u00f8r, 2 dele.<br \/>\nR\u00f8rm\u00e5l: 80\u00d750 mm<\/p>\n\n\t\t<\/div>\n\t<\/div>\n<\/div><\/div><\/div><div class=\"wpb_column vc_column_container vc_col-sm-6\"><div class=\"vc_column-inner\"><div class=\"wpb_wrapper\">\n\t<div class=\"wpb_text_column wpb_content_element vc_custom_1632877468334\" >\n\t\t<div class=\"wpb_wrapper\">\n\t\t\t<p><span style=\"font-size: 18pt\">brugervejledning<br \/>\n<\/span><img loading=\"lazy\" decoding=\"async\" class=\"alignnone size-full wp-image-2494\" src=\"https:\/\/elj.se\/wp-content\/uploads\/2017\/10\/pdf.png\" alt=\"\" width=\"20\" height=\"20\" \/> <a href=\"https:\/\/elj.se\/wp-content\/uploads\/2021\/06\/Manual-up-down-0-new.pdf\" target=\"_blank\" rel=\"noopener\">Download manual\u00a0<\/a><\/p>\n\n\t\t<\/div>\n\t<\/div>\n<\/div><\/div><\/div><\/div><div class=\"vc_row wpb_row vc_row-fluid\"><div class=\"wpb_column vc_column_container vc_col-sm-12\"><div class=\"vc_column-inner\"><div class=\"wpb_wrapper\">\n\t<div class=\"wpb_video_widget wpb_content_element vc_clearfix vc_video-aspect-ratio-169 vc_video-el-width-70 vc_video-align-center\" >\n\t\t<div class=\"wpb_wrapper\">\n\t\t\t\n\t\t\t<div class=\"wpb_video_wrapper\"><iframe loading=\"lazy\" title=\"Up &amp; Down Zero - Montering\" src=\"https:\/\/player.vimeo.com\/video\/362789247?dnt=1&amp;app_id=122963\" width=\"500\" height=\"281\" frameborder=\"0\" allow=\"autoplay; fullscreen; picture-in-picture\"><\/iframe><\/div>\n\t\t<\/div>\n\t<\/div>\n<\/div><\/div><\/div><\/div>\n<\/div>","protected":false},"excerpt":{"rendered":"<p><span style=\"color: #ff0000\">Kun sorte stativer tilbage p\u00e5 lager, tjek &quot;Eco&quot;-stativet med h\u00e5ndsving for flere farver.<\/span> H\u00e6vede og s\u00e6nkbare stel med h\u00e5ndsving er vores mest milj\u00f8venlige og overkommelige muligheder inden for Up &amp; Down-serien. At have et skrivebord med h\u00e5ndsving til kontoret er god l\u00f8sning.<\/p>","protected":false},"featured_media":95453,"template":"","meta":{"iawp_total_views":4},"product_brand":[],"product_cat":[5819],"product_tag":[],"class_list":{"0":"post-65472","1":"product","2":"type-product","3":"status-publish","4":"has-post-thumbnail","6":"product_cat-bordsstativ","8":"first","9":"instock","10":"taxable","11":"shipping-taxable","12":"purchasable","13":"product-type-variable"},"yoast_head":"<!-- This site is optimized with the Yoast SEO plugin v27.0 - https:\/\/yoast.com\/product\/yoast-seo-wordpress\/ -->\n<title>Zero - H\u00f6j &amp; s\u00e4nkbara stativ med vev - Bjerring-Sales<\/title>\n<meta name=\"description\" content=\"H\u00f6j och s\u00e4nkbara stativ med vev \u00e4r v\u00e5ra mest milj\u00f6v\u00e4nliga, och prisv\u00e4rda alternativ inom Up &amp; Down serien. Att ha skrivbord med vevstativ till kontoret, \u00e4r okomplicerat.\" \/>\n<meta name=\"robots\" content=\"index, follow, max-snippet:-1, max-image-preview:large, max-video-preview:-1\" \/>\n<link rel=\"canonical\" href=\"https:\/\/shop.bjerring-sales.dk\/da\/vare\/stativ-med-vev\/\" \/>\n<meta property=\"og:locale\" content=\"da_DK\" \/>\n<meta property=\"og:type\" content=\"article\" \/>\n<meta property=\"og:title\" content=\"Zero - H\u00f6j &amp; s\u00e4nkbara stativ med vev - Bjerring-Sales\" \/>\n<meta property=\"og:description\" content=\"H\u00f6j och s\u00e4nkbara stativ med vev \u00e4r v\u00e5ra mest milj\u00f6v\u00e4nliga, och prisv\u00e4rda alternativ inom Up &amp; Down serien. Att ha skrivbord med vevstativ till kontoret, \u00e4r okomplicerat.\" \/>\n<meta property=\"og:url\" content=\"https:\/\/shop.bjerring-sales.dk\/da\/vare\/stativ-med-vev\/\" \/>\n<meta property=\"og:site_name\" content=\"Bjerring-Sales\" \/>\n<meta property=\"article:modified_time\" content=\"2024-03-15T15:19:07+00:00\" \/>\n<meta property=\"og:image\" content=\"https:\/\/shop.bjerring-sales.dk\/wp-content\/uploads\/2024\/03\/zero_vit_800x800.jpg\" \/>\n\t<meta property=\"og:image:width\" content=\"800\" \/>\n\t<meta property=\"og:image:height\" content=\"800\" \/>\n\t<meta property=\"og:image:type\" content=\"image\/jpeg\" \/>\n<meta name=\"twitter:card\" content=\"summary_large_image\" \/>\n<meta name=\"twitter:label1\" content=\"Estimeret l\u00e6setid\" \/>\n\t<meta name=\"twitter:data1\" content=\"2 minutter\" \/>\n<script type=\"application\/ld+json\" class=\"yoast-schema-graph\">{\"@context\":\"https:\/\/schema.org\",\"@graph\":[{\"@type\":\"WebPage\",\"@id\":\"https:\/\/shop.bjerring-sales.dk\/sv\/produkt\/stativ-med-vev\/\",\"url\":\"https:\/\/shop.bjerring-sales.dk\/sv\/produkt\/stativ-med-vev\/\",\"name\":\"Zero - H\u00f6j &amp; s\u00e4nkbara stativ med vev - Bjerring-Sales\",\"isPartOf\":{\"@id\":\"https:\/\/shop.bjerring-sales.dk\/#website\"},\"primaryImageOfPage\":{\"@id\":\"https:\/\/shop.bjerring-sales.dk\/sv\/produkt\/stativ-med-vev\/#primaryimage\"},\"image\":{\"@id\":\"https:\/\/shop.bjerring-sales.dk\/sv\/produkt\/stativ-med-vev\/#primaryimage\"},\"thumbnailUrl\":\"https:\/\/shop.bjerring-sales.dk\/wp-content\/uploads\/2024\/03\/zero_vit_800x800.jpg\",\"datePublished\":\"2019-09-16T08:38:29+00:00\",\"dateModified\":\"2024-03-15T15:19:07+00:00\",\"description\":\"H\u00f6j och s\u00e4nkbara stativ med vev \u00e4r v\u00e5ra mest milj\u00f6v\u00e4nliga, och prisv\u00e4rda alternativ inom Up & Down serien. Att ha skrivbord med vevstativ till kontoret, \u00e4r okomplicerat.\",\"breadcrumb\":{\"@id\":\"https:\/\/shop.bjerring-sales.dk\/sv\/produkt\/stativ-med-vev\/#breadcrumb\"},\"inLanguage\":\"da-DK\",\"potentialAction\":[{\"@type\":\"ReadAction\",\"target\":[\"https:\/\/shop.bjerring-sales.dk\/sv\/produkt\/stativ-med-vev\/\"]}]},{\"@type\":\"ImageObject\",\"inLanguage\":\"da-DK\",\"@id\":\"https:\/\/shop.bjerring-sales.dk\/sv\/produkt\/stativ-med-vev\/#primaryimage\",\"url\":\"https:\/\/shop.bjerring-sales.dk\/wp-content\/uploads\/2024\/03\/zero_vit_800x800.jpg\",\"contentUrl\":\"https:\/\/shop.bjerring-sales.dk\/wp-content\/uploads\/2024\/03\/zero_vit_800x800.jpg\",\"width\":800,\"height\":800},{\"@type\":\"BreadcrumbList\",\"@id\":\"https:\/\/shop.bjerring-sales.dk\/sv\/produkt\/stativ-med-vev\/#breadcrumb\",\"itemListElement\":[{\"@type\":\"ListItem\",\"position\":1,\"name\":\"Hem\",\"item\":\"https:\/\/shop.bjerring-sales.dk\/\"},{\"@type\":\"ListItem\",\"position\":2,\"name\":\"Webbutik\",\"item\":\"https:\/\/shop.bjerring-sales.dk\/butik\/\"},{\"@type\":\"ListItem\",\"position\":3,\"name\":\"Zero &#8211; H\u00f6j &amp; s\u00e4nkbara stativ med vev\"}]},{\"@type\":\"WebSite\",\"@id\":\"https:\/\/shop.bjerring-sales.dk\/#website\",\"url\":\"https:\/\/shop.bjerring-sales.dk\/\",\"name\":\"Bjerring-Sales\",\"description\":\"M\u00f6bler f\u00f6r teatrar, skolor, kontor och k\u00f6pcentrum\",\"publisher\":{\"@id\":\"https:\/\/shop.bjerring-sales.dk\/#organization\"},\"potentialAction\":[{\"@type\":\"SearchAction\",\"target\":{\"@type\":\"EntryPoint\",\"urlTemplate\":\"https:\/\/shop.bjerring-sales.dk\/?s={search_term_string}\"},\"query-input\":{\"@type\":\"PropertyValueSpecification\",\"valueRequired\":true,\"valueName\":\"search_term_string\"}}],\"inLanguage\":\"da-DK\"},{\"@type\":\"Organization\",\"@id\":\"https:\/\/shop.bjerring-sales.dk\/#organization\",\"name\":\"Bjerring-Sales\",\"url\":\"https:\/\/shop.bjerring-sales.dk\/\",\"logo\":{\"@type\":\"ImageObject\",\"inLanguage\":\"da-DK\",\"@id\":\"https:\/\/shop.bjerring-sales.dk\/#\/schema\/logo\/image\/\",\"url\":\"https:\/\/shop.bjerring-sales.dk\/wp-content\/uploads\/2023\/01\/logo_sv.png\",\"contentUrl\":\"https:\/\/shop.bjerring-sales.dk\/wp-content\/uploads\/2023\/01\/logo_sv.png\",\"width\":195,\"height\":68,\"caption\":\"Bjerring-Sales\"},\"image\":{\"@id\":\"https:\/\/shop.bjerring-sales.dk\/#\/schema\/logo\/image\/\"}}]}<\/script>\n<!-- \/ Yoast SEO plugin. -->","yoast_head_json":{"title":"Zero - H\u00f6j &amp; s\u00e4nkbara stativ med vev - Bjerring-Sales","description":"H\u00f6j och s\u00e4nkbara stativ med vev \u00e4r v\u00e5ra mest milj\u00f6v\u00e4nliga, och prisv\u00e4rda alternativ inom Up & Down serien. Att ha skrivbord med vevstativ till kontoret, \u00e4r okomplicerat.","robots":{"index":"index","follow":"follow","max-snippet":"max-snippet:-1","max-image-preview":"max-image-preview:large","max-video-preview":"max-video-preview:-1"},"canonical":"https:\/\/shop.bjerring-sales.dk\/da\/vare\/stativ-med-vev\/","og_locale":"da_DK","og_type":"article","og_title":"Zero - H\u00f6j &amp; s\u00e4nkbara stativ med vev - Bjerring-Sales","og_description":"H\u00f6j och s\u00e4nkbara stativ med vev \u00e4r v\u00e5ra mest milj\u00f6v\u00e4nliga, och prisv\u00e4rda alternativ inom Up & Down serien. Att ha skrivbord med vevstativ till kontoret, \u00e4r okomplicerat.","og_url":"https:\/\/shop.bjerring-sales.dk\/da\/vare\/stativ-med-vev\/","og_site_name":"Bjerring-Sales","article_modified_time":"2024-03-15T15:19:07+00:00","og_image":[{"width":800,"height":800,"url":"https:\/\/shop.bjerring-sales.dk\/wp-content\/uploads\/2024\/03\/zero_vit_800x800.jpg","type":"image\/jpeg"}],"twitter_card":"summary_large_image","twitter_misc":{"Estimeret l\u00e6setid":"2 minutter"},"schema":{"@context":"https:\/\/schema.org","@graph":[{"@type":"WebPage","@id":"https:\/\/shop.bjerring-sales.dk\/sv\/produkt\/stativ-med-vev\/","url":"https:\/\/shop.bjerring-sales.dk\/sv\/produkt\/stativ-med-vev\/","name":"Zero - H\u00f6j &amp; s\u00e4nkbara stativ med vev - Bjerring-Sales","isPartOf":{"@id":"https:\/\/shop.bjerring-sales.dk\/#website"},"primaryImageOfPage":{"@id":"https:\/\/shop.bjerring-sales.dk\/sv\/produkt\/stativ-med-vev\/#primaryimage"},"image":{"@id":"https:\/\/shop.bjerring-sales.dk\/sv\/produkt\/stativ-med-vev\/#primaryimage"},"thumbnailUrl":"https:\/\/shop.bjerring-sales.dk\/wp-content\/uploads\/2024\/03\/zero_vit_800x800.jpg","datePublished":"2019-09-16T08:38:29+00:00","dateModified":"2024-03-15T15:19:07+00:00","description":"H\u00f6j och s\u00e4nkbara stativ med vev \u00e4r v\u00e5ra mest milj\u00f6v\u00e4nliga, och prisv\u00e4rda alternativ inom Up & Down serien. Att ha skrivbord med vevstativ till kontoret, \u00e4r okomplicerat.","breadcrumb":{"@id":"https:\/\/shop.bjerring-sales.dk\/sv\/produkt\/stativ-med-vev\/#breadcrumb"},"inLanguage":"da-DK","potentialAction":[{"@type":"ReadAction","target":["https:\/\/shop.bjerring-sales.dk\/sv\/produkt\/stativ-med-vev\/"]}]},{"@type":"ImageObject","inLanguage":"da-DK","@id":"https:\/\/shop.bjerring-sales.dk\/sv\/produkt\/stativ-med-vev\/#primaryimage","url":"https:\/\/shop.bjerring-sales.dk\/wp-content\/uploads\/2024\/03\/zero_vit_800x800.jpg","contentUrl":"https:\/\/shop.bjerring-sales.dk\/wp-content\/uploads\/2024\/03\/zero_vit_800x800.jpg","width":800,"height":800},{"@type":"BreadcrumbList","@id":"https:\/\/shop.bjerring-sales.dk\/sv\/produkt\/stativ-med-vev\/#breadcrumb","itemListElement":[{"@type":"ListItem","position":1,"name":"Hem","item":"https:\/\/shop.bjerring-sales.dk\/"},{"@type":"ListItem","position":2,"name":"Webbutik","item":"https:\/\/shop.bjerring-sales.dk\/butik\/"},{"@type":"ListItem","position":3,"name":"Zero &#8211; H\u00f6j &amp; s\u00e4nkbara stativ med vev"}]},{"@type":"WebSite","@id":"https:\/\/shop.bjerring-sales.dk\/#website","url":"https:\/\/shop.bjerring-sales.dk\/","name":"Bjerring-Salg","description":"M\u00f8bler til teatre, skoler, kontorer og indk\u00f8bscentre","publisher":{"@id":"https:\/\/shop.bjerring-sales.dk\/#organization"},"potentialAction":[{"@type":"SearchAction","target":{"@type":"EntryPoint","urlTemplate":"https:\/\/shop.bjerring-sales.dk\/?s={search_term_string}"},"query-input":{"@type":"PropertyValueSpecification","valueRequired":true,"valueName":"search_term_string"}}],"inLanguage":"da-DK"},{"@type":"Organization","@id":"https:\/\/shop.bjerring-sales.dk\/#organization","name":"Bjerring-Salg","url":"https:\/\/shop.bjerring-sales.dk\/","logo":{"@type":"ImageObject","inLanguage":"da-DK","@id":"https:\/\/shop.bjerring-sales.dk\/#\/schema\/logo\/image\/","url":"https:\/\/shop.bjerring-sales.dk\/wp-content\/uploads\/2023\/01\/logo_sv.png","contentUrl":"https:\/\/shop.bjerring-sales.dk\/wp-content\/uploads\/2023\/01\/logo_sv.png","width":195,"height":68,"caption":"Bjerring-Sales"},"image":{"@id":"https:\/\/shop.bjerring-sales.dk\/#\/schema\/logo\/image\/"}}]}},"_links":{"self":[{"href":"https:\/\/shop.bjerring-sales.dk\/da\/wp-json\/wp\/v2\/product\/65472","targetHints":{"allow":["GET"]}}],"collection":[{"href":"https:\/\/shop.bjerring-sales.dk\/da\/wp-json\/wp\/v2\/product"}],"about":[{"href":"https:\/\/shop.bjerring-sales.dk\/da\/wp-json\/wp\/v2\/types\/product"}],"wp:featuredmedia":[{"embeddable":true,"href":"https:\/\/shop.bjerring-sales.dk\/da\/wp-json\/wp\/v2\/media\/95453"}],"wp:attachment":[{"href":"https:\/\/shop.bjerring-sales.dk\/da\/wp-json\/wp\/v2\/media?parent=65472"}],"wp:term":[{"taxonomy":"product_brand","embeddable":true,"href":"https:\/\/shop.bjerring-sales.dk\/da\/wp-json\/wp\/v2\/product_brand?post=65472"},{"taxonomy":"product_cat","embeddable":true,"href":"https:\/\/shop.bjerring-sales.dk\/da\/wp-json\/wp\/v2\/product_cat?post=65472"},{"taxonomy":"product_tag","embeddable":true,"href":"https:\/\/shop.bjerring-sales.dk\/da\/wp-json\/wp\/v2\/product_tag?post=65472"}],"curies":[{"name":"wp","href":"https:\/\/api.w.org\/{rel}","templated":true}]}}