{"id":64207,"date":"2022-09-28T12:00:11","date_gmt":"2022-09-28T10:00:11","guid":{"rendered":"https:\/\/pule.se\/produkt\/kongress-style\/"},"modified":"2026-05-04T10:31:37","modified_gmt":"2026-05-04T08:31:37","slug":"kongress-style","status":"publish","type":"product","link":"https:\/\/shop.bjerring-sales.dk\/da\/vare\/kongress-style\/","title":{"rendered":"Kongress Style"},"content":{"rendered":"<div class=\"wpb-content-wrapper\"><div class=\"vc_row wpb_row vc_row-fluid\"><div class=\"wpb_column vc_column_container vc_col-sm-12\"><div class=\"vc_column-inner\"><div class=\"wpb_wrapper\">\n\t<div class=\"wpb_text_column wpb_content_element\" >\n\t\t<div class=\"wpb_wrapper\">\n\t\t\t<p><span style=\"font-size: 24pt;\">Kongress Style er et stilrent foldebord med et L-formet stel<br \/>\n<\/span>Kongress Style er et foldebord med st\u00e5lben, der er perfekt til undervisnings sessioner, frokostlokaler, restauranter og konferencer. Bordet har et L-formet stel, som skaber mere plads under bordet. Det er nem at folde Kongress Style ud og den fylder ikke meget, hvis du vil folde den sammen. Bordet f\u00e5s i flere st\u00f8rrelser med forskellige farver p\u00e5 stel og bordplader.<\/p>\n\n\t\t<\/div>\n\t<\/div>\n<\/div><\/div><\/div><\/div><div class=\"vc_row wpb_row vc_row-fluid\"><div class=\"wpb_column vc_column_container vc_col-sm-6\"><div class=\"vc_column-inner\"><div class=\"wpb_wrapper\">\n\t<div  class=\"wpb_single_image wpb_content_element vc_align_center\">\n\t\t\n\t\t<figure class=\"wpb_wrapper vc_figure\">\n\t\t\t<div class=\"vc_single_image-wrapper vc_box_shadow_border  vc_box_border_grey\"><img loading=\"lazy\" decoding=\"async\" width=\"800\" height=\"550\" src=\"https:\/\/shop.bjerring-sales.dk\/wp-content\/uploads\/2022\/09\/kongress-style01.jpg\" class=\"vc_single_image-img attachment-full\" alt=\"\" title=\"kongres-stil01\" srcset=\"https:\/\/shop.bjerring-sales.dk\/wp-content\/uploads\/2022\/09\/kongress-style01.jpg 800w, https:\/\/shop.bjerring-sales.dk\/wp-content\/uploads\/2022\/09\/kongress-style01-150x103.jpg 150w, https:\/\/shop.bjerring-sales.dk\/wp-content\/uploads\/2022\/09\/kongress-style01-600x413.jpg 600w, https:\/\/shop.bjerring-sales.dk\/wp-content\/uploads\/2022\/09\/kongress-style01-300x206.jpg 300w, https:\/\/shop.bjerring-sales.dk\/wp-content\/uploads\/2022\/09\/kongress-style01-768x528.jpg 768w\" sizes=\"auto, (max-width: 800px) 100vw, 800px\" \/><\/div>\n\t\t<\/figure>\n\t<\/div>\n<\/div><\/div><\/div><div class=\"wpb_column vc_column_container vc_col-sm-6\"><div class=\"vc_column-inner\"><div class=\"wpb_wrapper\">\n\t<div  class=\"wpb_single_image wpb_content_element vc_align_center\">\n\t\t\n\t\t<figure class=\"wpb_wrapper vc_figure\">\n\t\t\t<div class=\"vc_single_image-wrapper vc_box_shadow_border  vc_box_border_grey\"><img loading=\"lazy\" decoding=\"async\" width=\"800\" height=\"550\" src=\"https:\/\/shop.bjerring-sales.dk\/wp-content\/uploads\/2022\/09\/kongress-style02.jpg\" class=\"vc_single_image-img attachment-full\" alt=\"\" title=\"kongres-stil02\" srcset=\"https:\/\/shop.bjerring-sales.dk\/wp-content\/uploads\/2022\/09\/kongress-style02.jpg 800w, https:\/\/shop.bjerring-sales.dk\/wp-content\/uploads\/2022\/09\/kongress-style02-150x103.jpg 150w, https:\/\/shop.bjerring-sales.dk\/wp-content\/uploads\/2022\/09\/kongress-style02-600x413.jpg 600w, https:\/\/shop.bjerring-sales.dk\/wp-content\/uploads\/2022\/09\/kongress-style02-300x206.jpg 300w, https:\/\/shop.bjerring-sales.dk\/wp-content\/uploads\/2022\/09\/kongress-style02-768x528.jpg 768w\" sizes=\"auto, (max-width: 800px) 100vw, 800px\" \/><\/div>\n\t\t<\/figure>\n\t<\/div>\n<\/div><\/div><\/div><\/div><div class=\"vc_row wpb_row vc_row-fluid\"><div class=\"wpb_column vc_column_container vc_col-sm-6\"><div class=\"vc_column-inner\"><div class=\"wpb_wrapper\">\n\t<div class=\"wpb_text_column wpb_content_element\" >\n\t\t<div class=\"wpb_wrapper\">\n\t\t\t<p><span style=\"font-size: 18pt;\">M\u00e5l<br \/>\n<\/span>Kongress Style lagerf\u00f8res som standard i 4 forskellige st\u00f8rrelser. Ved st\u00f8rre ordrer kan vi ogs\u00e5 fremstille specialm\u00e5l.<\/p>\n<table>\n<tbody>\n<tr>\n<td><strong>L\u00e6ngde<\/strong><\/td>\n<td><strong>Bredde<\/strong><\/td>\n<td><strong>H\u00f8jde<\/strong><\/td>\n<td><strong>V\u00e6gt<\/strong><\/td>\n<\/tr>\n<tr>\n<td>1200 mm<\/td>\n<td>450 mm<\/td>\n<td>730 mm<\/td>\n<td>11 kg<\/td>\n<\/tr>\n<tr>\n<td>1200 mm<\/td>\n<td>500 mm<\/td>\n<td>730 mm<\/td>\n<td>12 kg<\/td>\n<\/tr>\n<tr>\n<td>1200 mm<\/td>\n<td>600 mm<\/td>\n<td>730 mm<\/td>\n<td>13 kg<\/td>\n<\/tr>\n<tr>\n<td>1400 mm<\/td>\n<td>600 mm<\/td>\n<td>730 mm<\/td>\n<td>15 kg<\/td>\n<\/tr>\n<\/tbody>\n<\/table>\n<p><span style=\"font-size: 18pt;\">Stel<\/span><br \/>\nKongress Style bordet har et L-formet stel og f\u00e5s med pulverlakering eller i kromfinish. Stellet er nemt at folde ud og fylder lidt, n\u00e5r det er foldet.<\/p>\n<ul>\n<li>Chrom<\/li>\n<li>S\u00f8lvgr\u00e5<\/li>\n<li>Sort<\/li>\n<li>Hvid<\/li>\n<\/ul>\n\n\t\t<\/div>\n\t<\/div>\n<\/div><\/div><\/div><div class=\"wpb_column vc_column_container vc_col-sm-6\"><div class=\"vc_column-inner\"><div class=\"wpb_wrapper\">\n\t<div class=\"wpb_text_column wpb_content_element\" >\n\t\t<div class=\"wpb_wrapper\">\n\t\t\t<p><span style=\"font-size: 18pt;\">Bordplader<br \/>\n<\/span>Kongress Style bordet er lagerf\u00f8rt i 6 forskellige standardfarver. Pladerne er laminatplader. Ved st\u00f8rre ordrer s\u00f8rger vi ogs\u00e5 for specialfarver.<\/p>\n<ul>\n<li>Hvid<\/li>\n<li>Sort<\/li>\n<li>Gr\u00e5<\/li>\n<li>B\u00f8g<\/li>\n<li>Egetr\u00e6<\/li>\n<li>Birk<\/li>\n<li>Urban eg<\/li>\n<\/ul>\n<p><span style=\"font-size: 18pt;\">Garanti<br \/>\n<\/span>2 \u00e5r<\/p>\n\n\t\t<\/div>\n\t<\/div>\n<\/div><\/div><\/div><\/div>\n<\/div>","protected":false},"excerpt":{"rendered":"<p>Kongress Style er et klapbord med st\u00e5lben, der er perfekt til undervisnings sessioner, frokostlokaler, restauranter og konferencer. Bordet har et L-formet stel, som skaber mere plads under bordet.<\/p>","protected":false},"featured_media":97409,"template":"","meta":{"iawp_total_views":21},"product_brand":[],"product_cat":[5863,5787,5785,5821,5820],"product_tag":[6121,6122,6085,6119],"class_list":{"0":"post-64207","1":"product","2":"type-product","3":"status-publish","4":"has-post-thumbnail","6":"product_cat-fallbara-bord","7":"product_cat-bord","8":"product_cat-hemmakontor","9":"product_cat-utbildningsbord","10":"product_cat-konferensbord","11":"product_tag-l-format-stativ","12":"product_tag-utbildningsbord","13":"product_tag-fallbart-bord","14":"product_tag-kongress-style","16":"first","17":"instock","18":"taxable","19":"shipping-taxable","20":"purchasable","21":"product-type-variable"},"yoast_head":"<!-- This site is optimized with the Yoast SEO plugin v27.0 - https:\/\/yoast.com\/product\/yoast-seo-wordpress\/ -->\n<title>Kongress Style - Bjerring-Sales<\/title>\n<meta name=\"description\" content=\"Kongress Style \u00e4r ett f\u00e4llbart bord med st\u00e5lben som passar utm\u00e4rkt till utbildningar, lunchrum, restauranger och konferenser.\" \/>\n<meta name=\"robots\" content=\"index, follow, max-snippet:-1, max-image-preview:large, max-video-preview:-1\" \/>\n<link rel=\"canonical\" href=\"https:\/\/shop.bjerring-sales.dk\/da\/product\/kongress-style\/\" \/>\n<meta property=\"og:locale\" content=\"da_DK\" \/>\n<meta property=\"og:type\" content=\"article\" \/>\n<meta property=\"og:title\" content=\"Kongress Style \u00e4r ett stilrent f\u00e4llbart bord med L-format stativ\" \/>\n<meta property=\"og:description\" content=\"Kongress Style \u00e4r ett f\u00e4llbart bord med st\u00e5lben som passar utm\u00e4rkt till utbildningar, lunchrum, restauranger och konferenser.\" \/>\n<meta property=\"og:url\" content=\"https:\/\/shop.bjerring-sales.dk\/da\/product\/kongress-style\/\" \/>\n<meta property=\"og:site_name\" content=\"Bjerring-Sales\" \/>\n<meta property=\"article:modified_time\" content=\"2026-05-04T08:31:37+00:00\" \/>\n<meta property=\"og:image\" content=\"https:\/\/shop.bjerring-sales.dk\/wp-content\/uploads\/2022\/09\/kongress-style01.jpg\" \/>\n\t<meta property=\"og:image:width\" content=\"800\" \/>\n\t<meta property=\"og:image:height\" content=\"550\" \/>\n\t<meta property=\"og:image:type\" content=\"image\/jpeg\" \/>\n<meta name=\"twitter:card\" content=\"summary_large_image\" \/>\n<meta name=\"twitter:title\" content=\"Kongress Style \u00e4r ett stilrent f\u00e4llbart bord med L-format stativ\" \/>\n<meta name=\"twitter:description\" content=\"Kongress Style \u00e4r ett f\u00e4llbart bord med st\u00e5lben som passar utm\u00e4rkt till utbildningar, lunchrum, restauranger och konferenser.\" \/>\n<meta name=\"twitter:image\" content=\"https:\/\/shop.bjerring-sales.dk\/wp-content\/uploads\/2022\/09\/kongress-style01.jpg\" \/>\n<meta name=\"twitter:label1\" content=\"Estimeret l\u00e6setid\" \/>\n\t<meta name=\"twitter:data1\" content=\"2 minutter\" \/>\n<script type=\"application\/ld+json\" class=\"yoast-schema-graph\">{\"@context\":\"https:\/\/schema.org\",\"@graph\":[{\"@type\":\"WebPage\",\"@id\":\"https:\/\/shop.bjerring-sales.dk\/product\/kongress-style\/\",\"url\":\"https:\/\/shop.bjerring-sales.dk\/product\/kongress-style\/\",\"name\":\"Kongress Style - Bjerring-Sales\",\"isPartOf\":{\"@id\":\"https:\/\/shop.bjerring-sales.dk\/#website\"},\"primaryImageOfPage\":{\"@id\":\"https:\/\/shop.bjerring-sales.dk\/product\/kongress-style\/#primaryimage\"},\"image\":{\"@id\":\"https:\/\/shop.bjerring-sales.dk\/product\/kongress-style\/#primaryimage\"},\"thumbnailUrl\":\"https:\/\/shop.bjerring-sales.dk\/wp-content\/uploads\/2024\/06\/140x60_WhiteLegs_Urban-Oak.jpg\",\"datePublished\":\"2022-09-28T10:00:11+00:00\",\"dateModified\":\"2026-05-04T08:31:37+00:00\",\"description\":\"Kongress Style \u00e4r ett f\u00e4llbart bord med st\u00e5lben som passar utm\u00e4rkt till utbildningar, lunchrum, restauranger och konferenser.\",\"breadcrumb\":{\"@id\":\"https:\/\/shop.bjerring-sales.dk\/product\/kongress-style\/#breadcrumb\"},\"inLanguage\":\"da-DK\",\"potentialAction\":[{\"@type\":\"ReadAction\",\"target\":[\"https:\/\/shop.bjerring-sales.dk\/product\/kongress-style\/\"]}]},{\"@type\":\"ImageObject\",\"inLanguage\":\"da-DK\",\"@id\":\"https:\/\/shop.bjerring-sales.dk\/product\/kongress-style\/#primaryimage\",\"url\":\"https:\/\/shop.bjerring-sales.dk\/wp-content\/uploads\/2024\/06\/140x60_WhiteLegs_Urban-Oak.jpg\",\"contentUrl\":\"https:\/\/shop.bjerring-sales.dk\/wp-content\/uploads\/2024\/06\/140x60_WhiteLegs_Urban-Oak.jpg\",\"width\":800,\"height\":800},{\"@type\":\"BreadcrumbList\",\"@id\":\"https:\/\/shop.bjerring-sales.dk\/product\/kongress-style\/#breadcrumb\",\"itemListElement\":[{\"@type\":\"ListItem\",\"position\":1,\"name\":\"Hem\",\"item\":\"https:\/\/shop.bjerring-sales.dk\/\"},{\"@type\":\"ListItem\",\"position\":2,\"name\":\"Webbutik\",\"item\":\"https:\/\/shop.bjerring-sales.dk\/butik\/\"},{\"@type\":\"ListItem\",\"position\":3,\"name\":\"Kongress Style\"}]},{\"@type\":\"WebSite\",\"@id\":\"https:\/\/shop.bjerring-sales.dk\/#website\",\"url\":\"https:\/\/shop.bjerring-sales.dk\/\",\"name\":\"Bjerring-Sales\",\"description\":\"M\u00f6bler f\u00f6r teatrar, skolor, kontor och k\u00f6pcentrum\",\"publisher\":{\"@id\":\"https:\/\/shop.bjerring-sales.dk\/#organization\"},\"potentialAction\":[{\"@type\":\"SearchAction\",\"target\":{\"@type\":\"EntryPoint\",\"urlTemplate\":\"https:\/\/shop.bjerring-sales.dk\/?s={search_term_string}\"},\"query-input\":{\"@type\":\"PropertyValueSpecification\",\"valueRequired\":true,\"valueName\":\"search_term_string\"}}],\"inLanguage\":\"da-DK\"},{\"@type\":\"Organization\",\"@id\":\"https:\/\/shop.bjerring-sales.dk\/#organization\",\"name\":\"Bjerring-Sales\",\"url\":\"https:\/\/shop.bjerring-sales.dk\/\",\"logo\":{\"@type\":\"ImageObject\",\"inLanguage\":\"da-DK\",\"@id\":\"https:\/\/shop.bjerring-sales.dk\/#\/schema\/logo\/image\/\",\"url\":\"https:\/\/shop.bjerring-sales.dk\/wp-content\/uploads\/2023\/01\/logo_sv.png\",\"contentUrl\":\"https:\/\/shop.bjerring-sales.dk\/wp-content\/uploads\/2023\/01\/logo_sv.png\",\"width\":195,\"height\":68,\"caption\":\"Bjerring-Sales\"},\"image\":{\"@id\":\"https:\/\/shop.bjerring-sales.dk\/#\/schema\/logo\/image\/\"}}]}<\/script>\n<!-- \/ Yoast SEO plugin. -->","yoast_head_json":{"title":"Kongress Style - Bjerring-Sales","description":"Kongress Style \u00e4r ett f\u00e4llbart bord med st\u00e5lben som passar utm\u00e4rkt till utbildningar, lunchrum, restauranger och konferenser.","robots":{"index":"index","follow":"follow","max-snippet":"max-snippet:-1","max-image-preview":"max-image-preview:large","max-video-preview":"max-video-preview:-1"},"canonical":"https:\/\/shop.bjerring-sales.dk\/da\/product\/kongress-style\/","og_locale":"da_DK","og_type":"article","og_title":"Kongress Style \u00e4r ett stilrent f\u00e4llbart bord med L-format stativ","og_description":"Kongress Style \u00e4r ett f\u00e4llbart bord med st\u00e5lben som passar utm\u00e4rkt till utbildningar, lunchrum, restauranger och konferenser.","og_url":"https:\/\/shop.bjerring-sales.dk\/da\/product\/kongress-style\/","og_site_name":"Bjerring-Sales","article_modified_time":"2026-05-04T08:31:37+00:00","og_image":[{"width":800,"height":550,"url":"https:\/\/shop.bjerring-sales.dk\/wp-content\/uploads\/2022\/09\/kongress-style01.jpg","type":"image\/jpeg"}],"twitter_card":"summary_large_image","twitter_title":"Kongress Style \u00e4r ett stilrent f\u00e4llbart bord med L-format stativ","twitter_description":"Kongress Style \u00e4r ett f\u00e4llbart bord med st\u00e5lben som passar utm\u00e4rkt till utbildningar, lunchrum, restauranger och konferenser.","twitter_image":"https:\/\/shop.bjerring-sales.dk\/wp-content\/uploads\/2022\/09\/kongress-style01.jpg","twitter_misc":{"Estimeret l\u00e6setid":"2 minutter"},"schema":{"@context":"https:\/\/schema.org","@graph":[{"@type":"WebPage","@id":"https:\/\/shop.bjerring-sales.dk\/product\/kongress-style\/","url":"https:\/\/shop.bjerring-sales.dk\/product\/kongress-style\/","name":"Kongress Style - Bjerring-Sales","isPartOf":{"@id":"https:\/\/shop.bjerring-sales.dk\/#website"},"primaryImageOfPage":{"@id":"https:\/\/shop.bjerring-sales.dk\/product\/kongress-style\/#primaryimage"},"image":{"@id":"https:\/\/shop.bjerring-sales.dk\/product\/kongress-style\/#primaryimage"},"thumbnailUrl":"https:\/\/shop.bjerring-sales.dk\/wp-content\/uploads\/2024\/06\/140x60_WhiteLegs_Urban-Oak.jpg","datePublished":"2022-09-28T10:00:11+00:00","dateModified":"2026-05-04T08:31:37+00:00","description":"Kongress Style \u00e4r ett f\u00e4llbart bord med st\u00e5lben som passar utm\u00e4rkt till utbildningar, lunchrum, restauranger och konferenser.","breadcrumb":{"@id":"https:\/\/shop.bjerring-sales.dk\/product\/kongress-style\/#breadcrumb"},"inLanguage":"da-DK","potentialAction":[{"@type":"ReadAction","target":["https:\/\/shop.bjerring-sales.dk\/product\/kongress-style\/"]}]},{"@type":"ImageObject","inLanguage":"da-DK","@id":"https:\/\/shop.bjerring-sales.dk\/product\/kongress-style\/#primaryimage","url":"https:\/\/shop.bjerring-sales.dk\/wp-content\/uploads\/2024\/06\/140x60_WhiteLegs_Urban-Oak.jpg","contentUrl":"https:\/\/shop.bjerring-sales.dk\/wp-content\/uploads\/2024\/06\/140x60_WhiteLegs_Urban-Oak.jpg","width":800,"height":800},{"@type":"BreadcrumbList","@id":"https:\/\/shop.bjerring-sales.dk\/product\/kongress-style\/#breadcrumb","itemListElement":[{"@type":"ListItem","position":1,"name":"Hem","item":"https:\/\/shop.bjerring-sales.dk\/"},{"@type":"ListItem","position":2,"name":"Webbutik","item":"https:\/\/shop.bjerring-sales.dk\/butik\/"},{"@type":"ListItem","position":3,"name":"Kongress Style"}]},{"@type":"WebSite","@id":"https:\/\/shop.bjerring-sales.dk\/#website","url":"https:\/\/shop.bjerring-sales.dk\/","name":"Bjerring-Salg","description":"M\u00f8bler til teatre, skoler, kontorer og indk\u00f8bscentre","publisher":{"@id":"https:\/\/shop.bjerring-sales.dk\/#organization"},"potentialAction":[{"@type":"SearchAction","target":{"@type":"EntryPoint","urlTemplate":"https:\/\/shop.bjerring-sales.dk\/?s={search_term_string}"},"query-input":{"@type":"PropertyValueSpecification","valueRequired":true,"valueName":"search_term_string"}}],"inLanguage":"da-DK"},{"@type":"Organization","@id":"https:\/\/shop.bjerring-sales.dk\/#organization","name":"Bjerring-Salg","url":"https:\/\/shop.bjerring-sales.dk\/","logo":{"@type":"ImageObject","inLanguage":"da-DK","@id":"https:\/\/shop.bjerring-sales.dk\/#\/schema\/logo\/image\/","url":"https:\/\/shop.bjerring-sales.dk\/wp-content\/uploads\/2023\/01\/logo_sv.png","contentUrl":"https:\/\/shop.bjerring-sales.dk\/wp-content\/uploads\/2023\/01\/logo_sv.png","width":195,"height":68,"caption":"Bjerring-Sales"},"image":{"@id":"https:\/\/shop.bjerring-sales.dk\/#\/schema\/logo\/image\/"}}]}},"_links":{"self":[{"href":"https:\/\/shop.bjerring-sales.dk\/da\/wp-json\/wp\/v2\/product\/64207","targetHints":{"allow":["GET"]}}],"collection":[{"href":"https:\/\/shop.bjerring-sales.dk\/da\/wp-json\/wp\/v2\/product"}],"about":[{"href":"https:\/\/shop.bjerring-sales.dk\/da\/wp-json\/wp\/v2\/types\/product"}],"wp:featuredmedia":[{"embeddable":true,"href":"https:\/\/shop.bjerring-sales.dk\/da\/wp-json\/wp\/v2\/media\/97409"}],"wp:attachment":[{"href":"https:\/\/shop.bjerring-sales.dk\/da\/wp-json\/wp\/v2\/media?parent=64207"}],"wp:term":[{"taxonomy":"product_brand","embeddable":true,"href":"https:\/\/shop.bjerring-sales.dk\/da\/wp-json\/wp\/v2\/product_brand?post=64207"},{"taxonomy":"product_cat","embeddable":true,"href":"https:\/\/shop.bjerring-sales.dk\/da\/wp-json\/wp\/v2\/product_cat?post=64207"},{"taxonomy":"product_tag","embeddable":true,"href":"https:\/\/shop.bjerring-sales.dk\/da\/wp-json\/wp\/v2\/product_tag?post=64207"}],"curies":[{"name":"wp","href":"https:\/\/api.w.org\/{rel}","templated":true}]}}