{"id":63818,"date":"2024-09-17T07:00:46","date_gmt":"2024-09-17T05:00:46","guid":{"rendered":"https:\/\/pule.se\/produkt\/dinner-style\/"},"modified":"2026-05-06T08:27:17","modified_gmt":"2026-05-06T06:27:17","slug":"dinner-style","status":"publish","type":"product","link":"https:\/\/shop.bjerring-sales.dk\/da\/vare\/dinner-style\/","title":{"rendered":"Dinner Style"},"content":{"rendered":"<div class=\"wpb-content-wrapper\"><div class=\"vc_row wpb_row vc_row-fluid\"><div class=\"wpb_column vc_column_container vc_col-sm-12\"><div class=\"vc_column-inner\"><div class=\"wpb_wrapper\">\n\t<div class=\"wpb_text_column wpb_content_element\" >\n\t\t<div class=\"wpb_wrapper\">\n\t\t\t<p><span style=\"font-size: 24pt;\">Dinner Style er et praktisk foldebord med et T-formet stel<br \/>\n<\/span>Dinner Style er et praktisk foldebord med st\u00e5lben, der er perfekt som spisebord, til undervisning, frokostlokaler, konferencer og restauranter. Bordet f\u00e5s som standard i 8 forskellige st\u00f8rrelser, med 6 forskellige bordplader og 4 forskellige stel at v\u00e6lge imellem. Det T-formede stel er meget fleksibelt og fylder meget lidt under bordet. Med store muligheder for variationer af m\u00e5l, bordplader og stel giver Dinner Style bordet brugeren stor valgfrihed og mulighed for at supplere med flere borde i fremtiden.<\/p>\n\n\t\t<\/div>\n\t<\/div>\n<\/div><\/div><\/div><\/div><div class=\"vc_row wpb_row vc_row-fluid\"><div class=\"wpb_column vc_column_container vc_col-sm-6\"><div class=\"vc_column-inner\"><div class=\"wpb_wrapper\">\n\t<div  class=\"wpb_single_image wpb_content_element vc_align_center\">\n\t\t\n\t\t<figure class=\"wpb_wrapper vc_figure\">\n\t\t\t<div class=\"vc_single_image-wrapper vc_box_shadow_border  vc_box_border_grey\"><img loading=\"lazy\" decoding=\"async\" width=\"800\" height=\"550\" src=\"https:\/\/shop.bjerring-sales.dk\/wp-content\/uploads\/2018\/06\/3_800x550-1.jpg\" class=\"vc_single_image-img attachment-full\" alt=\"\" title=\"3_800x550\" srcset=\"https:\/\/shop.bjerring-sales.dk\/wp-content\/uploads\/2018\/06\/3_800x550-1.jpg 800w, https:\/\/shop.bjerring-sales.dk\/wp-content\/uploads\/2018\/06\/3_800x550-1-150x103.jpg 150w, https:\/\/shop.bjerring-sales.dk\/wp-content\/uploads\/2018\/06\/3_800x550-1-600x413.jpg 600w, https:\/\/shop.bjerring-sales.dk\/wp-content\/uploads\/2018\/06\/3_800x550-1-300x206.jpg 300w, https:\/\/shop.bjerring-sales.dk\/wp-content\/uploads\/2018\/06\/3_800x550-1-768x528.jpg 768w\" sizes=\"auto, (max-width: 800px) 100vw, 800px\" \/><\/div>\n\t\t<\/figure>\n\t<\/div>\n<\/div><\/div><\/div><div class=\"wpb_column vc_column_container vc_col-sm-6\"><div class=\"vc_column-inner\"><div class=\"wpb_wrapper\">\n\t<div  class=\"wpb_single_image wpb_content_element vc_align_center\">\n\t\t\n\t\t<figure class=\"wpb_wrapper vc_figure\">\n\t\t\t<div class=\"vc_single_image-wrapper vc_box_shadow_border  vc_box_border_grey\"><img loading=\"lazy\" decoding=\"async\" width=\"800\" height=\"550\" src=\"https:\/\/shop.bjerring-sales.dk\/wp-content\/uploads\/2018\/06\/Dinner-style-alcudia-800x550-1-1.gif\" class=\"vc_single_image-img attachment-full\" alt=\"\" title=\"Middags-stil-alcudia-800x550-1\" \/><\/div>\n\t\t<\/figure>\n\t<\/div>\n<\/div><\/div><\/div><\/div><div class=\"vc_row wpb_row vc_row-fluid\"><div class=\"wpb_column vc_column_container vc_col-sm-6\"><div class=\"vc_column-inner\"><div class=\"wpb_wrapper\">\n\t<div class=\"wpb_text_column wpb_content_element\" >\n\t\t<div class=\"wpb_wrapper\">\n\t\t\t<p><span style=\"font-size: 18pt;\">M\u00e5l<br \/>\n<\/span>Dinner Style bordet er lagerf\u00f8rt i 8 forskellige standardst\u00f8rrelser. Ved st\u00f8rre ordrer arrangerer vi ogs\u00e5 specialm\u00e5l.<\/p>\n<table>\n<tbody>\n<tr>\n<td><strong>L\u00e6ngde<\/strong><\/td>\n<td><strong>Bredde<\/strong><\/td>\n<td><strong>H\u00f8jde<\/strong><\/td>\n<td><strong>V\u00e6gt<\/strong><\/td>\n<\/tr>\n<tr>\n<td>1200 mm<\/td>\n<td>600 mm<\/td>\n<td>730 mm<\/td>\n<td>14 kg<\/td>\n<\/tr>\n<tr>\n<td>1200 mm<\/td>\n<td>700 mm<\/td>\n<td>730 mm<\/td>\n<td>15 kg<\/td>\n<\/tr>\n<tr>\n<td>1200 mm<\/td>\n<td>800 mm<\/td>\n<td>730 mm<\/td>\n<td>17 kg<\/td>\n<\/tr>\n<tr>\n<td>1400 mm<\/td>\n<td>600 mm<\/td>\n<td>730 mm<\/td>\n<td>17 kg<\/td>\n<\/tr>\n<tr>\n<td>1400 mm<\/td>\n<td>700 mm<\/td>\n<td>730 mm<\/td>\n<td>20 kg<\/td>\n<\/tr>\n<tr>\n<td>1400 mm<\/td>\n<td>800 mm<\/td>\n<td>730 mm<\/td>\n<td>21,5 kg<\/td>\n<\/tr>\n<tr>\n<td>1600 mm<\/td>\n<td>700 mm<\/td>\n<td>730 mm<\/td>\n<td>22 kg<\/td>\n<\/tr>\n<tr>\n<td>1600 mm<\/td>\n<td>800 mm<\/td>\n<td>730 mm<\/td>\n<td>24 kg<\/td>\n<\/tr>\n<tr>\n<td>1800 mm<\/td>\n<td>700 mm<\/td>\n<td>730 mm<\/td>\n<td>23,5 kg<\/td>\n<\/tr>\n<tr>\n<td>1800 mm<\/td>\n<td>800 mm<\/td>\n<td>730 mm<\/td>\n<td>25,5 kg<\/td>\n<\/tr>\n<\/tbody>\n<\/table>\n\n\t\t<\/div>\n\t<\/div>\n<\/div><\/div><\/div><div class=\"wpb_column vc_column_container vc_col-sm-6\"><div class=\"vc_column-inner\"><div class=\"wpb_wrapper\">\n\t<div class=\"wpb_text_column wpb_content_element\" >\n\t\t<div class=\"wpb_wrapper\">\n\t\t\t<p><span style=\"font-size: 18pt;\">Stel<br \/>\n<\/span>Dinner Style-bordet har et T-formet stel, der f\u00e5s i en pulverlakeret farve eller i en kromfinish. Stellet er nemt at folde ud og fylder lidt, n\u00e5r det er foldet.<\/p>\n<ul>\n<li>Chrom<\/li>\n<li>S\u00f8lvgr\u00e5<\/li>\n<li>Sort<\/li>\n<li>Hvid<\/li>\n<\/ul>\n<p><span style=\"font-size: 18pt;\">Bordplader<br \/>\n<\/span>Dinner Style-bordet er lagerf\u00f8rt i 6 forskellige standardfarver. Pladerne er laminatplader. Ved st\u00f8rre ordrer kan vi ogs\u00e5 levere i specialfarver.<\/p>\n<ul>\n<li>Hvid<\/li>\n<li>Sort<\/li>\n<li>Gr\u00e5<\/li>\n<li>B\u00f8g<\/li>\n<li>Egetr\u00e6<\/li>\n<li>Birk<\/li>\n<li>Urban eg<\/li>\n<\/ul>\n<p><span style=\"font-size: 18pt;\">Garanti<br \/>\n<\/span>2 \u00e5r<\/p>\n\n\t\t<\/div>\n\t<\/div>\n<\/div><\/div><\/div><\/div>\n<\/div>","protected":false},"excerpt":{"rendered":"<p>Dinner Style er et praktisk klapbord med st\u00e5lben, der er perfekt som spisebord, til undervisning, frokostlokaler, konferencer og restauranter. Bordet f\u00e5s som standard i 10 forskellige st\u00f8rrelser, med 6 forskellige bordplader og 4 forskellige stel at v\u00e6lge imellem.<\/p>","protected":false},"featured_media":98322,"template":"","meta":{"iawp_total_views":108},"product_brand":[],"product_cat":[5787,5863,5821,5820],"product_tag":[5993,6085,6123,6124],"class_list":{"0":"post-63818","1":"product","2":"type-product","3":"status-publish","4":"has-post-thumbnail","6":"product_cat-bord","7":"product_cat-fallbara-bord","8":"product_cat-utbildningsbord","9":"product_cat-konferensbord","10":"product_tag-matbord","11":"product_tag-fallbart-bord","12":"product_tag-dinner-style","13":"product_tag-t-format-stativ","15":"first","16":"instock","17":"taxable","18":"shipping-taxable","19":"purchasable","20":"product-type-variable"},"yoast_head":"<!-- This site is optimized with the Yoast SEO plugin v27.0 - https:\/\/yoast.com\/product\/yoast-seo-wordpress\/ -->\n<title>Dinner Style - Bjerring-Sales<\/title>\n<meta name=\"robots\" content=\"index, follow, max-snippet:-1, max-image-preview:large, max-video-preview:-1\" \/>\n<link rel=\"canonical\" href=\"https:\/\/shop.bjerring-sales.dk\/da\/product\/dinner-style\/\" \/>\n<meta property=\"og:locale\" content=\"da_DK\" \/>\n<meta property=\"og:type\" content=\"article\" \/>\n<meta property=\"og:title\" content=\"Dinner Style - Bjerring-Sales\" \/>\n<meta property=\"og:description\" content=\"Dinner Style \u00e4r ett \u00e4r ett praktiskt f\u00e4llbart bord med st\u00e5lben som passar utm\u00e4rkt som matbord, till utbildningar, lunchrum, konferenser och restauranger. Bordet finns som standard i 10 olika storlekar, med 6 olika bordsskivor samt 4 olika bordsstativ att v\u00e4lja mellan.\" \/>\n<meta property=\"og:url\" content=\"https:\/\/shop.bjerring-sales.dk\/da\/product\/dinner-style\/\" \/>\n<meta property=\"og:site_name\" content=\"Bjerring-Sales\" \/>\n<meta property=\"article:modified_time\" content=\"2026-05-06T06:27:17+00:00\" \/>\n<meta property=\"og:image\" content=\"https:\/\/shop.bjerring-sales.dk\/wp-content\/uploads\/2024\/09\/DinnerStyle_180x80_ChromeLegs_WoodTopOak.jpg\" \/>\n\t<meta property=\"og:image:width\" content=\"800\" \/>\n\t<meta property=\"og:image:height\" content=\"800\" \/>\n\t<meta property=\"og:image:type\" content=\"image\/jpeg\" \/>\n<meta name=\"twitter:card\" content=\"summary_large_image\" \/>\n<meta name=\"twitter:label1\" content=\"Estimeret l\u00e6setid\" \/>\n\t<meta name=\"twitter:data1\" content=\"2 minutter\" \/>\n<script type=\"application\/ld+json\" class=\"yoast-schema-graph\">{\"@context\":\"https:\/\/schema.org\",\"@graph\":[{\"@type\":\"WebPage\",\"@id\":\"https:\/\/shop.bjerring-sales.dk\/product\/dinner-style\/\",\"url\":\"https:\/\/shop.bjerring-sales.dk\/product\/dinner-style\/\",\"name\":\"Dinner Style - Bjerring-Sales\",\"isPartOf\":{\"@id\":\"https:\/\/shop.bjerring-sales.dk\/#website\"},\"primaryImageOfPage\":{\"@id\":\"https:\/\/shop.bjerring-sales.dk\/product\/dinner-style\/#primaryimage\"},\"image\":{\"@id\":\"https:\/\/shop.bjerring-sales.dk\/product\/dinner-style\/#primaryimage\"},\"thumbnailUrl\":\"https:\/\/shop.bjerring-sales.dk\/wp-content\/uploads\/2024\/09\/DinnerStyle_180x80_ChromeLegs_WoodTopOak.jpg\",\"datePublished\":\"2024-09-17T05:00:46+00:00\",\"dateModified\":\"2026-05-06T06:27:17+00:00\",\"breadcrumb\":{\"@id\":\"https:\/\/shop.bjerring-sales.dk\/product\/dinner-style\/#breadcrumb\"},\"inLanguage\":\"da-DK\",\"potentialAction\":[{\"@type\":\"ReadAction\",\"target\":[\"https:\/\/shop.bjerring-sales.dk\/product\/dinner-style\/\"]}]},{\"@type\":\"ImageObject\",\"inLanguage\":\"da-DK\",\"@id\":\"https:\/\/shop.bjerring-sales.dk\/product\/dinner-style\/#primaryimage\",\"url\":\"https:\/\/shop.bjerring-sales.dk\/wp-content\/uploads\/2024\/09\/DinnerStyle_180x80_ChromeLegs_WoodTopOak.jpg\",\"contentUrl\":\"https:\/\/shop.bjerring-sales.dk\/wp-content\/uploads\/2024\/09\/DinnerStyle_180x80_ChromeLegs_WoodTopOak.jpg\",\"width\":800,\"height\":800},{\"@type\":\"BreadcrumbList\",\"@id\":\"https:\/\/shop.bjerring-sales.dk\/product\/dinner-style\/#breadcrumb\",\"itemListElement\":[{\"@type\":\"ListItem\",\"position\":1,\"name\":\"Hem\",\"item\":\"https:\/\/shop.bjerring-sales.dk\/\"},{\"@type\":\"ListItem\",\"position\":2,\"name\":\"Webbutik\",\"item\":\"https:\/\/shop.bjerring-sales.dk\/butik\/\"},{\"@type\":\"ListItem\",\"position\":3,\"name\":\"Dinner Style\"}]},{\"@type\":\"WebSite\",\"@id\":\"https:\/\/shop.bjerring-sales.dk\/#website\",\"url\":\"https:\/\/shop.bjerring-sales.dk\/\",\"name\":\"Bjerring-Sales\",\"description\":\"M\u00f6bler f\u00f6r teatrar, skolor, kontor och k\u00f6pcentrum\",\"publisher\":{\"@id\":\"https:\/\/shop.bjerring-sales.dk\/#organization\"},\"potentialAction\":[{\"@type\":\"SearchAction\",\"target\":{\"@type\":\"EntryPoint\",\"urlTemplate\":\"https:\/\/shop.bjerring-sales.dk\/?s={search_term_string}\"},\"query-input\":{\"@type\":\"PropertyValueSpecification\",\"valueRequired\":true,\"valueName\":\"search_term_string\"}}],\"inLanguage\":\"da-DK\"},{\"@type\":\"Organization\",\"@id\":\"https:\/\/shop.bjerring-sales.dk\/#organization\",\"name\":\"Bjerring-Sales\",\"url\":\"https:\/\/shop.bjerring-sales.dk\/\",\"logo\":{\"@type\":\"ImageObject\",\"inLanguage\":\"da-DK\",\"@id\":\"https:\/\/shop.bjerring-sales.dk\/#\/schema\/logo\/image\/\",\"url\":\"https:\/\/shop.bjerring-sales.dk\/wp-content\/uploads\/2023\/01\/logo_sv.png\",\"contentUrl\":\"https:\/\/shop.bjerring-sales.dk\/wp-content\/uploads\/2023\/01\/logo_sv.png\",\"width\":195,\"height\":68,\"caption\":\"Bjerring-Sales\"},\"image\":{\"@id\":\"https:\/\/shop.bjerring-sales.dk\/#\/schema\/logo\/image\/\"}}]}<\/script>\n<!-- \/ Yoast SEO plugin. -->","yoast_head_json":{"title":"Dinner Style - Bjerring-Sales","robots":{"index":"index","follow":"follow","max-snippet":"max-snippet:-1","max-image-preview":"max-image-preview:large","max-video-preview":"max-video-preview:-1"},"canonical":"https:\/\/shop.bjerring-sales.dk\/da\/product\/dinner-style\/","og_locale":"da_DK","og_type":"article","og_title":"Dinner Style - Bjerring-Sales","og_description":"Dinner Style \u00e4r ett \u00e4r ett praktiskt f\u00e4llbart bord med st\u00e5lben som passar utm\u00e4rkt som matbord, till utbildningar, lunchrum, konferenser och restauranger. Bordet finns som standard i 10 olika storlekar, med 6 olika bordsskivor samt 4 olika bordsstativ att v\u00e4lja mellan.","og_url":"https:\/\/shop.bjerring-sales.dk\/da\/product\/dinner-style\/","og_site_name":"Bjerring-Sales","article_modified_time":"2026-05-06T06:27:17+00:00","og_image":[{"width":800,"height":800,"url":"https:\/\/shop.bjerring-sales.dk\/wp-content\/uploads\/2024\/09\/DinnerStyle_180x80_ChromeLegs_WoodTopOak.jpg","type":"image\/jpeg"}],"twitter_card":"summary_large_image","twitter_misc":{"Estimeret l\u00e6setid":"2 minutter"},"schema":{"@context":"https:\/\/schema.org","@graph":[{"@type":"WebPage","@id":"https:\/\/shop.bjerring-sales.dk\/product\/dinner-style\/","url":"https:\/\/shop.bjerring-sales.dk\/product\/dinner-style\/","name":"Dinner Style - Bjerring-Sales","isPartOf":{"@id":"https:\/\/shop.bjerring-sales.dk\/#website"},"primaryImageOfPage":{"@id":"https:\/\/shop.bjerring-sales.dk\/product\/dinner-style\/#primaryimage"},"image":{"@id":"https:\/\/shop.bjerring-sales.dk\/product\/dinner-style\/#primaryimage"},"thumbnailUrl":"https:\/\/shop.bjerring-sales.dk\/wp-content\/uploads\/2024\/09\/DinnerStyle_180x80_ChromeLegs_WoodTopOak.jpg","datePublished":"2024-09-17T05:00:46+00:00","dateModified":"2026-05-06T06:27:17+00:00","breadcrumb":{"@id":"https:\/\/shop.bjerring-sales.dk\/product\/dinner-style\/#breadcrumb"},"inLanguage":"da-DK","potentialAction":[{"@type":"ReadAction","target":["https:\/\/shop.bjerring-sales.dk\/product\/dinner-style\/"]}]},{"@type":"ImageObject","inLanguage":"da-DK","@id":"https:\/\/shop.bjerring-sales.dk\/product\/dinner-style\/#primaryimage","url":"https:\/\/shop.bjerring-sales.dk\/wp-content\/uploads\/2024\/09\/DinnerStyle_180x80_ChromeLegs_WoodTopOak.jpg","contentUrl":"https:\/\/shop.bjerring-sales.dk\/wp-content\/uploads\/2024\/09\/DinnerStyle_180x80_ChromeLegs_WoodTopOak.jpg","width":800,"height":800},{"@type":"BreadcrumbList","@id":"https:\/\/shop.bjerring-sales.dk\/product\/dinner-style\/#breadcrumb","itemListElement":[{"@type":"ListItem","position":1,"name":"Hem","item":"https:\/\/shop.bjerring-sales.dk\/"},{"@type":"ListItem","position":2,"name":"Webbutik","item":"https:\/\/shop.bjerring-sales.dk\/butik\/"},{"@type":"ListItem","position":3,"name":"Dinner Style"}]},{"@type":"WebSite","@id":"https:\/\/shop.bjerring-sales.dk\/#website","url":"https:\/\/shop.bjerring-sales.dk\/","name":"Bjerring-Salg","description":"M\u00f8bler til teatre, skoler, kontorer og indk\u00f8bscentre","publisher":{"@id":"https:\/\/shop.bjerring-sales.dk\/#organization"},"potentialAction":[{"@type":"SearchAction","target":{"@type":"EntryPoint","urlTemplate":"https:\/\/shop.bjerring-sales.dk\/?s={search_term_string}"},"query-input":{"@type":"PropertyValueSpecification","valueRequired":true,"valueName":"search_term_string"}}],"inLanguage":"da-DK"},{"@type":"Organization","@id":"https:\/\/shop.bjerring-sales.dk\/#organization","name":"Bjerring-Salg","url":"https:\/\/shop.bjerring-sales.dk\/","logo":{"@type":"ImageObject","inLanguage":"da-DK","@id":"https:\/\/shop.bjerring-sales.dk\/#\/schema\/logo\/image\/","url":"https:\/\/shop.bjerring-sales.dk\/wp-content\/uploads\/2023\/01\/logo_sv.png","contentUrl":"https:\/\/shop.bjerring-sales.dk\/wp-content\/uploads\/2023\/01\/logo_sv.png","width":195,"height":68,"caption":"Bjerring-Sales"},"image":{"@id":"https:\/\/shop.bjerring-sales.dk\/#\/schema\/logo\/image\/"}}]}},"_links":{"self":[{"href":"https:\/\/shop.bjerring-sales.dk\/da\/wp-json\/wp\/v2\/product\/63818","targetHints":{"allow":["GET"]}}],"collection":[{"href":"https:\/\/shop.bjerring-sales.dk\/da\/wp-json\/wp\/v2\/product"}],"about":[{"href":"https:\/\/shop.bjerring-sales.dk\/da\/wp-json\/wp\/v2\/types\/product"}],"wp:featuredmedia":[{"embeddable":true,"href":"https:\/\/shop.bjerring-sales.dk\/da\/wp-json\/wp\/v2\/media\/98322"}],"wp:attachment":[{"href":"https:\/\/shop.bjerring-sales.dk\/da\/wp-json\/wp\/v2\/media?parent=63818"}],"wp:term":[{"taxonomy":"product_brand","embeddable":true,"href":"https:\/\/shop.bjerring-sales.dk\/da\/wp-json\/wp\/v2\/product_brand?post=63818"},{"taxonomy":"product_cat","embeddable":true,"href":"https:\/\/shop.bjerring-sales.dk\/da\/wp-json\/wp\/v2\/product_cat?post=63818"},{"taxonomy":"product_tag","embeddable":true,"href":"https:\/\/shop.bjerring-sales.dk\/da\/wp-json\/wp\/v2\/product_tag?post=63818"}],"curies":[{"name":"wp","href":"https:\/\/api.w.org\/{rel}","templated":true}]}}