{"id":62883,"date":"2021-09-12T23:10:14","date_gmt":"2021-09-12T21:10:14","guid":{"rendered":"https:\/\/pule.se\/produkt\/pureis3-den-flexibla-kontorsstolen\/"},"modified":"2026-02-19T14:55:46","modified_gmt":"2026-02-19T13:55:46","slug":"pureis3-den-flexibla-kontorsstolen","status":"publish","type":"product","link":"https:\/\/shop.bjerring-sales.dk\/da\/vare\/pureis3-den-flexibla-kontorsstolen\/","title":{"rendered":"PUREis3 \u2013 Den fleksible kontorstol"},"content":{"rendered":"<div class=\"wpb-content-wrapper\"><div class=\"vc_row wpb_row vc_row-fluid\"><div class=\"wpb_column vc_column_container vc_col-sm-12\"><div class=\"vc_column-inner\"><div class=\"wpb_wrapper\">\n\t<div class=\"wpb_text_column wpb_content_element\" >\n\t\t<div class=\"wpb_wrapper\">\n\t\t\t<p><span style=\"font-size: 24pt\">PUREis3- En kontorstol til det fleksible kontor<br \/>\n<\/span>PUREis3 er en fleksibel kontorstol designet til brugere der bev\u00e6ger sig. I mods\u00e6tning til andre arbejdsstole er PUREis3 udviklet udelukkende med aktive mennesker i tankerne. Denne metode har kr\u00e6vet en fuldst\u00e6ndig genopfindelse af den klassiske kontorstol. PUREis3 stolen tilpasser sig brugerens krop og bev\u00e6gelser uden en masse tidskr\u00e6vende indstillinger.<\/p>\n<p>Vi lagerf\u00f8rer PUREis3 i sort alt. hvid mesh med sort stofs\u00e6de med 100.000 martindale. Arbejdsstolen PUREis3 fra Interstuhl er designet af Andreas Krob og Joachim Br\u00fcske.<\/p>\n\n\t\t<\/div>\n\t<\/div>\n<\/div><\/div><\/div><\/div><div class=\"vc_row wpb_row vc_row-fluid\"><div class=\"wpb_column vc_column_container vc_col-sm-6\"><div class=\"vc_column-inner\"><div class=\"wpb_wrapper\">\n\t<div  class=\"wpb_single_image wpb_content_element vc_align_center\">\n\t\t\n\t\t<figure class=\"wpb_wrapper vc_figure\">\n\t\t\t<div class=\"vc_single_image-wrapper vc_box_shadow_border  vc_box_border_grey\"><img loading=\"lazy\" decoding=\"async\" width=\"800\" height=\"550\" src=\"https:\/\/shop.bjerring-sales.dk\/wp-content\/uploads\/2021\/09\/PUREis3_White_002_800x550.jpg\" class=\"vc_single_image-img attachment-full\" alt=\"\" title=\"PUREis3_White_002_800x550\" srcset=\"https:\/\/shop.bjerring-sales.dk\/wp-content\/uploads\/2021\/09\/PUREis3_White_002_800x550.jpg 800w, https:\/\/shop.bjerring-sales.dk\/wp-content\/uploads\/2021\/09\/PUREis3_White_002_800x550-150x103.jpg 150w, https:\/\/shop.bjerring-sales.dk\/wp-content\/uploads\/2021\/09\/PUREis3_White_002_800x550-600x413.jpg 600w, https:\/\/shop.bjerring-sales.dk\/wp-content\/uploads\/2021\/09\/PUREis3_White_002_800x550-300x206.jpg 300w, https:\/\/shop.bjerring-sales.dk\/wp-content\/uploads\/2021\/09\/PUREis3_White_002_800x550-768x528.jpg 768w\" sizes=\"auto, (max-width: 800px) 100vw, 800px\" \/><\/div>\n\t\t<\/figure>\n\t<\/div>\n<\/div><\/div><\/div><div class=\"wpb_column vc_column_container vc_col-sm-6\"><div class=\"vc_column-inner\"><div class=\"wpb_wrapper\">\n\t<div  class=\"wpb_single_image wpb_content_element vc_align_center\">\n\t\t\n\t\t<figure class=\"wpb_wrapper vc_figure\">\n\t\t\t<div class=\"vc_single_image-wrapper vc_box_shadow_border  vc_box_border_grey\"><img loading=\"lazy\" decoding=\"async\" width=\"800\" height=\"550\" src=\"https:\/\/shop.bjerring-sales.dk\/wp-content\/uploads\/2021\/09\/PUREis3_Black_Black_800x550.jpg\" class=\"vc_single_image-img attachment-full\" alt=\"\" title=\"PUREis3_Sort_Sort_800x550\" srcset=\"https:\/\/shop.bjerring-sales.dk\/wp-content\/uploads\/2021\/09\/PUREis3_Black_Black_800x550.jpg 800w, https:\/\/shop.bjerring-sales.dk\/wp-content\/uploads\/2021\/09\/PUREis3_Black_Black_800x550-150x103.jpg 150w, https:\/\/shop.bjerring-sales.dk\/wp-content\/uploads\/2021\/09\/PUREis3_Black_Black_800x550-600x413.jpg 600w, https:\/\/shop.bjerring-sales.dk\/wp-content\/uploads\/2021\/09\/PUREis3_Black_Black_800x550-300x206.jpg 300w, https:\/\/shop.bjerring-sales.dk\/wp-content\/uploads\/2021\/09\/PUREis3_Black_Black_800x550-768x528.jpg 768w\" sizes=\"auto, (max-width: 800px) 100vw, 800px\" \/><\/div>\n\t\t<\/figure>\n\t<\/div>\n<\/div><\/div><\/div><\/div><div class=\"vc_row wpb_row vc_row-fluid\"><div class=\"wpb_column vc_column_container vc_col-sm-6\"><div class=\"vc_column-inner\"><div class=\"wpb_wrapper\">\n\t<div class=\"wpb_text_column wpb_content_element\" >\n\t\t<div class=\"wpb_wrapper\">\n\t\t\t<p><span style=\"font-size: 18pt\">Anvendelsesomr\u00e5der<br \/>\n<\/span>PUREis3 kontorstolen passer ind i alle typer kontormilj\u00f8er. Kontorstolen har et anbefalet max. belastning p\u00e5 120 kg. Stoffet har 100.000 martindales og er ekstremt slidst\u00e6rkt. Producenten Interstuhl har virkelig lagt meget energi og t\u00e6nkt over, hvordan en kontorstol egentlig skal fungere. I al sin enkelthed er det en avanceret kontorstol, som er v\u00e6rdsat af alle brugere. Den er bedst egnet til brugeren, der er aktive og bev\u00e6ger sig meget, den f\u00f8lger brugerens krop, hvilket g\u00f8r den til en fleksibel kontorstol.<\/p>\n<p><span style=\"font-size: 18pt\">Ergonomi<br \/>\n<\/span>PUREis3 giver en stor bev\u00e6gelsesfrihed via &quot;Smart Spring&quot; teknologi, der garanterer, at brugeren forbliver b\u00e5de aktiv og komfortabel. Smart Spring-teknologien er en innovation fra Interstuhl, der er blevet banebrydende. &quot;Smart Spring-teknologien&quot; er fremstillet med en speciel sammens\u00e6tning af polyamid og glasfiber. Sammens\u00e6tningen g\u00f8r det muligt for arbejdsstolen at tilpasse sig brugerens v\u00e6gt, krop og bev\u00e6gelse p\u00e5 en imponerende og dynamisk m\u00e5de. Kontorstolen bliver forenklet en forl\u00e6ngelse af brugeren, og f\u00f8lger kroppens bev\u00e6gelser p\u00e5 en ergonomisk m\u00e5de.<\/p>\n<p><span style=\"font-size: 18pt\">S\u00e6de<\/span><\/p>\n<ul>\n<li>Stofs\u00e6de &quot;Era&quot; (Camira) med 100.000 martindale<\/li>\n<li>Ryg i sort mesh-stof (8140)<\/li>\n<\/ul>\n<p><span style=\"font-size: 18pt\">Specifikationer<\/span><\/p>\n<ul>\n<li>Samlede m\u00e5l: 1120x655x545 mm<\/li>\n<li>S\u00e6deh\u00f8jde: 420-520 mm<\/li>\n<li>S\u00e6debredde: 515 mm<\/li>\n<li>S\u00e6dedybde: 420 mm<\/li>\n<li>Stolen har faste arml\u00e6n<\/li>\n<li>V\u00e6gt: 13 kg<\/li>\n<\/ul>\n\n\t\t<\/div>\n\t<\/div>\n<\/div><\/div><\/div><div class=\"wpb_column vc_column_container vc_col-sm-6\"><div class=\"vc_column-inner\"><div class=\"wpb_wrapper\">\n\t<div class=\"wpb_text_column wpb_content_element\" >\n\t\t<div class=\"wpb_wrapper\">\n\t\t\t<p><span style=\"font-size: 18pt\">Dimensioner af emballage<\/span><\/p>\n<ul>\n<li>885x720x570 mm<\/li>\n<\/ul>\n<p><span style=\"font-size: 18pt\">Garanti<\/span><\/p>\n<ul>\n<li>10 \u00e5rs garanti<\/li>\n<\/ul>\n<p><span style=\"font-size: 18pt\">Certificeringer<\/span><br \/>\nKvalitetsstyringssystem DIN EN ISO 9001:2008, Forordning (EF) Nr. 1221\/2009 (EMAS); milj\u00f8ledelsessystem DIN EN ISO 14001:2009, OHSAS, EcoVadis Gold, \"Gesicherte Nachhaltigkeit\" (Garanteret B\u00e6redygtighed). Kvalitetskontor, Bl\u00e5 Engel. EN 1335 til kontorstole. GS-m\u00e6rke for testet sikkerhed, testet for sundhedsskadelige stoffer og ergonomi, BIFMA-godkendt.<\/p>\n<p><img loading=\"lazy\" decoding=\"async\" class=\"alignnone size-full wp-image-32454\" src=\"https:\/\/elj.se\/wp-content\/uploads\/2021\/09\/certifikationer.jpg\" alt=\"\" width=\"819\" height=\"79\" \/><\/p>\n\n\t\t<\/div>\n\t<\/div>\n<\/div><\/div><\/div><\/div>\n<\/div>","protected":false},"excerpt":{"rendered":"<p>PUREis3 er en fleksibel kontorstol designet til aktive brugere. Kontorstolen er fremstillet i hvidt net med et sort stofs\u00e6de med 100.000 martindale.<\/p>","protected":false},"featured_media":101237,"template":"","meta":{"iawp_total_views":16},"product_brand":[],"product_cat":[5791,5629,5826,5827,6349],"product_tag":[5793,5874,5875,5876],"class_list":{"0":"post-62883","1":"product","2":"type-product","3":"status-publish","4":"has-post-thumbnail","6":"product_cat-stolar","7":"product_cat-kontorsmobler","8":"product_cat-skrivbordsstolar","9":"product_cat-kontorsstolar","10":"product_cat-interstuhl","11":"product_tag-ergonomi","12":"product_tag-arbetsstol","13":"product_tag-kontorsstol","14":"product_tag-interstuhl","16":"first","17":"instock","18":"taxable","19":"shipping-taxable","20":"purchasable","21":"product-type-variable"},"yoast_head":"<!-- This site is optimized with the Yoast SEO plugin v27.0 - https:\/\/yoast.com\/product\/yoast-seo-wordpress\/ -->\n<title>PUREis3 \u2013 Den flexibla kontorsstolen - Bjerring-Sales<\/title>\n<meta name=\"description\" content=\"PUREis3 \u00e4r en flexibel kontorsstol designad f\u00f6r aktiva anv\u00e4ndare. Kontorsstolen lagerh\u00e5lls i svart eller vit mesh med svart tygsits med 100,000 martindales.\" \/>\n<meta name=\"robots\" content=\"index, follow, max-snippet:-1, max-image-preview:large, max-video-preview:-1\" \/>\n<link rel=\"canonical\" href=\"https:\/\/shop.bjerring-sales.dk\/da\/vare\/pureis3-den-flexibla-kontorsstolen\/\" \/>\n<meta property=\"og:locale\" content=\"da_DK\" \/>\n<meta property=\"og:type\" content=\"article\" \/>\n<meta property=\"og:title\" content=\"PUREis3 \u2013 Den flexibla kontorsstolen - Bjerring-Sales\" \/>\n<meta property=\"og:description\" content=\"PUREis3 \u00e4r en flexibel kontorsstol designad f\u00f6r aktiva anv\u00e4ndare. Kontorsstolen lagerh\u00e5lls i svart eller vit mesh med svart tygsits med 100,000 martindales.\" \/>\n<meta property=\"og:url\" content=\"https:\/\/shop.bjerring-sales.dk\/da\/vare\/pureis3-den-flexibla-kontorsstolen\/\" \/>\n<meta property=\"og:site_name\" content=\"Bjerring-Sales\" \/>\n<meta property=\"article:modified_time\" content=\"2026-02-19T13:55:46+00:00\" \/>\n<meta property=\"og:image\" content=\"https:\/\/shop.bjerring-sales.dk\/wp-content\/uploads\/2026\/02\/PureIS3_Mesh_vit_800x800.jpg\" \/>\n\t<meta property=\"og:image:width\" content=\"800\" \/>\n\t<meta property=\"og:image:height\" content=\"800\" \/>\n\t<meta property=\"og:image:type\" content=\"image\/jpeg\" \/>\n<meta name=\"twitter:card\" content=\"summary_large_image\" \/>\n<meta name=\"twitter:label1\" content=\"Estimeret l\u00e6setid\" \/>\n\t<meta name=\"twitter:data1\" content=\"2 minutter\" \/>\n<script type=\"application\/ld+json\" class=\"yoast-schema-graph\">{\"@context\":\"https:\/\/schema.org\",\"@graph\":[{\"@type\":\"WebPage\",\"@id\":\"https:\/\/shop.bjerring-sales.dk\/sv\/produkt\/pureis3-den-flexibla-kontorsstolen\/\",\"url\":\"https:\/\/shop.bjerring-sales.dk\/sv\/produkt\/pureis3-den-flexibla-kontorsstolen\/\",\"name\":\"PUREis3 \u2013 Den flexibla kontorsstolen - Bjerring-Sales\",\"isPartOf\":{\"@id\":\"https:\/\/shop.bjerring-sales.dk\/#website\"},\"primaryImageOfPage\":{\"@id\":\"https:\/\/shop.bjerring-sales.dk\/sv\/produkt\/pureis3-den-flexibla-kontorsstolen\/#primaryimage\"},\"image\":{\"@id\":\"https:\/\/shop.bjerring-sales.dk\/sv\/produkt\/pureis3-den-flexibla-kontorsstolen\/#primaryimage\"},\"thumbnailUrl\":\"https:\/\/shop.bjerring-sales.dk\/wp-content\/uploads\/2026\/02\/PureIS3_Mesh_vit_800x800.jpg\",\"datePublished\":\"2021-09-12T21:10:14+00:00\",\"dateModified\":\"2026-02-19T13:55:46+00:00\",\"description\":\"PUREis3 \u00e4r en flexibel kontorsstol designad f\u00f6r aktiva anv\u00e4ndare. Kontorsstolen lagerh\u00e5lls i svart eller vit mesh med svart tygsits med 100,000 martindales.\",\"breadcrumb\":{\"@id\":\"https:\/\/shop.bjerring-sales.dk\/sv\/produkt\/pureis3-den-flexibla-kontorsstolen\/#breadcrumb\"},\"inLanguage\":\"da-DK\",\"potentialAction\":[{\"@type\":\"ReadAction\",\"target\":[\"https:\/\/shop.bjerring-sales.dk\/sv\/produkt\/pureis3-den-flexibla-kontorsstolen\/\"]}]},{\"@type\":\"ImageObject\",\"inLanguage\":\"da-DK\",\"@id\":\"https:\/\/shop.bjerring-sales.dk\/sv\/produkt\/pureis3-den-flexibla-kontorsstolen\/#primaryimage\",\"url\":\"https:\/\/shop.bjerring-sales.dk\/wp-content\/uploads\/2026\/02\/PureIS3_Mesh_vit_800x800.jpg\",\"contentUrl\":\"https:\/\/shop.bjerring-sales.dk\/wp-content\/uploads\/2026\/02\/PureIS3_Mesh_vit_800x800.jpg\",\"width\":800,\"height\":800},{\"@type\":\"BreadcrumbList\",\"@id\":\"https:\/\/shop.bjerring-sales.dk\/sv\/produkt\/pureis3-den-flexibla-kontorsstolen\/#breadcrumb\",\"itemListElement\":[{\"@type\":\"ListItem\",\"position\":1,\"name\":\"Hem\",\"item\":\"https:\/\/shop.bjerring-sales.dk\/\"},{\"@type\":\"ListItem\",\"position\":2,\"name\":\"Webbutik\",\"item\":\"https:\/\/shop.bjerring-sales.dk\/butik\/\"},{\"@type\":\"ListItem\",\"position\":3,\"name\":\"PUREis3 \u2013 Den flexibla kontorsstolen\"}]},{\"@type\":\"WebSite\",\"@id\":\"https:\/\/shop.bjerring-sales.dk\/#website\",\"url\":\"https:\/\/shop.bjerring-sales.dk\/\",\"name\":\"Bjerring-Sales\",\"description\":\"M\u00f6bler f\u00f6r teatrar, skolor, kontor och k\u00f6pcentrum\",\"publisher\":{\"@id\":\"https:\/\/shop.bjerring-sales.dk\/#organization\"},\"potentialAction\":[{\"@type\":\"SearchAction\",\"target\":{\"@type\":\"EntryPoint\",\"urlTemplate\":\"https:\/\/shop.bjerring-sales.dk\/?s={search_term_string}\"},\"query-input\":{\"@type\":\"PropertyValueSpecification\",\"valueRequired\":true,\"valueName\":\"search_term_string\"}}],\"inLanguage\":\"da-DK\"},{\"@type\":\"Organization\",\"@id\":\"https:\/\/shop.bjerring-sales.dk\/#organization\",\"name\":\"Bjerring-Sales\",\"url\":\"https:\/\/shop.bjerring-sales.dk\/\",\"logo\":{\"@type\":\"ImageObject\",\"inLanguage\":\"da-DK\",\"@id\":\"https:\/\/shop.bjerring-sales.dk\/#\/schema\/logo\/image\/\",\"url\":\"https:\/\/shop.bjerring-sales.dk\/wp-content\/uploads\/2023\/01\/logo_sv.png\",\"contentUrl\":\"https:\/\/shop.bjerring-sales.dk\/wp-content\/uploads\/2023\/01\/logo_sv.png\",\"width\":195,\"height\":68,\"caption\":\"Bjerring-Sales\"},\"image\":{\"@id\":\"https:\/\/shop.bjerring-sales.dk\/#\/schema\/logo\/image\/\"}}]}<\/script>\n<!-- \/ Yoast SEO plugin. -->","yoast_head_json":{"title":"PUREis3 \u2013 Den flexibla kontorsstolen - Bjerring-Sales","description":"PUREis3 er en fleksibel kontorstol designet til den aktive brugere. Kontorstolen er lagerf\u00f8rt i sort eller hvid mesh med sort stofs\u00e6de med 100.000 martindale. Den er meget slidst\u00e6rk.","robots":{"index":"index","follow":"follow","max-snippet":"max-snippet:-1","max-image-preview":"max-image-preview:large","max-video-preview":"max-video-preview:-1"},"canonical":"https:\/\/shop.bjerring-sales.dk\/da\/vare\/pureis3-den-flexibla-kontorsstolen\/","og_locale":"da_DK","og_type":"article","og_title":"PUREis3 \u2013 Den flexibla kontorsstolen - Bjerring-Sales","og_description":"PUREis3 \u00e4r en flexibel kontorsstol designad f\u00f6r aktiva anv\u00e4ndare. Kontorsstolen lagerh\u00e5lls i svart eller vit mesh med svart tygsits med 100,000 martindales.","og_url":"https:\/\/shop.bjerring-sales.dk\/da\/vare\/pureis3-den-flexibla-kontorsstolen\/","og_site_name":"Bjerring-Sales","article_modified_time":"2026-02-19T13:55:46+00:00","og_image":[{"width":800,"height":800,"url":"https:\/\/shop.bjerring-sales.dk\/wp-content\/uploads\/2026\/02\/PureIS3_Mesh_vit_800x800.jpg","type":"image\/jpeg"}],"twitter_card":"summary_large_image","twitter_misc":{"Estimeret l\u00e6setid":"2 minutter"},"schema":{"@context":"https:\/\/schema.org","@graph":[{"@type":"WebPage","@id":"https:\/\/shop.bjerring-sales.dk\/sv\/produkt\/pureis3-den-flexibla-kontorsstolen\/","url":"https:\/\/shop.bjerring-sales.dk\/sv\/produkt\/pureis3-den-flexibla-kontorsstolen\/","name":"PUREis3 \u2013 Den flexibla kontorsstolen - Bjerring-Sales","isPartOf":{"@id":"https:\/\/shop.bjerring-sales.dk\/#website"},"primaryImageOfPage":{"@id":"https:\/\/shop.bjerring-sales.dk\/sv\/produkt\/pureis3-den-flexibla-kontorsstolen\/#primaryimage"},"image":{"@id":"https:\/\/shop.bjerring-sales.dk\/sv\/produkt\/pureis3-den-flexibla-kontorsstolen\/#primaryimage"},"thumbnailUrl":"https:\/\/shop.bjerring-sales.dk\/wp-content\/uploads\/2026\/02\/PureIS3_Mesh_vit_800x800.jpg","datePublished":"2021-09-12T21:10:14+00:00","dateModified":"2026-02-19T13:55:46+00:00","description":"PUREis3 er en fleksibel kontorstol designet til den aktive brugere. Kontorstolen er lagerf\u00f8rt i sort eller hvid mesh med sort stofs\u00e6de med 100.000 martindale. Den er meget slidst\u00e6rk.","breadcrumb":{"@id":"https:\/\/shop.bjerring-sales.dk\/sv\/produkt\/pureis3-den-flexibla-kontorsstolen\/#breadcrumb"},"inLanguage":"da-DK","potentialAction":[{"@type":"ReadAction","target":["https:\/\/shop.bjerring-sales.dk\/sv\/produkt\/pureis3-den-flexibla-kontorsstolen\/"]}]},{"@type":"ImageObject","inLanguage":"da-DK","@id":"https:\/\/shop.bjerring-sales.dk\/sv\/produkt\/pureis3-den-flexibla-kontorsstolen\/#primaryimage","url":"https:\/\/shop.bjerring-sales.dk\/wp-content\/uploads\/2026\/02\/PureIS3_Mesh_vit_800x800.jpg","contentUrl":"https:\/\/shop.bjerring-sales.dk\/wp-content\/uploads\/2026\/02\/PureIS3_Mesh_vit_800x800.jpg","width":800,"height":800},{"@type":"BreadcrumbList","@id":"https:\/\/shop.bjerring-sales.dk\/sv\/produkt\/pureis3-den-flexibla-kontorsstolen\/#breadcrumb","itemListElement":[{"@type":"ListItem","position":1,"name":"Hem","item":"https:\/\/shop.bjerring-sales.dk\/"},{"@type":"ListItem","position":2,"name":"Webbutik","item":"https:\/\/shop.bjerring-sales.dk\/butik\/"},{"@type":"ListItem","position":3,"name":"PUREis3 \u2013 Den flexibla kontorsstolen"}]},{"@type":"WebSite","@id":"https:\/\/shop.bjerring-sales.dk\/#website","url":"https:\/\/shop.bjerring-sales.dk\/","name":"Bjerring-Salg","description":"M\u00f8bler til teatre, skoler, kontorer og indk\u00f8bscentre","publisher":{"@id":"https:\/\/shop.bjerring-sales.dk\/#organization"},"potentialAction":[{"@type":"SearchAction","target":{"@type":"EntryPoint","urlTemplate":"https:\/\/shop.bjerring-sales.dk\/?s={search_term_string}"},"query-input":{"@type":"PropertyValueSpecification","valueRequired":true,"valueName":"search_term_string"}}],"inLanguage":"da-DK"},{"@type":"Organization","@id":"https:\/\/shop.bjerring-sales.dk\/#organization","name":"Bjerring-Salg","url":"https:\/\/shop.bjerring-sales.dk\/","logo":{"@type":"ImageObject","inLanguage":"da-DK","@id":"https:\/\/shop.bjerring-sales.dk\/#\/schema\/logo\/image\/","url":"https:\/\/shop.bjerring-sales.dk\/wp-content\/uploads\/2023\/01\/logo_sv.png","contentUrl":"https:\/\/shop.bjerring-sales.dk\/wp-content\/uploads\/2023\/01\/logo_sv.png","width":195,"height":68,"caption":"Bjerring-Sales"},"image":{"@id":"https:\/\/shop.bjerring-sales.dk\/#\/schema\/logo\/image\/"}}]}},"_links":{"self":[{"href":"https:\/\/shop.bjerring-sales.dk\/da\/wp-json\/wp\/v2\/product\/62883","targetHints":{"allow":["GET"]}}],"collection":[{"href":"https:\/\/shop.bjerring-sales.dk\/da\/wp-json\/wp\/v2\/product"}],"about":[{"href":"https:\/\/shop.bjerring-sales.dk\/da\/wp-json\/wp\/v2\/types\/product"}],"wp:featuredmedia":[{"embeddable":true,"href":"https:\/\/shop.bjerring-sales.dk\/da\/wp-json\/wp\/v2\/media\/101237"}],"wp:attachment":[{"href":"https:\/\/shop.bjerring-sales.dk\/da\/wp-json\/wp\/v2\/media?parent=62883"}],"wp:term":[{"taxonomy":"product_brand","embeddable":true,"href":"https:\/\/shop.bjerring-sales.dk\/da\/wp-json\/wp\/v2\/product_brand?post=62883"},{"taxonomy":"product_cat","embeddable":true,"href":"https:\/\/shop.bjerring-sales.dk\/da\/wp-json\/wp\/v2\/product_cat?post=62883"},{"taxonomy":"product_tag","embeddable":true,"href":"https:\/\/shop.bjerring-sales.dk\/da\/wp-json\/wp\/v2\/product_tag?post=62883"}],"curies":[{"name":"wp","href":"https:\/\/api.w.org\/{rel}","templated":true}]}}