{"id":62881,"date":"2017-09-18T13:39:14","date_gmt":"2017-09-18T11:39:14","guid":{"rendered":"https:\/\/pule.se\/produkt\/vagn-smart\/"},"modified":"2024-05-29T13:18:26","modified_gmt":"2024-05-29T11:18:26","slug":"vagn-smart","status":"publish","type":"product","link":"https:\/\/shop.bjerring-sales.dk\/da\/vare\/vagn-smart\/","title":{"rendered":"Vogn - Smart"},"content":{"rendered":"<div class=\"wpb-content-wrapper\"><div class=\"vc_row wpb_row vc_row-fluid\"><div class=\"wpb_column vc_column_container vc_col-sm-12\"><div class=\"vc_column-inner\"><div class=\"wpb_wrapper\">\n\t<div class=\"wpb_text_column wpb_content_element\" >\n\t\t<div class=\"wpb_wrapper\">\n\t\t\t<p><span style=\"font-size: 24pt;\">Opbevar og flyt nemt dine sammenklappelige Smart-stole!<br \/>\n<\/span>Optimer h\u00e5ndteringen af den sammenkoblelige og sammenfoldelige Smart stol sammen med vores h\u00f8jkvalitets stolevogn. Den er designet til at g\u00f8re transport og opbevaring lettere, hvilket g\u00f8r den til det ideelle valg til konferencer, messer, tr\u00e6ninger og andre begivenheder, hvor antallet af stole varierer.<\/p>\n\n\t\t<\/div>\n\t<\/div>\n<\/div><\/div><\/div><\/div><div class=\"vc_row wpb_row vc_row-fluid\"><div class=\"wpb_column vc_column_container vc_col-sm-4\"><div class=\"vc_column-inner\"><div class=\"wpb_wrapper\">\n\t<div  class=\"wpb_single_image wpb_content_element vc_align_center\">\n\t\t\n\t\t<figure class=\"wpb_wrapper vc_figure\">\n\t\t\t<div class=\"vc_single_image-wrapper vc_box_shadow_border  vc_box_border_grey\"><img loading=\"lazy\" decoding=\"async\" width=\"800\" height=\"800\" src=\"https:\/\/shop.bjerring-sales.dk\/wp-content\/uploads\/2017\/09\/Aruba-Set-2-1.jpg\" class=\"vc_single_image-img attachment-full\" alt=\"\" title=\"Aruba-Set-2-1\" srcset=\"https:\/\/shop.bjerring-sales.dk\/wp-content\/uploads\/2017\/09\/Aruba-Set-2-1.jpg 800w, https:\/\/shop.bjerring-sales.dk\/wp-content\/uploads\/2017\/09\/Aruba-Set-2-1-300x300.jpg 300w, https:\/\/shop.bjerring-sales.dk\/wp-content\/uploads\/2017\/09\/Aruba-Set-2-1-150x150.jpg 150w, https:\/\/shop.bjerring-sales.dk\/wp-content\/uploads\/2017\/09\/Aruba-Set-2-1-600x600.jpg 600w, https:\/\/shop.bjerring-sales.dk\/wp-content\/uploads\/2017\/09\/Aruba-Set-2-1-768x768.jpg 768w, https:\/\/shop.bjerring-sales.dk\/wp-content\/uploads\/2017\/09\/Aruba-Set-2-1-12x12.jpg 12w\" sizes=\"auto, (max-width: 800px) 100vw, 800px\" \/><\/div>\n\t\t<\/figure>\n\t<\/div>\n<\/div><\/div><\/div><div class=\"wpb_column vc_column_container vc_col-sm-4\"><div class=\"vc_column-inner\"><div class=\"wpb_wrapper\">\n\t<div  class=\"wpb_single_image wpb_content_element vc_align_center\">\n\t\t\n\t\t<figure class=\"wpb_wrapper vc_figure\">\n\t\t\t<div class=\"vc_single_image-wrapper vc_box_shadow_border  vc_box_border_grey\"><img loading=\"lazy\" decoding=\"async\" width=\"800\" height=\"800\" src=\"https:\/\/shop.bjerring-sales.dk\/wp-content\/uploads\/2017\/09\/Aruba-Set_Balcony.jpg\" class=\"vc_single_image-img attachment-full\" alt=\"\" title=\"Aruba-Set_Altan\" srcset=\"https:\/\/shop.bjerring-sales.dk\/wp-content\/uploads\/2017\/09\/Aruba-Set_Balcony.jpg 800w, https:\/\/shop.bjerring-sales.dk\/wp-content\/uploads\/2017\/09\/Aruba-Set_Balcony-300x300.jpg 300w, https:\/\/shop.bjerring-sales.dk\/wp-content\/uploads\/2017\/09\/Aruba-Set_Balcony-150x150.jpg 150w, https:\/\/shop.bjerring-sales.dk\/wp-content\/uploads\/2017\/09\/Aruba-Set_Balcony-600x600.jpg 600w, https:\/\/shop.bjerring-sales.dk\/wp-content\/uploads\/2017\/09\/Aruba-Set_Balcony-768x768.jpg 768w, https:\/\/shop.bjerring-sales.dk\/wp-content\/uploads\/2017\/09\/Aruba-Set_Balcony-12x12.jpg 12w\" sizes=\"auto, (max-width: 800px) 100vw, 800px\" \/><\/div>\n\t\t<\/figure>\n\t<\/div>\n<\/div><\/div><\/div><div class=\"wpb_column vc_column_container vc_col-sm-4\"><div class=\"vc_column-inner\"><div class=\"wpb_wrapper\">\n\t<div  class=\"wpb_single_image wpb_content_element vc_align_center\">\n\t\t\n\t\t<figure class=\"wpb_wrapper vc_figure\">\n\t\t\t<div class=\"vc_single_image-wrapper vc_box_shadow_border  vc_box_border_grey\"><img loading=\"lazy\" decoding=\"async\" width=\"800\" height=\"800\" src=\"https:\/\/shop.bjerring-sales.dk\/wp-content\/uploads\/2017\/09\/14.jpg\" class=\"vc_single_image-img attachment-full\" alt=\"\" title=\"14\" srcset=\"https:\/\/shop.bjerring-sales.dk\/wp-content\/uploads\/2017\/09\/14.jpg 800w, https:\/\/shop.bjerring-sales.dk\/wp-content\/uploads\/2017\/09\/14-300x300.jpg 300w, https:\/\/shop.bjerring-sales.dk\/wp-content\/uploads\/2017\/09\/14-150x150.jpg 150w, https:\/\/shop.bjerring-sales.dk\/wp-content\/uploads\/2017\/09\/14-600x600.jpg 600w, https:\/\/shop.bjerring-sales.dk\/wp-content\/uploads\/2017\/09\/14-768x768.jpg 768w, https:\/\/shop.bjerring-sales.dk\/wp-content\/uploads\/2017\/09\/14-12x12.jpg 12w\" sizes=\"auto, (max-width: 800px) 100vw, 800px\" \/><\/div>\n\t\t<\/figure>\n\t<\/div>\n<\/div><\/div><\/div><\/div><div class=\"vc_row wpb_row vc_row-fluid\"><div class=\"wpb_column vc_column_container vc_col-sm-6\"><div class=\"vc_column-inner\"><div class=\"wpb_wrapper\">\n\t<div class=\"wpb_text_column wpb_content_element\" >\n\t\t<div class=\"wpb_wrapper\">\n\t\t\t<p><span style=\"font-size: 18pt;\">Anvendelsesomr\u00e5de<br \/>\n<\/span>Stolevognen kan bruges b\u00e5de indend\u00f8rs og udend\u00f8rs for \u00f8get fleksibilitet ved forskellige lejligheder. En praktisk l\u00f8sning til at forenkle personalets arbejde ved h\u00e5ndtering af stole. Vognen har en imponerende kapacitet og kan rumme op til 50 Smart-stole. Udnyt vognen til hurtigt og nemt at transportere og opbevare et betydeligt antal stole.<\/p>\n<p><span style=\"font-size: 18pt;\">Specifikationer<\/span><\/p>\n<ul>\n<li>Fremstillet af h\u00f8jkvalitets elektrogalvaniseret st\u00e5l for \u00f8get holdbarhed og lang levetid<\/li>\n<li>En robust og p\u00e5lidelig vogn, der kan klare de krav, der f\u00f8lger med transport og opbevaring<\/li>\n<li>Plads til op til 50 Smart-stole<\/li>\n<\/ul>\n<p><span style=\"font-size: 18pt;\">Overordnede m\u00e5l<\/span><\/p>\n<ul>\n<li>L\u00e6ngde: 1060 mm<\/li>\n<li>Bredde: 480 mm<\/li>\n<li>H\u00f8jde: 1700 mm<\/li>\n<\/ul>\n\n\t\t<\/div>\n\t<\/div>\n<\/div><\/div><\/div><div class=\"wpb_column vc_column_container vc_col-sm-6\"><div class=\"vc_column-inner\"><div class=\"wpb_wrapper\">\n\t<div class=\"wpb_text_column wpb_content_element\" >\n\t\t<div class=\"wpb_wrapper\">\n\t\t\t<p><span style=\"font-size: 18pt;\">Stand dimensioner<\/span><\/p>\n<ul>\n<li>L\u00e6ngde: 930 mm<\/li>\n<li>Bredde: 500 mm<\/li>\n<li>H\u00f8jde: 1500 mm<\/li>\n<li>Indvendige m\u00e5l af r\u00f8rende: 420 mm<\/li>\n<li>Bagvinkeljern: 460 mm<\/li>\n<\/ul>\n<p><span style=\"font-size: 18pt;\">V\u00e6gt<\/span><\/p>\n<ul>\n<li>V\u00e6gt: 21 kg<\/li>\n<\/ul>\n\n\t\t<\/div>\n\t<\/div>\n<\/div><\/div><\/div><\/div>\n<\/div>","protected":false},"excerpt":{"rendered":"<p>En fleksibel vogn til opbevaring og flytning af tilslutning og sammenfoldning af Smart-stole. Velegnet til arrangementer, foredrag og konferencer, hvor antallet af stole varierer. Kan bruges b\u00e5de til indend\u00f8rs og udend\u00f8rs brug. T\u00e6nk p\u00e5 dit personale, brug gode stolevogne!<\/p>","protected":false},"featured_media":95031,"template":"","meta":{"iawp_total_views":2},"product_brand":[],"product_cat":[5879,5878],"product_tag":[6232,6235,6238],"class_list":{"0":"post-62881","1":"product","2":"type-product","3":"status-publish","4":"has-post-thumbnail","6":"product_cat-stolsvagnar","7":"product_cat-vagnar","8":"product_tag-stolsvagn","9":"product_tag-vagn-till-fallbara-stolar","10":"product_tag-vagn-smart","12":"first","13":"instock","14":"taxable","15":"shipping-taxable","16":"purchasable","17":"product-type-simple"},"yoast_head":"<!-- This site is optimized with the Yoast SEO plugin v27.0 - https:\/\/yoast.com\/product\/yoast-seo-wordpress\/ -->\n<title>Vagn Smart - Bjerring-Sales<\/title>\n<meta name=\"description\" content=\"En smidig vagn f\u00f6r f\u00f6rvaring och f\u00f6rflyttning av kopplings- och f\u00e4llbara Smartstolar. Passar f\u00f6r event, f\u00f6rel\u00e4sningar och konferenser d\u00e4r antalet stolar variera.\" \/>\n<meta name=\"robots\" content=\"index, follow, max-snippet:-1, max-image-preview:large, max-video-preview:-1\" \/>\n<link rel=\"canonical\" href=\"https:\/\/shop.bjerring-sales.dk\/da\/product\/vagn-smart\/\" \/>\n<meta property=\"og:locale\" content=\"da_DK\" \/>\n<meta property=\"og:type\" content=\"article\" \/>\n<meta property=\"og:title\" content=\"Vagn Smart - Bjerring-Sales\" \/>\n<meta property=\"og:description\" content=\"En smidig vagn f\u00f6r f\u00f6rvaring och f\u00f6rflyttning av kopplings- och f\u00e4llbara Smartstolar. Passar f\u00f6r event, f\u00f6rel\u00e4sningar och konferenser d\u00e4r antalet stolar variera.\" \/>\n<meta property=\"og:url\" content=\"https:\/\/shop.bjerring-sales.dk\/da\/product\/vagn-smart\/\" \/>\n<meta property=\"og:site_name\" content=\"Bjerring-Sales\" \/>\n<meta property=\"article:modified_time\" content=\"2024-05-29T11:18:26+00:00\" \/>\n<meta property=\"og:image\" content=\"https:\/\/shop.bjerring-sales.dk\/wp-content\/uploads\/2024\/01\/webb-eljvagnsmart.jpg\" \/>\n\t<meta property=\"og:image:width\" content=\"800\" \/>\n\t<meta property=\"og:image:height\" content=\"800\" \/>\n\t<meta property=\"og:image:type\" content=\"image\/jpeg\" \/>\n<meta name=\"twitter:card\" content=\"summary_large_image\" \/>\n<meta name=\"twitter:label1\" content=\"Estimeret l\u00e6setid\" \/>\n\t<meta name=\"twitter:data1\" content=\"2 minutter\" \/>\n<script type=\"application\/ld+json\" class=\"yoast-schema-graph\">{\"@context\":\"https:\/\/schema.org\",\"@graph\":[{\"@type\":\"WebPage\",\"@id\":\"https:\/\/shop.bjerring-sales.dk\/product\/vagn-smart\/\",\"url\":\"https:\/\/shop.bjerring-sales.dk\/product\/vagn-smart\/\",\"name\":\"Vagn Smart - Bjerring-Sales\",\"isPartOf\":{\"@id\":\"https:\/\/shop.bjerring-sales.dk\/#website\"},\"primaryImageOfPage\":{\"@id\":\"https:\/\/shop.bjerring-sales.dk\/product\/vagn-smart\/#primaryimage\"},\"image\":{\"@id\":\"https:\/\/shop.bjerring-sales.dk\/product\/vagn-smart\/#primaryimage\"},\"thumbnailUrl\":\"https:\/\/shop.bjerring-sales.dk\/wp-content\/uploads\/2024\/01\/webb-eljvagnsmart.jpg\",\"datePublished\":\"2017-09-18T11:39:14+00:00\",\"dateModified\":\"2024-05-29T11:18:26+00:00\",\"description\":\"En smidig vagn f\u00f6r f\u00f6rvaring och f\u00f6rflyttning av kopplings- och f\u00e4llbara Smartstolar. Passar f\u00f6r event, f\u00f6rel\u00e4sningar och konferenser d\u00e4r antalet stolar variera.\",\"breadcrumb\":{\"@id\":\"https:\/\/shop.bjerring-sales.dk\/product\/vagn-smart\/#breadcrumb\"},\"inLanguage\":\"da-DK\",\"potentialAction\":[{\"@type\":\"ReadAction\",\"target\":[\"https:\/\/shop.bjerring-sales.dk\/product\/vagn-smart\/\"]}]},{\"@type\":\"ImageObject\",\"inLanguage\":\"da-DK\",\"@id\":\"https:\/\/shop.bjerring-sales.dk\/product\/vagn-smart\/#primaryimage\",\"url\":\"https:\/\/shop.bjerring-sales.dk\/wp-content\/uploads\/2024\/01\/webb-eljvagnsmart.jpg\",\"contentUrl\":\"https:\/\/shop.bjerring-sales.dk\/wp-content\/uploads\/2024\/01\/webb-eljvagnsmart.jpg\",\"width\":800,\"height\":800},{\"@type\":\"BreadcrumbList\",\"@id\":\"https:\/\/shop.bjerring-sales.dk\/product\/vagn-smart\/#breadcrumb\",\"itemListElement\":[{\"@type\":\"ListItem\",\"position\":1,\"name\":\"Hem\",\"item\":\"https:\/\/shop.bjerring-sales.dk\/\"},{\"@type\":\"ListItem\",\"position\":2,\"name\":\"Webbutik\",\"item\":\"https:\/\/shop.bjerring-sales.dk\/butik\/\"},{\"@type\":\"ListItem\",\"position\":3,\"name\":\"Vagn Smart\"}]},{\"@type\":\"WebSite\",\"@id\":\"https:\/\/shop.bjerring-sales.dk\/#website\",\"url\":\"https:\/\/shop.bjerring-sales.dk\/\",\"name\":\"Bjerring-Sales\",\"description\":\"M\u00f6bler f\u00f6r teatrar, skolor, kontor och k\u00f6pcentrum\",\"publisher\":{\"@id\":\"https:\/\/shop.bjerring-sales.dk\/#organization\"},\"potentialAction\":[{\"@type\":\"SearchAction\",\"target\":{\"@type\":\"EntryPoint\",\"urlTemplate\":\"https:\/\/shop.bjerring-sales.dk\/?s={search_term_string}\"},\"query-input\":{\"@type\":\"PropertyValueSpecification\",\"valueRequired\":true,\"valueName\":\"search_term_string\"}}],\"inLanguage\":\"da-DK\"},{\"@type\":\"Organization\",\"@id\":\"https:\/\/shop.bjerring-sales.dk\/#organization\",\"name\":\"Bjerring-Sales\",\"url\":\"https:\/\/shop.bjerring-sales.dk\/\",\"logo\":{\"@type\":\"ImageObject\",\"inLanguage\":\"da-DK\",\"@id\":\"https:\/\/shop.bjerring-sales.dk\/#\/schema\/logo\/image\/\",\"url\":\"https:\/\/shop.bjerring-sales.dk\/wp-content\/uploads\/2023\/01\/logo_sv.png\",\"contentUrl\":\"https:\/\/shop.bjerring-sales.dk\/wp-content\/uploads\/2023\/01\/logo_sv.png\",\"width\":195,\"height\":68,\"caption\":\"Bjerring-Sales\"},\"image\":{\"@id\":\"https:\/\/shop.bjerring-sales.dk\/#\/schema\/logo\/image\/\"}}]}<\/script>\n<!-- \/ Yoast SEO plugin. -->","yoast_head_json":{"title":"Vagn Smart - Bjerring-Sales","description":"En smidig vagn f\u00f6r f\u00f6rvaring och f\u00f6rflyttning av kopplings- och f\u00e4llbara Smartstolar. Passar f\u00f6r event, f\u00f6rel\u00e4sningar och konferenser d\u00e4r antalet stolar variera.","robots":{"index":"index","follow":"follow","max-snippet":"max-snippet:-1","max-image-preview":"max-image-preview:large","max-video-preview":"max-video-preview:-1"},"canonical":"https:\/\/shop.bjerring-sales.dk\/da\/product\/vagn-smart\/","og_locale":"da_DK","og_type":"article","og_title":"Vagn Smart - Bjerring-Sales","og_description":"En smidig vagn f\u00f6r f\u00f6rvaring och f\u00f6rflyttning av kopplings- och f\u00e4llbara Smartstolar. Passar f\u00f6r event, f\u00f6rel\u00e4sningar och konferenser d\u00e4r antalet stolar variera.","og_url":"https:\/\/shop.bjerring-sales.dk\/da\/product\/vagn-smart\/","og_site_name":"Bjerring-Sales","article_modified_time":"2024-05-29T11:18:26+00:00","og_image":[{"width":800,"height":800,"url":"https:\/\/shop.bjerring-sales.dk\/wp-content\/uploads\/2024\/01\/webb-eljvagnsmart.jpg","type":"image\/jpeg"}],"twitter_card":"summary_large_image","twitter_misc":{"Estimeret l\u00e6setid":"2 minutter"},"schema":{"@context":"https:\/\/schema.org","@graph":[{"@type":"WebPage","@id":"https:\/\/shop.bjerring-sales.dk\/product\/vagn-smart\/","url":"https:\/\/shop.bjerring-sales.dk\/product\/vagn-smart\/","name":"Vagn Smart - Bjerring-Sales","isPartOf":{"@id":"https:\/\/shop.bjerring-sales.dk\/#website"},"primaryImageOfPage":{"@id":"https:\/\/shop.bjerring-sales.dk\/product\/vagn-smart\/#primaryimage"},"image":{"@id":"https:\/\/shop.bjerring-sales.dk\/product\/vagn-smart\/#primaryimage"},"thumbnailUrl":"https:\/\/shop.bjerring-sales.dk\/wp-content\/uploads\/2024\/01\/webb-eljvagnsmart.jpg","datePublished":"2017-09-18T11:39:14+00:00","dateModified":"2024-05-29T11:18:26+00:00","description":"En smidig vagn f\u00f6r f\u00f6rvaring och f\u00f6rflyttning av kopplings- och f\u00e4llbara Smartstolar. Passar f\u00f6r event, f\u00f6rel\u00e4sningar och konferenser d\u00e4r antalet stolar variera.","breadcrumb":{"@id":"https:\/\/shop.bjerring-sales.dk\/product\/vagn-smart\/#breadcrumb"},"inLanguage":"da-DK","potentialAction":[{"@type":"ReadAction","target":["https:\/\/shop.bjerring-sales.dk\/product\/vagn-smart\/"]}]},{"@type":"ImageObject","inLanguage":"da-DK","@id":"https:\/\/shop.bjerring-sales.dk\/product\/vagn-smart\/#primaryimage","url":"https:\/\/shop.bjerring-sales.dk\/wp-content\/uploads\/2024\/01\/webb-eljvagnsmart.jpg","contentUrl":"https:\/\/shop.bjerring-sales.dk\/wp-content\/uploads\/2024\/01\/webb-eljvagnsmart.jpg","width":800,"height":800},{"@type":"BreadcrumbList","@id":"https:\/\/shop.bjerring-sales.dk\/product\/vagn-smart\/#breadcrumb","itemListElement":[{"@type":"ListItem","position":1,"name":"Hem","item":"https:\/\/shop.bjerring-sales.dk\/"},{"@type":"ListItem","position":2,"name":"Webbutik","item":"https:\/\/shop.bjerring-sales.dk\/butik\/"},{"@type":"ListItem","position":3,"name":"Vagn Smart"}]},{"@type":"WebSite","@id":"https:\/\/shop.bjerring-sales.dk\/#website","url":"https:\/\/shop.bjerring-sales.dk\/","name":"Bjerring-Salg","description":"M\u00f8bler til teatre, skoler, kontorer og indk\u00f8bscentre","publisher":{"@id":"https:\/\/shop.bjerring-sales.dk\/#organization"},"potentialAction":[{"@type":"SearchAction","target":{"@type":"EntryPoint","urlTemplate":"https:\/\/shop.bjerring-sales.dk\/?s={search_term_string}"},"query-input":{"@type":"PropertyValueSpecification","valueRequired":true,"valueName":"search_term_string"}}],"inLanguage":"da-DK"},{"@type":"Organization","@id":"https:\/\/shop.bjerring-sales.dk\/#organization","name":"Bjerring-Salg","url":"https:\/\/shop.bjerring-sales.dk\/","logo":{"@type":"ImageObject","inLanguage":"da-DK","@id":"https:\/\/shop.bjerring-sales.dk\/#\/schema\/logo\/image\/","url":"https:\/\/shop.bjerring-sales.dk\/wp-content\/uploads\/2023\/01\/logo_sv.png","contentUrl":"https:\/\/shop.bjerring-sales.dk\/wp-content\/uploads\/2023\/01\/logo_sv.png","width":195,"height":68,"caption":"Bjerring-Sales"},"image":{"@id":"https:\/\/shop.bjerring-sales.dk\/#\/schema\/logo\/image\/"}}]}},"_links":{"self":[{"href":"https:\/\/shop.bjerring-sales.dk\/da\/wp-json\/wp\/v2\/product\/62881","targetHints":{"allow":["GET"]}}],"collection":[{"href":"https:\/\/shop.bjerring-sales.dk\/da\/wp-json\/wp\/v2\/product"}],"about":[{"href":"https:\/\/shop.bjerring-sales.dk\/da\/wp-json\/wp\/v2\/types\/product"}],"wp:featuredmedia":[{"embeddable":true,"href":"https:\/\/shop.bjerring-sales.dk\/da\/wp-json\/wp\/v2\/media\/95031"}],"wp:attachment":[{"href":"https:\/\/shop.bjerring-sales.dk\/da\/wp-json\/wp\/v2\/media?parent=62881"}],"wp:term":[{"taxonomy":"product_brand","embeddable":true,"href":"https:\/\/shop.bjerring-sales.dk\/da\/wp-json\/wp\/v2\/product_brand?post=62881"},{"taxonomy":"product_cat","embeddable":true,"href":"https:\/\/shop.bjerring-sales.dk\/da\/wp-json\/wp\/v2\/product_cat?post=62881"},{"taxonomy":"product_tag","embeddable":true,"href":"https:\/\/shop.bjerring-sales.dk\/da\/wp-json\/wp\/v2\/product_tag?post=62881"}],"curies":[{"name":"wp","href":"https:\/\/api.w.org\/{rel}","templated":true}]}}