{"id":62847,"date":"2018-02-04T00:22:04","date_gmt":"2018-02-03T23:22:04","guid":{"rendered":"https:\/\/pule.se\/produkt\/examen\/"},"modified":"2025-12-19T12:35:39","modified_gmt":"2025-12-19T11:35:39","slug":"examen","status":"publish","type":"product","link":"https:\/\/shop.bjerring-sales.dk\/da\/vare\/examen\/","title":{"rendered":"Examen"},"content":{"rendered":"<p><span style=\"font-size: 24pt\">Til konferencer og andre milj\u00f8er, der kr\u00e6ver mulighed for at kunne sidde fra hinanden<br \/>\n<\/span>Examen-bordet er et stabilt, robust og foldbart bord, der er blevet en bestseller til skoler til eksamen og eksamen. Bordet er ogs\u00e5 perfekt til konferencer og andre milj\u00f8er, der kr\u00e6ver mulighed for at kunne sidde fra hinanden. Bordstellet er en solid folde st\u00e5lkonstruktion, som lige nu f\u00e5s i 3 forskellige farver. Vi lagerf\u00f8rer bordet i 1 standardst\u00f8rrelse med 4 forskellige bordplademuligheder.<\/p>\n<ul>\n<li>Bordstel i krom, s\u00f8lvgr\u00e5 og sort<\/li>\n<li>Bordplade i hvid, gr\u00e5, sort, eg, b\u00f8g, birk og urban eg<\/li>\n<li>St\u00f8rrelse 70 x 60 cm<\/li>\n<\/ul>","protected":false},"excerpt":{"rendered":"<p>Examen-bordet er et stabilt, robust og foldbart bord, der er blevet en bestseller til skoler til eksamen og eksamen. Bordet er ogs\u00e5 perfekt til konferencer og andre milj\u00f8er, der kr\u00e6ver mulighed for at kunne sidde fra hinanden.<\/p>","protected":false},"featured_media":98043,"template":"","meta":{"iawp_total_views":2},"product_brand":[],"product_cat":[5787,5821],"product_tag":[6122,6187,6431],"class_list":{"0":"post-62847","1":"product","2":"type-product","3":"status-publish","4":"has-post-thumbnail","6":"product_cat-bord","7":"product_cat-utbildningsbord","8":"product_tag-utbildningsbord","9":"product_tag-examen-bordet","10":"product_tag-fllbart-bord","12":"first","13":"instock","14":"taxable","15":"shipping-taxable","16":"purchasable","17":"product-type-variable"},"yoast_head":"<!-- This site is optimized with the Yoast SEO plugin v27.0 - https:\/\/yoast.com\/product\/yoast-seo-wordpress\/ -->\n<title>Examen - Bjerring-Sales<\/title>\n<meta name=\"description\" content=\"Bordet Examen \u00e4r ett stabilt, stadigt och f\u00e4llbart bord som blivit en stors\u00e4ljare till bl a skolor f\u00f6r tentamen och examenprover. Bordet passar \u00e4ven perfekt till konferenser och andra milj\u00f6er som kr\u00e4ver m\u00f6jligheten till att kunna sitta avskilt.\" \/>\n<meta name=\"robots\" content=\"index, follow, max-snippet:-1, max-image-preview:large, max-video-preview:-1\" \/>\n<link rel=\"canonical\" href=\"https:\/\/shop.bjerring-sales.dk\/da\/vare\/examen\/\" \/>\n<meta property=\"og:locale\" content=\"da_DK\" \/>\n<meta property=\"og:type\" content=\"article\" \/>\n<meta property=\"og:title\" content=\"Examen - Bjerring-Sales\" \/>\n<meta property=\"og:description\" content=\"Bordet Examen \u00e4r ett stabilt, stadigt och f\u00e4llbart bord som blivit en stors\u00e4ljare till bl a skolor f\u00f6r tentamen och examenprover. Bordet passar \u00e4ven perfekt till konferenser och andra milj\u00f6er som kr\u00e4ver m\u00f6jligheten till att kunna sitta avskilt.\" \/>\n<meta property=\"og:url\" content=\"https:\/\/shop.bjerring-sales.dk\/da\/vare\/examen\/\" \/>\n<meta property=\"og:site_name\" content=\"Bjerring-Sales\" \/>\n<meta property=\"article:modified_time\" content=\"2025-12-19T11:35:39+00:00\" \/>\n<meta property=\"og:image\" content=\"https:\/\/shop.bjerring-sales.dk\/wp-content\/uploads\/2024\/06\/webb-examen7.jpg\" \/>\n\t<meta property=\"og:image:width\" content=\"800\" \/>\n\t<meta property=\"og:image:height\" content=\"800\" \/>\n\t<meta property=\"og:image:type\" content=\"image\/jpeg\" \/>\n<meta name=\"twitter:card\" content=\"summary_large_image\" \/>\n<meta name=\"twitter:label1\" content=\"Estimeret l\u00e6setid\" \/>\n\t<meta name=\"twitter:data1\" content=\"1 minut\" \/>\n<script type=\"application\/ld+json\" class=\"yoast-schema-graph\">{\"@context\":\"https:\/\/schema.org\",\"@graph\":[{\"@type\":\"WebPage\",\"@id\":\"https:\/\/shop.bjerring-sales.dk\/sv\/produkt\/examen\/\",\"url\":\"https:\/\/shop.bjerring-sales.dk\/sv\/produkt\/examen\/\",\"name\":\"Examen - Bjerring-Sales\",\"isPartOf\":{\"@id\":\"https:\/\/shop.bjerring-sales.dk\/#website\"},\"primaryImageOfPage\":{\"@id\":\"https:\/\/shop.bjerring-sales.dk\/sv\/produkt\/examen\/#primaryimage\"},\"image\":{\"@id\":\"https:\/\/shop.bjerring-sales.dk\/sv\/produkt\/examen\/#primaryimage\"},\"thumbnailUrl\":\"https:\/\/shop.bjerring-sales.dk\/wp-content\/uploads\/2024\/06\/webb-examen7.jpg\",\"datePublished\":\"2018-02-03T23:22:04+00:00\",\"dateModified\":\"2025-12-19T11:35:39+00:00\",\"description\":\"Bordet Examen \u00e4r ett stabilt, stadigt och f\u00e4llbart bord som blivit en stors\u00e4ljare till bl a skolor f\u00f6r tentamen och examenprover. Bordet passar \u00e4ven perfekt till konferenser och andra milj\u00f6er som kr\u00e4ver m\u00f6jligheten till att kunna sitta avskilt.\",\"breadcrumb\":{\"@id\":\"https:\/\/shop.bjerring-sales.dk\/sv\/produkt\/examen\/#breadcrumb\"},\"inLanguage\":\"da-DK\",\"potentialAction\":[{\"@type\":\"ReadAction\",\"target\":[\"https:\/\/shop.bjerring-sales.dk\/sv\/produkt\/examen\/\"]}]},{\"@type\":\"ImageObject\",\"inLanguage\":\"da-DK\",\"@id\":\"https:\/\/shop.bjerring-sales.dk\/sv\/produkt\/examen\/#primaryimage\",\"url\":\"https:\/\/shop.bjerring-sales.dk\/wp-content\/uploads\/2024\/06\/webb-examen7.jpg\",\"contentUrl\":\"https:\/\/shop.bjerring-sales.dk\/wp-content\/uploads\/2024\/06\/webb-examen7.jpg\",\"width\":800,\"height\":800},{\"@type\":\"BreadcrumbList\",\"@id\":\"https:\/\/shop.bjerring-sales.dk\/sv\/produkt\/examen\/#breadcrumb\",\"itemListElement\":[{\"@type\":\"ListItem\",\"position\":1,\"name\":\"Hem\",\"item\":\"https:\/\/shop.bjerring-sales.dk\/\"},{\"@type\":\"ListItem\",\"position\":2,\"name\":\"Webbutik\",\"item\":\"https:\/\/shop.bjerring-sales.dk\/butik\/\"},{\"@type\":\"ListItem\",\"position\":3,\"name\":\"Examen\"}]},{\"@type\":\"WebSite\",\"@id\":\"https:\/\/shop.bjerring-sales.dk\/#website\",\"url\":\"https:\/\/shop.bjerring-sales.dk\/\",\"name\":\"Bjerring-Sales\",\"description\":\"M\u00f6bler f\u00f6r teatrar, skolor, kontor och k\u00f6pcentrum\",\"publisher\":{\"@id\":\"https:\/\/shop.bjerring-sales.dk\/#organization\"},\"potentialAction\":[{\"@type\":\"SearchAction\",\"target\":{\"@type\":\"EntryPoint\",\"urlTemplate\":\"https:\/\/shop.bjerring-sales.dk\/?s={search_term_string}\"},\"query-input\":{\"@type\":\"PropertyValueSpecification\",\"valueRequired\":true,\"valueName\":\"search_term_string\"}}],\"inLanguage\":\"da-DK\"},{\"@type\":\"Organization\",\"@id\":\"https:\/\/shop.bjerring-sales.dk\/#organization\",\"name\":\"Bjerring-Sales\",\"url\":\"https:\/\/shop.bjerring-sales.dk\/\",\"logo\":{\"@type\":\"ImageObject\",\"inLanguage\":\"da-DK\",\"@id\":\"https:\/\/shop.bjerring-sales.dk\/#\/schema\/logo\/image\/\",\"url\":\"https:\/\/shop.bjerring-sales.dk\/wp-content\/uploads\/2023\/01\/logo_sv.png\",\"contentUrl\":\"https:\/\/shop.bjerring-sales.dk\/wp-content\/uploads\/2023\/01\/logo_sv.png\",\"width\":195,\"height\":68,\"caption\":\"Bjerring-Sales\"},\"image\":{\"@id\":\"https:\/\/shop.bjerring-sales.dk\/#\/schema\/logo\/image\/\"}}]}<\/script>\n<!-- \/ Yoast SEO plugin. -->","yoast_head_json":{"title":"Examen - Bjerring-Sales","description":"Examen-bordet er et stabilt, robust og foldbart bord, der er blevet en bestseller til skoler til eksamen og eksamen. Bordet er ogs\u00e5 perfekt til konferencer og andre milj\u00f8er, der kr\u00e6ver mulighed for at kunne sidde fra hinanden.","robots":{"index":"index","follow":"follow","max-snippet":"max-snippet:-1","max-image-preview":"max-image-preview:large","max-video-preview":"max-video-preview:-1"},"canonical":"https:\/\/shop.bjerring-sales.dk\/da\/vare\/examen\/","og_locale":"da_DK","og_type":"article","og_title":"Examen - Bjerring-Sales","og_description":"Bordet Examen \u00e4r ett stabilt, stadigt och f\u00e4llbart bord som blivit en stors\u00e4ljare till bl a skolor f\u00f6r tentamen och examenprover. Bordet passar \u00e4ven perfekt till konferenser och andra milj\u00f6er som kr\u00e4ver m\u00f6jligheten till att kunna sitta avskilt.","og_url":"https:\/\/shop.bjerring-sales.dk\/da\/vare\/examen\/","og_site_name":"Bjerring-Sales","article_modified_time":"2025-12-19T11:35:39+00:00","og_image":[{"width":800,"height":800,"url":"https:\/\/shop.bjerring-sales.dk\/wp-content\/uploads\/2024\/06\/webb-examen7.jpg","type":"image\/jpeg"}],"twitter_card":"summary_large_image","twitter_misc":{"Estimeret l\u00e6setid":"1 minut"},"schema":{"@context":"https:\/\/schema.org","@graph":[{"@type":"WebPage","@id":"https:\/\/shop.bjerring-sales.dk\/sv\/produkt\/examen\/","url":"https:\/\/shop.bjerring-sales.dk\/sv\/produkt\/examen\/","name":"Examen - Bjerring-Sales","isPartOf":{"@id":"https:\/\/shop.bjerring-sales.dk\/#website"},"primaryImageOfPage":{"@id":"https:\/\/shop.bjerring-sales.dk\/sv\/produkt\/examen\/#primaryimage"},"image":{"@id":"https:\/\/shop.bjerring-sales.dk\/sv\/produkt\/examen\/#primaryimage"},"thumbnailUrl":"https:\/\/shop.bjerring-sales.dk\/wp-content\/uploads\/2024\/06\/webb-examen7.jpg","datePublished":"2018-02-03T23:22:04+00:00","dateModified":"2025-12-19T11:35:39+00:00","description":"Examen-bordet er et stabilt, robust og foldbart bord, der er blevet en bestseller til skoler til eksamen og eksamen. Bordet er ogs\u00e5 perfekt til konferencer og andre milj\u00f8er, der kr\u00e6ver mulighed for at kunne sidde fra hinanden.","breadcrumb":{"@id":"https:\/\/shop.bjerring-sales.dk\/sv\/produkt\/examen\/#breadcrumb"},"inLanguage":"da-DK","potentialAction":[{"@type":"ReadAction","target":["https:\/\/shop.bjerring-sales.dk\/sv\/produkt\/examen\/"]}]},{"@type":"ImageObject","inLanguage":"da-DK","@id":"https:\/\/shop.bjerring-sales.dk\/sv\/produkt\/examen\/#primaryimage","url":"https:\/\/shop.bjerring-sales.dk\/wp-content\/uploads\/2024\/06\/webb-examen7.jpg","contentUrl":"https:\/\/shop.bjerring-sales.dk\/wp-content\/uploads\/2024\/06\/webb-examen7.jpg","width":800,"height":800},{"@type":"BreadcrumbList","@id":"https:\/\/shop.bjerring-sales.dk\/sv\/produkt\/examen\/#breadcrumb","itemListElement":[{"@type":"ListItem","position":1,"name":"Hem","item":"https:\/\/shop.bjerring-sales.dk\/"},{"@type":"ListItem","position":2,"name":"Webbutik","item":"https:\/\/shop.bjerring-sales.dk\/butik\/"},{"@type":"ListItem","position":3,"name":"Examen"}]},{"@type":"WebSite","@id":"https:\/\/shop.bjerring-sales.dk\/#website","url":"https:\/\/shop.bjerring-sales.dk\/","name":"Bjerring-Salg","description":"M\u00f8bler til teatre, skoler, kontorer og indk\u00f8bscentre","publisher":{"@id":"https:\/\/shop.bjerring-sales.dk\/#organization"},"potentialAction":[{"@type":"SearchAction","target":{"@type":"EntryPoint","urlTemplate":"https:\/\/shop.bjerring-sales.dk\/?s={search_term_string}"},"query-input":{"@type":"PropertyValueSpecification","valueRequired":true,"valueName":"search_term_string"}}],"inLanguage":"da-DK"},{"@type":"Organization","@id":"https:\/\/shop.bjerring-sales.dk\/#organization","name":"Bjerring-Salg","url":"https:\/\/shop.bjerring-sales.dk\/","logo":{"@type":"ImageObject","inLanguage":"da-DK","@id":"https:\/\/shop.bjerring-sales.dk\/#\/schema\/logo\/image\/","url":"https:\/\/shop.bjerring-sales.dk\/wp-content\/uploads\/2023\/01\/logo_sv.png","contentUrl":"https:\/\/shop.bjerring-sales.dk\/wp-content\/uploads\/2023\/01\/logo_sv.png","width":195,"height":68,"caption":"Bjerring-Sales"},"image":{"@id":"https:\/\/shop.bjerring-sales.dk\/#\/schema\/logo\/image\/"}}]}},"_links":{"self":[{"href":"https:\/\/shop.bjerring-sales.dk\/da\/wp-json\/wp\/v2\/product\/62847","targetHints":{"allow":["GET"]}}],"collection":[{"href":"https:\/\/shop.bjerring-sales.dk\/da\/wp-json\/wp\/v2\/product"}],"about":[{"href":"https:\/\/shop.bjerring-sales.dk\/da\/wp-json\/wp\/v2\/types\/product"}],"wp:featuredmedia":[{"embeddable":true,"href":"https:\/\/shop.bjerring-sales.dk\/da\/wp-json\/wp\/v2\/media\/98043"}],"wp:attachment":[{"href":"https:\/\/shop.bjerring-sales.dk\/da\/wp-json\/wp\/v2\/media?parent=62847"}],"wp:term":[{"taxonomy":"product_brand","embeddable":true,"href":"https:\/\/shop.bjerring-sales.dk\/da\/wp-json\/wp\/v2\/product_brand?post=62847"},{"taxonomy":"product_cat","embeddable":true,"href":"https:\/\/shop.bjerring-sales.dk\/da\/wp-json\/wp\/v2\/product_cat?post=62847"},{"taxonomy":"product_tag","embeddable":true,"href":"https:\/\/shop.bjerring-sales.dk\/da\/wp-json\/wp\/v2\/product_tag?post=62847"}],"curies":[{"name":"wp","href":"https:\/\/api.w.org\/{rel}","templated":true}]}}