{"id":62834,"date":"2018-02-04T00:50:34","date_gmt":"2018-02-03T23:50:34","guid":{"rendered":"https:\/\/pule.se\/produkt\/manacor\/"},"modified":"2026-04-24T07:20:41","modified_gmt":"2026-04-24T05:20:41","slug":"manacor","status":"publish","type":"product","link":"https:\/\/shop.bjerring-sales.dk\/da\/vare\/manacor\/","title":{"rendered":"Manacor"},"content":{"rendered":"<div class=\"wpb-content-wrapper\"><div class=\"vc_row wpb_row vc_row-fluid\"><div class=\"wpb_column vc_column_container vc_col-sm-12\"><div class=\"vc_column-inner\"><div class=\"wpb_wrapper\">\n\t<div class=\"wpb_text_column wpb_content_element\" >\n\t\t<div class=\"wpb_wrapper\">\n\t\t\t<p><span style=\"font-size: 24pt\">Stabelbar barstol med s\u00e6de i PP-plast<\/span><br \/>\nManacor er en stabelbar barstol med s\u00e6de i sort eller hvid PP-plast (polypropylen). Barstolen f\u00e5s med krom, sort og snart ogs\u00e5 hvidt stel. Manacor barstol stables fremad, hvilket g\u00f8r det nemmere for eksempel ved reng\u00f8ring og transport med en vogn. Stellet, som er pulverlakeret eller alternativt forkromet, er let at holde rent med almindeligt vand og en klud. Til sv\u00e6re pletter er lidt opvaskemiddel nok. Barstolen kan ogs\u00e5 holdes ren med en klud og vand.<\/p>\n\n\t\t<\/div>\n\t<\/div>\n<\/div><\/div><\/div><\/div><div class=\"vc_row wpb_row vc_row-fluid\"><div class=\"wpb_column vc_column_container vc_col-sm-12\"><div class=\"vc_column-inner\"><div class=\"wpb_wrapper\"><div class=\"vc_separator wpb_content_element vc_separator_align_center vc_sep_width_100 vc_sep_pos_align_center vc_separator_no_text vc_sep_color_grey\" ><span class=\"vc_sep_holder vc_sep_holder_l\"><span class=\"vc_sep_line\"><\/span><\/span><span class=\"vc_sep_holder vc_sep_holder_r\"><span class=\"vc_sep_line\"><\/span><\/span>\n<\/div><\/div><\/div><\/div><\/div><div class=\"vc_row wpb_row vc_row-fluid\"><div class=\"wpb_column vc_column_container vc_col-sm-6\"><div class=\"vc_column-inner\"><div class=\"wpb_wrapper\">\n\t<div class=\"wpb_text_column wpb_content_element\" >\n\t\t<div class=\"wpb_wrapper\">\n\t\t\t<p><span style=\"font-size: 18pt\">Farve<br \/>\n<\/span>Manacor er lagerf\u00f8rt i hvid\/krom, sort\/krom og helt sort.<\/p>\n<p><span style=\"font-size: 18pt\">M\u00e5l H\/B\/D<br \/>\n<\/span>865x525x460 mm<\/p>\n<p>S\u00e6deh\u00f8jde: 750 mm<br \/>\nS\u00e6debredde: 385 mm<br \/>\nS\u00e6dedybde: 370 mm<\/p>\n<p><span style=\"font-size: 18pt\">Dimensioner af emballage<br \/>\n<\/span>870x550x550 mm (4 stk\/karton)<\/p>\n<p><span style=\"font-size: 18pt\">V\u00e6gt<br \/>\n<\/span>4,75 kg<\/p>\n\n\t\t<\/div>\n\t<\/div>\n<\/div><\/div><\/div><div class=\"wpb_column vc_column_container vc_col-sm-6\"><div class=\"vc_column-inner\"><div class=\"wpb_wrapper\">\n\t<div class=\"wpb_text_column wpb_content_element\" >\n\t\t<div class=\"wpb_wrapper\">\n\t\t\t<p><span style=\"font-size: 18pt\">Materiale<br \/>\n<\/span>Stellet er en forkromet eller sort pulverlakeret. S\u00e6de\/ryg er lavet af slidst\u00e6rkt polypropylenplast.<\/p>\n<p><span style=\"font-size: 18pt\">Garanti<br \/>\n<\/span>2 \u00e5r<\/p>\n<p><span style=\"font-size: 18pt\">\u00d8vrigt<br \/>\n<\/span>Manacor barstolen er stabelbar.<\/p>\n\n\t\t<\/div>\n\t<\/div>\n<\/div><\/div><\/div><\/div>\n<\/div>","protected":false},"excerpt":{"rendered":"<p><span style=\"color: #ff0000\">Manacor i sort\/sort og sort\/krom er midlertidigt udsolgt og forventes tilbage p\u00e5 lager i slutningen af juni.<\/span> Manacor er en stabelbar barstol med s\u00e6de i sort eller hvid PP-plast (polypropylen). Barstolen f\u00e5s med krom, sort og snart ogs\u00e5 hvidt stel.<\/p>","protected":false},"featured_media":98984,"template":"","meta":{"iawp_total_views":9},"product_brand":[],"product_cat":[5791,5896],"product_tag":[5984,6186],"class_list":{"0":"post-62834","1":"product","2":"type-product","3":"status-publish","4":"has-post-thumbnail","6":"product_cat-stolar","7":"product_cat-barstolar","8":"product_tag-stapelbar-barstol","9":"product_tag-manacor-barstol","11":"first","12":"instock","13":"taxable","14":"shipping-taxable","15":"purchasable","16":"product-type-variable"},"yoast_head":"<!-- This site is optimized with the Yoast SEO plugin v27.0 - https:\/\/yoast.com\/product\/yoast-seo-wordpress\/ -->\n<title>Manacor - Bjerring-Sales<\/title>\n<meta name=\"description\" content=\"Manacor \u00e4r en stapelbar barstol med sits i svart eller vit PP plast (polypropylen). Barstolen finns med kromat, svart och inom kort \u00e4ven vitt stativ.\" \/>\n<meta name=\"robots\" content=\"index, follow, max-snippet:-1, max-image-preview:large, max-video-preview:-1\" \/>\n<link rel=\"canonical\" href=\"https:\/\/shop.bjerring-sales.dk\/da\/vare\/manacor\/\" \/>\n<meta property=\"og:locale\" content=\"da_DK\" \/>\n<meta property=\"og:type\" content=\"article\" \/>\n<meta property=\"og:title\" content=\"Manacor - Bjerring-Sales\" \/>\n<meta property=\"og:description\" content=\"Manacor \u00e4r en stapelbar barstol med sits i svart eller vit PP plast (polypropylen). Barstolen finns med kromat, svart och inom kort \u00e4ven vitt stativ.\" \/>\n<meta property=\"og:url\" content=\"https:\/\/shop.bjerring-sales.dk\/da\/vare\/manacor\/\" \/>\n<meta property=\"og:site_name\" content=\"Bjerring-Sales\" \/>\n<meta property=\"article:modified_time\" content=\"2026-04-24T05:20:41+00:00\" \/>\n<meta property=\"og:image\" content=\"https:\/\/shop.bjerring-sales.dk\/wp-content\/uploads\/2024\/10\/Manacor_svart_800x800.jpg\" \/>\n\t<meta property=\"og:image:width\" content=\"800\" \/>\n\t<meta property=\"og:image:height\" content=\"800\" \/>\n\t<meta property=\"og:image:type\" content=\"image\/jpeg\" \/>\n<meta name=\"twitter:card\" content=\"summary_large_image\" \/>\n<meta name=\"twitter:label1\" content=\"Estimeret l\u00e6setid\" \/>\n\t<meta name=\"twitter:data1\" content=\"1 minut\" \/>\n<script type=\"application\/ld+json\" class=\"yoast-schema-graph\">{\"@context\":\"https:\/\/schema.org\",\"@graph\":[{\"@type\":\"WebPage\",\"@id\":\"https:\/\/shop.bjerring-sales.dk\/sv\/produkt\/manacor\/\",\"url\":\"https:\/\/shop.bjerring-sales.dk\/sv\/produkt\/manacor\/\",\"name\":\"Manacor - Bjerring-Sales\",\"isPartOf\":{\"@id\":\"https:\/\/shop.bjerring-sales.dk\/#website\"},\"primaryImageOfPage\":{\"@id\":\"https:\/\/shop.bjerring-sales.dk\/sv\/produkt\/manacor\/#primaryimage\"},\"image\":{\"@id\":\"https:\/\/shop.bjerring-sales.dk\/sv\/produkt\/manacor\/#primaryimage\"},\"thumbnailUrl\":\"https:\/\/shop.bjerring-sales.dk\/wp-content\/uploads\/2024\/10\/Manacor_svart_800x800.jpg\",\"datePublished\":\"2018-02-03T23:50:34+00:00\",\"dateModified\":\"2026-04-24T05:20:41+00:00\",\"description\":\"Manacor \u00e4r en stapelbar barstol med sits i svart eller vit PP plast (polypropylen). Barstolen finns med kromat, svart och inom kort \u00e4ven vitt stativ.\",\"breadcrumb\":{\"@id\":\"https:\/\/shop.bjerring-sales.dk\/sv\/produkt\/manacor\/#breadcrumb\"},\"inLanguage\":\"da-DK\",\"potentialAction\":[{\"@type\":\"ReadAction\",\"target\":[\"https:\/\/shop.bjerring-sales.dk\/sv\/produkt\/manacor\/\"]}]},{\"@type\":\"ImageObject\",\"inLanguage\":\"da-DK\",\"@id\":\"https:\/\/shop.bjerring-sales.dk\/sv\/produkt\/manacor\/#primaryimage\",\"url\":\"https:\/\/shop.bjerring-sales.dk\/wp-content\/uploads\/2024\/10\/Manacor_svart_800x800.jpg\",\"contentUrl\":\"https:\/\/shop.bjerring-sales.dk\/wp-content\/uploads\/2024\/10\/Manacor_svart_800x800.jpg\",\"width\":800,\"height\":800},{\"@type\":\"BreadcrumbList\",\"@id\":\"https:\/\/shop.bjerring-sales.dk\/sv\/produkt\/manacor\/#breadcrumb\",\"itemListElement\":[{\"@type\":\"ListItem\",\"position\":1,\"name\":\"Hem\",\"item\":\"https:\/\/shop.bjerring-sales.dk\/\"},{\"@type\":\"ListItem\",\"position\":2,\"name\":\"Webbutik\",\"item\":\"https:\/\/shop.bjerring-sales.dk\/butik\/\"},{\"@type\":\"ListItem\",\"position\":3,\"name\":\"Manacor\"}]},{\"@type\":\"WebSite\",\"@id\":\"https:\/\/shop.bjerring-sales.dk\/#website\",\"url\":\"https:\/\/shop.bjerring-sales.dk\/\",\"name\":\"Bjerring-Sales\",\"description\":\"M\u00f6bler f\u00f6r teatrar, skolor, kontor och k\u00f6pcentrum\",\"publisher\":{\"@id\":\"https:\/\/shop.bjerring-sales.dk\/#organization\"},\"potentialAction\":[{\"@type\":\"SearchAction\",\"target\":{\"@type\":\"EntryPoint\",\"urlTemplate\":\"https:\/\/shop.bjerring-sales.dk\/?s={search_term_string}\"},\"query-input\":{\"@type\":\"PropertyValueSpecification\",\"valueRequired\":true,\"valueName\":\"search_term_string\"}}],\"inLanguage\":\"da-DK\"},{\"@type\":\"Organization\",\"@id\":\"https:\/\/shop.bjerring-sales.dk\/#organization\",\"name\":\"Bjerring-Sales\",\"url\":\"https:\/\/shop.bjerring-sales.dk\/\",\"logo\":{\"@type\":\"ImageObject\",\"inLanguage\":\"da-DK\",\"@id\":\"https:\/\/shop.bjerring-sales.dk\/#\/schema\/logo\/image\/\",\"url\":\"https:\/\/shop.bjerring-sales.dk\/wp-content\/uploads\/2023\/01\/logo_sv.png\",\"contentUrl\":\"https:\/\/shop.bjerring-sales.dk\/wp-content\/uploads\/2023\/01\/logo_sv.png\",\"width\":195,\"height\":68,\"caption\":\"Bjerring-Sales\"},\"image\":{\"@id\":\"https:\/\/shop.bjerring-sales.dk\/#\/schema\/logo\/image\/\"}}]}<\/script>\n<!-- \/ Yoast SEO plugin. -->","yoast_head_json":{"title":"Manacor - Bjerring-Sales","description":"Manacor er en stabelbar barstol med s\u00e6de i sort eller hvid PP-plast (polypropylen). Barstolen f\u00e5s med krom, sort og snart ogs\u00e5 hvidt stel.","robots":{"index":"index","follow":"follow","max-snippet":"max-snippet:-1","max-image-preview":"max-image-preview:large","max-video-preview":"max-video-preview:-1"},"canonical":"https:\/\/shop.bjerring-sales.dk\/da\/vare\/manacor\/","og_locale":"da_DK","og_type":"article","og_title":"Manacor - Bjerring-Sales","og_description":"Manacor \u00e4r en stapelbar barstol med sits i svart eller vit PP plast (polypropylen). Barstolen finns med kromat, svart och inom kort \u00e4ven vitt stativ.","og_url":"https:\/\/shop.bjerring-sales.dk\/da\/vare\/manacor\/","og_site_name":"Bjerring-Sales","article_modified_time":"2026-04-24T05:20:41+00:00","og_image":[{"width":800,"height":800,"url":"https:\/\/shop.bjerring-sales.dk\/wp-content\/uploads\/2024\/10\/Manacor_svart_800x800.jpg","type":"image\/jpeg"}],"twitter_card":"summary_large_image","twitter_misc":{"Estimeret l\u00e6setid":"1 minut"},"schema":{"@context":"https:\/\/schema.org","@graph":[{"@type":"WebPage","@id":"https:\/\/shop.bjerring-sales.dk\/sv\/produkt\/manacor\/","url":"https:\/\/shop.bjerring-sales.dk\/sv\/produkt\/manacor\/","name":"Manacor - Bjerring-Sales","isPartOf":{"@id":"https:\/\/shop.bjerring-sales.dk\/#website"},"primaryImageOfPage":{"@id":"https:\/\/shop.bjerring-sales.dk\/sv\/produkt\/manacor\/#primaryimage"},"image":{"@id":"https:\/\/shop.bjerring-sales.dk\/sv\/produkt\/manacor\/#primaryimage"},"thumbnailUrl":"https:\/\/shop.bjerring-sales.dk\/wp-content\/uploads\/2024\/10\/Manacor_svart_800x800.jpg","datePublished":"2018-02-03T23:50:34+00:00","dateModified":"2026-04-24T05:20:41+00:00","description":"Manacor er en stabelbar barstol med s\u00e6de i sort eller hvid PP-plast (polypropylen). Barstolen f\u00e5s med krom, sort og snart ogs\u00e5 hvidt stel.","breadcrumb":{"@id":"https:\/\/shop.bjerring-sales.dk\/sv\/produkt\/manacor\/#breadcrumb"},"inLanguage":"da-DK","potentialAction":[{"@type":"ReadAction","target":["https:\/\/shop.bjerring-sales.dk\/sv\/produkt\/manacor\/"]}]},{"@type":"ImageObject","inLanguage":"da-DK","@id":"https:\/\/shop.bjerring-sales.dk\/sv\/produkt\/manacor\/#primaryimage","url":"https:\/\/shop.bjerring-sales.dk\/wp-content\/uploads\/2024\/10\/Manacor_svart_800x800.jpg","contentUrl":"https:\/\/shop.bjerring-sales.dk\/wp-content\/uploads\/2024\/10\/Manacor_svart_800x800.jpg","width":800,"height":800},{"@type":"BreadcrumbList","@id":"https:\/\/shop.bjerring-sales.dk\/sv\/produkt\/manacor\/#breadcrumb","itemListElement":[{"@type":"ListItem","position":1,"name":"Hem","item":"https:\/\/shop.bjerring-sales.dk\/"},{"@type":"ListItem","position":2,"name":"Webbutik","item":"https:\/\/shop.bjerring-sales.dk\/butik\/"},{"@type":"ListItem","position":3,"name":"Manacor"}]},{"@type":"WebSite","@id":"https:\/\/shop.bjerring-sales.dk\/#website","url":"https:\/\/shop.bjerring-sales.dk\/","name":"Bjerring-Salg","description":"M\u00f8bler til teatre, skoler, kontorer og indk\u00f8bscentre","publisher":{"@id":"https:\/\/shop.bjerring-sales.dk\/#organization"},"potentialAction":[{"@type":"SearchAction","target":{"@type":"EntryPoint","urlTemplate":"https:\/\/shop.bjerring-sales.dk\/?s={search_term_string}"},"query-input":{"@type":"PropertyValueSpecification","valueRequired":true,"valueName":"search_term_string"}}],"inLanguage":"da-DK"},{"@type":"Organization","@id":"https:\/\/shop.bjerring-sales.dk\/#organization","name":"Bjerring-Salg","url":"https:\/\/shop.bjerring-sales.dk\/","logo":{"@type":"ImageObject","inLanguage":"da-DK","@id":"https:\/\/shop.bjerring-sales.dk\/#\/schema\/logo\/image\/","url":"https:\/\/shop.bjerring-sales.dk\/wp-content\/uploads\/2023\/01\/logo_sv.png","contentUrl":"https:\/\/shop.bjerring-sales.dk\/wp-content\/uploads\/2023\/01\/logo_sv.png","width":195,"height":68,"caption":"Bjerring-Sales"},"image":{"@id":"https:\/\/shop.bjerring-sales.dk\/#\/schema\/logo\/image\/"}}]}},"_links":{"self":[{"href":"https:\/\/shop.bjerring-sales.dk\/da\/wp-json\/wp\/v2\/product\/62834","targetHints":{"allow":["GET"]}}],"collection":[{"href":"https:\/\/shop.bjerring-sales.dk\/da\/wp-json\/wp\/v2\/product"}],"about":[{"href":"https:\/\/shop.bjerring-sales.dk\/da\/wp-json\/wp\/v2\/types\/product"}],"wp:featuredmedia":[{"embeddable":true,"href":"https:\/\/shop.bjerring-sales.dk\/da\/wp-json\/wp\/v2\/media\/98984"}],"wp:attachment":[{"href":"https:\/\/shop.bjerring-sales.dk\/da\/wp-json\/wp\/v2\/media?parent=62834"}],"wp:term":[{"taxonomy":"product_brand","embeddable":true,"href":"https:\/\/shop.bjerring-sales.dk\/da\/wp-json\/wp\/v2\/product_brand?post=62834"},{"taxonomy":"product_cat","embeddable":true,"href":"https:\/\/shop.bjerring-sales.dk\/da\/wp-json\/wp\/v2\/product_cat?post=62834"},{"taxonomy":"product_tag","embeddable":true,"href":"https:\/\/shop.bjerring-sales.dk\/da\/wp-json\/wp\/v2\/product_tag?post=62834"}],"curies":[{"name":"wp","href":"https:\/\/api.w.org\/{rel}","templated":true}]}}