{"id":62822,"date":"2018-02-04T02:17:26","date_gmt":"2018-02-04T01:17:26","guid":{"rendered":"https:\/\/pule.se\/produkt\/munich\/"},"modified":"2025-05-22T15:47:39","modified_gmt":"2025-05-22T13:47:39","slug":"munich-bankset","status":"publish","type":"product","link":"https:\/\/shop.bjerring-sales.dk\/da\/vare\/munich-bankset\/","title":{"rendered":"M\u00fcnchen bord\/b\u00e6nkes\u00e6t"},"content":{"rendered":"<p>M\u00fcnchen bord\/b\u00e6nkes\u00e6t med brun top i high-density polyethylen, stellet er et gr\u00f8nt pulverlakeret st\u00e5lstel. B\u00e6nkes\u00e6det passer til 8 personer og er fremragende b\u00e5de indend\u00f8rs og udend\u00f8rs. M\u00fcnchen indg\u00e5r i vores Premium-sortiment, da produktet er af ekstra h\u00f8j kvalitet.<\/p>\n<ul>\n<li>Brun bordplade i high-density polyethylen<\/li>\n<li>Brun top p\u00e5 b\u00e6nken<\/li>\n<li>Gr\u00f8nt pulverlakeret stel<\/li>\n<li>UV- og fugtbestandig<\/li>\n<li>Tilpassede ben til bl\u00f8de overflader<\/li>\n<li>1 st\u00f8rrelse<\/li>\n<\/ul>","protected":false},"excerpt":{"rendered":"<p>M\u00fcnchen bord\/b\u00e6nkes\u00e6t med brun top i high-density polyethylen, stellet er et gr\u00f8nt pulverlakeret st\u00e5lstel. B\u00e6nkes\u00e6det passer til 8 personer og er fremragende b\u00e5de indend\u00f8rs og udend\u00f8rs.<\/p>","protected":false},"featured_media":98684,"template":"","meta":{"iawp_total_views":5},"product_brand":[],"product_cat":[5883],"product_tag":[6154,6178],"class_list":{"0":"post-62822","1":"product","2":"type-product","3":"status-publish","4":"has-post-thumbnail","6":"product_cat-paket-med-bord","7":"product_tag-fallbart-bankset","8":"product_tag-munich-bankset","10":"first","11":"instock","12":"taxable","13":"shipping-taxable","14":"purchasable","15":"product-type-simple"},"yoast_head":"<!-- This site is optimized with the Yoast SEO plugin v27.0 - https:\/\/yoast.com\/product\/yoast-seo-wordpress\/ -->\n<title>Munich b\u00e4nkset - Bjerring-Sales<\/title>\n<meta name=\"description\" content=\"Munich b\u00e4nkset med brun skiva i h\u00f6gdensitetspolyeten, stativet \u00e4r en gr\u00f6n pulverlackad st\u00e5lst\u00e4llning. B\u00e4nksetet passar till 8 personer och passar utm\u00e4rkt b\u00e5de inomhus och utomhus.\" \/>\n<meta name=\"robots\" content=\"index, follow, max-snippet:-1, max-image-preview:large, max-video-preview:-1\" \/>\n<link rel=\"canonical\" href=\"https:\/\/shop.bjerring-sales.dk\/da\/vare\/munich-bankset\/\" \/>\n<meta property=\"og:locale\" content=\"da_DK\" \/>\n<meta property=\"og:type\" content=\"article\" \/>\n<meta property=\"og:title\" content=\"Munich b\u00e4nkset - Bjerring-Sales\" \/>\n<meta property=\"og:description\" content=\"Munich b\u00e4nkset med brun skiva i h\u00f6gdensitetspolyeten, stativet \u00e4r en gr\u00f6n pulverlackad st\u00e5lst\u00e4llning. B\u00e4nksetet passar till 8 personer och passar utm\u00e4rkt b\u00e5de inomhus och utomhus.\" \/>\n<meta property=\"og:url\" content=\"https:\/\/shop.bjerring-sales.dk\/da\/vare\/munich-bankset\/\" \/>\n<meta property=\"og:site_name\" content=\"Bjerring-Sales\" \/>\n<meta property=\"article:modified_time\" content=\"2025-05-22T13:47:39+00:00\" \/>\n<meta property=\"og:image\" content=\"https:\/\/shop.bjerring-sales.dk\/wp-content\/uploads\/2024\/09\/webb-munich1.jpg\" \/>\n\t<meta property=\"og:image:width\" content=\"800\" \/>\n\t<meta property=\"og:image:height\" content=\"800\" \/>\n\t<meta property=\"og:image:type\" content=\"image\/jpeg\" \/>\n<meta name=\"twitter:card\" content=\"summary_large_image\" \/>\n<script type=\"application\/ld+json\" class=\"yoast-schema-graph\">{\"@context\":\"https:\/\/schema.org\",\"@graph\":[{\"@type\":\"WebPage\",\"@id\":\"https:\/\/shop.bjerring-sales.dk\/sv\/produkt\/munich-bankset\/\",\"url\":\"https:\/\/shop.bjerring-sales.dk\/sv\/produkt\/munich-bankset\/\",\"name\":\"Munich b\u00e4nkset - Bjerring-Sales\",\"isPartOf\":{\"@id\":\"https:\/\/shop.bjerring-sales.dk\/#website\"},\"primaryImageOfPage\":{\"@id\":\"https:\/\/shop.bjerring-sales.dk\/sv\/produkt\/munich-bankset\/#primaryimage\"},\"image\":{\"@id\":\"https:\/\/shop.bjerring-sales.dk\/sv\/produkt\/munich-bankset\/#primaryimage\"},\"thumbnailUrl\":\"https:\/\/shop.bjerring-sales.dk\/wp-content\/uploads\/2024\/09\/webb-munich1.jpg\",\"datePublished\":\"2018-02-04T01:17:26+00:00\",\"dateModified\":\"2025-05-22T13:47:39+00:00\",\"description\":\"Munich b\u00e4nkset med brun skiva i h\u00f6gdensitetspolyeten, stativet \u00e4r en gr\u00f6n pulverlackad st\u00e5lst\u00e4llning. B\u00e4nksetet passar till 8 personer och passar utm\u00e4rkt b\u00e5de inomhus och utomhus.\",\"breadcrumb\":{\"@id\":\"https:\/\/shop.bjerring-sales.dk\/sv\/produkt\/munich-bankset\/#breadcrumb\"},\"inLanguage\":\"da-DK\",\"potentialAction\":[{\"@type\":\"ReadAction\",\"target\":[\"https:\/\/shop.bjerring-sales.dk\/sv\/produkt\/munich-bankset\/\"]}]},{\"@type\":\"ImageObject\",\"inLanguage\":\"da-DK\",\"@id\":\"https:\/\/shop.bjerring-sales.dk\/sv\/produkt\/munich-bankset\/#primaryimage\",\"url\":\"https:\/\/shop.bjerring-sales.dk\/wp-content\/uploads\/2024\/09\/webb-munich1.jpg\",\"contentUrl\":\"https:\/\/shop.bjerring-sales.dk\/wp-content\/uploads\/2024\/09\/webb-munich1.jpg\",\"width\":800,\"height\":800},{\"@type\":\"BreadcrumbList\",\"@id\":\"https:\/\/shop.bjerring-sales.dk\/sv\/produkt\/munich-bankset\/#breadcrumb\",\"itemListElement\":[{\"@type\":\"ListItem\",\"position\":1,\"name\":\"Hem\",\"item\":\"https:\/\/shop.bjerring-sales.dk\/\"},{\"@type\":\"ListItem\",\"position\":2,\"name\":\"Webbutik\",\"item\":\"https:\/\/shop.bjerring-sales.dk\/butik\/\"},{\"@type\":\"ListItem\",\"position\":3,\"name\":\"Munich b\u00e4nkset\"}]},{\"@type\":\"WebSite\",\"@id\":\"https:\/\/shop.bjerring-sales.dk\/#website\",\"url\":\"https:\/\/shop.bjerring-sales.dk\/\",\"name\":\"Bjerring-Sales\",\"description\":\"M\u00f6bler f\u00f6r teatrar, skolor, kontor och k\u00f6pcentrum\",\"publisher\":{\"@id\":\"https:\/\/shop.bjerring-sales.dk\/#organization\"},\"potentialAction\":[{\"@type\":\"SearchAction\",\"target\":{\"@type\":\"EntryPoint\",\"urlTemplate\":\"https:\/\/shop.bjerring-sales.dk\/?s={search_term_string}\"},\"query-input\":{\"@type\":\"PropertyValueSpecification\",\"valueRequired\":true,\"valueName\":\"search_term_string\"}}],\"inLanguage\":\"da-DK\"},{\"@type\":\"Organization\",\"@id\":\"https:\/\/shop.bjerring-sales.dk\/#organization\",\"name\":\"Bjerring-Sales\",\"url\":\"https:\/\/shop.bjerring-sales.dk\/\",\"logo\":{\"@type\":\"ImageObject\",\"inLanguage\":\"da-DK\",\"@id\":\"https:\/\/shop.bjerring-sales.dk\/#\/schema\/logo\/image\/\",\"url\":\"https:\/\/shop.bjerring-sales.dk\/wp-content\/uploads\/2023\/01\/logo_sv.png\",\"contentUrl\":\"https:\/\/shop.bjerring-sales.dk\/wp-content\/uploads\/2023\/01\/logo_sv.png\",\"width\":195,\"height\":68,\"caption\":\"Bjerring-Sales\"},\"image\":{\"@id\":\"https:\/\/shop.bjerring-sales.dk\/#\/schema\/logo\/image\/\"}}]}<\/script>\n<!-- \/ Yoast SEO plugin. -->","yoast_head_json":{"title":"Munich b\u00e4nkset - Bjerring-Sales","description":"M\u00fcnchen bord\/b\u00e6nkes\u00e6t med brun top i high-density polyethylen, stellet er et gr\u00f8nt pulverlakeret st\u00e5lstel. B\u00e6nkes\u00e6det passer til 8 personer og er fremragende b\u00e5de indend\u00f8rs og udend\u00f8rs.","robots":{"index":"index","follow":"follow","max-snippet":"max-snippet:-1","max-image-preview":"max-image-preview:large","max-video-preview":"max-video-preview:-1"},"canonical":"https:\/\/shop.bjerring-sales.dk\/da\/vare\/munich-bankset\/","og_locale":"da_DK","og_type":"article","og_title":"Munich b\u00e4nkset - Bjerring-Sales","og_description":"Munich b\u00e4nkset med brun skiva i h\u00f6gdensitetspolyeten, stativet \u00e4r en gr\u00f6n pulverlackad st\u00e5lst\u00e4llning. B\u00e4nksetet passar till 8 personer och passar utm\u00e4rkt b\u00e5de inomhus och utomhus.","og_url":"https:\/\/shop.bjerring-sales.dk\/da\/vare\/munich-bankset\/","og_site_name":"Bjerring-Sales","article_modified_time":"2025-05-22T13:47:39+00:00","og_image":[{"width":800,"height":800,"url":"https:\/\/shop.bjerring-sales.dk\/wp-content\/uploads\/2024\/09\/webb-munich1.jpg","type":"image\/jpeg"}],"twitter_card":"summary_large_image","schema":{"@context":"https:\/\/schema.org","@graph":[{"@type":"WebPage","@id":"https:\/\/shop.bjerring-sales.dk\/sv\/produkt\/munich-bankset\/","url":"https:\/\/shop.bjerring-sales.dk\/sv\/produkt\/munich-bankset\/","name":"Munich b\u00e4nkset - Bjerring-Sales","isPartOf":{"@id":"https:\/\/shop.bjerring-sales.dk\/#website"},"primaryImageOfPage":{"@id":"https:\/\/shop.bjerring-sales.dk\/sv\/produkt\/munich-bankset\/#primaryimage"},"image":{"@id":"https:\/\/shop.bjerring-sales.dk\/sv\/produkt\/munich-bankset\/#primaryimage"},"thumbnailUrl":"https:\/\/shop.bjerring-sales.dk\/wp-content\/uploads\/2024\/09\/webb-munich1.jpg","datePublished":"2018-02-04T01:17:26+00:00","dateModified":"2025-05-22T13:47:39+00:00","description":"M\u00fcnchen bord\/b\u00e6nkes\u00e6t med brun top i high-density polyethylen, stellet er et gr\u00f8nt pulverlakeret st\u00e5lstel. B\u00e6nkes\u00e6det passer til 8 personer og er fremragende b\u00e5de indend\u00f8rs og udend\u00f8rs.","breadcrumb":{"@id":"https:\/\/shop.bjerring-sales.dk\/sv\/produkt\/munich-bankset\/#breadcrumb"},"inLanguage":"da-DK","potentialAction":[{"@type":"ReadAction","target":["https:\/\/shop.bjerring-sales.dk\/sv\/produkt\/munich-bankset\/"]}]},{"@type":"ImageObject","inLanguage":"da-DK","@id":"https:\/\/shop.bjerring-sales.dk\/sv\/produkt\/munich-bankset\/#primaryimage","url":"https:\/\/shop.bjerring-sales.dk\/wp-content\/uploads\/2024\/09\/webb-munich1.jpg","contentUrl":"https:\/\/shop.bjerring-sales.dk\/wp-content\/uploads\/2024\/09\/webb-munich1.jpg","width":800,"height":800},{"@type":"BreadcrumbList","@id":"https:\/\/shop.bjerring-sales.dk\/sv\/produkt\/munich-bankset\/#breadcrumb","itemListElement":[{"@type":"ListItem","position":1,"name":"Hem","item":"https:\/\/shop.bjerring-sales.dk\/"},{"@type":"ListItem","position":2,"name":"Webbutik","item":"https:\/\/shop.bjerring-sales.dk\/butik\/"},{"@type":"ListItem","position":3,"name":"Munich b\u00e4nkset"}]},{"@type":"WebSite","@id":"https:\/\/shop.bjerring-sales.dk\/#website","url":"https:\/\/shop.bjerring-sales.dk\/","name":"Bjerring-Salg","description":"M\u00f8bler til teatre, skoler, kontorer og indk\u00f8bscentre","publisher":{"@id":"https:\/\/shop.bjerring-sales.dk\/#organization"},"potentialAction":[{"@type":"SearchAction","target":{"@type":"EntryPoint","urlTemplate":"https:\/\/shop.bjerring-sales.dk\/?s={search_term_string}"},"query-input":{"@type":"PropertyValueSpecification","valueRequired":true,"valueName":"search_term_string"}}],"inLanguage":"da-DK"},{"@type":"Organization","@id":"https:\/\/shop.bjerring-sales.dk\/#organization","name":"Bjerring-Salg","url":"https:\/\/shop.bjerring-sales.dk\/","logo":{"@type":"ImageObject","inLanguage":"da-DK","@id":"https:\/\/shop.bjerring-sales.dk\/#\/schema\/logo\/image\/","url":"https:\/\/shop.bjerring-sales.dk\/wp-content\/uploads\/2023\/01\/logo_sv.png","contentUrl":"https:\/\/shop.bjerring-sales.dk\/wp-content\/uploads\/2023\/01\/logo_sv.png","width":195,"height":68,"caption":"Bjerring-Sales"},"image":{"@id":"https:\/\/shop.bjerring-sales.dk\/#\/schema\/logo\/image\/"}}]}},"_links":{"self":[{"href":"https:\/\/shop.bjerring-sales.dk\/da\/wp-json\/wp\/v2\/product\/62822","targetHints":{"allow":["GET"]}}],"collection":[{"href":"https:\/\/shop.bjerring-sales.dk\/da\/wp-json\/wp\/v2\/product"}],"about":[{"href":"https:\/\/shop.bjerring-sales.dk\/da\/wp-json\/wp\/v2\/types\/product"}],"wp:featuredmedia":[{"embeddable":true,"href":"https:\/\/shop.bjerring-sales.dk\/da\/wp-json\/wp\/v2\/media\/98684"}],"wp:attachment":[{"href":"https:\/\/shop.bjerring-sales.dk\/da\/wp-json\/wp\/v2\/media?parent=62822"}],"wp:term":[{"taxonomy":"product_brand","embeddable":true,"href":"https:\/\/shop.bjerring-sales.dk\/da\/wp-json\/wp\/v2\/product_brand?post=62822"},{"taxonomy":"product_cat","embeddable":true,"href":"https:\/\/shop.bjerring-sales.dk\/da\/wp-json\/wp\/v2\/product_cat?post=62822"},{"taxonomy":"product_tag","embeddable":true,"href":"https:\/\/shop.bjerring-sales.dk\/da\/wp-json\/wp\/v2\/product_tag?post=62822"}],"curies":[{"name":"wp","href":"https:\/\/api.w.org\/{rel}","templated":true}]}}