{"id":62761,"date":"2018-04-12T00:53:48","date_gmt":"2018-04-11T22:53:48","guid":{"rendered":"https:\/\/pule.se\/produkt\/stolsoverdrag\/"},"modified":"2026-04-14T20:44:04","modified_gmt":"2026-04-14T18:44:04","slug":"stolsoverdrag","status":"publish","type":"product","link":"https:\/\/shop.bjerring-sales.dk\/da\/vare\/stolsoverdrag\/","title":{"rendered":"Stolebetr\u00e6k"},"content":{"rendered":"<p><span style=\"font-size: 24pt\">Stolebetr\u00e6k lavet til eventbranchen<\/span><br \/>\nStolebetr\u00e6k i forskellige farver og af h\u00f8j kvalitet til klap- og stabelstole. En stor fordel ved vores stolebetr\u00e6k er, at de er fremstillet til eventbranchen. De lever fuldt op til de h\u00f8je krav, der stilles til b\u00e5de holdbarhed og kvalitet, hvilket ogs\u00e5 bliver bem\u00e6rket af personale og kunder. Stolebetr\u00e6kkene er desuden vaskbare, hvilket kan g\u00f8res i en almindelig vaskemaskine. I vores sortiment finder du stolebetr\u00e6k til vores klap- og stabelstole, de f\u00e5s ogs\u00e5 i en r\u00e6kke farver at v\u00e6lge imellem. Stolebetr\u00e6kkene er perfekte til forskellige typer arrangementer, feststeder, restauranter, hoteller og events.<\/p>\n<p>Hos BJERRING tilbyder vi omg\u00e5ende levering, hvilket er et resultat af at have n\u00e6sten alle vores produkter p\u00e5 lager.<\/p>\n<ul>\n<li>F\u00e5s i flere forskellige farver<\/li>\n<li>Holdbar<\/li>\n<li>Vaskbar<\/li>\n<\/ul>","protected":false},"excerpt":{"rendered":"<p>Stolebetr\u00e6k i forskellige farver og modeller til vores klap- og stabelstole. De er vaskbare og holdbare af meget god kvalitet.<\/p>","protected":false},"featured_media":100379,"template":"","meta":{"iawp_total_views":4},"product_brand":[],"product_cat":[5803,5792],"product_tag":[6135,6136],"class_list":{"0":"post-62761","1":"product","2":"type-product","3":"status-publish","4":"has-post-thumbnail","6":"product_cat-dukar-textilier","7":"product_cat-tillbehor-stolar","8":"product_tag-stolsoverdrag","9":"product_tag-vitt-overdrag","11":"first","12":"instock","13":"taxable","14":"shipping-taxable","15":"purchasable","16":"product-type-variable"},"yoast_head":"<!-- This site is optimized with the Yoast SEO plugin v27.0 - https:\/\/yoast.com\/product\/yoast-seo-wordpress\/ -->\n<title>Stols\u00f6verdrag - Bjerring-Sales<\/title>\n<meta name=\"description\" content=\"Stols\u00f6verdrag i olika f\u00e4rger och modeller till v\u00e5ra f\u00e4llbara och stapelbara stolar. Dom \u00e4r tv\u00e4ttbara och slitstarka av mycket god kvalitet.\" \/>\n<meta name=\"robots\" content=\"index, follow, max-snippet:-1, max-image-preview:large, max-video-preview:-1\" \/>\n<link rel=\"canonical\" href=\"https:\/\/shop.bjerring-sales.dk\/da\/vare\/stolsoverdrag\/\" \/>\n<meta property=\"og:locale\" content=\"da_DK\" \/>\n<meta property=\"og:type\" content=\"article\" \/>\n<meta property=\"og:title\" content=\"Stols\u00f6verdrag - Bjerring-Sales\" \/>\n<meta property=\"og:description\" content=\"Stols\u00f6verdrag i olika f\u00e4rger och modeller till v\u00e5ra f\u00e4llbara och stapelbara stolar. Dom \u00e4r tv\u00e4ttbara och slitstarka av mycket god kvalitet.\" \/>\n<meta property=\"og:url\" content=\"https:\/\/shop.bjerring-sales.dk\/da\/vare\/stolsoverdrag\/\" \/>\n<meta property=\"og:site_name\" content=\"Bjerring-Sales\" \/>\n<meta property=\"article:modified_time\" content=\"2026-04-14T18:44:04+00:00\" \/>\n<meta property=\"og:image\" content=\"https:\/\/shop.bjerring-sales.dk\/wp-content\/uploads\/2025\/02\/webb-eljstolsoverdrag-class.jpg\" \/>\n\t<meta property=\"og:image:width\" content=\"800\" \/>\n\t<meta property=\"og:image:height\" content=\"800\" \/>\n\t<meta property=\"og:image:type\" content=\"image\/jpeg\" \/>\n<meta name=\"twitter:card\" content=\"summary_large_image\" \/>\n<meta name=\"twitter:label1\" content=\"Estimeret l\u00e6setid\" \/>\n\t<meta name=\"twitter:data1\" content=\"1 minut\" \/>\n<script type=\"application\/ld+json\" class=\"yoast-schema-graph\">{\"@context\":\"https:\/\/schema.org\",\"@graph\":[{\"@type\":\"WebPage\",\"@id\":\"https:\/\/shop.bjerring-sales.dk\/sv\/produkt\/stolsoverdrag\/\",\"url\":\"https:\/\/shop.bjerring-sales.dk\/sv\/produkt\/stolsoverdrag\/\",\"name\":\"Stols\u00f6verdrag - Bjerring-Sales\",\"isPartOf\":{\"@id\":\"https:\/\/shop.bjerring-sales.dk\/#website\"},\"primaryImageOfPage\":{\"@id\":\"https:\/\/shop.bjerring-sales.dk\/sv\/produkt\/stolsoverdrag\/#primaryimage\"},\"image\":{\"@id\":\"https:\/\/shop.bjerring-sales.dk\/sv\/produkt\/stolsoverdrag\/#primaryimage\"},\"thumbnailUrl\":\"https:\/\/shop.bjerring-sales.dk\/wp-content\/uploads\/2025\/02\/webb-eljstolsoverdrag-class.jpg\",\"datePublished\":\"2018-04-11T22:53:48+00:00\",\"dateModified\":\"2026-04-14T18:44:04+00:00\",\"description\":\"Stols\u00f6verdrag i olika f\u00e4rger och modeller till v\u00e5ra f\u00e4llbara och stapelbara stolar. Dom \u00e4r tv\u00e4ttbara och slitstarka av mycket god kvalitet.\",\"breadcrumb\":{\"@id\":\"https:\/\/shop.bjerring-sales.dk\/sv\/produkt\/stolsoverdrag\/#breadcrumb\"},\"inLanguage\":\"da-DK\",\"potentialAction\":[{\"@type\":\"ReadAction\",\"target\":[\"https:\/\/shop.bjerring-sales.dk\/sv\/produkt\/stolsoverdrag\/\"]}]},{\"@type\":\"ImageObject\",\"inLanguage\":\"da-DK\",\"@id\":\"https:\/\/shop.bjerring-sales.dk\/sv\/produkt\/stolsoverdrag\/#primaryimage\",\"url\":\"https:\/\/shop.bjerring-sales.dk\/wp-content\/uploads\/2025\/02\/webb-eljstolsoverdrag-class.jpg\",\"contentUrl\":\"https:\/\/shop.bjerring-sales.dk\/wp-content\/uploads\/2025\/02\/webb-eljstolsoverdrag-class.jpg\",\"width\":800,\"height\":800},{\"@type\":\"BreadcrumbList\",\"@id\":\"https:\/\/shop.bjerring-sales.dk\/sv\/produkt\/stolsoverdrag\/#breadcrumb\",\"itemListElement\":[{\"@type\":\"ListItem\",\"position\":1,\"name\":\"Hem\",\"item\":\"https:\/\/shop.bjerring-sales.dk\/\"},{\"@type\":\"ListItem\",\"position\":2,\"name\":\"Webbutik\",\"item\":\"https:\/\/shop.bjerring-sales.dk\/butik\/\"},{\"@type\":\"ListItem\",\"position\":3,\"name\":\"Stols\u00f6verdrag\"}]},{\"@type\":\"WebSite\",\"@id\":\"https:\/\/shop.bjerring-sales.dk\/#website\",\"url\":\"https:\/\/shop.bjerring-sales.dk\/\",\"name\":\"Bjerring-Sales\",\"description\":\"M\u00f6bler f\u00f6r teatrar, skolor, kontor och k\u00f6pcentrum\",\"publisher\":{\"@id\":\"https:\/\/shop.bjerring-sales.dk\/#organization\"},\"potentialAction\":[{\"@type\":\"SearchAction\",\"target\":{\"@type\":\"EntryPoint\",\"urlTemplate\":\"https:\/\/shop.bjerring-sales.dk\/?s={search_term_string}\"},\"query-input\":{\"@type\":\"PropertyValueSpecification\",\"valueRequired\":true,\"valueName\":\"search_term_string\"}}],\"inLanguage\":\"da-DK\"},{\"@type\":\"Organization\",\"@id\":\"https:\/\/shop.bjerring-sales.dk\/#organization\",\"name\":\"Bjerring-Sales\",\"url\":\"https:\/\/shop.bjerring-sales.dk\/\",\"logo\":{\"@type\":\"ImageObject\",\"inLanguage\":\"da-DK\",\"@id\":\"https:\/\/shop.bjerring-sales.dk\/#\/schema\/logo\/image\/\",\"url\":\"https:\/\/shop.bjerring-sales.dk\/wp-content\/uploads\/2023\/01\/logo_sv.png\",\"contentUrl\":\"https:\/\/shop.bjerring-sales.dk\/wp-content\/uploads\/2023\/01\/logo_sv.png\",\"width\":195,\"height\":68,\"caption\":\"Bjerring-Sales\"},\"image\":{\"@id\":\"https:\/\/shop.bjerring-sales.dk\/#\/schema\/logo\/image\/\"}}]}<\/script>\n<!-- \/ Yoast SEO plugin. -->","yoast_head_json":{"title":"Stols\u00f6verdrag - Bjerring-Sales","description":"Stolebetr\u00e6k i forskellige farver og modeller til vores klap- og stabelstole. De er vaskbare og holdbare af meget god kvalitet.","robots":{"index":"index","follow":"follow","max-snippet":"max-snippet:-1","max-image-preview":"max-image-preview:large","max-video-preview":"max-video-preview:-1"},"canonical":"https:\/\/shop.bjerring-sales.dk\/da\/vare\/stolsoverdrag\/","og_locale":"da_DK","og_type":"article","og_title":"Stols\u00f6verdrag - Bjerring-Sales","og_description":"Stols\u00f6verdrag i olika f\u00e4rger och modeller till v\u00e5ra f\u00e4llbara och stapelbara stolar. Dom \u00e4r tv\u00e4ttbara och slitstarka av mycket god kvalitet.","og_url":"https:\/\/shop.bjerring-sales.dk\/da\/vare\/stolsoverdrag\/","og_site_name":"Bjerring-Sales","article_modified_time":"2026-04-14T18:44:04+00:00","og_image":[{"width":800,"height":800,"url":"https:\/\/shop.bjerring-sales.dk\/wp-content\/uploads\/2025\/02\/webb-eljstolsoverdrag-class.jpg","type":"image\/jpeg"}],"twitter_card":"summary_large_image","twitter_misc":{"Estimeret l\u00e6setid":"1 minut"},"schema":{"@context":"https:\/\/schema.org","@graph":[{"@type":"WebPage","@id":"https:\/\/shop.bjerring-sales.dk\/sv\/produkt\/stolsoverdrag\/","url":"https:\/\/shop.bjerring-sales.dk\/sv\/produkt\/stolsoverdrag\/","name":"Stols\u00f6verdrag - Bjerring-Sales","isPartOf":{"@id":"https:\/\/shop.bjerring-sales.dk\/#website"},"primaryImageOfPage":{"@id":"https:\/\/shop.bjerring-sales.dk\/sv\/produkt\/stolsoverdrag\/#primaryimage"},"image":{"@id":"https:\/\/shop.bjerring-sales.dk\/sv\/produkt\/stolsoverdrag\/#primaryimage"},"thumbnailUrl":"https:\/\/shop.bjerring-sales.dk\/wp-content\/uploads\/2025\/02\/webb-eljstolsoverdrag-class.jpg","datePublished":"2018-04-11T22:53:48+00:00","dateModified":"2026-04-14T18:44:04+00:00","description":"Stolebetr\u00e6k i forskellige farver og modeller til vores klap- og stabelstole. De er vaskbare og holdbare af meget god kvalitet.","breadcrumb":{"@id":"https:\/\/shop.bjerring-sales.dk\/sv\/produkt\/stolsoverdrag\/#breadcrumb"},"inLanguage":"da-DK","potentialAction":[{"@type":"ReadAction","target":["https:\/\/shop.bjerring-sales.dk\/sv\/produkt\/stolsoverdrag\/"]}]},{"@type":"ImageObject","inLanguage":"da-DK","@id":"https:\/\/shop.bjerring-sales.dk\/sv\/produkt\/stolsoverdrag\/#primaryimage","url":"https:\/\/shop.bjerring-sales.dk\/wp-content\/uploads\/2025\/02\/webb-eljstolsoverdrag-class.jpg","contentUrl":"https:\/\/shop.bjerring-sales.dk\/wp-content\/uploads\/2025\/02\/webb-eljstolsoverdrag-class.jpg","width":800,"height":800},{"@type":"BreadcrumbList","@id":"https:\/\/shop.bjerring-sales.dk\/sv\/produkt\/stolsoverdrag\/#breadcrumb","itemListElement":[{"@type":"ListItem","position":1,"name":"Hem","item":"https:\/\/shop.bjerring-sales.dk\/"},{"@type":"ListItem","position":2,"name":"Webbutik","item":"https:\/\/shop.bjerring-sales.dk\/butik\/"},{"@type":"ListItem","position":3,"name":"Stols\u00f6verdrag"}]},{"@type":"WebSite","@id":"https:\/\/shop.bjerring-sales.dk\/#website","url":"https:\/\/shop.bjerring-sales.dk\/","name":"Bjerring-Salg","description":"M\u00f8bler til teatre, skoler, kontorer og indk\u00f8bscentre","publisher":{"@id":"https:\/\/shop.bjerring-sales.dk\/#organization"},"potentialAction":[{"@type":"SearchAction","target":{"@type":"EntryPoint","urlTemplate":"https:\/\/shop.bjerring-sales.dk\/?s={search_term_string}"},"query-input":{"@type":"PropertyValueSpecification","valueRequired":true,"valueName":"search_term_string"}}],"inLanguage":"da-DK"},{"@type":"Organization","@id":"https:\/\/shop.bjerring-sales.dk\/#organization","name":"Bjerring-Salg","url":"https:\/\/shop.bjerring-sales.dk\/","logo":{"@type":"ImageObject","inLanguage":"da-DK","@id":"https:\/\/shop.bjerring-sales.dk\/#\/schema\/logo\/image\/","url":"https:\/\/shop.bjerring-sales.dk\/wp-content\/uploads\/2023\/01\/logo_sv.png","contentUrl":"https:\/\/shop.bjerring-sales.dk\/wp-content\/uploads\/2023\/01\/logo_sv.png","width":195,"height":68,"caption":"Bjerring-Sales"},"image":{"@id":"https:\/\/shop.bjerring-sales.dk\/#\/schema\/logo\/image\/"}}]}},"_links":{"self":[{"href":"https:\/\/shop.bjerring-sales.dk\/da\/wp-json\/wp\/v2\/product\/62761","targetHints":{"allow":["GET"]}}],"collection":[{"href":"https:\/\/shop.bjerring-sales.dk\/da\/wp-json\/wp\/v2\/product"}],"about":[{"href":"https:\/\/shop.bjerring-sales.dk\/da\/wp-json\/wp\/v2\/types\/product"}],"wp:featuredmedia":[{"embeddable":true,"href":"https:\/\/shop.bjerring-sales.dk\/da\/wp-json\/wp\/v2\/media\/100379"}],"wp:attachment":[{"href":"https:\/\/shop.bjerring-sales.dk\/da\/wp-json\/wp\/v2\/media?parent=62761"}],"wp:term":[{"taxonomy":"product_brand","embeddable":true,"href":"https:\/\/shop.bjerring-sales.dk\/da\/wp-json\/wp\/v2\/product_brand?post=62761"},{"taxonomy":"product_cat","embeddable":true,"href":"https:\/\/shop.bjerring-sales.dk\/da\/wp-json\/wp\/v2\/product_cat?post=62761"},{"taxonomy":"product_tag","embeddable":true,"href":"https:\/\/shop.bjerring-sales.dk\/da\/wp-json\/wp\/v2\/product_tag?post=62761"}],"curies":[{"name":"wp","href":"https:\/\/api.w.org\/{rel}","templated":true}]}}