{"id":62703,"date":"2017-09-03T00:34:22","date_gmt":"2017-09-02T22:34:22","guid":{"rendered":"https:\/\/pule.se\/produkt\/nice\/"},"modified":"2026-05-07T11:07:13","modified_gmt":"2026-05-07T09:07:13","slug":"nice","status":"publish","type":"product","link":"https:\/\/shop.bjerring-sales.dk\/da\/vare\/nice\/","title":{"rendered":"Nice"},"content":{"rendered":"<div class=\"wpb-content-wrapper\"><div class=\"vc_row wpb_row vc_row-fluid\"><div class=\"wpb_column vc_column_container vc_col-sm-12\"><div class=\"vc_column-inner\"><div class=\"wpb_wrapper\">\n\t<div class=\"wpb_text_column wpb_content_element\" >\n\t\t<div class=\"wpb_wrapper\">\n\t\t\t<p><span style=\"font-size: 24pt\">En stilfuld og komfortabel stabelbar og sammenkoblelig konferencestol<br \/>\n<\/span>Nice stolen er en stabelbar konferencestol i klassisk design. Stolen f\u00e5s i forskellige variationer med s\u00e6de og ryg i sort eller gr\u00e5t stof. Stellet f\u00e5s i s\u00f8lvgr\u00e5, sort og krom. Nice stolen er stabelbar, hvilket g\u00f8r den smart og nem at h\u00e5ndtere til konferencer og m\u00f8delokaler. B\u00e5de s\u00e6de og ryg er polstret og betrukket med et st\u00e6rkt og slidst\u00e6rkt stof, som bidrager til en stol med h\u00f8j siddekomfort.<\/p>\n<p>Det p\u00e6ne fuldsvejsede stel i pulverlakeret metal er med til at skabe et stilrent udtryk. Stellet bidrager ogs\u00e5 til, at Nice stolen bevarer sin stabilitet og levetid. Stolens design g\u00f8r, at den med sin lave v\u00e6gt er nem at h\u00e5ndtere og har god stabelbarhed. Den stabelbare Nice stol er blevet meget popul\u00e6r blandt vores forhandlere i Sverige og resten af Norden. \u00c5rsagen til succesen er fair priser, h\u00f8j kvalitet og tidl\u00f8st design.<\/p>\n<p>Stolen er velegnet til de fleste lejligheder og fester, is\u00e6r til m\u00f8delokaler, undervisning, konferencer, messer og events. Vi har speciallavet vogne til Nice stolen samt til alle vores andre stolemodeller.<\/p>\n<ul>\n<li>Stabelbar stol<\/li>\n<li>Stolen kan kobles sammen med hinanden<\/li>\n<li>Stabler ca 14 stk i h\u00f8jden<\/li>\n<li>Stabler ca 30 stk p\u00e5 vogn<\/li>\n<\/ul>\n\n\t\t<\/div>\n\t<\/div>\n<\/div><\/div><\/div><\/div><div class=\"vc_row wpb_row vc_row-fluid\"><div class=\"wpb_column vc_column_container vc_col-sm-12\"><div class=\"vc_column-inner\"><div class=\"wpb_wrapper\"><div class=\"vc_separator wpb_content_element vc_separator_align_center vc_sep_width_100 vc_sep_pos_align_center vc_separator_no_text vc_sep_color_grey\" ><span class=\"vc_sep_holder vc_sep_holder_l\"><span class=\"vc_sep_line\"><\/span><\/span><span class=\"vc_sep_holder vc_sep_holder_r\"><span class=\"vc_sep_line\"><\/span><\/span>\n<\/div><\/div><\/div><\/div><\/div><div class=\"vc_row wpb_row vc_row-fluid\"><div class=\"wpb_column vc_column_container vc_col-sm-6\"><div class=\"vc_column-inner\"><div class=\"wpb_wrapper\">\n\t<div class=\"wpb_text_column wpb_content_element\" >\n\t\t<div class=\"wpb_wrapper\">\n\t\t\t<p><span style=\"font-size: 18pt\">M\u00e5l p\u00e5 produkt H\/B\/D<br \/>\n<\/span>780x490x550 mm<\/p>\n<p>S\u00e6deh\u00f8jde: 445 mm<br \/>\nS\u00e6debredde: 400 mm<br \/>\nS\u00e6dedybde: 435 mm<\/p>\n<p><span style=\"font-size: 18pt\">Dimensioner af emballage<br \/>\n<\/span>880x525x610 (4-pak)<\/p>\n<p><span style=\"font-size: 18pt\">Materiale<br \/>\n<\/span>Stof af slidst\u00e6rkt polyester, stel er en forkromet alt. pulverlakeret r\u00f8rstel<\/p>\n\n\t\t<\/div>\n\t<\/div>\n<\/div><\/div><\/div><div class=\"wpb_column vc_column_container vc_col-sm-6\"><div class=\"vc_column-inner\"><div class=\"wpb_wrapper\">\n\t<div class=\"wpb_text_column wpb_content_element\" >\n\t\t<div class=\"wpb_wrapper\">\n\t\t\t<p><span style=\"font-size: 18pt\">V\u00e6gt<br \/>\n<\/span>4,6 kg<\/p>\n<p><span style=\"font-size: 18pt\">tilbeh\u00f8r<br \/>\n<\/span>Specielt fremstillede koblingsbeslag, s\u00e6debetr\u00e6k og vogne f\u00e5s i sortimentet.<\/p>\n\n\t\t<\/div>\n\t<\/div>\n<\/div><\/div><\/div><\/div>\n<\/div>","protected":false},"excerpt":{"rendered":"<p>Nice stolen er en elegant og praktisk konferencestol i klassisk design. Stolen f\u00e5s i forskellige variationer med s\u00e6de og ryg i sort eller gr\u00e5t stof. Stellet f\u00e5s i s\u00f8lvgr\u00e5, sort og krom.<\/p>","protected":false},"featured_media":98004,"template":"","meta":{"iawp_total_views":32},"product_brand":[],"product_cat":[5791,5629,5825,5848,5853],"product_tag":[5849,5850,6043,6246],"class_list":{"0":"post-62703","1":"product","2":"type-product","3":"status-publish","4":"has-post-thumbnail","6":"product_cat-stolar","7":"product_cat-kontorsmobler","8":"product_cat-stapelbara-stolar","9":"product_cat-kladda-stolar","10":"product_cat-konferensstolar","11":"product_tag-konferensstol","12":"product_tag-stapelbar-stol","13":"product_tag-tygkladd-stol","14":"product_tag-nice-stolen","16":"first","17":"instock","18":"taxable","19":"shipping-taxable","20":"purchasable","21":"product-type-variable"},"yoast_head":"<!-- This site is optimized with the Yoast SEO plugin v27.0 - https:\/\/yoast.com\/product\/yoast-seo-wordpress\/ -->\n<title>Nice - Bjerring-Sales<\/title>\n<meta name=\"description\" content=\"Nice stolen \u00e4r en elegant och praktisk konferensstol i klassisk design. Stolen finns i olika variationer med sits och rygg i svart eller gr\u00e5tt tyg. Stativet finns i silvergr\u00e5tt, svart och krom.\" \/>\n<meta name=\"robots\" content=\"index, follow, max-snippet:-1, max-image-preview:large, max-video-preview:-1\" \/>\n<link rel=\"canonical\" href=\"https:\/\/shop.bjerring-sales.dk\/da\/vare\/nice\/\" \/>\n<meta property=\"og:locale\" content=\"da_DK\" \/>\n<meta property=\"og:type\" content=\"article\" \/>\n<meta property=\"og:title\" content=\"Nice - Bjerring-Sales\" \/>\n<meta property=\"og:description\" content=\"Nice stolen \u00e4r en elegant och praktisk konferensstol i klassisk design. Stolen finns i olika variationer med sits och rygg i svart eller gr\u00e5tt tyg. Stativet finns i silvergr\u00e5tt, svart och krom.\" \/>\n<meta property=\"og:url\" content=\"https:\/\/shop.bjerring-sales.dk\/da\/vare\/nice\/\" \/>\n<meta property=\"og:site_name\" content=\"Bjerring-Sales\" \/>\n<meta property=\"article:modified_time\" content=\"2026-05-07T09:07:13+00:00\" \/>\n<meta property=\"og:image\" content=\"https:\/\/shop.bjerring-sales.dk\/wp-content\/uploads\/2024\/06\/webb-elj-nice-gr-kr.jpg\" \/>\n\t<meta property=\"og:image:width\" content=\"800\" \/>\n\t<meta property=\"og:image:height\" content=\"800\" \/>\n\t<meta property=\"og:image:type\" content=\"image\/jpeg\" \/>\n<meta name=\"twitter:card\" content=\"summary_large_image\" \/>\n<meta name=\"twitter:label1\" content=\"Estimeret l\u00e6setid\" \/>\n\t<meta name=\"twitter:data1\" content=\"2 minutter\" \/>\n<script type=\"application\/ld+json\" class=\"yoast-schema-graph\">{\"@context\":\"https:\/\/schema.org\",\"@graph\":[{\"@type\":\"WebPage\",\"@id\":\"https:\/\/shop.bjerring-sales.dk\/sv\/produkt\/nice\/\",\"url\":\"https:\/\/shop.bjerring-sales.dk\/sv\/produkt\/nice\/\",\"name\":\"Nice - Bjerring-Sales\",\"isPartOf\":{\"@id\":\"https:\/\/shop.bjerring-sales.dk\/#website\"},\"primaryImageOfPage\":{\"@id\":\"https:\/\/shop.bjerring-sales.dk\/sv\/produkt\/nice\/#primaryimage\"},\"image\":{\"@id\":\"https:\/\/shop.bjerring-sales.dk\/sv\/produkt\/nice\/#primaryimage\"},\"thumbnailUrl\":\"https:\/\/shop.bjerring-sales.dk\/wp-content\/uploads\/2024\/06\/webb-elj-nice-gr-kr.jpg\",\"datePublished\":\"2017-09-02T22:34:22+00:00\",\"dateModified\":\"2026-05-07T09:07:13+00:00\",\"description\":\"Nice stolen \u00e4r en elegant och praktisk konferensstol i klassisk design. Stolen finns i olika variationer med sits och rygg i svart eller gr\u00e5tt tyg. Stativet finns i silvergr\u00e5tt, svart och krom.\",\"breadcrumb\":{\"@id\":\"https:\/\/shop.bjerring-sales.dk\/sv\/produkt\/nice\/#breadcrumb\"},\"inLanguage\":\"da-DK\",\"potentialAction\":[{\"@type\":\"ReadAction\",\"target\":[\"https:\/\/shop.bjerring-sales.dk\/sv\/produkt\/nice\/\"]}]},{\"@type\":\"ImageObject\",\"inLanguage\":\"da-DK\",\"@id\":\"https:\/\/shop.bjerring-sales.dk\/sv\/produkt\/nice\/#primaryimage\",\"url\":\"https:\/\/shop.bjerring-sales.dk\/wp-content\/uploads\/2024\/06\/webb-elj-nice-gr-kr.jpg\",\"contentUrl\":\"https:\/\/shop.bjerring-sales.dk\/wp-content\/uploads\/2024\/06\/webb-elj-nice-gr-kr.jpg\",\"width\":800,\"height\":800},{\"@type\":\"BreadcrumbList\",\"@id\":\"https:\/\/shop.bjerring-sales.dk\/sv\/produkt\/nice\/#breadcrumb\",\"itemListElement\":[{\"@type\":\"ListItem\",\"position\":1,\"name\":\"Hem\",\"item\":\"https:\/\/shop.bjerring-sales.dk\/\"},{\"@type\":\"ListItem\",\"position\":2,\"name\":\"Webbutik\",\"item\":\"https:\/\/shop.bjerring-sales.dk\/butik\/\"},{\"@type\":\"ListItem\",\"position\":3,\"name\":\"Nice\"}]},{\"@type\":\"WebSite\",\"@id\":\"https:\/\/shop.bjerring-sales.dk\/#website\",\"url\":\"https:\/\/shop.bjerring-sales.dk\/\",\"name\":\"Bjerring-Sales\",\"description\":\"M\u00f6bler f\u00f6r teatrar, skolor, kontor och k\u00f6pcentrum\",\"publisher\":{\"@id\":\"https:\/\/shop.bjerring-sales.dk\/#organization\"},\"potentialAction\":[{\"@type\":\"SearchAction\",\"target\":{\"@type\":\"EntryPoint\",\"urlTemplate\":\"https:\/\/shop.bjerring-sales.dk\/?s={search_term_string}\"},\"query-input\":{\"@type\":\"PropertyValueSpecification\",\"valueRequired\":true,\"valueName\":\"search_term_string\"}}],\"inLanguage\":\"da-DK\"},{\"@type\":\"Organization\",\"@id\":\"https:\/\/shop.bjerring-sales.dk\/#organization\",\"name\":\"Bjerring-Sales\",\"url\":\"https:\/\/shop.bjerring-sales.dk\/\",\"logo\":{\"@type\":\"ImageObject\",\"inLanguage\":\"da-DK\",\"@id\":\"https:\/\/shop.bjerring-sales.dk\/#\/schema\/logo\/image\/\",\"url\":\"https:\/\/shop.bjerring-sales.dk\/wp-content\/uploads\/2023\/01\/logo_sv.png\",\"contentUrl\":\"https:\/\/shop.bjerring-sales.dk\/wp-content\/uploads\/2023\/01\/logo_sv.png\",\"width\":195,\"height\":68,\"caption\":\"Bjerring-Sales\"},\"image\":{\"@id\":\"https:\/\/shop.bjerring-sales.dk\/#\/schema\/logo\/image\/\"}}]}<\/script>\n<!-- \/ Yoast SEO plugin. -->","yoast_head_json":{"title":"Nice - Bjerring-Sales","description":"Nice stolen er en elegant og praktisk konferencestol i klassisk design. Stolen f\u00e5s i forskellige variationer med s\u00e6de og ryg i sort eller gr\u00e5t stof. Stellet f\u00e5s i s\u00f8lvgr\u00e5, sort og krom.","robots":{"index":"index","follow":"follow","max-snippet":"max-snippet:-1","max-image-preview":"max-image-preview:large","max-video-preview":"max-video-preview:-1"},"canonical":"https:\/\/shop.bjerring-sales.dk\/da\/vare\/nice\/","og_locale":"da_DK","og_type":"article","og_title":"Nice - Bjerring-Sales","og_description":"Nice stolen \u00e4r en elegant och praktisk konferensstol i klassisk design. Stolen finns i olika variationer med sits och rygg i svart eller gr\u00e5tt tyg. Stativet finns i silvergr\u00e5tt, svart och krom.","og_url":"https:\/\/shop.bjerring-sales.dk\/da\/vare\/nice\/","og_site_name":"Bjerring-Sales","article_modified_time":"2026-05-07T09:07:13+00:00","og_image":[{"width":800,"height":800,"url":"https:\/\/shop.bjerring-sales.dk\/wp-content\/uploads\/2024\/06\/webb-elj-nice-gr-kr.jpg","type":"image\/jpeg"}],"twitter_card":"summary_large_image","twitter_misc":{"Estimeret l\u00e6setid":"2 minutter"},"schema":{"@context":"https:\/\/schema.org","@graph":[{"@type":"WebPage","@id":"https:\/\/shop.bjerring-sales.dk\/sv\/produkt\/nice\/","url":"https:\/\/shop.bjerring-sales.dk\/sv\/produkt\/nice\/","name":"Nice - Bjerring-Sales","isPartOf":{"@id":"https:\/\/shop.bjerring-sales.dk\/#website"},"primaryImageOfPage":{"@id":"https:\/\/shop.bjerring-sales.dk\/sv\/produkt\/nice\/#primaryimage"},"image":{"@id":"https:\/\/shop.bjerring-sales.dk\/sv\/produkt\/nice\/#primaryimage"},"thumbnailUrl":"https:\/\/shop.bjerring-sales.dk\/wp-content\/uploads\/2024\/06\/webb-elj-nice-gr-kr.jpg","datePublished":"2017-09-02T22:34:22+00:00","dateModified":"2026-05-07T09:07:13+00:00","description":"Nice stolen er en elegant og praktisk konferencestol i klassisk design. Stolen f\u00e5s i forskellige variationer med s\u00e6de og ryg i sort eller gr\u00e5t stof. Stellet f\u00e5s i s\u00f8lvgr\u00e5, sort og krom.","breadcrumb":{"@id":"https:\/\/shop.bjerring-sales.dk\/sv\/produkt\/nice\/#breadcrumb"},"inLanguage":"da-DK","potentialAction":[{"@type":"ReadAction","target":["https:\/\/shop.bjerring-sales.dk\/sv\/produkt\/nice\/"]}]},{"@type":"ImageObject","inLanguage":"da-DK","@id":"https:\/\/shop.bjerring-sales.dk\/sv\/produkt\/nice\/#primaryimage","url":"https:\/\/shop.bjerring-sales.dk\/wp-content\/uploads\/2024\/06\/webb-elj-nice-gr-kr.jpg","contentUrl":"https:\/\/shop.bjerring-sales.dk\/wp-content\/uploads\/2024\/06\/webb-elj-nice-gr-kr.jpg","width":800,"height":800},{"@type":"BreadcrumbList","@id":"https:\/\/shop.bjerring-sales.dk\/sv\/produkt\/nice\/#breadcrumb","itemListElement":[{"@type":"ListItem","position":1,"name":"Hem","item":"https:\/\/shop.bjerring-sales.dk\/"},{"@type":"ListItem","position":2,"name":"Webbutik","item":"https:\/\/shop.bjerring-sales.dk\/butik\/"},{"@type":"ListItem","position":3,"name":"Nice"}]},{"@type":"WebSite","@id":"https:\/\/shop.bjerring-sales.dk\/#website","url":"https:\/\/shop.bjerring-sales.dk\/","name":"Bjerring-Salg","description":"M\u00f8bler til teatre, skoler, kontorer og indk\u00f8bscentre","publisher":{"@id":"https:\/\/shop.bjerring-sales.dk\/#organization"},"potentialAction":[{"@type":"SearchAction","target":{"@type":"EntryPoint","urlTemplate":"https:\/\/shop.bjerring-sales.dk\/?s={search_term_string}"},"query-input":{"@type":"PropertyValueSpecification","valueRequired":true,"valueName":"search_term_string"}}],"inLanguage":"da-DK"},{"@type":"Organization","@id":"https:\/\/shop.bjerring-sales.dk\/#organization","name":"Bjerring-Salg","url":"https:\/\/shop.bjerring-sales.dk\/","logo":{"@type":"ImageObject","inLanguage":"da-DK","@id":"https:\/\/shop.bjerring-sales.dk\/#\/schema\/logo\/image\/","url":"https:\/\/shop.bjerring-sales.dk\/wp-content\/uploads\/2023\/01\/logo_sv.png","contentUrl":"https:\/\/shop.bjerring-sales.dk\/wp-content\/uploads\/2023\/01\/logo_sv.png","width":195,"height":68,"caption":"Bjerring-Sales"},"image":{"@id":"https:\/\/shop.bjerring-sales.dk\/#\/schema\/logo\/image\/"}}]}},"_links":{"self":[{"href":"https:\/\/shop.bjerring-sales.dk\/da\/wp-json\/wp\/v2\/product\/62703","targetHints":{"allow":["GET"]}}],"collection":[{"href":"https:\/\/shop.bjerring-sales.dk\/da\/wp-json\/wp\/v2\/product"}],"about":[{"href":"https:\/\/shop.bjerring-sales.dk\/da\/wp-json\/wp\/v2\/types\/product"}],"wp:featuredmedia":[{"embeddable":true,"href":"https:\/\/shop.bjerring-sales.dk\/da\/wp-json\/wp\/v2\/media\/98004"}],"wp:attachment":[{"href":"https:\/\/shop.bjerring-sales.dk\/da\/wp-json\/wp\/v2\/media?parent=62703"}],"wp:term":[{"taxonomy":"product_brand","embeddable":true,"href":"https:\/\/shop.bjerring-sales.dk\/da\/wp-json\/wp\/v2\/product_brand?post=62703"},{"taxonomy":"product_cat","embeddable":true,"href":"https:\/\/shop.bjerring-sales.dk\/da\/wp-json\/wp\/v2\/product_cat?post=62703"},{"taxonomy":"product_tag","embeddable":true,"href":"https:\/\/shop.bjerring-sales.dk\/da\/wp-json\/wp\/v2\/product_tag?post=62703"}],"curies":[{"name":"wp","href":"https:\/\/api.w.org\/{rel}","templated":true}]}}