{"id":62694,"date":"2017-09-09T03:27:23","date_gmt":"2017-09-09T01:27:23","guid":{"rendered":"https:\/\/pule.se\/produkt\/toronto\/"},"modified":"2026-04-19T18:04:44","modified_gmt":"2026-04-19T16:04:44","slug":"toronto","status":"publish","type":"product","link":"https:\/\/shop.bjerring-sales.dk\/da\/vare\/toronto\/","title":{"rendered":"Toronto"},"content":{"rendered":"<div class=\"wpb-content-wrapper\"><div class=\"vc_row wpb_row vc_row-fluid\"><div class=\"wpb_column vc_column_container vc_col-sm-12\"><div class=\"vc_column-inner\"><div class=\"wpb_wrapper\">\n\t<div class=\"wpb_text_column wpb_content_element\" >\n\t\t<div class=\"wpb_wrapper\">\n\t\t\t<p><span style=\"font-size: 24pt\">Leder du efter en komfortabel og brandklassificeret klapstol?<\/span><br \/>\nToronto er en klapstol, der ogs\u00e5 er brandklassificeret. Stolen er fremragende til events, konferencer og andre lejligheder, hvor der stilles h\u00f8je krav til ergonomi og sikkerhed. Det faktum, at Toronto er brandklassificeret, er en af grundene til, at det er blevet popul\u00e6rt i det offentlige milj\u00f8. S\u00e6de og ryg er bekl\u00e6dt med sort brandklassificeret stof, og stellet er et sort pulverlakeret st\u00e5stel.<\/p>\n\n\t\t<\/div>\n\t<\/div>\n<\/div><\/div><\/div><\/div><div class=\"vc_row wpb_row vc_row-fluid\"><div class=\"wpb_column vc_column_container vc_col-sm-4\"><div class=\"vc_column-inner\"><div class=\"wpb_wrapper\">\n\t<div  class=\"wpb_single_image wpb_content_element vc_align_center\">\n\t\t\n\t\t<figure class=\"wpb_wrapper vc_figure\">\n\t\t\t<div class=\"vc_single_image-wrapper vc_box_shadow_border  vc_box_border_grey\"><img loading=\"lazy\" decoding=\"async\" width=\"800\" height=\"800\" src=\"https:\/\/shop.bjerring-sales.dk\/wp-content\/uploads\/2017\/09\/toronto-miljobild02-1.jpg\" class=\"vc_single_image-img attachment-full\" alt=\"\" title=\"toronto milj\u00f8billede02\" srcset=\"https:\/\/shop.bjerring-sales.dk\/wp-content\/uploads\/2017\/09\/toronto-miljobild02-1.jpg 800w, https:\/\/shop.bjerring-sales.dk\/wp-content\/uploads\/2017\/09\/toronto-miljobild02-1-300x300.jpg 300w, https:\/\/shop.bjerring-sales.dk\/wp-content\/uploads\/2017\/09\/toronto-miljobild02-1-150x150.jpg 150w, https:\/\/shop.bjerring-sales.dk\/wp-content\/uploads\/2017\/09\/toronto-miljobild02-1-600x600.jpg 600w, https:\/\/shop.bjerring-sales.dk\/wp-content\/uploads\/2017\/09\/toronto-miljobild02-1-768x768.jpg 768w\" sizes=\"auto, (max-width: 800px) 100vw, 800px\" \/><\/div>\n\t\t<\/figure>\n\t<\/div>\n<\/div><\/div><\/div><div class=\"wpb_column vc_column_container vc_col-sm-4\"><div class=\"vc_column-inner\"><div class=\"wpb_wrapper\">\n\t<div  class=\"wpb_single_image wpb_content_element vc_align_center\">\n\t\t\n\t\t<figure class=\"wpb_wrapper vc_figure\">\n\t\t\t<div class=\"vc_single_image-wrapper vc_box_shadow_border  vc_box_border_grey\"><img loading=\"lazy\" decoding=\"async\" width=\"800\" height=\"800\" src=\"https:\/\/shop.bjerring-sales.dk\/wp-content\/uploads\/2017\/09\/toronto-miljobild01-1.jpg\" class=\"vc_single_image-img attachment-full\" alt=\"\" title=\"toronto milj\u00f8billede01\" srcset=\"https:\/\/shop.bjerring-sales.dk\/wp-content\/uploads\/2017\/09\/toronto-miljobild01-1.jpg 800w, https:\/\/shop.bjerring-sales.dk\/wp-content\/uploads\/2017\/09\/toronto-miljobild01-1-300x300.jpg 300w, https:\/\/shop.bjerring-sales.dk\/wp-content\/uploads\/2017\/09\/toronto-miljobild01-1-150x150.jpg 150w, https:\/\/shop.bjerring-sales.dk\/wp-content\/uploads\/2017\/09\/toronto-miljobild01-1-600x600.jpg 600w, https:\/\/shop.bjerring-sales.dk\/wp-content\/uploads\/2017\/09\/toronto-miljobild01-1-768x768.jpg 768w\" sizes=\"auto, (max-width: 800px) 100vw, 800px\" \/><\/div>\n\t\t<\/figure>\n\t<\/div>\n<\/div><\/div><\/div><div class=\"wpb_column vc_column_container vc_col-sm-4\"><div class=\"vc_column-inner\"><div class=\"wpb_wrapper\">\n\t<div  class=\"wpb_single_image wpb_content_element vc_align_center\">\n\t\t\n\t\t<figure class=\"wpb_wrapper vc_figure\">\n\t\t\t<div class=\"vc_single_image-wrapper vc_box_shadow_border  vc_box_border_grey\"><img loading=\"lazy\" decoding=\"async\" width=\"800\" height=\"800\" src=\"https:\/\/shop.bjerring-sales.dk\/wp-content\/uploads\/2017\/09\/toronto-miljobild03-1.jpg\" class=\"vc_single_image-img attachment-full\" alt=\"\" title=\"toronto milj\u00f8billede03\" srcset=\"https:\/\/shop.bjerring-sales.dk\/wp-content\/uploads\/2017\/09\/toronto-miljobild03-1.jpg 800w, https:\/\/shop.bjerring-sales.dk\/wp-content\/uploads\/2017\/09\/toronto-miljobild03-1-300x300.jpg 300w, https:\/\/shop.bjerring-sales.dk\/wp-content\/uploads\/2017\/09\/toronto-miljobild03-1-150x150.jpg 150w, https:\/\/shop.bjerring-sales.dk\/wp-content\/uploads\/2017\/09\/toronto-miljobild03-1-600x600.jpg 600w, https:\/\/shop.bjerring-sales.dk\/wp-content\/uploads\/2017\/09\/toronto-miljobild03-1-768x768.jpg 768w\" sizes=\"auto, (max-width: 800px) 100vw, 800px\" \/><\/div>\n\t\t<\/figure>\n\t<\/div>\n<\/div><\/div><\/div><\/div><div class=\"vc_row wpb_row vc_row-fluid\"><div class=\"wpb_column vc_column_container vc_col-sm-6\"><div class=\"vc_column-inner\"><div class=\"wpb_wrapper\">\n\t<div class=\"wpb_text_column wpb_content_element\" >\n\t\t<div class=\"wpb_wrapper\">\n\t\t\t<p><span style=\"font-size: 18pt\">M\u00e5l p\u00e5 produkt H\/B\/D<br \/>\n<\/span>915x480x550 mm<br \/>\nS\u00e6deh\u00f8jde: 460 mm<br \/>\nS\u00e6debredde: 380 mm<br \/>\nS\u00e6dedybde: 380 mm<br \/>\nSammenfoldet stol: 1140x480x125 mm<\/p>\n<p><span style=\"font-size: 18pt\">Dimensioner af emballage<br \/>\n<\/span>1155x245x470 mm (4-PAK)<\/p>\n<p><span style=\"font-size: 18pt\">Materiale<br \/>\n<\/span>S\u00e6de og ryg er polstret med brandbed\u00f8mt skum og d\u00e6kket af slidst\u00e6rkt og brandklassificeret stof. Stellet er et pulverlakeret st\u00e5lstel.<\/p>\n<p>Anbefalet maksimal belastning p\u00e5 190 kg<\/p>\n\n\t\t<\/div>\n\t<\/div>\n<\/div><\/div><\/div><div class=\"wpb_column vc_column_container vc_col-sm-6\"><div class=\"vc_column-inner\"><div class=\"wpb_wrapper\">\n\t<div class=\"wpb_text_column wpb_content_element\" >\n\t\t<div class=\"wpb_wrapper\">\n\t\t\t<p><span style=\"font-size: 18pt\">V\u00e6gt<br \/>\n<\/span>5,2 kg<\/p>\n<p><span style=\"font-size: 18pt\">tilbeh\u00f8r<br \/>\n<\/span>Specialfremstillede trolley- og koblingsbeslag f\u00e5s til Toronto stolen i sortimentet.<\/p>\n\n\t\t<\/div>\n\t<\/div>\n<\/div><\/div><\/div><\/div>\n<\/div>","protected":false},"excerpt":{"rendered":"<p>Toronto er en klapstol, der ogs\u00e5 er brandklassificeret. Stolen er fremragende til events, konferencer og andre lejligheder, hvor der stilles h\u00f8je krav til ergonomi og sikkerhed.<\/p>","protected":false},"featured_media":99017,"template":"","meta":{"iawp_total_views":42},"product_brand":[],"product_cat":[5791,5895,5848,5853,6350],"product_tag":[5849,6043,6114,6164,6245],"class_list":{"0":"post-62694","1":"product","2":"type-product","3":"status-publish","4":"has-post-thumbnail","6":"product_cat-stolar","7":"product_cat-fallbara-stolar","8":"product_cat-kladda-stolar","9":"product_cat-konferensstolar","10":"product_cat-new-zown-classic","11":"product_tag-konferensstol","12":"product_tag-tygkladd-stol","13":"product_tag-fallbar-stol","14":"product_tag-event-stol","15":"product_tag-toronto-stolen","17":"first","18":"instock","19":"taxable","20":"shipping-taxable","21":"purchasable","22":"product-type-simple"},"yoast_head":"<!-- This site is optimized with the Yoast SEO plugin v27.0 - https:\/\/yoast.com\/product\/yoast-seo-wordpress\/ -->\n<title>Toronto - Bjerring-Sales<\/title>\n<meta name=\"description\" content=\"Toronto \u00e4r en f\u00e4llbar stol som ocks\u00e5 \u00e4r brandklassad. Stolen passar utm\u00e4rkt f\u00f6r event, konferenser samt andra tillf\u00e4llen d\u00e4r det st\u00e4lls h\u00f6ga krav p\u00e5 ergonomi och s\u00e4kerhet.\" \/>\n<meta name=\"robots\" content=\"index, follow, max-snippet:-1, max-image-preview:large, max-video-preview:-1\" \/>\n<link rel=\"canonical\" href=\"https:\/\/shop.bjerring-sales.dk\/da\/vare\/toronto\/\" \/>\n<meta property=\"og:locale\" content=\"da_DK\" \/>\n<meta property=\"og:type\" content=\"article\" \/>\n<meta property=\"og:title\" content=\"Toronto - Bjerring-Sales\" \/>\n<meta property=\"og:description\" content=\"Toronto \u00e4r en f\u00e4llbar stol som ocks\u00e5 \u00e4r brandklassad. Stolen passar utm\u00e4rkt f\u00f6r event, konferenser samt andra tillf\u00e4llen d\u00e4r det st\u00e4lls h\u00f6ga krav p\u00e5 ergonomi och s\u00e4kerhet.\" \/>\n<meta property=\"og:url\" content=\"https:\/\/shop.bjerring-sales.dk\/da\/vare\/toronto\/\" \/>\n<meta property=\"og:site_name\" content=\"Bjerring-Sales\" \/>\n<meta property=\"article:modified_time\" content=\"2026-04-19T16:04:44+00:00\" \/>\n<meta property=\"og:image\" content=\"https:\/\/shop.bjerring-sales.dk\/wp-content\/uploads\/2024\/10\/webb-toronto.jpg\" \/>\n\t<meta property=\"og:image:width\" content=\"800\" \/>\n\t<meta property=\"og:image:height\" content=\"800\" \/>\n\t<meta property=\"og:image:type\" content=\"image\/jpeg\" \/>\n<meta name=\"twitter:card\" content=\"summary_large_image\" \/>\n<meta name=\"twitter:label1\" content=\"Estimeret l\u00e6setid\" \/>\n\t<meta name=\"twitter:data1\" content=\"1 minut\" \/>\n<script type=\"application\/ld+json\" class=\"yoast-schema-graph\">{\"@context\":\"https:\/\/schema.org\",\"@graph\":[{\"@type\":\"WebPage\",\"@id\":\"https:\/\/shop.bjerring-sales.dk\/sv\/produkt\/toronto\/\",\"url\":\"https:\/\/shop.bjerring-sales.dk\/sv\/produkt\/toronto\/\",\"name\":\"Toronto - Bjerring-Sales\",\"isPartOf\":{\"@id\":\"https:\/\/shop.bjerring-sales.dk\/#website\"},\"primaryImageOfPage\":{\"@id\":\"https:\/\/shop.bjerring-sales.dk\/sv\/produkt\/toronto\/#primaryimage\"},\"image\":{\"@id\":\"https:\/\/shop.bjerring-sales.dk\/sv\/produkt\/toronto\/#primaryimage\"},\"thumbnailUrl\":\"https:\/\/shop.bjerring-sales.dk\/wp-content\/uploads\/2024\/10\/webb-toronto.jpg\",\"datePublished\":\"2017-09-09T01:27:23+00:00\",\"dateModified\":\"2026-04-19T16:04:44+00:00\",\"description\":\"Toronto \u00e4r en f\u00e4llbar stol som ocks\u00e5 \u00e4r brandklassad. Stolen passar utm\u00e4rkt f\u00f6r event, konferenser samt andra tillf\u00e4llen d\u00e4r det st\u00e4lls h\u00f6ga krav p\u00e5 ergonomi och s\u00e4kerhet.\",\"breadcrumb\":{\"@id\":\"https:\/\/shop.bjerring-sales.dk\/sv\/produkt\/toronto\/#breadcrumb\"},\"inLanguage\":\"da-DK\",\"potentialAction\":[{\"@type\":\"ReadAction\",\"target\":[\"https:\/\/shop.bjerring-sales.dk\/sv\/produkt\/toronto\/\"]}]},{\"@type\":\"ImageObject\",\"inLanguage\":\"da-DK\",\"@id\":\"https:\/\/shop.bjerring-sales.dk\/sv\/produkt\/toronto\/#primaryimage\",\"url\":\"https:\/\/shop.bjerring-sales.dk\/wp-content\/uploads\/2024\/10\/webb-toronto.jpg\",\"contentUrl\":\"https:\/\/shop.bjerring-sales.dk\/wp-content\/uploads\/2024\/10\/webb-toronto.jpg\",\"width\":800,\"height\":800},{\"@type\":\"BreadcrumbList\",\"@id\":\"https:\/\/shop.bjerring-sales.dk\/sv\/produkt\/toronto\/#breadcrumb\",\"itemListElement\":[{\"@type\":\"ListItem\",\"position\":1,\"name\":\"Hem\",\"item\":\"https:\/\/shop.bjerring-sales.dk\/\"},{\"@type\":\"ListItem\",\"position\":2,\"name\":\"Webbutik\",\"item\":\"https:\/\/shop.bjerring-sales.dk\/butik\/\"},{\"@type\":\"ListItem\",\"position\":3,\"name\":\"Toronto\"}]},{\"@type\":\"WebSite\",\"@id\":\"https:\/\/shop.bjerring-sales.dk\/#website\",\"url\":\"https:\/\/shop.bjerring-sales.dk\/\",\"name\":\"Bjerring-Sales\",\"description\":\"M\u00f6bler f\u00f6r teatrar, skolor, kontor och k\u00f6pcentrum\",\"publisher\":{\"@id\":\"https:\/\/shop.bjerring-sales.dk\/#organization\"},\"potentialAction\":[{\"@type\":\"SearchAction\",\"target\":{\"@type\":\"EntryPoint\",\"urlTemplate\":\"https:\/\/shop.bjerring-sales.dk\/?s={search_term_string}\"},\"query-input\":{\"@type\":\"PropertyValueSpecification\",\"valueRequired\":true,\"valueName\":\"search_term_string\"}}],\"inLanguage\":\"da-DK\"},{\"@type\":\"Organization\",\"@id\":\"https:\/\/shop.bjerring-sales.dk\/#organization\",\"name\":\"Bjerring-Sales\",\"url\":\"https:\/\/shop.bjerring-sales.dk\/\",\"logo\":{\"@type\":\"ImageObject\",\"inLanguage\":\"da-DK\",\"@id\":\"https:\/\/shop.bjerring-sales.dk\/#\/schema\/logo\/image\/\",\"url\":\"https:\/\/shop.bjerring-sales.dk\/wp-content\/uploads\/2023\/01\/logo_sv.png\",\"contentUrl\":\"https:\/\/shop.bjerring-sales.dk\/wp-content\/uploads\/2023\/01\/logo_sv.png\",\"width\":195,\"height\":68,\"caption\":\"Bjerring-Sales\"},\"image\":{\"@id\":\"https:\/\/shop.bjerring-sales.dk\/#\/schema\/logo\/image\/\"}}]}<\/script>\n<!-- \/ Yoast SEO plugin. -->","yoast_head_json":{"title":"Toronto - Bjerring-Sales","description":"Toronto er en klapstol, der ogs\u00e5 er brandklassificeret. Stolen er fremragende til events, konferencer og andre lejligheder, hvor der stilles h\u00f8je krav til ergonomi og sikkerhed.","robots":{"index":"index","follow":"follow","max-snippet":"max-snippet:-1","max-image-preview":"max-image-preview:large","max-video-preview":"max-video-preview:-1"},"canonical":"https:\/\/shop.bjerring-sales.dk\/da\/vare\/toronto\/","og_locale":"da_DK","og_type":"article","og_title":"Toronto - Bjerring-Sales","og_description":"Toronto \u00e4r en f\u00e4llbar stol som ocks\u00e5 \u00e4r brandklassad. Stolen passar utm\u00e4rkt f\u00f6r event, konferenser samt andra tillf\u00e4llen d\u00e4r det st\u00e4lls h\u00f6ga krav p\u00e5 ergonomi och s\u00e4kerhet.","og_url":"https:\/\/shop.bjerring-sales.dk\/da\/vare\/toronto\/","og_site_name":"Bjerring-Sales","article_modified_time":"2026-04-19T16:04:44+00:00","og_image":[{"width":800,"height":800,"url":"https:\/\/shop.bjerring-sales.dk\/wp-content\/uploads\/2024\/10\/webb-toronto.jpg","type":"image\/jpeg"}],"twitter_card":"summary_large_image","twitter_misc":{"Estimeret l\u00e6setid":"1 minut"},"schema":{"@context":"https:\/\/schema.org","@graph":[{"@type":"WebPage","@id":"https:\/\/shop.bjerring-sales.dk\/sv\/produkt\/toronto\/","url":"https:\/\/shop.bjerring-sales.dk\/sv\/produkt\/toronto\/","name":"Toronto - Bjerring-Sales","isPartOf":{"@id":"https:\/\/shop.bjerring-sales.dk\/#website"},"primaryImageOfPage":{"@id":"https:\/\/shop.bjerring-sales.dk\/sv\/produkt\/toronto\/#primaryimage"},"image":{"@id":"https:\/\/shop.bjerring-sales.dk\/sv\/produkt\/toronto\/#primaryimage"},"thumbnailUrl":"https:\/\/shop.bjerring-sales.dk\/wp-content\/uploads\/2024\/10\/webb-toronto.jpg","datePublished":"2017-09-09T01:27:23+00:00","dateModified":"2026-04-19T16:04:44+00:00","description":"Toronto er en klapstol, der ogs\u00e5 er brandklassificeret. Stolen er fremragende til events, konferencer og andre lejligheder, hvor der stilles h\u00f8je krav til ergonomi og sikkerhed.","breadcrumb":{"@id":"https:\/\/shop.bjerring-sales.dk\/sv\/produkt\/toronto\/#breadcrumb"},"inLanguage":"da-DK","potentialAction":[{"@type":"ReadAction","target":["https:\/\/shop.bjerring-sales.dk\/sv\/produkt\/toronto\/"]}]},{"@type":"ImageObject","inLanguage":"da-DK","@id":"https:\/\/shop.bjerring-sales.dk\/sv\/produkt\/toronto\/#primaryimage","url":"https:\/\/shop.bjerring-sales.dk\/wp-content\/uploads\/2024\/10\/webb-toronto.jpg","contentUrl":"https:\/\/shop.bjerring-sales.dk\/wp-content\/uploads\/2024\/10\/webb-toronto.jpg","width":800,"height":800},{"@type":"BreadcrumbList","@id":"https:\/\/shop.bjerring-sales.dk\/sv\/produkt\/toronto\/#breadcrumb","itemListElement":[{"@type":"ListItem","position":1,"name":"Hem","item":"https:\/\/shop.bjerring-sales.dk\/"},{"@type":"ListItem","position":2,"name":"Webbutik","item":"https:\/\/shop.bjerring-sales.dk\/butik\/"},{"@type":"ListItem","position":3,"name":"Toronto"}]},{"@type":"WebSite","@id":"https:\/\/shop.bjerring-sales.dk\/#website","url":"https:\/\/shop.bjerring-sales.dk\/","name":"Bjerring-Salg","description":"M\u00f8bler til teatre, skoler, kontorer og indk\u00f8bscentre","publisher":{"@id":"https:\/\/shop.bjerring-sales.dk\/#organization"},"potentialAction":[{"@type":"SearchAction","target":{"@type":"EntryPoint","urlTemplate":"https:\/\/shop.bjerring-sales.dk\/?s={search_term_string}"},"query-input":{"@type":"PropertyValueSpecification","valueRequired":true,"valueName":"search_term_string"}}],"inLanguage":"da-DK"},{"@type":"Organization","@id":"https:\/\/shop.bjerring-sales.dk\/#organization","name":"Bjerring-Salg","url":"https:\/\/shop.bjerring-sales.dk\/","logo":{"@type":"ImageObject","inLanguage":"da-DK","@id":"https:\/\/shop.bjerring-sales.dk\/#\/schema\/logo\/image\/","url":"https:\/\/shop.bjerring-sales.dk\/wp-content\/uploads\/2023\/01\/logo_sv.png","contentUrl":"https:\/\/shop.bjerring-sales.dk\/wp-content\/uploads\/2023\/01\/logo_sv.png","width":195,"height":68,"caption":"Bjerring-Sales"},"image":{"@id":"https:\/\/shop.bjerring-sales.dk\/#\/schema\/logo\/image\/"}}]}},"_links":{"self":[{"href":"https:\/\/shop.bjerring-sales.dk\/da\/wp-json\/wp\/v2\/product\/62694","targetHints":{"allow":["GET"]}}],"collection":[{"href":"https:\/\/shop.bjerring-sales.dk\/da\/wp-json\/wp\/v2\/product"}],"about":[{"href":"https:\/\/shop.bjerring-sales.dk\/da\/wp-json\/wp\/v2\/types\/product"}],"wp:featuredmedia":[{"embeddable":true,"href":"https:\/\/shop.bjerring-sales.dk\/da\/wp-json\/wp\/v2\/media\/99017"}],"wp:attachment":[{"href":"https:\/\/shop.bjerring-sales.dk\/da\/wp-json\/wp\/v2\/media?parent=62694"}],"wp:term":[{"taxonomy":"product_brand","embeddable":true,"href":"https:\/\/shop.bjerring-sales.dk\/da\/wp-json\/wp\/v2\/product_brand?post=62694"},{"taxonomy":"product_cat","embeddable":true,"href":"https:\/\/shop.bjerring-sales.dk\/da\/wp-json\/wp\/v2\/product_cat?post=62694"},{"taxonomy":"product_tag","embeddable":true,"href":"https:\/\/shop.bjerring-sales.dk\/da\/wp-json\/wp\/v2\/product_tag?post=62694"}],"curies":[{"name":"wp","href":"https:\/\/api.w.org\/{rel}","templated":true}]}}