{"id":62689,"date":"2017-09-13T20:48:57","date_gmt":"2017-09-13T18:48:57","guid":{"rendered":"https:\/\/pule.se\/produkt\/vagn-till-bord\/"},"modified":"2026-04-10T07:19:38","modified_gmt":"2026-04-10T05:19:38","slug":"vagn-till-bord","status":"publish","type":"product","link":"https:\/\/shop.bjerring-sales.dk\/da\/vare\/vagn-till-bord\/","title":{"rendered":"Vogn til bord"},"content":{"rendered":"<div class=\"wpb-content-wrapper\"><div class=\"vc_row wpb_row vc_row-fluid\"><div class=\"wpb_column vc_column_container vc_col-sm-12\"><div class=\"vc_column-inner\"><div class=\"wpb_wrapper\">\n\t<div class=\"wpb_text_column wpb_content_element\" >\n\t\t<div class=\"wpb_wrapper\">\n\t\t\t<p><span style=\"font-size: 24pt\">En praktisk bordvogn til transport og opbevaring af klapborde<br \/>\n<\/span>Bordvognen, som f\u00e5s i forskellige st\u00f8rrelser, er en fleksibel vogn til transport og opbevaring af klapborde, st\u00e5borde og undervisningsborde. Perfekt til forsamlingshuse, festlokaler, messer og konferencer, hvor antallet af brugte borde varierer. Se tabellen nedenfor for at se hvilken vogn der bruges til hvilket bord.<\/p>\n\n\t\t<\/div>\n\t<\/div>\n<\/div><\/div><\/div><\/div><div class=\"vc_row wpb_row vc_row-fluid\"><div class=\"wpb_column vc_column_container vc_col-sm-12\"><div class=\"vc_column-inner\"><div class=\"wpb_wrapper\"><div class=\"vc_separator wpb_content_element vc_separator_align_center vc_sep_width_100 vc_sep_pos_align_center vc_separator_no_text vc_sep_color_grey\" ><span class=\"vc_sep_holder vc_sep_holder_l\"><span class=\"vc_sep_line\"><\/span><\/span><span class=\"vc_sep_holder vc_sep_holder_r\"><span class=\"vc_sep_line\"><\/span><\/span>\n<\/div><\/div><\/div><\/div><\/div><div class=\"vc_row wpb_row vc_row-fluid\"><div class=\"wpb_column vc_column_container vc_col-sm-6\"><div class=\"vc_column-inner\"><div class=\"wpb_wrapper\">\n\t<div class=\"wpb_text_column wpb_content_element\" >\n\t\t<div class=\"wpb_wrapper\">\n\t\t\t<p><span style=\"font-size: 18pt\">Specifikationer<\/span><\/p>\n<ul style=\"list-style-type: circle\">\n<li>F\u00e5s i 3 forskellige modeller<\/li>\n<li>Metalstel med 4 hjul<\/li>\n<li>Tr\u00e6bund<\/li>\n<li>Opbevar bordene lodret mod den korte\/lange side<\/li>\n<li>Plads til 7-17 borde afh\u00e6ngigt af bordmodel og om de er stablet p\u00e5 kortsiden eller langsiden<\/li>\n<\/ul>\n\n\t\t<\/div>\n\t<\/div>\n<\/div><\/div><\/div><div class=\"wpb_column vc_column_container vc_col-sm-6\"><div class=\"vc_column-inner\"><div class=\"wpb_wrapper\">\n\t<div class=\"wpb_text_column wpb_content_element\" >\n\t\t<div class=\"wpb_wrapper\">\n\t\t\t<p><span style=\"font-size: 18pt\">Hvor mange borde kan vognene rumme?<br \/>\n<\/span>Vognene rummer 7-17 borde, alt efter bordmodel og om de er stablet p\u00e5 kort- eller langside<\/p>\n\n\t\t<\/div>\n\t<\/div>\n<\/div><\/div><\/div><\/div><div class=\"vc_row wpb_row vc_row-fluid\"><div class=\"wpb_column vc_column_container vc_col-sm-12\"><div class=\"vc_column-inner\"><div class=\"wpb_wrapper\"><div class=\"vc_separator wpb_content_element vc_separator_align_center vc_sep_width_100 vc_sep_pos_align_center vc_separator_no_text vc_sep_color_grey\" ><span class=\"vc_sep_holder vc_sep_holder_l\"><span class=\"vc_sep_line\"><\/span><\/span><span class=\"vc_sep_holder vc_sep_holder_r\"><span class=\"vc_sep_line\"><\/span><\/span>\n<\/div><\/div><\/div><\/div><\/div><div class=\"vc_row wpb_row vc_row-fluid\"><div class=\"wpb_column vc_column_container vc_col-sm-4\"><div class=\"vc_column-inner\"><div class=\"wpb_wrapper\">\n\t<div class=\"wpb_text_column wpb_content_element\" >\n\t\t<div class=\"wpb_wrapper\">\n\t\t\t<p><span style=\"font-size: 18pt\">Vogn til bord 90 cm<\/span><\/p>\n<ul style=\"list-style-type: disc\">\n<li>M\u00e5l: 97x76x131 cm<\/li>\n<li>V\u00e6gt: 36 kg<\/li>\n<li>Max. belastning: 300 kg<\/li>\n<li><strong>Event-\/Partybord<\/strong>, alle st\u00f8rrelser: ca 15-16 stk<\/li>\n<li><strong>Kongress Style\/Dinner Style<\/strong>: 10 m mod den korte side, 8 m mod den lange side<\/li>\n<li><strong>Starko 120\u00d745 cm<\/strong>: 10 stk<\/li>\n<li><strong>Starko 120\u00d750 cm<\/strong>: 10 stk<\/li>\n<li><strong>Starko 120\u00d760 cm<\/strong>: 9 stk<\/li>\n<li><strong>Starko 120\u00d770 cm<\/strong>: 8 stk<\/li>\n<li><strong>Starko 120\u00d780 cm<\/strong>: 7 stk<\/li>\n<li><strong>Starko 140\u00d760 cm<\/strong>: 9 stk<\/li>\n<li><strong>Starko180\u00d770 cm<\/strong>: 8 stk<\/li>\n<li><strong>Starko 180\u00d780 cm<\/strong>: 7 stk<\/li>\n<li><strong>Flip 85 cm<\/strong>: ca 10-15 stk alt efter om du placerer dem p\u00e5 h\u00f8jden eller bredden<\/li>\n<li><strong>Cafe runda<\/strong>: ca 10 stk<\/li>\n<\/ul>\n\n\t\t<\/div>\n\t<\/div>\n<\/div><\/div><\/div><div class=\"wpb_column vc_column_container vc_col-sm-4\"><div class=\"vc_column-inner\"><div class=\"wpb_wrapper\">\n\t<div class=\"wpb_text_column wpb_content_element\" >\n\t\t<div class=\"wpb_wrapper\">\n\t\t\t<p><span style=\"font-size: 18pt\">Vogn til bord 113 cm<br \/>\n<\/span><\/p>\n<ul style=\"list-style-type: disc\">\n<li>M\u00e5l: 120x76x131 cm<\/li>\n<li>V\u00e6gt: 39 kg<\/li>\n<li>Max. belastning: 300 kg<\/li>\n<li><strong>Kongress Style\/Dinner Style<\/strong>: 13 m stablet mod den korte side<\/li>\n<li><strong>Event-\/Partybord<\/strong>, alle st\u00f8rrelser: ca 18 stk<\/li>\n<\/ul>\n\n\t\t<\/div>\n\t<\/div>\n<\/div><\/div><\/div><div class=\"wpb_column vc_column_container vc_col-sm-4\"><div class=\"vc_column-inner\"><div class=\"wpb_wrapper\">\n\t<div class=\"wpb_text_column wpb_content_element\" >\n\t\t<div class=\"wpb_wrapper\">\n\t\t\t<p><span style=\"font-size: 18pt\">Vogn til bord Examen<br \/>\n<\/span><\/p>\n<ul style=\"list-style-type: disc\">\n<li>M\u00e5l: 97x76x115 cm<\/li>\n<li>V\u00e6gt: 35 kg<\/li>\n<li>Max. belastning: 300 kg<\/li>\n<li><strong>Examen<\/strong>: Plads til ca 11 stk<\/li>\n<\/ul>\n\n\t\t<\/div>\n\t<\/div>\n<\/div><\/div><\/div><\/div>\n<\/div>","protected":false},"excerpt":{"rendered":"<p>Fleksibel vogn til transport og opbevaring af sammenklappelige st\u00e5borde og festborde. Perfekt til aktiviteter som festlokaler, messer og konferencer, hvor antallet af brugte borde varierer. T\u00e6nk p\u00e5 dit personale, brug gode vogne, s\u00e5 bliver det b\u00e5de sjovere og nemmere at flytte bordene v\u00e6k!<\/p>","protected":false},"featured_media":100335,"template":"","meta":{"iawp_total_views":14},"product_brand":[],"product_cat":[5941,5878],"product_tag":[6241,6243,6244],"class_list":{"0":"post-62689","1":"product","2":"type-product","3":"status-publish","4":"has-post-thumbnail","6":"product_cat-bordsvagnar","7":"product_cat-vagnar","8":"product_tag-bordsvagn","9":"product_tag-vagn-till-bord","10":"product_tag-transportera-bord","12":"first","13":"instock","14":"taxable","15":"shipping-taxable","16":"purchasable","17":"product-type-variable"},"yoast_head":"<!-- This site is optimized with the Yoast SEO plugin v27.0 - https:\/\/yoast.com\/product\/yoast-seo-wordpress\/ -->\n<title>Vagn till bord - Bjerring-Sales<\/title>\n<meta name=\"description\" content=\"Smidig vagn f\u00f6r att transportera och f\u00f6rvara f\u00e4llbara barbord och partybord. Perfekt f\u00f6r verksamheter som festlokaler, m\u00e4ssor och konferenser d\u00e4r antalet bord som anv\u00e4nds varierar.\" \/>\n<meta name=\"robots\" content=\"index, follow, max-snippet:-1, max-image-preview:large, max-video-preview:-1\" \/>\n<link rel=\"canonical\" href=\"https:\/\/shop.bjerring-sales.dk\/da\/vare\/vagn-till-bord\/\" \/>\n<meta property=\"og:locale\" content=\"da_DK\" \/>\n<meta property=\"og:type\" content=\"article\" \/>\n<meta property=\"og:title\" content=\"Vagn till bord - Bjerring-Sales\" \/>\n<meta property=\"og:description\" content=\"Smidig vagn f\u00f6r att transportera och f\u00f6rvara f\u00e4llbara barbord och partybord. Perfekt f\u00f6r verksamheter som festlokaler, m\u00e4ssor och konferenser d\u00e4r antalet bord som anv\u00e4nds varierar.\" \/>\n<meta property=\"og:url\" content=\"https:\/\/shop.bjerring-sales.dk\/da\/vare\/vagn-till-bord\/\" \/>\n<meta property=\"og:site_name\" content=\"Bjerring-Sales\" \/>\n<meta property=\"article:modified_time\" content=\"2026-04-10T05:19:38+00:00\" \/>\n<meta property=\"og:image\" content=\"https:\/\/shop.bjerring-sales.dk\/wp-content\/uploads\/2025\/01\/ebb-vagnbord.jpg\" \/>\n\t<meta property=\"og:image:width\" content=\"800\" \/>\n\t<meta property=\"og:image:height\" content=\"800\" \/>\n\t<meta property=\"og:image:type\" content=\"image\/jpeg\" \/>\n<meta name=\"twitter:card\" content=\"summary_large_image\" \/>\n<meta name=\"twitter:label1\" content=\"Estimeret l\u00e6setid\" \/>\n\t<meta name=\"twitter:data1\" content=\"2 minutter\" \/>\n<script type=\"application\/ld+json\" class=\"yoast-schema-graph\">{\"@context\":\"https:\/\/schema.org\",\"@graph\":[{\"@type\":\"WebPage\",\"@id\":\"https:\/\/shop.bjerring-sales.dk\/sv\/produkt\/vagn-till-bord\/\",\"url\":\"https:\/\/shop.bjerring-sales.dk\/sv\/produkt\/vagn-till-bord\/\",\"name\":\"Vagn till bord - Bjerring-Sales\",\"isPartOf\":{\"@id\":\"https:\/\/shop.bjerring-sales.dk\/#website\"},\"primaryImageOfPage\":{\"@id\":\"https:\/\/shop.bjerring-sales.dk\/sv\/produkt\/vagn-till-bord\/#primaryimage\"},\"image\":{\"@id\":\"https:\/\/shop.bjerring-sales.dk\/sv\/produkt\/vagn-till-bord\/#primaryimage\"},\"thumbnailUrl\":\"https:\/\/shop.bjerring-sales.dk\/wp-content\/uploads\/2025\/01\/ebb-vagnbord.jpg\",\"datePublished\":\"2017-09-13T18:48:57+00:00\",\"dateModified\":\"2026-04-10T05:19:38+00:00\",\"description\":\"Smidig vagn f\u00f6r att transportera och f\u00f6rvara f\u00e4llbara barbord och partybord. Perfekt f\u00f6r verksamheter som festlokaler, m\u00e4ssor och konferenser d\u00e4r antalet bord som anv\u00e4nds varierar.\",\"breadcrumb\":{\"@id\":\"https:\/\/shop.bjerring-sales.dk\/sv\/produkt\/vagn-till-bord\/#breadcrumb\"},\"inLanguage\":\"da-DK\",\"potentialAction\":[{\"@type\":\"ReadAction\",\"target\":[\"https:\/\/shop.bjerring-sales.dk\/sv\/produkt\/vagn-till-bord\/\"]}]},{\"@type\":\"ImageObject\",\"inLanguage\":\"da-DK\",\"@id\":\"https:\/\/shop.bjerring-sales.dk\/sv\/produkt\/vagn-till-bord\/#primaryimage\",\"url\":\"https:\/\/shop.bjerring-sales.dk\/wp-content\/uploads\/2025\/01\/ebb-vagnbord.jpg\",\"contentUrl\":\"https:\/\/shop.bjerring-sales.dk\/wp-content\/uploads\/2025\/01\/ebb-vagnbord.jpg\",\"width\":800,\"height\":800},{\"@type\":\"BreadcrumbList\",\"@id\":\"https:\/\/shop.bjerring-sales.dk\/sv\/produkt\/vagn-till-bord\/#breadcrumb\",\"itemListElement\":[{\"@type\":\"ListItem\",\"position\":1,\"name\":\"Hem\",\"item\":\"https:\/\/shop.bjerring-sales.dk\/\"},{\"@type\":\"ListItem\",\"position\":2,\"name\":\"Webbutik\",\"item\":\"https:\/\/shop.bjerring-sales.dk\/butik\/\"},{\"@type\":\"ListItem\",\"position\":3,\"name\":\"Vagn till bord\"}]},{\"@type\":\"WebSite\",\"@id\":\"https:\/\/shop.bjerring-sales.dk\/#website\",\"url\":\"https:\/\/shop.bjerring-sales.dk\/\",\"name\":\"Bjerring-Sales\",\"description\":\"M\u00f6bler f\u00f6r teatrar, skolor, kontor och k\u00f6pcentrum\",\"publisher\":{\"@id\":\"https:\/\/shop.bjerring-sales.dk\/#organization\"},\"potentialAction\":[{\"@type\":\"SearchAction\",\"target\":{\"@type\":\"EntryPoint\",\"urlTemplate\":\"https:\/\/shop.bjerring-sales.dk\/?s={search_term_string}\"},\"query-input\":{\"@type\":\"PropertyValueSpecification\",\"valueRequired\":true,\"valueName\":\"search_term_string\"}}],\"inLanguage\":\"da-DK\"},{\"@type\":\"Organization\",\"@id\":\"https:\/\/shop.bjerring-sales.dk\/#organization\",\"name\":\"Bjerring-Sales\",\"url\":\"https:\/\/shop.bjerring-sales.dk\/\",\"logo\":{\"@type\":\"ImageObject\",\"inLanguage\":\"da-DK\",\"@id\":\"https:\/\/shop.bjerring-sales.dk\/#\/schema\/logo\/image\/\",\"url\":\"https:\/\/shop.bjerring-sales.dk\/wp-content\/uploads\/2023\/01\/logo_sv.png\",\"contentUrl\":\"https:\/\/shop.bjerring-sales.dk\/wp-content\/uploads\/2023\/01\/logo_sv.png\",\"width\":195,\"height\":68,\"caption\":\"Bjerring-Sales\"},\"image\":{\"@id\":\"https:\/\/shop.bjerring-sales.dk\/#\/schema\/logo\/image\/\"}}]}<\/script>\n<!-- \/ Yoast SEO plugin. -->","yoast_head_json":{"title":"Vagn till bord - Bjerring-Sales","description":"Smidig vagn f\u00f6r att transportera och f\u00f6rvara f\u00e4llbara barbord och partybord. Perfekt f\u00f6r verksamheter som festlokaler, m\u00e4ssor och konferenser d\u00e4r antalet bord som anv\u00e4nds varierar.","robots":{"index":"index","follow":"follow","max-snippet":"max-snippet:-1","max-image-preview":"max-image-preview:large","max-video-preview":"max-video-preview:-1"},"canonical":"https:\/\/shop.bjerring-sales.dk\/da\/vare\/vagn-till-bord\/","og_locale":"da_DK","og_type":"article","og_title":"Vagn till bord - Bjerring-Sales","og_description":"Smidig vagn f\u00f6r att transportera och f\u00f6rvara f\u00e4llbara barbord och partybord. Perfekt f\u00f6r verksamheter som festlokaler, m\u00e4ssor och konferenser d\u00e4r antalet bord som anv\u00e4nds varierar.","og_url":"https:\/\/shop.bjerring-sales.dk\/da\/vare\/vagn-till-bord\/","og_site_name":"Bjerring-Sales","article_modified_time":"2026-04-10T05:19:38+00:00","og_image":[{"width":800,"height":800,"url":"https:\/\/shop.bjerring-sales.dk\/wp-content\/uploads\/2025\/01\/ebb-vagnbord.jpg","type":"image\/jpeg"}],"twitter_card":"summary_large_image","twitter_misc":{"Estimeret l\u00e6setid":"2 minutter"},"schema":{"@context":"https:\/\/schema.org","@graph":[{"@type":"WebPage","@id":"https:\/\/shop.bjerring-sales.dk\/sv\/produkt\/vagn-till-bord\/","url":"https:\/\/shop.bjerring-sales.dk\/sv\/produkt\/vagn-till-bord\/","name":"Vagn till bord - Bjerring-Sales","isPartOf":{"@id":"https:\/\/shop.bjerring-sales.dk\/#website"},"primaryImageOfPage":{"@id":"https:\/\/shop.bjerring-sales.dk\/sv\/produkt\/vagn-till-bord\/#primaryimage"},"image":{"@id":"https:\/\/shop.bjerring-sales.dk\/sv\/produkt\/vagn-till-bord\/#primaryimage"},"thumbnailUrl":"https:\/\/shop.bjerring-sales.dk\/wp-content\/uploads\/2025\/01\/ebb-vagnbord.jpg","datePublished":"2017-09-13T18:48:57+00:00","dateModified":"2026-04-10T05:19:38+00:00","description":"Smidig vagn f\u00f6r att transportera och f\u00f6rvara f\u00e4llbara barbord och partybord. Perfekt f\u00f6r verksamheter som festlokaler, m\u00e4ssor och konferenser d\u00e4r antalet bord som anv\u00e4nds varierar.","breadcrumb":{"@id":"https:\/\/shop.bjerring-sales.dk\/sv\/produkt\/vagn-till-bord\/#breadcrumb"},"inLanguage":"da-DK","potentialAction":[{"@type":"ReadAction","target":["https:\/\/shop.bjerring-sales.dk\/sv\/produkt\/vagn-till-bord\/"]}]},{"@type":"ImageObject","inLanguage":"da-DK","@id":"https:\/\/shop.bjerring-sales.dk\/sv\/produkt\/vagn-till-bord\/#primaryimage","url":"https:\/\/shop.bjerring-sales.dk\/wp-content\/uploads\/2025\/01\/ebb-vagnbord.jpg","contentUrl":"https:\/\/shop.bjerring-sales.dk\/wp-content\/uploads\/2025\/01\/ebb-vagnbord.jpg","width":800,"height":800},{"@type":"BreadcrumbList","@id":"https:\/\/shop.bjerring-sales.dk\/sv\/produkt\/vagn-till-bord\/#breadcrumb","itemListElement":[{"@type":"ListItem","position":1,"name":"Hem","item":"https:\/\/shop.bjerring-sales.dk\/"},{"@type":"ListItem","position":2,"name":"Webbutik","item":"https:\/\/shop.bjerring-sales.dk\/butik\/"},{"@type":"ListItem","position":3,"name":"Vagn till bord"}]},{"@type":"WebSite","@id":"https:\/\/shop.bjerring-sales.dk\/#website","url":"https:\/\/shop.bjerring-sales.dk\/","name":"Bjerring-Salg","description":"M\u00f8bler til teatre, skoler, kontorer og indk\u00f8bscentre","publisher":{"@id":"https:\/\/shop.bjerring-sales.dk\/#organization"},"potentialAction":[{"@type":"SearchAction","target":{"@type":"EntryPoint","urlTemplate":"https:\/\/shop.bjerring-sales.dk\/?s={search_term_string}"},"query-input":{"@type":"PropertyValueSpecification","valueRequired":true,"valueName":"search_term_string"}}],"inLanguage":"da-DK"},{"@type":"Organization","@id":"https:\/\/shop.bjerring-sales.dk\/#organization","name":"Bjerring-Salg","url":"https:\/\/shop.bjerring-sales.dk\/","logo":{"@type":"ImageObject","inLanguage":"da-DK","@id":"https:\/\/shop.bjerring-sales.dk\/#\/schema\/logo\/image\/","url":"https:\/\/shop.bjerring-sales.dk\/wp-content\/uploads\/2023\/01\/logo_sv.png","contentUrl":"https:\/\/shop.bjerring-sales.dk\/wp-content\/uploads\/2023\/01\/logo_sv.png","width":195,"height":68,"caption":"Bjerring-Sales"},"image":{"@id":"https:\/\/shop.bjerring-sales.dk\/#\/schema\/logo\/image\/"}}]}},"_links":{"self":[{"href":"https:\/\/shop.bjerring-sales.dk\/da\/wp-json\/wp\/v2\/product\/62689","targetHints":{"allow":["GET"]}}],"collection":[{"href":"https:\/\/shop.bjerring-sales.dk\/da\/wp-json\/wp\/v2\/product"}],"about":[{"href":"https:\/\/shop.bjerring-sales.dk\/da\/wp-json\/wp\/v2\/types\/product"}],"wp:featuredmedia":[{"embeddable":true,"href":"https:\/\/shop.bjerring-sales.dk\/da\/wp-json\/wp\/v2\/media\/100335"}],"wp:attachment":[{"href":"https:\/\/shop.bjerring-sales.dk\/da\/wp-json\/wp\/v2\/media?parent=62689"}],"wp:term":[{"taxonomy":"product_brand","embeddable":true,"href":"https:\/\/shop.bjerring-sales.dk\/da\/wp-json\/wp\/v2\/product_brand?post=62689"},{"taxonomy":"product_cat","embeddable":true,"href":"https:\/\/shop.bjerring-sales.dk\/da\/wp-json\/wp\/v2\/product_cat?post=62689"},{"taxonomy":"product_tag","embeddable":true,"href":"https:\/\/shop.bjerring-sales.dk\/da\/wp-json\/wp\/v2\/product_tag?post=62689"}],"curies":[{"name":"wp","href":"https:\/\/api.w.org\/{rel}","templated":true}]}}