{"id":62673,"date":"2017-09-18T14:13:06","date_gmt":"2017-09-18T12:13:06","guid":{"rendered":"https:\/\/pule.se\/produkt\/vagn-rx\/"},"modified":"2022-12-27T20:30:00","modified_gmt":"2022-12-27T19:30:00","slug":"vagn-rx","status":"publish","type":"product","link":"https:\/\/shop.bjerring-sales.dk\/da\/vare\/vagn-rx\/","title":{"rendered":"Vogn - RX"},"content":{"rendered":"<p>Let at k\u00f8re trolley til opbevaring og flytning af den stabelbare stol RX002. Praktisk til konferencer, restauranter, kurser og andre arrangementer, der varierer antallet af brugte stole. T\u00e6nk p\u00e5 dit personale, brug gode vogne!<\/p>\n<ul>\n<li>S\u00e6lges kun sammen med stole<\/li>\n<li>Beskyttelsesm\u00e5tte i bunden<\/li>\n<li>Pulverlakeret st\u00e5l<\/li>\n<li>Plads til 25 stole<\/li>\n<li>Vognen s\u00e6lges kun i forbindelse med k\u00f8b af stole<\/li>\n<\/ul>","protected":false},"excerpt":{"rendered":"<p>S\u00e6lges kun sammen med stole. Let at k\u00f8re trolley til opbevaring og flytning af de stabelbare stole RX001 og RX002. Praktisk til konferencer, restauranter, kurser og andre arrangementer, der varierer antallet af brug stole. Vognen s\u00e6lges kun i forbindelse med k\u00f8b af stole.<\/p>","protected":false},"featured_media":72916,"template":"","meta":{"iawp_total_views":4},"product_brand":[],"product_cat":[5879,5878],"product_tag":[6215,6232,6233],"class_list":{"0":"post-62673","1":"product","2":"type-product","3":"status-publish","4":"has-post-thumbnail","6":"product_cat-stolsvagnar","7":"product_cat-vagnar","8":"product_tag-vagn-till-stolar","9":"product_tag-stolsvagn","10":"product_tag-vagn-rx","12":"first","13":"instock","14":"taxable","15":"shipping-taxable","16":"purchasable","17":"product-type-simple"},"yoast_head":"<!-- This site is optimized with the Yoast SEO plugin v27.0 - https:\/\/yoast.com\/product\/yoast-seo-wordpress\/ -->\n<title>Vagn RX - Bjerring-Sales<\/title>\n<meta name=\"description\" content=\"L\u00e4ttk\u00f6rd vagn f\u00f6r f\u00f6rvaring och f\u00f6rflyttning av stapelbara stolarna RX001 och RX002. Smidigt f\u00f6r konferenser, restauranger, utbildningar och andra event som varierar antalet anv\u00e4nda stolar.\" \/>\n<meta name=\"robots\" content=\"index, follow, max-snippet:-1, max-image-preview:large, max-video-preview:-1\" \/>\n<link rel=\"canonical\" href=\"https:\/\/shop.bjerring-sales.dk\/da\/vare\/vagn-rx\/\" \/>\n<meta property=\"og:locale\" content=\"da_DK\" \/>\n<meta property=\"og:type\" content=\"article\" \/>\n<meta property=\"og:title\" content=\"Vagn RX - Bjerring-Sales\" \/>\n<meta property=\"og:description\" content=\"L\u00e4ttk\u00f6rd vagn f\u00f6r f\u00f6rvaring och f\u00f6rflyttning av stapelbara stolarna RX001 och RX002. Smidigt f\u00f6r konferenser, restauranger, utbildningar och andra event som varierar antalet anv\u00e4nda stolar.\" \/>\n<meta property=\"og:url\" content=\"https:\/\/shop.bjerring-sales.dk\/da\/vare\/vagn-rx\/\" \/>\n<meta property=\"og:site_name\" content=\"Bjerring-Sales\" \/>\n<meta property=\"article:modified_time\" content=\"2022-12-27T19:30:00+00:00\" \/>\n<meta property=\"og:image\" content=\"https:\/\/pule.se\/wp-content\/uploads\/2017\/09\/webb-eljvagnrx-2.jpg\" \/>\n\t<meta property=\"og:image:width\" content=\"800\" \/>\n\t<meta property=\"og:image:height\" content=\"800\" \/>\n\t<meta property=\"og:image:type\" content=\"image\/jpeg\" \/>\n<meta name=\"twitter:card\" content=\"summary_large_image\" \/>\n<meta name=\"twitter:label1\" content=\"Estimeret l\u00e6setid\" \/>\n\t<meta name=\"twitter:data1\" content=\"1 minut\" \/>\n<script type=\"application\/ld+json\" class=\"yoast-schema-graph\">{\"@context\":\"https:\/\/schema.org\",\"@graph\":[{\"@type\":\"WebPage\",\"@id\":\"https:\/\/shop.bjerring-sales.dk\/sv\/produkt\/vagn-rx\/\",\"url\":\"https:\/\/shop.bjerring-sales.dk\/sv\/produkt\/vagn-rx\/\",\"name\":\"Vagn RX - Bjerring-Sales\",\"isPartOf\":{\"@id\":\"https:\/\/shop.bjerring-sales.dk\/#website\"},\"primaryImageOfPage\":{\"@id\":\"https:\/\/shop.bjerring-sales.dk\/sv\/produkt\/vagn-rx\/#primaryimage\"},\"image\":{\"@id\":\"https:\/\/shop.bjerring-sales.dk\/sv\/produkt\/vagn-rx\/#primaryimage\"},\"thumbnailUrl\":\"https:\/\/shop.bjerring-sales.dk\/wp-content\/uploads\/2017\/09\/webb-eljvagnrx-2.jpg\",\"datePublished\":\"2017-09-18T12:13:06+00:00\",\"dateModified\":\"2022-12-27T19:30:00+00:00\",\"description\":\"L\u00e4ttk\u00f6rd vagn f\u00f6r f\u00f6rvaring och f\u00f6rflyttning av stapelbara stolarna RX001 och RX002. Smidigt f\u00f6r konferenser, restauranger, utbildningar och andra event som varierar antalet anv\u00e4nda stolar.\",\"breadcrumb\":{\"@id\":\"https:\/\/shop.bjerring-sales.dk\/sv\/produkt\/vagn-rx\/#breadcrumb\"},\"inLanguage\":\"da-DK\",\"potentialAction\":[{\"@type\":\"ReadAction\",\"target\":[\"https:\/\/shop.bjerring-sales.dk\/sv\/produkt\/vagn-rx\/\"]}]},{\"@type\":\"ImageObject\",\"inLanguage\":\"da-DK\",\"@id\":\"https:\/\/shop.bjerring-sales.dk\/sv\/produkt\/vagn-rx\/#primaryimage\",\"url\":\"https:\/\/shop.bjerring-sales.dk\/wp-content\/uploads\/2017\/09\/webb-eljvagnrx-2.jpg\",\"contentUrl\":\"https:\/\/shop.bjerring-sales.dk\/wp-content\/uploads\/2017\/09\/webb-eljvagnrx-2.jpg\",\"width\":800,\"height\":800},{\"@type\":\"BreadcrumbList\",\"@id\":\"https:\/\/shop.bjerring-sales.dk\/sv\/produkt\/vagn-rx\/#breadcrumb\",\"itemListElement\":[{\"@type\":\"ListItem\",\"position\":1,\"name\":\"Hem\",\"item\":\"https:\/\/shop.bjerring-sales.dk\/\"},{\"@type\":\"ListItem\",\"position\":2,\"name\":\"Webbutik\",\"item\":\"https:\/\/shop.bjerring-sales.dk\/butik\/\"},{\"@type\":\"ListItem\",\"position\":3,\"name\":\"Vagn RX\"}]},{\"@type\":\"WebSite\",\"@id\":\"https:\/\/shop.bjerring-sales.dk\/#website\",\"url\":\"https:\/\/shop.bjerring-sales.dk\/\",\"name\":\"Bjerring-Sales\",\"description\":\"M\u00f6bler f\u00f6r teatrar, skolor, kontor och k\u00f6pcentrum\",\"publisher\":{\"@id\":\"https:\/\/shop.bjerring-sales.dk\/#organization\"},\"potentialAction\":[{\"@type\":\"SearchAction\",\"target\":{\"@type\":\"EntryPoint\",\"urlTemplate\":\"https:\/\/shop.bjerring-sales.dk\/?s={search_term_string}\"},\"query-input\":{\"@type\":\"PropertyValueSpecification\",\"valueRequired\":true,\"valueName\":\"search_term_string\"}}],\"inLanguage\":\"da-DK\"},{\"@type\":\"Organization\",\"@id\":\"https:\/\/shop.bjerring-sales.dk\/#organization\",\"name\":\"Bjerring-Sales\",\"url\":\"https:\/\/shop.bjerring-sales.dk\/\",\"logo\":{\"@type\":\"ImageObject\",\"inLanguage\":\"da-DK\",\"@id\":\"https:\/\/shop.bjerring-sales.dk\/#\/schema\/logo\/image\/\",\"url\":\"https:\/\/shop.bjerring-sales.dk\/wp-content\/uploads\/2023\/01\/logo_sv.png\",\"contentUrl\":\"https:\/\/shop.bjerring-sales.dk\/wp-content\/uploads\/2023\/01\/logo_sv.png\",\"width\":195,\"height\":68,\"caption\":\"Bjerring-Sales\"},\"image\":{\"@id\":\"https:\/\/shop.bjerring-sales.dk\/#\/schema\/logo\/image\/\"}}]}<\/script>\n<!-- \/ Yoast SEO plugin. -->","yoast_head_json":{"title":"Vagn RX - Bjerring-Sales","description":"L\u00e4ttk\u00f6rd vagn f\u00f6r f\u00f6rvaring och f\u00f6rflyttning av stapelbara stolarna RX001 och RX002. Smidigt f\u00f6r konferenser, restauranger, utbildningar och andra event som varierar antalet anv\u00e4nda stolar.","robots":{"index":"index","follow":"follow","max-snippet":"max-snippet:-1","max-image-preview":"max-image-preview:large","max-video-preview":"max-video-preview:-1"},"canonical":"https:\/\/shop.bjerring-sales.dk\/da\/vare\/vagn-rx\/","og_locale":"da_DK","og_type":"article","og_title":"Vagn RX - Bjerring-Sales","og_description":"L\u00e4ttk\u00f6rd vagn f\u00f6r f\u00f6rvaring och f\u00f6rflyttning av stapelbara stolarna RX001 och RX002. Smidigt f\u00f6r konferenser, restauranger, utbildningar och andra event som varierar antalet anv\u00e4nda stolar.","og_url":"https:\/\/shop.bjerring-sales.dk\/da\/vare\/vagn-rx\/","og_site_name":"Bjerring-Sales","article_modified_time":"2022-12-27T19:30:00+00:00","og_image":[{"width":800,"height":800,"url":"https:\/\/pule.se\/wp-content\/uploads\/2017\/09\/webb-eljvagnrx-2.jpg","type":"image\/jpeg"}],"twitter_card":"summary_large_image","twitter_misc":{"Estimeret l\u00e6setid":"1 minut"},"schema":{"@context":"https:\/\/schema.org","@graph":[{"@type":"WebPage","@id":"https:\/\/shop.bjerring-sales.dk\/sv\/produkt\/vagn-rx\/","url":"https:\/\/shop.bjerring-sales.dk\/sv\/produkt\/vagn-rx\/","name":"Vagn RX - Bjerring-Sales","isPartOf":{"@id":"https:\/\/shop.bjerring-sales.dk\/#website"},"primaryImageOfPage":{"@id":"https:\/\/shop.bjerring-sales.dk\/sv\/produkt\/vagn-rx\/#primaryimage"},"image":{"@id":"https:\/\/shop.bjerring-sales.dk\/sv\/produkt\/vagn-rx\/#primaryimage"},"thumbnailUrl":"https:\/\/shop.bjerring-sales.dk\/wp-content\/uploads\/2017\/09\/webb-eljvagnrx-2.jpg","datePublished":"2017-09-18T12:13:06+00:00","dateModified":"2022-12-27T19:30:00+00:00","description":"L\u00e4ttk\u00f6rd vagn f\u00f6r f\u00f6rvaring och f\u00f6rflyttning av stapelbara stolarna RX001 och RX002. Smidigt f\u00f6r konferenser, restauranger, utbildningar och andra event som varierar antalet anv\u00e4nda stolar.","breadcrumb":{"@id":"https:\/\/shop.bjerring-sales.dk\/sv\/produkt\/vagn-rx\/#breadcrumb"},"inLanguage":"da-DK","potentialAction":[{"@type":"ReadAction","target":["https:\/\/shop.bjerring-sales.dk\/sv\/produkt\/vagn-rx\/"]}]},{"@type":"ImageObject","inLanguage":"da-DK","@id":"https:\/\/shop.bjerring-sales.dk\/sv\/produkt\/vagn-rx\/#primaryimage","url":"https:\/\/shop.bjerring-sales.dk\/wp-content\/uploads\/2017\/09\/webb-eljvagnrx-2.jpg","contentUrl":"https:\/\/shop.bjerring-sales.dk\/wp-content\/uploads\/2017\/09\/webb-eljvagnrx-2.jpg","width":800,"height":800},{"@type":"BreadcrumbList","@id":"https:\/\/shop.bjerring-sales.dk\/sv\/produkt\/vagn-rx\/#breadcrumb","itemListElement":[{"@type":"ListItem","position":1,"name":"Hem","item":"https:\/\/shop.bjerring-sales.dk\/"},{"@type":"ListItem","position":2,"name":"Webbutik","item":"https:\/\/shop.bjerring-sales.dk\/butik\/"},{"@type":"ListItem","position":3,"name":"Vagn RX"}]},{"@type":"WebSite","@id":"https:\/\/shop.bjerring-sales.dk\/#website","url":"https:\/\/shop.bjerring-sales.dk\/","name":"Bjerring-Salg","description":"M\u00f8bler til teatre, skoler, kontorer og indk\u00f8bscentre","publisher":{"@id":"https:\/\/shop.bjerring-sales.dk\/#organization"},"potentialAction":[{"@type":"SearchAction","target":{"@type":"EntryPoint","urlTemplate":"https:\/\/shop.bjerring-sales.dk\/?s={search_term_string}"},"query-input":{"@type":"PropertyValueSpecification","valueRequired":true,"valueName":"search_term_string"}}],"inLanguage":"da-DK"},{"@type":"Organization","@id":"https:\/\/shop.bjerring-sales.dk\/#organization","name":"Bjerring-Salg","url":"https:\/\/shop.bjerring-sales.dk\/","logo":{"@type":"ImageObject","inLanguage":"da-DK","@id":"https:\/\/shop.bjerring-sales.dk\/#\/schema\/logo\/image\/","url":"https:\/\/shop.bjerring-sales.dk\/wp-content\/uploads\/2023\/01\/logo_sv.png","contentUrl":"https:\/\/shop.bjerring-sales.dk\/wp-content\/uploads\/2023\/01\/logo_sv.png","width":195,"height":68,"caption":"Bjerring-Sales"},"image":{"@id":"https:\/\/shop.bjerring-sales.dk\/#\/schema\/logo\/image\/"}}]}},"_links":{"self":[{"href":"https:\/\/shop.bjerring-sales.dk\/da\/wp-json\/wp\/v2\/product\/62673","targetHints":{"allow":["GET"]}}],"collection":[{"href":"https:\/\/shop.bjerring-sales.dk\/da\/wp-json\/wp\/v2\/product"}],"about":[{"href":"https:\/\/shop.bjerring-sales.dk\/da\/wp-json\/wp\/v2\/types\/product"}],"wp:featuredmedia":[{"embeddable":true,"href":"https:\/\/shop.bjerring-sales.dk\/da\/wp-json\/wp\/v2\/media\/72916"}],"wp:attachment":[{"href":"https:\/\/shop.bjerring-sales.dk\/da\/wp-json\/wp\/v2\/media?parent=62673"}],"wp:term":[{"taxonomy":"product_brand","embeddable":true,"href":"https:\/\/shop.bjerring-sales.dk\/da\/wp-json\/wp\/v2\/product_brand?post=62673"},{"taxonomy":"product_cat","embeddable":true,"href":"https:\/\/shop.bjerring-sales.dk\/da\/wp-json\/wp\/v2\/product_cat?post=62673"},{"taxonomy":"product_tag","embeddable":true,"href":"https:\/\/shop.bjerring-sales.dk\/da\/wp-json\/wp\/v2\/product_tag?post=62673"}],"curies":[{"name":"wp","href":"https:\/\/api.w.org\/{rel}","templated":true}]}}