{"id":62646,"date":"2017-11-07T03:26:31","date_gmt":"2017-11-07T02:26:31","guid":{"rendered":"https:\/\/pule.se\/produkt\/kopplingsbeslag\/"},"modified":"2026-04-17T07:25:06","modified_gmt":"2026-04-17T05:25:06","slug":"kopplingsbeslag","status":"publish","type":"product","link":"https:\/\/shop.bjerring-sales.dk\/da\/vare\/kopplingsbeslag\/","title":{"rendered":"Koblingsbeslag"},"content":{"rendered":"<div class=\"wpb-content-wrapper\"><div class=\"vc_row wpb_row vc_row-fluid\"><div class=\"wpb_column vc_column_container vc_col-sm-12\"><div class=\"vc_column-inner\"><div class=\"wpb_wrapper\">\n\t<div class=\"wpb_text_column wpb_content_element\" >\n\t\t<div class=\"wpb_wrapper\">\n\t\t\t<p><span style=\"font-size: 24pt\">Koblingsbeslag til klap- og stabelstole \u00f8ger sikkerheden!<\/span><br \/>\nKoblingsbeslag er et praktisk tilbeh\u00f8r til b\u00e5de klap- og stabelstole. De er perfekte til at skabe sammenh\u00e6ngende linjer p\u00e5 konferencer, undervisning og foredrag. Koblingsbeslag kan ogs\u00e5 v\u00e6re et krav i visse offentlige rum p\u00e5 grund af blandt andet brandsikkerhed og medvirken til at \u00f8ge sikkerheden. Koblingsbeslag er vigtigt for at sikre, at et stort antal stole i et rum er stabile og sikre at bruge. N\u00e5r du skal v\u00e6lge et koblingsbeslag, b\u00f8r du sikre dig, at det er lavet af h\u00f8j kvalitet og passer til den type stol, du skal bruge den til. Der findes forskellige typer stolebeslag, alt efter stolens stil og konstruktion.<\/p>\n\n\t\t<\/div>\n\t<\/div>\n<\/div><\/div><\/div><\/div><div class=\"vc_row wpb_row vc_row-fluid\"><div class=\"wpb_column vc_column_container vc_col-sm-12\"><div class=\"vc_column-inner\"><div class=\"wpb_wrapper\">\n\t<div  class=\"wpb_single_image wpb_content_element vc_align_center\">\n\t\t\n\t\t<figure class=\"wpb_wrapper vc_figure\">\n\t\t\t<div class=\"vc_single_image-wrapper vc_box_shadow_border  vc_box_border_grey\"><img loading=\"lazy\" decoding=\"async\" width=\"1200\" height=\"400\" src=\"https:\/\/shop.bjerring-sales.dk\/wp-content\/uploads\/2017\/11\/kopplingsbeslag-Choice-kopplat.jpg\" class=\"vc_single_image-img attachment-full\" alt=\"\" title=\"koblingsbeslag-Choice-tilsluttet\" srcset=\"https:\/\/shop.bjerring-sales.dk\/wp-content\/uploads\/2017\/11\/kopplingsbeslag-Choice-kopplat.jpg 1200w, https:\/\/shop.bjerring-sales.dk\/wp-content\/uploads\/2017\/11\/kopplingsbeslag-Choice-kopplat-150x50.jpg 150w, https:\/\/shop.bjerring-sales.dk\/wp-content\/uploads\/2017\/11\/kopplingsbeslag-Choice-kopplat-600x200.jpg 600w, https:\/\/shop.bjerring-sales.dk\/wp-content\/uploads\/2017\/11\/kopplingsbeslag-Choice-kopplat-300x100.jpg 300w, https:\/\/shop.bjerring-sales.dk\/wp-content\/uploads\/2017\/11\/kopplingsbeslag-Choice-kopplat-1024x341.jpg 1024w, https:\/\/shop.bjerring-sales.dk\/wp-content\/uploads\/2017\/11\/kopplingsbeslag-Choice-kopplat-768x256.jpg 768w\" sizes=\"auto, (max-width: 1200px) 100vw, 1200px\" \/><\/div>\n\t\t<\/figure>\n\t<\/div>\n<\/div><\/div><\/div><\/div><div class=\"vc_row wpb_row vc_row-fluid\"><div class=\"wpb_column vc_column_container vc_col-sm-12\"><div class=\"vc_column-inner\"><div class=\"wpb_wrapper\">\n\t<div class=\"wpb_text_column wpb_content_element\" >\n\t\t<div class=\"wpb_wrapper\">\n\t\t\t<p><span style=\"font-size: 18pt\">Anvendelsesomr\u00e5de<\/span><\/p>\n<ul>\n<li>F\u00e5s til stabelstolene Choice, Sofie, RX002 og Class (st\u00e5l)<\/li>\n<li>F\u00e5s til klapstolene Toronto, Ark og Smart<\/li>\n<li>KB-CHO passer til b\u00e5de Choice &amp; Toronto, KBK-SMA passer til b\u00e5de Smart &amp; RX002<\/li>\n<\/ul>\n\n\t\t<\/div>\n\t<\/div>\n<\/div><\/div><\/div><\/div>\n<\/div>","protected":false},"excerpt":{"rendered":"<p>Koblingsbeslag er et praktisk tilbeh\u00f8r til klap- og stabelstole. De er perfekte til at skabe sammenh\u00e6ngende linjer p\u00e5 konferencer, undervisning og foredrag. Koblingsbeslag kan ogs\u00e5 v\u00e6re et krav i visse offentlige rum.<\/p>","protected":false},"featured_media":99030,"template":"","meta":{"iawp_total_views":4},"product_brand":[],"product_cat":[5792],"product_tag":[6224,6225],"class_list":{"0":"post-62646","1":"product","2":"type-product","3":"status-publish","4":"has-post-thumbnail","6":"product_cat-tillbehor-stolar","7":"product_tag-kopplingsbeslag","8":"product_tag-koppla-samman-stolar","10":"first","11":"instock","12":"taxable","13":"shipping-taxable","14":"purchasable","15":"product-type-variable"},"yoast_head":"<!-- This site is optimized with the Yoast SEO plugin v27.0 - https:\/\/yoast.com\/product\/yoast-seo-wordpress\/ -->\n<title>Kopplingsbeslag - Bjerring-Sales<\/title>\n<meta name=\"description\" content=\"Kopplingsbeslag \u00e4r ett praktiskt tillbeh\u00f6r till b\u00e5de f\u00e4llbara och stapelbara stolar. De \u00e4r perfekta f\u00f6r att skapa sammanh\u00e4ngande rader p\u00e5 konferenser, utbildningar och f\u00f6rel\u00e4sningar.\" \/>\n<meta name=\"robots\" content=\"index, follow, max-snippet:-1, max-image-preview:large, max-video-preview:-1\" \/>\n<link rel=\"canonical\" href=\"https:\/\/shop.bjerring-sales.dk\/da\/vare\/kopplingsbeslag\/\" \/>\n<meta property=\"og:locale\" content=\"da_DK\" \/>\n<meta property=\"og:type\" content=\"article\" \/>\n<meta property=\"og:title\" content=\"Kopplingsbeslag till f\u00e4llbara och stapelbara stolar \u00f6kar s\u00e4kerheten!\" \/>\n<meta property=\"og:description\" content=\"Kopplingsbeslag \u00e4r ett praktiskt tillbeh\u00f6r till b\u00e5de f\u00e4llbara och stapelbara stolar. De \u00e4r perfekta f\u00f6r att skapa sammanh\u00e4ngande rader p\u00e5 konferenser, utbildningar och f\u00f6rel\u00e4sningar.\" \/>\n<meta property=\"og:url\" content=\"https:\/\/shop.bjerring-sales.dk\/da\/vare\/kopplingsbeslag\/\" \/>\n<meta property=\"og:site_name\" content=\"Bjerring-Sales\" \/>\n<meta property=\"article:modified_time\" content=\"2026-04-17T05:25:06+00:00\" \/>\n<meta property=\"og:image\" content=\"https:\/\/shop.bjerring-sales.dk\/wp-content\/uploads\/2023\/01\/KB-SOF.jpg\" \/>\n\t<meta property=\"og:image:width\" content=\"800\" \/>\n\t<meta property=\"og:image:height\" content=\"800\" \/>\n\t<meta property=\"og:image:type\" content=\"image\/jpeg\" \/>\n<meta name=\"twitter:card\" content=\"summary_large_image\" \/>\n<meta name=\"twitter:title\" content=\"Kopplingsbeslag till f\u00e4llbara och stapelbara stolar \u00f6kar s\u00e4kerheten!\" \/>\n<meta name=\"twitter:description\" content=\"Kopplingsbeslag \u00e4r ett praktiskt tillbeh\u00f6r till b\u00e5de f\u00e4llbara och stapelbara stolar. De \u00e4r perfekta f\u00f6r att skapa sammanh\u00e4ngande rader p\u00e5 konferenser, utbildningar och f\u00f6rel\u00e4sningar.\" \/>\n<meta name=\"twitter:image\" content=\"https:\/\/shop.bjerring-sales.dk\/wp-content\/uploads\/2023\/01\/KB-SOF.jpg\" \/>\n<meta name=\"twitter:label1\" content=\"Estimeret l\u00e6setid\" \/>\n\t<meta name=\"twitter:data1\" content=\"1 minut\" \/>\n<script type=\"application\/ld+json\" class=\"yoast-schema-graph\">{\"@context\":\"https:\/\/schema.org\",\"@graph\":[{\"@type\":\"WebPage\",\"@id\":\"https:\/\/shop.bjerring-sales.dk\/sv\/produkt\/kopplingsbeslag\/\",\"url\":\"https:\/\/shop.bjerring-sales.dk\/sv\/produkt\/kopplingsbeslag\/\",\"name\":\"Kopplingsbeslag - Bjerring-Sales\",\"isPartOf\":{\"@id\":\"https:\/\/shop.bjerring-sales.dk\/#website\"},\"primaryImageOfPage\":{\"@id\":\"https:\/\/shop.bjerring-sales.dk\/sv\/produkt\/kopplingsbeslag\/#primaryimage\"},\"image\":{\"@id\":\"https:\/\/shop.bjerring-sales.dk\/sv\/produkt\/kopplingsbeslag\/#primaryimage\"},\"thumbnailUrl\":\"https:\/\/shop.bjerring-sales.dk\/wp-content\/uploads\/2024\/10\/KB-SOF.jpg\",\"datePublished\":\"2017-11-07T02:26:31+00:00\",\"dateModified\":\"2026-04-17T05:25:06+00:00\",\"description\":\"Kopplingsbeslag \u00e4r ett praktiskt tillbeh\u00f6r till b\u00e5de f\u00e4llbara och stapelbara stolar. De \u00e4r perfekta f\u00f6r att skapa sammanh\u00e4ngande rader p\u00e5 konferenser, utbildningar och f\u00f6rel\u00e4sningar.\",\"breadcrumb\":{\"@id\":\"https:\/\/shop.bjerring-sales.dk\/sv\/produkt\/kopplingsbeslag\/#breadcrumb\"},\"inLanguage\":\"da-DK\",\"potentialAction\":[{\"@type\":\"ReadAction\",\"target\":[\"https:\/\/shop.bjerring-sales.dk\/sv\/produkt\/kopplingsbeslag\/\"]}]},{\"@type\":\"ImageObject\",\"inLanguage\":\"da-DK\",\"@id\":\"https:\/\/shop.bjerring-sales.dk\/sv\/produkt\/kopplingsbeslag\/#primaryimage\",\"url\":\"https:\/\/shop.bjerring-sales.dk\/wp-content\/uploads\/2024\/10\/KB-SOF.jpg\",\"contentUrl\":\"https:\/\/shop.bjerring-sales.dk\/wp-content\/uploads\/2024\/10\/KB-SOF.jpg\",\"width\":800,\"height\":800},{\"@type\":\"BreadcrumbList\",\"@id\":\"https:\/\/shop.bjerring-sales.dk\/sv\/produkt\/kopplingsbeslag\/#breadcrumb\",\"itemListElement\":[{\"@type\":\"ListItem\",\"position\":1,\"name\":\"Hem\",\"item\":\"https:\/\/shop.bjerring-sales.dk\/\"},{\"@type\":\"ListItem\",\"position\":2,\"name\":\"Webbutik\",\"item\":\"https:\/\/shop.bjerring-sales.dk\/butik\/\"},{\"@type\":\"ListItem\",\"position\":3,\"name\":\"Kopplingsbeslag\"}]},{\"@type\":\"WebSite\",\"@id\":\"https:\/\/shop.bjerring-sales.dk\/#website\",\"url\":\"https:\/\/shop.bjerring-sales.dk\/\",\"name\":\"Bjerring-Sales\",\"description\":\"M\u00f6bler f\u00f6r teatrar, skolor, kontor och k\u00f6pcentrum\",\"publisher\":{\"@id\":\"https:\/\/shop.bjerring-sales.dk\/#organization\"},\"potentialAction\":[{\"@type\":\"SearchAction\",\"target\":{\"@type\":\"EntryPoint\",\"urlTemplate\":\"https:\/\/shop.bjerring-sales.dk\/?s={search_term_string}\"},\"query-input\":{\"@type\":\"PropertyValueSpecification\",\"valueRequired\":true,\"valueName\":\"search_term_string\"}}],\"inLanguage\":\"da-DK\"},{\"@type\":\"Organization\",\"@id\":\"https:\/\/shop.bjerring-sales.dk\/#organization\",\"name\":\"Bjerring-Sales\",\"url\":\"https:\/\/shop.bjerring-sales.dk\/\",\"logo\":{\"@type\":\"ImageObject\",\"inLanguage\":\"da-DK\",\"@id\":\"https:\/\/shop.bjerring-sales.dk\/#\/schema\/logo\/image\/\",\"url\":\"https:\/\/shop.bjerring-sales.dk\/wp-content\/uploads\/2023\/01\/logo_sv.png\",\"contentUrl\":\"https:\/\/shop.bjerring-sales.dk\/wp-content\/uploads\/2023\/01\/logo_sv.png\",\"width\":195,\"height\":68,\"caption\":\"Bjerring-Sales\"},\"image\":{\"@id\":\"https:\/\/shop.bjerring-sales.dk\/#\/schema\/logo\/image\/\"}}]}<\/script>\n<!-- \/ Yoast SEO plugin. -->","yoast_head_json":{"title":"Kopplingsbeslag - Bjerring-Sales","description":"Kopplingsbeslag \u00e4r ett praktiskt tillbeh\u00f6r till b\u00e5de f\u00e4llbara och stapelbara stolar. De \u00e4r perfekta f\u00f6r att skapa sammanh\u00e4ngande rader p\u00e5 konferenser, utbildningar och f\u00f6rel\u00e4sningar.","robots":{"index":"index","follow":"follow","max-snippet":"max-snippet:-1","max-image-preview":"max-image-preview:large","max-video-preview":"max-video-preview:-1"},"canonical":"https:\/\/shop.bjerring-sales.dk\/da\/vare\/kopplingsbeslag\/","og_locale":"da_DK","og_type":"article","og_title":"Kopplingsbeslag till f\u00e4llbara och stapelbara stolar \u00f6kar s\u00e4kerheten!","og_description":"Kopplingsbeslag \u00e4r ett praktiskt tillbeh\u00f6r till b\u00e5de f\u00e4llbara och stapelbara stolar. De \u00e4r perfekta f\u00f6r att skapa sammanh\u00e4ngande rader p\u00e5 konferenser, utbildningar och f\u00f6rel\u00e4sningar.","og_url":"https:\/\/shop.bjerring-sales.dk\/da\/vare\/kopplingsbeslag\/","og_site_name":"Bjerring-Sales","article_modified_time":"2026-04-17T05:25:06+00:00","og_image":[{"width":800,"height":800,"url":"https:\/\/shop.bjerring-sales.dk\/wp-content\/uploads\/2023\/01\/KB-SOF.jpg","type":"image\/jpeg"}],"twitter_card":"summary_large_image","twitter_title":"Kopplingsbeslag till f\u00e4llbara och stapelbara stolar \u00f6kar s\u00e4kerheten!","twitter_description":"Kopplingsbeslag \u00e4r ett praktiskt tillbeh\u00f6r till b\u00e5de f\u00e4llbara och stapelbara stolar. De \u00e4r perfekta f\u00f6r att skapa sammanh\u00e4ngande rader p\u00e5 konferenser, utbildningar och f\u00f6rel\u00e4sningar.","twitter_image":"https:\/\/shop.bjerring-sales.dk\/wp-content\/uploads\/2023\/01\/KB-SOF.jpg","twitter_misc":{"Estimeret l\u00e6setid":"1 minut"},"schema":{"@context":"https:\/\/schema.org","@graph":[{"@type":"WebPage","@id":"https:\/\/shop.bjerring-sales.dk\/sv\/produkt\/kopplingsbeslag\/","url":"https:\/\/shop.bjerring-sales.dk\/sv\/produkt\/kopplingsbeslag\/","name":"Kopplingsbeslag - Bjerring-Sales","isPartOf":{"@id":"https:\/\/shop.bjerring-sales.dk\/#website"},"primaryImageOfPage":{"@id":"https:\/\/shop.bjerring-sales.dk\/sv\/produkt\/kopplingsbeslag\/#primaryimage"},"image":{"@id":"https:\/\/shop.bjerring-sales.dk\/sv\/produkt\/kopplingsbeslag\/#primaryimage"},"thumbnailUrl":"https:\/\/shop.bjerring-sales.dk\/wp-content\/uploads\/2024\/10\/KB-SOF.jpg","datePublished":"2017-11-07T02:26:31+00:00","dateModified":"2026-04-17T05:25:06+00:00","description":"Kopplingsbeslag \u00e4r ett praktiskt tillbeh\u00f6r till b\u00e5de f\u00e4llbara och stapelbara stolar. De \u00e4r perfekta f\u00f6r att skapa sammanh\u00e4ngande rader p\u00e5 konferenser, utbildningar och f\u00f6rel\u00e4sningar.","breadcrumb":{"@id":"https:\/\/shop.bjerring-sales.dk\/sv\/produkt\/kopplingsbeslag\/#breadcrumb"},"inLanguage":"da-DK","potentialAction":[{"@type":"ReadAction","target":["https:\/\/shop.bjerring-sales.dk\/sv\/produkt\/kopplingsbeslag\/"]}]},{"@type":"ImageObject","inLanguage":"da-DK","@id":"https:\/\/shop.bjerring-sales.dk\/sv\/produkt\/kopplingsbeslag\/#primaryimage","url":"https:\/\/shop.bjerring-sales.dk\/wp-content\/uploads\/2024\/10\/KB-SOF.jpg","contentUrl":"https:\/\/shop.bjerring-sales.dk\/wp-content\/uploads\/2024\/10\/KB-SOF.jpg","width":800,"height":800},{"@type":"BreadcrumbList","@id":"https:\/\/shop.bjerring-sales.dk\/sv\/produkt\/kopplingsbeslag\/#breadcrumb","itemListElement":[{"@type":"ListItem","position":1,"name":"Hem","item":"https:\/\/shop.bjerring-sales.dk\/"},{"@type":"ListItem","position":2,"name":"Webbutik","item":"https:\/\/shop.bjerring-sales.dk\/butik\/"},{"@type":"ListItem","position":3,"name":"Kopplingsbeslag"}]},{"@type":"WebSite","@id":"https:\/\/shop.bjerring-sales.dk\/#website","url":"https:\/\/shop.bjerring-sales.dk\/","name":"Bjerring-Salg","description":"M\u00f8bler til teatre, skoler, kontorer og indk\u00f8bscentre","publisher":{"@id":"https:\/\/shop.bjerring-sales.dk\/#organization"},"potentialAction":[{"@type":"SearchAction","target":{"@type":"EntryPoint","urlTemplate":"https:\/\/shop.bjerring-sales.dk\/?s={search_term_string}"},"query-input":{"@type":"PropertyValueSpecification","valueRequired":true,"valueName":"search_term_string"}}],"inLanguage":"da-DK"},{"@type":"Organization","@id":"https:\/\/shop.bjerring-sales.dk\/#organization","name":"Bjerring-Salg","url":"https:\/\/shop.bjerring-sales.dk\/","logo":{"@type":"ImageObject","inLanguage":"da-DK","@id":"https:\/\/shop.bjerring-sales.dk\/#\/schema\/logo\/image\/","url":"https:\/\/shop.bjerring-sales.dk\/wp-content\/uploads\/2023\/01\/logo_sv.png","contentUrl":"https:\/\/shop.bjerring-sales.dk\/wp-content\/uploads\/2023\/01\/logo_sv.png","width":195,"height":68,"caption":"Bjerring-Sales"},"image":{"@id":"https:\/\/shop.bjerring-sales.dk\/#\/schema\/logo\/image\/"}}]}},"_links":{"self":[{"href":"https:\/\/shop.bjerring-sales.dk\/da\/wp-json\/wp\/v2\/product\/62646","targetHints":{"allow":["GET"]}}],"collection":[{"href":"https:\/\/shop.bjerring-sales.dk\/da\/wp-json\/wp\/v2\/product"}],"about":[{"href":"https:\/\/shop.bjerring-sales.dk\/da\/wp-json\/wp\/v2\/types\/product"}],"wp:featuredmedia":[{"embeddable":true,"href":"https:\/\/shop.bjerring-sales.dk\/da\/wp-json\/wp\/v2\/media\/99030"}],"wp:attachment":[{"href":"https:\/\/shop.bjerring-sales.dk\/da\/wp-json\/wp\/v2\/media?parent=62646"}],"wp:term":[{"taxonomy":"product_brand","embeddable":true,"href":"https:\/\/shop.bjerring-sales.dk\/da\/wp-json\/wp\/v2\/product_brand?post=62646"},{"taxonomy":"product_cat","embeddable":true,"href":"https:\/\/shop.bjerring-sales.dk\/da\/wp-json\/wp\/v2\/product_cat?post=62646"},{"taxonomy":"product_tag","embeddable":true,"href":"https:\/\/shop.bjerring-sales.dk\/da\/wp-json\/wp\/v2\/product_tag?post=62646"}],"curies":[{"name":"wp","href":"https:\/\/api.w.org\/{rel}","templated":true}]}}