{"id":62528,"date":"2017-12-04T09:28:08","date_gmt":"2017-12-04T08:28:08","guid":{"rendered":"https:\/\/pule.se\/produkt\/ramp-till-scen\/"},"modified":"2026-03-30T17:26:56","modified_gmt":"2026-03-30T15:26:56","slug":"ramp-till-scen","status":"publish","type":"product","link":"https:\/\/shop.bjerring-sales.dk\/da\/vare\/ramp-till-scen\/","title":{"rendered":"Rampe til scenen"},"content":{"rendered":"<p>Funktionel rampe bekl\u00e6dt med gr\u00e5t t\u00e6ppe velegnet til foldescene. Fremragende til lejligheder, hvor det skal v\u00e6re nemt at komme ind p\u00e5 scenen s\u00e5som forestillinger, buffeter og undervisning. Rampen g\u00f8r det lettere for k\u00f8restolsbrugere.<\/p>\n<ul>\n<li>Bekl\u00e6dt med gr\u00e5 filt t\u00e6ppe<\/li>\n<li>Rammen er hammerlakeret<\/li>\n<li>F\u00e5s i andre st\u00f8rrelser<\/li>\n<\/ul>","protected":false},"excerpt":{"rendered":"<p>Funktionel rampe bekl\u00e6dt med gr\u00e5t t\u00e6ppe velegnet til foldescene. Fremragende til lejligheder, hvor det skal v\u00e6re nemt at komme ind p\u00e5 scenen s\u00e5som forestillinger, buffeter og undervisning. Rampen g\u00f8r det lettere for k\u00f8restolsbrugere.<\/p>","protected":false},"featured_media":98906,"template":"","meta":{"iawp_total_views":17},"product_brand":[],"product_cat":[5937],"product_tag":[6208,6209],"class_list":{"0":"post-62528","1":"product","2":"type-product","3":"status-publish","4":"has-post-thumbnail","6":"product_cat-fallbara-scener","7":"product_tag-ramp-till-scen","8":"product_tag-flyttbar-scenramp","10":"first","11":"instock","12":"taxable","13":"shipping-taxable","14":"purchasable","15":"product-type-simple"},"yoast_head":"<!-- This site is optimized with the Yoast SEO plugin v27.0 - https:\/\/yoast.com\/product\/yoast-seo-wordpress\/ -->\n<title>Ramp till scen - Bjerring-Sales<\/title>\n<meta name=\"description\" content=\"Funktionell ramp kl\u00e4dd i gr\u00e5 matta passande till f\u00e4llbar scen. Utm\u00e4rkt f\u00f6r tillf\u00e4llen d\u00e4r det ska vara enkelt att \u00e4ntra scenen som upptr\u00e4danden, buff\u00e9er och utbildningar.\" \/>\n<meta name=\"robots\" content=\"index, follow, max-snippet:-1, max-image-preview:large, max-video-preview:-1\" \/>\n<link rel=\"canonical\" href=\"https:\/\/shop.bjerring-sales.dk\/da\/vare\/ramp-till-scen\/\" \/>\n<meta property=\"og:locale\" content=\"da_DK\" \/>\n<meta property=\"og:type\" content=\"article\" \/>\n<meta property=\"og:title\" content=\"Ramp till scen - Bjerring-Sales\" \/>\n<meta property=\"og:description\" content=\"Funktionell ramp kl\u00e4dd i gr\u00e5 matta passande till f\u00e4llbar scen. Utm\u00e4rkt f\u00f6r tillf\u00e4llen d\u00e4r det ska vara enkelt att \u00e4ntra scenen som upptr\u00e4danden, buff\u00e9er och utbildningar.\" \/>\n<meta property=\"og:url\" content=\"https:\/\/shop.bjerring-sales.dk\/da\/vare\/ramp-till-scen\/\" \/>\n<meta property=\"og:site_name\" content=\"Bjerring-Sales\" \/>\n<meta property=\"article:modified_time\" content=\"2026-03-30T15:26:56+00:00\" \/>\n<meta property=\"og:image\" content=\"https:\/\/shop.bjerring-sales.dk\/wp-content\/uploads\/2024\/10\/webb-elj-ramptillscen.jpg\" \/>\n\t<meta property=\"og:image:width\" content=\"800\" \/>\n\t<meta property=\"og:image:height\" content=\"800\" \/>\n\t<meta property=\"og:image:type\" content=\"image\/jpeg\" \/>\n<meta name=\"twitter:card\" content=\"summary_large_image\" \/>\n<script type=\"application\/ld+json\" class=\"yoast-schema-graph\">{\"@context\":\"https:\/\/schema.org\",\"@graph\":[{\"@type\":\"WebPage\",\"@id\":\"https:\/\/shop.bjerring-sales.dk\/sv\/produkt\/ramp-till-scen\/\",\"url\":\"https:\/\/shop.bjerring-sales.dk\/sv\/produkt\/ramp-till-scen\/\",\"name\":\"Ramp till scen - Bjerring-Sales\",\"isPartOf\":{\"@id\":\"https:\/\/shop.bjerring-sales.dk\/#website\"},\"primaryImageOfPage\":{\"@id\":\"https:\/\/shop.bjerring-sales.dk\/sv\/produkt\/ramp-till-scen\/#primaryimage\"},\"image\":{\"@id\":\"https:\/\/shop.bjerring-sales.dk\/sv\/produkt\/ramp-till-scen\/#primaryimage\"},\"thumbnailUrl\":\"https:\/\/shop.bjerring-sales.dk\/wp-content\/uploads\/2024\/10\/webb-elj-ramptillscen.jpg\",\"datePublished\":\"2017-12-04T08:28:08+00:00\",\"dateModified\":\"2026-03-30T15:26:56+00:00\",\"description\":\"Funktionell ramp kl\u00e4dd i gr\u00e5 matta passande till f\u00e4llbar scen. Utm\u00e4rkt f\u00f6r tillf\u00e4llen d\u00e4r det ska vara enkelt att \u00e4ntra scenen som upptr\u00e4danden, buff\u00e9er och utbildningar.\",\"breadcrumb\":{\"@id\":\"https:\/\/shop.bjerring-sales.dk\/sv\/produkt\/ramp-till-scen\/#breadcrumb\"},\"inLanguage\":\"da-DK\",\"potentialAction\":[{\"@type\":\"ReadAction\",\"target\":[\"https:\/\/shop.bjerring-sales.dk\/sv\/produkt\/ramp-till-scen\/\"]}]},{\"@type\":\"ImageObject\",\"inLanguage\":\"da-DK\",\"@id\":\"https:\/\/shop.bjerring-sales.dk\/sv\/produkt\/ramp-till-scen\/#primaryimage\",\"url\":\"https:\/\/shop.bjerring-sales.dk\/wp-content\/uploads\/2024\/10\/webb-elj-ramptillscen.jpg\",\"contentUrl\":\"https:\/\/shop.bjerring-sales.dk\/wp-content\/uploads\/2024\/10\/webb-elj-ramptillscen.jpg\",\"width\":800,\"height\":800},{\"@type\":\"BreadcrumbList\",\"@id\":\"https:\/\/shop.bjerring-sales.dk\/sv\/produkt\/ramp-till-scen\/#breadcrumb\",\"itemListElement\":[{\"@type\":\"ListItem\",\"position\":1,\"name\":\"Hem\",\"item\":\"https:\/\/shop.bjerring-sales.dk\/\"},{\"@type\":\"ListItem\",\"position\":2,\"name\":\"Webbutik\",\"item\":\"https:\/\/shop.bjerring-sales.dk\/butik\/\"},{\"@type\":\"ListItem\",\"position\":3,\"name\":\"Ramp till scen\"}]},{\"@type\":\"WebSite\",\"@id\":\"https:\/\/shop.bjerring-sales.dk\/#website\",\"url\":\"https:\/\/shop.bjerring-sales.dk\/\",\"name\":\"Bjerring-Sales\",\"description\":\"M\u00f6bler f\u00f6r teatrar, skolor, kontor och k\u00f6pcentrum\",\"publisher\":{\"@id\":\"https:\/\/shop.bjerring-sales.dk\/#organization\"},\"potentialAction\":[{\"@type\":\"SearchAction\",\"target\":{\"@type\":\"EntryPoint\",\"urlTemplate\":\"https:\/\/shop.bjerring-sales.dk\/?s={search_term_string}\"},\"query-input\":{\"@type\":\"PropertyValueSpecification\",\"valueRequired\":true,\"valueName\":\"search_term_string\"}}],\"inLanguage\":\"da-DK\"},{\"@type\":\"Organization\",\"@id\":\"https:\/\/shop.bjerring-sales.dk\/#organization\",\"name\":\"Bjerring-Sales\",\"url\":\"https:\/\/shop.bjerring-sales.dk\/\",\"logo\":{\"@type\":\"ImageObject\",\"inLanguage\":\"da-DK\",\"@id\":\"https:\/\/shop.bjerring-sales.dk\/#\/schema\/logo\/image\/\",\"url\":\"https:\/\/shop.bjerring-sales.dk\/wp-content\/uploads\/2023\/01\/logo_sv.png\",\"contentUrl\":\"https:\/\/shop.bjerring-sales.dk\/wp-content\/uploads\/2023\/01\/logo_sv.png\",\"width\":195,\"height\":68,\"caption\":\"Bjerring-Sales\"},\"image\":{\"@id\":\"https:\/\/shop.bjerring-sales.dk\/#\/schema\/logo\/image\/\"}}]}<\/script>\n<!-- \/ Yoast SEO plugin. -->","yoast_head_json":{"title":"Ramp till scen - Bjerring-Sales","description":"Funktionell ramp kl\u00e4dd i gr\u00e5 matta passande till f\u00e4llbar scen. Utm\u00e4rkt f\u00f6r tillf\u00e4llen d\u00e4r det ska vara enkelt att \u00e4ntra scenen som upptr\u00e4danden, buff\u00e9er och utbildningar.","robots":{"index":"index","follow":"follow","max-snippet":"max-snippet:-1","max-image-preview":"max-image-preview:large","max-video-preview":"max-video-preview:-1"},"canonical":"https:\/\/shop.bjerring-sales.dk\/da\/vare\/ramp-till-scen\/","og_locale":"da_DK","og_type":"article","og_title":"Ramp till scen - Bjerring-Sales","og_description":"Funktionell ramp kl\u00e4dd i gr\u00e5 matta passande till f\u00e4llbar scen. Utm\u00e4rkt f\u00f6r tillf\u00e4llen d\u00e4r det ska vara enkelt att \u00e4ntra scenen som upptr\u00e4danden, buff\u00e9er och utbildningar.","og_url":"https:\/\/shop.bjerring-sales.dk\/da\/vare\/ramp-till-scen\/","og_site_name":"Bjerring-Sales","article_modified_time":"2026-03-30T15:26:56+00:00","og_image":[{"width":800,"height":800,"url":"https:\/\/shop.bjerring-sales.dk\/wp-content\/uploads\/2024\/10\/webb-elj-ramptillscen.jpg","type":"image\/jpeg"}],"twitter_card":"summary_large_image","schema":{"@context":"https:\/\/schema.org","@graph":[{"@type":"WebPage","@id":"https:\/\/shop.bjerring-sales.dk\/sv\/produkt\/ramp-till-scen\/","url":"https:\/\/shop.bjerring-sales.dk\/sv\/produkt\/ramp-till-scen\/","name":"Ramp till scen - Bjerring-Sales","isPartOf":{"@id":"https:\/\/shop.bjerring-sales.dk\/#website"},"primaryImageOfPage":{"@id":"https:\/\/shop.bjerring-sales.dk\/sv\/produkt\/ramp-till-scen\/#primaryimage"},"image":{"@id":"https:\/\/shop.bjerring-sales.dk\/sv\/produkt\/ramp-till-scen\/#primaryimage"},"thumbnailUrl":"https:\/\/shop.bjerring-sales.dk\/wp-content\/uploads\/2024\/10\/webb-elj-ramptillscen.jpg","datePublished":"2017-12-04T08:28:08+00:00","dateModified":"2026-03-30T15:26:56+00:00","description":"Funktionell ramp kl\u00e4dd i gr\u00e5 matta passande till f\u00e4llbar scen. Utm\u00e4rkt f\u00f6r tillf\u00e4llen d\u00e4r det ska vara enkelt att \u00e4ntra scenen som upptr\u00e4danden, buff\u00e9er och utbildningar.","breadcrumb":{"@id":"https:\/\/shop.bjerring-sales.dk\/sv\/produkt\/ramp-till-scen\/#breadcrumb"},"inLanguage":"da-DK","potentialAction":[{"@type":"ReadAction","target":["https:\/\/shop.bjerring-sales.dk\/sv\/produkt\/ramp-till-scen\/"]}]},{"@type":"ImageObject","inLanguage":"da-DK","@id":"https:\/\/shop.bjerring-sales.dk\/sv\/produkt\/ramp-till-scen\/#primaryimage","url":"https:\/\/shop.bjerring-sales.dk\/wp-content\/uploads\/2024\/10\/webb-elj-ramptillscen.jpg","contentUrl":"https:\/\/shop.bjerring-sales.dk\/wp-content\/uploads\/2024\/10\/webb-elj-ramptillscen.jpg","width":800,"height":800},{"@type":"BreadcrumbList","@id":"https:\/\/shop.bjerring-sales.dk\/sv\/produkt\/ramp-till-scen\/#breadcrumb","itemListElement":[{"@type":"ListItem","position":1,"name":"Hem","item":"https:\/\/shop.bjerring-sales.dk\/"},{"@type":"ListItem","position":2,"name":"Webbutik","item":"https:\/\/shop.bjerring-sales.dk\/butik\/"},{"@type":"ListItem","position":3,"name":"Ramp till scen"}]},{"@type":"WebSite","@id":"https:\/\/shop.bjerring-sales.dk\/#website","url":"https:\/\/shop.bjerring-sales.dk\/","name":"Bjerring-Salg","description":"M\u00f8bler til teatre, skoler, kontorer og indk\u00f8bscentre","publisher":{"@id":"https:\/\/shop.bjerring-sales.dk\/#organization"},"potentialAction":[{"@type":"SearchAction","target":{"@type":"EntryPoint","urlTemplate":"https:\/\/shop.bjerring-sales.dk\/?s={search_term_string}"},"query-input":{"@type":"PropertyValueSpecification","valueRequired":true,"valueName":"search_term_string"}}],"inLanguage":"da-DK"},{"@type":"Organization","@id":"https:\/\/shop.bjerring-sales.dk\/#organization","name":"Bjerring-Salg","url":"https:\/\/shop.bjerring-sales.dk\/","logo":{"@type":"ImageObject","inLanguage":"da-DK","@id":"https:\/\/shop.bjerring-sales.dk\/#\/schema\/logo\/image\/","url":"https:\/\/shop.bjerring-sales.dk\/wp-content\/uploads\/2023\/01\/logo_sv.png","contentUrl":"https:\/\/shop.bjerring-sales.dk\/wp-content\/uploads\/2023\/01\/logo_sv.png","width":195,"height":68,"caption":"Bjerring-Sales"},"image":{"@id":"https:\/\/shop.bjerring-sales.dk\/#\/schema\/logo\/image\/"}}]}},"_links":{"self":[{"href":"https:\/\/shop.bjerring-sales.dk\/da\/wp-json\/wp\/v2\/product\/62528","targetHints":{"allow":["GET"]}}],"collection":[{"href":"https:\/\/shop.bjerring-sales.dk\/da\/wp-json\/wp\/v2\/product"}],"about":[{"href":"https:\/\/shop.bjerring-sales.dk\/da\/wp-json\/wp\/v2\/types\/product"}],"wp:featuredmedia":[{"embeddable":true,"href":"https:\/\/shop.bjerring-sales.dk\/da\/wp-json\/wp\/v2\/media\/98906"}],"wp:attachment":[{"href":"https:\/\/shop.bjerring-sales.dk\/da\/wp-json\/wp\/v2\/media?parent=62528"}],"wp:term":[{"taxonomy":"product_brand","embeddable":true,"href":"https:\/\/shop.bjerring-sales.dk\/da\/wp-json\/wp\/v2\/product_brand?post=62528"},{"taxonomy":"product_cat","embeddable":true,"href":"https:\/\/shop.bjerring-sales.dk\/da\/wp-json\/wp\/v2\/product_cat?post=62528"},{"taxonomy":"product_tag","embeddable":true,"href":"https:\/\/shop.bjerring-sales.dk\/da\/wp-json\/wp\/v2\/product_tag?post=62528"}],"curies":[{"name":"wp","href":"https:\/\/api.w.org\/{rel}","templated":true}]}}