{"id":62507,"date":"2022-03-02T11:29:20","date_gmt":"2022-03-02T10:29:20","guid":{"rendered":"https:\/\/pule.se\/produkt\/bordsskivor-runda-laminat\/"},"modified":"2023-01-17T11:03:41","modified_gmt":"2023-01-17T10:03:41","slug":"bordsskivor-runda-laminat","status":"publish","type":"product","link":"https:\/\/shop.bjerring-sales.dk\/da\/vare\/bordsskivor-runda-laminat\/","title":{"rendered":"Runda laminatplader"},"content":{"rendered":"<div class=\"wpb-content-wrapper\"><div class=\"vc_row wpb_row vc_row-fluid\"><div class=\"wpb_column vc_column_container vc_col-sm-12\"><div class=\"vc_column-inner\"><div class=\"wpb_wrapper\">\n\t<div class=\"wpb_text_column wpb_content_element\" >\n\t\t<div class=\"wpb_wrapper\">\n\t\t\t<p><span style=\"font-size: 24pt\">Runda laminatbordplader er et godt valg til en r\u00e6kke omr\u00e5der!<br \/>\n<\/span>Runda laminatbordplader er ideelle til alt fra frokoststuer, restauranter og kontorlokaler. De forskellige st\u00f8rrelser g\u00f8r, at de runde bordplader passer til en r\u00e6kke forskellige bordstel. B\u00e5de til at sidde ved sofaborde, spiseborde og konferenceborde eller for eksempel st\u00e5ende bordstel.<\/p>\n\n\t\t<\/div>\n\t<\/div>\n<\/div><\/div><\/div><\/div><div class=\"vc_row wpb_row vc_row-fluid\"><div class=\"wpb_column vc_column_container vc_col-sm-6\"><div class=\"vc_column-inner\"><div class=\"wpb_wrapper\">\n\t<div  class=\"wpb_single_image wpb_content_element vc_align_center\">\n\t\t\n\t\t<figure class=\"wpb_wrapper vc_figure\">\n\t\t\t<div class=\"vc_single_image-wrapper vc_box_shadow_border  vc_box_border_grey\"><img loading=\"lazy\" decoding=\"async\" width=\"800\" height=\"550\" src=\"https:\/\/shop.bjerring-sales.dk\/wp-content\/uploads\/2022\/03\/scene-3_cam-1_800_Post.jpg\" class=\"vc_single_image-img attachment-full\" alt=\"\" title=\"scene-3_cam-1_800_Post\" srcset=\"https:\/\/shop.bjerring-sales.dk\/wp-content\/uploads\/2022\/03\/scene-3_cam-1_800_Post.jpg 800w, https:\/\/shop.bjerring-sales.dk\/wp-content\/uploads\/2022\/03\/scene-3_cam-1_800_Post-150x103.jpg 150w, https:\/\/shop.bjerring-sales.dk\/wp-content\/uploads\/2022\/03\/scene-3_cam-1_800_Post-600x413.jpg 600w, https:\/\/shop.bjerring-sales.dk\/wp-content\/uploads\/2022\/03\/scene-3_cam-1_800_Post-300x206.jpg 300w, https:\/\/shop.bjerring-sales.dk\/wp-content\/uploads\/2022\/03\/scene-3_cam-1_800_Post-768x528.jpg 768w\" sizes=\"auto, (max-width: 800px) 100vw, 800px\" \/><\/div>\n\t\t<\/figure>\n\t<\/div>\n<\/div><\/div><\/div><div class=\"wpb_column vc_column_container vc_col-sm-6\"><div class=\"vc_column-inner\"><div class=\"wpb_wrapper\">\n\t<div  class=\"wpb_single_image wpb_content_element vc_align_center\">\n\t\t\n\t\t<figure class=\"wpb_wrapper vc_figure\">\n\t\t\t<div class=\"vc_single_image-wrapper vc_box_shadow_border  vc_box_border_grey\"><img loading=\"lazy\" decoding=\"async\" width=\"800\" height=\"550\" src=\"https:\/\/shop.bjerring-sales.dk\/wp-content\/uploads\/2022\/03\/scene_Post_800.jpg\" class=\"vc_single_image-img attachment-full\" alt=\"\" title=\"scene_Post_800\" srcset=\"https:\/\/shop.bjerring-sales.dk\/wp-content\/uploads\/2022\/03\/scene_Post_800.jpg 800w, https:\/\/shop.bjerring-sales.dk\/wp-content\/uploads\/2022\/03\/scene_Post_800-150x103.jpg 150w, https:\/\/shop.bjerring-sales.dk\/wp-content\/uploads\/2022\/03\/scene_Post_800-600x413.jpg 600w, https:\/\/shop.bjerring-sales.dk\/wp-content\/uploads\/2022\/03\/scene_Post_800-300x206.jpg 300w, https:\/\/shop.bjerring-sales.dk\/wp-content\/uploads\/2022\/03\/scene_Post_800-768x528.jpg 768w\" sizes=\"auto, (max-width: 800px) 100vw, 800px\" \/><\/div>\n\t\t<\/figure>\n\t<\/div>\n<\/div><\/div><\/div><\/div><div class=\"vc_row wpb_row vc_row-fluid\"><div class=\"wpb_column vc_column_container vc_col-sm-6\"><div class=\"vc_column-inner\"><div class=\"wpb_wrapper\">\n\t<div class=\"wpb_text_column wpb_content_element\" >\n\t\t<div class=\"wpb_wrapper\">\n\t\t\t<p><span style=\"font-size: 18pt\">Kombiner bordplader med bordstel<br \/>\n<\/span>Studio-serien best\u00e5r af bordstel og bordben, der nemt kan kombineres med de runde bordplader for en komplet l\u00f8sning.<\/p>\n<p><span style=\"font-size: 18pt\">St\u00f8rrelse og v\u00e6gt<\/span><\/p>\n<ul>\n<li>\u00d850 cm \u2013 2,5 kg<\/li>\n<li>\u00d860 cm \u2013 3,5 kg<\/li>\n<li>\u00d870 cm \u2013 5 kg<\/li>\n<li>\u00d880 cm \u2013 6,5 kg<\/li>\n<li>\u00d890 cm \u2013 8 kg<\/li>\n<li>\u00d8120 cm \u2013 15 kg<\/li>\n<li>\u00d8150 cm \u2013 22,5 kg<\/li>\n<li>\u00d8160 cm \u2013 26 kg<\/li>\n<li>\u00d8170 cm \u2013 29 kg<\/li>\n<\/ul>\n\n\t\t<\/div>\n\t<\/div>\n<\/div><\/div><\/div><div class=\"wpb_column vc_column_container vc_col-sm-6\"><div class=\"vc_column-inner\"><div class=\"wpb_wrapper\">\n\t<div class=\"wpb_text_column wpb_content_element\" >\n\t\t<div class=\"wpb_wrapper\">\n\t\t\t<p><span style=\"font-size: 18pt\">Specifikationer<\/span><\/p>\n<ul>\n<li>F\u00e5s i hvid, gr\u00e5, urban eg<\/li>\n<li>19 mm tykkelse<\/li>\n<li>laminat<\/li>\n<\/ul>\n\n\t\t<\/div>\n\t<\/div>\n<\/div><\/div><\/div><\/div>\n<\/div>","protected":false},"excerpt":{"rendered":"<p>Runda laminerede plade til borde. Alt efter st\u00f8rrelse er de velegnede til hoteller, cafeer, restauranter, konferencer og feststeder. Perfekt som erstatningsplader til gamle borde.<\/p>","protected":false},"featured_media":73700,"template":"","meta":{"iawp_total_views":7},"product_brand":[],"product_cat":[5868],"product_tag":[6030,6027,6028,6029],"class_list":{"0":"post-62507","1":"product","2":"type-product","3":"status-publish","4":"has-post-thumbnail","6":"product_cat-bordsskivor","7":"product_tag-rund-laminerad-skiva","8":"product_tag-runda-bordsskivor","9":"product_tag-bordsskivor-i-laminat","10":"product_tag-rund-laminatskiva","12":"first","13":"instock","14":"taxable","15":"shipping-taxable","16":"purchasable","17":"product-type-variable"},"yoast_head":"<!-- This site is optimized with the Yoast SEO plugin v27.0 - https:\/\/yoast.com\/product\/yoast-seo-wordpress\/ -->\n<title>Runda laminatskivor - Bjerring-Sales<\/title>\n<meta name=\"description\" content=\"Runda laminerade skivor f\u00f6r bord. Beroende p\u00e5 storlek passar de p\u00e5 hotell, caf\u00e9er, restauranger, konferenser och festlokaler.\" \/>\n<meta name=\"robots\" content=\"index, follow, max-snippet:-1, max-image-preview:large, max-video-preview:-1\" \/>\n<link rel=\"canonical\" href=\"https:\/\/shop.bjerring-sales.dk\/da\/vare\/bordsskivor-runda-laminat\/\" \/>\n<meta property=\"og:locale\" content=\"da_DK\" \/>\n<meta property=\"og:type\" content=\"article\" \/>\n<meta property=\"og:title\" content=\"Runda bordsskivor i laminat \u00e4r ett bra val till en m\u00e4ngd olika omr\u00e5den!\" \/>\n<meta property=\"og:description\" content=\"Runda laminerade skivor f\u00f6r bord. Beroende p\u00e5 storlek passar de p\u00e5 hotell, caf\u00e9er, restauranger, konferenser och festlokaler.\" \/>\n<meta property=\"og:url\" content=\"https:\/\/shop.bjerring-sales.dk\/da\/vare\/bordsskivor-runda-laminat\/\" \/>\n<meta property=\"og:site_name\" content=\"Bjerring-Sales\" \/>\n<meta property=\"article:modified_time\" content=\"2023-01-17T10:03:41+00:00\" \/>\n<meta property=\"og:image\" content=\"https:\/\/pule.se\/wp-content\/uploads\/2022\/03\/scene_Post_800.jpg\" \/>\n\t<meta property=\"og:image:width\" content=\"800\" \/>\n\t<meta property=\"og:image:height\" content=\"550\" \/>\n\t<meta property=\"og:image:type\" content=\"image\/jpeg\" \/>\n<meta name=\"twitter:card\" content=\"summary_large_image\" \/>\n<meta name=\"twitter:title\" content=\"Runda bordsskivor i laminat \u00e4r ett bra val till en m\u00e4ngd olika omr\u00e5den!\" \/>\n<meta name=\"twitter:description\" content=\"Runda laminerade skivor f\u00f6r bord. Beroende p\u00e5 storlek passar de p\u00e5 hotell, caf\u00e9er, restauranger, konferenser och festlokaler.\" \/>\n<meta name=\"twitter:image\" content=\"https:\/\/shop.bjerring-sales.dk\/wp-content\/uploads\/2022\/03\/scene_Post_800.jpg\" \/>\n<meta name=\"twitter:label1\" content=\"Estimeret l\u00e6setid\" \/>\n\t<meta name=\"twitter:data1\" content=\"1 minut\" \/>\n<script type=\"application\/ld+json\" class=\"yoast-schema-graph\">{\"@context\":\"https:\/\/schema.org\",\"@graph\":[{\"@type\":\"WebPage\",\"@id\":\"https:\/\/shop.bjerring-sales.dk\/sv\/produkt\/bordsskivor-runda-laminat\/\",\"url\":\"https:\/\/shop.bjerring-sales.dk\/sv\/produkt\/bordsskivor-runda-laminat\/\",\"name\":\"Runda laminatskivor - Bjerring-Sales\",\"isPartOf\":{\"@id\":\"https:\/\/shop.bjerring-sales.dk\/#website\"},\"primaryImageOfPage\":{\"@id\":\"https:\/\/shop.bjerring-sales.dk\/sv\/produkt\/bordsskivor-runda-laminat\/#primaryimage\"},\"image\":{\"@id\":\"https:\/\/shop.bjerring-sales.dk\/sv\/produkt\/bordsskivor-runda-laminat\/#primaryimage\"},\"thumbnailUrl\":\"https:\/\/shop.bjerring-sales.dk\/wp-content\/uploads\/2022\/03\/170_Urban-oak.jpg\",\"datePublished\":\"2022-03-02T10:29:20+00:00\",\"dateModified\":\"2023-01-17T10:03:41+00:00\",\"description\":\"Runda laminerade skivor f\u00f6r bord. Beroende p\u00e5 storlek passar de p\u00e5 hotell, caf\u00e9er, restauranger, konferenser och festlokaler.\",\"breadcrumb\":{\"@id\":\"https:\/\/shop.bjerring-sales.dk\/sv\/produkt\/bordsskivor-runda-laminat\/#breadcrumb\"},\"inLanguage\":\"da-DK\",\"potentialAction\":[{\"@type\":\"ReadAction\",\"target\":[\"https:\/\/shop.bjerring-sales.dk\/sv\/produkt\/bordsskivor-runda-laminat\/\"]}]},{\"@type\":\"ImageObject\",\"inLanguage\":\"da-DK\",\"@id\":\"https:\/\/shop.bjerring-sales.dk\/sv\/produkt\/bordsskivor-runda-laminat\/#primaryimage\",\"url\":\"https:\/\/shop.bjerring-sales.dk\/wp-content\/uploads\/2022\/03\/170_Urban-oak.jpg\",\"contentUrl\":\"https:\/\/shop.bjerring-sales.dk\/wp-content\/uploads\/2022\/03\/170_Urban-oak.jpg\",\"width\":800,\"height\":800},{\"@type\":\"BreadcrumbList\",\"@id\":\"https:\/\/shop.bjerring-sales.dk\/sv\/produkt\/bordsskivor-runda-laminat\/#breadcrumb\",\"itemListElement\":[{\"@type\":\"ListItem\",\"position\":1,\"name\":\"Hem\",\"item\":\"https:\/\/shop.bjerring-sales.dk\/\"},{\"@type\":\"ListItem\",\"position\":2,\"name\":\"Webbutik\",\"item\":\"https:\/\/shop.bjerring-sales.dk\/butik\/\"},{\"@type\":\"ListItem\",\"position\":3,\"name\":\"Runda laminatskivor\"}]},{\"@type\":\"WebSite\",\"@id\":\"https:\/\/shop.bjerring-sales.dk\/#website\",\"url\":\"https:\/\/shop.bjerring-sales.dk\/\",\"name\":\"Bjerring-Sales\",\"description\":\"M\u00f6bler f\u00f6r teatrar, skolor, kontor och k\u00f6pcentrum\",\"publisher\":{\"@id\":\"https:\/\/shop.bjerring-sales.dk\/#organization\"},\"potentialAction\":[{\"@type\":\"SearchAction\",\"target\":{\"@type\":\"EntryPoint\",\"urlTemplate\":\"https:\/\/shop.bjerring-sales.dk\/?s={search_term_string}\"},\"query-input\":{\"@type\":\"PropertyValueSpecification\",\"valueRequired\":true,\"valueName\":\"search_term_string\"}}],\"inLanguage\":\"da-DK\"},{\"@type\":\"Organization\",\"@id\":\"https:\/\/shop.bjerring-sales.dk\/#organization\",\"name\":\"Bjerring-Sales\",\"url\":\"https:\/\/shop.bjerring-sales.dk\/\",\"logo\":{\"@type\":\"ImageObject\",\"inLanguage\":\"da-DK\",\"@id\":\"https:\/\/shop.bjerring-sales.dk\/#\/schema\/logo\/image\/\",\"url\":\"https:\/\/shop.bjerring-sales.dk\/wp-content\/uploads\/2023\/01\/logo_sv.png\",\"contentUrl\":\"https:\/\/shop.bjerring-sales.dk\/wp-content\/uploads\/2023\/01\/logo_sv.png\",\"width\":195,\"height\":68,\"caption\":\"Bjerring-Sales\"},\"image\":{\"@id\":\"https:\/\/shop.bjerring-sales.dk\/#\/schema\/logo\/image\/\"}}]}<\/script>\n<!-- \/ Yoast SEO plugin. -->","yoast_head_json":{"title":"Runda laminatskivor - Bjerring-Sales","description":"Runda laminerade skivor f\u00f6r bord. Beroende p\u00e5 storlek passar de p\u00e5 hotell, caf\u00e9er, restauranger, konferenser och festlokaler.","robots":{"index":"index","follow":"follow","max-snippet":"max-snippet:-1","max-image-preview":"max-image-preview:large","max-video-preview":"max-video-preview:-1"},"canonical":"https:\/\/shop.bjerring-sales.dk\/da\/vare\/bordsskivor-runda-laminat\/","og_locale":"da_DK","og_type":"article","og_title":"Runda bordsskivor i laminat \u00e4r ett bra val till en m\u00e4ngd olika omr\u00e5den!","og_description":"Runda laminerade skivor f\u00f6r bord. Beroende p\u00e5 storlek passar de p\u00e5 hotell, caf\u00e9er, restauranger, konferenser och festlokaler.","og_url":"https:\/\/shop.bjerring-sales.dk\/da\/vare\/bordsskivor-runda-laminat\/","og_site_name":"Bjerring-Sales","article_modified_time":"2023-01-17T10:03:41+00:00","og_image":[{"width":800,"height":550,"url":"https:\/\/pule.se\/wp-content\/uploads\/2022\/03\/scene_Post_800.jpg","type":"image\/jpeg"}],"twitter_card":"summary_large_image","twitter_title":"Runda bordsskivor i laminat \u00e4r ett bra val till en m\u00e4ngd olika omr\u00e5den!","twitter_description":"Runda laminerade skivor f\u00f6r bord. Beroende p\u00e5 storlek passar de p\u00e5 hotell, caf\u00e9er, restauranger, konferenser och festlokaler.","twitter_image":"https:\/\/shop.bjerring-sales.dk\/wp-content\/uploads\/2022\/03\/scene_Post_800.jpg","twitter_misc":{"Estimeret l\u00e6setid":"1 minut"},"schema":{"@context":"https:\/\/schema.org","@graph":[{"@type":"WebPage","@id":"https:\/\/shop.bjerring-sales.dk\/sv\/produkt\/bordsskivor-runda-laminat\/","url":"https:\/\/shop.bjerring-sales.dk\/sv\/produkt\/bordsskivor-runda-laminat\/","name":"Runda laminatskivor - Bjerring-Sales","isPartOf":{"@id":"https:\/\/shop.bjerring-sales.dk\/#website"},"primaryImageOfPage":{"@id":"https:\/\/shop.bjerring-sales.dk\/sv\/produkt\/bordsskivor-runda-laminat\/#primaryimage"},"image":{"@id":"https:\/\/shop.bjerring-sales.dk\/sv\/produkt\/bordsskivor-runda-laminat\/#primaryimage"},"thumbnailUrl":"https:\/\/shop.bjerring-sales.dk\/wp-content\/uploads\/2022\/03\/170_Urban-oak.jpg","datePublished":"2022-03-02T10:29:20+00:00","dateModified":"2023-01-17T10:03:41+00:00","description":"Runda laminerade skivor f\u00f6r bord. Beroende p\u00e5 storlek passar de p\u00e5 hotell, caf\u00e9er, restauranger, konferenser och festlokaler.","breadcrumb":{"@id":"https:\/\/shop.bjerring-sales.dk\/sv\/produkt\/bordsskivor-runda-laminat\/#breadcrumb"},"inLanguage":"da-DK","potentialAction":[{"@type":"ReadAction","target":["https:\/\/shop.bjerring-sales.dk\/sv\/produkt\/bordsskivor-runda-laminat\/"]}]},{"@type":"ImageObject","inLanguage":"da-DK","@id":"https:\/\/shop.bjerring-sales.dk\/sv\/produkt\/bordsskivor-runda-laminat\/#primaryimage","url":"https:\/\/shop.bjerring-sales.dk\/wp-content\/uploads\/2022\/03\/170_Urban-oak.jpg","contentUrl":"https:\/\/shop.bjerring-sales.dk\/wp-content\/uploads\/2022\/03\/170_Urban-oak.jpg","width":800,"height":800},{"@type":"BreadcrumbList","@id":"https:\/\/shop.bjerring-sales.dk\/sv\/produkt\/bordsskivor-runda-laminat\/#breadcrumb","itemListElement":[{"@type":"ListItem","position":1,"name":"Hem","item":"https:\/\/shop.bjerring-sales.dk\/"},{"@type":"ListItem","position":2,"name":"Webbutik","item":"https:\/\/shop.bjerring-sales.dk\/butik\/"},{"@type":"ListItem","position":3,"name":"Runda laminatskivor"}]},{"@type":"WebSite","@id":"https:\/\/shop.bjerring-sales.dk\/#website","url":"https:\/\/shop.bjerring-sales.dk\/","name":"Bjerring-Salg","description":"M\u00f8bler til teatre, skoler, kontorer og indk\u00f8bscentre","publisher":{"@id":"https:\/\/shop.bjerring-sales.dk\/#organization"},"potentialAction":[{"@type":"SearchAction","target":{"@type":"EntryPoint","urlTemplate":"https:\/\/shop.bjerring-sales.dk\/?s={search_term_string}"},"query-input":{"@type":"PropertyValueSpecification","valueRequired":true,"valueName":"search_term_string"}}],"inLanguage":"da-DK"},{"@type":"Organization","@id":"https:\/\/shop.bjerring-sales.dk\/#organization","name":"Bjerring-Salg","url":"https:\/\/shop.bjerring-sales.dk\/","logo":{"@type":"ImageObject","inLanguage":"da-DK","@id":"https:\/\/shop.bjerring-sales.dk\/#\/schema\/logo\/image\/","url":"https:\/\/shop.bjerring-sales.dk\/wp-content\/uploads\/2023\/01\/logo_sv.png","contentUrl":"https:\/\/shop.bjerring-sales.dk\/wp-content\/uploads\/2023\/01\/logo_sv.png","width":195,"height":68,"caption":"Bjerring-Sales"},"image":{"@id":"https:\/\/shop.bjerring-sales.dk\/#\/schema\/logo\/image\/"}}]}},"_links":{"self":[{"href":"https:\/\/shop.bjerring-sales.dk\/da\/wp-json\/wp\/v2\/product\/62507","targetHints":{"allow":["GET"]}}],"collection":[{"href":"https:\/\/shop.bjerring-sales.dk\/da\/wp-json\/wp\/v2\/product"}],"about":[{"href":"https:\/\/shop.bjerring-sales.dk\/da\/wp-json\/wp\/v2\/types\/product"}],"wp:featuredmedia":[{"embeddable":true,"href":"https:\/\/shop.bjerring-sales.dk\/da\/wp-json\/wp\/v2\/media\/73700"}],"wp:attachment":[{"href":"https:\/\/shop.bjerring-sales.dk\/da\/wp-json\/wp\/v2\/media?parent=62507"}],"wp:term":[{"taxonomy":"product_brand","embeddable":true,"href":"https:\/\/shop.bjerring-sales.dk\/da\/wp-json\/wp\/v2\/product_brand?post=62507"},{"taxonomy":"product_cat","embeddable":true,"href":"https:\/\/shop.bjerring-sales.dk\/da\/wp-json\/wp\/v2\/product_cat?post=62507"},{"taxonomy":"product_tag","embeddable":true,"href":"https:\/\/shop.bjerring-sales.dk\/da\/wp-json\/wp\/v2\/product_tag?post=62507"}],"curies":[{"name":"wp","href":"https:\/\/api.w.org\/{rel}","templated":true}]}}