{"id":62397,"date":"2018-02-01T00:32:29","date_gmt":"2018-01-31T23:32:29","guid":{"rendered":"https:\/\/pule.se\/produkt\/smart\/"},"modified":"2026-05-04T12:37:56","modified_gmt":"2026-05-04T10:37:56","slug":"smart","status":"publish","type":"product","link":"https:\/\/shop.bjerring-sales.dk\/da\/vare\/smart\/","title":{"rendered":"Smart"},"content":{"rendered":"<div class=\"wpb-content-wrapper\"><div class=\"vc_row wpb_row vc_row-fluid\"><div class=\"wpb_column vc_column_container vc_col-sm-12\"><div class=\"vc_column-inner\"><div class=\"wpb_wrapper\">\n\t<div class=\"wpb_text_column wpb_content_element\" >\n\t\t<div class=\"wpb_wrapper\">\n\t\t\t<p><span style=\"font-size: 24pt\">Smart er en smart klapstol, der b\u00e5de kan klappes sammen og forbindes<br \/>\n<\/span>Smart stolen er meget velegnet til arrangementer og foredrag eller som en fleksibel ekstra stol. Smart kan bruges b\u00e5de indend\u00f8rs og udend\u00f8rs, da den er vandafvisende og UV-behandlet. Smart stolen er en del af vores Basic-sortiment, hvor vi markedsf\u00f8rer kvalitetsm\u00f8bler til en konkurrencedygtig pris. Har du h\u00f8jere kvalitetskrav, har vi et Premium-sortiment, hvor Premium-stolen Big Alex svarer til Smart-stolen. Vogne til Smart stolen f\u00e5s i sortimentet.<\/p>\n\n\t\t<\/div>\n\t<\/div>\n<\/div><\/div><\/div><\/div><div class=\"vc_row wpb_row vc_row-fluid\"><div class=\"wpb_column vc_column_container vc_col-sm-3\"><div class=\"vc_column-inner\"><div class=\"wpb_wrapper\">\n\t<div  class=\"wpb_single_image wpb_content_element vc_align_center\">\n\t\t\n\t\t<figure class=\"wpb_wrapper vc_figure\">\n\t\t\t<div class=\"vc_single_image-wrapper vc_box_shadow_border  vc_box_border_grey\"><img loading=\"lazy\" decoding=\"async\" width=\"800\" height=\"800\" src=\"https:\/\/shop.bjerring-sales.dk\/wp-content\/uploads\/2018\/02\/smart15.jpg\" class=\"vc_single_image-img attachment-full\" alt=\"\" title=\"smart15\" srcset=\"https:\/\/shop.bjerring-sales.dk\/wp-content\/uploads\/2018\/02\/smart15.jpg 800w, https:\/\/shop.bjerring-sales.dk\/wp-content\/uploads\/2018\/02\/smart15-300x300.jpg 300w, https:\/\/shop.bjerring-sales.dk\/wp-content\/uploads\/2018\/02\/smart15-150x150.jpg 150w, https:\/\/shop.bjerring-sales.dk\/wp-content\/uploads\/2018\/02\/smart15-600x600.jpg 600w, https:\/\/shop.bjerring-sales.dk\/wp-content\/uploads\/2018\/02\/smart15-768x768.jpg 768w\" sizes=\"auto, (max-width: 800px) 100vw, 800px\" \/><\/div>\n\t\t<\/figure>\n\t<\/div>\n<\/div><\/div><\/div><div class=\"wpb_column vc_column_container vc_col-sm-3\"><div class=\"vc_column-inner\"><div class=\"wpb_wrapper\">\n\t<div  class=\"wpb_single_image wpb_content_element vc_align_center\">\n\t\t\n\t\t<figure class=\"wpb_wrapper vc_figure\">\n\t\t\t<div class=\"vc_single_image-wrapper vc_box_shadow_border  vc_box_border_grey\"><img loading=\"lazy\" decoding=\"async\" width=\"800\" height=\"800\" src=\"https:\/\/shop.bjerring-sales.dk\/wp-content\/uploads\/2018\/02\/smart14.jpg\" class=\"vc_single_image-img attachment-full\" alt=\"\" title=\"smart 14\" srcset=\"https:\/\/shop.bjerring-sales.dk\/wp-content\/uploads\/2018\/02\/smart14.jpg 800w, https:\/\/shop.bjerring-sales.dk\/wp-content\/uploads\/2018\/02\/smart14-300x300.jpg 300w, https:\/\/shop.bjerring-sales.dk\/wp-content\/uploads\/2018\/02\/smart14-150x150.jpg 150w, https:\/\/shop.bjerring-sales.dk\/wp-content\/uploads\/2018\/02\/smart14-600x600.jpg 600w, https:\/\/shop.bjerring-sales.dk\/wp-content\/uploads\/2018\/02\/smart14-768x768.jpg 768w\" sizes=\"auto, (max-width: 800px) 100vw, 800px\" \/><\/div>\n\t\t<\/figure>\n\t<\/div>\n<\/div><\/div><\/div><div class=\"wpb_column vc_column_container vc_col-sm-3\"><div class=\"vc_column-inner\"><div class=\"wpb_wrapper\">\n\t<div  class=\"wpb_single_image wpb_content_element vc_align_center\">\n\t\t\n\t\t<figure class=\"wpb_wrapper vc_figure\">\n\t\t\t<div class=\"vc_single_image-wrapper vc_box_shadow_border  vc_box_border_grey\"><img loading=\"lazy\" decoding=\"async\" width=\"800\" height=\"800\" src=\"https:\/\/shop.bjerring-sales.dk\/wp-content\/uploads\/2018\/02\/Aruba-Set-2-1-5.jpg\" class=\"vc_single_image-img attachment-full\" alt=\"\" title=\"Aruba-Set-2-1\" srcset=\"https:\/\/shop.bjerring-sales.dk\/wp-content\/uploads\/2018\/02\/Aruba-Set-2-1-5.jpg 800w, https:\/\/shop.bjerring-sales.dk\/wp-content\/uploads\/2018\/02\/Aruba-Set-2-1-5-300x300.jpg 300w, https:\/\/shop.bjerring-sales.dk\/wp-content\/uploads\/2018\/02\/Aruba-Set-2-1-5-150x150.jpg 150w, https:\/\/shop.bjerring-sales.dk\/wp-content\/uploads\/2018\/02\/Aruba-Set-2-1-5-600x600.jpg 600w, https:\/\/shop.bjerring-sales.dk\/wp-content\/uploads\/2018\/02\/Aruba-Set-2-1-5-768x768.jpg 768w\" sizes=\"auto, (max-width: 800px) 100vw, 800px\" \/><\/div>\n\t\t<\/figure>\n\t<\/div>\n<\/div><\/div><\/div><div class=\"wpb_column vc_column_container vc_col-sm-3\"><div class=\"vc_column-inner\"><div class=\"wpb_wrapper\">\n\t<div  class=\"wpb_single_image wpb_content_element vc_align_center\">\n\t\t\n\t\t<figure class=\"wpb_wrapper vc_figure\">\n\t\t\t<div class=\"vc_single_image-wrapper vc_box_shadow_border  vc_box_border_grey\"><img loading=\"lazy\" decoding=\"async\" width=\"800\" height=\"800\" src=\"https:\/\/shop.bjerring-sales.dk\/wp-content\/uploads\/2018\/02\/Aruba-set_Product-in-context-5.jpg\" class=\"vc_single_image-img attachment-full\" alt=\"\" title=\"Aruba-s\u00e6t_Produkt-i-sammenh\u00e6ng\" srcset=\"https:\/\/shop.bjerring-sales.dk\/wp-content\/uploads\/2018\/02\/Aruba-set_Product-in-context-5.jpg 800w, https:\/\/shop.bjerring-sales.dk\/wp-content\/uploads\/2018\/02\/Aruba-set_Product-in-context-5-300x300.jpg 300w, https:\/\/shop.bjerring-sales.dk\/wp-content\/uploads\/2018\/02\/Aruba-set_Product-in-context-5-150x150.jpg 150w, https:\/\/shop.bjerring-sales.dk\/wp-content\/uploads\/2018\/02\/Aruba-set_Product-in-context-5-600x600.jpg 600w, https:\/\/shop.bjerring-sales.dk\/wp-content\/uploads\/2018\/02\/Aruba-set_Product-in-context-5-768x768.jpg 768w\" sizes=\"auto, (max-width: 800px) 100vw, 800px\" \/><\/div>\n\t\t<\/figure>\n\t<\/div>\n<\/div><\/div><\/div><\/div><div class=\"vc_row wpb_row vc_row-fluid\"><div class=\"wpb_column vc_column_container vc_col-sm-6\"><div class=\"vc_column-inner\"><div class=\"wpb_wrapper\">\n\t<div class=\"wpb_text_column wpb_content_element\" >\n\t\t<div class=\"wpb_wrapper\">\n\t\t\t<p><span style=\"font-size: 18pt\">M\u00e5l<\/span><\/p>\n<ul>\n<li>Samlede m\u00e5l: 805x445x480 mm<\/li>\n<li>S\u00e6deh\u00f8jde: 435 mm<\/li>\n<li>S\u00e6debredde: 390 mm<\/li>\n<li>S\u00e6dedybde: 390 mm<\/li>\n<\/ul>\n<p><span style=\"font-size: 18pt\">Dimensioner af emballage<br \/>\n<\/span>1000x255x455 (8-PACK)<\/p>\n<p><span style=\"font-size: 18pt\">Materiale<\/span><\/p>\n<ul>\n<li>S\u00e6de og ryg i slidst\u00e6rkt polypropylenplast med UV-beskyttelse<\/li>\n<li>Stel i pulverlakeret st\u00e5l<\/li>\n<\/ul>\n\n\t\t<\/div>\n\t<\/div>\n<\/div><\/div><\/div><div class=\"wpb_column vc_column_container vc_col-sm-6\"><div class=\"vc_column-inner\"><div class=\"wpb_wrapper\">\n\t<div class=\"wpb_text_column wpb_content_element\" >\n\t\t<div class=\"wpb_wrapper\">\n\t\t\t<p><span style=\"font-size: 18pt\">V\u00e6gt<\/span><\/p>\n<ul style=\"list-style-type: circle\">\n<li>V\u00e6gt: 2,8 kg<\/li>\n<li>Rec max. belastning: 190 kg<\/li>\n<\/ul>\n<p><span style=\"font-size: 18pt\">tilbeh\u00f8r<br \/>\n<\/span>Stolebetr\u00e6k f\u00e5s i sortimentet<\/p>\n<p><span style=\"font-size: 18pt\">Garanti<br \/>\n<\/span>5 \u00e5r<\/p>\n\n\t\t<\/div>\n\t<\/div>\n<\/div><\/div><\/div><\/div>\n<\/div>","protected":false},"excerpt":{"rendered":"<p>Klapstolen Smart er b\u00e5de foldbar og sammenkoblelig, stolen er perfekt til arrangementer, foredrag eller som en fleksibel ekstra stol. Smart kan bruges b\u00e5de indend\u00f8rs og udend\u00f8rs, da den er vandafvisende og UV-behandlet.<\/p>","protected":false},"featured_media":98969,"template":"","meta":{"iawp_total_views":3},"product_brand":[],"product_cat":[5791,5895,6350],"product_tag":[6079,6114,6183,6200,6201],"class_list":{"0":"post-62397","1":"product","2":"type-product","3":"status-publish","4":"has-post-thumbnail","6":"product_cat-stolar","7":"product_cat-fallbara-stolar","8":"product_cat-new-zown-classic","9":"product_tag-new-zown-classic","10":"product_tag-fallbar-stol","11":"product_tag-zown","12":"product_tag-smart-stolen","13":"product_tag-klappstol","15":"first","16":"instock","17":"taxable","18":"shipping-taxable","19":"purchasable","20":"product-type-variable"},"yoast_head":"<!-- This site is optimized with the Yoast SEO plugin v27.0 - https:\/\/yoast.com\/product\/yoast-seo-wordpress\/ -->\n<title>Smart - Bjerring-Sales<\/title>\n<meta name=\"description\" content=\"Smart stolen passar mycket bra till event och f\u00f6rel\u00e4sningar eller som en flexibel extrastol. Smart kan anv\u00e4ndas b\u00e5de inomhus och utomhus.\" \/>\n<meta name=\"robots\" content=\"index, follow, max-snippet:-1, max-image-preview:large, max-video-preview:-1\" \/>\n<link rel=\"canonical\" href=\"https:\/\/shop.bjerring-sales.dk\/da\/vare\/smart\/\" \/>\n<meta property=\"og:locale\" content=\"da_DK\" \/>\n<meta property=\"og:type\" content=\"article\" \/>\n<meta property=\"og:title\" content=\"Smart \u00e4r en smart klappstol som \u00e4r b\u00e5de f\u00e4llbar och kopplingsbar\" \/>\n<meta property=\"og:description\" content=\"Smart stolen passar mycket bra till event och f\u00f6rel\u00e4sningar eller som en flexibel extrastol. Smart kan anv\u00e4ndas b\u00e5de inomhus och utomhus.\" \/>\n<meta property=\"og:url\" content=\"https:\/\/shop.bjerring-sales.dk\/da\/vare\/smart\/\" \/>\n<meta property=\"og:site_name\" content=\"Bjerring-Sales\" \/>\n<meta property=\"article:modified_time\" content=\"2026-05-04T10:37:56+00:00\" \/>\n<meta property=\"og:image\" content=\"https:\/\/shop.bjerring-sales.dk\/wp-content\/uploads\/2018\/02\/smart15.jpg\" \/>\n\t<meta property=\"og:image:width\" content=\"800\" \/>\n\t<meta property=\"og:image:height\" content=\"800\" \/>\n\t<meta property=\"og:image:type\" content=\"image\/jpeg\" \/>\n<meta name=\"twitter:card\" content=\"summary_large_image\" \/>\n<meta name=\"twitter:title\" content=\"Smart \u00e4r en smart klappstol som \u00e4r b\u00e5de f\u00e4llbar och kopplingsbar\" \/>\n<meta name=\"twitter:description\" content=\"Smart stolen passar mycket bra till event och f\u00f6rel\u00e4sningar eller som en flexibel extrastol. Smart kan anv\u00e4ndas b\u00e5de inomhus och utomhus.\" \/>\n<meta name=\"twitter:image\" content=\"https:\/\/shop.bjerring-sales.dk\/wp-content\/uploads\/2018\/02\/smart15.jpg\" \/>\n<meta name=\"twitter:label1\" content=\"Estimeret l\u00e6setid\" \/>\n\t<meta name=\"twitter:data1\" content=\"1 minut\" \/>\n<script type=\"application\/ld+json\" class=\"yoast-schema-graph\">{\"@context\":\"https:\/\/schema.org\",\"@graph\":[{\"@type\":\"WebPage\",\"@id\":\"https:\/\/shop.bjerring-sales.dk\/sv\/produkt\/smart\/\",\"url\":\"https:\/\/shop.bjerring-sales.dk\/sv\/produkt\/smart\/\",\"name\":\"Smart - Bjerring-Sales\",\"isPartOf\":{\"@id\":\"https:\/\/shop.bjerring-sales.dk\/#website\"},\"primaryImageOfPage\":{\"@id\":\"https:\/\/shop.bjerring-sales.dk\/sv\/produkt\/smart\/#primaryimage\"},\"image\":{\"@id\":\"https:\/\/shop.bjerring-sales.dk\/sv\/produkt\/smart\/#primaryimage\"},\"thumbnailUrl\":\"https:\/\/shop.bjerring-sales.dk\/wp-content\/uploads\/2024\/10\/Smart-NC_800x800.jpg\",\"datePublished\":\"2018-01-31T23:32:29+00:00\",\"dateModified\":\"2026-05-04T10:37:56+00:00\",\"description\":\"Smart stolen passar mycket bra till event och f\u00f6rel\u00e4sningar eller som en flexibel extrastol. Smart kan anv\u00e4ndas b\u00e5de inomhus och utomhus.\",\"breadcrumb\":{\"@id\":\"https:\/\/shop.bjerring-sales.dk\/sv\/produkt\/smart\/#breadcrumb\"},\"inLanguage\":\"da-DK\",\"potentialAction\":[{\"@type\":\"ReadAction\",\"target\":[\"https:\/\/shop.bjerring-sales.dk\/sv\/produkt\/smart\/\"]}]},{\"@type\":\"ImageObject\",\"inLanguage\":\"da-DK\",\"@id\":\"https:\/\/shop.bjerring-sales.dk\/sv\/produkt\/smart\/#primaryimage\",\"url\":\"https:\/\/shop.bjerring-sales.dk\/wp-content\/uploads\/2024\/10\/Smart-NC_800x800.jpg\",\"contentUrl\":\"https:\/\/shop.bjerring-sales.dk\/wp-content\/uploads\/2024\/10\/Smart-NC_800x800.jpg\",\"width\":800,\"height\":800},{\"@type\":\"BreadcrumbList\",\"@id\":\"https:\/\/shop.bjerring-sales.dk\/sv\/produkt\/smart\/#breadcrumb\",\"itemListElement\":[{\"@type\":\"ListItem\",\"position\":1,\"name\":\"Hem\",\"item\":\"https:\/\/shop.bjerring-sales.dk\/\"},{\"@type\":\"ListItem\",\"position\":2,\"name\":\"Webbutik\",\"item\":\"https:\/\/shop.bjerring-sales.dk\/butik\/\"},{\"@type\":\"ListItem\",\"position\":3,\"name\":\"Smart\"}]},{\"@type\":\"WebSite\",\"@id\":\"https:\/\/shop.bjerring-sales.dk\/#website\",\"url\":\"https:\/\/shop.bjerring-sales.dk\/\",\"name\":\"Bjerring-Sales\",\"description\":\"M\u00f6bler f\u00f6r teatrar, skolor, kontor och k\u00f6pcentrum\",\"publisher\":{\"@id\":\"https:\/\/shop.bjerring-sales.dk\/#organization\"},\"potentialAction\":[{\"@type\":\"SearchAction\",\"target\":{\"@type\":\"EntryPoint\",\"urlTemplate\":\"https:\/\/shop.bjerring-sales.dk\/?s={search_term_string}\"},\"query-input\":{\"@type\":\"PropertyValueSpecification\",\"valueRequired\":true,\"valueName\":\"search_term_string\"}}],\"inLanguage\":\"da-DK\"},{\"@type\":\"Organization\",\"@id\":\"https:\/\/shop.bjerring-sales.dk\/#organization\",\"name\":\"Bjerring-Sales\",\"url\":\"https:\/\/shop.bjerring-sales.dk\/\",\"logo\":{\"@type\":\"ImageObject\",\"inLanguage\":\"da-DK\",\"@id\":\"https:\/\/shop.bjerring-sales.dk\/#\/schema\/logo\/image\/\",\"url\":\"https:\/\/shop.bjerring-sales.dk\/wp-content\/uploads\/2023\/01\/logo_sv.png\",\"contentUrl\":\"https:\/\/shop.bjerring-sales.dk\/wp-content\/uploads\/2023\/01\/logo_sv.png\",\"width\":195,\"height\":68,\"caption\":\"Bjerring-Sales\"},\"image\":{\"@id\":\"https:\/\/shop.bjerring-sales.dk\/#\/schema\/logo\/image\/\"}}]}<\/script>\n<!-- \/ Yoast SEO plugin. -->","yoast_head_json":{"title":"Smart - Bjerring-Salg","description":"Smart-stolen er meget velegnet til arrangementer og foredrag eller som en fleksibel ekstra stol. Smart kan bruges b\u00e5de indend\u00f8rs og udend\u00f8rs.","robots":{"index":"index","follow":"follow","max-snippet":"max-snippet:-1","max-image-preview":"max-image-preview:large","max-video-preview":"max-video-preview:-1"},"canonical":"https:\/\/shop.bjerring-sales.dk\/da\/vare\/smart\/","og_locale":"da_DK","og_type":"article","og_title":"Smart \u00e4r en smart klappstol som \u00e4r b\u00e5de f\u00e4llbar och kopplingsbar","og_description":"Smart stolen passar mycket bra till event och f\u00f6rel\u00e4sningar eller som en flexibel extrastol. Smart kan anv\u00e4ndas b\u00e5de inomhus och utomhus.","og_url":"https:\/\/shop.bjerring-sales.dk\/da\/vare\/smart\/","og_site_name":"Bjerring-Sales","article_modified_time":"2026-05-04T10:37:56+00:00","og_image":[{"width":800,"height":800,"url":"https:\/\/shop.bjerring-sales.dk\/wp-content\/uploads\/2018\/02\/smart15.jpg","type":"image\/jpeg"}],"twitter_card":"summary_large_image","twitter_title":"Smart \u00e4r en smart klappstol som \u00e4r b\u00e5de f\u00e4llbar och kopplingsbar","twitter_description":"Smart stolen passar mycket bra till event och f\u00f6rel\u00e4sningar eller som en flexibel extrastol. Smart kan anv\u00e4ndas b\u00e5de inomhus och utomhus.","twitter_image":"https:\/\/shop.bjerring-sales.dk\/wp-content\/uploads\/2018\/02\/smart15.jpg","twitter_misc":{"Estimeret l\u00e6setid":"1 minut"},"schema":{"@context":"https:\/\/schema.org","@graph":[{"@type":"WebPage","@id":"https:\/\/shop.bjerring-sales.dk\/sv\/produkt\/smart\/","url":"https:\/\/shop.bjerring-sales.dk\/sv\/produkt\/smart\/","name":"Smart - Bjerring-Salg","isPartOf":{"@id":"https:\/\/shop.bjerring-sales.dk\/#website"},"primaryImageOfPage":{"@id":"https:\/\/shop.bjerring-sales.dk\/sv\/produkt\/smart\/#primaryimage"},"image":{"@id":"https:\/\/shop.bjerring-sales.dk\/sv\/produkt\/smart\/#primaryimage"},"thumbnailUrl":"https:\/\/shop.bjerring-sales.dk\/wp-content\/uploads\/2024\/10\/Smart-NC_800x800.jpg","datePublished":"2018-01-31T23:32:29+00:00","dateModified":"2026-05-04T10:37:56+00:00","description":"Smart-stolen er meget velegnet til arrangementer og foredrag eller som en fleksibel ekstra stol. Smart kan bruges b\u00e5de indend\u00f8rs og udend\u00f8rs.","breadcrumb":{"@id":"https:\/\/shop.bjerring-sales.dk\/sv\/produkt\/smart\/#breadcrumb"},"inLanguage":"da-DK","potentialAction":[{"@type":"ReadAction","target":["https:\/\/shop.bjerring-sales.dk\/sv\/produkt\/smart\/"]}]},{"@type":"ImageObject","inLanguage":"da-DK","@id":"https:\/\/shop.bjerring-sales.dk\/sv\/produkt\/smart\/#primaryimage","url":"https:\/\/shop.bjerring-sales.dk\/wp-content\/uploads\/2024\/10\/Smart-NC_800x800.jpg","contentUrl":"https:\/\/shop.bjerring-sales.dk\/wp-content\/uploads\/2024\/10\/Smart-NC_800x800.jpg","width":800,"height":800},{"@type":"BreadcrumbList","@id":"https:\/\/shop.bjerring-sales.dk\/sv\/produkt\/smart\/#breadcrumb","itemListElement":[{"@type":"ListItem","position":1,"name":"Hem","item":"https:\/\/shop.bjerring-sales.dk\/"},{"@type":"ListItem","position":2,"name":"Webbutik","item":"https:\/\/shop.bjerring-sales.dk\/butik\/"},{"@type":"ListItem","position":3,"name":"Smart"}]},{"@type":"WebSite","@id":"https:\/\/shop.bjerring-sales.dk\/#website","url":"https:\/\/shop.bjerring-sales.dk\/","name":"Bjerring-Salg","description":"M\u00f8bler til teatre, skoler, kontorer og indk\u00f8bscentre","publisher":{"@id":"https:\/\/shop.bjerring-sales.dk\/#organization"},"potentialAction":[{"@type":"SearchAction","target":{"@type":"EntryPoint","urlTemplate":"https:\/\/shop.bjerring-sales.dk\/?s={search_term_string}"},"query-input":{"@type":"PropertyValueSpecification","valueRequired":true,"valueName":"search_term_string"}}],"inLanguage":"da-DK"},{"@type":"Organization","@id":"https:\/\/shop.bjerring-sales.dk\/#organization","name":"Bjerring-Salg","url":"https:\/\/shop.bjerring-sales.dk\/","logo":{"@type":"ImageObject","inLanguage":"da-DK","@id":"https:\/\/shop.bjerring-sales.dk\/#\/schema\/logo\/image\/","url":"https:\/\/shop.bjerring-sales.dk\/wp-content\/uploads\/2023\/01\/logo_sv.png","contentUrl":"https:\/\/shop.bjerring-sales.dk\/wp-content\/uploads\/2023\/01\/logo_sv.png","width":195,"height":68,"caption":"Bjerring-Sales"},"image":{"@id":"https:\/\/shop.bjerring-sales.dk\/#\/schema\/logo\/image\/"}}]}},"_links":{"self":[{"href":"https:\/\/shop.bjerring-sales.dk\/da\/wp-json\/wp\/v2\/product\/62397","targetHints":{"allow":["GET"]}}],"collection":[{"href":"https:\/\/shop.bjerring-sales.dk\/da\/wp-json\/wp\/v2\/product"}],"about":[{"href":"https:\/\/shop.bjerring-sales.dk\/da\/wp-json\/wp\/v2\/types\/product"}],"wp:featuredmedia":[{"embeddable":true,"href":"https:\/\/shop.bjerring-sales.dk\/da\/wp-json\/wp\/v2\/media\/98969"}],"wp:attachment":[{"href":"https:\/\/shop.bjerring-sales.dk\/da\/wp-json\/wp\/v2\/media?parent=62397"}],"wp:term":[{"taxonomy":"product_brand","embeddable":true,"href":"https:\/\/shop.bjerring-sales.dk\/da\/wp-json\/wp\/v2\/product_brand?post=62397"},{"taxonomy":"product_cat","embeddable":true,"href":"https:\/\/shop.bjerring-sales.dk\/da\/wp-json\/wp\/v2\/product_cat?post=62397"},{"taxonomy":"product_tag","embeddable":true,"href":"https:\/\/shop.bjerring-sales.dk\/da\/wp-json\/wp\/v2\/product_tag?post=62397"}],"curies":[{"name":"wp","href":"https:\/\/api.w.org\/{rel}","templated":true}]}}