{"id":62335,"date":"2018-02-02T19:23:21","date_gmt":"2018-02-02T18:23:21","guid":{"rendered":"https:\/\/pule.se\/produkt\/bankett\/"},"modified":"2026-04-09T16:14:23","modified_gmt":"2026-04-09T14:14:23","slug":"bankett","status":"publish","type":"product","link":"https:\/\/shop.bjerring-sales.dk\/da\/vare\/bankett\/","title":{"rendered":"Bankett"},"content":{"rendered":"<div class=\"wpb-content-wrapper\"><div class=\"vc_row wpb_row vc_row-fluid\"><div class=\"wpb_column vc_column_container vc_col-sm-12\"><div class=\"vc_column-inner\"><div class=\"wpb_wrapper\">\n\t<div class=\"wpb_text_column wpb_content_element\" >\n\t\t<div class=\"wpb_wrapper\">\n\t\t\t<p><span style=\"font-size: 24pt\">Foldebordet Banket \u2013 V\u00e6lg type bordplade og st\u00f8rrelse<br \/>\n<\/span>Vores banketbord kombinerer h\u00f8j kvalitet med et enkelt og stilrent design. Vi har l\u00f8bende forbedret konstruktionen af dette bord for at sikre maksimal holdbarhed og lethed. Vores opdaterede design g\u00f8r det nemt at transportere og bruge, uanset om det er i restauranter, frokoststuer, til fester eller andre begivenheder.<\/p>\n\n\t\t<\/div>\n\t<\/div>\n<\/div><\/div><\/div><\/div><div class=\"vc_row wpb_row vc_row-fluid\"><div class=\"wpb_column vc_column_container vc_col-sm-6\"><div class=\"vc_column-inner\"><div class=\"wpb_wrapper\">\n\t<div  class=\"wpb_single_image wpb_content_element vc_align_center\">\n\t\t\n\t\t<figure class=\"wpb_wrapper vc_figure\">\n\t\t\t<div class=\"vc_single_image-wrapper vc_box_shadow_border  vc_box_border_grey\"><img loading=\"lazy\" decoding=\"async\" width=\"800\" height=\"550\" src=\"https:\/\/shop.bjerring-sales.dk\/wp-content\/uploads\/2018\/02\/xgala-1.webp\" class=\"vc_single_image-img attachment-full\" alt=\"\" title=\"xgala-1\" srcset=\"https:\/\/shop.bjerring-sales.dk\/wp-content\/uploads\/2018\/02\/xgala-1.webp 800w, https:\/\/shop.bjerring-sales.dk\/wp-content\/uploads\/2018\/02\/xgala-1-300x206.webp 300w, https:\/\/shop.bjerring-sales.dk\/wp-content\/uploads\/2018\/02\/xgala-1-768x528.webp 768w, https:\/\/shop.bjerring-sales.dk\/wp-content\/uploads\/2018\/02\/xgala-1-18x12.webp 18w, https:\/\/shop.bjerring-sales.dk\/wp-content\/uploads\/2018\/02\/xgala-1-600x413.webp 600w, https:\/\/shop.bjerring-sales.dk\/wp-content\/uploads\/2018\/02\/xgala-1-150x103.webp 150w\" sizes=\"auto, (max-width: 800px) 100vw, 800px\" \/><\/div>\n\t\t<\/figure>\n\t<\/div>\n<\/div><\/div><\/div><div class=\"wpb_column vc_column_container vc_col-sm-6\"><div class=\"vc_column-inner\"><div class=\"wpb_wrapper\">\n\t<div  class=\"wpb_single_image wpb_content_element vc_align_center\">\n\t\t\n\t\t<figure class=\"wpb_wrapper vc_figure\">\n\t\t\t<div class=\"vc_single_image-wrapper vc_box_shadow_border  vc_box_border_grey\"><img loading=\"lazy\" decoding=\"async\" width=\"800\" height=\"550\" src=\"https:\/\/shop.bjerring-sales.dk\/wp-content\/uploads\/2018\/02\/xELJ_BK160-53A.webp\" class=\"vc_single_image-img attachment-full\" alt=\"\" title=\"xELJ_BK160-53A\" srcset=\"https:\/\/shop.bjerring-sales.dk\/wp-content\/uploads\/2018\/02\/xELJ_BK160-53A.webp 800w, https:\/\/shop.bjerring-sales.dk\/wp-content\/uploads\/2018\/02\/xELJ_BK160-53A-300x206.webp 300w, https:\/\/shop.bjerring-sales.dk\/wp-content\/uploads\/2018\/02\/xELJ_BK160-53A-768x528.webp 768w, https:\/\/shop.bjerring-sales.dk\/wp-content\/uploads\/2018\/02\/xELJ_BK160-53A-18x12.webp 18w, https:\/\/shop.bjerring-sales.dk\/wp-content\/uploads\/2018\/02\/xELJ_BK160-53A-600x413.webp 600w, https:\/\/shop.bjerring-sales.dk\/wp-content\/uploads\/2018\/02\/xELJ_BK160-53A-150x103.webp 150w\" sizes=\"auto, (max-width: 800px) 100vw, 800px\" \/><\/div>\n\t\t<\/figure>\n\t<\/div>\n<\/div><\/div><\/div><\/div><div class=\"vc_row wpb_row vc_row-fluid\"><div class=\"wpb_column vc_column_container vc_col-sm-6\"><div class=\"vc_column-inner\"><div class=\"wpb_wrapper\">\n\t<div class=\"wpb_text_column wpb_content_element\" >\n\t\t<div class=\"wpb_wrapper\">\n\t\t\t<p><span style=\"font-size: 18pt\">Bruge<br \/>\n<\/span>Vores Banketbord f\u00e5s i fem forskellige st\u00f8rrelser, og du har mulighed for at tilpasse det til dine specifikke behov. V\u00e6lg mellem to muligheder for bordpladen: en hvid laminatplade eller en lydd\u00e6mpende plade med sort kantbekl\u00e6dning. Bordstativet er lavet i en pulverlakeret st\u00e5lkonstruktion i en stilfuld gr\u00e5 eller sort farve.<\/p>\n<p>Med vores Banketbord f\u00e5r du god funktionalitet til en fornuftig pris. G\u00e5 p\u00e5 opdagelse i vores \u00f8vrige sortiment og invester i h\u00f8jkvalitets borde og stole. V\u00e6lg din foretrukne bordplade og st\u00f8rrelse for at skabe den perfekte oplevelse til dine begivenheder.<\/p>\n<p><span style=\"font-size: 18pt\">Specifikationer<\/span><\/p>\n<ul>\n<li>2 forskellige br\u00e6dder \u2013 hvid laminat, hvid bl\u00f8d plade med sort kantliste (lydabsorberende)<\/li>\n<li>Stel findes i s\u00f8lvgr\u00e5 og sort<\/li>\n<li>Lagerf\u00f8res i 5 st\u00f8rrelser<\/li>\n<\/ul>\n\n\t\t<\/div>\n\t<\/div>\n<\/div><\/div><\/div><div class=\"wpb_column vc_column_container vc_col-sm-6\"><div class=\"vc_column-inner\"><div class=\"wpb_wrapper\">\n\t<div class=\"wpb_text_column wpb_content_element\" >\n\t\t<div class=\"wpb_wrapper\">\n\t\t\t<p><span style=\"font-size: 18pt\">V\u00e6gte og m\u00e5l<\/span><\/p>\n<table>\n<tbody>\n<tr>\n<td><strong>L\u00e6ngde<\/strong><\/td>\n<td><strong>Bredde<\/strong><\/td>\n<td><strong>H\u00f8jde<\/strong><\/td>\n<td><strong>V\u00e6gt<\/strong><\/td>\n<\/tr>\n<tr>\n<td>\u00d81200 mm (laminat)<\/td>\n<td>\u00d81200 mm<\/td>\n<td>740 mm<\/td>\n<td>27,5 kg<\/td>\n<\/tr>\n<tr>\n<td>\u00d81200 mm (lydt\u00e6t)<\/td>\n<td>\u00d81200 mm<\/td>\n<td>740 mm<\/td>\n<td>24,5 kg<\/td>\n<\/tr>\n<tr>\n<td>\u00d81500 mm (laminat)<\/td>\n<td>\u00d81500 mm<\/td>\n<td>740 mm<\/td>\n<td>35 kg<\/td>\n<\/tr>\n<tr>\n<td>\u00d81500 mm (lydt\u00e6t)<\/td>\n<td>\u00d81500 mm<\/td>\n<td>740 mm<\/td>\n<td>32,5 kg<\/td>\n<\/tr>\n<tr>\n<td>\u00d81600 mm (laminat)<\/td>\n<td>\u00d81600 mm<\/td>\n<td>740 mm<\/td>\n<td>38,5 kg<\/td>\n<\/tr>\n<tr>\n<td>\u00d81600 mm (lydt\u00e6t)<\/td>\n<td>\u00d81600 mm<\/td>\n<td>740 mm<\/td>\n<td>35,5 kg<\/td>\n<\/tr>\n<tr>\n<td>\u00d81700 mm (laminat)<\/td>\n<td>\u00d81700 mm<\/td>\n<td>740 mm<\/td>\n<td>41,5 kg<\/td>\n<\/tr>\n<tr>\n<td>\u00d81800 mm (lydt\u00e6t)<\/td>\n<td>\u00d81800 mm<\/td>\n<td>740 mm<\/td>\n<td>40,5 kg<\/td>\n<\/tr>\n<\/tbody>\n<\/table>\n\n\t\t<\/div>\n\t<\/div>\n<\/div><\/div><\/div><\/div>\n<\/div>","protected":false},"excerpt":{"rendered":"<p>Vores Banketbord f\u00e5s i fire forskellige st\u00f8rrelser, og du har mulighed for at tilpasse det til dine specifikke behov. V\u00e6lg mellem to muligheder for bordpladen: en hvid laminatplade eller en lydd\u00e6mpende plade med sort kant.<\/p>","protected":false},"featured_media":99994,"template":"","meta":{"iawp_total_views":10},"product_brand":[],"product_cat":[5787,5863],"product_tag":[6085,6185,6190,6191],"class_list":{"0":"post-62335","1":"product","2":"type-product","3":"status-publish","4":"has-post-thumbnail","6":"product_cat-bord","7":"product_cat-fallbara-bord","8":"product_tag-fallbart-bord","9":"product_tag-runt-bord","10":"product_tag-bankett-bordet","11":"product_tag-ljuddampande-bord","13":"first","14":"instock","15":"taxable","16":"shipping-taxable","17":"purchasable","18":"product-type-variable"},"yoast_head":"<!-- This site is optimized with the Yoast SEO plugin v27.0 - https:\/\/yoast.com\/product\/yoast-seo-wordpress\/ -->\n<title>Bankett - Bjerring-Sales<\/title>\n<meta name=\"description\" content=\"Bankett bordet \u00e4r det perfekta bordet till festen som h\u00e5ller b\u00e5de kvalitetsm\u00e4ssigt och stilm\u00e4ssigt. Vi har hela tiden utvecklat konstruktionen f\u00f6r att optimera bordets b\u00e4rkraft och vikt.\" \/>\n<meta name=\"robots\" content=\"index, follow, max-snippet:-1, max-image-preview:large, max-video-preview:-1\" \/>\n<link rel=\"canonical\" href=\"https:\/\/shop.bjerring-sales.dk\/da\/vare\/bankett\/\" \/>\n<meta property=\"og:locale\" content=\"da_DK\" \/>\n<meta property=\"og:type\" content=\"article\" \/>\n<meta property=\"og:title\" content=\"Det f\u00e4llbara bordet Bankett\" \/>\n<meta property=\"og:description\" content=\"Bankett bordet \u00e4r det perfekta bordet till festen som h\u00e5ller b\u00e5de kvalitetsm\u00e4ssigt och stilm\u00e4ssigt. Vi har hela tiden utvecklat konstruktionen f\u00f6r att optimera bordets b\u00e4rkraft och vikt.\" \/>\n<meta property=\"og:url\" content=\"https:\/\/shop.bjerring-sales.dk\/da\/vare\/bankett\/\" \/>\n<meta property=\"og:site_name\" content=\"Bjerring-Sales\" \/>\n<meta property=\"article:modified_time\" content=\"2026-04-09T14:14:23+00:00\" \/>\n<meta property=\"og:image\" content=\"https:\/\/shop.bjerring-sales.dk\/wp-content\/uploads\/2018\/02\/xELJ_BK160-53A.webp\" \/>\n\t<meta property=\"og:image:width\" content=\"800\" \/>\n\t<meta property=\"og:image:height\" content=\"550\" \/>\n\t<meta property=\"og:image:type\" content=\"image\/webp\" \/>\n<meta name=\"twitter:card\" content=\"summary_large_image\" \/>\n<meta name=\"twitter:title\" content=\"Det f\u00e4llbara bordet Bankett\" \/>\n<meta name=\"twitter:description\" content=\"Bankett bordet \u00e4r det perfekta bordet till festen som h\u00e5ller b\u00e5de kvalitetsm\u00e4ssigt och stilm\u00e4ssigt. Vi har hela tiden utvecklat konstruktionen f\u00f6r att optimera bordets b\u00e4rkraft och vikt.\" \/>\n<meta name=\"twitter:image\" content=\"https:\/\/shop.bjerring-sales.dk\/wp-content\/uploads\/2018\/02\/xELJ_BK160-53A.webp\" \/>\n<meta name=\"twitter:label1\" content=\"Estimeret l\u00e6setid\" \/>\n\t<meta name=\"twitter:data1\" content=\"2 minutter\" \/>\n<script type=\"application\/ld+json\" class=\"yoast-schema-graph\">{\"@context\":\"https:\/\/schema.org\",\"@graph\":[{\"@type\":\"WebPage\",\"@id\":\"https:\/\/shop.bjerring-sales.dk\/sv\/produkt\/bankett\/\",\"url\":\"https:\/\/shop.bjerring-sales.dk\/sv\/produkt\/bankett\/\",\"name\":\"Bankett - Bjerring-Sales\",\"isPartOf\":{\"@id\":\"https:\/\/shop.bjerring-sales.dk\/#website\"},\"primaryImageOfPage\":{\"@id\":\"https:\/\/shop.bjerring-sales.dk\/sv\/produkt\/bankett\/#primaryimage\"},\"image\":{\"@id\":\"https:\/\/shop.bjerring-sales.dk\/sv\/produkt\/bankett\/#primaryimage\"},\"thumbnailUrl\":\"https:\/\/shop.bjerring-sales.dk\/wp-content\/uploads\/2024\/10\/webb-bankett02-1.jpg\",\"datePublished\":\"2018-02-02T18:23:21+00:00\",\"dateModified\":\"2026-04-09T14:14:23+00:00\",\"description\":\"Bankett bordet \u00e4r det perfekta bordet till festen som h\u00e5ller b\u00e5de kvalitetsm\u00e4ssigt och stilm\u00e4ssigt. Vi har hela tiden utvecklat konstruktionen f\u00f6r att optimera bordets b\u00e4rkraft och vikt.\",\"breadcrumb\":{\"@id\":\"https:\/\/shop.bjerring-sales.dk\/sv\/produkt\/bankett\/#breadcrumb\"},\"inLanguage\":\"da-DK\",\"potentialAction\":[{\"@type\":\"ReadAction\",\"target\":[\"https:\/\/shop.bjerring-sales.dk\/sv\/produkt\/bankett\/\"]}]},{\"@type\":\"ImageObject\",\"inLanguage\":\"da-DK\",\"@id\":\"https:\/\/shop.bjerring-sales.dk\/sv\/produkt\/bankett\/#primaryimage\",\"url\":\"https:\/\/shop.bjerring-sales.dk\/wp-content\/uploads\/2024\/10\/webb-bankett02-1.jpg\",\"contentUrl\":\"https:\/\/shop.bjerring-sales.dk\/wp-content\/uploads\/2024\/10\/webb-bankett02-1.jpg\",\"width\":800,\"height\":800},{\"@type\":\"BreadcrumbList\",\"@id\":\"https:\/\/shop.bjerring-sales.dk\/sv\/produkt\/bankett\/#breadcrumb\",\"itemListElement\":[{\"@type\":\"ListItem\",\"position\":1,\"name\":\"Hem\",\"item\":\"https:\/\/shop.bjerring-sales.dk\/\"},{\"@type\":\"ListItem\",\"position\":2,\"name\":\"Webbutik\",\"item\":\"https:\/\/shop.bjerring-sales.dk\/butik\/\"},{\"@type\":\"ListItem\",\"position\":3,\"name\":\"Bankett\"}]},{\"@type\":\"WebSite\",\"@id\":\"https:\/\/shop.bjerring-sales.dk\/#website\",\"url\":\"https:\/\/shop.bjerring-sales.dk\/\",\"name\":\"Bjerring-Sales\",\"description\":\"M\u00f6bler f\u00f6r teatrar, skolor, kontor och k\u00f6pcentrum\",\"publisher\":{\"@id\":\"https:\/\/shop.bjerring-sales.dk\/#organization\"},\"potentialAction\":[{\"@type\":\"SearchAction\",\"target\":{\"@type\":\"EntryPoint\",\"urlTemplate\":\"https:\/\/shop.bjerring-sales.dk\/?s={search_term_string}\"},\"query-input\":{\"@type\":\"PropertyValueSpecification\",\"valueRequired\":true,\"valueName\":\"search_term_string\"}}],\"inLanguage\":\"da-DK\"},{\"@type\":\"Organization\",\"@id\":\"https:\/\/shop.bjerring-sales.dk\/#organization\",\"name\":\"Bjerring-Sales\",\"url\":\"https:\/\/shop.bjerring-sales.dk\/\",\"logo\":{\"@type\":\"ImageObject\",\"inLanguage\":\"da-DK\",\"@id\":\"https:\/\/shop.bjerring-sales.dk\/#\/schema\/logo\/image\/\",\"url\":\"https:\/\/shop.bjerring-sales.dk\/wp-content\/uploads\/2023\/01\/logo_sv.png\",\"contentUrl\":\"https:\/\/shop.bjerring-sales.dk\/wp-content\/uploads\/2023\/01\/logo_sv.png\",\"width\":195,\"height\":68,\"caption\":\"Bjerring-Sales\"},\"image\":{\"@id\":\"https:\/\/shop.bjerring-sales.dk\/#\/schema\/logo\/image\/\"}}]}<\/script>\n<!-- \/ Yoast SEO plugin. -->","yoast_head_json":{"title":"Bankett - Bjerring-Sales","description":"Selskabsbordet er det perfekte bord til festen, der holder b\u00e5de kvalitetsm\u00e6ssigt og stilm\u00e6ssigt. Vi har l\u00f8bende udviklet konstruktionen for at optimere bordets b\u00e6reevne og v\u00e6gt.","robots":{"index":"index","follow":"follow","max-snippet":"max-snippet:-1","max-image-preview":"max-image-preview:large","max-video-preview":"max-video-preview:-1"},"canonical":"https:\/\/shop.bjerring-sales.dk\/da\/vare\/bankett\/","og_locale":"da_DK","og_type":"article","og_title":"Det f\u00e4llbara bordet Bankett","og_description":"Bankett bordet \u00e4r det perfekta bordet till festen som h\u00e5ller b\u00e5de kvalitetsm\u00e4ssigt och stilm\u00e4ssigt. Vi har hela tiden utvecklat konstruktionen f\u00f6r att optimera bordets b\u00e4rkraft och vikt.","og_url":"https:\/\/shop.bjerring-sales.dk\/da\/vare\/bankett\/","og_site_name":"Bjerring-Sales","article_modified_time":"2026-04-09T14:14:23+00:00","og_image":[{"width":800,"height":550,"url":"https:\/\/shop.bjerring-sales.dk\/wp-content\/uploads\/2018\/02\/xELJ_BK160-53A.webp","type":"image\/webp"}],"twitter_card":"summary_large_image","twitter_title":"Det f\u00e4llbara bordet Bankett","twitter_description":"Bankett bordet \u00e4r det perfekta bordet till festen som h\u00e5ller b\u00e5de kvalitetsm\u00e4ssigt och stilm\u00e4ssigt. Vi har hela tiden utvecklat konstruktionen f\u00f6r att optimera bordets b\u00e4rkraft och vikt.","twitter_image":"https:\/\/shop.bjerring-sales.dk\/wp-content\/uploads\/2018\/02\/xELJ_BK160-53A.webp","twitter_misc":{"Estimeret l\u00e6setid":"2 minutter"},"schema":{"@context":"https:\/\/schema.org","@graph":[{"@type":"WebPage","@id":"https:\/\/shop.bjerring-sales.dk\/sv\/produkt\/bankett\/","url":"https:\/\/shop.bjerring-sales.dk\/sv\/produkt\/bankett\/","name":"Bankett - Bjerring-Sales","isPartOf":{"@id":"https:\/\/shop.bjerring-sales.dk\/#website"},"primaryImageOfPage":{"@id":"https:\/\/shop.bjerring-sales.dk\/sv\/produkt\/bankett\/#primaryimage"},"image":{"@id":"https:\/\/shop.bjerring-sales.dk\/sv\/produkt\/bankett\/#primaryimage"},"thumbnailUrl":"https:\/\/shop.bjerring-sales.dk\/wp-content\/uploads\/2024\/10\/webb-bankett02-1.jpg","datePublished":"2018-02-02T18:23:21+00:00","dateModified":"2026-04-09T14:14:23+00:00","description":"Selskabsbordet er det perfekte bord til festen, der holder b\u00e5de kvalitetsm\u00e6ssigt og stilm\u00e6ssigt. Vi har l\u00f8bende udviklet konstruktionen for at optimere bordets b\u00e6reevne og v\u00e6gt.","breadcrumb":{"@id":"https:\/\/shop.bjerring-sales.dk\/sv\/produkt\/bankett\/#breadcrumb"},"inLanguage":"da-DK","potentialAction":[{"@type":"ReadAction","target":["https:\/\/shop.bjerring-sales.dk\/sv\/produkt\/bankett\/"]}]},{"@type":"ImageObject","inLanguage":"da-DK","@id":"https:\/\/shop.bjerring-sales.dk\/sv\/produkt\/bankett\/#primaryimage","url":"https:\/\/shop.bjerring-sales.dk\/wp-content\/uploads\/2024\/10\/webb-bankett02-1.jpg","contentUrl":"https:\/\/shop.bjerring-sales.dk\/wp-content\/uploads\/2024\/10\/webb-bankett02-1.jpg","width":800,"height":800},{"@type":"BreadcrumbList","@id":"https:\/\/shop.bjerring-sales.dk\/sv\/produkt\/bankett\/#breadcrumb","itemListElement":[{"@type":"ListItem","position":1,"name":"Hem","item":"https:\/\/shop.bjerring-sales.dk\/"},{"@type":"ListItem","position":2,"name":"Webbutik","item":"https:\/\/shop.bjerring-sales.dk\/butik\/"},{"@type":"ListItem","position":3,"name":"Bankett"}]},{"@type":"WebSite","@id":"https:\/\/shop.bjerring-sales.dk\/#website","url":"https:\/\/shop.bjerring-sales.dk\/","name":"Bjerring-Salg","description":"M\u00f8bler til teatre, skoler, kontorer og indk\u00f8bscentre","publisher":{"@id":"https:\/\/shop.bjerring-sales.dk\/#organization"},"potentialAction":[{"@type":"SearchAction","target":{"@type":"EntryPoint","urlTemplate":"https:\/\/shop.bjerring-sales.dk\/?s={search_term_string}"},"query-input":{"@type":"PropertyValueSpecification","valueRequired":true,"valueName":"search_term_string"}}],"inLanguage":"da-DK"},{"@type":"Organization","@id":"https:\/\/shop.bjerring-sales.dk\/#organization","name":"Bjerring-Salg","url":"https:\/\/shop.bjerring-sales.dk\/","logo":{"@type":"ImageObject","inLanguage":"da-DK","@id":"https:\/\/shop.bjerring-sales.dk\/#\/schema\/logo\/image\/","url":"https:\/\/shop.bjerring-sales.dk\/wp-content\/uploads\/2023\/01\/logo_sv.png","contentUrl":"https:\/\/shop.bjerring-sales.dk\/wp-content\/uploads\/2023\/01\/logo_sv.png","width":195,"height":68,"caption":"Bjerring-Sales"},"image":{"@id":"https:\/\/shop.bjerring-sales.dk\/#\/schema\/logo\/image\/"}}]}},"_links":{"self":[{"href":"https:\/\/shop.bjerring-sales.dk\/da\/wp-json\/wp\/v2\/product\/62335","targetHints":{"allow":["GET"]}}],"collection":[{"href":"https:\/\/shop.bjerring-sales.dk\/da\/wp-json\/wp\/v2\/product"}],"about":[{"href":"https:\/\/shop.bjerring-sales.dk\/da\/wp-json\/wp\/v2\/types\/product"}],"wp:featuredmedia":[{"embeddable":true,"href":"https:\/\/shop.bjerring-sales.dk\/da\/wp-json\/wp\/v2\/media\/99994"}],"wp:attachment":[{"href":"https:\/\/shop.bjerring-sales.dk\/da\/wp-json\/wp\/v2\/media?parent=62335"}],"wp:term":[{"taxonomy":"product_brand","embeddable":true,"href":"https:\/\/shop.bjerring-sales.dk\/da\/wp-json\/wp\/v2\/product_brand?post=62335"},{"taxonomy":"product_cat","embeddable":true,"href":"https:\/\/shop.bjerring-sales.dk\/da\/wp-json\/wp\/v2\/product_cat?post=62335"},{"taxonomy":"product_tag","embeddable":true,"href":"https:\/\/shop.bjerring-sales.dk\/da\/wp-json\/wp\/v2\/product_tag?post=62335"}],"curies":[{"name":"wp","href":"https:\/\/api.w.org\/{rel}","templated":true}]}}