{"id":62333,"date":"2018-02-05T10:35:31","date_gmt":"2018-02-05T09:35:31","guid":{"rendered":"https:\/\/pule.se\/produkt\/royal-basic-svart\/"},"modified":"2026-03-04T09:41:40","modified_gmt":"2026-03-04T08:41:40","slug":"royal-basic-svart","status":"publish","type":"product","link":"https:\/\/shop.bjerring-sales.dk\/da\/vare\/royal-basic-svart\/","title":{"rendered":"Royal Basic med beton fod \u2013 Rustfri\/Sort"},"content":{"rendered":"<p>Afsp\u00e6rrest\u00f8jlen Royal Basic er en komplet s\u00f8jle med b\u00e5nd. Basic s\u00f8jlen er en af vores mest prisvenlige muligheder, n\u00e5r det kommer til s\u00f8jler med s\u00f8jle og b\u00e5nd. Den er udstyret med en integreret b\u00e5ndkassette indeholdende en 3 meter lang sort b\u00e5nd. Afsp\u00e6rreb\u00e5ndet kan ogs\u00e5 fastg\u00f8res til v\u00e6ggen, men ved hj\u00e6lp af et v\u00e6gbeslag.<\/p>\n<p>Royal er en produktlinje af afsp\u00e6rringss\u00f8jler der omfatter prisvenlige og kvalitets s\u00f8jler inden for afsp\u00e6rrings produkter og tilbyder ogs\u00e5 et stort udvalg af s\u00f8jler til reb indenfor Casinos produktsortiment.<\/p>\n<ul>\n<li>Afsp\u00e6rringss\u00f8jlen leveres komplet med b\u00e5nd<\/li>\n<li>3 meter udtr\u00e6kbart b\u00e5nd i sort<\/li>\n<\/ul>","protected":false},"excerpt":{"rendered":"<p>Leder du efter en stilfuld m\u00e5de at afgr\u00e6nse et omr\u00e5de p\u00e5? S\u00e5 har vi svaret med vores todelte stolpe med stropper og en hel betonplade.<\/p>","protected":false},"featured_media":98143,"template":"","meta":{"iawp_total_views":2},"product_brand":[],"product_cat":[6354,5818,6355,5817],"product_tag":[5813,5814,5864,5865],"class_list":{"0":"post-62333","1":"product","2":"type-product","3":"status-publish","4":"has-post-thumbnail","6":"product_cat-avsparrning-royal","7":"product_cat-kostolpar-band","8":"product_cat-avsparrning-basic","9":"product_cat-avsparrning","10":"product_tag-avsparrningsstolpe","11":"product_tag-kostolpe","12":"product_tag-royal-basic","13":"product_tag-avsparrning-med-band","15":"first","16":"instock","17":"taxable","18":"shipping-taxable","19":"purchasable","20":"product-type-simple"},"yoast_head":"<!-- This site is optimized with the Yoast SEO plugin v27.0 - https:\/\/yoast.com\/product\/yoast-seo-wordpress\/ -->\n<title>Royal Basic - Rostfritt\/Svart - Bjerring-Sales<\/title>\n<meta name=\"description\" content=\"Letar du efter ett snyggt s\u00e4tt att avgr\u00e4nsa ett omr\u00e5de? D\u00e5 har vi svaret med v\u00e5r tv\u00e5delade stolpe med band och hel platta i betong.\" \/>\n<meta name=\"robots\" content=\"index, follow, max-snippet:-1, max-image-preview:large, max-video-preview:-1\" \/>\n<link rel=\"canonical\" href=\"https:\/\/shop.bjerring-sales.dk\/da\/vare\/royal-basic-svart\/\" \/>\n<meta property=\"og:locale\" content=\"da_DK\" \/>\n<meta property=\"og:type\" content=\"article\" \/>\n<meta property=\"og:title\" content=\"Royal Basic - Rostfritt\/Svart - Bjerring-Sales\" \/>\n<meta property=\"og:description\" content=\"Letar du efter ett snyggt s\u00e4tt att avgr\u00e4nsa ett omr\u00e5de? D\u00e5 har vi svaret med v\u00e5r tv\u00e5delade stolpe med band och hel platta i betong.\" \/>\n<meta property=\"og:url\" content=\"https:\/\/shop.bjerring-sales.dk\/da\/vare\/royal-basic-svart\/\" \/>\n<meta property=\"og:site_name\" content=\"Bjerring-Sales\" \/>\n<meta property=\"article:modified_time\" content=\"2026-03-04T08:41:40+00:00\" \/>\n<meta property=\"og:image\" content=\"https:\/\/shop.bjerring-sales.dk\/wp-content\/uploads\/2024\/08\/webb-royalbasic1.jpg\" \/>\n\t<meta property=\"og:image:width\" content=\"800\" \/>\n\t<meta property=\"og:image:height\" content=\"800\" \/>\n\t<meta property=\"og:image:type\" content=\"image\/jpeg\" \/>\n<meta name=\"twitter:card\" content=\"summary_large_image\" \/>\n<meta name=\"twitter:label1\" content=\"Estimeret l\u00e6setid\" \/>\n\t<meta name=\"twitter:data1\" content=\"1 minut\" \/>\n<script type=\"application\/ld+json\" class=\"yoast-schema-graph\">{\"@context\":\"https:\/\/schema.org\",\"@graph\":[{\"@type\":\"WebPage\",\"@id\":\"https:\/\/shop.bjerring-sales.dk\/sv\/produkt\/royal-basic-svart\/\",\"url\":\"https:\/\/shop.bjerring-sales.dk\/sv\/produkt\/royal-basic-svart\/\",\"name\":\"Royal Basic - Rostfritt\/Svart - Bjerring-Sales\",\"isPartOf\":{\"@id\":\"https:\/\/shop.bjerring-sales.dk\/#website\"},\"primaryImageOfPage\":{\"@id\":\"https:\/\/shop.bjerring-sales.dk\/sv\/produkt\/royal-basic-svart\/#primaryimage\"},\"image\":{\"@id\":\"https:\/\/shop.bjerring-sales.dk\/sv\/produkt\/royal-basic-svart\/#primaryimage\"},\"thumbnailUrl\":\"https:\/\/shop.bjerring-sales.dk\/wp-content\/uploads\/2024\/08\/webb-royalbasic1.jpg\",\"datePublished\":\"2018-02-05T09:35:31+00:00\",\"dateModified\":\"2026-03-04T08:41:40+00:00\",\"description\":\"Letar du efter ett snyggt s\u00e4tt att avgr\u00e4nsa ett omr\u00e5de? D\u00e5 har vi svaret med v\u00e5r tv\u00e5delade stolpe med band och hel platta i betong.\",\"breadcrumb\":{\"@id\":\"https:\/\/shop.bjerring-sales.dk\/sv\/produkt\/royal-basic-svart\/#breadcrumb\"},\"inLanguage\":\"da-DK\",\"potentialAction\":[{\"@type\":\"ReadAction\",\"target\":[\"https:\/\/shop.bjerring-sales.dk\/sv\/produkt\/royal-basic-svart\/\"]}]},{\"@type\":\"ImageObject\",\"inLanguage\":\"da-DK\",\"@id\":\"https:\/\/shop.bjerring-sales.dk\/sv\/produkt\/royal-basic-svart\/#primaryimage\",\"url\":\"https:\/\/shop.bjerring-sales.dk\/wp-content\/uploads\/2024\/08\/webb-royalbasic1.jpg\",\"contentUrl\":\"https:\/\/shop.bjerring-sales.dk\/wp-content\/uploads\/2024\/08\/webb-royalbasic1.jpg\",\"width\":800,\"height\":800},{\"@type\":\"BreadcrumbList\",\"@id\":\"https:\/\/shop.bjerring-sales.dk\/sv\/produkt\/royal-basic-svart\/#breadcrumb\",\"itemListElement\":[{\"@type\":\"ListItem\",\"position\":1,\"name\":\"Hem\",\"item\":\"https:\/\/shop.bjerring-sales.dk\/\"},{\"@type\":\"ListItem\",\"position\":2,\"name\":\"Webbutik\",\"item\":\"https:\/\/shop.bjerring-sales.dk\/butik\/\"},{\"@type\":\"ListItem\",\"position\":3,\"name\":\"Royal Basic &#8211; Rostfritt\/Svart\"}]},{\"@type\":\"WebSite\",\"@id\":\"https:\/\/shop.bjerring-sales.dk\/#website\",\"url\":\"https:\/\/shop.bjerring-sales.dk\/\",\"name\":\"Bjerring-Sales\",\"description\":\"M\u00f6bler f\u00f6r teatrar, skolor, kontor och k\u00f6pcentrum\",\"publisher\":{\"@id\":\"https:\/\/shop.bjerring-sales.dk\/#organization\"},\"potentialAction\":[{\"@type\":\"SearchAction\",\"target\":{\"@type\":\"EntryPoint\",\"urlTemplate\":\"https:\/\/shop.bjerring-sales.dk\/?s={search_term_string}\"},\"query-input\":{\"@type\":\"PropertyValueSpecification\",\"valueRequired\":true,\"valueName\":\"search_term_string\"}}],\"inLanguage\":\"da-DK\"},{\"@type\":\"Organization\",\"@id\":\"https:\/\/shop.bjerring-sales.dk\/#organization\",\"name\":\"Bjerring-Sales\",\"url\":\"https:\/\/shop.bjerring-sales.dk\/\",\"logo\":{\"@type\":\"ImageObject\",\"inLanguage\":\"da-DK\",\"@id\":\"https:\/\/shop.bjerring-sales.dk\/#\/schema\/logo\/image\/\",\"url\":\"https:\/\/shop.bjerring-sales.dk\/wp-content\/uploads\/2023\/01\/logo_sv.png\",\"contentUrl\":\"https:\/\/shop.bjerring-sales.dk\/wp-content\/uploads\/2023\/01\/logo_sv.png\",\"width\":195,\"height\":68,\"caption\":\"Bjerring-Sales\"},\"image\":{\"@id\":\"https:\/\/shop.bjerring-sales.dk\/#\/schema\/logo\/image\/\"}}]}<\/script>\n<!-- \/ Yoast SEO plugin. -->","yoast_head_json":{"title":"Royal Basic - Rostfritt\/Svart - Bjerring-Sales","description":"Leder du efter en stilfuld m\u00e5de at afgr\u00e6nse et omr\u00e5de p\u00e5? S\u00e5 har vi svaret med vores todelte stolpe med stropper og en hel betonplade.","robots":{"index":"index","follow":"follow","max-snippet":"max-snippet:-1","max-image-preview":"max-image-preview:large","max-video-preview":"max-video-preview:-1"},"canonical":"https:\/\/shop.bjerring-sales.dk\/da\/vare\/royal-basic-svart\/","og_locale":"da_DK","og_type":"article","og_title":"Royal Basic - Rostfritt\/Svart - Bjerring-Sales","og_description":"Letar du efter ett snyggt s\u00e4tt att avgr\u00e4nsa ett omr\u00e5de? D\u00e5 har vi svaret med v\u00e5r tv\u00e5delade stolpe med band och hel platta i betong.","og_url":"https:\/\/shop.bjerring-sales.dk\/da\/vare\/royal-basic-svart\/","og_site_name":"Bjerring-Sales","article_modified_time":"2026-03-04T08:41:40+00:00","og_image":[{"width":800,"height":800,"url":"https:\/\/shop.bjerring-sales.dk\/wp-content\/uploads\/2024\/08\/webb-royalbasic1.jpg","type":"image\/jpeg"}],"twitter_card":"summary_large_image","twitter_misc":{"Estimeret l\u00e6setid":"1 minut"},"schema":{"@context":"https:\/\/schema.org","@graph":[{"@type":"WebPage","@id":"https:\/\/shop.bjerring-sales.dk\/sv\/produkt\/royal-basic-svart\/","url":"https:\/\/shop.bjerring-sales.dk\/sv\/produkt\/royal-basic-svart\/","name":"Royal Basic - Rostfritt\/Svart - Bjerring-Sales","isPartOf":{"@id":"https:\/\/shop.bjerring-sales.dk\/#website"},"primaryImageOfPage":{"@id":"https:\/\/shop.bjerring-sales.dk\/sv\/produkt\/royal-basic-svart\/#primaryimage"},"image":{"@id":"https:\/\/shop.bjerring-sales.dk\/sv\/produkt\/royal-basic-svart\/#primaryimage"},"thumbnailUrl":"https:\/\/shop.bjerring-sales.dk\/wp-content\/uploads\/2024\/08\/webb-royalbasic1.jpg","datePublished":"2018-02-05T09:35:31+00:00","dateModified":"2026-03-04T08:41:40+00:00","description":"Leder du efter en stilfuld m\u00e5de at afgr\u00e6nse et omr\u00e5de p\u00e5? S\u00e5 har vi svaret med vores todelte stolpe med stropper og en hel betonplade.","breadcrumb":{"@id":"https:\/\/shop.bjerring-sales.dk\/sv\/produkt\/royal-basic-svart\/#breadcrumb"},"inLanguage":"da-DK","potentialAction":[{"@type":"ReadAction","target":["https:\/\/shop.bjerring-sales.dk\/sv\/produkt\/royal-basic-svart\/"]}]},{"@type":"ImageObject","inLanguage":"da-DK","@id":"https:\/\/shop.bjerring-sales.dk\/sv\/produkt\/royal-basic-svart\/#primaryimage","url":"https:\/\/shop.bjerring-sales.dk\/wp-content\/uploads\/2024\/08\/webb-royalbasic1.jpg","contentUrl":"https:\/\/shop.bjerring-sales.dk\/wp-content\/uploads\/2024\/08\/webb-royalbasic1.jpg","width":800,"height":800},{"@type":"BreadcrumbList","@id":"https:\/\/shop.bjerring-sales.dk\/sv\/produkt\/royal-basic-svart\/#breadcrumb","itemListElement":[{"@type":"ListItem","position":1,"name":"Hem","item":"https:\/\/shop.bjerring-sales.dk\/"},{"@type":"ListItem","position":2,"name":"Webbutik","item":"https:\/\/shop.bjerring-sales.dk\/butik\/"},{"@type":"ListItem","position":3,"name":"Royal Basic &#8211; Rostfritt\/Svart"}]},{"@type":"WebSite","@id":"https:\/\/shop.bjerring-sales.dk\/#website","url":"https:\/\/shop.bjerring-sales.dk\/","name":"Bjerring-Salg","description":"M\u00f8bler til teatre, skoler, kontorer og indk\u00f8bscentre","publisher":{"@id":"https:\/\/shop.bjerring-sales.dk\/#organization"},"potentialAction":[{"@type":"SearchAction","target":{"@type":"EntryPoint","urlTemplate":"https:\/\/shop.bjerring-sales.dk\/?s={search_term_string}"},"query-input":{"@type":"PropertyValueSpecification","valueRequired":true,"valueName":"search_term_string"}}],"inLanguage":"da-DK"},{"@type":"Organization","@id":"https:\/\/shop.bjerring-sales.dk\/#organization","name":"Bjerring-Salg","url":"https:\/\/shop.bjerring-sales.dk\/","logo":{"@type":"ImageObject","inLanguage":"da-DK","@id":"https:\/\/shop.bjerring-sales.dk\/#\/schema\/logo\/image\/","url":"https:\/\/shop.bjerring-sales.dk\/wp-content\/uploads\/2023\/01\/logo_sv.png","contentUrl":"https:\/\/shop.bjerring-sales.dk\/wp-content\/uploads\/2023\/01\/logo_sv.png","width":195,"height":68,"caption":"Bjerring-Sales"},"image":{"@id":"https:\/\/shop.bjerring-sales.dk\/#\/schema\/logo\/image\/"}}]}},"_links":{"self":[{"href":"https:\/\/shop.bjerring-sales.dk\/da\/wp-json\/wp\/v2\/product\/62333","targetHints":{"allow":["GET"]}}],"collection":[{"href":"https:\/\/shop.bjerring-sales.dk\/da\/wp-json\/wp\/v2\/product"}],"about":[{"href":"https:\/\/shop.bjerring-sales.dk\/da\/wp-json\/wp\/v2\/types\/product"}],"wp:featuredmedia":[{"embeddable":true,"href":"https:\/\/shop.bjerring-sales.dk\/da\/wp-json\/wp\/v2\/media\/98143"}],"wp:attachment":[{"href":"https:\/\/shop.bjerring-sales.dk\/da\/wp-json\/wp\/v2\/media?parent=62333"}],"wp:term":[{"taxonomy":"product_brand","embeddable":true,"href":"https:\/\/shop.bjerring-sales.dk\/da\/wp-json\/wp\/v2\/product_brand?post=62333"},{"taxonomy":"product_cat","embeddable":true,"href":"https:\/\/shop.bjerring-sales.dk\/da\/wp-json\/wp\/v2\/product_cat?post=62333"},{"taxonomy":"product_tag","embeddable":true,"href":"https:\/\/shop.bjerring-sales.dk\/da\/wp-json\/wp\/v2\/product_tag?post=62333"}],"curies":[{"name":"wp","href":"https:\/\/api.w.org\/{rel}","templated":true}]}}