{"id":62312,"date":"2018-02-05T12:19:10","date_gmt":"2018-02-05T11:19:10","guid":{"rendered":"https:\/\/pule.se\/produkt\/royal-stapelbar-silver-bla\/"},"modified":"2023-01-18T14:57:40","modified_gmt":"2023-01-18T13:57:40","slug":"royal-stapelbar-silver-bla","status":"publish","type":"product","link":"https:\/\/shop.bjerring-sales.dk\/da\/vare\/royal-stapelbar-silver-bla\/","title":{"rendered":"Royal stabelbar s\u00f8jle - Rustfri\/Bl\u00e5"},"content":{"rendered":"<p>Leder du efter en p\u00e6n m\u00e5de at afgr\u00e6nse et omr\u00e5de p\u00e5? S\u00e5 har vi svaret i form af vores brede udvalg af afsp\u00e6rringss\u00f8jler, der afgr\u00e6nser et omr\u00e5de med b\u00e5nd.<\/p>\n<ul>\n<li>F\u00e5s i rustfri, sort og messing<\/li>\n<\/ul>","protected":false},"excerpt":{"rendered":"<p>Leder du efter en p\u00e6n m\u00e5de at afgr\u00e6nse et omr\u00e5de p\u00e5? S\u00e5 har vi svaret i form af vores brede udvalg af afsp\u00e6rringss\u00f8jler, der afgr\u00e6nser et omr\u00e5de med b\u00e5nd.<\/p>","protected":false},"featured_media":75442,"template":"","meta":{"iawp_total_views":3},"product_brand":[],"product_cat":[6354,5818,5817],"product_tag":[5813,5814,6098,6146],"class_list":{"0":"post-62312","1":"product","2":"type-product","3":"status-publish","4":"has-post-thumbnail","6":"product_cat-avsparrning-royal","7":"product_cat-kostolpar-band","8":"product_cat-avsparrning","9":"product_tag-avsparrningsstolpe","10":"product_tag-kostolpe","11":"product_tag-avsparrning","12":"product_tag-royal-stolpe","14":"first","15":"instock","16":"taxable","17":"shipping-taxable","18":"purchasable","19":"product-type-simple"},"yoast_head":"<!-- This site is optimized with the Yoast SEO plugin v27.0 - https:\/\/yoast.com\/product\/yoast-seo-wordpress\/ -->\n<title>Royal Stapelbar - Rostfritt\/Bl\u00e5 - Bjerring-Sales<\/title>\n<meta name=\"description\" content=\"Letar du efter ett snyggt s\u00e4tt att avgr\u00e4nsa ett omr\u00e5de? D\u00e5 har vi svaret i form av v\u00e5rt breda utbud av k\u00f6stolpar som kopplar ihop p\u00e5 ett snyggt s\u00e4tt med band.\" \/>\n<meta name=\"robots\" content=\"index, follow, max-snippet:-1, max-image-preview:large, max-video-preview:-1\" \/>\n<link rel=\"canonical\" href=\"https:\/\/shop.bjerring-sales.dk\/da\/vare\/royal-stapelbar-silver-bla\/\" \/>\n<meta property=\"og:locale\" content=\"da_DK\" \/>\n<meta property=\"og:type\" content=\"article\" \/>\n<meta property=\"og:title\" content=\"Royal Stapelbar - Rostfritt\/Bl\u00e5 - Bjerring-Sales\" \/>\n<meta property=\"og:description\" content=\"Letar du efter ett snyggt s\u00e4tt att avgr\u00e4nsa ett omr\u00e5de? D\u00e5 har vi svaret i form av v\u00e5rt breda utbud av k\u00f6stolpar som kopplar ihop p\u00e5 ett snyggt s\u00e4tt med band.\" \/>\n<meta property=\"og:url\" content=\"https:\/\/shop.bjerring-sales.dk\/da\/vare\/royal-stapelbar-silver-bla\/\" \/>\n<meta property=\"og:site_name\" content=\"Bjerring-Sales\" \/>\n<meta property=\"article:modified_time\" content=\"2023-01-18T13:57:40+00:00\" \/>\n<meta property=\"og:image\" content=\"https:\/\/pule.se\/wp-content\/uploads\/2018\/02\/webb-royalrostfrittstapelbar3-1.jpg\" \/>\n\t<meta property=\"og:image:width\" content=\"800\" \/>\n\t<meta property=\"og:image:height\" content=\"800\" \/>\n\t<meta property=\"og:image:type\" content=\"image\/jpeg\" \/>\n<meta name=\"twitter:card\" content=\"summary_large_image\" \/>\n<script type=\"application\/ld+json\" class=\"yoast-schema-graph\">{\"@context\":\"https:\/\/schema.org\",\"@graph\":[{\"@type\":\"WebPage\",\"@id\":\"https:\/\/shop.bjerring-sales.dk\/sv\/produkt\/royal-stapelbar-silver-bla\/\",\"url\":\"https:\/\/shop.bjerring-sales.dk\/sv\/produkt\/royal-stapelbar-silver-bla\/\",\"name\":\"Royal Stapelbar - Rostfritt\/Bl\u00e5 - Bjerring-Sales\",\"isPartOf\":{\"@id\":\"https:\/\/shop.bjerring-sales.dk\/#website\"},\"primaryImageOfPage\":{\"@id\":\"https:\/\/shop.bjerring-sales.dk\/sv\/produkt\/royal-stapelbar-silver-bla\/#primaryimage\"},\"image\":{\"@id\":\"https:\/\/shop.bjerring-sales.dk\/sv\/produkt\/royal-stapelbar-silver-bla\/#primaryimage\"},\"thumbnailUrl\":\"https:\/\/shop.bjerring-sales.dk\/wp-content\/uploads\/2018\/02\/webb-royalrostfrittstapelbar3-1.jpg\",\"datePublished\":\"2018-02-05T11:19:10+00:00\",\"dateModified\":\"2023-01-18T13:57:40+00:00\",\"description\":\"Letar du efter ett snyggt s\u00e4tt att avgr\u00e4nsa ett omr\u00e5de? D\u00e5 har vi svaret i form av v\u00e5rt breda utbud av k\u00f6stolpar som kopplar ihop p\u00e5 ett snyggt s\u00e4tt med band.\",\"breadcrumb\":{\"@id\":\"https:\/\/shop.bjerring-sales.dk\/sv\/produkt\/royal-stapelbar-silver-bla\/#breadcrumb\"},\"inLanguage\":\"da-DK\",\"potentialAction\":[{\"@type\":\"ReadAction\",\"target\":[\"https:\/\/shop.bjerring-sales.dk\/sv\/produkt\/royal-stapelbar-silver-bla\/\"]}]},{\"@type\":\"ImageObject\",\"inLanguage\":\"da-DK\",\"@id\":\"https:\/\/shop.bjerring-sales.dk\/sv\/produkt\/royal-stapelbar-silver-bla\/#primaryimage\",\"url\":\"https:\/\/shop.bjerring-sales.dk\/wp-content\/uploads\/2018\/02\/webb-royalrostfrittstapelbar3-1.jpg\",\"contentUrl\":\"https:\/\/shop.bjerring-sales.dk\/wp-content\/uploads\/2018\/02\/webb-royalrostfrittstapelbar3-1.jpg\",\"width\":800,\"height\":800},{\"@type\":\"BreadcrumbList\",\"@id\":\"https:\/\/shop.bjerring-sales.dk\/sv\/produkt\/royal-stapelbar-silver-bla\/#breadcrumb\",\"itemListElement\":[{\"@type\":\"ListItem\",\"position\":1,\"name\":\"Hem\",\"item\":\"https:\/\/shop.bjerring-sales.dk\/\"},{\"@type\":\"ListItem\",\"position\":2,\"name\":\"Webbutik\",\"item\":\"https:\/\/shop.bjerring-sales.dk\/butik\/\"},{\"@type\":\"ListItem\",\"position\":3,\"name\":\"Royal Stapelbar &#8211; Rostfritt\/Bl\u00e5\"}]},{\"@type\":\"WebSite\",\"@id\":\"https:\/\/shop.bjerring-sales.dk\/#website\",\"url\":\"https:\/\/shop.bjerring-sales.dk\/\",\"name\":\"Bjerring-Sales\",\"description\":\"M\u00f6bler f\u00f6r teatrar, skolor, kontor och k\u00f6pcentrum\",\"publisher\":{\"@id\":\"https:\/\/shop.bjerring-sales.dk\/#organization\"},\"potentialAction\":[{\"@type\":\"SearchAction\",\"target\":{\"@type\":\"EntryPoint\",\"urlTemplate\":\"https:\/\/shop.bjerring-sales.dk\/?s={search_term_string}\"},\"query-input\":{\"@type\":\"PropertyValueSpecification\",\"valueRequired\":true,\"valueName\":\"search_term_string\"}}],\"inLanguage\":\"da-DK\"},{\"@type\":\"Organization\",\"@id\":\"https:\/\/shop.bjerring-sales.dk\/#organization\",\"name\":\"Bjerring-Sales\",\"url\":\"https:\/\/shop.bjerring-sales.dk\/\",\"logo\":{\"@type\":\"ImageObject\",\"inLanguage\":\"da-DK\",\"@id\":\"https:\/\/shop.bjerring-sales.dk\/#\/schema\/logo\/image\/\",\"url\":\"https:\/\/shop.bjerring-sales.dk\/wp-content\/uploads\/2023\/01\/logo_sv.png\",\"contentUrl\":\"https:\/\/shop.bjerring-sales.dk\/wp-content\/uploads\/2023\/01\/logo_sv.png\",\"width\":195,\"height\":68,\"caption\":\"Bjerring-Sales\"},\"image\":{\"@id\":\"https:\/\/shop.bjerring-sales.dk\/#\/schema\/logo\/image\/\"}}]}<\/script>\n<!-- \/ Yoast SEO plugin. -->","yoast_head_json":{"title":"Royal Stapelbar - Rostfritt\/Bl\u00e5 - Bjerring-Sales","description":"Leder du efter en p\u00e6n m\u00e5de at afgr\u00e6nse et omr\u00e5de p\u00e5? S\u00e5 har vi svaret i form af vores brede udvalg af afsp\u00e6rringss\u00f8jler, der afgr\u00e6nser et omr\u00e5de med b\u00e5nd.","robots":{"index":"index","follow":"follow","max-snippet":"max-snippet:-1","max-image-preview":"max-image-preview:large","max-video-preview":"max-video-preview:-1"},"canonical":"https:\/\/shop.bjerring-sales.dk\/da\/vare\/royal-stapelbar-silver-bla\/","og_locale":"da_DK","og_type":"article","og_title":"Royal Stapelbar - Rostfritt\/Bl\u00e5 - Bjerring-Sales","og_description":"Letar du efter ett snyggt s\u00e4tt att avgr\u00e4nsa ett omr\u00e5de? D\u00e5 har vi svaret i form av v\u00e5rt breda utbud av k\u00f6stolpar som kopplar ihop p\u00e5 ett snyggt s\u00e4tt med band.","og_url":"https:\/\/shop.bjerring-sales.dk\/da\/vare\/royal-stapelbar-silver-bla\/","og_site_name":"Bjerring-Sales","article_modified_time":"2023-01-18T13:57:40+00:00","og_image":[{"width":800,"height":800,"url":"https:\/\/pule.se\/wp-content\/uploads\/2018\/02\/webb-royalrostfrittstapelbar3-1.jpg","type":"image\/jpeg"}],"twitter_card":"summary_large_image","schema":{"@context":"https:\/\/schema.org","@graph":[{"@type":"WebPage","@id":"https:\/\/shop.bjerring-sales.dk\/sv\/produkt\/royal-stapelbar-silver-bla\/","url":"https:\/\/shop.bjerring-sales.dk\/sv\/produkt\/royal-stapelbar-silver-bla\/","name":"Royal Stapelbar - Rostfritt\/Bl\u00e5 - Bjerring-Sales","isPartOf":{"@id":"https:\/\/shop.bjerring-sales.dk\/#website"},"primaryImageOfPage":{"@id":"https:\/\/shop.bjerring-sales.dk\/sv\/produkt\/royal-stapelbar-silver-bla\/#primaryimage"},"image":{"@id":"https:\/\/shop.bjerring-sales.dk\/sv\/produkt\/royal-stapelbar-silver-bla\/#primaryimage"},"thumbnailUrl":"https:\/\/shop.bjerring-sales.dk\/wp-content\/uploads\/2018\/02\/webb-royalrostfrittstapelbar3-1.jpg","datePublished":"2018-02-05T11:19:10+00:00","dateModified":"2023-01-18T13:57:40+00:00","description":"Leder du efter en p\u00e6n m\u00e5de at afgr\u00e6nse et omr\u00e5de p\u00e5? S\u00e5 har vi svaret i form af vores brede udvalg af afsp\u00e6rringss\u00f8jler, der afgr\u00e6nser et omr\u00e5de med b\u00e5nd.","breadcrumb":{"@id":"https:\/\/shop.bjerring-sales.dk\/sv\/produkt\/royal-stapelbar-silver-bla\/#breadcrumb"},"inLanguage":"da-DK","potentialAction":[{"@type":"ReadAction","target":["https:\/\/shop.bjerring-sales.dk\/sv\/produkt\/royal-stapelbar-silver-bla\/"]}]},{"@type":"ImageObject","inLanguage":"da-DK","@id":"https:\/\/shop.bjerring-sales.dk\/sv\/produkt\/royal-stapelbar-silver-bla\/#primaryimage","url":"https:\/\/shop.bjerring-sales.dk\/wp-content\/uploads\/2018\/02\/webb-royalrostfrittstapelbar3-1.jpg","contentUrl":"https:\/\/shop.bjerring-sales.dk\/wp-content\/uploads\/2018\/02\/webb-royalrostfrittstapelbar3-1.jpg","width":800,"height":800},{"@type":"BreadcrumbList","@id":"https:\/\/shop.bjerring-sales.dk\/sv\/produkt\/royal-stapelbar-silver-bla\/#breadcrumb","itemListElement":[{"@type":"ListItem","position":1,"name":"Hem","item":"https:\/\/shop.bjerring-sales.dk\/"},{"@type":"ListItem","position":2,"name":"Webbutik","item":"https:\/\/shop.bjerring-sales.dk\/butik\/"},{"@type":"ListItem","position":3,"name":"Royal Stapelbar &#8211; Rostfritt\/Bl\u00e5"}]},{"@type":"WebSite","@id":"https:\/\/shop.bjerring-sales.dk\/#website","url":"https:\/\/shop.bjerring-sales.dk\/","name":"Bjerring-Salg","description":"M\u00f8bler til teatre, skoler, kontorer og indk\u00f8bscentre","publisher":{"@id":"https:\/\/shop.bjerring-sales.dk\/#organization"},"potentialAction":[{"@type":"SearchAction","target":{"@type":"EntryPoint","urlTemplate":"https:\/\/shop.bjerring-sales.dk\/?s={search_term_string}"},"query-input":{"@type":"PropertyValueSpecification","valueRequired":true,"valueName":"search_term_string"}}],"inLanguage":"da-DK"},{"@type":"Organization","@id":"https:\/\/shop.bjerring-sales.dk\/#organization","name":"Bjerring-Salg","url":"https:\/\/shop.bjerring-sales.dk\/","logo":{"@type":"ImageObject","inLanguage":"da-DK","@id":"https:\/\/shop.bjerring-sales.dk\/#\/schema\/logo\/image\/","url":"https:\/\/shop.bjerring-sales.dk\/wp-content\/uploads\/2023\/01\/logo_sv.png","contentUrl":"https:\/\/shop.bjerring-sales.dk\/wp-content\/uploads\/2023\/01\/logo_sv.png","width":195,"height":68,"caption":"Bjerring-Sales"},"image":{"@id":"https:\/\/shop.bjerring-sales.dk\/#\/schema\/logo\/image\/"}}]}},"_links":{"self":[{"href":"https:\/\/shop.bjerring-sales.dk\/da\/wp-json\/wp\/v2\/product\/62312","targetHints":{"allow":["GET"]}}],"collection":[{"href":"https:\/\/shop.bjerring-sales.dk\/da\/wp-json\/wp\/v2\/product"}],"about":[{"href":"https:\/\/shop.bjerring-sales.dk\/da\/wp-json\/wp\/v2\/types\/product"}],"wp:featuredmedia":[{"embeddable":true,"href":"https:\/\/shop.bjerring-sales.dk\/da\/wp-json\/wp\/v2\/media\/75442"}],"wp:attachment":[{"href":"https:\/\/shop.bjerring-sales.dk\/da\/wp-json\/wp\/v2\/media?parent=62312"}],"wp:term":[{"taxonomy":"product_brand","embeddable":true,"href":"https:\/\/shop.bjerring-sales.dk\/da\/wp-json\/wp\/v2\/product_brand?post=62312"},{"taxonomy":"product_cat","embeddable":true,"href":"https:\/\/shop.bjerring-sales.dk\/da\/wp-json\/wp\/v2\/product_cat?post=62312"},{"taxonomy":"product_tag","embeddable":true,"href":"https:\/\/shop.bjerring-sales.dk\/da\/wp-json\/wp\/v2\/product_tag?post=62312"}],"curies":[{"name":"wp","href":"https:\/\/api.w.org\/{rel}","templated":true}]}}