{"id":62306,"date":"2018-02-05T12:27:38","date_gmt":"2018-02-05T11:27:38","guid":{"rendered":"https:\/\/pule.se\/produkt\/casino-basic-silver-krona\/"},"modified":"2026-04-01T15:06:51","modified_gmt":"2026-04-01T13:06:51","slug":"casino-basic-silver-krona","status":"publish","type":"product","link":"https:\/\/shop.bjerring-sales.dk\/da\/vare\/casino-basic-silver-krona\/","title":{"rendered":"Casino Basic \u2013 Rustfrit st\u00e5l\/Krone"},"content":{"rendered":"<p>K\u00f8-lederen Casino Basic er en komplet stolpe i krom, med krone til reb. Basic stolpen er en af vores mest prisvenlige muligheder, n\u00e5r det kommer til hegn med stang og reb. Den er udstyret med en integreret krone, som rebet kan s\u00e6ttes i. Casino Basic f\u00e5s ogs\u00e5 i messing. Vi har flettede reb og fl\u00f8jlsreb i forskellige farver med tilh\u00f8rende ender i forskellige materialer. Nu er der ogs\u00e5 reb i meterm\u00e5l i sortimentet.<\/p>\n<p>Casino er en produktserie, der er prisvenlige og afsp\u00e6rrings produkter og tilbyder desuden et stort udvalg af s\u00f8jler med tov eller b\u00e5nd indenfor Royal produktsortiment.<\/p>\n<ul>\n<li>Komplet stolpe i krom<\/li>\n<li>Integreret krone til reb<\/li>\n<li>Casino Basic = Kvalitet til en god pris<\/li>\n<\/ul>","protected":false},"excerpt":{"rendered":"<div class=\"tab-content\">\n<div class=\"tab-content\">\n<p>K\u00f8-lederen Casino Basic er en komplet stolpe i krom, med krone til reb. Basic stolpen er en af vores mest prisvenlige muligheder, n\u00e5r det kommer til afsp\u00e6rring med stolpe og reb.<\/p>\n<\/div>\n<\/div>","protected":false},"featured_media":98891,"template":"","meta":{"iawp_total_views":0},"product_brand":[],"product_cat":[5909,6356,5817],"product_tag":[5813,5814,6098,6174],"class_list":{"0":"post-62306","1":"product","2":"type-product","3":"status-publish","4":"has-post-thumbnail","6":"product_cat-kostolpar-rep","7":"product_cat-avsparrning-casino","8":"product_cat-avsparrning","9":"product_tag-avsparrningsstolpe","10":"product_tag-kostolpe","11":"product_tag-avsparrning","12":"product_tag-casino-basic-stolpe","14":"first","15":"instock","16":"taxable","17":"shipping-taxable","18":"purchasable","19":"product-type-simple"},"yoast_head":"<!-- This site is optimized with the Yoast SEO plugin v27.0 - https:\/\/yoast.com\/product\/yoast-seo-wordpress\/ -->\n<title>Casino Basic - Rostfritt st\u00e5l\/Krona - Bjerring-Sales<\/title>\n<meta name=\"description\" content=\"K\u00f6stolpen Casino Basic \u00e4r en komplett stolpe i krom med krona f\u00f6r rep. Basic stolpen \u00e4r ett v\u00e5rt mest prisv\u00e4rda alternativ n\u00e4r det g\u00e4ller avsp\u00e4rrning med stolpe och rep.\" \/>\n<meta name=\"robots\" content=\"index, follow, max-snippet:-1, max-image-preview:large, max-video-preview:-1\" \/>\n<link rel=\"canonical\" href=\"https:\/\/shop.bjerring-sales.dk\/da\/vare\/casino-basic-silver-krona\/\" \/>\n<meta property=\"og:locale\" content=\"da_DK\" \/>\n<meta property=\"og:type\" content=\"article\" \/>\n<meta property=\"og:title\" content=\"Casino Basic - Rostfritt st\u00e5l\/Krona - Bjerring-Sales\" \/>\n<meta property=\"og:description\" content=\"K\u00f6stolpen Casino Basic \u00e4r en komplett stolpe i krom med krona f\u00f6r rep. Basic stolpen \u00e4r ett v\u00e5rt mest prisv\u00e4rda alternativ n\u00e4r det g\u00e4ller avsp\u00e4rrning med stolpe och rep.\" \/>\n<meta property=\"og:url\" content=\"https:\/\/shop.bjerring-sales.dk\/da\/vare\/casino-basic-silver-krona\/\" \/>\n<meta property=\"og:site_name\" content=\"Bjerring-Sales\" \/>\n<meta property=\"article:modified_time\" content=\"2026-04-01T13:06:51+00:00\" \/>\n<meta property=\"og:image\" content=\"https:\/\/shop.bjerring-sales.dk\/wp-content\/uploads\/2024\/10\/webb-kostolpebasickrom.jpg\" \/>\n\t<meta property=\"og:image:width\" content=\"800\" \/>\n\t<meta property=\"og:image:height\" content=\"800\" \/>\n\t<meta property=\"og:image:type\" content=\"image\/jpeg\" \/>\n<meta name=\"twitter:card\" content=\"summary_large_image\" \/>\n<meta name=\"twitter:label1\" content=\"Estimeret l\u00e6setid\" \/>\n\t<meta name=\"twitter:data1\" content=\"1 minut\" \/>\n<script type=\"application\/ld+json\" class=\"yoast-schema-graph\">{\"@context\":\"https:\/\/schema.org\",\"@graph\":[{\"@type\":\"WebPage\",\"@id\":\"https:\/\/shop.bjerring-sales.dk\/sv\/produkt\/casino-basic-silver-krona\/\",\"url\":\"https:\/\/shop.bjerring-sales.dk\/sv\/produkt\/casino-basic-silver-krona\/\",\"name\":\"Casino Basic - Rostfritt st\u00e5l\/Krona - Bjerring-Sales\",\"isPartOf\":{\"@id\":\"https:\/\/shop.bjerring-sales.dk\/#website\"},\"primaryImageOfPage\":{\"@id\":\"https:\/\/shop.bjerring-sales.dk\/sv\/produkt\/casino-basic-silver-krona\/#primaryimage\"},\"image\":{\"@id\":\"https:\/\/shop.bjerring-sales.dk\/sv\/produkt\/casino-basic-silver-krona\/#primaryimage\"},\"thumbnailUrl\":\"https:\/\/shop.bjerring-sales.dk\/wp-content\/uploads\/2024\/10\/webb-kostolpebasickrom.jpg\",\"datePublished\":\"2018-02-05T11:27:38+00:00\",\"dateModified\":\"2026-04-01T13:06:51+00:00\",\"description\":\"K\u00f6stolpen Casino Basic \u00e4r en komplett stolpe i krom med krona f\u00f6r rep. Basic stolpen \u00e4r ett v\u00e5rt mest prisv\u00e4rda alternativ n\u00e4r det g\u00e4ller avsp\u00e4rrning med stolpe och rep.\",\"breadcrumb\":{\"@id\":\"https:\/\/shop.bjerring-sales.dk\/sv\/produkt\/casino-basic-silver-krona\/#breadcrumb\"},\"inLanguage\":\"da-DK\",\"potentialAction\":[{\"@type\":\"ReadAction\",\"target\":[\"https:\/\/shop.bjerring-sales.dk\/sv\/produkt\/casino-basic-silver-krona\/\"]}]},{\"@type\":\"ImageObject\",\"inLanguage\":\"da-DK\",\"@id\":\"https:\/\/shop.bjerring-sales.dk\/sv\/produkt\/casino-basic-silver-krona\/#primaryimage\",\"url\":\"https:\/\/shop.bjerring-sales.dk\/wp-content\/uploads\/2024\/10\/webb-kostolpebasickrom.jpg\",\"contentUrl\":\"https:\/\/shop.bjerring-sales.dk\/wp-content\/uploads\/2024\/10\/webb-kostolpebasickrom.jpg\",\"width\":800,\"height\":800},{\"@type\":\"BreadcrumbList\",\"@id\":\"https:\/\/shop.bjerring-sales.dk\/sv\/produkt\/casino-basic-silver-krona\/#breadcrumb\",\"itemListElement\":[{\"@type\":\"ListItem\",\"position\":1,\"name\":\"Hem\",\"item\":\"https:\/\/shop.bjerring-sales.dk\/\"},{\"@type\":\"ListItem\",\"position\":2,\"name\":\"Webbutik\",\"item\":\"https:\/\/shop.bjerring-sales.dk\/butik\/\"},{\"@type\":\"ListItem\",\"position\":3,\"name\":\"Casino Basic &#8211; Rostfritt st\u00e5l\/Krona\"}]},{\"@type\":\"WebSite\",\"@id\":\"https:\/\/shop.bjerring-sales.dk\/#website\",\"url\":\"https:\/\/shop.bjerring-sales.dk\/\",\"name\":\"Bjerring-Sales\",\"description\":\"M\u00f6bler f\u00f6r teatrar, skolor, kontor och k\u00f6pcentrum\",\"publisher\":{\"@id\":\"https:\/\/shop.bjerring-sales.dk\/#organization\"},\"potentialAction\":[{\"@type\":\"SearchAction\",\"target\":{\"@type\":\"EntryPoint\",\"urlTemplate\":\"https:\/\/shop.bjerring-sales.dk\/?s={search_term_string}\"},\"query-input\":{\"@type\":\"PropertyValueSpecification\",\"valueRequired\":true,\"valueName\":\"search_term_string\"}}],\"inLanguage\":\"da-DK\"},{\"@type\":\"Organization\",\"@id\":\"https:\/\/shop.bjerring-sales.dk\/#organization\",\"name\":\"Bjerring-Sales\",\"url\":\"https:\/\/shop.bjerring-sales.dk\/\",\"logo\":{\"@type\":\"ImageObject\",\"inLanguage\":\"da-DK\",\"@id\":\"https:\/\/shop.bjerring-sales.dk\/#\/schema\/logo\/image\/\",\"url\":\"https:\/\/shop.bjerring-sales.dk\/wp-content\/uploads\/2023\/01\/logo_sv.png\",\"contentUrl\":\"https:\/\/shop.bjerring-sales.dk\/wp-content\/uploads\/2023\/01\/logo_sv.png\",\"width\":195,\"height\":68,\"caption\":\"Bjerring-Sales\"},\"image\":{\"@id\":\"https:\/\/shop.bjerring-sales.dk\/#\/schema\/logo\/image\/\"}}]}<\/script>\n<!-- \/ Yoast SEO plugin. -->","yoast_head_json":{"title":"Casino Basic - Rostfritt st\u00e5l\/Krona - Bjerring-Sales","description":"K\u00f8-lederen Casino Basic er en komplet stolpe i krom, med krone til reb. Basic stolpen er en af vores mest prisvenlige muligheder, n\u00e5r det kommer til afsp\u00e6rring med stolpe og reb.","robots":{"index":"index","follow":"follow","max-snippet":"max-snippet:-1","max-image-preview":"max-image-preview:large","max-video-preview":"max-video-preview:-1"},"canonical":"https:\/\/shop.bjerring-sales.dk\/da\/vare\/casino-basic-silver-krona\/","og_locale":"da_DK","og_type":"article","og_title":"Casino Basic - Rostfritt st\u00e5l\/Krona - Bjerring-Sales","og_description":"K\u00f6stolpen Casino Basic \u00e4r en komplett stolpe i krom med krona f\u00f6r rep. Basic stolpen \u00e4r ett v\u00e5rt mest prisv\u00e4rda alternativ n\u00e4r det g\u00e4ller avsp\u00e4rrning med stolpe och rep.","og_url":"https:\/\/shop.bjerring-sales.dk\/da\/vare\/casino-basic-silver-krona\/","og_site_name":"Bjerring-Sales","article_modified_time":"2026-04-01T13:06:51+00:00","og_image":[{"width":800,"height":800,"url":"https:\/\/shop.bjerring-sales.dk\/wp-content\/uploads\/2024\/10\/webb-kostolpebasickrom.jpg","type":"image\/jpeg"}],"twitter_card":"summary_large_image","twitter_misc":{"Estimeret l\u00e6setid":"1 minut"},"schema":{"@context":"https:\/\/schema.org","@graph":[{"@type":"WebPage","@id":"https:\/\/shop.bjerring-sales.dk\/sv\/produkt\/casino-basic-silver-krona\/","url":"https:\/\/shop.bjerring-sales.dk\/sv\/produkt\/casino-basic-silver-krona\/","name":"Casino Basic - Rostfritt st\u00e5l\/Krona - Bjerring-Sales","isPartOf":{"@id":"https:\/\/shop.bjerring-sales.dk\/#website"},"primaryImageOfPage":{"@id":"https:\/\/shop.bjerring-sales.dk\/sv\/produkt\/casino-basic-silver-krona\/#primaryimage"},"image":{"@id":"https:\/\/shop.bjerring-sales.dk\/sv\/produkt\/casino-basic-silver-krona\/#primaryimage"},"thumbnailUrl":"https:\/\/shop.bjerring-sales.dk\/wp-content\/uploads\/2024\/10\/webb-kostolpebasickrom.jpg","datePublished":"2018-02-05T11:27:38+00:00","dateModified":"2026-04-01T13:06:51+00:00","description":"K\u00f8-lederen Casino Basic er en komplet stolpe i krom, med krone til reb. Basic stolpen er en af vores mest prisvenlige muligheder, n\u00e5r det kommer til afsp\u00e6rring med stolpe og reb.","breadcrumb":{"@id":"https:\/\/shop.bjerring-sales.dk\/sv\/produkt\/casino-basic-silver-krona\/#breadcrumb"},"inLanguage":"da-DK","potentialAction":[{"@type":"ReadAction","target":["https:\/\/shop.bjerring-sales.dk\/sv\/produkt\/casino-basic-silver-krona\/"]}]},{"@type":"ImageObject","inLanguage":"da-DK","@id":"https:\/\/shop.bjerring-sales.dk\/sv\/produkt\/casino-basic-silver-krona\/#primaryimage","url":"https:\/\/shop.bjerring-sales.dk\/wp-content\/uploads\/2024\/10\/webb-kostolpebasickrom.jpg","contentUrl":"https:\/\/shop.bjerring-sales.dk\/wp-content\/uploads\/2024\/10\/webb-kostolpebasickrom.jpg","width":800,"height":800},{"@type":"BreadcrumbList","@id":"https:\/\/shop.bjerring-sales.dk\/sv\/produkt\/casino-basic-silver-krona\/#breadcrumb","itemListElement":[{"@type":"ListItem","position":1,"name":"Hem","item":"https:\/\/shop.bjerring-sales.dk\/"},{"@type":"ListItem","position":2,"name":"Webbutik","item":"https:\/\/shop.bjerring-sales.dk\/butik\/"},{"@type":"ListItem","position":3,"name":"Casino Basic &#8211; Rostfritt st\u00e5l\/Krona"}]},{"@type":"WebSite","@id":"https:\/\/shop.bjerring-sales.dk\/#website","url":"https:\/\/shop.bjerring-sales.dk\/","name":"Bjerring-Salg","description":"M\u00f8bler til teatre, skoler, kontorer og indk\u00f8bscentre","publisher":{"@id":"https:\/\/shop.bjerring-sales.dk\/#organization"},"potentialAction":[{"@type":"SearchAction","target":{"@type":"EntryPoint","urlTemplate":"https:\/\/shop.bjerring-sales.dk\/?s={search_term_string}"},"query-input":{"@type":"PropertyValueSpecification","valueRequired":true,"valueName":"search_term_string"}}],"inLanguage":"da-DK"},{"@type":"Organization","@id":"https:\/\/shop.bjerring-sales.dk\/#organization","name":"Bjerring-Salg","url":"https:\/\/shop.bjerring-sales.dk\/","logo":{"@type":"ImageObject","inLanguage":"da-DK","@id":"https:\/\/shop.bjerring-sales.dk\/#\/schema\/logo\/image\/","url":"https:\/\/shop.bjerring-sales.dk\/wp-content\/uploads\/2023\/01\/logo_sv.png","contentUrl":"https:\/\/shop.bjerring-sales.dk\/wp-content\/uploads\/2023\/01\/logo_sv.png","width":195,"height":68,"caption":"Bjerring-Sales"},"image":{"@id":"https:\/\/shop.bjerring-sales.dk\/#\/schema\/logo\/image\/"}}]}},"_links":{"self":[{"href":"https:\/\/shop.bjerring-sales.dk\/da\/wp-json\/wp\/v2\/product\/62306","targetHints":{"allow":["GET"]}}],"collection":[{"href":"https:\/\/shop.bjerring-sales.dk\/da\/wp-json\/wp\/v2\/product"}],"about":[{"href":"https:\/\/shop.bjerring-sales.dk\/da\/wp-json\/wp\/v2\/types\/product"}],"wp:featuredmedia":[{"embeddable":true,"href":"https:\/\/shop.bjerring-sales.dk\/da\/wp-json\/wp\/v2\/media\/98891"}],"wp:attachment":[{"href":"https:\/\/shop.bjerring-sales.dk\/da\/wp-json\/wp\/v2\/media?parent=62306"}],"wp:term":[{"taxonomy":"product_brand","embeddable":true,"href":"https:\/\/shop.bjerring-sales.dk\/da\/wp-json\/wp\/v2\/product_brand?post=62306"},{"taxonomy":"product_cat","embeddable":true,"href":"https:\/\/shop.bjerring-sales.dk\/da\/wp-json\/wp\/v2\/product_cat?post=62306"},{"taxonomy":"product_tag","embeddable":true,"href":"https:\/\/shop.bjerring-sales.dk\/da\/wp-json\/wp\/v2\/product_tag?post=62306"}],"curies":[{"name":"wp","href":"https:\/\/api.w.org\/{rel}","templated":true}]}}