{"id":62171,"date":"2018-02-11T03:01:25","date_gmt":"2018-02-11T02:01:25","guid":{"rendered":"https:\/\/pule.se\/produkt\/cafe-runda\/"},"modified":"2026-04-17T15:10:24","modified_gmt":"2026-04-17T13:10:24","slug":"cafe-runda","status":"publish","type":"product","link":"https:\/\/shop.bjerring-sales.dk\/da\/vare\/cafe-runda\/","title":{"rendered":"Cafebord rundt"},"content":{"rendered":"<p><span style=\"font-size: 24pt\">Caf\u00e9bordet er et robust foldebord, der er nemt og bekvemt at transportere<br \/>\n<\/span>Bordet er perfekt til kaffepauser p\u00e5 arbejdet, derhjemme, caf\u00e9er, hoteller og restauranter.<\/p>\n<p>Bordet f\u00e5s i 2 udgaver med gr\u00e5t stel og hvidmarmoreret plade med hvid kant eller antracitgr\u00e5 plade med sort kant. Klapstolen RX002 passer perfekt sammen med Caf\u00e9 bordet. Vi lagerf\u00f8rer ogs\u00e5 en vogn til cafebordet, som kan rumme omkring 8-10 borde, s\u00e5 de er nemme at transportere.<\/p>\n<ul>\n<li>Bordstellet er lagerf\u00f8rt i s\u00f8lvgr\u00e5<\/li>\n<li>Bordpladen er forsynet med en hvidmarmoreret overflade med hvid kant eller antracitgr\u00e5 overflade med sort kant<\/li>\n<\/ul>\n<p><span style=\"font-size: 18pt\">V\u00e6gt<\/span><br \/>\n11,5 kg<\/p>","protected":false},"excerpt":{"rendered":"<p>Caf\u00e9bordet er et robust foldebord, der er nemt og bekvemt at transportere. Bordet er perfekt til kaffepauser p\u00e5 arbejdet, derhjemme, caf\u00e9er, hoteller, restauranter mv.<\/p>","protected":false},"featured_media":102582,"template":"","meta":{"iawp_total_views":1},"product_brand":[],"product_cat":[5787,5911],"product_tag":[6168,6169],"class_list":{"0":"post-62171","1":"product","2":"type-product","3":"status-publish","4":"has-post-thumbnail","6":"product_cat-bord","7":"product_cat-cafebord","8":"product_tag-cafebord-runda","9":"product_tag-fallbart-cafebord","11":"first","12":"instock","13":"taxable","14":"shipping-taxable","15":"purchasable","16":"product-type-variable"},"yoast_head":"<!-- This site is optimized with the Yoast SEO plugin v27.0 - https:\/\/yoast.com\/product\/yoast-seo-wordpress\/ -->\n<title>Caf\u00e9bord runda - Bjerring-Sales<\/title>\n<meta name=\"description\" content=\"Caf\u00e9bordet \u00e4r ett stadigt f\u00e4llbart bord som \u00e4r enkelt och smidigt att transportera. Bordet passar perfekt till fikastunden p\u00e5 jobbet, till hemmet, caf\u00e9er, hotell, restaurang m fl.\" \/>\n<meta name=\"robots\" content=\"index, follow, max-snippet:-1, max-image-preview:large, max-video-preview:-1\" \/>\n<link rel=\"canonical\" href=\"https:\/\/shop.bjerring-sales.dk\/da\/vare\/cafe-runda\/\" \/>\n<meta property=\"og:locale\" content=\"da_DK\" \/>\n<meta property=\"og:type\" content=\"article\" \/>\n<meta property=\"og:title\" content=\"Caf\u00e9bord runda - Bjerring-Sales\" \/>\n<meta property=\"og:description\" content=\"Caf\u00e9bordet \u00e4r ett stadigt f\u00e4llbart bord som \u00e4r enkelt och smidigt att transportera. Bordet passar perfekt till fikastunden p\u00e5 jobbet, till hemmet, caf\u00e9er, hotell, restaurang m fl.\" \/>\n<meta property=\"og:url\" content=\"https:\/\/shop.bjerring-sales.dk\/da\/vare\/cafe-runda\/\" \/>\n<meta property=\"og:site_name\" content=\"Bjerring-Sales\" \/>\n<meta property=\"article:modified_time\" content=\"2026-04-17T13:10:24+00:00\" \/>\n<meta property=\"og:image\" content=\"https:\/\/shop.bjerring-sales.dk\/wp-content\/uploads\/2026\/04\/webb-eljcaferundasvart.jpg\" \/>\n\t<meta property=\"og:image:width\" content=\"800\" \/>\n\t<meta property=\"og:image:height\" content=\"800\" \/>\n\t<meta property=\"og:image:type\" content=\"image\/jpeg\" \/>\n<meta name=\"twitter:card\" content=\"summary_large_image\" \/>\n<meta name=\"twitter:label1\" content=\"Estimeret l\u00e6setid\" \/>\n\t<meta name=\"twitter:data1\" content=\"1 minut\" \/>\n<script type=\"application\/ld+json\" class=\"yoast-schema-graph\">{\"@context\":\"https:\/\/schema.org\",\"@graph\":[{\"@type\":\"WebPage\",\"@id\":\"https:\/\/shop.bjerring-sales.dk\/sv\/produkt\/cafe-runda\/\",\"url\":\"https:\/\/shop.bjerring-sales.dk\/sv\/produkt\/cafe-runda\/\",\"name\":\"Caf\u00e9bord runda - Bjerring-Sales\",\"isPartOf\":{\"@id\":\"https:\/\/shop.bjerring-sales.dk\/#website\"},\"primaryImageOfPage\":{\"@id\":\"https:\/\/shop.bjerring-sales.dk\/sv\/produkt\/cafe-runda\/#primaryimage\"},\"image\":{\"@id\":\"https:\/\/shop.bjerring-sales.dk\/sv\/produkt\/cafe-runda\/#primaryimage\"},\"thumbnailUrl\":\"https:\/\/shop.bjerring-sales.dk\/wp-content\/uploads\/2026\/04\/webb-eljcaferundasvart.jpg\",\"datePublished\":\"2018-02-11T02:01:25+00:00\",\"dateModified\":\"2026-04-17T13:10:24+00:00\",\"description\":\"Caf\u00e9bordet \u00e4r ett stadigt f\u00e4llbart bord som \u00e4r enkelt och smidigt att transportera. Bordet passar perfekt till fikastunden p\u00e5 jobbet, till hemmet, caf\u00e9er, hotell, restaurang m fl.\",\"breadcrumb\":{\"@id\":\"https:\/\/shop.bjerring-sales.dk\/sv\/produkt\/cafe-runda\/#breadcrumb\"},\"inLanguage\":\"da-DK\",\"potentialAction\":[{\"@type\":\"ReadAction\",\"target\":[\"https:\/\/shop.bjerring-sales.dk\/sv\/produkt\/cafe-runda\/\"]}]},{\"@type\":\"ImageObject\",\"inLanguage\":\"da-DK\",\"@id\":\"https:\/\/shop.bjerring-sales.dk\/sv\/produkt\/cafe-runda\/#primaryimage\",\"url\":\"https:\/\/shop.bjerring-sales.dk\/wp-content\/uploads\/2026\/04\/webb-eljcaferundasvart.jpg\",\"contentUrl\":\"https:\/\/shop.bjerring-sales.dk\/wp-content\/uploads\/2026\/04\/webb-eljcaferundasvart.jpg\",\"width\":800,\"height\":800},{\"@type\":\"BreadcrumbList\",\"@id\":\"https:\/\/shop.bjerring-sales.dk\/sv\/produkt\/cafe-runda\/#breadcrumb\",\"itemListElement\":[{\"@type\":\"ListItem\",\"position\":1,\"name\":\"Hem\",\"item\":\"https:\/\/shop.bjerring-sales.dk\/\"},{\"@type\":\"ListItem\",\"position\":2,\"name\":\"Webbutik\",\"item\":\"https:\/\/shop.bjerring-sales.dk\/butik\/\"},{\"@type\":\"ListItem\",\"position\":3,\"name\":\"Caf\u00e9bord runda\"}]},{\"@type\":\"WebSite\",\"@id\":\"https:\/\/shop.bjerring-sales.dk\/#website\",\"url\":\"https:\/\/shop.bjerring-sales.dk\/\",\"name\":\"Bjerring-Sales\",\"description\":\"M\u00f6bler f\u00f6r teatrar, skolor, kontor och k\u00f6pcentrum\",\"publisher\":{\"@id\":\"https:\/\/shop.bjerring-sales.dk\/#organization\"},\"potentialAction\":[{\"@type\":\"SearchAction\",\"target\":{\"@type\":\"EntryPoint\",\"urlTemplate\":\"https:\/\/shop.bjerring-sales.dk\/?s={search_term_string}\"},\"query-input\":{\"@type\":\"PropertyValueSpecification\",\"valueRequired\":true,\"valueName\":\"search_term_string\"}}],\"inLanguage\":\"da-DK\"},{\"@type\":\"Organization\",\"@id\":\"https:\/\/shop.bjerring-sales.dk\/#organization\",\"name\":\"Bjerring-Sales\",\"url\":\"https:\/\/shop.bjerring-sales.dk\/\",\"logo\":{\"@type\":\"ImageObject\",\"inLanguage\":\"da-DK\",\"@id\":\"https:\/\/shop.bjerring-sales.dk\/#\/schema\/logo\/image\/\",\"url\":\"https:\/\/shop.bjerring-sales.dk\/wp-content\/uploads\/2023\/01\/logo_sv.png\",\"contentUrl\":\"https:\/\/shop.bjerring-sales.dk\/wp-content\/uploads\/2023\/01\/logo_sv.png\",\"width\":195,\"height\":68,\"caption\":\"Bjerring-Sales\"},\"image\":{\"@id\":\"https:\/\/shop.bjerring-sales.dk\/#\/schema\/logo\/image\/\"}}]}<\/script>\n<!-- \/ Yoast SEO plugin. -->","yoast_head_json":{"title":"Caf\u00e9bord runda - Bjerring-Sales","description":"Caf\u00e9bordet er et robust foldebord, der er nemt og bekvemt at transportere. Bordet er perfekt til kaffepauser p\u00e5 arbejdet, derhjemme, caf\u00e9er, hoteller, restauranter mv.","robots":{"index":"index","follow":"follow","max-snippet":"max-snippet:-1","max-image-preview":"max-image-preview:large","max-video-preview":"max-video-preview:-1"},"canonical":"https:\/\/shop.bjerring-sales.dk\/da\/vare\/cafe-runda\/","og_locale":"da_DK","og_type":"article","og_title":"Caf\u00e9bord runda - Bjerring-Sales","og_description":"Caf\u00e9bordet \u00e4r ett stadigt f\u00e4llbart bord som \u00e4r enkelt och smidigt att transportera. Bordet passar perfekt till fikastunden p\u00e5 jobbet, till hemmet, caf\u00e9er, hotell, restaurang m fl.","og_url":"https:\/\/shop.bjerring-sales.dk\/da\/vare\/cafe-runda\/","og_site_name":"Bjerring-Sales","article_modified_time":"2026-04-17T13:10:24+00:00","og_image":[{"width":800,"height":800,"url":"https:\/\/shop.bjerring-sales.dk\/wp-content\/uploads\/2026\/04\/webb-eljcaferundasvart.jpg","type":"image\/jpeg"}],"twitter_card":"summary_large_image","twitter_misc":{"Estimeret l\u00e6setid":"1 minut"},"schema":{"@context":"https:\/\/schema.org","@graph":[{"@type":"WebPage","@id":"https:\/\/shop.bjerring-sales.dk\/sv\/produkt\/cafe-runda\/","url":"https:\/\/shop.bjerring-sales.dk\/sv\/produkt\/cafe-runda\/","name":"Caf\u00e9bord runda - Bjerring-Sales","isPartOf":{"@id":"https:\/\/shop.bjerring-sales.dk\/#website"},"primaryImageOfPage":{"@id":"https:\/\/shop.bjerring-sales.dk\/sv\/produkt\/cafe-runda\/#primaryimage"},"image":{"@id":"https:\/\/shop.bjerring-sales.dk\/sv\/produkt\/cafe-runda\/#primaryimage"},"thumbnailUrl":"https:\/\/shop.bjerring-sales.dk\/wp-content\/uploads\/2026\/04\/webb-eljcaferundasvart.jpg","datePublished":"2018-02-11T02:01:25+00:00","dateModified":"2026-04-17T13:10:24+00:00","description":"Caf\u00e9bordet er et robust foldebord, der er nemt og bekvemt at transportere. Bordet er perfekt til kaffepauser p\u00e5 arbejdet, derhjemme, caf\u00e9er, hoteller, restauranter mv.","breadcrumb":{"@id":"https:\/\/shop.bjerring-sales.dk\/sv\/produkt\/cafe-runda\/#breadcrumb"},"inLanguage":"da-DK","potentialAction":[{"@type":"ReadAction","target":["https:\/\/shop.bjerring-sales.dk\/sv\/produkt\/cafe-runda\/"]}]},{"@type":"ImageObject","inLanguage":"da-DK","@id":"https:\/\/shop.bjerring-sales.dk\/sv\/produkt\/cafe-runda\/#primaryimage","url":"https:\/\/shop.bjerring-sales.dk\/wp-content\/uploads\/2026\/04\/webb-eljcaferundasvart.jpg","contentUrl":"https:\/\/shop.bjerring-sales.dk\/wp-content\/uploads\/2026\/04\/webb-eljcaferundasvart.jpg","width":800,"height":800},{"@type":"BreadcrumbList","@id":"https:\/\/shop.bjerring-sales.dk\/sv\/produkt\/cafe-runda\/#breadcrumb","itemListElement":[{"@type":"ListItem","position":1,"name":"Hem","item":"https:\/\/shop.bjerring-sales.dk\/"},{"@type":"ListItem","position":2,"name":"Webbutik","item":"https:\/\/shop.bjerring-sales.dk\/butik\/"},{"@type":"ListItem","position":3,"name":"Caf\u00e9bord runda"}]},{"@type":"WebSite","@id":"https:\/\/shop.bjerring-sales.dk\/#website","url":"https:\/\/shop.bjerring-sales.dk\/","name":"Bjerring-Salg","description":"M\u00f8bler til teatre, skoler, kontorer og indk\u00f8bscentre","publisher":{"@id":"https:\/\/shop.bjerring-sales.dk\/#organization"},"potentialAction":[{"@type":"SearchAction","target":{"@type":"EntryPoint","urlTemplate":"https:\/\/shop.bjerring-sales.dk\/?s={search_term_string}"},"query-input":{"@type":"PropertyValueSpecification","valueRequired":true,"valueName":"search_term_string"}}],"inLanguage":"da-DK"},{"@type":"Organization","@id":"https:\/\/shop.bjerring-sales.dk\/#organization","name":"Bjerring-Salg","url":"https:\/\/shop.bjerring-sales.dk\/","logo":{"@type":"ImageObject","inLanguage":"da-DK","@id":"https:\/\/shop.bjerring-sales.dk\/#\/schema\/logo\/image\/","url":"https:\/\/shop.bjerring-sales.dk\/wp-content\/uploads\/2023\/01\/logo_sv.png","contentUrl":"https:\/\/shop.bjerring-sales.dk\/wp-content\/uploads\/2023\/01\/logo_sv.png","width":195,"height":68,"caption":"Bjerring-Sales"},"image":{"@id":"https:\/\/shop.bjerring-sales.dk\/#\/schema\/logo\/image\/"}}]}},"_links":{"self":[{"href":"https:\/\/shop.bjerring-sales.dk\/da\/wp-json\/wp\/v2\/product\/62171","targetHints":{"allow":["GET"]}}],"collection":[{"href":"https:\/\/shop.bjerring-sales.dk\/da\/wp-json\/wp\/v2\/product"}],"about":[{"href":"https:\/\/shop.bjerring-sales.dk\/da\/wp-json\/wp\/v2\/types\/product"}],"wp:featuredmedia":[{"embeddable":true,"href":"https:\/\/shop.bjerring-sales.dk\/da\/wp-json\/wp\/v2\/media\/102582"}],"wp:attachment":[{"href":"https:\/\/shop.bjerring-sales.dk\/da\/wp-json\/wp\/v2\/media?parent=62171"}],"wp:term":[{"taxonomy":"product_brand","embeddable":true,"href":"https:\/\/shop.bjerring-sales.dk\/da\/wp-json\/wp\/v2\/product_brand?post=62171"},{"taxonomy":"product_cat","embeddable":true,"href":"https:\/\/shop.bjerring-sales.dk\/da\/wp-json\/wp\/v2\/product_cat?post=62171"},{"taxonomy":"product_tag","embeddable":true,"href":"https:\/\/shop.bjerring-sales.dk\/da\/wp-json\/wp\/v2\/product_tag?post=62171"}],"curies":[{"name":"wp","href":"https:\/\/api.w.org\/{rel}","templated":true}]}}