{"id":62169,"date":"2018-02-11T03:21:03","date_gmt":"2018-02-11T02:21:03","guid":{"rendered":"https:\/\/pule.se\/produkt\/arianne-80-stabord\/"},"modified":"2026-03-29T18:54:02","modified_gmt":"2026-03-29T16:54:02","slug":"arianne-80-stabord","status":"publish","type":"product","link":"https:\/\/shop.bjerring-sales.dk\/da\/vare\/arianne-80-stabord\/","title":{"rendered":"Arianne 80 st\u00e5bord"},"content":{"rendered":"<p>Arianne 80 st\u00e5bord er et hvidt sammenklappeligt st\u00e5bord fra producenten Newstorm, som er en del af samme koncern som Zown. St\u00e5bordet er perfekt til arrangementer og konferencer, hvor bordene bruges af mange mennesker og skal t\u00e5le stort slid. Vi lagerf\u00f8rer st\u00e5bords betr\u00e6k i stretch i en r\u00e6kke forskellige farver, og vogne til st\u00e5bordene findes ogs\u00e5 i sortimentet. Bordpladen har UV-beskyttelse og er vandafvisende.<\/p>\n<ul>\n<li>Bordplade i high-density polyethylen<\/li>\n<li>Bordstel i pulverlakeret st\u00e5l<\/li>\n<li>Hvid<\/li>\n<li>Kan bruges med st\u00e5ende bordbetr\u00e6k<\/li>\n<li>Bordplade diameter: \u00d880 cm<\/li>\n<li>H\u00f8jde: 110 cm<\/li>\n<li>V\u00e6gt: 8,0 kg<\/li>\n<\/ul>","protected":false},"excerpt":{"rendered":"<p>Arianne 80 st\u00e5bord er et hvidt sammenklappeligt st\u00e5bord fra producenten Newstorm, som er en del af samme koncern som Zown. St\u00e5bordet er perfekt til arrangementer og konferencer, hvor bordene bruges af mange mennesker og skal t\u00e5le stort slid.<\/p>","protected":false},"featured_media":100012,"template":"","meta":{"iawp_total_views":9},"product_brand":[],"product_cat":[6343,5787,5897,6304,6351],"product_tag":[6167,6087],"class_list":{"0":"post-62169","1":"product","2":"type-product","3":"status-publish","4":"has-post-thumbnail","6":"product_cat-bord-utomhus","7":"product_cat-bord","8":"product_cat-barbord","9":"product_cat-utemobler","10":"product_cat-newstorm","11":"product_tag-fallbart-stabord","12":"product_tag-fallbart-barbord","14":"first","15":"instock","16":"taxable","17":"shipping-taxable","18":"purchasable","19":"product-type-simple"},"yoast_head":"<!-- This site is optimized with the Yoast SEO plugin v27.0 - https:\/\/yoast.com\/product\/yoast-seo-wordpress\/ -->\n<title>Arianne 80 st\u00e5bord - Bjerring-Sales<\/title>\n<meta name=\"description\" content=\"Arianne 80 st\u00e5bord \u00e4r ett vitt f\u00e4llbart barbord ifr\u00e5n producenten Newstorm som ing\u00e5r i samma koncern som Zown.\" \/>\n<meta name=\"robots\" content=\"index, follow, max-snippet:-1, max-image-preview:large, max-video-preview:-1\" \/>\n<link rel=\"canonical\" href=\"https:\/\/shop.bjerring-sales.dk\/da\/vare\/arianne-80-stabord\/\" \/>\n<meta property=\"og:locale\" content=\"da_DK\" \/>\n<meta property=\"og:type\" content=\"article\" \/>\n<meta property=\"og:title\" content=\"Arianne 80 st\u00e5bord - Bjerring-Sales\" \/>\n<meta property=\"og:description\" content=\"Arianne 80 st\u00e5bord \u00e4r ett vitt f\u00e4llbart barbord ifr\u00e5n producenten Newstorm som ing\u00e5r i samma koncern som Zown.\" \/>\n<meta property=\"og:url\" content=\"https:\/\/shop.bjerring-sales.dk\/da\/vare\/arianne-80-stabord\/\" \/>\n<meta property=\"og:site_name\" content=\"Bjerring-Sales\" \/>\n<meta property=\"article:modified_time\" content=\"2026-03-29T16:54:02+00:00\" \/>\n<meta property=\"og:image\" content=\"https:\/\/shop.bjerring-sales.dk\/wp-content\/uploads\/2024\/10\/webb-nsstabord1.jpg\" \/>\n\t<meta property=\"og:image:width\" content=\"800\" \/>\n\t<meta property=\"og:image:height\" content=\"800\" \/>\n\t<meta property=\"og:image:type\" content=\"image\/jpeg\" \/>\n<meta name=\"twitter:card\" content=\"summary_large_image\" \/>\n<meta name=\"twitter:label1\" content=\"Estimeret l\u00e6setid\" \/>\n\t<meta name=\"twitter:data1\" content=\"1 minut\" \/>\n<script type=\"application\/ld+json\" class=\"yoast-schema-graph\">{\"@context\":\"https:\/\/schema.org\",\"@graph\":[{\"@type\":\"WebPage\",\"@id\":\"https:\/\/shop.bjerring-sales.dk\/sv\/produkt\/arianne-80-stabord\/\",\"url\":\"https:\/\/shop.bjerring-sales.dk\/sv\/produkt\/arianne-80-stabord\/\",\"name\":\"Arianne 80 st\u00e5bord - Bjerring-Sales\",\"isPartOf\":{\"@id\":\"https:\/\/shop.bjerring-sales.dk\/#website\"},\"primaryImageOfPage\":{\"@id\":\"https:\/\/shop.bjerring-sales.dk\/sv\/produkt\/arianne-80-stabord\/#primaryimage\"},\"image\":{\"@id\":\"https:\/\/shop.bjerring-sales.dk\/sv\/produkt\/arianne-80-stabord\/#primaryimage\"},\"thumbnailUrl\":\"https:\/\/shop.bjerring-sales.dk\/wp-content\/uploads\/2024\/10\/webb-nsstabord1.jpg\",\"datePublished\":\"2018-02-11T02:21:03+00:00\",\"dateModified\":\"2026-03-29T16:54:02+00:00\",\"description\":\"Arianne 80 st\u00e5bord \u00e4r ett vitt f\u00e4llbart barbord ifr\u00e5n producenten Newstorm som ing\u00e5r i samma koncern som Zown.\",\"breadcrumb\":{\"@id\":\"https:\/\/shop.bjerring-sales.dk\/sv\/produkt\/arianne-80-stabord\/#breadcrumb\"},\"inLanguage\":\"da-DK\",\"potentialAction\":[{\"@type\":\"ReadAction\",\"target\":[\"https:\/\/shop.bjerring-sales.dk\/sv\/produkt\/arianne-80-stabord\/\"]}]},{\"@type\":\"ImageObject\",\"inLanguage\":\"da-DK\",\"@id\":\"https:\/\/shop.bjerring-sales.dk\/sv\/produkt\/arianne-80-stabord\/#primaryimage\",\"url\":\"https:\/\/shop.bjerring-sales.dk\/wp-content\/uploads\/2024\/10\/webb-nsstabord1.jpg\",\"contentUrl\":\"https:\/\/shop.bjerring-sales.dk\/wp-content\/uploads\/2024\/10\/webb-nsstabord1.jpg\",\"width\":800,\"height\":800},{\"@type\":\"BreadcrumbList\",\"@id\":\"https:\/\/shop.bjerring-sales.dk\/sv\/produkt\/arianne-80-stabord\/#breadcrumb\",\"itemListElement\":[{\"@type\":\"ListItem\",\"position\":1,\"name\":\"Hem\",\"item\":\"https:\/\/shop.bjerring-sales.dk\/\"},{\"@type\":\"ListItem\",\"position\":2,\"name\":\"Webbutik\",\"item\":\"https:\/\/shop.bjerring-sales.dk\/butik\/\"},{\"@type\":\"ListItem\",\"position\":3,\"name\":\"Arianne 80 st\u00e5bord\"}]},{\"@type\":\"WebSite\",\"@id\":\"https:\/\/shop.bjerring-sales.dk\/#website\",\"url\":\"https:\/\/shop.bjerring-sales.dk\/\",\"name\":\"Bjerring-Sales\",\"description\":\"M\u00f6bler f\u00f6r teatrar, skolor, kontor och k\u00f6pcentrum\",\"publisher\":{\"@id\":\"https:\/\/shop.bjerring-sales.dk\/#organization\"},\"potentialAction\":[{\"@type\":\"SearchAction\",\"target\":{\"@type\":\"EntryPoint\",\"urlTemplate\":\"https:\/\/shop.bjerring-sales.dk\/?s={search_term_string}\"},\"query-input\":{\"@type\":\"PropertyValueSpecification\",\"valueRequired\":true,\"valueName\":\"search_term_string\"}}],\"inLanguage\":\"da-DK\"},{\"@type\":\"Organization\",\"@id\":\"https:\/\/shop.bjerring-sales.dk\/#organization\",\"name\":\"Bjerring-Sales\",\"url\":\"https:\/\/shop.bjerring-sales.dk\/\",\"logo\":{\"@type\":\"ImageObject\",\"inLanguage\":\"da-DK\",\"@id\":\"https:\/\/shop.bjerring-sales.dk\/#\/schema\/logo\/image\/\",\"url\":\"https:\/\/shop.bjerring-sales.dk\/wp-content\/uploads\/2023\/01\/logo_sv.png\",\"contentUrl\":\"https:\/\/shop.bjerring-sales.dk\/wp-content\/uploads\/2023\/01\/logo_sv.png\",\"width\":195,\"height\":68,\"caption\":\"Bjerring-Sales\"},\"image\":{\"@id\":\"https:\/\/shop.bjerring-sales.dk\/#\/schema\/logo\/image\/\"}}]}<\/script>\n<!-- \/ Yoast SEO plugin. -->","yoast_head_json":{"title":"Arianne 80 st\u00e5bord - Bjerring-Sales","description":"Arianne 80 st\u00e5bord \u00e4r ett vitt f\u00e4llbart barbord ifr\u00e5n producenten Newstorm som ing\u00e5r i samma koncern som Zown.","robots":{"index":"index","follow":"follow","max-snippet":"max-snippet:-1","max-image-preview":"max-image-preview:large","max-video-preview":"max-video-preview:-1"},"canonical":"https:\/\/shop.bjerring-sales.dk\/da\/vare\/arianne-80-stabord\/","og_locale":"da_DK","og_type":"article","og_title":"Arianne 80 st\u00e5bord - Bjerring-Sales","og_description":"Arianne 80 st\u00e5bord \u00e4r ett vitt f\u00e4llbart barbord ifr\u00e5n producenten Newstorm som ing\u00e5r i samma koncern som Zown.","og_url":"https:\/\/shop.bjerring-sales.dk\/da\/vare\/arianne-80-stabord\/","og_site_name":"Bjerring-Sales","article_modified_time":"2026-03-29T16:54:02+00:00","og_image":[{"width":800,"height":800,"url":"https:\/\/shop.bjerring-sales.dk\/wp-content\/uploads\/2024\/10\/webb-nsstabord1.jpg","type":"image\/jpeg"}],"twitter_card":"summary_large_image","twitter_misc":{"Estimeret l\u00e6setid":"1 minut"},"schema":{"@context":"https:\/\/schema.org","@graph":[{"@type":"WebPage","@id":"https:\/\/shop.bjerring-sales.dk\/sv\/produkt\/arianne-80-stabord\/","url":"https:\/\/shop.bjerring-sales.dk\/sv\/produkt\/arianne-80-stabord\/","name":"Arianne 80 st\u00e5bord - Bjerring-Sales","isPartOf":{"@id":"https:\/\/shop.bjerring-sales.dk\/#website"},"primaryImageOfPage":{"@id":"https:\/\/shop.bjerring-sales.dk\/sv\/produkt\/arianne-80-stabord\/#primaryimage"},"image":{"@id":"https:\/\/shop.bjerring-sales.dk\/sv\/produkt\/arianne-80-stabord\/#primaryimage"},"thumbnailUrl":"https:\/\/shop.bjerring-sales.dk\/wp-content\/uploads\/2024\/10\/webb-nsstabord1.jpg","datePublished":"2018-02-11T02:21:03+00:00","dateModified":"2026-03-29T16:54:02+00:00","description":"Arianne 80 st\u00e5bord \u00e4r ett vitt f\u00e4llbart barbord ifr\u00e5n producenten Newstorm som ing\u00e5r i samma koncern som Zown.","breadcrumb":{"@id":"https:\/\/shop.bjerring-sales.dk\/sv\/produkt\/arianne-80-stabord\/#breadcrumb"},"inLanguage":"da-DK","potentialAction":[{"@type":"ReadAction","target":["https:\/\/shop.bjerring-sales.dk\/sv\/produkt\/arianne-80-stabord\/"]}]},{"@type":"ImageObject","inLanguage":"da-DK","@id":"https:\/\/shop.bjerring-sales.dk\/sv\/produkt\/arianne-80-stabord\/#primaryimage","url":"https:\/\/shop.bjerring-sales.dk\/wp-content\/uploads\/2024\/10\/webb-nsstabord1.jpg","contentUrl":"https:\/\/shop.bjerring-sales.dk\/wp-content\/uploads\/2024\/10\/webb-nsstabord1.jpg","width":800,"height":800},{"@type":"BreadcrumbList","@id":"https:\/\/shop.bjerring-sales.dk\/sv\/produkt\/arianne-80-stabord\/#breadcrumb","itemListElement":[{"@type":"ListItem","position":1,"name":"Hem","item":"https:\/\/shop.bjerring-sales.dk\/"},{"@type":"ListItem","position":2,"name":"Webbutik","item":"https:\/\/shop.bjerring-sales.dk\/butik\/"},{"@type":"ListItem","position":3,"name":"Arianne 80 st\u00e5bord"}]},{"@type":"WebSite","@id":"https:\/\/shop.bjerring-sales.dk\/#website","url":"https:\/\/shop.bjerring-sales.dk\/","name":"Bjerring-Salg","description":"M\u00f8bler til teatre, skoler, kontorer og indk\u00f8bscentre","publisher":{"@id":"https:\/\/shop.bjerring-sales.dk\/#organization"},"potentialAction":[{"@type":"SearchAction","target":{"@type":"EntryPoint","urlTemplate":"https:\/\/shop.bjerring-sales.dk\/?s={search_term_string}"},"query-input":{"@type":"PropertyValueSpecification","valueRequired":true,"valueName":"search_term_string"}}],"inLanguage":"da-DK"},{"@type":"Organization","@id":"https:\/\/shop.bjerring-sales.dk\/#organization","name":"Bjerring-Salg","url":"https:\/\/shop.bjerring-sales.dk\/","logo":{"@type":"ImageObject","inLanguage":"da-DK","@id":"https:\/\/shop.bjerring-sales.dk\/#\/schema\/logo\/image\/","url":"https:\/\/shop.bjerring-sales.dk\/wp-content\/uploads\/2023\/01\/logo_sv.png","contentUrl":"https:\/\/shop.bjerring-sales.dk\/wp-content\/uploads\/2023\/01\/logo_sv.png","width":195,"height":68,"caption":"Bjerring-Sales"},"image":{"@id":"https:\/\/shop.bjerring-sales.dk\/#\/schema\/logo\/image\/"}}]}},"_links":{"self":[{"href":"https:\/\/shop.bjerring-sales.dk\/da\/wp-json\/wp\/v2\/product\/62169","targetHints":{"allow":["GET"]}}],"collection":[{"href":"https:\/\/shop.bjerring-sales.dk\/da\/wp-json\/wp\/v2\/product"}],"about":[{"href":"https:\/\/shop.bjerring-sales.dk\/da\/wp-json\/wp\/v2\/types\/product"}],"wp:featuredmedia":[{"embeddable":true,"href":"https:\/\/shop.bjerring-sales.dk\/da\/wp-json\/wp\/v2\/media\/100012"}],"wp:attachment":[{"href":"https:\/\/shop.bjerring-sales.dk\/da\/wp-json\/wp\/v2\/media?parent=62169"}],"wp:term":[{"taxonomy":"product_brand","embeddable":true,"href":"https:\/\/shop.bjerring-sales.dk\/da\/wp-json\/wp\/v2\/product_brand?post=62169"},{"taxonomy":"product_cat","embeddable":true,"href":"https:\/\/shop.bjerring-sales.dk\/da\/wp-json\/wp\/v2\/product_cat?post=62169"},{"taxonomy":"product_tag","embeddable":true,"href":"https:\/\/shop.bjerring-sales.dk\/da\/wp-json\/wp\/v2\/product_tag?post=62169"}],"curies":[{"name":"wp","href":"https:\/\/api.w.org\/{rel}","templated":true}]}}