{"id":62138,"date":"2018-02-21T10:09:22","date_gmt":"2018-02-21T09:09:22","guid":{"rendered":"https:\/\/pule.se\/produkt\/rx002\/"},"modified":"2026-04-15T10:31:14","modified_gmt":"2026-04-15T08:31:14","slug":"rx002","status":"publish","type":"product","link":"https:\/\/shop.bjerring-sales.dk\/da\/vare\/rx002\/","title":{"rendered":"RX002"},"content":{"rendered":"<div class=\"wpb-content-wrapper\"><div class=\"vc_row wpb_row vc_row-fluid\"><div class=\"wpb_column vc_column_container vc_col-sm-12\"><div class=\"vc_column-inner\"><div class=\"wpb_wrapper\">\n\t<div class=\"wpb_text_column wpb_content_element\" >\n\t\t<div class=\"wpb_wrapper\">\n\t\t\t<p><span style=\"font-size: 24pt\">En behagelig og simpel stol<\/span><br \/>\nRX002 er en stabelbar stol der ikke vejer ret meget. Stolen er perfekt til messer, events, konferencer og undervisning, hvor der kr\u00e6ves en behagelig og simpel stol. Vi har koblingsbeslag i sortimentet, som du nemt s\u00e6tter p\u00e5 stolen for at kunne forbindes med flere stole.<\/p>\n<p>S\u00e6de og ryg er bekl\u00e6dt med sort stof, og stativet er et pulverlakeret r\u00f8rstel. Vi har matchende stolebetr\u00e6k til RX002, hvilket er v\u00e6rdsat til arrangementer\/fester. Vogn til RX002 f\u00e5s i serien, der rummer 25 stole.<\/p>\n<ul>\n<li>Stel i krom, sort, hvid og s\u00f8lv<\/li>\n<li>S\u00e6de i sort stof<\/li>\n<li>Man kan sidde p\u00e5 stolen i lang tid og den f\u00f8les stadig behaglig<\/li>\n<\/ul>\n\n\t\t<\/div>\n\t<\/div>\n<\/div><\/div><\/div><\/div><div class=\"vc_row wpb_row vc_row-fluid\"><div class=\"wpb_column vc_column_container vc_col-sm-12\"><div class=\"vc_column-inner\"><div class=\"wpb_wrapper\"><div class=\"vc_separator wpb_content_element vc_separator_align_center vc_sep_width_100 vc_sep_pos_align_center vc_separator_no_text vc_sep_color_grey\" ><span class=\"vc_sep_holder vc_sep_holder_l\"><span class=\"vc_sep_line\"><\/span><\/span><span class=\"vc_sep_holder vc_sep_holder_r\"><span class=\"vc_sep_line\"><\/span><\/span>\n<\/div><\/div><\/div><\/div><\/div><div class=\"vc_row wpb_row vc_row-fluid\"><div class=\"wpb_column vc_column_container vc_col-sm-6\"><div class=\"vc_column-inner\"><div class=\"wpb_wrapper\">\n\t<div class=\"wpb_text_column wpb_content_element\" >\n\t\t<div class=\"wpb_wrapper\">\n\t\t\t<p><span style=\"font-size: 18pt\">M\u00e5l p\u00e5 produkt H\/B\/D<br \/>\n<\/span>810x440x500 mm<\/p>\n<p>S\u00e6deh\u00f8jde: 450 mm<br \/>\nS\u00e6debredde: 355 mm<br \/>\nS\u00e6dedybde: 380 mm<\/p>\n<p><span style=\"font-size: 18pt\">Dimensioner af emballage<br \/>\n<\/span>945x530x635 mm (4-PAK)<\/p>\n<p><span style=\"font-size: 18pt\">Materiale<br \/>\n<\/span>Polstret ryg og s\u00e6de med polyesterstof, forkromet eller pulverlakeret r\u00f8rramme.<\/p>\n\n\t\t<\/div>\n\t<\/div>\n<\/div><\/div><\/div><div class=\"wpb_column vc_column_container vc_col-sm-6\"><div class=\"vc_column-inner\"><div class=\"wpb_wrapper\">\n\t<div class=\"wpb_text_column wpb_content_element\" >\n\t\t<div class=\"wpb_wrapper\">\n\t\t\t<p><span style=\"font-size: 18pt\">V\u00e6gt<br \/>\n<\/span>5,2 kg<\/p>\n<p><span style=\"font-size: 18pt\">tilbeh\u00f8r<br \/>\n<\/span>S\u00e6debetr\u00e6k, koblingsbeslag og en specialfremstillet vogn f\u00e5s til RX002 i sortimentet.<\/p>\n\n\t\t<\/div>\n\t<\/div>\n<\/div><\/div><\/div><\/div>\n<\/div>","protected":false},"excerpt":{"rendered":"<p>RX002 er en stabelbar stol der ikke vejer ret meget. Stolen er perfekt til messer, events, konferencer og undervisning, hvor der kr\u00e6ves en behagelig og simpel stol. Vi har koblingsbeslag i sortimentet, som du nemt s\u00e6tter p\u00e5 stolen for at kunne forbindes med flere stole.<\/p>","protected":false},"featured_media":98977,"template":"","meta":{"iawp_total_views":3},"product_brand":[],"product_cat":[5791,5825,5848],"product_tag":[5849,5850,5887,6043,6163,6164],"class_list":{"0":"post-62138","1":"product","2":"type-product","3":"status-publish","4":"has-post-thumbnail","6":"product_cat-stolar","7":"product_cat-stapelbara-stolar","8":"product_cat-kladda-stolar","9":"product_tag-konferensstol","10":"product_tag-stapelbar-stol","11":"product_tag-matsalsstol","12":"product_tag-tygkladd-stol","13":"product_tag-rx002-stolen","14":"product_tag-event-stol","16":"first","17":"instock","18":"taxable","19":"shipping-taxable","20":"purchasable","21":"product-type-variable"},"yoast_head":"<!-- This site is optimized with the Yoast SEO plugin v27.0 - https:\/\/yoast.com\/product\/yoast-seo-wordpress\/ -->\n<title>RX002 - Bjerring-Sales<\/title>\n<meta name=\"description\" content=\"RX002 \u00e4r en stapelbar stol med l\u00e5g vikt. Stolen passar perfekt till m\u00e4ssor, event, konferenser och utbildningar d\u00e4r det kr\u00e4vs en bekv\u00e4m och okomplicerad stol.\" \/>\n<meta name=\"robots\" content=\"index, follow, max-snippet:-1, max-image-preview:large, max-video-preview:-1\" \/>\n<link rel=\"canonical\" href=\"https:\/\/shop.bjerring-sales.dk\/da\/vare\/rx002\/\" \/>\n<meta property=\"og:locale\" content=\"da_DK\" \/>\n<meta property=\"og:type\" content=\"article\" \/>\n<meta property=\"og:title\" content=\"RX002 - Bjerring-Sales\" \/>\n<meta property=\"og:description\" content=\"RX002 \u00e4r en stapelbar stol med l\u00e5g vikt. Stolen passar perfekt till m\u00e4ssor, event, konferenser och utbildningar d\u00e4r det kr\u00e4vs en bekv\u00e4m och okomplicerad stol.\" \/>\n<meta property=\"og:url\" content=\"https:\/\/shop.bjerring-sales.dk\/da\/vare\/rx002\/\" \/>\n<meta property=\"og:site_name\" content=\"Bjerring-Sales\" \/>\n<meta property=\"article:modified_time\" content=\"2026-04-15T08:31:14+00:00\" \/>\n<meta property=\"og:image\" content=\"https:\/\/shop.bjerring-sales.dk\/wp-content\/uploads\/2024\/10\/webb-rx002krom.jpg\" \/>\n\t<meta property=\"og:image:width\" content=\"800\" \/>\n\t<meta property=\"og:image:height\" content=\"800\" \/>\n\t<meta property=\"og:image:type\" content=\"image\/jpeg\" \/>\n<meta name=\"twitter:card\" content=\"summary_large_image\" \/>\n<meta name=\"twitter:label1\" content=\"Estimeret l\u00e6setid\" \/>\n\t<meta name=\"twitter:data1\" content=\"1 minut\" \/>\n<script type=\"application\/ld+json\" class=\"yoast-schema-graph\">{\"@context\":\"https:\/\/schema.org\",\"@graph\":[{\"@type\":\"WebPage\",\"@id\":\"https:\/\/shop.bjerring-sales.dk\/sv\/produkt\/rx002\/\",\"url\":\"https:\/\/shop.bjerring-sales.dk\/sv\/produkt\/rx002\/\",\"name\":\"RX002 - Bjerring-Sales\",\"isPartOf\":{\"@id\":\"https:\/\/shop.bjerring-sales.dk\/#website\"},\"primaryImageOfPage\":{\"@id\":\"https:\/\/shop.bjerring-sales.dk\/sv\/produkt\/rx002\/#primaryimage\"},\"image\":{\"@id\":\"https:\/\/shop.bjerring-sales.dk\/sv\/produkt\/rx002\/#primaryimage\"},\"thumbnailUrl\":\"https:\/\/shop.bjerring-sales.dk\/wp-content\/uploads\/2024\/10\/webb-rx002krom.jpg\",\"datePublished\":\"2018-02-21T09:09:22+00:00\",\"dateModified\":\"2026-04-15T08:31:14+00:00\",\"description\":\"RX002 \u00e4r en stapelbar stol med l\u00e5g vikt. Stolen passar perfekt till m\u00e4ssor, event, konferenser och utbildningar d\u00e4r det kr\u00e4vs en bekv\u00e4m och okomplicerad stol.\",\"breadcrumb\":{\"@id\":\"https:\/\/shop.bjerring-sales.dk\/sv\/produkt\/rx002\/#breadcrumb\"},\"inLanguage\":\"da-DK\",\"potentialAction\":[{\"@type\":\"ReadAction\",\"target\":[\"https:\/\/shop.bjerring-sales.dk\/sv\/produkt\/rx002\/\"]}]},{\"@type\":\"ImageObject\",\"inLanguage\":\"da-DK\",\"@id\":\"https:\/\/shop.bjerring-sales.dk\/sv\/produkt\/rx002\/#primaryimage\",\"url\":\"https:\/\/shop.bjerring-sales.dk\/wp-content\/uploads\/2024\/10\/webb-rx002krom.jpg\",\"contentUrl\":\"https:\/\/shop.bjerring-sales.dk\/wp-content\/uploads\/2024\/10\/webb-rx002krom.jpg\",\"width\":800,\"height\":800},{\"@type\":\"BreadcrumbList\",\"@id\":\"https:\/\/shop.bjerring-sales.dk\/sv\/produkt\/rx002\/#breadcrumb\",\"itemListElement\":[{\"@type\":\"ListItem\",\"position\":1,\"name\":\"Hem\",\"item\":\"https:\/\/shop.bjerring-sales.dk\/\"},{\"@type\":\"ListItem\",\"position\":2,\"name\":\"Webbutik\",\"item\":\"https:\/\/shop.bjerring-sales.dk\/butik\/\"},{\"@type\":\"ListItem\",\"position\":3,\"name\":\"RX002\"}]},{\"@type\":\"WebSite\",\"@id\":\"https:\/\/shop.bjerring-sales.dk\/#website\",\"url\":\"https:\/\/shop.bjerring-sales.dk\/\",\"name\":\"Bjerring-Sales\",\"description\":\"M\u00f6bler f\u00f6r teatrar, skolor, kontor och k\u00f6pcentrum\",\"publisher\":{\"@id\":\"https:\/\/shop.bjerring-sales.dk\/#organization\"},\"potentialAction\":[{\"@type\":\"SearchAction\",\"target\":{\"@type\":\"EntryPoint\",\"urlTemplate\":\"https:\/\/shop.bjerring-sales.dk\/?s={search_term_string}\"},\"query-input\":{\"@type\":\"PropertyValueSpecification\",\"valueRequired\":true,\"valueName\":\"search_term_string\"}}],\"inLanguage\":\"da-DK\"},{\"@type\":\"Organization\",\"@id\":\"https:\/\/shop.bjerring-sales.dk\/#organization\",\"name\":\"Bjerring-Sales\",\"url\":\"https:\/\/shop.bjerring-sales.dk\/\",\"logo\":{\"@type\":\"ImageObject\",\"inLanguage\":\"da-DK\",\"@id\":\"https:\/\/shop.bjerring-sales.dk\/#\/schema\/logo\/image\/\",\"url\":\"https:\/\/shop.bjerring-sales.dk\/wp-content\/uploads\/2023\/01\/logo_sv.png\",\"contentUrl\":\"https:\/\/shop.bjerring-sales.dk\/wp-content\/uploads\/2023\/01\/logo_sv.png\",\"width\":195,\"height\":68,\"caption\":\"Bjerring-Sales\"},\"image\":{\"@id\":\"https:\/\/shop.bjerring-sales.dk\/#\/schema\/logo\/image\/\"}}]}<\/script>\n<!-- \/ Yoast SEO plugin. -->","yoast_head_json":{"title":"RX002 - Bjerring-Sales","description":"RX002 \u00e4r en stapelbar stol med l\u00e5g vikt. Stolen passar perfekt till m\u00e4ssor, event, konferenser och utbildningar d\u00e4r det kr\u00e4vs en bekv\u00e4m och okomplicerad stol.","robots":{"index":"index","follow":"follow","max-snippet":"max-snippet:-1","max-image-preview":"max-image-preview:large","max-video-preview":"max-video-preview:-1"},"canonical":"https:\/\/shop.bjerring-sales.dk\/da\/vare\/rx002\/","og_locale":"da_DK","og_type":"article","og_title":"RX002 - Bjerring-Sales","og_description":"RX002 \u00e4r en stapelbar stol med l\u00e5g vikt. Stolen passar perfekt till m\u00e4ssor, event, konferenser och utbildningar d\u00e4r det kr\u00e4vs en bekv\u00e4m och okomplicerad stol.","og_url":"https:\/\/shop.bjerring-sales.dk\/da\/vare\/rx002\/","og_site_name":"Bjerring-Sales","article_modified_time":"2026-04-15T08:31:14+00:00","og_image":[{"width":800,"height":800,"url":"https:\/\/shop.bjerring-sales.dk\/wp-content\/uploads\/2024\/10\/webb-rx002krom.jpg","type":"image\/jpeg"}],"twitter_card":"summary_large_image","twitter_misc":{"Estimeret l\u00e6setid":"1 minut"},"schema":{"@context":"https:\/\/schema.org","@graph":[{"@type":"WebPage","@id":"https:\/\/shop.bjerring-sales.dk\/sv\/produkt\/rx002\/","url":"https:\/\/shop.bjerring-sales.dk\/sv\/produkt\/rx002\/","name":"RX002 - Bjerring-Sales","isPartOf":{"@id":"https:\/\/shop.bjerring-sales.dk\/#website"},"primaryImageOfPage":{"@id":"https:\/\/shop.bjerring-sales.dk\/sv\/produkt\/rx002\/#primaryimage"},"image":{"@id":"https:\/\/shop.bjerring-sales.dk\/sv\/produkt\/rx002\/#primaryimage"},"thumbnailUrl":"https:\/\/shop.bjerring-sales.dk\/wp-content\/uploads\/2024\/10\/webb-rx002krom.jpg","datePublished":"2018-02-21T09:09:22+00:00","dateModified":"2026-04-15T08:31:14+00:00","description":"RX002 \u00e4r en stapelbar stol med l\u00e5g vikt. Stolen passar perfekt till m\u00e4ssor, event, konferenser och utbildningar d\u00e4r det kr\u00e4vs en bekv\u00e4m och okomplicerad stol.","breadcrumb":{"@id":"https:\/\/shop.bjerring-sales.dk\/sv\/produkt\/rx002\/#breadcrumb"},"inLanguage":"da-DK","potentialAction":[{"@type":"ReadAction","target":["https:\/\/shop.bjerring-sales.dk\/sv\/produkt\/rx002\/"]}]},{"@type":"ImageObject","inLanguage":"da-DK","@id":"https:\/\/shop.bjerring-sales.dk\/sv\/produkt\/rx002\/#primaryimage","url":"https:\/\/shop.bjerring-sales.dk\/wp-content\/uploads\/2024\/10\/webb-rx002krom.jpg","contentUrl":"https:\/\/shop.bjerring-sales.dk\/wp-content\/uploads\/2024\/10\/webb-rx002krom.jpg","width":800,"height":800},{"@type":"BreadcrumbList","@id":"https:\/\/shop.bjerring-sales.dk\/sv\/produkt\/rx002\/#breadcrumb","itemListElement":[{"@type":"ListItem","position":1,"name":"Hem","item":"https:\/\/shop.bjerring-sales.dk\/"},{"@type":"ListItem","position":2,"name":"Webbutik","item":"https:\/\/shop.bjerring-sales.dk\/butik\/"},{"@type":"ListItem","position":3,"name":"RX002"}]},{"@type":"WebSite","@id":"https:\/\/shop.bjerring-sales.dk\/#website","url":"https:\/\/shop.bjerring-sales.dk\/","name":"Bjerring-Salg","description":"M\u00f8bler til teatre, skoler, kontorer og indk\u00f8bscentre","publisher":{"@id":"https:\/\/shop.bjerring-sales.dk\/#organization"},"potentialAction":[{"@type":"SearchAction","target":{"@type":"EntryPoint","urlTemplate":"https:\/\/shop.bjerring-sales.dk\/?s={search_term_string}"},"query-input":{"@type":"PropertyValueSpecification","valueRequired":true,"valueName":"search_term_string"}}],"inLanguage":"da-DK"},{"@type":"Organization","@id":"https:\/\/shop.bjerring-sales.dk\/#organization","name":"Bjerring-Salg","url":"https:\/\/shop.bjerring-sales.dk\/","logo":{"@type":"ImageObject","inLanguage":"da-DK","@id":"https:\/\/shop.bjerring-sales.dk\/#\/schema\/logo\/image\/","url":"https:\/\/shop.bjerring-sales.dk\/wp-content\/uploads\/2023\/01\/logo_sv.png","contentUrl":"https:\/\/shop.bjerring-sales.dk\/wp-content\/uploads\/2023\/01\/logo_sv.png","width":195,"height":68,"caption":"Bjerring-Sales"},"image":{"@id":"https:\/\/shop.bjerring-sales.dk\/#\/schema\/logo\/image\/"}}]}},"_links":{"self":[{"href":"https:\/\/shop.bjerring-sales.dk\/da\/wp-json\/wp\/v2\/product\/62138","targetHints":{"allow":["GET"]}}],"collection":[{"href":"https:\/\/shop.bjerring-sales.dk\/da\/wp-json\/wp\/v2\/product"}],"about":[{"href":"https:\/\/shop.bjerring-sales.dk\/da\/wp-json\/wp\/v2\/types\/product"}],"wp:featuredmedia":[{"embeddable":true,"href":"https:\/\/shop.bjerring-sales.dk\/da\/wp-json\/wp\/v2\/media\/98977"}],"wp:attachment":[{"href":"https:\/\/shop.bjerring-sales.dk\/da\/wp-json\/wp\/v2\/media?parent=62138"}],"wp:term":[{"taxonomy":"product_brand","embeddable":true,"href":"https:\/\/shop.bjerring-sales.dk\/da\/wp-json\/wp\/v2\/product_brand?post=62138"},{"taxonomy":"product_cat","embeddable":true,"href":"https:\/\/shop.bjerring-sales.dk\/da\/wp-json\/wp\/v2\/product_cat?post=62138"},{"taxonomy":"product_tag","embeddable":true,"href":"https:\/\/shop.bjerring-sales.dk\/da\/wp-json\/wp\/v2\/product_tag?post=62138"}],"curies":[{"name":"wp","href":"https:\/\/api.w.org\/{rel}","templated":true}]}}