{"id":62118,"date":"2018-02-21T11:32:45","date_gmt":"2018-02-21T10:32:45","guid":{"rendered":"https:\/\/pule.se\/produkt\/kladvagn-z\/"},"modified":"2026-02-19T10:48:11","modified_gmt":"2026-02-19T09:48:11","slug":"kladvagn-z","status":"publish","type":"product","link":"https:\/\/shop.bjerring-sales.dk\/da\/vare\/kladvagn-z\/","title":{"rendered":"Garderobestativ Z"},"content":{"rendered":"<p>Garderobestativet er fritst\u00e5ende og fleksible til flytbare b\u00f8jler. Perfekt som garderobestativ eller ekstra t\u00f8jstativ til diverse arrangementer, i festlokaler, restauranter, messer, konferencer<\/p>\n<ul>\n<li>Rustfrit st\u00e5l<\/li>\n<li>L\u00e5sbare hjul<\/li>\n<li>M\u00e5l 124 x 59 x 171 cm<\/li>\n<\/ul>","protected":false},"excerpt":{"rendered":"<p>Garderobestativet er fritst\u00e5ende og fleksible til flytbare b\u00f8jler. Perfekt som garderobestativ eller ekstra t\u00f8jstativ til diverse arrangementer, i festlokaler, restauranter, messer, konferencer<\/p>","protected":false},"featured_media":100352,"template":"","meta":{"iawp_total_views":2},"product_brand":[],"product_cat":[5929,5878],"product_tag":[6161,6162],"class_list":{"0":"post-62118","1":"product","2":"type-product","3":"status-publish","4":"has-post-thumbnail","6":"product_cat-kladvagnar","7":"product_cat-vagnar","8":"product_tag-kladvagn","9":"product_tag-flyttbar-kladhangare","11":"first","12":"instock","13":"taxable","14":"shipping-taxable","15":"purchasable","16":"product-type-simple"},"yoast_head":"<!-- This site is optimized with the Yoast SEO plugin v27.0 - https:\/\/yoast.com\/product\/yoast-seo-wordpress\/ -->\n<title>Kl\u00e4dvagn Z - Bjerring-Sales<\/title>\n<meta name=\"description\" content=\"Kl\u00e4dvagn \u00e4r en frist\u00e5ende och smidig flyttbar kl\u00e4dh\u00e4ngare. Passar utm\u00e4rkt som kl\u00e4dh\u00e4ngare eller extra kl\u00e4dh\u00e4ngare till olika event, i festlokaler, restauranger och konferenser.\" \/>\n<meta name=\"robots\" content=\"index, follow, max-snippet:-1, max-image-preview:large, max-video-preview:-1\" \/>\n<link rel=\"canonical\" href=\"https:\/\/shop.bjerring-sales.dk\/da\/vare\/kladvagn-z\/\" \/>\n<meta property=\"og:locale\" content=\"da_DK\" \/>\n<meta property=\"og:type\" content=\"article\" \/>\n<meta property=\"og:title\" content=\"Kl\u00e4dvagn Z - Bjerring-Sales\" \/>\n<meta property=\"og:description\" content=\"Kl\u00e4dvagn \u00e4r en frist\u00e5ende och smidig flyttbar kl\u00e4dh\u00e4ngare. Passar utm\u00e4rkt som kl\u00e4dh\u00e4ngare eller extra kl\u00e4dh\u00e4ngare till olika event, i festlokaler, restauranger och konferenser.\" \/>\n<meta property=\"og:url\" content=\"https:\/\/shop.bjerring-sales.dk\/da\/vare\/kladvagn-z\/\" \/>\n<meta property=\"og:site_name\" content=\"Bjerring-Sales\" \/>\n<meta property=\"article:modified_time\" content=\"2026-02-19T09:48:11+00:00\" \/>\n<meta property=\"og:image\" content=\"https:\/\/shop.bjerring-sales.dk\/wp-content\/uploads\/2025\/01\/webb-kladvagnz.jpg\" \/>\n\t<meta property=\"og:image:width\" content=\"800\" \/>\n\t<meta property=\"og:image:height\" content=\"800\" \/>\n\t<meta property=\"og:image:type\" content=\"image\/jpeg\" \/>\n<meta name=\"twitter:card\" content=\"summary_large_image\" \/>\n<script type=\"application\/ld+json\" class=\"yoast-schema-graph\">{\"@context\":\"https:\/\/schema.org\",\"@graph\":[{\"@type\":\"WebPage\",\"@id\":\"https:\/\/shop.bjerring-sales.dk\/sv\/produkt\/kladvagn-z\/\",\"url\":\"https:\/\/shop.bjerring-sales.dk\/sv\/produkt\/kladvagn-z\/\",\"name\":\"Kl\u00e4dvagn Z - Bjerring-Sales\",\"isPartOf\":{\"@id\":\"https:\/\/shop.bjerring-sales.dk\/#website\"},\"primaryImageOfPage\":{\"@id\":\"https:\/\/shop.bjerring-sales.dk\/sv\/produkt\/kladvagn-z\/#primaryimage\"},\"image\":{\"@id\":\"https:\/\/shop.bjerring-sales.dk\/sv\/produkt\/kladvagn-z\/#primaryimage\"},\"thumbnailUrl\":\"https:\/\/shop.bjerring-sales.dk\/wp-content\/uploads\/2025\/01\/webb-kladvagnz.jpg\",\"datePublished\":\"2018-02-21T10:32:45+00:00\",\"dateModified\":\"2026-02-19T09:48:11+00:00\",\"description\":\"Kl\u00e4dvagn \u00e4r en frist\u00e5ende och smidig flyttbar kl\u00e4dh\u00e4ngare. Passar utm\u00e4rkt som kl\u00e4dh\u00e4ngare eller extra kl\u00e4dh\u00e4ngare till olika event, i festlokaler, restauranger och konferenser.\",\"breadcrumb\":{\"@id\":\"https:\/\/shop.bjerring-sales.dk\/sv\/produkt\/kladvagn-z\/#breadcrumb\"},\"inLanguage\":\"da-DK\",\"potentialAction\":[{\"@type\":\"ReadAction\",\"target\":[\"https:\/\/shop.bjerring-sales.dk\/sv\/produkt\/kladvagn-z\/\"]}]},{\"@type\":\"ImageObject\",\"inLanguage\":\"da-DK\",\"@id\":\"https:\/\/shop.bjerring-sales.dk\/sv\/produkt\/kladvagn-z\/#primaryimage\",\"url\":\"https:\/\/shop.bjerring-sales.dk\/wp-content\/uploads\/2025\/01\/webb-kladvagnz.jpg\",\"contentUrl\":\"https:\/\/shop.bjerring-sales.dk\/wp-content\/uploads\/2025\/01\/webb-kladvagnz.jpg\",\"width\":800,\"height\":800},{\"@type\":\"BreadcrumbList\",\"@id\":\"https:\/\/shop.bjerring-sales.dk\/sv\/produkt\/kladvagn-z\/#breadcrumb\",\"itemListElement\":[{\"@type\":\"ListItem\",\"position\":1,\"name\":\"Hem\",\"item\":\"https:\/\/shop.bjerring-sales.dk\/\"},{\"@type\":\"ListItem\",\"position\":2,\"name\":\"Webbutik\",\"item\":\"https:\/\/shop.bjerring-sales.dk\/butik\/\"},{\"@type\":\"ListItem\",\"position\":3,\"name\":\"Kl\u00e4dvagn Z\"}]},{\"@type\":\"WebSite\",\"@id\":\"https:\/\/shop.bjerring-sales.dk\/#website\",\"url\":\"https:\/\/shop.bjerring-sales.dk\/\",\"name\":\"Bjerring-Sales\",\"description\":\"M\u00f6bler f\u00f6r teatrar, skolor, kontor och k\u00f6pcentrum\",\"publisher\":{\"@id\":\"https:\/\/shop.bjerring-sales.dk\/#organization\"},\"potentialAction\":[{\"@type\":\"SearchAction\",\"target\":{\"@type\":\"EntryPoint\",\"urlTemplate\":\"https:\/\/shop.bjerring-sales.dk\/?s={search_term_string}\"},\"query-input\":{\"@type\":\"PropertyValueSpecification\",\"valueRequired\":true,\"valueName\":\"search_term_string\"}}],\"inLanguage\":\"da-DK\"},{\"@type\":\"Organization\",\"@id\":\"https:\/\/shop.bjerring-sales.dk\/#organization\",\"name\":\"Bjerring-Sales\",\"url\":\"https:\/\/shop.bjerring-sales.dk\/\",\"logo\":{\"@type\":\"ImageObject\",\"inLanguage\":\"da-DK\",\"@id\":\"https:\/\/shop.bjerring-sales.dk\/#\/schema\/logo\/image\/\",\"url\":\"https:\/\/shop.bjerring-sales.dk\/wp-content\/uploads\/2023\/01\/logo_sv.png\",\"contentUrl\":\"https:\/\/shop.bjerring-sales.dk\/wp-content\/uploads\/2023\/01\/logo_sv.png\",\"width\":195,\"height\":68,\"caption\":\"Bjerring-Sales\"},\"image\":{\"@id\":\"https:\/\/shop.bjerring-sales.dk\/#\/schema\/logo\/image\/\"}}]}<\/script>\n<!-- \/ Yoast SEO plugin. -->","yoast_head_json":{"title":"Kl\u00e4dvagn Z - Bjerring-Sales","description":"Garderobestativet er fritst\u00e5ende og fleksible til flytbare b\u00f8jler. Perfekt som garderobestativ eller ekstra t\u00f8jstativ til diverse arrangementer, i festlokaler, restauranter, messer, konferencer","robots":{"index":"index","follow":"follow","max-snippet":"max-snippet:-1","max-image-preview":"max-image-preview:large","max-video-preview":"max-video-preview:-1"},"canonical":"https:\/\/shop.bjerring-sales.dk\/da\/vare\/kladvagn-z\/","og_locale":"da_DK","og_type":"article","og_title":"Kl\u00e4dvagn Z - Bjerring-Sales","og_description":"Kl\u00e4dvagn \u00e4r en frist\u00e5ende och smidig flyttbar kl\u00e4dh\u00e4ngare. Passar utm\u00e4rkt som kl\u00e4dh\u00e4ngare eller extra kl\u00e4dh\u00e4ngare till olika event, i festlokaler, restauranger och konferenser.","og_url":"https:\/\/shop.bjerring-sales.dk\/da\/vare\/kladvagn-z\/","og_site_name":"Bjerring-Sales","article_modified_time":"2026-02-19T09:48:11+00:00","og_image":[{"width":800,"height":800,"url":"https:\/\/shop.bjerring-sales.dk\/wp-content\/uploads\/2025\/01\/webb-kladvagnz.jpg","type":"image\/jpeg"}],"twitter_card":"summary_large_image","schema":{"@context":"https:\/\/schema.org","@graph":[{"@type":"WebPage","@id":"https:\/\/shop.bjerring-sales.dk\/sv\/produkt\/kladvagn-z\/","url":"https:\/\/shop.bjerring-sales.dk\/sv\/produkt\/kladvagn-z\/","name":"Kl\u00e4dvagn Z - Bjerring-Sales","isPartOf":{"@id":"https:\/\/shop.bjerring-sales.dk\/#website"},"primaryImageOfPage":{"@id":"https:\/\/shop.bjerring-sales.dk\/sv\/produkt\/kladvagn-z\/#primaryimage"},"image":{"@id":"https:\/\/shop.bjerring-sales.dk\/sv\/produkt\/kladvagn-z\/#primaryimage"},"thumbnailUrl":"https:\/\/shop.bjerring-sales.dk\/wp-content\/uploads\/2025\/01\/webb-kladvagnz.jpg","datePublished":"2018-02-21T10:32:45+00:00","dateModified":"2026-02-19T09:48:11+00:00","description":"Garderobestativet er fritst\u00e5ende og fleksible til flytbare b\u00f8jler. Perfekt som garderobestativ eller ekstra t\u00f8jstativ til diverse arrangementer, i festlokaler, restauranter, messer, konferencer","breadcrumb":{"@id":"https:\/\/shop.bjerring-sales.dk\/sv\/produkt\/kladvagn-z\/#breadcrumb"},"inLanguage":"da-DK","potentialAction":[{"@type":"ReadAction","target":["https:\/\/shop.bjerring-sales.dk\/sv\/produkt\/kladvagn-z\/"]}]},{"@type":"ImageObject","inLanguage":"da-DK","@id":"https:\/\/shop.bjerring-sales.dk\/sv\/produkt\/kladvagn-z\/#primaryimage","url":"https:\/\/shop.bjerring-sales.dk\/wp-content\/uploads\/2025\/01\/webb-kladvagnz.jpg","contentUrl":"https:\/\/shop.bjerring-sales.dk\/wp-content\/uploads\/2025\/01\/webb-kladvagnz.jpg","width":800,"height":800},{"@type":"BreadcrumbList","@id":"https:\/\/shop.bjerring-sales.dk\/sv\/produkt\/kladvagn-z\/#breadcrumb","itemListElement":[{"@type":"ListItem","position":1,"name":"Hem","item":"https:\/\/shop.bjerring-sales.dk\/"},{"@type":"ListItem","position":2,"name":"Webbutik","item":"https:\/\/shop.bjerring-sales.dk\/butik\/"},{"@type":"ListItem","position":3,"name":"Kl\u00e4dvagn Z"}]},{"@type":"WebSite","@id":"https:\/\/shop.bjerring-sales.dk\/#website","url":"https:\/\/shop.bjerring-sales.dk\/","name":"Bjerring-Salg","description":"M\u00f8bler til teatre, skoler, kontorer og indk\u00f8bscentre","publisher":{"@id":"https:\/\/shop.bjerring-sales.dk\/#organization"},"potentialAction":[{"@type":"SearchAction","target":{"@type":"EntryPoint","urlTemplate":"https:\/\/shop.bjerring-sales.dk\/?s={search_term_string}"},"query-input":{"@type":"PropertyValueSpecification","valueRequired":true,"valueName":"search_term_string"}}],"inLanguage":"da-DK"},{"@type":"Organization","@id":"https:\/\/shop.bjerring-sales.dk\/#organization","name":"Bjerring-Salg","url":"https:\/\/shop.bjerring-sales.dk\/","logo":{"@type":"ImageObject","inLanguage":"da-DK","@id":"https:\/\/shop.bjerring-sales.dk\/#\/schema\/logo\/image\/","url":"https:\/\/shop.bjerring-sales.dk\/wp-content\/uploads\/2023\/01\/logo_sv.png","contentUrl":"https:\/\/shop.bjerring-sales.dk\/wp-content\/uploads\/2023\/01\/logo_sv.png","width":195,"height":68,"caption":"Bjerring-Sales"},"image":{"@id":"https:\/\/shop.bjerring-sales.dk\/#\/schema\/logo\/image\/"}}]}},"_links":{"self":[{"href":"https:\/\/shop.bjerring-sales.dk\/da\/wp-json\/wp\/v2\/product\/62118","targetHints":{"allow":["GET"]}}],"collection":[{"href":"https:\/\/shop.bjerring-sales.dk\/da\/wp-json\/wp\/v2\/product"}],"about":[{"href":"https:\/\/shop.bjerring-sales.dk\/da\/wp-json\/wp\/v2\/types\/product"}],"wp:featuredmedia":[{"embeddable":true,"href":"https:\/\/shop.bjerring-sales.dk\/da\/wp-json\/wp\/v2\/media\/100352"}],"wp:attachment":[{"href":"https:\/\/shop.bjerring-sales.dk\/da\/wp-json\/wp\/v2\/media?parent=62118"}],"wp:term":[{"taxonomy":"product_brand","embeddable":true,"href":"https:\/\/shop.bjerring-sales.dk\/da\/wp-json\/wp\/v2\/product_brand?post=62118"},{"taxonomy":"product_cat","embeddable":true,"href":"https:\/\/shop.bjerring-sales.dk\/da\/wp-json\/wp\/v2\/product_cat?post=62118"},{"taxonomy":"product_tag","embeddable":true,"href":"https:\/\/shop.bjerring-sales.dk\/da\/wp-json\/wp\/v2\/product_tag?post=62118"}],"curies":[{"name":"wp","href":"https:\/\/api.w.org\/{rel}","templated":true}]}}